{"id":9556,"date":"2023-03-11T17:22:16","date_gmt":"2023-03-11T17:22:16","guid":{"rendered":"https:\/\/stelfia.com\/?post_type=product&#038;p=9556"},"modified":"2024-02-15T10:28:52","modified_gmt":"2024-02-15T10:28:52","slug":"dualtron-city-25ah","status":"publish","type":"product","link":"https:\/\/stelfia.com\/en\/shop\/vehicules\/trottinette\/dualtron-city-25ah\/","title":{"rendered":"Dualtron City 25Ah"},"content":{"rendered":"<p>Battery: Lithium-Ion 60V, 25Ah, brand LG-21700<\/p>\n<p>Motor: Brushless 2x 2000 W<\/p>\n<p>Max speed: 25 km\/h (possibility of unblocking, max 70 km\/h)<\/p>\n<p>Autonomy: Approx. 110km<\/p>\n<p>Wheels: 15\u2033, inflatable, front and rear, with inner tube<\/p>\n<p>Brake: Front and rear (hydraulic) discs<\/p>\n<p>Charging time: Approx. 10 a.m.<\/p>\n<p>Weight: 41 kg<\/p>\n<p>Max load: 120 kg<\/p>\n<p>Slopes: Up to 35\u00b0<\/p>\n<p>Waterproofing: IP54<\/p>\n<p>Dimensions: 1570 x 615 x 1310 mm<\/p>\n<p>Folded dimensions: 1570 x 256 x 750 mm<\/p>\n<p>Equipment: Removable battery, ARR indicators,<\/p>\n<p>Condition: New<\/p>\n<p>Warranty: 2 years (one year on the battery)<\/p>\n<p>&nbsp;<\/p>\n<p><img decoding=\"async\" class=\"alignnone wp-image-9512\" src=\"https:\/\/stelfia.com\/wp-content\/uploads\/2023\/03\/Capture-decran-2023-02-07-155841-400x121.jpg\" alt=\"\" width=\"297\" height=\"90\" srcset=\"https:\/\/stelfia.com\/wp-content\/uploads\/2023\/03\/Capture-decran-2023-02-07-155841-400x121.jpg 400w, https:\/\/stelfia.com\/wp-content\/uploads\/2023\/03\/Capture-decran-2023-02-07-155841-430x130.jpg 430w, https:\/\/stelfia.com\/wp-content\/uploads\/2023\/03\/Capture-decran-2023-02-07-155841-150x45.jpg 150w, https:\/\/stelfia.com\/wp-content\/uploads\/2023\/03\/Capture-decran-2023-02-07-155841-700x212.jpg 700w, https:\/\/stelfia.com\/wp-content\/uploads\/2023\/03\/Capture-decran-2023-02-07-155841-768x232.jpg 768w, https:\/\/stelfia.com\/wp-content\/uploads\/2023\/03\/Capture-decran-2023-02-07-155841-860x260.jpg 860w, https:\/\/stelfia.com\/wp-content\/uploads\/2023\/03\/Capture-decran-2023-02-07-155841.jpg 1114w\" sizes=\"(max-width: 297px) 100vw, 297px\" \/><\/p>\n<p>Not approved on Swiss roads<\/p>","protected":false},"excerpt":{"rendered":"<p>What if you think a scooter is good, but still the wheels are too small? So here is the solution for you with the renowned Dualtron City and its large 15&#039;&#039; wheels, from now on, you will love riding a scooter...<\/p>\n<p>The battery can be removed very quickly for simplified charging at home or at work.<\/p>","protected":false},"featured_media":9987,"template":"","meta":{"_uf_show_specific_survey":0,"_uf_disable_surveys":false},"product_brand":[],"product_cat":[114],"product_tag":[215,214,216],"permis--de-conduire":[],"vitesse":[],"brands":[85],"accessoires":[],"pieces-detachees":[],"trottinette-electrique":[109],"velo":[],"class_list":{"0":"post-9556","1":"product","2":"type-product","3":"status-publish","4":"has-post-thumbnail","6":"product_cat-trottinette","7":"product_tag-city","8":"product_tag-dualtron","9":"product_tag-dualtron-city","10":"brands-dualtron","11":"trottinette-electrique-neuves","12":"tm-has-options","14":"first","15":"outofstock","16":"sale","17":"taxable","18":"shipping-taxable","19":"purchasable","20":"product-type-simple"},"yoast_head":"<!-- This site is optimized with the Yoast SEO plugin v25.8 - https:\/\/yoast.com\/wordpress\/plugins\/seo\/ -->\n<title>Dualtron City 25Ah - Trottinette \u00e9lectrique<\/title>\n<meta name=\"robots\" content=\"index, follow, max-snippet:-1, max-image-preview:large, max-video-preview:-1\" \/>\n<link rel=\"canonical\" href=\"https:\/\/stelfia.com\/en\/shop\/vehicules\/trottinette\/dualtron-city-25ah\/\" \/>\n<meta property=\"og:locale\" content=\"en_US\" \/>\n<meta property=\"og:type\" content=\"article\" \/>\n<meta property=\"og:title\" content=\"Dualtron City 25Ah - Trottinette \u00e9lectrique\" \/>\n<meta property=\"og:description\" content=\"Et si vous pensez qu\u2019une trott c\u2019est bien, mais toujours des roues trop petites\u00a0? Alors voici la solution pour vous\u00a0avec la renomm\u00e9e Dualtron City et ses grandes roues en 15\u2019\u2019, dor\u00e9navant, vous allez adorez rouler en trottinette \u2026  La batterie se retire tr\u00e8s rapidement pour une recharge simplifi\u00e9e \u00e0 la maison ou sur son lieu de travail.\" \/>\n<meta property=\"og:url\" content=\"https:\/\/stelfia.com\/en\/shop\/vehicules\/trottinette\/dualtron-city-25ah\/\" \/>\n<meta property=\"og:site_name\" content=\"Trottinette \u00e9lectrique\" \/>\n<meta property=\"article:modified_time\" content=\"2024-02-15T10:28:52+00:00\" \/>\n<meta property=\"og:image\" content=\"https:\/\/stelfia.com\/wp-content\/uploads\/2023\/03\/Sans-titre-Publication-Instagram-Carre-8.jpg\" \/>\n\t<meta property=\"og:image:width\" content=\"1080\" \/>\n\t<meta property=\"og:image:height\" content=\"1080\" \/>\n\t<meta property=\"og:image:type\" content=\"image\/jpeg\" \/>\n<meta name=\"twitter:card\" content=\"summary_large_image\" \/>\n<meta name=\"twitter:label1\" content=\"Est. reading time\" \/>\n\t<meta name=\"twitter:data1\" content=\"1 minute\" \/>\n<script type=\"application\/ld+json\" class=\"yoast-schema-graph\">{\"@context\":\"https:\/\/schema.org\",\"@graph\":[{\"@type\":\"WebPage\",\"@id\":\"https:\/\/stelfia.com\/shop\/vehicules\/trottinette\/dualtron-city-25ah\/\",\"url\":\"https:\/\/stelfia.com\/shop\/vehicules\/trottinette\/dualtron-city-25ah\/\",\"name\":\"Dualtron City 25Ah - Trottinette \u00e9lectrique\",\"isPartOf\":{\"@id\":\"https:\/\/stelfia.com\/#website\"},\"primaryImageOfPage\":{\"@id\":\"https:\/\/stelfia.com\/shop\/vehicules\/trottinette\/dualtron-city-25ah\/#primaryimage\"},\"image\":{\"@id\":\"https:\/\/stelfia.com\/shop\/vehicules\/trottinette\/dualtron-city-25ah\/#primaryimage\"},\"thumbnailUrl\":\"https:\/\/stelfia.com\/wp-content\/uploads\/2023\/03\/Sans-titre-Publication-Instagram-Carre-8.jpg\",\"datePublished\":\"2023-03-11T17:22:16+00:00\",\"dateModified\":\"2024-02-15T10:28:52+00:00\",\"breadcrumb\":{\"@id\":\"https:\/\/stelfia.com\/shop\/vehicules\/trottinette\/dualtron-city-25ah\/#breadcrumb\"},\"inLanguage\":\"en-US\",\"potentialAction\":[{\"@type\":\"ReadAction\",\"target\":[\"https:\/\/stelfia.com\/shop\/vehicules\/trottinette\/dualtron-city-25ah\/\"]}]},{\"@type\":\"ImageObject\",\"inLanguage\":\"en-US\",\"@id\":\"https:\/\/stelfia.com\/shop\/vehicules\/trottinette\/dualtron-city-25ah\/#primaryimage\",\"url\":\"https:\/\/stelfia.com\/wp-content\/uploads\/2023\/03\/Sans-titre-Publication-Instagram-Carre-8.jpg\",\"contentUrl\":\"https:\/\/stelfia.com\/wp-content\/uploads\/2023\/03\/Sans-titre-Publication-Instagram-Carre-8.jpg\",\"width\":1080,\"height\":1080},{\"@type\":\"BreadcrumbList\",\"@id\":\"https:\/\/stelfia.com\/shop\/vehicules\/trottinette\/dualtron-city-25ah\/#breadcrumb\",\"itemListElement\":[{\"@type\":\"ListItem\",\"position\":1,\"name\":\"Accueil\",\"item\":\"https:\/\/stelfia.com\/\"},{\"@type\":\"ListItem\",\"position\":2,\"name\":\"Shop\",\"item\":\"https:\/\/stelfia.com\/shop\/\"},{\"@type\":\"ListItem\",\"position\":3,\"name\":\"Dualtron City 25Ah\"}]},{\"@type\":\"WebSite\",\"@id\":\"https:\/\/stelfia.com\/#website\",\"url\":\"https:\/\/stelfia.com\/\",\"name\":\"Trottinette \u00e9lectrique\",\"description\":\"Trottinette \u00e9lectrique en Suisse romande\",\"publisher\":{\"@id\":\"https:\/\/stelfia.com\/#organization\"},\"potentialAction\":[{\"@type\":\"SearchAction\",\"target\":{\"@type\":\"EntryPoint\",\"urlTemplate\":\"https:\/\/stelfia.com\/?s={search_term_string}\"},\"query-input\":{\"@type\":\"PropertyValueSpecification\",\"valueRequired\":true,\"valueName\":\"search_term_string\"}}],\"inLanguage\":\"en-US\"},{\"@type\":\"Organization\",\"@id\":\"https:\/\/stelfia.com\/#organization\",\"name\":\"Trottinette \u00e9lectrique lausanne\",\"url\":\"https:\/\/stelfia.com\/\",\"logo\":{\"@type\":\"ImageObject\",\"inLanguage\":\"en-US\",\"@id\":\"https:\/\/stelfia.com\/#\/schema\/logo\/image\/\",\"url\":\"https:\/\/stelfia.com\/wp-content\/uploads\/2023\/02\/logonew-removebg-preview.png\",\"contentUrl\":\"https:\/\/stelfia.com\/wp-content\/uploads\/2023\/02\/logonew-removebg-preview.png\",\"width\":238,\"height\":100,\"caption\":\"Trottinette \u00e9lectrique lausanne\"},\"image\":{\"@id\":\"https:\/\/stelfia.com\/#\/schema\/logo\/image\/\"}}]}<\/script>\n<!-- \/ Yoast SEO plugin. -->","yoast_head_json":{"title":"Dualtron City 25Ah - Trottinette \u00e9lectrique","robots":{"index":"index","follow":"follow","max-snippet":"max-snippet:-1","max-image-preview":"max-image-preview:large","max-video-preview":"max-video-preview:-1"},"canonical":"https:\/\/stelfia.com\/en\/shop\/vehicules\/trottinette\/dualtron-city-25ah\/","og_locale":"en_US","og_type":"article","og_title":"Dualtron City 25Ah - Trottinette \u00e9lectrique","og_description":"Et si vous pensez qu\u2019une trott c\u2019est bien, mais toujours des roues trop petites\u00a0? Alors voici la solution pour vous\u00a0avec la renomm\u00e9e Dualtron City et ses grandes roues en 15\u2019\u2019, dor\u00e9navant, vous allez adorez rouler en trottinette \u2026  La batterie se retire tr\u00e8s rapidement pour une recharge simplifi\u00e9e \u00e0 la maison ou sur son lieu de travail.","og_url":"https:\/\/stelfia.com\/en\/shop\/vehicules\/trottinette\/dualtron-city-25ah\/","og_site_name":"Trottinette \u00e9lectrique","article_modified_time":"2024-02-15T10:28:52+00:00","og_image":[{"width":1080,"height":1080,"url":"https:\/\/stelfia.com\/wp-content\/uploads\/2023\/03\/Sans-titre-Publication-Instagram-Carre-8.jpg","type":"image\/jpeg"}],"twitter_card":"summary_large_image","twitter_misc":{"Est. reading time":"1 minute"},"schema":{"@context":"https:\/\/schema.org","@graph":[{"@type":"WebPage","@id":"https:\/\/stelfia.com\/shop\/vehicules\/trottinette\/dualtron-city-25ah\/","url":"https:\/\/stelfia.com\/shop\/vehicules\/trottinette\/dualtron-city-25ah\/","name":"Dualtron City 25Ah - Trottinette \u00e9lectrique","isPartOf":{"@id":"https:\/\/stelfia.com\/#website"},"primaryImageOfPage":{"@id":"https:\/\/stelfia.com\/shop\/vehicules\/trottinette\/dualtron-city-25ah\/#primaryimage"},"image":{"@id":"https:\/\/stelfia.com\/shop\/vehicules\/trottinette\/dualtron-city-25ah\/#primaryimage"},"thumbnailUrl":"https:\/\/stelfia.com\/wp-content\/uploads\/2023\/03\/Sans-titre-Publication-Instagram-Carre-8.jpg","datePublished":"2023-03-11T17:22:16+00:00","dateModified":"2024-02-15T10:28:52+00:00","breadcrumb":{"@id":"https:\/\/stelfia.com\/shop\/vehicules\/trottinette\/dualtron-city-25ah\/#breadcrumb"},"inLanguage":"en-US","potentialAction":[{"@type":"ReadAction","target":["https:\/\/stelfia.com\/shop\/vehicules\/trottinette\/dualtron-city-25ah\/"]}]},{"@type":"ImageObject","inLanguage":"en-US","@id":"https:\/\/stelfia.com\/shop\/vehicules\/trottinette\/dualtron-city-25ah\/#primaryimage","url":"https:\/\/stelfia.com\/wp-content\/uploads\/2023\/03\/Sans-titre-Publication-Instagram-Carre-8.jpg","contentUrl":"https:\/\/stelfia.com\/wp-content\/uploads\/2023\/03\/Sans-titre-Publication-Instagram-Carre-8.jpg","width":1080,"height":1080},{"@type":"BreadcrumbList","@id":"https:\/\/stelfia.com\/shop\/vehicules\/trottinette\/dualtron-city-25ah\/#breadcrumb","itemListElement":[{"@type":"ListItem","position":1,"name":"Accueil","item":"https:\/\/stelfia.com\/"},{"@type":"ListItem","position":2,"name":"Shop","item":"https:\/\/stelfia.com\/shop\/"},{"@type":"ListItem","position":3,"name":"Dualtron City 25Ah"}]},{"@type":"WebSite","@id":"https:\/\/stelfia.com\/#website","url":"https:\/\/stelfia.com\/","name":"Electric scooter","description":"Electric scooter in French-speaking Switzerland","publisher":{"@id":"https:\/\/stelfia.com\/#organization"},"potentialAction":[{"@type":"SearchAction","target":{"@type":"EntryPoint","urlTemplate":"https:\/\/stelfia.com\/?s={search_term_string}"},"query-input":{"@type":"PropertyValueSpecification","valueRequired":true,"valueName":"search_term_string"}}],"inLanguage":"en-US"},{"@type":"Organization","@id":"https:\/\/stelfia.com\/#organization","name":"Trottinette \u00e9lectrique lausanne","url":"https:\/\/stelfia.com\/","logo":{"@type":"ImageObject","inLanguage":"en-US","@id":"https:\/\/stelfia.com\/#\/schema\/logo\/image\/","url":"https:\/\/stelfia.com\/wp-content\/uploads\/2023\/02\/logonew-removebg-preview.png","contentUrl":"https:\/\/stelfia.com\/wp-content\/uploads\/2023\/02\/logonew-removebg-preview.png","width":238,"height":100,"caption":"Trottinette \u00e9lectrique lausanne"},"image":{"@id":"https:\/\/stelfia.com\/#\/schema\/logo\/image\/"}}]}},"_links":{"self":[{"href":"https:\/\/stelfia.com\/en\/wp-json\/wp\/v2\/product\/9556","targetHints":{"allow":["GET"]}}],"collection":[{"href":"https:\/\/stelfia.com\/en\/wp-json\/wp\/v2\/product"}],"about":[{"href":"https:\/\/stelfia.com\/en\/wp-json\/wp\/v2\/types\/product"}],"version-history":[{"count":0,"href":"https:\/\/stelfia.com\/en\/wp-json\/wp\/v2\/product\/9556\/revisions"}],"wp:featuredmedia":[{"embeddable":true,"href":"https:\/\/stelfia.com\/en\/wp-json\/wp\/v2\/media\/9987"}],"wp:attachment":[{"href":"https:\/\/stelfia.com\/en\/wp-json\/wp\/v2\/media?parent=9556"}],"wp:term":[{"taxonomy":"product_brand","embeddable":true,"href":"https:\/\/stelfia.com\/en\/wp-json\/wp\/v2\/product_brand?post=9556"},{"taxonomy":"product_cat","embeddable":true,"href":"https:\/\/stelfia.com\/en\/wp-json\/wp\/v2\/product_cat?post=9556"},{"taxonomy":"product_tag","embeddable":true,"href":"https:\/\/stelfia.com\/en\/wp-json\/wp\/v2\/product_tag?post=9556"},{"taxonomy":"permis--de-conduire","embeddable":true,"href":"https:\/\/stelfia.com\/en\/wp-json\/wp\/v2\/permis--de-conduire?post=9556"},{"taxonomy":"vitesse","embeddable":true,"href":"https:\/\/stelfia.com\/en\/wp-json\/wp\/v2\/vitesse?post=9556"},{"taxonomy":"brands","embeddable":true,"href":"https:\/\/stelfia.com\/en\/wp-json\/wp\/v2\/brands?post=9556"},{"taxonomy":"accessoires","embeddable":true,"href":"https:\/\/stelfia.com\/en\/wp-json\/wp\/v2\/accessoires?post=9556"},{"taxonomy":"pieces-detachees","embeddable":true,"href":"https:\/\/stelfia.com\/en\/wp-json\/wp\/v2\/pieces-detachees?post=9556"},{"taxonomy":"trottinette-electrique","embeddable":true,"href":"https:\/\/stelfia.com\/en\/wp-json\/wp\/v2\/trottinette-electrique?post=9556"},{"taxonomy":"velo","embeddable":true,"href":"https:\/\/stelfia.com\/en\/wp-json\/wp\/v2\/velo?post=9556"}],"curies":[{"name":"wp","href":"https:\/\/api.w.org\/{rel}","templated":true}]}}