{"id":9469,"date":"2023-03-08T17:03:55","date_gmt":"2023-03-08T17:03:55","guid":{"rendered":"https:\/\/stelfia.com\/?post_type=product&#038;p=9469"},"modified":"2026-02-20T09:27:49","modified_gmt":"2026-02-20T09:27:49","slug":"sunra-robo-s-occasion-renens","status":"publish","type":"product","link":"https:\/\/stelfia.com\/en\/shop\/accessories\/sunra-robo-s-occasion-renens\/","title":{"rendered":"Sunra Robo-S Occasion \u2013 300 km \u2013 Disponible \u00e0 Renens"},"content":{"rendered":"<p>Mod\u00e8le d\u2019occasion avec seulement 300 km, en excellent \u00e9tat<br data-start=\"906\" data-end=\"909\" \/>Disponible \u00e0 Renens chez Stelfia.<\/p>\n<p><br data-start=\"944\" data-end=\"947\" \/>Battery: 2x 72V Lithium-Ion battery, 2x 20Ah<\/p>\n<p>Motor: Brushless 3000 W<\/p>\n<p>Torque: 230 Nm<\/p>\n<p>Max speed: 80 km\/h<\/p>\n<p>Range: Up to 130 km (eco mode)<\/p>\n<p>Wheels: 110-70-12, tubeless<\/p>\n<p>Brake: Front and rear (hydraulic) discs<\/p>\n<p>Charging time: Approx. 5 a.m.<\/p>\n<p>Charger socket: Standard 230V<\/p>\n<p>Weight: 105 kg<\/p>\n<p>Max load: 250 kg<\/p>\n<p>Waterproofing: IPX5<\/p>\n<p>Couleur :\u00a0\u00a0\u00a0\u00a0\u00a0\u00a0\u00a0\u00a0\u00a0\u00a0\u00a0\u00a0\u00a0\u00a0\u00a0\u00a0\u00a0\u00a0\u00a0\u00a0\u00a0\u00a0\u00a0 Noir<\/p>\n<p>Dimensions: 1750 x 740 x 1150 mm<\/p>\n<p>Number of places: 2<\/p>\n<p>Category: Equivalent 125 cm3<\/p>\n<p>Driving license: A1<\/p>\n<p>Equipment: Removable batteries, cruise control, reverse, fingerprint or key start, storage space, USB port, app<\/p>\n<p>\u00c9tat :\u00a0\u00a0\u00a0\u00a0\u00a0\u00a0\u00a0\u00a0\u00a0\u00a0\u00a0\u00a0\u00a0\u00a0\u00a0\u00a0\u00a0\u00a0\u00a0\u00a0\u00a0 \u00a0\u00a0\u00a0 \u00a0\u00a0\u00a0\u00a0 Occasion 300 km<\/p>\n<p>Garantie :\u00a0 \u00a0 \u00a0 \u00a0 \u00a0 \u00a0 \u00a0 \u00a0 \u00a0 \u00a0 \u00a0 1 an (hors batterie)<\/p>\n<p>&nbsp;<\/p>\n<p>Approved on Swiss roads<\/p>","protected":false},"excerpt":{"rendered":"<p>The benchmark in terms of quality-price ratio for a 125 cm3 electric equivalent! The high-end and innovative electric scooter with good balance and excellent handling.<\/p>\n<p>Its three driving modes allow you to adapt the maximum speed to the traffic and for parking maneuvers, don&#039;t worry, the Robo-S has reverse gear.<\/p>\n<p>Also equipped with several storage spaces, it will be very easy to store your belongings and your helmet too.<\/p>\n<p>And the icing on the cake, it can be located via its application which offers many options...<\/p>","protected":false},"featured_media":9483,"template":"","meta":{"_uf_show_specific_survey":0,"_uf_disable_surveys":false},"product_brand":[],"product_cat":[20],"product_tag":[204,307,203,205],"permis--de-conduire":[],"vitesse":[466],"brands":[],"accessoires":[],"pieces-detachees":[],"trottinette-electrique":[291],"velo":[],"class_list":{"0":"post-9469","1":"product","2":"type-product","3":"status-publish","4":"has-post-thumbnail","6":"product_cat-accessories","7":"product_tag-robo-s","8":"product_tag-scooter-electrique-80-km-h","9":"product_tag-sunra","10":"product_tag-sunra-robo-s","11":"vitesse-80-km-h-plaque-blanche","12":"trottinette-electrique-occasions","13":"tm-has-options","15":"first","16":"instock","17":"sale","18":"taxable","19":"shipping-taxable","20":"purchasable","21":"product-type-simple"},"yoast_head":"<!-- This site is optimized with the Yoast SEO plugin v25.8 - https:\/\/yoast.com\/wordpress\/plugins\/seo\/ -->\n<title>Sunra Robo-S Occasion \u2013 Scooter \u00e9lectrique | Stelfia Renens<\/title>\n<meta name=\"description\" content=\"Sunra Robo-S d\u2019occasion avec seulement 300 km. Scooter \u00e9lectrique sans permis disponible \u00e0 Renens chez Stelfia. \u00c9tat proche du neuf, contactez-nous pour plus d\u2019informations.\" \/>\n<meta name=\"robots\" content=\"index, follow, max-snippet:-1, max-image-preview:large, max-video-preview:-1\" \/>\n<link rel=\"canonical\" href=\"https:\/\/stelfia.com\/en\/shop\/accessories\/sunra-robo-s-occasion-renens\/\" \/>\n<meta property=\"og:locale\" content=\"en_US\" \/>\n<meta property=\"og:type\" content=\"article\" \/>\n<meta property=\"og:title\" content=\"Sunra Robo-S Occasion \u2013 Scooter \u00e9lectrique | Stelfia Renens\" \/>\n<meta property=\"og:description\" content=\"Sunra Robo-S d\u2019occasion avec seulement 300 km. Scooter \u00e9lectrique sans permis disponible \u00e0 Renens chez Stelfia. \u00c9tat proche du neuf, contactez-nous pour plus d\u2019informations.\" \/>\n<meta property=\"og:url\" content=\"https:\/\/stelfia.com\/en\/shop\/accessories\/sunra-robo-s-occasion-renens\/\" \/>\n<meta property=\"og:site_name\" content=\"Trottinette \u00e9lectrique\" \/>\n<meta property=\"article:modified_time\" content=\"2026-02-20T09:27:49+00:00\" \/>\n<meta property=\"og:image\" content=\"https:\/\/stelfia.com\/wp-content\/uploads\/2023\/03\/r5_16-1.png\" \/>\n\t<meta property=\"og:image:width\" content=\"806\" \/>\n\t<meta property=\"og:image:height\" content=\"761\" \/>\n\t<meta property=\"og:image:type\" content=\"image\/png\" \/>\n<meta name=\"twitter:card\" content=\"summary_large_image\" \/>\n<meta name=\"twitter:label1\" content=\"Est. reading time\" \/>\n\t<meta name=\"twitter:data1\" content=\"1 minute\" \/>\n<script type=\"application\/ld+json\" class=\"yoast-schema-graph\">{\"@context\":\"https:\/\/schema.org\",\"@graph\":[{\"@type\":\"WebPage\",\"@id\":\"https:\/\/stelfia.com\/shop\/accessories\/sunra-robo-s-occasion-renens\/\",\"url\":\"https:\/\/stelfia.com\/shop\/accessories\/sunra-robo-s-occasion-renens\/\",\"name\":\"Sunra Robo-S Occasion \u2013 Scooter \u00e9lectrique | Stelfia Renens\",\"isPartOf\":{\"@id\":\"https:\/\/stelfia.com\/#website\"},\"primaryImageOfPage\":{\"@id\":\"https:\/\/stelfia.com\/shop\/accessories\/sunra-robo-s-occasion-renens\/#primaryimage\"},\"image\":{\"@id\":\"https:\/\/stelfia.com\/shop\/accessories\/sunra-robo-s-occasion-renens\/#primaryimage\"},\"thumbnailUrl\":\"https:\/\/stelfia.com\/wp-content\/uploads\/2023\/03\/r5_16-1.png\",\"datePublished\":\"2023-03-08T17:03:55+00:00\",\"dateModified\":\"2026-02-20T09:27:49+00:00\",\"description\":\"Sunra Robo-S d\u2019occasion avec seulement 300 km. Scooter \u00e9lectrique sans permis disponible \u00e0 Renens chez Stelfia. \u00c9tat proche du neuf, contactez-nous pour plus d\u2019informations.\",\"breadcrumb\":{\"@id\":\"https:\/\/stelfia.com\/shop\/accessories\/sunra-robo-s-occasion-renens\/#breadcrumb\"},\"inLanguage\":\"en-US\",\"potentialAction\":[{\"@type\":\"ReadAction\",\"target\":[\"https:\/\/stelfia.com\/shop\/accessories\/sunra-robo-s-occasion-renens\/\"]}]},{\"@type\":\"ImageObject\",\"inLanguage\":\"en-US\",\"@id\":\"https:\/\/stelfia.com\/shop\/accessories\/sunra-robo-s-occasion-renens\/#primaryimage\",\"url\":\"https:\/\/stelfia.com\/wp-content\/uploads\/2023\/03\/r5_16-1.png\",\"contentUrl\":\"https:\/\/stelfia.com\/wp-content\/uploads\/2023\/03\/r5_16-1.png\",\"width\":806,\"height\":761},{\"@type\":\"BreadcrumbList\",\"@id\":\"https:\/\/stelfia.com\/shop\/accessories\/sunra-robo-s-occasion-renens\/#breadcrumb\",\"itemListElement\":[{\"@type\":\"ListItem\",\"position\":1,\"name\":\"Accueil\",\"item\":\"https:\/\/stelfia.com\/\"},{\"@type\":\"ListItem\",\"position\":2,\"name\":\"Shop\",\"item\":\"https:\/\/stelfia.com\/shop\/\"},{\"@type\":\"ListItem\",\"position\":3,\"name\":\"Sunra Robo-S Occasion \u2013 300 km \u2013 Disponible \u00e0 Renens\"}]},{\"@type\":\"WebSite\",\"@id\":\"https:\/\/stelfia.com\/#website\",\"url\":\"https:\/\/stelfia.com\/\",\"name\":\"Trottinette \u00e9lectrique\",\"description\":\"Trottinette \u00e9lectrique en Suisse romande\",\"publisher\":{\"@id\":\"https:\/\/stelfia.com\/#organization\"},\"potentialAction\":[{\"@type\":\"SearchAction\",\"target\":{\"@type\":\"EntryPoint\",\"urlTemplate\":\"https:\/\/stelfia.com\/?s={search_term_string}\"},\"query-input\":{\"@type\":\"PropertyValueSpecification\",\"valueRequired\":true,\"valueName\":\"search_term_string\"}}],\"inLanguage\":\"en-US\"},{\"@type\":\"Organization\",\"@id\":\"https:\/\/stelfia.com\/#organization\",\"name\":\"Trottinette \u00e9lectrique lausanne\",\"url\":\"https:\/\/stelfia.com\/\",\"logo\":{\"@type\":\"ImageObject\",\"inLanguage\":\"en-US\",\"@id\":\"https:\/\/stelfia.com\/#\/schema\/logo\/image\/\",\"url\":\"https:\/\/stelfia.com\/wp-content\/uploads\/2023\/02\/logonew-removebg-preview.png\",\"contentUrl\":\"https:\/\/stelfia.com\/wp-content\/uploads\/2023\/02\/logonew-removebg-preview.png\",\"width\":238,\"height\":100,\"caption\":\"Trottinette \u00e9lectrique lausanne\"},\"image\":{\"@id\":\"https:\/\/stelfia.com\/#\/schema\/logo\/image\/\"}}]}<\/script>\n<!-- \/ Yoast SEO plugin. -->","yoast_head_json":{"title":"Sunra Robo-S Occasion \u2013 Scooter \u00e9lectrique | Stelfia Renens","description":"Sunra Robo-S d\u2019occasion avec seulement 300 km. Scooter \u00e9lectrique sans permis disponible \u00e0 Renens chez Stelfia. \u00c9tat proche du neuf, contactez-nous pour plus d\u2019informations.","robots":{"index":"index","follow":"follow","max-snippet":"max-snippet:-1","max-image-preview":"max-image-preview:large","max-video-preview":"max-video-preview:-1"},"canonical":"https:\/\/stelfia.com\/en\/shop\/accessories\/sunra-robo-s-occasion-renens\/","og_locale":"en_US","og_type":"article","og_title":"Sunra Robo-S Occasion \u2013 Scooter \u00e9lectrique | Stelfia Renens","og_description":"Sunra Robo-S d\u2019occasion avec seulement 300 km. Scooter \u00e9lectrique sans permis disponible \u00e0 Renens chez Stelfia. \u00c9tat proche du neuf, contactez-nous pour plus d\u2019informations.","og_url":"https:\/\/stelfia.com\/en\/shop\/accessories\/sunra-robo-s-occasion-renens\/","og_site_name":"Trottinette \u00e9lectrique","article_modified_time":"2026-02-20T09:27:49+00:00","og_image":[{"width":806,"height":761,"url":"https:\/\/stelfia.com\/wp-content\/uploads\/2023\/03\/r5_16-1.png","type":"image\/png"}],"twitter_card":"summary_large_image","twitter_misc":{"Est. reading time":"1 minute"},"schema":{"@context":"https:\/\/schema.org","@graph":[{"@type":"WebPage","@id":"https:\/\/stelfia.com\/shop\/accessories\/sunra-robo-s-occasion-renens\/","url":"https:\/\/stelfia.com\/shop\/accessories\/sunra-robo-s-occasion-renens\/","name":"Sunra Robo-S Occasion \u2013 Scooter \u00e9lectrique | Stelfia Renens","isPartOf":{"@id":"https:\/\/stelfia.com\/#website"},"primaryImageOfPage":{"@id":"https:\/\/stelfia.com\/shop\/accessories\/sunra-robo-s-occasion-renens\/#primaryimage"},"image":{"@id":"https:\/\/stelfia.com\/shop\/accessories\/sunra-robo-s-occasion-renens\/#primaryimage"},"thumbnailUrl":"https:\/\/stelfia.com\/wp-content\/uploads\/2023\/03\/r5_16-1.png","datePublished":"2023-03-08T17:03:55+00:00","dateModified":"2026-02-20T09:27:49+00:00","description":"Sunra Robo-S d\u2019occasion avec seulement 300 km. Scooter \u00e9lectrique sans permis disponible \u00e0 Renens chez Stelfia. \u00c9tat proche du neuf, contactez-nous pour plus d\u2019informations.","breadcrumb":{"@id":"https:\/\/stelfia.com\/shop\/accessories\/sunra-robo-s-occasion-renens\/#breadcrumb"},"inLanguage":"en-US","potentialAction":[{"@type":"ReadAction","target":["https:\/\/stelfia.com\/shop\/accessories\/sunra-robo-s-occasion-renens\/"]}]},{"@type":"ImageObject","inLanguage":"en-US","@id":"https:\/\/stelfia.com\/shop\/accessories\/sunra-robo-s-occasion-renens\/#primaryimage","url":"https:\/\/stelfia.com\/wp-content\/uploads\/2023\/03\/r5_16-1.png","contentUrl":"https:\/\/stelfia.com\/wp-content\/uploads\/2023\/03\/r5_16-1.png","width":806,"height":761},{"@type":"BreadcrumbList","@id":"https:\/\/stelfia.com\/shop\/accessories\/sunra-robo-s-occasion-renens\/#breadcrumb","itemListElement":[{"@type":"ListItem","position":1,"name":"Accueil","item":"https:\/\/stelfia.com\/"},{"@type":"ListItem","position":2,"name":"Shop","item":"https:\/\/stelfia.com\/shop\/"},{"@type":"ListItem","position":3,"name":"Sunra Robo-S Occasion \u2013 300 km \u2013 Disponible \u00e0 Renens"}]},{"@type":"WebSite","@id":"https:\/\/stelfia.com\/#website","url":"https:\/\/stelfia.com\/","name":"Electric scooter","description":"Electric scooter in French-speaking Switzerland","publisher":{"@id":"https:\/\/stelfia.com\/#organization"},"potentialAction":[{"@type":"SearchAction","target":{"@type":"EntryPoint","urlTemplate":"https:\/\/stelfia.com\/?s={search_term_string}"},"query-input":{"@type":"PropertyValueSpecification","valueRequired":true,"valueName":"search_term_string"}}],"inLanguage":"en-US"},{"@type":"Organization","@id":"https:\/\/stelfia.com\/#organization","name":"Trottinette \u00e9lectrique lausanne","url":"https:\/\/stelfia.com\/","logo":{"@type":"ImageObject","inLanguage":"en-US","@id":"https:\/\/stelfia.com\/#\/schema\/logo\/image\/","url":"https:\/\/stelfia.com\/wp-content\/uploads\/2023\/02\/logonew-removebg-preview.png","contentUrl":"https:\/\/stelfia.com\/wp-content\/uploads\/2023\/02\/logonew-removebg-preview.png","width":238,"height":100,"caption":"Trottinette \u00e9lectrique lausanne"},"image":{"@id":"https:\/\/stelfia.com\/#\/schema\/logo\/image\/"}}]}},"_links":{"self":[{"href":"https:\/\/stelfia.com\/en\/wp-json\/wp\/v2\/product\/9469","targetHints":{"allow":["GET"]}}],"collection":[{"href":"https:\/\/stelfia.com\/en\/wp-json\/wp\/v2\/product"}],"about":[{"href":"https:\/\/stelfia.com\/en\/wp-json\/wp\/v2\/types\/product"}],"version-history":[{"count":0,"href":"https:\/\/stelfia.com\/en\/wp-json\/wp\/v2\/product\/9469\/revisions"}],"wp:featuredmedia":[{"embeddable":true,"href":"https:\/\/stelfia.com\/en\/wp-json\/wp\/v2\/media\/9483"}],"wp:attachment":[{"href":"https:\/\/stelfia.com\/en\/wp-json\/wp\/v2\/media?parent=9469"}],"wp:term":[{"taxonomy":"product_brand","embeddable":true,"href":"https:\/\/stelfia.com\/en\/wp-json\/wp\/v2\/product_brand?post=9469"},{"taxonomy":"product_cat","embeddable":true,"href":"https:\/\/stelfia.com\/en\/wp-json\/wp\/v2\/product_cat?post=9469"},{"taxonomy":"product_tag","embeddable":true,"href":"https:\/\/stelfia.com\/en\/wp-json\/wp\/v2\/product_tag?post=9469"},{"taxonomy":"permis--de-conduire","embeddable":true,"href":"https:\/\/stelfia.com\/en\/wp-json\/wp\/v2\/permis--de-conduire?post=9469"},{"taxonomy":"vitesse","embeddable":true,"href":"https:\/\/stelfia.com\/en\/wp-json\/wp\/v2\/vitesse?post=9469"},{"taxonomy":"brands","embeddable":true,"href":"https:\/\/stelfia.com\/en\/wp-json\/wp\/v2\/brands?post=9469"},{"taxonomy":"accessoires","embeddable":true,"href":"https:\/\/stelfia.com\/en\/wp-json\/wp\/v2\/accessoires?post=9469"},{"taxonomy":"pieces-detachees","embeddable":true,"href":"https:\/\/stelfia.com\/en\/wp-json\/wp\/v2\/pieces-detachees?post=9469"},{"taxonomy":"trottinette-electrique","embeddable":true,"href":"https:\/\/stelfia.com\/en\/wp-json\/wp\/v2\/trottinette-electrique?post=9469"},{"taxonomy":"velo","embeddable":true,"href":"https:\/\/stelfia.com\/en\/wp-json\/wp\/v2\/velo?post=9469"}],"curies":[{"name":"wp","href":"https:\/\/api.w.org\/{rel}","templated":true}]}}