{"id":9417,"date":"2023-03-08T15:31:15","date_gmt":"2023-03-08T15:31:15","guid":{"rendered":"https:\/\/stelfia.com\/?post_type=product&#038;p=9417"},"modified":"2026-04-29T16:03:56","modified_gmt":"2026-04-29T16:03:56","slug":"e-twow-booster","status":"publish","type":"product","link":"https:\/\/stelfia.com\/en\/shop\/vehicules\/trottinette\/e-twow-booster\/","title":{"rendered":"E-Twow Booster ES"},"content":{"rendered":"<p data-start=\"179\" data-end=\"391\">La E-Twow Booster est une trottinette \u00e9lectrique l\u00e9g\u00e8re et compacte, id\u00e9ale pour les d\u00e9placements urbains du quotidien. Facile \u00e0 transporter, elle s\u2019int\u00e8gre parfaitement dans une mobilit\u00e9 moderne et pratique.<\/p>\n<p>Battery: Lithium-Ion 36V, 7.8Ah<\/p>\n<p>Motor: Brushless 500 W<\/p>\n<p>Max speed: 20 km\/h (possibility of unblocking, max 30 km\/h, not approved)<\/p>\n<p>Range: 25 km<\/p>\n<p>Wheels: 8\u2033, non-inflatable, front and rear<\/p>\n<p>Brake: Electric Front, Drum Rear<\/p>\n<p>Charging time: Approx. 3 \u2013 4 hours<\/p>\n<p>Weight: 12 kg<\/p>\n<p>Max load: 110 kg<\/p>\n<p>Slopes: Up to 20\u00b0<\/p>\n<p>Waterproofing: IP54<\/p>\n<p>Dimensions: 980 x 1160 x 386 mm<\/p>\n<p>Folded dimensions: 980 x 330 x 150 mm<\/p>\n<p>Equipment: Different colors, Bluetooth<\/p>\n<p>Condition: New<\/p>\n<p>Warranty: 2 years (one year on the battery)<\/p>\n<p>&nbsp;<\/p>\n<p><img decoding=\"async\" class=\"alignnone size-full wp-image-9333\" src=\"https:\/\/stelfia.com\/wp-content\/uploads\/2023\/02\/Capture-decran-2023-02-07-155823-300x89-1.jpg\" alt=\"\" width=\"300\" height=\"89\" srcset=\"https:\/\/stelfia.com\/wp-content\/uploads\/2023\/02\/Capture-decran-2023-02-07-155823-300x89-1.jpg 300w, https:\/\/stelfia.com\/wp-content\/uploads\/2023\/02\/Capture-decran-2023-02-07-155823-300x89-1-150x45.jpg 150w\" sizes=\"(max-width: 300px) 100vw, 300px\" \/><\/p>\n<p>Approved on Swiss roads<\/p>","protected":false},"excerpt":{"rendered":"<p data-start=\"838\" data-end=\"1091\">La E-Twow Booster est une trottinette \u00e9lectrique compacte et pratique, parfaite pour les d\u00e9placements urbains.<\/p>\n<p data-start=\"838\" data-end=\"1091\">L\u00e9g\u00e8re et facile \u00e0 transporter, elle convient id\u00e9alement aux trajets quotidiens et \u00e0 une utilisation combin\u00e9e avec les transports publics.<\/p>","protected":false},"featured_media":9975,"template":"","meta":{"_uf_show_specific_survey":0,"_uf_disable_surveys":false},"product_brand":[],"product_cat":[114],"product_tag":[196,199,491,476,611,610],"permis--de-conduire":[],"vitesse":[],"brands":[84],"accessoires":[],"pieces-detachees":[],"trottinette-electrique":[109],"velo":[],"class_list":{"0":"post-9417","1":"product","2":"type-product","3":"status-publish","4":"has-post-thumbnail","6":"product_cat-trottinette","7":"product_tag-e-twow","8":"product_tag-e-twow-booster","9":"product_tag-mobilite-electrique","10":"product_tag-mobilite-urbaine","11":"product_tag-trottinette-electrique-compacte","12":"product_tag-trottinette-electrique-legere","13":"brands-e-twow","14":"trottinette-electrique-neuves","15":"tm-has-options","17":"first","18":"onbackorder","19":"taxable","20":"shipping-taxable","21":"purchasable","22":"product-type-simple"},"yoast_head":"<!-- This site is optimized with the Yoast SEO plugin v25.8 - https:\/\/yoast.com\/wordpress\/plugins\/seo\/ -->\n<title>E-Twow Booster | Trottinette \u00e9lectrique compacte et l\u00e9g\u00e8re \u2013 Stelfia<\/title>\n<meta name=\"description\" content=\"D\u00e9couvrez la E-Twow Booster, une trottinette \u00e9lectrique l\u00e9g\u00e8re et compacte, id\u00e9ale pour la ville et les transports publics. Pratique et efficace, disponible chez Stelfia \u00e0 Renens.\" \/>\n<meta name=\"robots\" content=\"index, follow, max-snippet:-1, max-image-preview:large, max-video-preview:-1\" \/>\n<link rel=\"canonical\" href=\"https:\/\/stelfia.com\/en\/shop\/vehicules\/trottinette\/e-twow-booster\/\" \/>\n<meta property=\"og:locale\" content=\"en_US\" \/>\n<meta property=\"og:type\" content=\"article\" \/>\n<meta property=\"og:title\" content=\"E-Twow Booster | Trottinette \u00e9lectrique compacte et l\u00e9g\u00e8re \u2013 Stelfia\" \/>\n<meta property=\"og:description\" content=\"D\u00e9couvrez la E-Twow Booster, une trottinette \u00e9lectrique l\u00e9g\u00e8re et compacte, id\u00e9ale pour la ville et les transports publics. Pratique et efficace, disponible chez Stelfia \u00e0 Renens.\" \/>\n<meta property=\"og:url\" content=\"https:\/\/stelfia.com\/en\/shop\/vehicules\/trottinette\/e-twow-booster\/\" \/>\n<meta property=\"og:site_name\" content=\"Trottinette \u00e9lectrique\" \/>\n<meta property=\"article:modified_time\" content=\"2026-04-29T16:03:56+00:00\" \/>\n<meta property=\"og:image\" content=\"https:\/\/stelfia.com\/wp-content\/uploads\/2023\/03\/Sans-titre-Publication-Instagram-Carre.jpg\" \/>\n\t<meta property=\"og:image:width\" content=\"1080\" \/>\n\t<meta property=\"og:image:height\" content=\"1080\" \/>\n\t<meta property=\"og:image:type\" content=\"image\/jpeg\" \/>\n<meta name=\"twitter:card\" content=\"summary_large_image\" \/>\n<meta name=\"twitter:label1\" content=\"Est. reading time\" \/>\n\t<meta name=\"twitter:data1\" content=\"1 minute\" \/>\n<script type=\"application\/ld+json\" class=\"yoast-schema-graph\">{\"@context\":\"https:\/\/schema.org\",\"@graph\":[{\"@type\":\"WebPage\",\"@id\":\"https:\/\/stelfia.com\/shop\/vehicules\/trottinette\/e-twow-booster\/\",\"url\":\"https:\/\/stelfia.com\/shop\/vehicules\/trottinette\/e-twow-booster\/\",\"name\":\"E-Twow Booster | Trottinette \u00e9lectrique compacte et l\u00e9g\u00e8re \u2013 Stelfia\",\"isPartOf\":{\"@id\":\"https:\/\/stelfia.com\/#website\"},\"primaryImageOfPage\":{\"@id\":\"https:\/\/stelfia.com\/shop\/vehicules\/trottinette\/e-twow-booster\/#primaryimage\"},\"image\":{\"@id\":\"https:\/\/stelfia.com\/shop\/vehicules\/trottinette\/e-twow-booster\/#primaryimage\"},\"thumbnailUrl\":\"https:\/\/stelfia.com\/wp-content\/uploads\/2023\/03\/Sans-titre-Publication-Instagram-Carre.jpg\",\"datePublished\":\"2023-03-08T15:31:15+00:00\",\"dateModified\":\"2026-04-29T16:03:56+00:00\",\"description\":\"D\u00e9couvrez la E-Twow Booster, une trottinette \u00e9lectrique l\u00e9g\u00e8re et compacte, id\u00e9ale pour la ville et les transports publics. Pratique et efficace, disponible chez Stelfia \u00e0 Renens.\",\"breadcrumb\":{\"@id\":\"https:\/\/stelfia.com\/shop\/vehicules\/trottinette\/e-twow-booster\/#breadcrumb\"},\"inLanguage\":\"en-US\",\"potentialAction\":[{\"@type\":\"ReadAction\",\"target\":[\"https:\/\/stelfia.com\/shop\/vehicules\/trottinette\/e-twow-booster\/\"]}]},{\"@type\":\"ImageObject\",\"inLanguage\":\"en-US\",\"@id\":\"https:\/\/stelfia.com\/shop\/vehicules\/trottinette\/e-twow-booster\/#primaryimage\",\"url\":\"https:\/\/stelfia.com\/wp-content\/uploads\/2023\/03\/Sans-titre-Publication-Instagram-Carre.jpg\",\"contentUrl\":\"https:\/\/stelfia.com\/wp-content\/uploads\/2023\/03\/Sans-titre-Publication-Instagram-Carre.jpg\",\"width\":1080,\"height\":1080,\"caption\":\"Une trottinette l\u00e9g\u00e8re id\u00e9ale pour la ville.\"},{\"@type\":\"BreadcrumbList\",\"@id\":\"https:\/\/stelfia.com\/shop\/vehicules\/trottinette\/e-twow-booster\/#breadcrumb\",\"itemListElement\":[{\"@type\":\"ListItem\",\"position\":1,\"name\":\"Accueil\",\"item\":\"https:\/\/stelfia.com\/\"},{\"@type\":\"ListItem\",\"position\":2,\"name\":\"Shop\",\"item\":\"https:\/\/stelfia.com\/shop\/\"},{\"@type\":\"ListItem\",\"position\":3,\"name\":\"E-Twow Booster ES\"}]},{\"@type\":\"WebSite\",\"@id\":\"https:\/\/stelfia.com\/#website\",\"url\":\"https:\/\/stelfia.com\/\",\"name\":\"Trottinette \u00e9lectrique\",\"description\":\"Trottinette \u00e9lectrique en Suisse romande\",\"publisher\":{\"@id\":\"https:\/\/stelfia.com\/#organization\"},\"potentialAction\":[{\"@type\":\"SearchAction\",\"target\":{\"@type\":\"EntryPoint\",\"urlTemplate\":\"https:\/\/stelfia.com\/?s={search_term_string}\"},\"query-input\":{\"@type\":\"PropertyValueSpecification\",\"valueRequired\":true,\"valueName\":\"search_term_string\"}}],\"inLanguage\":\"en-US\"},{\"@type\":\"Organization\",\"@id\":\"https:\/\/stelfia.com\/#organization\",\"name\":\"Trottinette \u00e9lectrique lausanne\",\"url\":\"https:\/\/stelfia.com\/\",\"logo\":{\"@type\":\"ImageObject\",\"inLanguage\":\"en-US\",\"@id\":\"https:\/\/stelfia.com\/#\/schema\/logo\/image\/\",\"url\":\"https:\/\/stelfia.com\/wp-content\/uploads\/2023\/02\/logonew-removebg-preview.png\",\"contentUrl\":\"https:\/\/stelfia.com\/wp-content\/uploads\/2023\/02\/logonew-removebg-preview.png\",\"width\":238,\"height\":100,\"caption\":\"Trottinette \u00e9lectrique lausanne\"},\"image\":{\"@id\":\"https:\/\/stelfia.com\/#\/schema\/logo\/image\/\"}}]}<\/script>\n<!-- \/ Yoast SEO plugin. -->","yoast_head_json":{"title":"E-Twow Booster | Trottinette \u00e9lectrique compacte et l\u00e9g\u00e8re \u2013 Stelfia","description":"D\u00e9couvrez la E-Twow Booster, une trottinette \u00e9lectrique l\u00e9g\u00e8re et compacte, id\u00e9ale pour la ville et les transports publics. Pratique et efficace, disponible chez Stelfia \u00e0 Renens.","robots":{"index":"index","follow":"follow","max-snippet":"max-snippet:-1","max-image-preview":"max-image-preview:large","max-video-preview":"max-video-preview:-1"},"canonical":"https:\/\/stelfia.com\/en\/shop\/vehicules\/trottinette\/e-twow-booster\/","og_locale":"en_US","og_type":"article","og_title":"E-Twow Booster | Trottinette \u00e9lectrique compacte et l\u00e9g\u00e8re \u2013 Stelfia","og_description":"D\u00e9couvrez la E-Twow Booster, une trottinette \u00e9lectrique l\u00e9g\u00e8re et compacte, id\u00e9ale pour la ville et les transports publics. Pratique et efficace, disponible chez Stelfia \u00e0 Renens.","og_url":"https:\/\/stelfia.com\/en\/shop\/vehicules\/trottinette\/e-twow-booster\/","og_site_name":"Trottinette \u00e9lectrique","article_modified_time":"2026-04-29T16:03:56+00:00","og_image":[{"width":1080,"height":1080,"url":"https:\/\/stelfia.com\/wp-content\/uploads\/2023\/03\/Sans-titre-Publication-Instagram-Carre.jpg","type":"image\/jpeg"}],"twitter_card":"summary_large_image","twitter_misc":{"Est. reading time":"1 minute"},"schema":{"@context":"https:\/\/schema.org","@graph":[{"@type":"WebPage","@id":"https:\/\/stelfia.com\/shop\/vehicules\/trottinette\/e-twow-booster\/","url":"https:\/\/stelfia.com\/shop\/vehicules\/trottinette\/e-twow-booster\/","name":"E-Twow Booster | Trottinette \u00e9lectrique compacte et l\u00e9g\u00e8re \u2013 Stelfia","isPartOf":{"@id":"https:\/\/stelfia.com\/#website"},"primaryImageOfPage":{"@id":"https:\/\/stelfia.com\/shop\/vehicules\/trottinette\/e-twow-booster\/#primaryimage"},"image":{"@id":"https:\/\/stelfia.com\/shop\/vehicules\/trottinette\/e-twow-booster\/#primaryimage"},"thumbnailUrl":"https:\/\/stelfia.com\/wp-content\/uploads\/2023\/03\/Sans-titre-Publication-Instagram-Carre.jpg","datePublished":"2023-03-08T15:31:15+00:00","dateModified":"2026-04-29T16:03:56+00:00","description":"D\u00e9couvrez la E-Twow Booster, une trottinette \u00e9lectrique l\u00e9g\u00e8re et compacte, id\u00e9ale pour la ville et les transports publics. Pratique et efficace, disponible chez Stelfia \u00e0 Renens.","breadcrumb":{"@id":"https:\/\/stelfia.com\/shop\/vehicules\/trottinette\/e-twow-booster\/#breadcrumb"},"inLanguage":"en-US","potentialAction":[{"@type":"ReadAction","target":["https:\/\/stelfia.com\/shop\/vehicules\/trottinette\/e-twow-booster\/"]}]},{"@type":"ImageObject","inLanguage":"en-US","@id":"https:\/\/stelfia.com\/shop\/vehicules\/trottinette\/e-twow-booster\/#primaryimage","url":"https:\/\/stelfia.com\/wp-content\/uploads\/2023\/03\/Sans-titre-Publication-Instagram-Carre.jpg","contentUrl":"https:\/\/stelfia.com\/wp-content\/uploads\/2023\/03\/Sans-titre-Publication-Instagram-Carre.jpg","width":1080,"height":1080,"caption":"Une trottinette l\u00e9g\u00e8re id\u00e9ale pour la ville."},{"@type":"BreadcrumbList","@id":"https:\/\/stelfia.com\/shop\/vehicules\/trottinette\/e-twow-booster\/#breadcrumb","itemListElement":[{"@type":"ListItem","position":1,"name":"Accueil","item":"https:\/\/stelfia.com\/"},{"@type":"ListItem","position":2,"name":"Shop","item":"https:\/\/stelfia.com\/shop\/"},{"@type":"ListItem","position":3,"name":"E-Twow Booster ES"}]},{"@type":"WebSite","@id":"https:\/\/stelfia.com\/#website","url":"https:\/\/stelfia.com\/","name":"Electric scooter","description":"Electric scooter in French-speaking Switzerland","publisher":{"@id":"https:\/\/stelfia.com\/#organization"},"potentialAction":[{"@type":"SearchAction","target":{"@type":"EntryPoint","urlTemplate":"https:\/\/stelfia.com\/?s={search_term_string}"},"query-input":{"@type":"PropertyValueSpecification","valueRequired":true,"valueName":"search_term_string"}}],"inLanguage":"en-US"},{"@type":"Organization","@id":"https:\/\/stelfia.com\/#organization","name":"Trottinette \u00e9lectrique lausanne","url":"https:\/\/stelfia.com\/","logo":{"@type":"ImageObject","inLanguage":"en-US","@id":"https:\/\/stelfia.com\/#\/schema\/logo\/image\/","url":"https:\/\/stelfia.com\/wp-content\/uploads\/2023\/02\/logonew-removebg-preview.png","contentUrl":"https:\/\/stelfia.com\/wp-content\/uploads\/2023\/02\/logonew-removebg-preview.png","width":238,"height":100,"caption":"Trottinette \u00e9lectrique lausanne"},"image":{"@id":"https:\/\/stelfia.com\/#\/schema\/logo\/image\/"}}]}},"_links":{"self":[{"href":"https:\/\/stelfia.com\/en\/wp-json\/wp\/v2\/product\/9417","targetHints":{"allow":["GET"]}}],"collection":[{"href":"https:\/\/stelfia.com\/en\/wp-json\/wp\/v2\/product"}],"about":[{"href":"https:\/\/stelfia.com\/en\/wp-json\/wp\/v2\/types\/product"}],"version-history":[{"count":0,"href":"https:\/\/stelfia.com\/en\/wp-json\/wp\/v2\/product\/9417\/revisions"}],"wp:featuredmedia":[{"embeddable":true,"href":"https:\/\/stelfia.com\/en\/wp-json\/wp\/v2\/media\/9975"}],"wp:attachment":[{"href":"https:\/\/stelfia.com\/en\/wp-json\/wp\/v2\/media?parent=9417"}],"wp:term":[{"taxonomy":"product_brand","embeddable":true,"href":"https:\/\/stelfia.com\/en\/wp-json\/wp\/v2\/product_brand?post=9417"},{"taxonomy":"product_cat","embeddable":true,"href":"https:\/\/stelfia.com\/en\/wp-json\/wp\/v2\/product_cat?post=9417"},{"taxonomy":"product_tag","embeddable":true,"href":"https:\/\/stelfia.com\/en\/wp-json\/wp\/v2\/product_tag?post=9417"},{"taxonomy":"permis--de-conduire","embeddable":true,"href":"https:\/\/stelfia.com\/en\/wp-json\/wp\/v2\/permis--de-conduire?post=9417"},{"taxonomy":"vitesse","embeddable":true,"href":"https:\/\/stelfia.com\/en\/wp-json\/wp\/v2\/vitesse?post=9417"},{"taxonomy":"brands","embeddable":true,"href":"https:\/\/stelfia.com\/en\/wp-json\/wp\/v2\/brands?post=9417"},{"taxonomy":"accessoires","embeddable":true,"href":"https:\/\/stelfia.com\/en\/wp-json\/wp\/v2\/accessoires?post=9417"},{"taxonomy":"pieces-detachees","embeddable":true,"href":"https:\/\/stelfia.com\/en\/wp-json\/wp\/v2\/pieces-detachees?post=9417"},{"taxonomy":"trottinette-electrique","embeddable":true,"href":"https:\/\/stelfia.com\/en\/wp-json\/wp\/v2\/trottinette-electrique?post=9417"},{"taxonomy":"velo","embeddable":true,"href":"https:\/\/stelfia.com\/en\/wp-json\/wp\/v2\/velo?post=9417"}],"curies":[{"name":"wp","href":"https:\/\/api.w.org\/{rel}","templated":true}]}}