{"id":583,"date":"2022-10-17T14:02:42","date_gmt":"2022-10-17T14:02:42","guid":{"rendered":"https:\/\/stelfia.com\/?post_type=product&#038;p=583"},"modified":"2024-02-15T10:36:44","modified_gmt":"2024-02-15T10:36:44","slug":"meguiars-gold-class-brillant-profond-pour-pneus-473-ml-g7516","status":"publish","type":"product","link":"https:\/\/stelfia.com\/en\/shop\/meguiars\/meguiars-gold-class-brillant-profond-pour-pneus-473-ml-g7516\/","title":{"rendered":"Meguiar&#039;s Gold Class Deep Tire Shine 473 ml, G7516"},"content":{"rendered":"","protected":false},"excerpt":{"rendered":"<div id=\"tab-description\" class=\"woocommerce-Tabs-panel woocommerce-Tabs-panel--description panel entry-content wc-tab\" role=\"tabpanel\" aria-labelledby=\"tab-title-description\">\n<h2>Description<\/h2>\n<p>You&#039;ll never have had tires this good for so long. Endurance&#039;s unique chemistry prevents tires from yellowing and keeps them black for weeks despite snow, rain or sun.<\/p>\n<ul>\n<li>Protects tires against UV rays and yellowing<\/li>\n<li>Tires stay black and shiny for weeks<\/li>\n<li>Gel format is economical and leaves no marks<\/li>\n<li>No spills, drips or stains on floors<\/li>\n<li>473ml<\/li>\n<\/ul>\n<\/div>","protected":false},"featured_media":8646,"template":"","meta":{"_uf_show_specific_survey":0,"_uf_disable_surveys":false},"product_brand":[],"product_cat":[227],"product_tag":[],"permis--de-conduire":[],"vitesse":[],"brands":[80],"accessoires":[],"pieces-detachees":[],"trottinette-electrique":[],"velo":[],"class_list":{"0":"post-583","1":"product","2":"type-product","3":"status-publish","4":"has-post-thumbnail","6":"product_cat-meguiars","7":"brands-meguiars","8":"tm-no-options","10":"first","11":"outofstock","12":"taxable","13":"shipping-taxable","14":"purchasable","15":"product-type-simple"},"yoast_head":"<!-- This site is optimized with the Yoast SEO plugin v25.8 - https:\/\/yoast.com\/wordpress\/plugins\/seo\/ -->\n<title>Meguiar\u2019s Gold Class Brillant profond pour pneus 473 ml, G7516 - Trottinette \u00e9lectrique<\/title>\n<meta name=\"robots\" content=\"index, follow, max-snippet:-1, max-image-preview:large, max-video-preview:-1\" \/>\n<link rel=\"canonical\" href=\"https:\/\/stelfia.com\/en\/shop\/meguiars\/meguiars-gold-class-brillant-profond-pour-pneus-473-ml-g7516\/\" \/>\n<meta property=\"og:locale\" content=\"en_US\" \/>\n<meta property=\"og:type\" content=\"article\" \/>\n<meta property=\"og:title\" content=\"Meguiar\u2019s Gold Class Brillant profond pour pneus 473 ml, G7516 - Trottinette \u00e9lectrique\" \/>\n<meta property=\"og:description\" content=\"Description Jamais vous n\u2019aurez eu de pneus aussi beaux pendant aussi longtemps. La chimie unique d\u2019Endurance \u00e9vite le jaunissement des pneus et les conserve noirs pendant des semaines malgr\u00e9 la neige, la pluie ou le soleil.   Prot\u00e8ge les pneus contre les rayons UV et du jaunissement  Les pneus restent noirs et brillants pendant des semaines  Format en gel est \u00e9conomique et ne laisse pas de traces  Pas d\u2019\u00e9claboussures, de coulures ou de taches sur les sols  473ml\" \/>\n<meta property=\"og:url\" content=\"https:\/\/stelfia.com\/en\/shop\/meguiars\/meguiars-gold-class-brillant-profond-pour-pneus-473-ml-g7516\/\" \/>\n<meta property=\"og:site_name\" content=\"Trottinette \u00e9lectrique\" \/>\n<meta property=\"article:modified_time\" content=\"2024-02-15T10:36:44+00:00\" \/>\n<meta property=\"og:image\" content=\"https:\/\/stelfia.com\/wp-content\/uploads\/2023\/02\/t9-1.png\" \/>\n\t<meta property=\"og:image:width\" content=\"1200\" \/>\n\t<meta property=\"og:image:height\" content=\"1372\" \/>\n\t<meta property=\"og:image:type\" content=\"image\/png\" \/>\n<meta name=\"twitter:card\" content=\"summary_large_image\" \/>\n<meta name=\"twitter:label1\" content=\"Est. reading time\" \/>\n\t<meta name=\"twitter:data1\" content=\"1 minute\" \/>\n<script type=\"application\/ld+json\" class=\"yoast-schema-graph\">{\"@context\":\"https:\/\/schema.org\",\"@graph\":[{\"@type\":\"WebPage\",\"@id\":\"https:\/\/stelfia.com\/en\/shop\/meguiars\/meguiars-gold-class-brillant-profond-pour-pneus-473-ml-g7516\/\",\"url\":\"https:\/\/stelfia.com\/en\/shop\/meguiars\/meguiars-gold-class-brillant-profond-pour-pneus-473-ml-g7516\/\",\"name\":\"Meguiar\u2019s Gold Class Brillant profond pour pneus 473 ml, G7516 - Trottinette \u00e9lectrique\",\"isPartOf\":{\"@id\":\"https:\/\/stelfia.com\/#website\"},\"primaryImageOfPage\":{\"@id\":\"https:\/\/stelfia.com\/en\/shop\/meguiars\/meguiars-gold-class-brillant-profond-pour-pneus-473-ml-g7516\/#primaryimage\"},\"image\":{\"@id\":\"https:\/\/stelfia.com\/en\/shop\/meguiars\/meguiars-gold-class-brillant-profond-pour-pneus-473-ml-g7516\/#primaryimage\"},\"thumbnailUrl\":\"https:\/\/stelfia.com\/wp-content\/uploads\/2023\/02\/t9-1.png\",\"datePublished\":\"2022-10-17T14:02:42+00:00\",\"dateModified\":\"2024-02-15T10:36:44+00:00\",\"breadcrumb\":{\"@id\":\"https:\/\/stelfia.com\/en\/shop\/meguiars\/meguiars-gold-class-brillant-profond-pour-pneus-473-ml-g7516\/#breadcrumb\"},\"inLanguage\":\"en-US\",\"potentialAction\":[{\"@type\":\"ReadAction\",\"target\":[\"https:\/\/stelfia.com\/en\/shop\/meguiars\/meguiars-gold-class-brillant-profond-pour-pneus-473-ml-g7516\/\"]}]},{\"@type\":\"ImageObject\",\"inLanguage\":\"en-US\",\"@id\":\"https:\/\/stelfia.com\/en\/shop\/meguiars\/meguiars-gold-class-brillant-profond-pour-pneus-473-ml-g7516\/#primaryimage\",\"url\":\"https:\/\/stelfia.com\/wp-content\/uploads\/2023\/02\/t9-1.png\",\"contentUrl\":\"https:\/\/stelfia.com\/wp-content\/uploads\/2023\/02\/t9-1.png\",\"width\":1200,\"height\":1372},{\"@type\":\"BreadcrumbList\",\"@id\":\"https:\/\/stelfia.com\/en\/shop\/meguiars\/meguiars-gold-class-brillant-profond-pour-pneus-473-ml-g7516\/#breadcrumb\",\"itemListElement\":[{\"@type\":\"ListItem\",\"position\":1,\"name\":\"Accueil\",\"item\":\"https:\/\/stelfia.com\/\"},{\"@type\":\"ListItem\",\"position\":2,\"name\":\"Shop\",\"item\":\"https:\/\/stelfia.com\/shop\/\"},{\"@type\":\"ListItem\",\"position\":3,\"name\":\"Meguiar\u2019s Gold Class Brillant profond pour pneus 473 ml, G7516\"}]},{\"@type\":\"WebSite\",\"@id\":\"https:\/\/stelfia.com\/#website\",\"url\":\"https:\/\/stelfia.com\/\",\"name\":\"Trottinette \u00e9lectrique\",\"description\":\"Trottinette \u00e9lectrique en Suisse romande\",\"publisher\":{\"@id\":\"https:\/\/stelfia.com\/#organization\"},\"potentialAction\":[{\"@type\":\"SearchAction\",\"target\":{\"@type\":\"EntryPoint\",\"urlTemplate\":\"https:\/\/stelfia.com\/?s={search_term_string}\"},\"query-input\":{\"@type\":\"PropertyValueSpecification\",\"valueRequired\":true,\"valueName\":\"search_term_string\"}}],\"inLanguage\":\"en-US\"},{\"@type\":\"Organization\",\"@id\":\"https:\/\/stelfia.com\/#organization\",\"name\":\"Trottinette \u00e9lectrique lausanne\",\"url\":\"https:\/\/stelfia.com\/\",\"logo\":{\"@type\":\"ImageObject\",\"inLanguage\":\"en-US\",\"@id\":\"https:\/\/stelfia.com\/#\/schema\/logo\/image\/\",\"url\":\"https:\/\/stelfia.com\/wp-content\/uploads\/2023\/02\/logonew-removebg-preview.png\",\"contentUrl\":\"https:\/\/stelfia.com\/wp-content\/uploads\/2023\/02\/logonew-removebg-preview.png\",\"width\":238,\"height\":100,\"caption\":\"Trottinette \u00e9lectrique lausanne\"},\"image\":{\"@id\":\"https:\/\/stelfia.com\/#\/schema\/logo\/image\/\"}}]}<\/script>\n<!-- \/ Yoast SEO plugin. -->","yoast_head_json":{"title":"Meguiar\u2019s Gold Class Brillant profond pour pneus 473 ml, G7516 - Trottinette \u00e9lectrique","robots":{"index":"index","follow":"follow","max-snippet":"max-snippet:-1","max-image-preview":"max-image-preview:large","max-video-preview":"max-video-preview:-1"},"canonical":"https:\/\/stelfia.com\/en\/shop\/meguiars\/meguiars-gold-class-brillant-profond-pour-pneus-473-ml-g7516\/","og_locale":"en_US","og_type":"article","og_title":"Meguiar\u2019s Gold Class Brillant profond pour pneus 473 ml, G7516 - Trottinette \u00e9lectrique","og_description":"Description Jamais vous n\u2019aurez eu de pneus aussi beaux pendant aussi longtemps. La chimie unique d\u2019Endurance \u00e9vite le jaunissement des pneus et les conserve noirs pendant des semaines malgr\u00e9 la neige, la pluie ou le soleil.   Prot\u00e8ge les pneus contre les rayons UV et du jaunissement  Les pneus restent noirs et brillants pendant des semaines  Format en gel est \u00e9conomique et ne laisse pas de traces  Pas d\u2019\u00e9claboussures, de coulures ou de taches sur les sols  473ml","og_url":"https:\/\/stelfia.com\/en\/shop\/meguiars\/meguiars-gold-class-brillant-profond-pour-pneus-473-ml-g7516\/","og_site_name":"Trottinette \u00e9lectrique","article_modified_time":"2024-02-15T10:36:44+00:00","og_image":[{"width":1200,"height":1372,"url":"https:\/\/stelfia.com\/wp-content\/uploads\/2023\/02\/t9-1.png","type":"image\/png"}],"twitter_card":"summary_large_image","twitter_misc":{"Est. reading time":"1 minute"},"schema":{"@context":"https:\/\/schema.org","@graph":[{"@type":"WebPage","@id":"https:\/\/stelfia.com\/en\/shop\/meguiars\/meguiars-gold-class-brillant-profond-pour-pneus-473-ml-g7516\/","url":"https:\/\/stelfia.com\/en\/shop\/meguiars\/meguiars-gold-class-brillant-profond-pour-pneus-473-ml-g7516\/","name":"Meguiar\u2019s Gold Class Brillant profond pour pneus 473 ml, G7516 - Trottinette \u00e9lectrique","isPartOf":{"@id":"https:\/\/stelfia.com\/#website"},"primaryImageOfPage":{"@id":"https:\/\/stelfia.com\/en\/shop\/meguiars\/meguiars-gold-class-brillant-profond-pour-pneus-473-ml-g7516\/#primaryimage"},"image":{"@id":"https:\/\/stelfia.com\/en\/shop\/meguiars\/meguiars-gold-class-brillant-profond-pour-pneus-473-ml-g7516\/#primaryimage"},"thumbnailUrl":"https:\/\/stelfia.com\/wp-content\/uploads\/2023\/02\/t9-1.png","datePublished":"2022-10-17T14:02:42+00:00","dateModified":"2024-02-15T10:36:44+00:00","breadcrumb":{"@id":"https:\/\/stelfia.com\/en\/shop\/meguiars\/meguiars-gold-class-brillant-profond-pour-pneus-473-ml-g7516\/#breadcrumb"},"inLanguage":"en-US","potentialAction":[{"@type":"ReadAction","target":["https:\/\/stelfia.com\/en\/shop\/meguiars\/meguiars-gold-class-brillant-profond-pour-pneus-473-ml-g7516\/"]}]},{"@type":"ImageObject","inLanguage":"en-US","@id":"https:\/\/stelfia.com\/en\/shop\/meguiars\/meguiars-gold-class-brillant-profond-pour-pneus-473-ml-g7516\/#primaryimage","url":"https:\/\/stelfia.com\/wp-content\/uploads\/2023\/02\/t9-1.png","contentUrl":"https:\/\/stelfia.com\/wp-content\/uploads\/2023\/02\/t9-1.png","width":1200,"height":1372},{"@type":"BreadcrumbList","@id":"https:\/\/stelfia.com\/en\/shop\/meguiars\/meguiars-gold-class-brillant-profond-pour-pneus-473-ml-g7516\/#breadcrumb","itemListElement":[{"@type":"ListItem","position":1,"name":"Accueil","item":"https:\/\/stelfia.com\/"},{"@type":"ListItem","position":2,"name":"Shop","item":"https:\/\/stelfia.com\/shop\/"},{"@type":"ListItem","position":3,"name":"Meguiar\u2019s Gold Class Brillant profond pour pneus 473 ml, G7516"}]},{"@type":"WebSite","@id":"https:\/\/stelfia.com\/#website","url":"https:\/\/stelfia.com\/","name":"Electric scooter","description":"Electric scooter in French-speaking Switzerland","publisher":{"@id":"https:\/\/stelfia.com\/#organization"},"potentialAction":[{"@type":"SearchAction","target":{"@type":"EntryPoint","urlTemplate":"https:\/\/stelfia.com\/?s={search_term_string}"},"query-input":{"@type":"PropertyValueSpecification","valueRequired":true,"valueName":"search_term_string"}}],"inLanguage":"en-US"},{"@type":"Organization","@id":"https:\/\/stelfia.com\/#organization","name":"Trottinette \u00e9lectrique lausanne","url":"https:\/\/stelfia.com\/","logo":{"@type":"ImageObject","inLanguage":"en-US","@id":"https:\/\/stelfia.com\/#\/schema\/logo\/image\/","url":"https:\/\/stelfia.com\/wp-content\/uploads\/2023\/02\/logonew-removebg-preview.png","contentUrl":"https:\/\/stelfia.com\/wp-content\/uploads\/2023\/02\/logonew-removebg-preview.png","width":238,"height":100,"caption":"Trottinette \u00e9lectrique lausanne"},"image":{"@id":"https:\/\/stelfia.com\/#\/schema\/logo\/image\/"}}]}},"_links":{"self":[{"href":"https:\/\/stelfia.com\/en\/wp-json\/wp\/v2\/product\/583","targetHints":{"allow":["GET"]}}],"collection":[{"href":"https:\/\/stelfia.com\/en\/wp-json\/wp\/v2\/product"}],"about":[{"href":"https:\/\/stelfia.com\/en\/wp-json\/wp\/v2\/types\/product"}],"version-history":[{"count":0,"href":"https:\/\/stelfia.com\/en\/wp-json\/wp\/v2\/product\/583\/revisions"}],"wp:featuredmedia":[{"embeddable":true,"href":"https:\/\/stelfia.com\/en\/wp-json\/wp\/v2\/media\/8646"}],"wp:attachment":[{"href":"https:\/\/stelfia.com\/en\/wp-json\/wp\/v2\/media?parent=583"}],"wp:term":[{"taxonomy":"product_brand","embeddable":true,"href":"https:\/\/stelfia.com\/en\/wp-json\/wp\/v2\/product_brand?post=583"},{"taxonomy":"product_cat","embeddable":true,"href":"https:\/\/stelfia.com\/en\/wp-json\/wp\/v2\/product_cat?post=583"},{"taxonomy":"product_tag","embeddable":true,"href":"https:\/\/stelfia.com\/en\/wp-json\/wp\/v2\/product_tag?post=583"},{"taxonomy":"permis--de-conduire","embeddable":true,"href":"https:\/\/stelfia.com\/en\/wp-json\/wp\/v2\/permis--de-conduire?post=583"},{"taxonomy":"vitesse","embeddable":true,"href":"https:\/\/stelfia.com\/en\/wp-json\/wp\/v2\/vitesse?post=583"},{"taxonomy":"brands","embeddable":true,"href":"https:\/\/stelfia.com\/en\/wp-json\/wp\/v2\/brands?post=583"},{"taxonomy":"accessoires","embeddable":true,"href":"https:\/\/stelfia.com\/en\/wp-json\/wp\/v2\/accessoires?post=583"},{"taxonomy":"pieces-detachees","embeddable":true,"href":"https:\/\/stelfia.com\/en\/wp-json\/wp\/v2\/pieces-detachees?post=583"},{"taxonomy":"trottinette-electrique","embeddable":true,"href":"https:\/\/stelfia.com\/en\/wp-json\/wp\/v2\/trottinette-electrique?post=583"},{"taxonomy":"velo","embeddable":true,"href":"https:\/\/stelfia.com\/en\/wp-json\/wp\/v2\/velo?post=583"}],"curies":[{"name":"wp","href":"https:\/\/api.w.org\/{rel}","templated":true}]}}