{"id":571,"date":"2022-10-17T13:57:01","date_gmt":"2022-10-17T13:57:01","guid":{"rendered":"https:\/\/stelfia.com\/?post_type=product&#038;p=571"},"modified":"2025-02-20T09:14:55","modified_gmt":"2025-02-20T09:14:55","slug":"meguiars-perfect-clarity-nettoyant-pour-vitre-710-ml-g8224","status":"publish","type":"product","link":"https:\/\/stelfia.com\/en\/shop\/meguiars\/meguiars-perfect-clarity-nettoyant-pour-vitre-710-ml-g8224\/","title":{"rendered":"Meguiar&#039;s Perfect Clarity window cleaner 710 ml, G8224"},"content":{"rendered":"","protected":false},"excerpt":{"rendered":"<div id=\"tab-description\" class=\"woocommerce-Tabs-panel woocommerce-Tabs-panel--description panel entry-content wc-tab\" role=\"tabpanel\" aria-labelledby=\"tab-title-description\">\n<h2>Description<\/h2>\n<p>Thanks to its new formula, Meguiar&#039;s window cleaner repels dust better, glass surfaces remain cleaner for longer.<\/p>\n<p>Quick and easy cleaning against insects, tree resins, smoke film and bird droppings.<\/p>\n<p>Use: The best cleaning results are obtained by using a microfiber cloth. The surface to be treated must not be hot and the product must be applied in the shade. Spray Glass Cleaner on part of the surface and rub with a microfiber cloth. Turn the microfiber cloth regularly.<\/p>\n<\/div>","protected":false},"featured_media":8635,"template":"","meta":{"_uf_show_specific_survey":0,"_uf_disable_surveys":false},"product_brand":[],"product_cat":[227],"product_tag":[],"permis--de-conduire":[],"vitesse":[],"brands":[80],"accessoires":[],"pieces-detachees":[],"trottinette-electrique":[],"velo":[],"class_list":{"0":"post-571","1":"product","2":"type-product","3":"status-publish","4":"has-post-thumbnail","6":"product_cat-meguiars","7":"brands-meguiars","8":"tm-no-options","10":"first","11":"instock","12":"taxable","13":"shipping-taxable","14":"purchasable","15":"product-type-simple"},"yoast_head":"<!-- This site is optimized with the Yoast SEO plugin v25.8 - https:\/\/yoast.com\/wordpress\/plugins\/seo\/ -->\n<title>Meguiar\u2019s Perfect Clarity nettoyant pour vitre 710 ml, G8224 - Trottinette \u00e9lectrique<\/title>\n<meta name=\"robots\" content=\"index, follow, max-snippet:-1, max-image-preview:large, max-video-preview:-1\" \/>\n<link rel=\"canonical\" href=\"https:\/\/stelfia.com\/en\/shop\/meguiars\/meguiars-perfect-clarity-nettoyant-pour-vitre-710-ml-g8224\/\" \/>\n<meta property=\"og:locale\" content=\"en_US\" \/>\n<meta property=\"og:type\" content=\"article\" \/>\n<meta property=\"og:title\" content=\"Meguiar\u2019s Perfect Clarity nettoyant pour vitre 710 ml, G8224 - Trottinette \u00e9lectrique\" \/>\n<meta property=\"og:description\" content=\"Description Gr\u00e2ce \u00e0 sa nouvelle formule,\u00a0 le nettoyant pour vitres de Meguiar\u2019s repousse mieux la poussi\u00e8re, les surfaces vitr\u00e9es restent plus longtemps propres.  Nettoyage rapide et simple contre les insectes, r\u00e9sines d\u2019arbres, film fumig\u00e8ne et excr\u00e9ments d\u2019oiseaux.  Utilisation : On obtient les meilleurs r\u00e9sultats de nettoyage en utilisant un chiffon microfibre. La surface \u00e0 traiter ne doit pas \u00eatre chaude et il faut appliquer le produit \u00e0 l\u2019ombre. Vaporiser Glass Cleaner sur une partie de la surface et frotter avec un chiffon microfibre. Retourner r\u00e9guli\u00e8rement le chiffon microfibre.\" \/>\n<meta property=\"og:url\" content=\"https:\/\/stelfia.com\/en\/shop\/meguiars\/meguiars-perfect-clarity-nettoyant-pour-vitre-710-ml-g8224\/\" \/>\n<meta property=\"og:site_name\" content=\"Trottinette \u00e9lectrique\" \/>\n<meta property=\"article:modified_time\" content=\"2025-02-20T09:14:55+00:00\" \/>\n<meta property=\"og:image\" content=\"https:\/\/stelfia.com\/wp-content\/uploads\/2023\/02\/t5-1.png\" \/>\n\t<meta property=\"og:image:width\" content=\"880\" \/>\n\t<meta property=\"og:image:height\" content=\"880\" \/>\n\t<meta property=\"og:image:type\" content=\"image\/png\" \/>\n<meta name=\"twitter:card\" content=\"summary_large_image\" \/>\n<meta name=\"twitter:label1\" content=\"Est. reading time\" \/>\n\t<meta name=\"twitter:data1\" content=\"1 minute\" \/>\n<script type=\"application\/ld+json\" class=\"yoast-schema-graph\">{\"@context\":\"https:\/\/schema.org\",\"@graph\":[{\"@type\":\"WebPage\",\"@id\":\"https:\/\/stelfia.com\/shop\/meguiars\/meguiars-perfect-clarity-nettoyant-pour-vitre-710-ml-g8224\/\",\"url\":\"https:\/\/stelfia.com\/shop\/meguiars\/meguiars-perfect-clarity-nettoyant-pour-vitre-710-ml-g8224\/\",\"name\":\"Meguiar\u2019s Perfect Clarity nettoyant pour vitre 710 ml, G8224 - Trottinette \u00e9lectrique\",\"isPartOf\":{\"@id\":\"https:\/\/stelfia.com\/#website\"},\"primaryImageOfPage\":{\"@id\":\"https:\/\/stelfia.com\/shop\/meguiars\/meguiars-perfect-clarity-nettoyant-pour-vitre-710-ml-g8224\/#primaryimage\"},\"image\":{\"@id\":\"https:\/\/stelfia.com\/shop\/meguiars\/meguiars-perfect-clarity-nettoyant-pour-vitre-710-ml-g8224\/#primaryimage\"},\"thumbnailUrl\":\"https:\/\/stelfia.com\/wp-content\/uploads\/2023\/02\/t5-1.png\",\"datePublished\":\"2022-10-17T13:57:01+00:00\",\"dateModified\":\"2025-02-20T09:14:55+00:00\",\"breadcrumb\":{\"@id\":\"https:\/\/stelfia.com\/shop\/meguiars\/meguiars-perfect-clarity-nettoyant-pour-vitre-710-ml-g8224\/#breadcrumb\"},\"inLanguage\":\"en-US\",\"potentialAction\":[{\"@type\":\"ReadAction\",\"target\":[\"https:\/\/stelfia.com\/shop\/meguiars\/meguiars-perfect-clarity-nettoyant-pour-vitre-710-ml-g8224\/\"]}]},{\"@type\":\"ImageObject\",\"inLanguage\":\"en-US\",\"@id\":\"https:\/\/stelfia.com\/shop\/meguiars\/meguiars-perfect-clarity-nettoyant-pour-vitre-710-ml-g8224\/#primaryimage\",\"url\":\"https:\/\/stelfia.com\/wp-content\/uploads\/2023\/02\/t5-1.png\",\"contentUrl\":\"https:\/\/stelfia.com\/wp-content\/uploads\/2023\/02\/t5-1.png\",\"width\":880,\"height\":880},{\"@type\":\"BreadcrumbList\",\"@id\":\"https:\/\/stelfia.com\/shop\/meguiars\/meguiars-perfect-clarity-nettoyant-pour-vitre-710-ml-g8224\/#breadcrumb\",\"itemListElement\":[{\"@type\":\"ListItem\",\"position\":1,\"name\":\"Accueil\",\"item\":\"https:\/\/stelfia.com\/\"},{\"@type\":\"ListItem\",\"position\":2,\"name\":\"Shop\",\"item\":\"https:\/\/stelfia.com\/shop\/\"},{\"@type\":\"ListItem\",\"position\":3,\"name\":\"Meguiar\u2019s Perfect Clarity nettoyant pour vitre 710 ml, G8224\"}]},{\"@type\":\"WebSite\",\"@id\":\"https:\/\/stelfia.com\/#website\",\"url\":\"https:\/\/stelfia.com\/\",\"name\":\"Trottinette \u00e9lectrique\",\"description\":\"Trottinette \u00e9lectrique en Suisse romande\",\"publisher\":{\"@id\":\"https:\/\/stelfia.com\/#organization\"},\"potentialAction\":[{\"@type\":\"SearchAction\",\"target\":{\"@type\":\"EntryPoint\",\"urlTemplate\":\"https:\/\/stelfia.com\/?s={search_term_string}\"},\"query-input\":{\"@type\":\"PropertyValueSpecification\",\"valueRequired\":true,\"valueName\":\"search_term_string\"}}],\"inLanguage\":\"en-US\"},{\"@type\":\"Organization\",\"@id\":\"https:\/\/stelfia.com\/#organization\",\"name\":\"Trottinette \u00e9lectrique lausanne\",\"url\":\"https:\/\/stelfia.com\/\",\"logo\":{\"@type\":\"ImageObject\",\"inLanguage\":\"en-US\",\"@id\":\"https:\/\/stelfia.com\/#\/schema\/logo\/image\/\",\"url\":\"https:\/\/stelfia.com\/wp-content\/uploads\/2023\/02\/logonew-removebg-preview.png\",\"contentUrl\":\"https:\/\/stelfia.com\/wp-content\/uploads\/2023\/02\/logonew-removebg-preview.png\",\"width\":238,\"height\":100,\"caption\":\"Trottinette \u00e9lectrique lausanne\"},\"image\":{\"@id\":\"https:\/\/stelfia.com\/#\/schema\/logo\/image\/\"}}]}<\/script>\n<!-- \/ Yoast SEO plugin. -->","yoast_head_json":{"title":"Meguiar\u2019s Perfect Clarity nettoyant pour vitre 710 ml, G8224 - Trottinette \u00e9lectrique","robots":{"index":"index","follow":"follow","max-snippet":"max-snippet:-1","max-image-preview":"max-image-preview:large","max-video-preview":"max-video-preview:-1"},"canonical":"https:\/\/stelfia.com\/en\/shop\/meguiars\/meguiars-perfect-clarity-nettoyant-pour-vitre-710-ml-g8224\/","og_locale":"en_US","og_type":"article","og_title":"Meguiar\u2019s Perfect Clarity nettoyant pour vitre 710 ml, G8224 - Trottinette \u00e9lectrique","og_description":"Description Gr\u00e2ce \u00e0 sa nouvelle formule,\u00a0 le nettoyant pour vitres de Meguiar\u2019s repousse mieux la poussi\u00e8re, les surfaces vitr\u00e9es restent plus longtemps propres.  Nettoyage rapide et simple contre les insectes, r\u00e9sines d\u2019arbres, film fumig\u00e8ne et excr\u00e9ments d\u2019oiseaux.  Utilisation : On obtient les meilleurs r\u00e9sultats de nettoyage en utilisant un chiffon microfibre. La surface \u00e0 traiter ne doit pas \u00eatre chaude et il faut appliquer le produit \u00e0 l\u2019ombre. Vaporiser Glass Cleaner sur une partie de la surface et frotter avec un chiffon microfibre. Retourner r\u00e9guli\u00e8rement le chiffon microfibre.","og_url":"https:\/\/stelfia.com\/en\/shop\/meguiars\/meguiars-perfect-clarity-nettoyant-pour-vitre-710-ml-g8224\/","og_site_name":"Trottinette \u00e9lectrique","article_modified_time":"2025-02-20T09:14:55+00:00","og_image":[{"width":880,"height":880,"url":"https:\/\/stelfia.com\/wp-content\/uploads\/2023\/02\/t5-1.png","type":"image\/png"}],"twitter_card":"summary_large_image","twitter_misc":{"Est. reading time":"1 minute"},"schema":{"@context":"https:\/\/schema.org","@graph":[{"@type":"WebPage","@id":"https:\/\/stelfia.com\/shop\/meguiars\/meguiars-perfect-clarity-nettoyant-pour-vitre-710-ml-g8224\/","url":"https:\/\/stelfia.com\/shop\/meguiars\/meguiars-perfect-clarity-nettoyant-pour-vitre-710-ml-g8224\/","name":"Meguiar\u2019s Perfect Clarity nettoyant pour vitre 710 ml, G8224 - Trottinette \u00e9lectrique","isPartOf":{"@id":"https:\/\/stelfia.com\/#website"},"primaryImageOfPage":{"@id":"https:\/\/stelfia.com\/shop\/meguiars\/meguiars-perfect-clarity-nettoyant-pour-vitre-710-ml-g8224\/#primaryimage"},"image":{"@id":"https:\/\/stelfia.com\/shop\/meguiars\/meguiars-perfect-clarity-nettoyant-pour-vitre-710-ml-g8224\/#primaryimage"},"thumbnailUrl":"https:\/\/stelfia.com\/wp-content\/uploads\/2023\/02\/t5-1.png","datePublished":"2022-10-17T13:57:01+00:00","dateModified":"2025-02-20T09:14:55+00:00","breadcrumb":{"@id":"https:\/\/stelfia.com\/shop\/meguiars\/meguiars-perfect-clarity-nettoyant-pour-vitre-710-ml-g8224\/#breadcrumb"},"inLanguage":"en-US","potentialAction":[{"@type":"ReadAction","target":["https:\/\/stelfia.com\/shop\/meguiars\/meguiars-perfect-clarity-nettoyant-pour-vitre-710-ml-g8224\/"]}]},{"@type":"ImageObject","inLanguage":"en-US","@id":"https:\/\/stelfia.com\/shop\/meguiars\/meguiars-perfect-clarity-nettoyant-pour-vitre-710-ml-g8224\/#primaryimage","url":"https:\/\/stelfia.com\/wp-content\/uploads\/2023\/02\/t5-1.png","contentUrl":"https:\/\/stelfia.com\/wp-content\/uploads\/2023\/02\/t5-1.png","width":880,"height":880},{"@type":"BreadcrumbList","@id":"https:\/\/stelfia.com\/shop\/meguiars\/meguiars-perfect-clarity-nettoyant-pour-vitre-710-ml-g8224\/#breadcrumb","itemListElement":[{"@type":"ListItem","position":1,"name":"Accueil","item":"https:\/\/stelfia.com\/"},{"@type":"ListItem","position":2,"name":"Shop","item":"https:\/\/stelfia.com\/shop\/"},{"@type":"ListItem","position":3,"name":"Meguiar\u2019s Perfect Clarity nettoyant pour vitre 710 ml, G8224"}]},{"@type":"WebSite","@id":"https:\/\/stelfia.com\/#website","url":"https:\/\/stelfia.com\/","name":"Electric scooter","description":"Electric scooter in French-speaking Switzerland","publisher":{"@id":"https:\/\/stelfia.com\/#organization"},"potentialAction":[{"@type":"SearchAction","target":{"@type":"EntryPoint","urlTemplate":"https:\/\/stelfia.com\/?s={search_term_string}"},"query-input":{"@type":"PropertyValueSpecification","valueRequired":true,"valueName":"search_term_string"}}],"inLanguage":"en-US"},{"@type":"Organization","@id":"https:\/\/stelfia.com\/#organization","name":"Trottinette \u00e9lectrique lausanne","url":"https:\/\/stelfia.com\/","logo":{"@type":"ImageObject","inLanguage":"en-US","@id":"https:\/\/stelfia.com\/#\/schema\/logo\/image\/","url":"https:\/\/stelfia.com\/wp-content\/uploads\/2023\/02\/logonew-removebg-preview.png","contentUrl":"https:\/\/stelfia.com\/wp-content\/uploads\/2023\/02\/logonew-removebg-preview.png","width":238,"height":100,"caption":"Trottinette \u00e9lectrique lausanne"},"image":{"@id":"https:\/\/stelfia.com\/#\/schema\/logo\/image\/"}}]}},"_links":{"self":[{"href":"https:\/\/stelfia.com\/en\/wp-json\/wp\/v2\/product\/571","targetHints":{"allow":["GET"]}}],"collection":[{"href":"https:\/\/stelfia.com\/en\/wp-json\/wp\/v2\/product"}],"about":[{"href":"https:\/\/stelfia.com\/en\/wp-json\/wp\/v2\/types\/product"}],"version-history":[{"count":0,"href":"https:\/\/stelfia.com\/en\/wp-json\/wp\/v2\/product\/571\/revisions"}],"wp:featuredmedia":[{"embeddable":true,"href":"https:\/\/stelfia.com\/en\/wp-json\/wp\/v2\/media\/8635"}],"wp:attachment":[{"href":"https:\/\/stelfia.com\/en\/wp-json\/wp\/v2\/media?parent=571"}],"wp:term":[{"taxonomy":"product_brand","embeddable":true,"href":"https:\/\/stelfia.com\/en\/wp-json\/wp\/v2\/product_brand?post=571"},{"taxonomy":"product_cat","embeddable":true,"href":"https:\/\/stelfia.com\/en\/wp-json\/wp\/v2\/product_cat?post=571"},{"taxonomy":"product_tag","embeddable":true,"href":"https:\/\/stelfia.com\/en\/wp-json\/wp\/v2\/product_tag?post=571"},{"taxonomy":"permis--de-conduire","embeddable":true,"href":"https:\/\/stelfia.com\/en\/wp-json\/wp\/v2\/permis--de-conduire?post=571"},{"taxonomy":"vitesse","embeddable":true,"href":"https:\/\/stelfia.com\/en\/wp-json\/wp\/v2\/vitesse?post=571"},{"taxonomy":"brands","embeddable":true,"href":"https:\/\/stelfia.com\/en\/wp-json\/wp\/v2\/brands?post=571"},{"taxonomy":"accessoires","embeddable":true,"href":"https:\/\/stelfia.com\/en\/wp-json\/wp\/v2\/accessoires?post=571"},{"taxonomy":"pieces-detachees","embeddable":true,"href":"https:\/\/stelfia.com\/en\/wp-json\/wp\/v2\/pieces-detachees?post=571"},{"taxonomy":"trottinette-electrique","embeddable":true,"href":"https:\/\/stelfia.com\/en\/wp-json\/wp\/v2\/trottinette-electrique?post=571"},{"taxonomy":"velo","embeddable":true,"href":"https:\/\/stelfia.com\/en\/wp-json\/wp\/v2\/velo?post=571"}],"curies":[{"name":"wp","href":"https:\/\/api.w.org\/{rel}","templated":true}]}}