{"id":561,"date":"2022-10-17T13:53:19","date_gmt":"2022-10-17T13:53:19","guid":{"rendered":"https:\/\/stelfia.com\/?post_type=product&#038;p=561"},"modified":"2025-02-20T09:10:50","modified_gmt":"2025-02-20T09:10:50","slug":"mts-chiffon-en-microfibres-40-x-40-cm-rose-g2000","status":"publish","type":"product","link":"https:\/\/stelfia.com\/en\/shop\/meguiars\/mts-chiffon-en-microfibres-40-x-40-cm-rose-g2000\/","title":{"rendered":"MTS Microfiber cloth 40 x 40 cm, pink, G2000"},"content":{"rendered":"","protected":false},"excerpt":{"rendered":"<div id=\"tab-description\" class=\"woocommerce-Tabs-panel woocommerce-Tabs-panel--description panel entry-content wc-tab\" role=\"tabpanel\" aria-labelledby=\"tab-title-description\">\n<h2>Description<\/h2>\n<p>Ideal for cleaning and polishing. Great absorbent power. Cleans surfaces without scratching them. Washable up to 95\u00b0C. Unlimited use. Top quality at a reasonable price.<\/p>\n<\/div>","protected":false},"featured_media":8629,"template":"","meta":{"_uf_show_specific_survey":0,"_uf_disable_surveys":false},"product_brand":[],"product_cat":[227],"product_tag":[],"permis--de-conduire":[],"vitesse":[],"brands":[80],"accessoires":[],"pieces-detachees":[],"trottinette-electrique":[],"velo":[],"class_list":{"0":"post-561","1":"product","2":"type-product","3":"status-publish","4":"has-post-thumbnail","6":"product_cat-meguiars","7":"brands-meguiars","8":"tm-no-options","10":"first","11":"instock","12":"taxable","13":"shipping-taxable","14":"purchasable","15":"product-type-simple"},"yoast_head":"<!-- This site is optimized with the Yoast SEO plugin v25.8 - https:\/\/yoast.com\/wordpress\/plugins\/seo\/ -->\n<title>MTS Chiffon en microfibres 40 x 40 cm, rose, G2000 - Trottinette \u00e9lectrique<\/title>\n<meta name=\"robots\" content=\"index, follow, max-snippet:-1, max-image-preview:large, max-video-preview:-1\" \/>\n<link rel=\"canonical\" href=\"https:\/\/stelfia.com\/en\/shop\/meguiars\/mts-chiffon-en-microfibres-40-x-40-cm-rose-g2000\/\" \/>\n<meta property=\"og:locale\" content=\"en_US\" \/>\n<meta property=\"og:type\" content=\"article\" \/>\n<meta property=\"og:title\" content=\"MTS Chiffon en microfibres 40 x 40 cm, rose, G2000 - Trottinette \u00e9lectrique\" \/>\n<meta property=\"og:description\" content=\"Description Id\u00e9al pour nettoyer et polir. Grande puissance absorbante. Nettoie les surfaces sans les rayer. Lavable jusqu\u2019\u00e0 95\u00b0C. Utilisation illimit\u00e9e. Qualit\u00e9 sup\u00e9rieure \u00e0 un prix raisonnable.\" \/>\n<meta property=\"og:url\" content=\"https:\/\/stelfia.com\/en\/shop\/meguiars\/mts-chiffon-en-microfibres-40-x-40-cm-rose-g2000\/\" \/>\n<meta property=\"og:site_name\" content=\"Trottinette \u00e9lectrique\" \/>\n<meta property=\"article:modified_time\" content=\"2025-02-20T09:10:50+00:00\" \/>\n<meta property=\"og:image\" content=\"https:\/\/stelfia.com\/wp-content\/uploads\/2023\/02\/t2.png\" \/>\n\t<meta property=\"og:image:width\" content=\"350\" \/>\n\t<meta property=\"og:image:height\" content=\"350\" \/>\n\t<meta property=\"og:image:type\" content=\"image\/png\" \/>\n<meta name=\"twitter:card\" content=\"summary_large_image\" \/>\n<meta name=\"twitter:label1\" content=\"Est. reading time\" \/>\n\t<meta name=\"twitter:data1\" content=\"1 minute\" \/>\n<script type=\"application\/ld+json\" class=\"yoast-schema-graph\">{\"@context\":\"https:\/\/schema.org\",\"@graph\":[{\"@type\":\"WebPage\",\"@id\":\"https:\/\/stelfia.com\/shop\/meguiars\/mts-chiffon-en-microfibres-40-x-40-cm-rose-g2000\/\",\"url\":\"https:\/\/stelfia.com\/shop\/meguiars\/mts-chiffon-en-microfibres-40-x-40-cm-rose-g2000\/\",\"name\":\"MTS Chiffon en microfibres 40 x 40 cm, rose, G2000 - Trottinette \u00e9lectrique\",\"isPartOf\":{\"@id\":\"https:\/\/stelfia.com\/#website\"},\"primaryImageOfPage\":{\"@id\":\"https:\/\/stelfia.com\/shop\/meguiars\/mts-chiffon-en-microfibres-40-x-40-cm-rose-g2000\/#primaryimage\"},\"image\":{\"@id\":\"https:\/\/stelfia.com\/shop\/meguiars\/mts-chiffon-en-microfibres-40-x-40-cm-rose-g2000\/#primaryimage\"},\"thumbnailUrl\":\"https:\/\/stelfia.com\/wp-content\/uploads\/2023\/02\/t2.png\",\"datePublished\":\"2022-10-17T13:53:19+00:00\",\"dateModified\":\"2025-02-20T09:10:50+00:00\",\"breadcrumb\":{\"@id\":\"https:\/\/stelfia.com\/shop\/meguiars\/mts-chiffon-en-microfibres-40-x-40-cm-rose-g2000\/#breadcrumb\"},\"inLanguage\":\"en-US\",\"potentialAction\":[{\"@type\":\"ReadAction\",\"target\":[\"https:\/\/stelfia.com\/shop\/meguiars\/mts-chiffon-en-microfibres-40-x-40-cm-rose-g2000\/\"]}]},{\"@type\":\"ImageObject\",\"inLanguage\":\"en-US\",\"@id\":\"https:\/\/stelfia.com\/shop\/meguiars\/mts-chiffon-en-microfibres-40-x-40-cm-rose-g2000\/#primaryimage\",\"url\":\"https:\/\/stelfia.com\/wp-content\/uploads\/2023\/02\/t2.png\",\"contentUrl\":\"https:\/\/stelfia.com\/wp-content\/uploads\/2023\/02\/t2.png\",\"width\":350,\"height\":350},{\"@type\":\"BreadcrumbList\",\"@id\":\"https:\/\/stelfia.com\/shop\/meguiars\/mts-chiffon-en-microfibres-40-x-40-cm-rose-g2000\/#breadcrumb\",\"itemListElement\":[{\"@type\":\"ListItem\",\"position\":1,\"name\":\"Accueil\",\"item\":\"https:\/\/stelfia.com\/\"},{\"@type\":\"ListItem\",\"position\":2,\"name\":\"Shop\",\"item\":\"https:\/\/stelfia.com\/shop\/\"},{\"@type\":\"ListItem\",\"position\":3,\"name\":\"MTS Chiffon en microfibres 40 x 40 cm, rose, G2000\"}]},{\"@type\":\"WebSite\",\"@id\":\"https:\/\/stelfia.com\/#website\",\"url\":\"https:\/\/stelfia.com\/\",\"name\":\"Trottinette \u00e9lectrique\",\"description\":\"Trottinette \u00e9lectrique en Suisse romande\",\"publisher\":{\"@id\":\"https:\/\/stelfia.com\/#organization\"},\"potentialAction\":[{\"@type\":\"SearchAction\",\"target\":{\"@type\":\"EntryPoint\",\"urlTemplate\":\"https:\/\/stelfia.com\/?s={search_term_string}\"},\"query-input\":{\"@type\":\"PropertyValueSpecification\",\"valueRequired\":true,\"valueName\":\"search_term_string\"}}],\"inLanguage\":\"en-US\"},{\"@type\":\"Organization\",\"@id\":\"https:\/\/stelfia.com\/#organization\",\"name\":\"Trottinette \u00e9lectrique lausanne\",\"url\":\"https:\/\/stelfia.com\/\",\"logo\":{\"@type\":\"ImageObject\",\"inLanguage\":\"en-US\",\"@id\":\"https:\/\/stelfia.com\/#\/schema\/logo\/image\/\",\"url\":\"https:\/\/stelfia.com\/wp-content\/uploads\/2023\/02\/logonew-removebg-preview.png\",\"contentUrl\":\"https:\/\/stelfia.com\/wp-content\/uploads\/2023\/02\/logonew-removebg-preview.png\",\"width\":238,\"height\":100,\"caption\":\"Trottinette \u00e9lectrique lausanne\"},\"image\":{\"@id\":\"https:\/\/stelfia.com\/#\/schema\/logo\/image\/\"}}]}<\/script>\n<!-- \/ Yoast SEO plugin. -->","yoast_head_json":{"title":"MTS Chiffon en microfibres 40 x 40 cm, rose, G2000 - Trottinette \u00e9lectrique","robots":{"index":"index","follow":"follow","max-snippet":"max-snippet:-1","max-image-preview":"max-image-preview:large","max-video-preview":"max-video-preview:-1"},"canonical":"https:\/\/stelfia.com\/en\/shop\/meguiars\/mts-chiffon-en-microfibres-40-x-40-cm-rose-g2000\/","og_locale":"en_US","og_type":"article","og_title":"MTS Chiffon en microfibres 40 x 40 cm, rose, G2000 - Trottinette \u00e9lectrique","og_description":"Description Id\u00e9al pour nettoyer et polir. Grande puissance absorbante. Nettoie les surfaces sans les rayer. Lavable jusqu\u2019\u00e0 95\u00b0C. Utilisation illimit\u00e9e. Qualit\u00e9 sup\u00e9rieure \u00e0 un prix raisonnable.","og_url":"https:\/\/stelfia.com\/en\/shop\/meguiars\/mts-chiffon-en-microfibres-40-x-40-cm-rose-g2000\/","og_site_name":"Trottinette \u00e9lectrique","article_modified_time":"2025-02-20T09:10:50+00:00","og_image":[{"width":350,"height":350,"url":"https:\/\/stelfia.com\/wp-content\/uploads\/2023\/02\/t2.png","type":"image\/png"}],"twitter_card":"summary_large_image","twitter_misc":{"Est. reading time":"1 minute"},"schema":{"@context":"https:\/\/schema.org","@graph":[{"@type":"WebPage","@id":"https:\/\/stelfia.com\/shop\/meguiars\/mts-chiffon-en-microfibres-40-x-40-cm-rose-g2000\/","url":"https:\/\/stelfia.com\/shop\/meguiars\/mts-chiffon-en-microfibres-40-x-40-cm-rose-g2000\/","name":"MTS Chiffon en microfibres 40 x 40 cm, rose, G2000 - Trottinette \u00e9lectrique","isPartOf":{"@id":"https:\/\/stelfia.com\/#website"},"primaryImageOfPage":{"@id":"https:\/\/stelfia.com\/shop\/meguiars\/mts-chiffon-en-microfibres-40-x-40-cm-rose-g2000\/#primaryimage"},"image":{"@id":"https:\/\/stelfia.com\/shop\/meguiars\/mts-chiffon-en-microfibres-40-x-40-cm-rose-g2000\/#primaryimage"},"thumbnailUrl":"https:\/\/stelfia.com\/wp-content\/uploads\/2023\/02\/t2.png","datePublished":"2022-10-17T13:53:19+00:00","dateModified":"2025-02-20T09:10:50+00:00","breadcrumb":{"@id":"https:\/\/stelfia.com\/shop\/meguiars\/mts-chiffon-en-microfibres-40-x-40-cm-rose-g2000\/#breadcrumb"},"inLanguage":"en-US","potentialAction":[{"@type":"ReadAction","target":["https:\/\/stelfia.com\/shop\/meguiars\/mts-chiffon-en-microfibres-40-x-40-cm-rose-g2000\/"]}]},{"@type":"ImageObject","inLanguage":"en-US","@id":"https:\/\/stelfia.com\/shop\/meguiars\/mts-chiffon-en-microfibres-40-x-40-cm-rose-g2000\/#primaryimage","url":"https:\/\/stelfia.com\/wp-content\/uploads\/2023\/02\/t2.png","contentUrl":"https:\/\/stelfia.com\/wp-content\/uploads\/2023\/02\/t2.png","width":350,"height":350},{"@type":"BreadcrumbList","@id":"https:\/\/stelfia.com\/shop\/meguiars\/mts-chiffon-en-microfibres-40-x-40-cm-rose-g2000\/#breadcrumb","itemListElement":[{"@type":"ListItem","position":1,"name":"Accueil","item":"https:\/\/stelfia.com\/"},{"@type":"ListItem","position":2,"name":"Shop","item":"https:\/\/stelfia.com\/shop\/"},{"@type":"ListItem","position":3,"name":"MTS Chiffon en microfibres 40 x 40 cm, rose, G2000"}]},{"@type":"WebSite","@id":"https:\/\/stelfia.com\/#website","url":"https:\/\/stelfia.com\/","name":"Electric scooter","description":"Electric scooter in French-speaking Switzerland","publisher":{"@id":"https:\/\/stelfia.com\/#organization"},"potentialAction":[{"@type":"SearchAction","target":{"@type":"EntryPoint","urlTemplate":"https:\/\/stelfia.com\/?s={search_term_string}"},"query-input":{"@type":"PropertyValueSpecification","valueRequired":true,"valueName":"search_term_string"}}],"inLanguage":"en-US"},{"@type":"Organization","@id":"https:\/\/stelfia.com\/#organization","name":"Trottinette \u00e9lectrique lausanne","url":"https:\/\/stelfia.com\/","logo":{"@type":"ImageObject","inLanguage":"en-US","@id":"https:\/\/stelfia.com\/#\/schema\/logo\/image\/","url":"https:\/\/stelfia.com\/wp-content\/uploads\/2023\/02\/logonew-removebg-preview.png","contentUrl":"https:\/\/stelfia.com\/wp-content\/uploads\/2023\/02\/logonew-removebg-preview.png","width":238,"height":100,"caption":"Trottinette \u00e9lectrique lausanne"},"image":{"@id":"https:\/\/stelfia.com\/#\/schema\/logo\/image\/"}}]}},"_links":{"self":[{"href":"https:\/\/stelfia.com\/en\/wp-json\/wp\/v2\/product\/561","targetHints":{"allow":["GET"]}}],"collection":[{"href":"https:\/\/stelfia.com\/en\/wp-json\/wp\/v2\/product"}],"about":[{"href":"https:\/\/stelfia.com\/en\/wp-json\/wp\/v2\/types\/product"}],"version-history":[{"count":0,"href":"https:\/\/stelfia.com\/en\/wp-json\/wp\/v2\/product\/561\/revisions"}],"wp:featuredmedia":[{"embeddable":true,"href":"https:\/\/stelfia.com\/en\/wp-json\/wp\/v2\/media\/8629"}],"wp:attachment":[{"href":"https:\/\/stelfia.com\/en\/wp-json\/wp\/v2\/media?parent=561"}],"wp:term":[{"taxonomy":"product_brand","embeddable":true,"href":"https:\/\/stelfia.com\/en\/wp-json\/wp\/v2\/product_brand?post=561"},{"taxonomy":"product_cat","embeddable":true,"href":"https:\/\/stelfia.com\/en\/wp-json\/wp\/v2\/product_cat?post=561"},{"taxonomy":"product_tag","embeddable":true,"href":"https:\/\/stelfia.com\/en\/wp-json\/wp\/v2\/product_tag?post=561"},{"taxonomy":"permis--de-conduire","embeddable":true,"href":"https:\/\/stelfia.com\/en\/wp-json\/wp\/v2\/permis--de-conduire?post=561"},{"taxonomy":"vitesse","embeddable":true,"href":"https:\/\/stelfia.com\/en\/wp-json\/wp\/v2\/vitesse?post=561"},{"taxonomy":"brands","embeddable":true,"href":"https:\/\/stelfia.com\/en\/wp-json\/wp\/v2\/brands?post=561"},{"taxonomy":"accessoires","embeddable":true,"href":"https:\/\/stelfia.com\/en\/wp-json\/wp\/v2\/accessoires?post=561"},{"taxonomy":"pieces-detachees","embeddable":true,"href":"https:\/\/stelfia.com\/en\/wp-json\/wp\/v2\/pieces-detachees?post=561"},{"taxonomy":"trottinette-electrique","embeddable":true,"href":"https:\/\/stelfia.com\/en\/wp-json\/wp\/v2\/trottinette-electrique?post=561"},{"taxonomy":"velo","embeddable":true,"href":"https:\/\/stelfia.com\/en\/wp-json\/wp\/v2\/velo?post=561"}],"curies":[{"name":"wp","href":"https:\/\/api.w.org\/{rel}","templated":true}]}}