{"id":2215,"date":"2023-02-26T18:34:40","date_gmt":"2023-02-26T18:34:40","guid":{"rendered":"https:\/\/stelfia.com\/?post_type=product&#038;p=2215"},"modified":"2026-04-15T16:42:20","modified_gmt":"2026-04-15T16:42:20","slug":"kuickwheel-s1-c-pro","status":"publish","type":"product","link":"https:\/\/stelfia.com\/en\/shop\/vehicules\/trottinette\/kuickwheel-s1-c-pro\/","title":{"rendered":"Kuickwheel S1-C Pro"},"content":{"rendered":"<p>La Kuickwheel S1-C Pro est une trottinette \u00e9lectrique robuste et \u00e9tanche, con\u00e7ue pour un usage urbain intensif. Fiable et durable, elle a \u00e9t\u00e9 largement utilis\u00e9e dans les grandes villes pour les services de location en libre-service.<\/p>\n<p>Battery: Lithium-Ion 36V, 13Ah<\/p>\n<p>Motor: Brushless 500 W<\/p>\n<p>Max speed: 20 km\/h (possibility of unblocking, max 35 km\/h, not approved)<\/p>\n<p>Range: 45 km<\/p>\n<p>Wheels: 10\u2033, non-inflatable (puncture-proof), front and rear<\/p>\n<p>Brake: Front drum and rear electric<\/p>\n<p>Charging time: Approx. 4 \u2013 6 a.m.<\/p>\n<p>Weight: 22 kg<\/p>\n<p>Max load: 120 kg<\/p>\n<p>Slopes: Up to 18\u00b0<\/p>\n<p>Waterproofing: IPX5 (IPX7 for the lower part)<\/p>\n<p>Dimensions: 1155 x 455 x 1195 mm<\/p>\n<p>Folded dimensions: 1155 x 455 x 575 mm<\/p>\n<p>Equipment: ARR indicators, Bluetooth<\/p>\n<p>Condition: New<\/p>\n<p>Warranty: 2 years (one year on the battery)<\/p>\n<p>&nbsp;<\/p>\n<p><img decoding=\"async\" class=\"alignnone size-full wp-image-9333\" src=\"https:\/\/stelfia.com\/wp-content\/uploads\/2023\/02\/Capture-decran-2023-02-07-155823-300x89-1.jpg\" alt=\"\" width=\"300\" height=\"89\" srcset=\"https:\/\/stelfia.com\/wp-content\/uploads\/2023\/02\/Capture-decran-2023-02-07-155823-300x89-1.jpg 300w, https:\/\/stelfia.com\/wp-content\/uploads\/2023\/02\/Capture-decran-2023-02-07-155823-300x89-1-150x45.jpg 150w\" sizes=\"(max-width: 300px) 100vw, 300px\" \/><\/p>\n<p>Approved on Swiss roads<\/p>","protected":false},"excerpt":{"rendered":"<p data-start=\"453\" data-end=\"586\">Vous cherchez une trottinette \u00e9lectrique capable de rouler par tous les temps, tous les jours ?<\/p>\n<p data-start=\"453\" data-end=\"586\">D\u00e9couvrez la Kuickwheel S1-C Pro.<\/p>\n<p data-start=\"588\" data-end=\"722\">","protected":false},"featured_media":9970,"template":"","meta":{"_uf_show_specific_survey":0,"_uf_disable_surveys":false},"product_brand":[],"product_cat":[114],"product_tag":[153,176,491,476,443,551,589,587,591,592,588,552,590],"permis--de-conduire":[],"vitesse":[],"brands":[81],"accessoires":[],"pieces-detachees":[],"trottinette-electrique":[109],"velo":[],"class_list":{"0":"post-2215","1":"product","2":"type-product","3":"status-publish","4":"has-post-thumbnail","6":"product_cat-trottinette","7":"product_tag-kuickwheel","8":"product_tag-kuickwheel-s1-c-pro","9":"product_tag-mobilite-electrique","10":"product_tag-mobilite-urbaine","11":"product_tag-stelfia","12":"product_tag-trottinette-electrique","13":"product_tag-trottinette-electrique-adulte","14":"product_tag-trottinette-electrique-etanche","15":"product_tag-trottinette-electrique-lausanne","16":"product_tag-trottinette-electrique-renens","17":"product_tag-trottinette-electrique-robuste","18":"product_tag-trottinette-electrique-suisse","19":"product_tag-trottinette-electrique-urbaine","20":"brands-kuickwheel","21":"trottinette-electrique-neuves","22":"tm-no-options","24":"first","25":"instock","26":"taxable","27":"shipping-taxable","28":"purchasable","29":"product-type-simple"},"yoast_head":"<!-- This site is optimized with the Yoast SEO plugin v25.8 - https:\/\/yoast.com\/wordpress\/plugins\/seo\/ -->\n<title>Kuickwheel S1-C Pro | Trottinette \u00e9lectrique \u00e9tanche et robuste \u2013 Stelfia<\/title>\n<meta name=\"description\" content=\"D\u00e9couvrez la Kuickwheel S1-C Pro, une trottinette \u00e9lectrique \u00e9tanche, fiable et ultra-robuste. Id\u00e9ale pour la ville, disponible chez Stelfia \u00e0 Renens, pr\u00e8s de Lausanne.\" \/>\n<meta name=\"robots\" content=\"index, follow, max-snippet:-1, max-image-preview:large, max-video-preview:-1\" \/>\n<link rel=\"canonical\" href=\"https:\/\/stelfia.com\/en\/shop\/vehicules\/trottinette\/kuickwheel-s1-c-pro\/\" \/>\n<meta property=\"og:locale\" content=\"en_US\" \/>\n<meta property=\"og:type\" content=\"article\" \/>\n<meta property=\"og:title\" content=\"Kuickwheel S1-C Pro | Trottinette \u00e9lectrique \u00e9tanche et robuste \u2013 Stelfia\" \/>\n<meta property=\"og:description\" content=\"D\u00e9couvrez la Kuickwheel S1-C Pro, une trottinette \u00e9lectrique \u00e9tanche, fiable et ultra-robuste. Id\u00e9ale pour la ville, disponible chez Stelfia \u00e0 Renens, pr\u00e8s de Lausanne.\" \/>\n<meta property=\"og:url\" content=\"https:\/\/stelfia.com\/en\/shop\/vehicules\/trottinette\/kuickwheel-s1-c-pro\/\" \/>\n<meta property=\"og:site_name\" content=\"Trottinette \u00e9lectrique\" \/>\n<meta property=\"article:modified_time\" content=\"2026-04-15T16:42:20+00:00\" \/>\n<meta property=\"og:image\" content=\"https:\/\/stelfia.com\/wp-content\/uploads\/2023\/02\/Sans-titre-Publication-Instagram-Carre-1.jpg\" \/>\n\t<meta property=\"og:image:width\" content=\"1080\" \/>\n\t<meta property=\"og:image:height\" content=\"1080\" \/>\n\t<meta property=\"og:image:type\" content=\"image\/jpeg\" \/>\n<meta name=\"twitter:card\" content=\"summary_large_image\" \/>\n<meta name=\"twitter:label1\" content=\"Est. reading time\" \/>\n\t<meta name=\"twitter:data1\" content=\"2 minutes\" \/>\n<script type=\"application\/ld+json\" class=\"yoast-schema-graph\">{\"@context\":\"https:\/\/schema.org\",\"@graph\":[{\"@type\":\"WebPage\",\"@id\":\"https:\/\/stelfia.com\/shop\/vehicules\/trottinette\/kuickwheel-s1-c-pro\/\",\"url\":\"https:\/\/stelfia.com\/shop\/vehicules\/trottinette\/kuickwheel-s1-c-pro\/\",\"name\":\"Kuickwheel S1-C Pro | Trottinette \u00e9lectrique \u00e9tanche et robuste \u2013 Stelfia\",\"isPartOf\":{\"@id\":\"https:\/\/stelfia.com\/#website\"},\"primaryImageOfPage\":{\"@id\":\"https:\/\/stelfia.com\/shop\/vehicules\/trottinette\/kuickwheel-s1-c-pro\/#primaryimage\"},\"image\":{\"@id\":\"https:\/\/stelfia.com\/shop\/vehicules\/trottinette\/kuickwheel-s1-c-pro\/#primaryimage\"},\"thumbnailUrl\":\"https:\/\/stelfia.com\/wp-content\/uploads\/2023\/02\/Sans-titre-Publication-Instagram-Carre-1.jpg\",\"datePublished\":\"2023-02-26T18:34:40+00:00\",\"dateModified\":\"2026-04-15T16:42:20+00:00\",\"description\":\"D\u00e9couvrez la Kuickwheel S1-C Pro, une trottinette \u00e9lectrique \u00e9tanche, fiable et ultra-robuste. Id\u00e9ale pour la ville, disponible chez Stelfia \u00e0 Renens, pr\u00e8s de Lausanne.\",\"breadcrumb\":{\"@id\":\"https:\/\/stelfia.com\/shop\/vehicules\/trottinette\/kuickwheel-s1-c-pro\/#breadcrumb\"},\"inLanguage\":\"en-US\",\"potentialAction\":[{\"@type\":\"ReadAction\",\"target\":[\"https:\/\/stelfia.com\/shop\/vehicules\/trottinette\/kuickwheel-s1-c-pro\/\"]}]},{\"@type\":\"ImageObject\",\"inLanguage\":\"en-US\",\"@id\":\"https:\/\/stelfia.com\/shop\/vehicules\/trottinette\/kuickwheel-s1-c-pro\/#primaryimage\",\"url\":\"https:\/\/stelfia.com\/wp-content\/uploads\/2023\/02\/Sans-titre-Publication-Instagram-Carre-1.jpg\",\"contentUrl\":\"https:\/\/stelfia.com\/wp-content\/uploads\/2023\/02\/Sans-titre-Publication-Instagram-Carre-1.jpg\",\"width\":1080,\"height\":1080,\"caption\":\"Trottinette \u00e9lectrique Kuickwheel S1-C Pro conforme pour une utilisation en Suisse.\"},{\"@type\":\"BreadcrumbList\",\"@id\":\"https:\/\/stelfia.com\/shop\/vehicules\/trottinette\/kuickwheel-s1-c-pro\/#breadcrumb\",\"itemListElement\":[{\"@type\":\"ListItem\",\"position\":1,\"name\":\"Accueil\",\"item\":\"https:\/\/stelfia.com\/\"},{\"@type\":\"ListItem\",\"position\":2,\"name\":\"Shop\",\"item\":\"https:\/\/stelfia.com\/shop\/\"},{\"@type\":\"ListItem\",\"position\":3,\"name\":\"Kuickwheel S1-C Pro\"}]},{\"@type\":\"WebSite\",\"@id\":\"https:\/\/stelfia.com\/#website\",\"url\":\"https:\/\/stelfia.com\/\",\"name\":\"Trottinette \u00e9lectrique\",\"description\":\"Trottinette \u00e9lectrique en Suisse romande\",\"publisher\":{\"@id\":\"https:\/\/stelfia.com\/#organization\"},\"potentialAction\":[{\"@type\":\"SearchAction\",\"target\":{\"@type\":\"EntryPoint\",\"urlTemplate\":\"https:\/\/stelfia.com\/?s={search_term_string}\"},\"query-input\":{\"@type\":\"PropertyValueSpecification\",\"valueRequired\":true,\"valueName\":\"search_term_string\"}}],\"inLanguage\":\"en-US\"},{\"@type\":\"Organization\",\"@id\":\"https:\/\/stelfia.com\/#organization\",\"name\":\"Trottinette \u00e9lectrique lausanne\",\"url\":\"https:\/\/stelfia.com\/\",\"logo\":{\"@type\":\"ImageObject\",\"inLanguage\":\"en-US\",\"@id\":\"https:\/\/stelfia.com\/#\/schema\/logo\/image\/\",\"url\":\"https:\/\/stelfia.com\/wp-content\/uploads\/2023\/02\/logonew-removebg-preview.png\",\"contentUrl\":\"https:\/\/stelfia.com\/wp-content\/uploads\/2023\/02\/logonew-removebg-preview.png\",\"width\":238,\"height\":100,\"caption\":\"Trottinette \u00e9lectrique lausanne\"},\"image\":{\"@id\":\"https:\/\/stelfia.com\/#\/schema\/logo\/image\/\"}}]}<\/script>\n<!-- \/ Yoast SEO plugin. -->","yoast_head_json":{"title":"Kuickwheel S1-C Pro | Trottinette \u00e9lectrique \u00e9tanche et robuste \u2013 Stelfia","description":"D\u00e9couvrez la Kuickwheel S1-C Pro, une trottinette \u00e9lectrique \u00e9tanche, fiable et ultra-robuste. Id\u00e9ale pour la ville, disponible chez Stelfia \u00e0 Renens, pr\u00e8s de Lausanne.","robots":{"index":"index","follow":"follow","max-snippet":"max-snippet:-1","max-image-preview":"max-image-preview:large","max-video-preview":"max-video-preview:-1"},"canonical":"https:\/\/stelfia.com\/en\/shop\/vehicules\/trottinette\/kuickwheel-s1-c-pro\/","og_locale":"en_US","og_type":"article","og_title":"Kuickwheel S1-C Pro | Trottinette \u00e9lectrique \u00e9tanche et robuste \u2013 Stelfia","og_description":"D\u00e9couvrez la Kuickwheel S1-C Pro, une trottinette \u00e9lectrique \u00e9tanche, fiable et ultra-robuste. Id\u00e9ale pour la ville, disponible chez Stelfia \u00e0 Renens, pr\u00e8s de Lausanne.","og_url":"https:\/\/stelfia.com\/en\/shop\/vehicules\/trottinette\/kuickwheel-s1-c-pro\/","og_site_name":"Trottinette \u00e9lectrique","article_modified_time":"2026-04-15T16:42:20+00:00","og_image":[{"width":1080,"height":1080,"url":"https:\/\/stelfia.com\/wp-content\/uploads\/2023\/02\/Sans-titre-Publication-Instagram-Carre-1.jpg","type":"image\/jpeg"}],"twitter_card":"summary_large_image","twitter_misc":{"Est. reading time":"2 minutes"},"schema":{"@context":"https:\/\/schema.org","@graph":[{"@type":"WebPage","@id":"https:\/\/stelfia.com\/shop\/vehicules\/trottinette\/kuickwheel-s1-c-pro\/","url":"https:\/\/stelfia.com\/shop\/vehicules\/trottinette\/kuickwheel-s1-c-pro\/","name":"Kuickwheel S1-C Pro | Trottinette \u00e9lectrique \u00e9tanche et robuste \u2013 Stelfia","isPartOf":{"@id":"https:\/\/stelfia.com\/#website"},"primaryImageOfPage":{"@id":"https:\/\/stelfia.com\/shop\/vehicules\/trottinette\/kuickwheel-s1-c-pro\/#primaryimage"},"image":{"@id":"https:\/\/stelfia.com\/shop\/vehicules\/trottinette\/kuickwheel-s1-c-pro\/#primaryimage"},"thumbnailUrl":"https:\/\/stelfia.com\/wp-content\/uploads\/2023\/02\/Sans-titre-Publication-Instagram-Carre-1.jpg","datePublished":"2023-02-26T18:34:40+00:00","dateModified":"2026-04-15T16:42:20+00:00","description":"D\u00e9couvrez la Kuickwheel S1-C Pro, une trottinette \u00e9lectrique \u00e9tanche, fiable et ultra-robuste. Id\u00e9ale pour la ville, disponible chez Stelfia \u00e0 Renens, pr\u00e8s de Lausanne.","breadcrumb":{"@id":"https:\/\/stelfia.com\/shop\/vehicules\/trottinette\/kuickwheel-s1-c-pro\/#breadcrumb"},"inLanguage":"en-US","potentialAction":[{"@type":"ReadAction","target":["https:\/\/stelfia.com\/shop\/vehicules\/trottinette\/kuickwheel-s1-c-pro\/"]}]},{"@type":"ImageObject","inLanguage":"en-US","@id":"https:\/\/stelfia.com\/shop\/vehicules\/trottinette\/kuickwheel-s1-c-pro\/#primaryimage","url":"https:\/\/stelfia.com\/wp-content\/uploads\/2023\/02\/Sans-titre-Publication-Instagram-Carre-1.jpg","contentUrl":"https:\/\/stelfia.com\/wp-content\/uploads\/2023\/02\/Sans-titre-Publication-Instagram-Carre-1.jpg","width":1080,"height":1080,"caption":"Trottinette \u00e9lectrique Kuickwheel S1-C Pro conforme pour une utilisation en Suisse."},{"@type":"BreadcrumbList","@id":"https:\/\/stelfia.com\/shop\/vehicules\/trottinette\/kuickwheel-s1-c-pro\/#breadcrumb","itemListElement":[{"@type":"ListItem","position":1,"name":"Accueil","item":"https:\/\/stelfia.com\/"},{"@type":"ListItem","position":2,"name":"Shop","item":"https:\/\/stelfia.com\/shop\/"},{"@type":"ListItem","position":3,"name":"Kuickwheel S1-C Pro"}]},{"@type":"WebSite","@id":"https:\/\/stelfia.com\/#website","url":"https:\/\/stelfia.com\/","name":"Electric scooter","description":"Electric scooter in French-speaking Switzerland","publisher":{"@id":"https:\/\/stelfia.com\/#organization"},"potentialAction":[{"@type":"SearchAction","target":{"@type":"EntryPoint","urlTemplate":"https:\/\/stelfia.com\/?s={search_term_string}"},"query-input":{"@type":"PropertyValueSpecification","valueRequired":true,"valueName":"search_term_string"}}],"inLanguage":"en-US"},{"@type":"Organization","@id":"https:\/\/stelfia.com\/#organization","name":"Trottinette \u00e9lectrique lausanne","url":"https:\/\/stelfia.com\/","logo":{"@type":"ImageObject","inLanguage":"en-US","@id":"https:\/\/stelfia.com\/#\/schema\/logo\/image\/","url":"https:\/\/stelfia.com\/wp-content\/uploads\/2023\/02\/logonew-removebg-preview.png","contentUrl":"https:\/\/stelfia.com\/wp-content\/uploads\/2023\/02\/logonew-removebg-preview.png","width":238,"height":100,"caption":"Trottinette \u00e9lectrique lausanne"},"image":{"@id":"https:\/\/stelfia.com\/#\/schema\/logo\/image\/"}}]}},"_links":{"self":[{"href":"https:\/\/stelfia.com\/en\/wp-json\/wp\/v2\/product\/2215","targetHints":{"allow":["GET"]}}],"collection":[{"href":"https:\/\/stelfia.com\/en\/wp-json\/wp\/v2\/product"}],"about":[{"href":"https:\/\/stelfia.com\/en\/wp-json\/wp\/v2\/types\/product"}],"version-history":[{"count":0,"href":"https:\/\/stelfia.com\/en\/wp-json\/wp\/v2\/product\/2215\/revisions"}],"wp:featuredmedia":[{"embeddable":true,"href":"https:\/\/stelfia.com\/en\/wp-json\/wp\/v2\/media\/9970"}],"wp:attachment":[{"href":"https:\/\/stelfia.com\/en\/wp-json\/wp\/v2\/media?parent=2215"}],"wp:term":[{"taxonomy":"product_brand","embeddable":true,"href":"https:\/\/stelfia.com\/en\/wp-json\/wp\/v2\/product_brand?post=2215"},{"taxonomy":"product_cat","embeddable":true,"href":"https:\/\/stelfia.com\/en\/wp-json\/wp\/v2\/product_cat?post=2215"},{"taxonomy":"product_tag","embeddable":true,"href":"https:\/\/stelfia.com\/en\/wp-json\/wp\/v2\/product_tag?post=2215"},{"taxonomy":"permis--de-conduire","embeddable":true,"href":"https:\/\/stelfia.com\/en\/wp-json\/wp\/v2\/permis--de-conduire?post=2215"},{"taxonomy":"vitesse","embeddable":true,"href":"https:\/\/stelfia.com\/en\/wp-json\/wp\/v2\/vitesse?post=2215"},{"taxonomy":"brands","embeddable":true,"href":"https:\/\/stelfia.com\/en\/wp-json\/wp\/v2\/brands?post=2215"},{"taxonomy":"accessoires","embeddable":true,"href":"https:\/\/stelfia.com\/en\/wp-json\/wp\/v2\/accessoires?post=2215"},{"taxonomy":"pieces-detachees","embeddable":true,"href":"https:\/\/stelfia.com\/en\/wp-json\/wp\/v2\/pieces-detachees?post=2215"},{"taxonomy":"trottinette-electrique","embeddable":true,"href":"https:\/\/stelfia.com\/en\/wp-json\/wp\/v2\/trottinette-electrique?post=2215"},{"taxonomy":"velo","embeddable":true,"href":"https:\/\/stelfia.com\/en\/wp-json\/wp\/v2\/velo?post=2215"}],"curies":[{"name":"wp","href":"https:\/\/api.w.org\/{rel}","templated":true}]}}