{"id":1399,"date":"2023-01-24T10:15:01","date_gmt":"2023-01-24T10:15:01","guid":{"rendered":"https:\/\/stelfia.com\/?post_type=product&#038;p=1399"},"modified":"2024-02-15T10:32:35","modified_gmt":"2024-02-15T10:32:35","slug":"chargeur-48v-54-6v-2a-prise-gx12-3-vmax-original","status":"publish","type":"product","link":"https:\/\/stelfia.com\/en\/shop\/pieces-et-accessoires\/chargeur-48v-54-6v-2a-prise-gx12-3-vmax-original\/","title":{"rendered":"Charger 48V\/54.6V 2A, GX12-3 socket, VMAX ORIGINAL"},"content":{"rendered":"","protected":false},"excerpt":{"rendered":"<div id=\"tab-description\" class=\"woocommerce-Tabs-panel woocommerce-Tabs-panel--description panel entry-content wc-tab\" role=\"tabpanel\" aria-labelledby=\"tab-title-description\">\n<h2>Description<\/h2>\n<h2 class=\"entry-title\">Charger 48V-54.6V 2A, GX12-3 socket<\/h2>\n<\/div>\n<ul class=\"a-unordered-list a-vertical a-spacing-mini\">\n<li>Output (Output) 48V, DC 54.6V, 2.0A<\/li>\n<li>Input 100-240VAC, 50\/60Hz, 2.5A max<\/li>\n<\/ul>\n<ul class=\"a-unordered-list a-vertical a-spacing-mini\">\n<li><span class=\"a-list-item\"><span class=\"\">High quality materials<\/span><\/span><\/li>\n<li><span class=\"a-list-item\"><span class=\"\">Charging indicator, Red \ud83d\udd34 -&gt; charging, <\/span>Green \ud83d\udfe2 -&gt; charged<\/span><\/li>\n<\/ul>\n<ul class=\"a-unordered-list a-vertical a-spacing-mini\">\n<li>ORIGINAL Vmax R55 charger for version V1.0 (see next photo for recognition)<\/li>\n<\/ul>\n<p><span style=\"text-decoration: underline;\">Noticed :<\/span><br \/>\nCheck the nominal voltage of the scooter carefully to avoid any errors. Normally a label is placed on the chassis mentioning this information. If in doubt, you can contact us by sending us photos of the scooter<\/p>","protected":false},"featured_media":9992,"template":"","meta":{"_uf_show_specific_survey":0,"_uf_disable_surveys":false},"product_brand":[],"product_cat":[113],"product_tag":[141,160,163,149],"permis--de-conduire":[],"vitesse":[],"brands":[75],"accessoires":[],"pieces-detachees":[106],"trottinette-electrique":[],"velo":[],"class_list":{"0":"post-1399","1":"product","2":"type-product","3":"status-publish","4":"has-post-thumbnail","6":"product_cat-pieces-et-accessoires","7":"product_tag-chargeur","8":"product_tag-chargeur-48v","9":"product_tag-chargeur-vmax-r55","10":"product_tag-vmax","11":"brands-vmax","12":"pieces-detachees-chargeurs","13":"tm-no-options","15":"first","16":"instock","17":"taxable","18":"shipping-taxable","19":"purchasable","20":"product-type-simple"},"yoast_head":"<!-- This site is optimized with the Yoast SEO plugin v25.8 - https:\/\/yoast.com\/wordpress\/plugins\/seo\/ -->\n<title>Chargeur 48V\/54.6V 2A, prise GX12-3, VMAX ORIGINAL - Trottinette \u00e9lectrique<\/title>\n<meta name=\"robots\" content=\"index, follow, max-snippet:-1, max-image-preview:large, max-video-preview:-1\" \/>\n<link rel=\"canonical\" href=\"https:\/\/stelfia.com\/en\/shop\/pieces-et-accessoires\/chargeur-48v-54-6v-2a-prise-gx12-3-vmax-original\/\" \/>\n<meta property=\"og:locale\" content=\"en_US\" \/>\n<meta property=\"og:type\" content=\"article\" \/>\n<meta property=\"og:title\" content=\"Chargeur 48V\/54.6V 2A, prise GX12-3, VMAX ORIGINAL - Trottinette \u00e9lectrique\" \/>\n<meta property=\"og:description\" content=\"Description Chargeur 48V-54.6V 2A, prise GX12-3    Sortie (Output) 48V, DC 54.6V, 2.0A  Entr\u00e9e (Input) 100-240VAC, 50\/60Hz, 2.5A max    Mat\u00e9riaux de haute qualit\u00e9  Indicateur de charge, Rouge \ud83d\udd34 -&gt; en charge, Vert \ud83d\udfe2 -&gt; charg\u00e9    Chargeur ORIGINAL Vmax R55 pour la version V1.0 (voir photo suivante pour reconnaissance)  Remarque : V\u00e9rifiez bien la tension nominale de la trottinette pour \u00e9viter toute erreur. Normalement une \u00e9tiquette est plac\u00e9e sur le ch\u00e2ssis mentionnant ces infos. En cas de doute, vous pouvez nous contacter en nous envoyant des photos de la trottinette\" \/>\n<meta property=\"og:url\" content=\"https:\/\/stelfia.com\/en\/shop\/pieces-et-accessoires\/chargeur-48v-54-6v-2a-prise-gx12-3-vmax-original\/\" \/>\n<meta property=\"og:site_name\" content=\"Trottinette \u00e9lectrique\" \/>\n<meta property=\"article:modified_time\" content=\"2024-02-15T10:32:35+00:00\" \/>\n<meta property=\"og:image\" content=\"https:\/\/stelfia.com\/wp-content\/uploads\/2022\/10\/Sans-titre-Publication-Instagram-Carre-12.jpg\" \/>\n\t<meta property=\"og:image:width\" content=\"1080\" \/>\n\t<meta property=\"og:image:height\" content=\"1080\" \/>\n\t<meta property=\"og:image:type\" content=\"image\/jpeg\" \/>\n<meta name=\"twitter:card\" content=\"summary_large_image\" \/>\n<meta name=\"twitter:label1\" content=\"Est. reading time\" \/>\n\t<meta name=\"twitter:data1\" content=\"1 minute\" \/>\n<script type=\"application\/ld+json\" class=\"yoast-schema-graph\">{\"@context\":\"https:\/\/schema.org\",\"@graph\":[{\"@type\":\"WebPage\",\"@id\":\"https:\/\/stelfia.com\/en\/shop\/pieces-et-accessoires\/chargeur-48v-54-6v-2a-prise-gx12-3-vmax-original\/\",\"url\":\"https:\/\/stelfia.com\/en\/shop\/pieces-et-accessoires\/chargeur-48v-54-6v-2a-prise-gx12-3-vmax-original\/\",\"name\":\"Chargeur 48V\/54.6V 2A, prise GX12-3, VMAX ORIGINAL - Trottinette \u00e9lectrique\",\"isPartOf\":{\"@id\":\"https:\/\/stelfia.com\/#website\"},\"primaryImageOfPage\":{\"@id\":\"https:\/\/stelfia.com\/en\/shop\/pieces-et-accessoires\/chargeur-48v-54-6v-2a-prise-gx12-3-vmax-original\/#primaryimage\"},\"image\":{\"@id\":\"https:\/\/stelfia.com\/en\/shop\/pieces-et-accessoires\/chargeur-48v-54-6v-2a-prise-gx12-3-vmax-original\/#primaryimage\"},\"thumbnailUrl\":\"https:\/\/stelfia.com\/wp-content\/uploads\/2022\/10\/Sans-titre-Publication-Instagram-Carre-12.jpg\",\"datePublished\":\"2023-01-24T10:15:01+00:00\",\"dateModified\":\"2024-02-15T10:32:35+00:00\",\"breadcrumb\":{\"@id\":\"https:\/\/stelfia.com\/en\/shop\/pieces-et-accessoires\/chargeur-48v-54-6v-2a-prise-gx12-3-vmax-original\/#breadcrumb\"},\"inLanguage\":\"en-US\",\"potentialAction\":[{\"@type\":\"ReadAction\",\"target\":[\"https:\/\/stelfia.com\/en\/shop\/pieces-et-accessoires\/chargeur-48v-54-6v-2a-prise-gx12-3-vmax-original\/\"]}]},{\"@type\":\"ImageObject\",\"inLanguage\":\"en-US\",\"@id\":\"https:\/\/stelfia.com\/en\/shop\/pieces-et-accessoires\/chargeur-48v-54-6v-2a-prise-gx12-3-vmax-original\/#primaryimage\",\"url\":\"https:\/\/stelfia.com\/wp-content\/uploads\/2022\/10\/Sans-titre-Publication-Instagram-Carre-12.jpg\",\"contentUrl\":\"https:\/\/stelfia.com\/wp-content\/uploads\/2022\/10\/Sans-titre-Publication-Instagram-Carre-12.jpg\",\"width\":1080,\"height\":1080},{\"@type\":\"BreadcrumbList\",\"@id\":\"https:\/\/stelfia.com\/en\/shop\/pieces-et-accessoires\/chargeur-48v-54-6v-2a-prise-gx12-3-vmax-original\/#breadcrumb\",\"itemListElement\":[{\"@type\":\"ListItem\",\"position\":1,\"name\":\"Accueil\",\"item\":\"https:\/\/stelfia.com\/\"},{\"@type\":\"ListItem\",\"position\":2,\"name\":\"Shop\",\"item\":\"https:\/\/stelfia.com\/shop\/\"},{\"@type\":\"ListItem\",\"position\":3,\"name\":\"Chargeur 48V\/54.6V 2A, prise GX12-3, VMAX ORIGINAL\"}]},{\"@type\":\"WebSite\",\"@id\":\"https:\/\/stelfia.com\/#website\",\"url\":\"https:\/\/stelfia.com\/\",\"name\":\"Trottinette \u00e9lectrique\",\"description\":\"Trottinette \u00e9lectrique en Suisse romande\",\"publisher\":{\"@id\":\"https:\/\/stelfia.com\/#organization\"},\"potentialAction\":[{\"@type\":\"SearchAction\",\"target\":{\"@type\":\"EntryPoint\",\"urlTemplate\":\"https:\/\/stelfia.com\/?s={search_term_string}\"},\"query-input\":{\"@type\":\"PropertyValueSpecification\",\"valueRequired\":true,\"valueName\":\"search_term_string\"}}],\"inLanguage\":\"en-US\"},{\"@type\":\"Organization\",\"@id\":\"https:\/\/stelfia.com\/#organization\",\"name\":\"Trottinette \u00e9lectrique lausanne\",\"url\":\"https:\/\/stelfia.com\/\",\"logo\":{\"@type\":\"ImageObject\",\"inLanguage\":\"en-US\",\"@id\":\"https:\/\/stelfia.com\/#\/schema\/logo\/image\/\",\"url\":\"https:\/\/stelfia.com\/wp-content\/uploads\/2023\/02\/logonew-removebg-preview.png\",\"contentUrl\":\"https:\/\/stelfia.com\/wp-content\/uploads\/2023\/02\/logonew-removebg-preview.png\",\"width\":238,\"height\":100,\"caption\":\"Trottinette \u00e9lectrique lausanne\"},\"image\":{\"@id\":\"https:\/\/stelfia.com\/#\/schema\/logo\/image\/\"}}]}<\/script>\n<!-- \/ Yoast SEO plugin. -->","yoast_head_json":{"title":"Chargeur 48V\/54.6V 2A, prise GX12-3, VMAX ORIGINAL - Trottinette \u00e9lectrique","robots":{"index":"index","follow":"follow","max-snippet":"max-snippet:-1","max-image-preview":"max-image-preview:large","max-video-preview":"max-video-preview:-1"},"canonical":"https:\/\/stelfia.com\/en\/shop\/pieces-et-accessoires\/chargeur-48v-54-6v-2a-prise-gx12-3-vmax-original\/","og_locale":"en_US","og_type":"article","og_title":"Chargeur 48V\/54.6V 2A, prise GX12-3, VMAX ORIGINAL - Trottinette \u00e9lectrique","og_description":"Description Chargeur 48V-54.6V 2A, prise GX12-3    Sortie (Output) 48V, DC 54.6V, 2.0A  Entr\u00e9e (Input) 100-240VAC, 50\/60Hz, 2.5A max    Mat\u00e9riaux de haute qualit\u00e9  Indicateur de charge, Rouge \ud83d\udd34 -&gt; en charge, Vert \ud83d\udfe2 -&gt; charg\u00e9    Chargeur ORIGINAL Vmax R55 pour la version V1.0 (voir photo suivante pour reconnaissance)  Remarque : V\u00e9rifiez bien la tension nominale de la trottinette pour \u00e9viter toute erreur. Normalement une \u00e9tiquette est plac\u00e9e sur le ch\u00e2ssis mentionnant ces infos. En cas de doute, vous pouvez nous contacter en nous envoyant des photos de la trottinette","og_url":"https:\/\/stelfia.com\/en\/shop\/pieces-et-accessoires\/chargeur-48v-54-6v-2a-prise-gx12-3-vmax-original\/","og_site_name":"Trottinette \u00e9lectrique","article_modified_time":"2024-02-15T10:32:35+00:00","og_image":[{"width":1080,"height":1080,"url":"https:\/\/stelfia.com\/wp-content\/uploads\/2022\/10\/Sans-titre-Publication-Instagram-Carre-12.jpg","type":"image\/jpeg"}],"twitter_card":"summary_large_image","twitter_misc":{"Est. reading time":"1 minute"},"schema":{"@context":"https:\/\/schema.org","@graph":[{"@type":"WebPage","@id":"https:\/\/stelfia.com\/en\/shop\/pieces-et-accessoires\/chargeur-48v-54-6v-2a-prise-gx12-3-vmax-original\/","url":"https:\/\/stelfia.com\/en\/shop\/pieces-et-accessoires\/chargeur-48v-54-6v-2a-prise-gx12-3-vmax-original\/","name":"Chargeur 48V\/54.6V 2A, prise GX12-3, VMAX ORIGINAL - Trottinette \u00e9lectrique","isPartOf":{"@id":"https:\/\/stelfia.com\/#website"},"primaryImageOfPage":{"@id":"https:\/\/stelfia.com\/en\/shop\/pieces-et-accessoires\/chargeur-48v-54-6v-2a-prise-gx12-3-vmax-original\/#primaryimage"},"image":{"@id":"https:\/\/stelfia.com\/en\/shop\/pieces-et-accessoires\/chargeur-48v-54-6v-2a-prise-gx12-3-vmax-original\/#primaryimage"},"thumbnailUrl":"https:\/\/stelfia.com\/wp-content\/uploads\/2022\/10\/Sans-titre-Publication-Instagram-Carre-12.jpg","datePublished":"2023-01-24T10:15:01+00:00","dateModified":"2024-02-15T10:32:35+00:00","breadcrumb":{"@id":"https:\/\/stelfia.com\/en\/shop\/pieces-et-accessoires\/chargeur-48v-54-6v-2a-prise-gx12-3-vmax-original\/#breadcrumb"},"inLanguage":"en-US","potentialAction":[{"@type":"ReadAction","target":["https:\/\/stelfia.com\/en\/shop\/pieces-et-accessoires\/chargeur-48v-54-6v-2a-prise-gx12-3-vmax-original\/"]}]},{"@type":"ImageObject","inLanguage":"en-US","@id":"https:\/\/stelfia.com\/en\/shop\/pieces-et-accessoires\/chargeur-48v-54-6v-2a-prise-gx12-3-vmax-original\/#primaryimage","url":"https:\/\/stelfia.com\/wp-content\/uploads\/2022\/10\/Sans-titre-Publication-Instagram-Carre-12.jpg","contentUrl":"https:\/\/stelfia.com\/wp-content\/uploads\/2022\/10\/Sans-titre-Publication-Instagram-Carre-12.jpg","width":1080,"height":1080},{"@type":"BreadcrumbList","@id":"https:\/\/stelfia.com\/en\/shop\/pieces-et-accessoires\/chargeur-48v-54-6v-2a-prise-gx12-3-vmax-original\/#breadcrumb","itemListElement":[{"@type":"ListItem","position":1,"name":"Accueil","item":"https:\/\/stelfia.com\/"},{"@type":"ListItem","position":2,"name":"Shop","item":"https:\/\/stelfia.com\/shop\/"},{"@type":"ListItem","position":3,"name":"Chargeur 48V\/54.6V 2A, prise GX12-3, VMAX ORIGINAL"}]},{"@type":"WebSite","@id":"https:\/\/stelfia.com\/#website","url":"https:\/\/stelfia.com\/","name":"Electric scooter","description":"Electric scooter in French-speaking Switzerland","publisher":{"@id":"https:\/\/stelfia.com\/#organization"},"potentialAction":[{"@type":"SearchAction","target":{"@type":"EntryPoint","urlTemplate":"https:\/\/stelfia.com\/?s={search_term_string}"},"query-input":{"@type":"PropertyValueSpecification","valueRequired":true,"valueName":"search_term_string"}}],"inLanguage":"en-US"},{"@type":"Organization","@id":"https:\/\/stelfia.com\/#organization","name":"Trottinette \u00e9lectrique lausanne","url":"https:\/\/stelfia.com\/","logo":{"@type":"ImageObject","inLanguage":"en-US","@id":"https:\/\/stelfia.com\/#\/schema\/logo\/image\/","url":"https:\/\/stelfia.com\/wp-content\/uploads\/2023\/02\/logonew-removebg-preview.png","contentUrl":"https:\/\/stelfia.com\/wp-content\/uploads\/2023\/02\/logonew-removebg-preview.png","width":238,"height":100,"caption":"Trottinette \u00e9lectrique lausanne"},"image":{"@id":"https:\/\/stelfia.com\/#\/schema\/logo\/image\/"}}]}},"_links":{"self":[{"href":"https:\/\/stelfia.com\/en\/wp-json\/wp\/v2\/product\/1399","targetHints":{"allow":["GET"]}}],"collection":[{"href":"https:\/\/stelfia.com\/en\/wp-json\/wp\/v2\/product"}],"about":[{"href":"https:\/\/stelfia.com\/en\/wp-json\/wp\/v2\/types\/product"}],"version-history":[{"count":0,"href":"https:\/\/stelfia.com\/en\/wp-json\/wp\/v2\/product\/1399\/revisions"}],"wp:featuredmedia":[{"embeddable":true,"href":"https:\/\/stelfia.com\/en\/wp-json\/wp\/v2\/media\/9992"}],"wp:attachment":[{"href":"https:\/\/stelfia.com\/en\/wp-json\/wp\/v2\/media?parent=1399"}],"wp:term":[{"taxonomy":"product_brand","embeddable":true,"href":"https:\/\/stelfia.com\/en\/wp-json\/wp\/v2\/product_brand?post=1399"},{"taxonomy":"product_cat","embeddable":true,"href":"https:\/\/stelfia.com\/en\/wp-json\/wp\/v2\/product_cat?post=1399"},{"taxonomy":"product_tag","embeddable":true,"href":"https:\/\/stelfia.com\/en\/wp-json\/wp\/v2\/product_tag?post=1399"},{"taxonomy":"permis--de-conduire","embeddable":true,"href":"https:\/\/stelfia.com\/en\/wp-json\/wp\/v2\/permis--de-conduire?post=1399"},{"taxonomy":"vitesse","embeddable":true,"href":"https:\/\/stelfia.com\/en\/wp-json\/wp\/v2\/vitesse?post=1399"},{"taxonomy":"brands","embeddable":true,"href":"https:\/\/stelfia.com\/en\/wp-json\/wp\/v2\/brands?post=1399"},{"taxonomy":"accessoires","embeddable":true,"href":"https:\/\/stelfia.com\/en\/wp-json\/wp\/v2\/accessoires?post=1399"},{"taxonomy":"pieces-detachees","embeddable":true,"href":"https:\/\/stelfia.com\/en\/wp-json\/wp\/v2\/pieces-detachees?post=1399"},{"taxonomy":"trottinette-electrique","embeddable":true,"href":"https:\/\/stelfia.com\/en\/wp-json\/wp\/v2\/trottinette-electrique?post=1399"},{"taxonomy":"velo","embeddable":true,"href":"https:\/\/stelfia.com\/en\/wp-json\/wp\/v2\/velo?post=1399"}],"curies":[{"name":"wp","href":"https:\/\/api.w.org\/{rel}","templated":true}]}}