{"id":12501,"date":"2026-04-19T17:24:25","date_gmt":"2026-04-19T17:24:25","guid":{"rendered":"https:\/\/stelfia.com\/?post_type=product&#038;p=12501"},"modified":"2026-04-19T18:45:03","modified_gmt":"2026-04-19T18:45:03","slug":"ecooter-e2-urban","status":"publish","type":"product","link":"https:\/\/stelfia.com\/en\/shop\/vehicules\/scooter\/ecooter-e2-urban\/","title":{"rendered":"Ecooter E2 Urban"},"content":{"rendered":"<p data-start=\"164\" data-end=\"396\"><span style=\"color: #000000;\">Le Ecooter E2 Urban est un scooter \u00e9lectrique moderne et performant, con\u00e7u pour les d\u00e9placements urbains rapides et confortables. Il se distingue par sa puissance, sa stabilit\u00e9 et son excellent agr\u00e9ment de conduite au quotidien.<\/span><\/p>\n<p><span style=\"color: #000000;\">Batterie :\u00a0 \u00a0 \u00a0 \u00a0 \u00a0 \u00a0 \u00a0 \u00a0 \u00a0 \u00a0 \u00a0 \u00a0 72V, 27Ah<\/span><\/p>\n<p><span style=\"color: #000000;\">Moteur :\u00a0 \u00a0 \u00a0 \u00a0 \u00a0 \u00a0 \u00a0 \u00a0 \u00a0 \u00a0 \u00a0 \u00a0 \u00a0Brushless 500 W (ou 1500W si version 45km\/h)<\/span><\/p>\n<p><span style=\"color: #000000;\">Vitesse max :\u00a0 \u00a0 \u00a0 \u00a0 \u00a0 \u00a0 \u00a0 \u00a0 \u00a0 25 km\/h (ou 45 km\/h si homologu\u00e9 en plaque jaune)<\/span><\/p>\n<p><span style=\"color: #000000;\">Autonomie :\u00a0 \u00a0 \u00a0 \u00a0 \u00a0 \u00a0 \u00a0 \u00a0 \u00a0 130 km (ou 80 km si version 45 km\/h)<\/span><\/p>\n<p><span style=\"color: #000000;\">Roues :\u00a0 \u00a0 \u00a0 \u00a0 \u00a0 \u00a0 \u00a0 \u00a0 \u00a0 \u00a0 \u00a0 \u00a0 \u00a0\u00a0 AV et ARR: 110\/80-12<\/span><\/p>\n<p><span style=\"color: #000000;\">Brake: Front and rear (hydraulic) discs<\/span><\/p>\n<p><span style=\"color: #000000;\">Temps de charge :\u00a0 \u00a0 \u00a0 \u00a06 h<\/span><\/p>\n<p><span style=\"color: #000000;\">Charger socket: Standard 230V<\/span><\/p>\n<p><span style=\"color: #000000;\">Poids :\u00a0 \u00a0 \u00a0 \u00a0 \u00a0 \u00a0 \u00a0 \u00a0 \u00a0 \u00a0 \u00a0 \u00a0 \u00a0 \u00a0 89 kg<\/span><\/p>\n<p><span style=\"color: #000000;\">Max load: 150 kg<\/span><\/p>\n<p><span style=\"color: #000000;\">Etanch\u00e9it\u00e9 :\u00a0\u00a0\u00a0\u00a0\u00a0\u00a0\u00a0\u00a0\u00a0\u00a0\u00a0\u00a0\u00a0\u00a0\u00a0\u00a0\u00a0\u00a0 Oui<\/span><\/p>\n<p><span style=\"color: #000000;\">Couleur :\u00a0\u00a0\u00a0\u00a0\u00a0\u00a0\u00a0\u00a0\u00a0\u00a0\u00a0\u00a0\u00a0\u00a0\u00a0\u00a0\u00a0\u00a0\u00a0\u00a0\u00a0\u00a0\u00a0 Noir mat, blanc, bleu<\/span><\/p>\n<p><span style=\"color: #000000;\">Dimensions :\u00a0 \u00a0 \u00a0 \u00a0 \u00a0 \u00a0 \u00a0 \u00a0 \u00a0 1840 x 720 x 1080 mm<\/span><\/p>\n<p><span style=\"color: #000000;\">Nombre de place :\u00a0 \u00a0 \u00a0 \u00a0 2<\/span><\/p>\n<p><span style=\"color: #000000;\">Cat\u00e9gorie :\u00a0 \u00a0 \u00a0 \u00a0 \u00a0 \u00a0 \u00a0 \u00a0 \u00a0 \u00a0 Cyclomoteurs l\u00e9gers<\/span><\/p>\n<p><span style=\"color: #000000;\">Permis de conduire :\u00a0 \u00a0 \u00a0Sans (ou permis A1 si homologu\u00e9 en plaque jaune)<\/span><\/p>\n<p><span style=\"color: #000000;\">\u00c9quipement :\u00a0 \u00a0 \u00a0 \u00a0 \u00a0 \u00a0 \u00a0 \u00a0 \u00a0 Batteries amovibles, possibilit\u00e9 d&#8217;ajouter une 2\u00e8me batterie, gagnant du test TCS 2026\u00a0<\/span><\/p>\n<p><span style=\"color: #000000;\">\u00c9tat :\u00a0 \u00a0 \u00a0 \u00a0 \u00a0 \u00a0 \u00a0 \u00a0 \u00a0 \u00a0 \u00a0 \u00a0 \u00a0 \u00a0 \u00a0 \u00a0 Neuf<\/span><\/p>\n<p><span style=\"color: #000000;\">Garantie :\u00a0 \u00a0 \u00a0 \u00a0 \u00a0 \u00a0 \u00a0 \u00a0 \u00a0 \u00a0 \u00a0 \u00a02 ans (un an sur la batterie)<\/span><\/p>\n<p>&nbsp;<\/p>\n<p><span style=\"color: #000000;\">Approved on Swiss roads<\/span><\/p>","protected":false},"excerpt":{"rendered":"<p data-start=\"844\" data-end=\"1101\">Le Ecooter E2 Urban est un scooter \u00e9lectrique dynamique et confortable, id\u00e9al pour les trajets urbains.<\/p>\n<p data-start=\"844\" data-end=\"1101\">Offrant une excellente puissance et une conduite fluide, il repr\u00e9sente une solution moderne, \u00e9conomique et pratique pour vos d\u00e9placements quotidiens.<\/p>","protected":false},"featured_media":12502,"template":"","meta":{"_uf_show_specific_survey":0,"_uf_disable_surveys":false},"product_brand":[],"product_cat":[458],"product_tag":[605,607,491,609,608,523],"permis--de-conduire":[469,470],"vitesse":[464,465],"brands":[],"accessoires":[],"pieces-detachees":[],"trottinette-electrique":[],"velo":[],"class_list":{"0":"post-12501","1":"product","2":"type-product","3":"status-publish","4":"has-post-thumbnail","6":"product_cat-scooter","7":"product_tag-ecooter","8":"product_tag-ecooter-e2-urban","9":"product_tag-mobilite-electrique","10":"product_tag-scooter-electrique-confortable","11":"product_tag-scooter-electrique-puissant","12":"product_tag-scooter-electrique-urbain","13":"permis--de-conduire-scooters-avec-permis","14":"permis--de-conduire-scooters-sans-permis","15":"vitesse-25-km-h-sans-plaque","16":"vitesse-45-km-h-plaque-jaune","17":"tm-has-options","19":"first","20":"instock","21":"taxable","22":"shipping-taxable","23":"purchasable","24":"product-type-simple"},"yoast_head":"<!-- This site is optimized with the Yoast SEO plugin v25.8 - https:\/\/yoast.com\/wordpress\/plugins\/seo\/ -->\n<title>Ecooter E2 Urban | Scooter \u00e9lectrique puissant et urbain \u2013 Stelfia<\/title>\n<meta name=\"description\" content=\"D\u00e9couvrez le Ecooter E2 Urban, un scooter \u00e9lectrique puissant et confortable pour la ville. Id\u00e9al pour les trajets quotidiens, disponible chez Stelfia \u00e0 Renens, pr\u00e8s de Lausanne.\" \/>\n<meta name=\"robots\" content=\"index, follow, max-snippet:-1, max-image-preview:large, max-video-preview:-1\" \/>\n<link rel=\"canonical\" href=\"https:\/\/stelfia.com\/en\/shop\/vehicules\/scooter\/ecooter-e2-urban\/\" \/>\n<meta property=\"og:locale\" content=\"en_US\" \/>\n<meta property=\"og:type\" content=\"article\" \/>\n<meta property=\"og:title\" content=\"Ecooter E2 Urban | Scooter \u00e9lectrique puissant et urbain \u2013 Stelfia\" \/>\n<meta property=\"og:description\" content=\"D\u00e9couvrez le Ecooter E2 Urban, un scooter \u00e9lectrique puissant et confortable pour la ville. Id\u00e9al pour les trajets quotidiens, disponible chez Stelfia \u00e0 Renens, pr\u00e8s de Lausanne.\" \/>\n<meta property=\"og:url\" content=\"https:\/\/stelfia.com\/en\/shop\/vehicules\/scooter\/ecooter-e2-urban\/\" \/>\n<meta property=\"og:site_name\" content=\"Trottinette \u00e9lectrique\" \/>\n<meta property=\"article:modified_time\" content=\"2026-04-19T18:45:03+00:00\" \/>\n<meta property=\"og:image\" content=\"https:\/\/stelfia.com\/wp-content\/uploads\/2026\/04\/000.1-1.jpg\" \/>\n\t<meta property=\"og:image:width\" content=\"839\" \/>\n\t<meta property=\"og:image:height\" content=\"785\" \/>\n\t<meta property=\"og:image:type\" content=\"image\/jpeg\" \/>\n<meta name=\"twitter:card\" content=\"summary_large_image\" \/>\n<meta name=\"twitter:label1\" content=\"Est. reading time\" \/>\n\t<meta name=\"twitter:data1\" content=\"2 minutes\" \/>\n<script type=\"application\/ld+json\" class=\"yoast-schema-graph\">{\"@context\":\"https:\/\/schema.org\",\"@graph\":[{\"@type\":\"WebPage\",\"@id\":\"https:\/\/stelfia.com\/shop\/vehicules\/scooter\/ecooter-e2-urban\/\",\"url\":\"https:\/\/stelfia.com\/shop\/vehicules\/scooter\/ecooter-e2-urban\/\",\"name\":\"Ecooter E2 Urban | Scooter \u00e9lectrique puissant et urbain \u2013 Stelfia\",\"isPartOf\":{\"@id\":\"https:\/\/stelfia.com\/#website\"},\"primaryImageOfPage\":{\"@id\":\"https:\/\/stelfia.com\/shop\/vehicules\/scooter\/ecooter-e2-urban\/#primaryimage\"},\"image\":{\"@id\":\"https:\/\/stelfia.com\/shop\/vehicules\/scooter\/ecooter-e2-urban\/#primaryimage\"},\"thumbnailUrl\":\"https:\/\/stelfia.com\/wp-content\/uploads\/2026\/04\/000.1-1.jpg\",\"datePublished\":\"2026-04-19T17:24:25+00:00\",\"dateModified\":\"2026-04-19T18:45:03+00:00\",\"description\":\"D\u00e9couvrez le Ecooter E2 Urban, un scooter \u00e9lectrique puissant et confortable pour la ville. Id\u00e9al pour les trajets quotidiens, disponible chez Stelfia \u00e0 Renens, pr\u00e8s de Lausanne.\",\"breadcrumb\":{\"@id\":\"https:\/\/stelfia.com\/shop\/vehicules\/scooter\/ecooter-e2-urban\/#breadcrumb\"},\"inLanguage\":\"en-US\",\"potentialAction\":[{\"@type\":\"ReadAction\",\"target\":[\"https:\/\/stelfia.com\/shop\/vehicules\/scooter\/ecooter-e2-urban\/\"]}]},{\"@type\":\"ImageObject\",\"inLanguage\":\"en-US\",\"@id\":\"https:\/\/stelfia.com\/shop\/vehicules\/scooter\/ecooter-e2-urban\/#primaryimage\",\"url\":\"https:\/\/stelfia.com\/wp-content\/uploads\/2026\/04\/000.1-1.jpg\",\"contentUrl\":\"https:\/\/stelfia.com\/wp-content\/uploads\/2026\/04\/000.1-1.jpg\",\"width\":839,\"height\":785,\"caption\":\"Le Ecooter E2 Urban, performance et confort pour la ville.\"},{\"@type\":\"BreadcrumbList\",\"@id\":\"https:\/\/stelfia.com\/shop\/vehicules\/scooter\/ecooter-e2-urban\/#breadcrumb\",\"itemListElement\":[{\"@type\":\"ListItem\",\"position\":1,\"name\":\"Accueil\",\"item\":\"https:\/\/stelfia.com\/\"},{\"@type\":\"ListItem\",\"position\":2,\"name\":\"Shop\",\"item\":\"https:\/\/stelfia.com\/shop\/\"},{\"@type\":\"ListItem\",\"position\":3,\"name\":\"Ecooter E2 Urban\"}]},{\"@type\":\"WebSite\",\"@id\":\"https:\/\/stelfia.com\/#website\",\"url\":\"https:\/\/stelfia.com\/\",\"name\":\"Trottinette \u00e9lectrique\",\"description\":\"Trottinette \u00e9lectrique en Suisse romande\",\"publisher\":{\"@id\":\"https:\/\/stelfia.com\/#organization\"},\"potentialAction\":[{\"@type\":\"SearchAction\",\"target\":{\"@type\":\"EntryPoint\",\"urlTemplate\":\"https:\/\/stelfia.com\/?s={search_term_string}\"},\"query-input\":{\"@type\":\"PropertyValueSpecification\",\"valueRequired\":true,\"valueName\":\"search_term_string\"}}],\"inLanguage\":\"en-US\"},{\"@type\":\"Organization\",\"@id\":\"https:\/\/stelfia.com\/#organization\",\"name\":\"Trottinette \u00e9lectrique lausanne\",\"url\":\"https:\/\/stelfia.com\/\",\"logo\":{\"@type\":\"ImageObject\",\"inLanguage\":\"en-US\",\"@id\":\"https:\/\/stelfia.com\/#\/schema\/logo\/image\/\",\"url\":\"https:\/\/stelfia.com\/wp-content\/uploads\/2023\/02\/logonew-removebg-preview.png\",\"contentUrl\":\"https:\/\/stelfia.com\/wp-content\/uploads\/2023\/02\/logonew-removebg-preview.png\",\"width\":238,\"height\":100,\"caption\":\"Trottinette \u00e9lectrique lausanne\"},\"image\":{\"@id\":\"https:\/\/stelfia.com\/#\/schema\/logo\/image\/\"}}]}<\/script>\n<!-- \/ Yoast SEO plugin. -->","yoast_head_json":{"title":"Ecooter E2 Urban | Scooter \u00e9lectrique puissant et urbain \u2013 Stelfia","description":"D\u00e9couvrez le Ecooter E2 Urban, un scooter \u00e9lectrique puissant et confortable pour la ville. Id\u00e9al pour les trajets quotidiens, disponible chez Stelfia \u00e0 Renens, pr\u00e8s de Lausanne.","robots":{"index":"index","follow":"follow","max-snippet":"max-snippet:-1","max-image-preview":"max-image-preview:large","max-video-preview":"max-video-preview:-1"},"canonical":"https:\/\/stelfia.com\/en\/shop\/vehicules\/scooter\/ecooter-e2-urban\/","og_locale":"en_US","og_type":"article","og_title":"Ecooter E2 Urban | Scooter \u00e9lectrique puissant et urbain \u2013 Stelfia","og_description":"D\u00e9couvrez le Ecooter E2 Urban, un scooter \u00e9lectrique puissant et confortable pour la ville. Id\u00e9al pour les trajets quotidiens, disponible chez Stelfia \u00e0 Renens, pr\u00e8s de Lausanne.","og_url":"https:\/\/stelfia.com\/en\/shop\/vehicules\/scooter\/ecooter-e2-urban\/","og_site_name":"Trottinette \u00e9lectrique","article_modified_time":"2026-04-19T18:45:03+00:00","og_image":[{"width":839,"height":785,"url":"https:\/\/stelfia.com\/wp-content\/uploads\/2026\/04\/000.1-1.jpg","type":"image\/jpeg"}],"twitter_card":"summary_large_image","twitter_misc":{"Est. reading time":"2 minutes"},"schema":{"@context":"https:\/\/schema.org","@graph":[{"@type":"WebPage","@id":"https:\/\/stelfia.com\/shop\/vehicules\/scooter\/ecooter-e2-urban\/","url":"https:\/\/stelfia.com\/shop\/vehicules\/scooter\/ecooter-e2-urban\/","name":"Ecooter E2 Urban | Scooter \u00e9lectrique puissant et urbain \u2013 Stelfia","isPartOf":{"@id":"https:\/\/stelfia.com\/#website"},"primaryImageOfPage":{"@id":"https:\/\/stelfia.com\/shop\/vehicules\/scooter\/ecooter-e2-urban\/#primaryimage"},"image":{"@id":"https:\/\/stelfia.com\/shop\/vehicules\/scooter\/ecooter-e2-urban\/#primaryimage"},"thumbnailUrl":"https:\/\/stelfia.com\/wp-content\/uploads\/2026\/04\/000.1-1.jpg","datePublished":"2026-04-19T17:24:25+00:00","dateModified":"2026-04-19T18:45:03+00:00","description":"D\u00e9couvrez le Ecooter E2 Urban, un scooter \u00e9lectrique puissant et confortable pour la ville. Id\u00e9al pour les trajets quotidiens, disponible chez Stelfia \u00e0 Renens, pr\u00e8s de Lausanne.","breadcrumb":{"@id":"https:\/\/stelfia.com\/shop\/vehicules\/scooter\/ecooter-e2-urban\/#breadcrumb"},"inLanguage":"en-US","potentialAction":[{"@type":"ReadAction","target":["https:\/\/stelfia.com\/shop\/vehicules\/scooter\/ecooter-e2-urban\/"]}]},{"@type":"ImageObject","inLanguage":"en-US","@id":"https:\/\/stelfia.com\/shop\/vehicules\/scooter\/ecooter-e2-urban\/#primaryimage","url":"https:\/\/stelfia.com\/wp-content\/uploads\/2026\/04\/000.1-1.jpg","contentUrl":"https:\/\/stelfia.com\/wp-content\/uploads\/2026\/04\/000.1-1.jpg","width":839,"height":785,"caption":"Le Ecooter E2 Urban, performance et confort pour la ville."},{"@type":"BreadcrumbList","@id":"https:\/\/stelfia.com\/shop\/vehicules\/scooter\/ecooter-e2-urban\/#breadcrumb","itemListElement":[{"@type":"ListItem","position":1,"name":"Accueil","item":"https:\/\/stelfia.com\/"},{"@type":"ListItem","position":2,"name":"Shop","item":"https:\/\/stelfia.com\/shop\/"},{"@type":"ListItem","position":3,"name":"Ecooter E2 Urban"}]},{"@type":"WebSite","@id":"https:\/\/stelfia.com\/#website","url":"https:\/\/stelfia.com\/","name":"Electric scooter","description":"Electric scooter in French-speaking Switzerland","publisher":{"@id":"https:\/\/stelfia.com\/#organization"},"potentialAction":[{"@type":"SearchAction","target":{"@type":"EntryPoint","urlTemplate":"https:\/\/stelfia.com\/?s={search_term_string}"},"query-input":{"@type":"PropertyValueSpecification","valueRequired":true,"valueName":"search_term_string"}}],"inLanguage":"en-US"},{"@type":"Organization","@id":"https:\/\/stelfia.com\/#organization","name":"Trottinette \u00e9lectrique lausanne","url":"https:\/\/stelfia.com\/","logo":{"@type":"ImageObject","inLanguage":"en-US","@id":"https:\/\/stelfia.com\/#\/schema\/logo\/image\/","url":"https:\/\/stelfia.com\/wp-content\/uploads\/2023\/02\/logonew-removebg-preview.png","contentUrl":"https:\/\/stelfia.com\/wp-content\/uploads\/2023\/02\/logonew-removebg-preview.png","width":238,"height":100,"caption":"Trottinette \u00e9lectrique lausanne"},"image":{"@id":"https:\/\/stelfia.com\/#\/schema\/logo\/image\/"}}]}},"_links":{"self":[{"href":"https:\/\/stelfia.com\/en\/wp-json\/wp\/v2\/product\/12501","targetHints":{"allow":["GET"]}}],"collection":[{"href":"https:\/\/stelfia.com\/en\/wp-json\/wp\/v2\/product"}],"about":[{"href":"https:\/\/stelfia.com\/en\/wp-json\/wp\/v2\/types\/product"}],"version-history":[{"count":0,"href":"https:\/\/stelfia.com\/en\/wp-json\/wp\/v2\/product\/12501\/revisions"}],"wp:featuredmedia":[{"embeddable":true,"href":"https:\/\/stelfia.com\/en\/wp-json\/wp\/v2\/media\/12502"}],"wp:attachment":[{"href":"https:\/\/stelfia.com\/en\/wp-json\/wp\/v2\/media?parent=12501"}],"wp:term":[{"taxonomy":"product_brand","embeddable":true,"href":"https:\/\/stelfia.com\/en\/wp-json\/wp\/v2\/product_brand?post=12501"},{"taxonomy":"product_cat","embeddable":true,"href":"https:\/\/stelfia.com\/en\/wp-json\/wp\/v2\/product_cat?post=12501"},{"taxonomy":"product_tag","embeddable":true,"href":"https:\/\/stelfia.com\/en\/wp-json\/wp\/v2\/product_tag?post=12501"},{"taxonomy":"permis--de-conduire","embeddable":true,"href":"https:\/\/stelfia.com\/en\/wp-json\/wp\/v2\/permis--de-conduire?post=12501"},{"taxonomy":"vitesse","embeddable":true,"href":"https:\/\/stelfia.com\/en\/wp-json\/wp\/v2\/vitesse?post=12501"},{"taxonomy":"brands","embeddable":true,"href":"https:\/\/stelfia.com\/en\/wp-json\/wp\/v2\/brands?post=12501"},{"taxonomy":"accessoires","embeddable":true,"href":"https:\/\/stelfia.com\/en\/wp-json\/wp\/v2\/accessoires?post=12501"},{"taxonomy":"pieces-detachees","embeddable":true,"href":"https:\/\/stelfia.com\/en\/wp-json\/wp\/v2\/pieces-detachees?post=12501"},{"taxonomy":"trottinette-electrique","embeddable":true,"href":"https:\/\/stelfia.com\/en\/wp-json\/wp\/v2\/trottinette-electrique?post=12501"},{"taxonomy":"velo","embeddable":true,"href":"https:\/\/stelfia.com\/en\/wp-json\/wp\/v2\/velo?post=12501"}],"curies":[{"name":"wp","href":"https:\/\/api.w.org\/{rel}","templated":true}]}}