{"id":12483,"date":"2026-04-19T15:59:35","date_gmt":"2026-04-19T15:59:35","guid":{"rendered":"https:\/\/stelfia.com\/?post_type=product&#038;p=12483"},"modified":"2026-04-19T16:37:55","modified_gmt":"2026-04-19T16:37:55","slug":"ecooter-m1","status":"publish","type":"product","link":"https:\/\/stelfia.com\/en\/shop\/vehicules\/scooter\/ecooter-m1\/","title":{"rendered":"Ecooter M1"},"content":{"rendered":"<p><span style=\"color: #000000;\">Le Ecooter M1 est un scooter \u00e9lectrique moderne, simple et efficace, id\u00e9al pour les d\u00e9placements urbains du quotidien. Il offre un excellent rapport qualit\u00e9-prix avec une conduite fluide, \u00e9conomique et accessible.<\/span><\/p>\n<p><span style=\"color: #000000;\">Batterie :\u00a0 \u00a0 \u00a0 \u00a0 \u00a0 \u00a0 \u00a0 \u00a0 \u00a0 \u00a0 \u00a0 \u00a0 48V, 24Ah<\/span><\/p>\n<p><span style=\"color: #000000;\">Motor: Brushless 500 W<\/span><\/p>\n<p><span style=\"color: #000000;\">Maximum speed: 25 km\/h<\/span><\/p>\n<p><span style=\"color: #000000;\">Autonomie :\u00a0 \u00a0 \u00a0 \u00a0 \u00a0 \u00a0 \u00a0 \u00a0 \u00a0 60 &#8211; 70 km<\/span><\/p>\n<p><span style=\"color: #000000;\">Roues :\u00a0 \u00a0 \u00a0 \u00a0 \u00a0 \u00a0 \u00a0 \u00a0 \u00a0 \u00a0 \u00a0 \u00a0 \u00a0\u00a0 AV et ARR: 3.00 &#8211; 10<\/span><\/p>\n<p><span style=\"color: #000000;\">Brake: Front and rear (hydraulic) discs<\/span><\/p>\n<p><span style=\"color: #000000;\">Temps de charge :\u00a0 \u00a0 \u00a0 \u00a05 h<\/span><\/p>\n<p><span style=\"color: #000000;\">Charger socket: Standard 230V<\/span><\/p>\n<p><span style=\"color: #000000;\">Poids :\u00a0 \u00a0 \u00a0 \u00a0 \u00a0 \u00a0 \u00a0 \u00a0 \u00a0 \u00a0 \u00a0 \u00a0 \u00a0 \u00a0 64 kg<\/span><\/p>\n<p><span style=\"color: #000000;\">Max load: 130 kg<\/span><\/p>\n<p><span style=\"color: #000000;\">Etanch\u00e9it\u00e9 :\u00a0\u00a0\u00a0\u00a0\u00a0\u00a0\u00a0\u00a0\u00a0\u00a0\u00a0\u00a0\u00a0\u00a0\u00a0\u00a0\u00a0\u00a0 Oui<\/span><\/p>\n<p><span style=\"color: #000000;\">Couleur :\u00a0\u00a0\u00a0\u00a0\u00a0\u00a0\u00a0\u00a0\u00a0\u00a0\u00a0\u00a0\u00a0\u00a0\u00a0\u00a0\u00a0\u00a0\u00a0\u00a0\u00a0\u00a0\u00a0 Noir, blanc, vert<\/span><\/p>\n<p><span style=\"color: #000000;\">Dimensions :\u00a0 \u00a0 \u00a0 \u00a0 \u00a0 \u00a0 \u00a0 \u00a0 \u00a0 1710 x 740 x 1080 mm<\/span><\/p>\n<p><span style=\"color: #000000;\">Nombre de place :\u00a0 \u00a0 \u00a0 \u00a0 2<\/span><\/p>\n<p><span style=\"color: #000000;\">Cat\u00e9gorie :\u00a0 \u00a0 \u00a0 \u00a0 \u00a0 \u00a0 \u00a0 \u00a0 \u00a0 \u00a0 Cyclomoteurs l\u00e9gers<\/span><\/p>\n<p><span style=\"color: #000000;\">Permis de conduire :\u00a0 \u00a0 \u00a0Sans <\/span><\/p>\n<p><span style=\"color: #000000;\">\u00c9quipement :\u00a0 \u00a0 \u00a0 \u00a0 \u00a0 \u00a0 \u00a0 \u00a0 \u00a0 Batteries amovibles<\/span><\/p>\n<p><span style=\"color: #000000;\">\u00c9tat :\u00a0 \u00a0 \u00a0 \u00a0 \u00a0 \u00a0 \u00a0 \u00a0 \u00a0 \u00a0 \u00a0 \u00a0 \u00a0 \u00a0 \u00a0 \u00a0 Neuf<\/span><\/p>\n<p><span style=\"color: #000000;\">Garantie :\u00a0 \u00a0 \u00a0 \u00a0 \u00a0 \u00a0 \u00a0 \u00a0 \u00a0 \u00a0 \u00a0 \u00a02 ans (un an sur la batterie)<\/span><\/p>\n<p>&nbsp;<\/p>\n<p><span style=\"color: #000000;\">Approved on Swiss roads<\/span><\/p>","protected":false},"excerpt":{"rendered":"<p>Le Ecooter M1 est un scooter \u00e9lectrique accessible et fiable, parfait pour les trajets urbains.<\/p>\n<p>Simple d\u2019utilisation, \u00e9conomique et confortable, il repr\u00e9sente une solution id\u00e9ale pour se d\u00e9placer au quotidien sans contraintes.<\/p>","protected":false},"featured_media":12484,"template":"","meta":{"_uf_show_specific_survey":0,"_uf_disable_surveys":false},"product_brand":[],"product_cat":[458],"product_tag":[605,606,491,492,518,523],"permis--de-conduire":[470],"vitesse":[464],"brands":[],"accessoires":[],"pieces-detachees":[],"trottinette-electrique":[],"velo":[],"class_list":{"0":"post-12483","1":"product","2":"type-product","3":"status-publish","4":"has-post-thumbnail","6":"product_cat-scooter","7":"product_tag-ecooter","8":"product_tag-ecooter-m1","9":"product_tag-mobilite-electrique","10":"product_tag-scooter-electrique","11":"product_tag-scooter-electrique-economique","12":"product_tag-scooter-electrique-urbain","13":"permis--de-conduire-scooters-sans-permis","14":"vitesse-25-km-h-sans-plaque","15":"tm-has-options","17":"first","18":"instock","19":"taxable","20":"shipping-taxable","21":"purchasable","22":"product-type-simple"},"yoast_head":"<!-- This site is optimized with the Yoast SEO plugin v25.8 - https:\/\/yoast.com\/wordpress\/plugins\/seo\/ -->\n<title>Ecooter M1 | Scooter \u00e9lectrique \u00e9conomique et urbain \u2013 Stelfia<\/title>\n<meta name=\"description\" content=\"D\u00e9couvrez le Ecooter M1, un scooter \u00e9lectrique \u00e9conomique et pratique pour la ville. Id\u00e9al pour les trajets quotidiens, disponible chez Stelfia \u00e0 Renens, pr\u00e8s de Lausanne.\" \/>\n<meta name=\"robots\" content=\"index, follow, max-snippet:-1, max-image-preview:large, max-video-preview:-1\" \/>\n<link rel=\"canonical\" href=\"https:\/\/stelfia.com\/en\/shop\/vehicules\/scooter\/ecooter-m1\/\" \/>\n<meta property=\"og:locale\" content=\"en_US\" \/>\n<meta property=\"og:type\" content=\"article\" \/>\n<meta property=\"og:title\" content=\"Ecooter M1 | Scooter \u00e9lectrique \u00e9conomique et urbain \u2013 Stelfia\" \/>\n<meta property=\"og:description\" content=\"D\u00e9couvrez le Ecooter M1, un scooter \u00e9lectrique \u00e9conomique et pratique pour la ville. Id\u00e9al pour les trajets quotidiens, disponible chez Stelfia \u00e0 Renens, pr\u00e8s de Lausanne.\" \/>\n<meta property=\"og:url\" content=\"https:\/\/stelfia.com\/en\/shop\/vehicules\/scooter\/ecooter-m1\/\" \/>\n<meta property=\"og:site_name\" content=\"Trottinette \u00e9lectrique\" \/>\n<meta property=\"article:modified_time\" content=\"2026-04-19T16:37:55+00:00\" \/>\n<meta property=\"og:image\" content=\"https:\/\/stelfia.com\/wp-content\/uploads\/2026\/04\/000.1.jpg\" \/>\n\t<meta property=\"og:image:width\" content=\"843\" \/>\n\t<meta property=\"og:image:height\" content=\"789\" \/>\n\t<meta property=\"og:image:type\" content=\"image\/jpeg\" \/>\n<meta name=\"twitter:card\" content=\"summary_large_image\" \/>\n<meta name=\"twitter:label1\" content=\"Est. reading time\" \/>\n\t<meta name=\"twitter:data1\" content=\"1 minute\" \/>\n<script type=\"application\/ld+json\" class=\"yoast-schema-graph\">{\"@context\":\"https:\/\/schema.org\",\"@graph\":[{\"@type\":\"WebPage\",\"@id\":\"https:\/\/stelfia.com\/shop\/vehicules\/scooter\/ecooter-m1\/\",\"url\":\"https:\/\/stelfia.com\/shop\/vehicules\/scooter\/ecooter-m1\/\",\"name\":\"Ecooter M1 | Scooter \u00e9lectrique \u00e9conomique et urbain \u2013 Stelfia\",\"isPartOf\":{\"@id\":\"https:\/\/stelfia.com\/#website\"},\"primaryImageOfPage\":{\"@id\":\"https:\/\/stelfia.com\/shop\/vehicules\/scooter\/ecooter-m1\/#primaryimage\"},\"image\":{\"@id\":\"https:\/\/stelfia.com\/shop\/vehicules\/scooter\/ecooter-m1\/#primaryimage\"},\"thumbnailUrl\":\"https:\/\/stelfia.com\/wp-content\/uploads\/2026\/04\/000.1.jpg\",\"datePublished\":\"2026-04-19T15:59:35+00:00\",\"dateModified\":\"2026-04-19T16:37:55+00:00\",\"description\":\"D\u00e9couvrez le Ecooter M1, un scooter \u00e9lectrique \u00e9conomique et pratique pour la ville. Id\u00e9al pour les trajets quotidiens, disponible chez Stelfia \u00e0 Renens, pr\u00e8s de Lausanne.\",\"breadcrumb\":{\"@id\":\"https:\/\/stelfia.com\/shop\/vehicules\/scooter\/ecooter-m1\/#breadcrumb\"},\"inLanguage\":\"en-US\",\"potentialAction\":[{\"@type\":\"ReadAction\",\"target\":[\"https:\/\/stelfia.com\/shop\/vehicules\/scooter\/ecooter-m1\/\"]}]},{\"@type\":\"ImageObject\",\"inLanguage\":\"en-US\",\"@id\":\"https:\/\/stelfia.com\/shop\/vehicules\/scooter\/ecooter-m1\/#primaryimage\",\"url\":\"https:\/\/stelfia.com\/wp-content\/uploads\/2026\/04\/000.1.jpg\",\"contentUrl\":\"https:\/\/stelfia.com\/wp-content\/uploads\/2026\/04\/000.1.jpg\",\"width\":843,\"height\":789,\"caption\":\"Le Ecooter M1, un scooter \u00e9lectrique simple et efficace pour la ville.\"},{\"@type\":\"BreadcrumbList\",\"@id\":\"https:\/\/stelfia.com\/shop\/vehicules\/scooter\/ecooter-m1\/#breadcrumb\",\"itemListElement\":[{\"@type\":\"ListItem\",\"position\":1,\"name\":\"Accueil\",\"item\":\"https:\/\/stelfia.com\/\"},{\"@type\":\"ListItem\",\"position\":2,\"name\":\"Shop\",\"item\":\"https:\/\/stelfia.com\/shop\/\"},{\"@type\":\"ListItem\",\"position\":3,\"name\":\"Ecooter M1\"}]},{\"@type\":\"WebSite\",\"@id\":\"https:\/\/stelfia.com\/#website\",\"url\":\"https:\/\/stelfia.com\/\",\"name\":\"Trottinette \u00e9lectrique\",\"description\":\"Trottinette \u00e9lectrique en Suisse romande\",\"publisher\":{\"@id\":\"https:\/\/stelfia.com\/#organization\"},\"potentialAction\":[{\"@type\":\"SearchAction\",\"target\":{\"@type\":\"EntryPoint\",\"urlTemplate\":\"https:\/\/stelfia.com\/?s={search_term_string}\"},\"query-input\":{\"@type\":\"PropertyValueSpecification\",\"valueRequired\":true,\"valueName\":\"search_term_string\"}}],\"inLanguage\":\"en-US\"},{\"@type\":\"Organization\",\"@id\":\"https:\/\/stelfia.com\/#organization\",\"name\":\"Trottinette \u00e9lectrique lausanne\",\"url\":\"https:\/\/stelfia.com\/\",\"logo\":{\"@type\":\"ImageObject\",\"inLanguage\":\"en-US\",\"@id\":\"https:\/\/stelfia.com\/#\/schema\/logo\/image\/\",\"url\":\"https:\/\/stelfia.com\/wp-content\/uploads\/2023\/02\/logonew-removebg-preview.png\",\"contentUrl\":\"https:\/\/stelfia.com\/wp-content\/uploads\/2023\/02\/logonew-removebg-preview.png\",\"width\":238,\"height\":100,\"caption\":\"Trottinette \u00e9lectrique lausanne\"},\"image\":{\"@id\":\"https:\/\/stelfia.com\/#\/schema\/logo\/image\/\"}}]}<\/script>\n<!-- \/ Yoast SEO plugin. -->","yoast_head_json":{"title":"Ecooter M1 | Scooter \u00e9lectrique \u00e9conomique et urbain \u2013 Stelfia","description":"D\u00e9couvrez le Ecooter M1, un scooter \u00e9lectrique \u00e9conomique et pratique pour la ville. Id\u00e9al pour les trajets quotidiens, disponible chez Stelfia \u00e0 Renens, pr\u00e8s de Lausanne.","robots":{"index":"index","follow":"follow","max-snippet":"max-snippet:-1","max-image-preview":"max-image-preview:large","max-video-preview":"max-video-preview:-1"},"canonical":"https:\/\/stelfia.com\/en\/shop\/vehicules\/scooter\/ecooter-m1\/","og_locale":"en_US","og_type":"article","og_title":"Ecooter M1 | Scooter \u00e9lectrique \u00e9conomique et urbain \u2013 Stelfia","og_description":"D\u00e9couvrez le Ecooter M1, un scooter \u00e9lectrique \u00e9conomique et pratique pour la ville. Id\u00e9al pour les trajets quotidiens, disponible chez Stelfia \u00e0 Renens, pr\u00e8s de Lausanne.","og_url":"https:\/\/stelfia.com\/en\/shop\/vehicules\/scooter\/ecooter-m1\/","og_site_name":"Trottinette \u00e9lectrique","article_modified_time":"2026-04-19T16:37:55+00:00","og_image":[{"width":843,"height":789,"url":"https:\/\/stelfia.com\/wp-content\/uploads\/2026\/04\/000.1.jpg","type":"image\/jpeg"}],"twitter_card":"summary_large_image","twitter_misc":{"Est. reading time":"1 minute"},"schema":{"@context":"https:\/\/schema.org","@graph":[{"@type":"WebPage","@id":"https:\/\/stelfia.com\/shop\/vehicules\/scooter\/ecooter-m1\/","url":"https:\/\/stelfia.com\/shop\/vehicules\/scooter\/ecooter-m1\/","name":"Ecooter M1 | Scooter \u00e9lectrique \u00e9conomique et urbain \u2013 Stelfia","isPartOf":{"@id":"https:\/\/stelfia.com\/#website"},"primaryImageOfPage":{"@id":"https:\/\/stelfia.com\/shop\/vehicules\/scooter\/ecooter-m1\/#primaryimage"},"image":{"@id":"https:\/\/stelfia.com\/shop\/vehicules\/scooter\/ecooter-m1\/#primaryimage"},"thumbnailUrl":"https:\/\/stelfia.com\/wp-content\/uploads\/2026\/04\/000.1.jpg","datePublished":"2026-04-19T15:59:35+00:00","dateModified":"2026-04-19T16:37:55+00:00","description":"D\u00e9couvrez le Ecooter M1, un scooter \u00e9lectrique \u00e9conomique et pratique pour la ville. Id\u00e9al pour les trajets quotidiens, disponible chez Stelfia \u00e0 Renens, pr\u00e8s de Lausanne.","breadcrumb":{"@id":"https:\/\/stelfia.com\/shop\/vehicules\/scooter\/ecooter-m1\/#breadcrumb"},"inLanguage":"en-US","potentialAction":[{"@type":"ReadAction","target":["https:\/\/stelfia.com\/shop\/vehicules\/scooter\/ecooter-m1\/"]}]},{"@type":"ImageObject","inLanguage":"en-US","@id":"https:\/\/stelfia.com\/shop\/vehicules\/scooter\/ecooter-m1\/#primaryimage","url":"https:\/\/stelfia.com\/wp-content\/uploads\/2026\/04\/000.1.jpg","contentUrl":"https:\/\/stelfia.com\/wp-content\/uploads\/2026\/04\/000.1.jpg","width":843,"height":789,"caption":"Le Ecooter M1, un scooter \u00e9lectrique simple et efficace pour la ville."},{"@type":"BreadcrumbList","@id":"https:\/\/stelfia.com\/shop\/vehicules\/scooter\/ecooter-m1\/#breadcrumb","itemListElement":[{"@type":"ListItem","position":1,"name":"Accueil","item":"https:\/\/stelfia.com\/"},{"@type":"ListItem","position":2,"name":"Shop","item":"https:\/\/stelfia.com\/shop\/"},{"@type":"ListItem","position":3,"name":"Ecooter M1"}]},{"@type":"WebSite","@id":"https:\/\/stelfia.com\/#website","url":"https:\/\/stelfia.com\/","name":"Electric scooter","description":"Electric scooter in French-speaking Switzerland","publisher":{"@id":"https:\/\/stelfia.com\/#organization"},"potentialAction":[{"@type":"SearchAction","target":{"@type":"EntryPoint","urlTemplate":"https:\/\/stelfia.com\/?s={search_term_string}"},"query-input":{"@type":"PropertyValueSpecification","valueRequired":true,"valueName":"search_term_string"}}],"inLanguage":"en-US"},{"@type":"Organization","@id":"https:\/\/stelfia.com\/#organization","name":"Trottinette \u00e9lectrique lausanne","url":"https:\/\/stelfia.com\/","logo":{"@type":"ImageObject","inLanguage":"en-US","@id":"https:\/\/stelfia.com\/#\/schema\/logo\/image\/","url":"https:\/\/stelfia.com\/wp-content\/uploads\/2023\/02\/logonew-removebg-preview.png","contentUrl":"https:\/\/stelfia.com\/wp-content\/uploads\/2023\/02\/logonew-removebg-preview.png","width":238,"height":100,"caption":"Trottinette \u00e9lectrique lausanne"},"image":{"@id":"https:\/\/stelfia.com\/#\/schema\/logo\/image\/"}}]}},"_links":{"self":[{"href":"https:\/\/stelfia.com\/en\/wp-json\/wp\/v2\/product\/12483","targetHints":{"allow":["GET"]}}],"collection":[{"href":"https:\/\/stelfia.com\/en\/wp-json\/wp\/v2\/product"}],"about":[{"href":"https:\/\/stelfia.com\/en\/wp-json\/wp\/v2\/types\/product"}],"version-history":[{"count":0,"href":"https:\/\/stelfia.com\/en\/wp-json\/wp\/v2\/product\/12483\/revisions"}],"wp:featuredmedia":[{"embeddable":true,"href":"https:\/\/stelfia.com\/en\/wp-json\/wp\/v2\/media\/12484"}],"wp:attachment":[{"href":"https:\/\/stelfia.com\/en\/wp-json\/wp\/v2\/media?parent=12483"}],"wp:term":[{"taxonomy":"product_brand","embeddable":true,"href":"https:\/\/stelfia.com\/en\/wp-json\/wp\/v2\/product_brand?post=12483"},{"taxonomy":"product_cat","embeddable":true,"href":"https:\/\/stelfia.com\/en\/wp-json\/wp\/v2\/product_cat?post=12483"},{"taxonomy":"product_tag","embeddable":true,"href":"https:\/\/stelfia.com\/en\/wp-json\/wp\/v2\/product_tag?post=12483"},{"taxonomy":"permis--de-conduire","embeddable":true,"href":"https:\/\/stelfia.com\/en\/wp-json\/wp\/v2\/permis--de-conduire?post=12483"},{"taxonomy":"vitesse","embeddable":true,"href":"https:\/\/stelfia.com\/en\/wp-json\/wp\/v2\/vitesse?post=12483"},{"taxonomy":"brands","embeddable":true,"href":"https:\/\/stelfia.com\/en\/wp-json\/wp\/v2\/brands?post=12483"},{"taxonomy":"accessoires","embeddable":true,"href":"https:\/\/stelfia.com\/en\/wp-json\/wp\/v2\/accessoires?post=12483"},{"taxonomy":"pieces-detachees","embeddable":true,"href":"https:\/\/stelfia.com\/en\/wp-json\/wp\/v2\/pieces-detachees?post=12483"},{"taxonomy":"trottinette-electrique","embeddable":true,"href":"https:\/\/stelfia.com\/en\/wp-json\/wp\/v2\/trottinette-electrique?post=12483"},{"taxonomy":"velo","embeddable":true,"href":"https:\/\/stelfia.com\/en\/wp-json\/wp\/v2\/velo?post=12483"}],"curies":[{"name":"wp","href":"https:\/\/api.w.org\/{rel}","templated":true}]}}