{"id":12443,"date":"2026-03-26T19:26:08","date_gmt":"2026-03-26T19:26:08","guid":{"rendered":"https:\/\/stelfia.com\/?post_type=product&#038;p=12443"},"modified":"2026-04-29T15:22:36","modified_gmt":"2026-04-29T15:22:36","slug":"swiss-4000-scooter-mobilite-senior-4-roues","status":"publish","type":"product","link":"https:\/\/stelfia.com\/en\/shop\/vehicules\/mobilite-seniors\/swiss-4000-scooter-mobilite-senior-4-roues\/","title":{"rendered":"Swiss 4000"},"content":{"rendered":"<p data-start=\"197\" data-end=\"466\">Le Swiss 4000 est un scooter \u00e9lectrique 4 roues con\u00e7u pour la mobilit\u00e9 senior, offrant un maximum de stabilit\u00e9, de confort et de s\u00e9curit\u00e9. Id\u00e9al pour les d\u00e9placements quotidiens, il permet de se d\u00e9placer facilement tout en gardant une excellente confiance au guidon.<\/p>\n<p data-start=\"468\" data-end=\"619\">Gr\u00e2ce \u00e0 ses quatre roues, il assure une stabilit\u00e9 optimale, parfaite pour une utilisation rassurante et confortable, m\u00eame sur de longues distances.<\/p>\n<p>Batterie :\u00a0 \u00a0 \u00a0 \u00a0 \u00a0 \u00a0 \u00a0 \u00a0 \u00a0 \u00a0 \u00a0 \u00a0 Lithium 60V, 20Ah<\/p>\n<p>Moteur :\u00a0 \u00a0 \u00a0 \u00a0 \u00a0 \u00a0 \u00a0 \u00a0 \u00a0 \u00a0 \u00a0 \u00a0 \u00a0Brushless 1000 W<\/p>\n<p>Maximum speed: 25 km\/h<\/p>\n<p>Autonomie :\u00a0 \u00a0 \u00a0 \u00a0 \u00a0 \u00a0 \u00a0 \u00a0 \u00a040 &#8211; 60 km<\/p>\n<p>Roues :\u00a0 \u00a0 \u00a0 \u00a0 \u00a0 \u00a0 \u00a0 \u00a0 \u00a0 \u00a0 \u00a0 \u00a0 \u00a0 3.0 x 10<\/p>\n<p>Frein :\u00a0 \u00a0 \u00a0 \u00a0 \u00a0 \u00a0 \u00a0 \u00a0 \u00a0 \u00a0 \u00a0 \u00a0 \u00a0 \u00a0 \u00a0Disques (hydrauliques) AV et tambour (m\u00e9caniques) ARR<\/p>\n<p>Temps de charge :\u00a0 \u00a0 \u00a0 \u00a0Env. 4 &#8211; 5 h<\/p>\n<p>Charger socket: Standard 230V<\/p>\n<p>Poids :\u00a0 \u00a0 \u00a0 \u00a0 \u00a0 \u00a0 \u00a0 \u00a0 \u00a0 \u00a0 \u00a0 \u00a0 \u00a0 \u00a0 120 kg<\/p>\n<p>Charge max :\u00a0 \u00a0 \u00a0 \u00a0 \u00a0 \u00a0 \u00a0 \u00a0200 kg<\/p>\n<p>Etanch\u00e9it\u00e9 :\u00a0 \u00a0 \u00a0 \u00a0 \u00a0 \u00a0 \u00a0 \u00a0 \u00a0 \u00a0Oui<\/p>\n<p>Couleur :\u00a0\u00a0\u00a0\u00a0\u00a0\u00a0\u00a0\u00a0\u00a0\u00a0\u00a0\u00a0\u00a0\u00a0\u00a0\u00a0\u00a0\u00a0\u00a0\u00a0\u00a0\u00a0\u00a0 Noir, bordeaux<\/p>\n<p>Nombre de place :\u00a0 \u00a0 \u00a0 \u00a01<\/p>\n<p>Cat\u00e9gorie :\u00a0 \u00a0 \u00a0 \u00a0 \u00a0 \u00a0 \u00a0 \u00a0 \u00a0 \u00a0 Fauteuils roulants motoris\u00e9s<\/p>\n<p>Dimensions :\u00a0 \u00a0 \u00a0 \u00a0 \u00a0 \u00a0 \u00a0 \u00a0 \u00a0 \u00a01495 x 685 x 1325 mm<\/p>\n<p>Permis de conduire :\u00a0 \u00a0 Sans<\/p>\n<p>Plaque :\u00a0 \u00a0 \u00a0 \u00a0 \u00a0 \u00a0 \u00a0 \u00a0 \u00a0 \u00a0 \u00a0 \u00a0 \u00a0Cyclomoteur<\/p>\n<p>Condition: New<\/p>\n<p>Warranty: 2 years (one year on the battery)<\/p>\n<p>Equipement :\u00a0 \u00a0 \u00a0 \u00a0 \u00a0 \u00a0 \u00a0 \u00a0 Top case \u00e0 l&#8217;arri\u00e8re, si\u00e8ge confortable<\/p>\n<p>&nbsp;<\/p>\n<p>Approved on Swiss roads<\/p>","protected":false},"excerpt":{"rendered":"<p data-start=\"1095\" data-end=\"1278\">Le Swiss 4000 est un scooter \u00e9lectrique 4 roues offrant une stabilit\u00e9 maximale, un grand confort et un espace de rangement pratique.<\/p>\n<p data-start=\"1095\" data-end=\"1278\">Id\u00e9al pour les seniors souhaitant se d\u00e9placer en toute s\u00e9curit\u00e9.<\/p>\n<p><img decoding=\"async\" class=\"wp-image-12079\" src=\"https:\/\/stelfia.com\/wp-content\/uploads\/2025\/04\/Logo-succursale-Renens-400x134.jpg\" alt=\"Succursale E-Motors Schweiz \u00e0 Renens \u2013 scooters et v\u00e9hicules \u00e9lectriques chez Stelfia\" width=\"266\" height=\"89\" srcset=\"https:\/\/stelfia.com\/wp-content\/uploads\/2025\/04\/Logo-succursale-Renens-400x134.jpg 400w, https:\/\/stelfia.com\/wp-content\/uploads\/2025\/04\/Logo-succursale-Renens-1300x434.jpg 1300w, https:\/\/stelfia.com\/wp-content\/uploads\/2025\/04\/Logo-succursale-Renens-768x257.jpg 768w, https:\/\/stelfia.com\/wp-content\/uploads\/2025\/04\/Logo-succursale-Renens-1536x513.jpg 1536w, https:\/\/stelfia.com\/wp-content\/uploads\/2025\/04\/Logo-succursale-Renens-18x6.jpg 18w, https:\/\/stelfia.com\/wp-content\/uploads\/2025\/04\/Logo-succursale-Renens-430x144.jpg 430w, https:\/\/stelfia.com\/wp-content\/uploads\/2025\/04\/Logo-succursale-Renens-700x234.jpg 700w, https:\/\/stelfia.com\/wp-content\/uploads\/2025\/04\/Logo-succursale-Renens-150x50.jpg 150w, https:\/\/stelfia.com\/wp-content\/uploads\/2025\/04\/Logo-succursale-Renens.jpg 1610w\" sizes=\"(max-width: 266px) 100vw, 266px\" \/><\/p>","protected":false},"featured_media":12446,"template":"","meta":{"_uf_show_specific_survey":0,"_uf_disable_surveys":false},"product_brand":[],"product_cat":[457],"product_tag":[583,565,125,585,586,582,508,581,584,443],"permis--de-conduire":[470],"vitesse":[464],"brands":[],"accessoires":[],"pieces-detachees":[],"trottinette-electrique":[],"velo":[],"class_list":{"0":"post-12443","1":"product","2":"type-product","3":"status-publish","4":"has-post-thumbnail","6":"product_cat-mobilite-seniors","7":"product_tag-mobilite-reduite","8":"product_tag-mobilite-senior","9":"product_tag-renens","10":"product_tag-scooter-4-roues","11":"product_tag-scooter-confortable","12":"product_tag-scooter-electrique-senior","13":"product_tag-scooter-electrique-suisse","14":"product_tag-scooter-senior","15":"product_tag-scooter-stable","16":"product_tag-stelfia","17":"permis--de-conduire-scooters-sans-permis","18":"vitesse-25-km-h-sans-plaque","19":"tm-has-options","21":"first","22":"instock","23":"taxable","24":"shipping-taxable","25":"purchasable","26":"product-type-simple"},"yoast_head":"<!-- This site is optimized with the Yoast SEO plugin v25.8 - https:\/\/yoast.com\/wordpress\/plugins\/seo\/ -->\n<title>Swiss 4000 \u2013 Scooter mobilit\u00e9 senior 4 roues stable | Stelfia<\/title>\n<meta name=\"description\" content=\"D\u00e9couvrez le Swiss 4000, scooter \u00e9lectrique 4 roues pour mobilit\u00e9 senior. Ultra stable, confortable avec top case de rangement, id\u00e9al pour les d\u00e9placements quotidiens. Disponible chez Stelfia.\" \/>\n<meta name=\"robots\" content=\"index, follow, max-snippet:-1, max-image-preview:large, max-video-preview:-1\" \/>\n<link rel=\"canonical\" href=\"https:\/\/stelfia.com\/en\/shop\/vehicules\/mobilite-seniors\/swiss-4000-scooter-mobilite-senior-4-roues\/\" \/>\n<meta property=\"og:locale\" content=\"en_US\" \/>\n<meta property=\"og:type\" content=\"article\" \/>\n<meta property=\"og:title\" content=\"Swiss 4000 \u2013 Scooter mobilit\u00e9 senior 4 roues stable | Stelfia\" \/>\n<meta property=\"og:description\" content=\"D\u00e9couvrez le Swiss 4000, scooter \u00e9lectrique 4 roues pour mobilit\u00e9 senior. Ultra stable, confortable avec top case de rangement, id\u00e9al pour les d\u00e9placements quotidiens. Disponible chez Stelfia.\" \/>\n<meta property=\"og:url\" content=\"https:\/\/stelfia.com\/en\/shop\/vehicules\/mobilite-seniors\/swiss-4000-scooter-mobilite-senior-4-roues\/\" \/>\n<meta property=\"og:site_name\" content=\"Trottinette \u00e9lectrique\" \/>\n<meta property=\"article:modified_time\" content=\"2026-04-29T15:22:36+00:00\" \/>\n<meta property=\"og:image\" content=\"https:\/\/stelfia.com\/wp-content\/uploads\/2026\/03\/001.1-2.jpg\" \/>\n\t<meta property=\"og:image:width\" content=\"823\" \/>\n\t<meta property=\"og:image:height\" content=\"827\" \/>\n\t<meta property=\"og:image:type\" content=\"image\/jpeg\" \/>\n<meta name=\"twitter:card\" content=\"summary_large_image\" \/>\n<meta name=\"twitter:label1\" content=\"Est. reading time\" \/>\n\t<meta name=\"twitter:data1\" content=\"2 minutes\" \/>\n<script type=\"application\/ld+json\" class=\"yoast-schema-graph\">{\"@context\":\"https:\/\/schema.org\",\"@graph\":[{\"@type\":\"WebPage\",\"@id\":\"https:\/\/stelfia.com\/shop\/vehicules\/mobilite-seniors\/swiss-4000-scooter-mobilite-senior-4-roues\/\",\"url\":\"https:\/\/stelfia.com\/shop\/vehicules\/mobilite-seniors\/swiss-4000-scooter-mobilite-senior-4-roues\/\",\"name\":\"Swiss 4000 \u2013 Scooter mobilit\u00e9 senior 4 roues stable | Stelfia\",\"isPartOf\":{\"@id\":\"https:\/\/stelfia.com\/#website\"},\"primaryImageOfPage\":{\"@id\":\"https:\/\/stelfia.com\/shop\/vehicules\/mobilite-seniors\/swiss-4000-scooter-mobilite-senior-4-roues\/#primaryimage\"},\"image\":{\"@id\":\"https:\/\/stelfia.com\/shop\/vehicules\/mobilite-seniors\/swiss-4000-scooter-mobilite-senior-4-roues\/#primaryimage\"},\"thumbnailUrl\":\"https:\/\/stelfia.com\/wp-content\/uploads\/2026\/03\/001.1-2.jpg\",\"datePublished\":\"2026-03-26T19:26:08+00:00\",\"dateModified\":\"2026-04-29T15:22:36+00:00\",\"description\":\"D\u00e9couvrez le Swiss 4000, scooter \u00e9lectrique 4 roues pour mobilit\u00e9 senior. Ultra stable, confortable avec top case de rangement, id\u00e9al pour les d\u00e9placements quotidiens. Disponible chez Stelfia.\",\"breadcrumb\":{\"@id\":\"https:\/\/stelfia.com\/shop\/vehicules\/mobilite-seniors\/swiss-4000-scooter-mobilite-senior-4-roues\/#breadcrumb\"},\"inLanguage\":\"en-US\",\"potentialAction\":[{\"@type\":\"ReadAction\",\"target\":[\"https:\/\/stelfia.com\/shop\/vehicules\/mobilite-seniors\/swiss-4000-scooter-mobilite-senior-4-roues\/\"]}]},{\"@type\":\"ImageObject\",\"inLanguage\":\"en-US\",\"@id\":\"https:\/\/stelfia.com\/shop\/vehicules\/mobilite-seniors\/swiss-4000-scooter-mobilite-senior-4-roues\/#primaryimage\",\"url\":\"https:\/\/stelfia.com\/wp-content\/uploads\/2026\/03\/001.1-2.jpg\",\"contentUrl\":\"https:\/\/stelfia.com\/wp-content\/uploads\/2026\/03\/001.1-2.jpg\",\"width\":823,\"height\":827,\"caption\":\"Scooter senior 4 roues\"},{\"@type\":\"BreadcrumbList\",\"@id\":\"https:\/\/stelfia.com\/shop\/vehicules\/mobilite-seniors\/swiss-4000-scooter-mobilite-senior-4-roues\/#breadcrumb\",\"itemListElement\":[{\"@type\":\"ListItem\",\"position\":1,\"name\":\"Accueil\",\"item\":\"https:\/\/stelfia.com\/\"},{\"@type\":\"ListItem\",\"position\":2,\"name\":\"Shop\",\"item\":\"https:\/\/stelfia.com\/shop\/\"},{\"@type\":\"ListItem\",\"position\":3,\"name\":\"Swiss 4000\"}]},{\"@type\":\"WebSite\",\"@id\":\"https:\/\/stelfia.com\/#website\",\"url\":\"https:\/\/stelfia.com\/\",\"name\":\"Trottinette \u00e9lectrique\",\"description\":\"Trottinette \u00e9lectrique en Suisse romande\",\"publisher\":{\"@id\":\"https:\/\/stelfia.com\/#organization\"},\"potentialAction\":[{\"@type\":\"SearchAction\",\"target\":{\"@type\":\"EntryPoint\",\"urlTemplate\":\"https:\/\/stelfia.com\/?s={search_term_string}\"},\"query-input\":{\"@type\":\"PropertyValueSpecification\",\"valueRequired\":true,\"valueName\":\"search_term_string\"}}],\"inLanguage\":\"en-US\"},{\"@type\":\"Organization\",\"@id\":\"https:\/\/stelfia.com\/#organization\",\"name\":\"Trottinette \u00e9lectrique lausanne\",\"url\":\"https:\/\/stelfia.com\/\",\"logo\":{\"@type\":\"ImageObject\",\"inLanguage\":\"en-US\",\"@id\":\"https:\/\/stelfia.com\/#\/schema\/logo\/image\/\",\"url\":\"https:\/\/stelfia.com\/wp-content\/uploads\/2023\/02\/logonew-removebg-preview.png\",\"contentUrl\":\"https:\/\/stelfia.com\/wp-content\/uploads\/2023\/02\/logonew-removebg-preview.png\",\"width\":238,\"height\":100,\"caption\":\"Trottinette \u00e9lectrique lausanne\"},\"image\":{\"@id\":\"https:\/\/stelfia.com\/#\/schema\/logo\/image\/\"}}]}<\/script>\n<!-- \/ Yoast SEO plugin. -->","yoast_head_json":{"title":"Swiss 4000 \u2013 Scooter mobilit\u00e9 senior 4 roues stable | Stelfia","description":"D\u00e9couvrez le Swiss 4000, scooter \u00e9lectrique 4 roues pour mobilit\u00e9 senior. Ultra stable, confortable avec top case de rangement, id\u00e9al pour les d\u00e9placements quotidiens. Disponible chez Stelfia.","robots":{"index":"index","follow":"follow","max-snippet":"max-snippet:-1","max-image-preview":"max-image-preview:large","max-video-preview":"max-video-preview:-1"},"canonical":"https:\/\/stelfia.com\/en\/shop\/vehicules\/mobilite-seniors\/swiss-4000-scooter-mobilite-senior-4-roues\/","og_locale":"en_US","og_type":"article","og_title":"Swiss 4000 \u2013 Scooter mobilit\u00e9 senior 4 roues stable | Stelfia","og_description":"D\u00e9couvrez le Swiss 4000, scooter \u00e9lectrique 4 roues pour mobilit\u00e9 senior. Ultra stable, confortable avec top case de rangement, id\u00e9al pour les d\u00e9placements quotidiens. Disponible chez Stelfia.","og_url":"https:\/\/stelfia.com\/en\/shop\/vehicules\/mobilite-seniors\/swiss-4000-scooter-mobilite-senior-4-roues\/","og_site_name":"Trottinette \u00e9lectrique","article_modified_time":"2026-04-29T15:22:36+00:00","og_image":[{"width":823,"height":827,"url":"https:\/\/stelfia.com\/wp-content\/uploads\/2026\/03\/001.1-2.jpg","type":"image\/jpeg"}],"twitter_card":"summary_large_image","twitter_misc":{"Est. reading time":"2 minutes"},"schema":{"@context":"https:\/\/schema.org","@graph":[{"@type":"WebPage","@id":"https:\/\/stelfia.com\/shop\/vehicules\/mobilite-seniors\/swiss-4000-scooter-mobilite-senior-4-roues\/","url":"https:\/\/stelfia.com\/shop\/vehicules\/mobilite-seniors\/swiss-4000-scooter-mobilite-senior-4-roues\/","name":"Swiss 4000 \u2013 Scooter mobilit\u00e9 senior 4 roues stable | Stelfia","isPartOf":{"@id":"https:\/\/stelfia.com\/#website"},"primaryImageOfPage":{"@id":"https:\/\/stelfia.com\/shop\/vehicules\/mobilite-seniors\/swiss-4000-scooter-mobilite-senior-4-roues\/#primaryimage"},"image":{"@id":"https:\/\/stelfia.com\/shop\/vehicules\/mobilite-seniors\/swiss-4000-scooter-mobilite-senior-4-roues\/#primaryimage"},"thumbnailUrl":"https:\/\/stelfia.com\/wp-content\/uploads\/2026\/03\/001.1-2.jpg","datePublished":"2026-03-26T19:26:08+00:00","dateModified":"2026-04-29T15:22:36+00:00","description":"D\u00e9couvrez le Swiss 4000, scooter \u00e9lectrique 4 roues pour mobilit\u00e9 senior. Ultra stable, confortable avec top case de rangement, id\u00e9al pour les d\u00e9placements quotidiens. Disponible chez Stelfia.","breadcrumb":{"@id":"https:\/\/stelfia.com\/shop\/vehicules\/mobilite-seniors\/swiss-4000-scooter-mobilite-senior-4-roues\/#breadcrumb"},"inLanguage":"en-US","potentialAction":[{"@type":"ReadAction","target":["https:\/\/stelfia.com\/shop\/vehicules\/mobilite-seniors\/swiss-4000-scooter-mobilite-senior-4-roues\/"]}]},{"@type":"ImageObject","inLanguage":"en-US","@id":"https:\/\/stelfia.com\/shop\/vehicules\/mobilite-seniors\/swiss-4000-scooter-mobilite-senior-4-roues\/#primaryimage","url":"https:\/\/stelfia.com\/wp-content\/uploads\/2026\/03\/001.1-2.jpg","contentUrl":"https:\/\/stelfia.com\/wp-content\/uploads\/2026\/03\/001.1-2.jpg","width":823,"height":827,"caption":"Scooter senior 4 roues"},{"@type":"BreadcrumbList","@id":"https:\/\/stelfia.com\/shop\/vehicules\/mobilite-seniors\/swiss-4000-scooter-mobilite-senior-4-roues\/#breadcrumb","itemListElement":[{"@type":"ListItem","position":1,"name":"Accueil","item":"https:\/\/stelfia.com\/"},{"@type":"ListItem","position":2,"name":"Shop","item":"https:\/\/stelfia.com\/shop\/"},{"@type":"ListItem","position":3,"name":"Swiss 4000"}]},{"@type":"WebSite","@id":"https:\/\/stelfia.com\/#website","url":"https:\/\/stelfia.com\/","name":"Electric scooter","description":"Electric scooter in French-speaking Switzerland","publisher":{"@id":"https:\/\/stelfia.com\/#organization"},"potentialAction":[{"@type":"SearchAction","target":{"@type":"EntryPoint","urlTemplate":"https:\/\/stelfia.com\/?s={search_term_string}"},"query-input":{"@type":"PropertyValueSpecification","valueRequired":true,"valueName":"search_term_string"}}],"inLanguage":"en-US"},{"@type":"Organization","@id":"https:\/\/stelfia.com\/#organization","name":"Trottinette \u00e9lectrique lausanne","url":"https:\/\/stelfia.com\/","logo":{"@type":"ImageObject","inLanguage":"en-US","@id":"https:\/\/stelfia.com\/#\/schema\/logo\/image\/","url":"https:\/\/stelfia.com\/wp-content\/uploads\/2023\/02\/logonew-removebg-preview.png","contentUrl":"https:\/\/stelfia.com\/wp-content\/uploads\/2023\/02\/logonew-removebg-preview.png","width":238,"height":100,"caption":"Trottinette \u00e9lectrique lausanne"},"image":{"@id":"https:\/\/stelfia.com\/#\/schema\/logo\/image\/"}}]}},"_links":{"self":[{"href":"https:\/\/stelfia.com\/en\/wp-json\/wp\/v2\/product\/12443","targetHints":{"allow":["GET"]}}],"collection":[{"href":"https:\/\/stelfia.com\/en\/wp-json\/wp\/v2\/product"}],"about":[{"href":"https:\/\/stelfia.com\/en\/wp-json\/wp\/v2\/types\/product"}],"version-history":[{"count":0,"href":"https:\/\/stelfia.com\/en\/wp-json\/wp\/v2\/product\/12443\/revisions"}],"wp:featuredmedia":[{"embeddable":true,"href":"https:\/\/stelfia.com\/en\/wp-json\/wp\/v2\/media\/12446"}],"wp:attachment":[{"href":"https:\/\/stelfia.com\/en\/wp-json\/wp\/v2\/media?parent=12443"}],"wp:term":[{"taxonomy":"product_brand","embeddable":true,"href":"https:\/\/stelfia.com\/en\/wp-json\/wp\/v2\/product_brand?post=12443"},{"taxonomy":"product_cat","embeddable":true,"href":"https:\/\/stelfia.com\/en\/wp-json\/wp\/v2\/product_cat?post=12443"},{"taxonomy":"product_tag","embeddable":true,"href":"https:\/\/stelfia.com\/en\/wp-json\/wp\/v2\/product_tag?post=12443"},{"taxonomy":"permis--de-conduire","embeddable":true,"href":"https:\/\/stelfia.com\/en\/wp-json\/wp\/v2\/permis--de-conduire?post=12443"},{"taxonomy":"vitesse","embeddable":true,"href":"https:\/\/stelfia.com\/en\/wp-json\/wp\/v2\/vitesse?post=12443"},{"taxonomy":"brands","embeddable":true,"href":"https:\/\/stelfia.com\/en\/wp-json\/wp\/v2\/brands?post=12443"},{"taxonomy":"accessoires","embeddable":true,"href":"https:\/\/stelfia.com\/en\/wp-json\/wp\/v2\/accessoires?post=12443"},{"taxonomy":"pieces-detachees","embeddable":true,"href":"https:\/\/stelfia.com\/en\/wp-json\/wp\/v2\/pieces-detachees?post=12443"},{"taxonomy":"trottinette-electrique","embeddable":true,"href":"https:\/\/stelfia.com\/en\/wp-json\/wp\/v2\/trottinette-electrique?post=12443"},{"taxonomy":"velo","embeddable":true,"href":"https:\/\/stelfia.com\/en\/wp-json\/wp\/v2\/velo?post=12443"}],"curies":[{"name":"wp","href":"https:\/\/api.w.org\/{rel}","templated":true}]}}