{"id":12428,"date":"2026-03-26T16:19:45","date_gmt":"2026-03-26T16:19:45","guid":{"rendered":"https:\/\/stelfia.com\/?post_type=product&#038;p=12428"},"modified":"2026-04-29T15:21:59","modified_gmt":"2026-04-29T15:21:59","slug":"swiss-1000-scooter-mobilite-senior-3-roues","status":"publish","type":"product","link":"https:\/\/stelfia.com\/en\/shop\/vehicules\/mobilite-seniors\/swiss-1000-scooter-mobilite-senior-3-roues\/","title":{"rendered":"Swiss 1000"},"content":{"rendered":"<p data-start=\"239\" data-end=\"511\">Le Swiss 1000 est un scooter \u00e9lectrique 3 roues con\u00e7u pour la mobilit\u00e9 senior, alliant stabilit\u00e9, confort et simplicit\u00e9 d\u2019utilisation. Id\u00e9al pour les d\u00e9placements du quotidien, il permet de se d\u00e9placer facilement et en toute s\u00e9curit\u00e9, tout en conservant son autonomie.<\/p>\n<p data-start=\"513\" data-end=\"626\">Gr\u00e2ce \u00e0 ses trois roues, il offre une excellente stabilit\u00e9, parfaite pour une prise en main rapide et rassurante.<\/p>\n<p>Batterie :\u00a0 \u00a0 \u00a0 \u00a0 \u00a0 \u00a0 \u00a0 \u00a0 \u00a0 \u00a0 \u00a0 \u00a0 Lithium 60V, 20Ah<\/p>\n<p>Motor: Brushless 500 W<\/p>\n<p>Maximum speed: 25 km\/h<\/p>\n<p>Autonomie :\u00a0 \u00a0 \u00a0 \u00a0 \u00a0 \u00a0 \u00a0 \u00a0 \u00a050 &#8211; 60 km<\/p>\n<p>Roues :\u00a0 \u00a0 \u00a0 \u00a0 \u00a0 \u00a0 \u00a0 \u00a0 \u00a0 \u00a0 \u00a0 \u00a0 \u00a0 3.0 x 10<\/p>\n<p>Frein :\u00a0 \u00a0 \u00a0 \u00a0 \u00a0 \u00a0 \u00a0 \u00a0 \u00a0 \u00a0 \u00a0 \u00a0 \u00a0 \u00a0 \u00a0Disques (hydrauliques) AV et tambour (m\u00e9caniques) ARR<\/p>\n<p>Temps de charge :\u00a0 \u00a0 \u00a0 \u00a0Env. 4 &#8211; 5 h<\/p>\n<p>Charger socket: Standard 230V<\/p>\n<p>Poids :\u00a0 \u00a0 \u00a0 \u00a0 \u00a0 \u00a0 \u00a0 \u00a0 \u00a0 \u00a0 \u00a0 \u00a0 \u00a0 \u00a0 77 kg<\/p>\n<p>Max load: 130 kg<\/p>\n<p>Etanch\u00e9it\u00e9 :\u00a0 \u00a0 \u00a0 \u00a0 \u00a0 \u00a0 \u00a0 \u00a0 \u00a0 \u00a0Oui<\/p>\n<p>Couleur :\u00a0\u00a0\u00a0\u00a0\u00a0\u00a0\u00a0\u00a0\u00a0\u00a0\u00a0\u00a0\u00a0\u00a0\u00a0\u00a0\u00a0\u00a0\u00a0\u00a0\u00a0\u00a0\u00a0 Noir, bordeaux<\/p>\n<p>Nombre de place :\u00a0 \u00a0 \u00a0 \u00a01<\/p>\n<p>Cat\u00e9gorie :\u00a0 \u00a0 \u00a0 \u00a0 \u00a0 \u00a0 \u00a0 \u00a0 \u00a0 \u00a0 Cyclomoteurs legers<\/p>\n<p>Dimensions :\u00a0 \u00a0 \u00a0 \u00a0 \u00a0 \u00a0 \u00a0 \u00a0 \u00a0 \u00a01550 x 680 x 1110 mm<\/p>\n<p>Permis de conduire :\u00a0 \u00a0 Sans<\/p>\n<p>Plaque :\u00a0 \u00a0 \u00a0 \u00a0 \u00a0 \u00a0 \u00a0 \u00a0 \u00a0 \u00a0 \u00a0 \u00a0 \u00a0Sans<\/p>\n<p>Condition: New<\/p>\n<p>Warranty: 2 years (one year on the battery)<\/p>\n<p>Equipement :\u00a0 \u00a0 \u00a0 \u00a0 \u00a0 \u00a0 \u00a0 \u00a0 Top case \u00e0 l&#8217;arri\u00e8re, si\u00e8ge confortable<\/p>\n<p>&nbsp;<\/p>\n<p>Approved on Swiss roads<\/p>","protected":false},"excerpt":{"rendered":"<p data-start=\"1095\" data-end=\"1278\">Le Swiss 1000 est un scooter \u00e9lectrique 3 roues sp\u00e9cialement con\u00e7u pour les seniors.<\/p>\n<p data-start=\"1095\" data-end=\"1278\">Stable, confortable et facile \u00e0 conduire, il permet de se d\u00e9placer en toute s\u00e9curit\u00e9 au quotidien.<\/p>\n<p><img decoding=\"async\" class=\"wp-image-12079\" src=\"https:\/\/stelfia.com\/wp-content\/uploads\/2025\/04\/Logo-succursale-Renens-400x134.jpg\" alt=\"Succursale E-Motors Schweiz \u00e0 Renens \u2013 scooters et v\u00e9hicules \u00e9lectriques chez Stelfia\" width=\"266\" height=\"89\" srcset=\"https:\/\/stelfia.com\/wp-content\/uploads\/2025\/04\/Logo-succursale-Renens-400x134.jpg 400w, https:\/\/stelfia.com\/wp-content\/uploads\/2025\/04\/Logo-succursale-Renens-1300x434.jpg 1300w, https:\/\/stelfia.com\/wp-content\/uploads\/2025\/04\/Logo-succursale-Renens-768x257.jpg 768w, https:\/\/stelfia.com\/wp-content\/uploads\/2025\/04\/Logo-succursale-Renens-1536x513.jpg 1536w, https:\/\/stelfia.com\/wp-content\/uploads\/2025\/04\/Logo-succursale-Renens-18x6.jpg 18w, https:\/\/stelfia.com\/wp-content\/uploads\/2025\/04\/Logo-succursale-Renens-430x144.jpg 430w, https:\/\/stelfia.com\/wp-content\/uploads\/2025\/04\/Logo-succursale-Renens-700x234.jpg 700w, https:\/\/stelfia.com\/wp-content\/uploads\/2025\/04\/Logo-succursale-Renens-150x50.jpg 150w, https:\/\/stelfia.com\/wp-content\/uploads\/2025\/04\/Logo-succursale-Renens.jpg 1610w\" sizes=\"(max-width: 266px) 100vw, 266px\" \/><\/p>","protected":false},"featured_media":12429,"template":"","meta":{"_uf_show_specific_survey":0,"_uf_disable_surveys":false},"product_brand":[],"product_cat":[457],"product_tag":[583,565,125,580,582,508,581,584,443],"permis--de-conduire":[470],"vitesse":[464],"brands":[],"accessoires":[],"pieces-detachees":[],"trottinette-electrique":[],"velo":[],"class_list":{"0":"post-12428","1":"product","2":"type-product","3":"status-publish","4":"has-post-thumbnail","6":"product_cat-mobilite-seniors","7":"product_tag-mobilite-reduite","8":"product_tag-mobilite-senior","9":"product_tag-renens","10":"product_tag-scooter-3-roues","11":"product_tag-scooter-electrique-senior","12":"product_tag-scooter-electrique-suisse","13":"product_tag-scooter-senior","14":"product_tag-scooter-stable","15":"product_tag-stelfia","16":"permis--de-conduire-scooters-sans-permis","17":"vitesse-25-km-h-sans-plaque","18":"tm-has-options","20":"first","21":"instock","22":"sale","23":"taxable","24":"shipping-taxable","25":"purchasable","26":"product-type-simple"},"yoast_head":"<!-- This site is optimized with the Yoast SEO plugin v25.8 - https:\/\/yoast.com\/wordpress\/plugins\/seo\/ -->\n<title>Swiss 1000 \u2013 Scooter mobilit\u00e9 senior 3 roues | Stelfia<\/title>\n<meta name=\"description\" content=\"D\u00e9couvrez le Swiss 1000, scooter \u00e9lectrique 3 roues pour mobilit\u00e9 senior. Stable, confortable et s\u00e9curis\u00e9, id\u00e9al pour les d\u00e9placements du quotidien. Disponible chez Stelfia \u00e0 Renens.\" \/>\n<meta name=\"robots\" content=\"index, follow, max-snippet:-1, max-image-preview:large, max-video-preview:-1\" \/>\n<link rel=\"canonical\" href=\"https:\/\/stelfia.com\/en\/shop\/vehicules\/mobilite-seniors\/swiss-1000-scooter-mobilite-senior-3-roues\/\" \/>\n<meta property=\"og:locale\" content=\"en_US\" \/>\n<meta property=\"og:type\" content=\"article\" \/>\n<meta property=\"og:title\" content=\"Swiss 1000 \u2013 Scooter mobilit\u00e9 senior 3 roues | Stelfia\" \/>\n<meta property=\"og:description\" content=\"D\u00e9couvrez le Swiss 1000, scooter \u00e9lectrique 3 roues pour mobilit\u00e9 senior. Stable, confortable et s\u00e9curis\u00e9, id\u00e9al pour les d\u00e9placements du quotidien. Disponible chez Stelfia \u00e0 Renens.\" \/>\n<meta property=\"og:url\" content=\"https:\/\/stelfia.com\/en\/shop\/vehicules\/mobilite-seniors\/swiss-1000-scooter-mobilite-senior-3-roues\/\" \/>\n<meta property=\"og:site_name\" content=\"Trottinette \u00e9lectrique\" \/>\n<meta property=\"article:modified_time\" content=\"2026-04-29T15:21:59+00:00\" \/>\n<meta property=\"og:image\" content=\"https:\/\/stelfia.com\/wp-content\/uploads\/2026\/03\/001.1-1.jpg\" \/>\n\t<meta property=\"og:image:width\" content=\"823\" \/>\n\t<meta property=\"og:image:height\" content=\"825\" \/>\n\t<meta property=\"og:image:type\" content=\"image\/jpeg\" \/>\n<meta name=\"twitter:card\" content=\"summary_large_image\" \/>\n<meta name=\"twitter:label1\" content=\"Est. reading time\" \/>\n\t<meta name=\"twitter:data1\" content=\"1 minute\" \/>\n<script type=\"application\/ld+json\" class=\"yoast-schema-graph\">{\"@context\":\"https:\/\/schema.org\",\"@graph\":[{\"@type\":\"WebPage\",\"@id\":\"https:\/\/stelfia.com\/shop\/vehicules\/mobilite-seniors\/swiss-1000-scooter-mobilite-senior-3-roues\/\",\"url\":\"https:\/\/stelfia.com\/shop\/vehicules\/mobilite-seniors\/swiss-1000-scooter-mobilite-senior-3-roues\/\",\"name\":\"Swiss 1000 \u2013 Scooter mobilit\u00e9 senior 3 roues | Stelfia\",\"isPartOf\":{\"@id\":\"https:\/\/stelfia.com\/#website\"},\"primaryImageOfPage\":{\"@id\":\"https:\/\/stelfia.com\/shop\/vehicules\/mobilite-seniors\/swiss-1000-scooter-mobilite-senior-3-roues\/#primaryimage\"},\"image\":{\"@id\":\"https:\/\/stelfia.com\/shop\/vehicules\/mobilite-seniors\/swiss-1000-scooter-mobilite-senior-3-roues\/#primaryimage\"},\"thumbnailUrl\":\"https:\/\/stelfia.com\/wp-content\/uploads\/2026\/03\/001.1-1.jpg\",\"datePublished\":\"2026-03-26T16:19:45+00:00\",\"dateModified\":\"2026-04-29T15:21:59+00:00\",\"description\":\"D\u00e9couvrez le Swiss 1000, scooter \u00e9lectrique 3 roues pour mobilit\u00e9 senior. Stable, confortable et s\u00e9curis\u00e9, id\u00e9al pour les d\u00e9placements du quotidien. Disponible chez Stelfia \u00e0 Renens.\",\"breadcrumb\":{\"@id\":\"https:\/\/stelfia.com\/shop\/vehicules\/mobilite-seniors\/swiss-1000-scooter-mobilite-senior-3-roues\/#breadcrumb\"},\"inLanguage\":\"en-US\",\"potentialAction\":[{\"@type\":\"ReadAction\",\"target\":[\"https:\/\/stelfia.com\/shop\/vehicules\/mobilite-seniors\/swiss-1000-scooter-mobilite-senior-3-roues\/\"]}]},{\"@type\":\"ImageObject\",\"inLanguage\":\"en-US\",\"@id\":\"https:\/\/stelfia.com\/shop\/vehicules\/mobilite-seniors\/swiss-1000-scooter-mobilite-senior-3-roues\/#primaryimage\",\"url\":\"https:\/\/stelfia.com\/wp-content\/uploads\/2026\/03\/001.1-1.jpg\",\"contentUrl\":\"https:\/\/stelfia.com\/wp-content\/uploads\/2026\/03\/001.1-1.jpg\",\"width\":823,\"height\":825,\"caption\":\"Scooter senior 3 roues\"},{\"@type\":\"BreadcrumbList\",\"@id\":\"https:\/\/stelfia.com\/shop\/vehicules\/mobilite-seniors\/swiss-1000-scooter-mobilite-senior-3-roues\/#breadcrumb\",\"itemListElement\":[{\"@type\":\"ListItem\",\"position\":1,\"name\":\"Accueil\",\"item\":\"https:\/\/stelfia.com\/\"},{\"@type\":\"ListItem\",\"position\":2,\"name\":\"Shop\",\"item\":\"https:\/\/stelfia.com\/shop\/\"},{\"@type\":\"ListItem\",\"position\":3,\"name\":\"Swiss 1000\"}]},{\"@type\":\"WebSite\",\"@id\":\"https:\/\/stelfia.com\/#website\",\"url\":\"https:\/\/stelfia.com\/\",\"name\":\"Trottinette \u00e9lectrique\",\"description\":\"Trottinette \u00e9lectrique en Suisse romande\",\"publisher\":{\"@id\":\"https:\/\/stelfia.com\/#organization\"},\"potentialAction\":[{\"@type\":\"SearchAction\",\"target\":{\"@type\":\"EntryPoint\",\"urlTemplate\":\"https:\/\/stelfia.com\/?s={search_term_string}\"},\"query-input\":{\"@type\":\"PropertyValueSpecification\",\"valueRequired\":true,\"valueName\":\"search_term_string\"}}],\"inLanguage\":\"en-US\"},{\"@type\":\"Organization\",\"@id\":\"https:\/\/stelfia.com\/#organization\",\"name\":\"Trottinette \u00e9lectrique lausanne\",\"url\":\"https:\/\/stelfia.com\/\",\"logo\":{\"@type\":\"ImageObject\",\"inLanguage\":\"en-US\",\"@id\":\"https:\/\/stelfia.com\/#\/schema\/logo\/image\/\",\"url\":\"https:\/\/stelfia.com\/wp-content\/uploads\/2023\/02\/logonew-removebg-preview.png\",\"contentUrl\":\"https:\/\/stelfia.com\/wp-content\/uploads\/2023\/02\/logonew-removebg-preview.png\",\"width\":238,\"height\":100,\"caption\":\"Trottinette \u00e9lectrique lausanne\"},\"image\":{\"@id\":\"https:\/\/stelfia.com\/#\/schema\/logo\/image\/\"}}]}<\/script>\n<!-- \/ Yoast SEO plugin. -->","yoast_head_json":{"title":"Swiss 1000 \u2013 Scooter mobilit\u00e9 senior 3 roues | Stelfia","description":"D\u00e9couvrez le Swiss 1000, scooter \u00e9lectrique 3 roues pour mobilit\u00e9 senior. Stable, confortable et s\u00e9curis\u00e9, id\u00e9al pour les d\u00e9placements du quotidien. Disponible chez Stelfia \u00e0 Renens.","robots":{"index":"index","follow":"follow","max-snippet":"max-snippet:-1","max-image-preview":"max-image-preview:large","max-video-preview":"max-video-preview:-1"},"canonical":"https:\/\/stelfia.com\/en\/shop\/vehicules\/mobilite-seniors\/swiss-1000-scooter-mobilite-senior-3-roues\/","og_locale":"en_US","og_type":"article","og_title":"Swiss 1000 \u2013 Scooter mobilit\u00e9 senior 3 roues | Stelfia","og_description":"D\u00e9couvrez le Swiss 1000, scooter \u00e9lectrique 3 roues pour mobilit\u00e9 senior. Stable, confortable et s\u00e9curis\u00e9, id\u00e9al pour les d\u00e9placements du quotidien. Disponible chez Stelfia \u00e0 Renens.","og_url":"https:\/\/stelfia.com\/en\/shop\/vehicules\/mobilite-seniors\/swiss-1000-scooter-mobilite-senior-3-roues\/","og_site_name":"Trottinette \u00e9lectrique","article_modified_time":"2026-04-29T15:21:59+00:00","og_image":[{"width":823,"height":825,"url":"https:\/\/stelfia.com\/wp-content\/uploads\/2026\/03\/001.1-1.jpg","type":"image\/jpeg"}],"twitter_card":"summary_large_image","twitter_misc":{"Est. reading time":"1 minute"},"schema":{"@context":"https:\/\/schema.org","@graph":[{"@type":"WebPage","@id":"https:\/\/stelfia.com\/shop\/vehicules\/mobilite-seniors\/swiss-1000-scooter-mobilite-senior-3-roues\/","url":"https:\/\/stelfia.com\/shop\/vehicules\/mobilite-seniors\/swiss-1000-scooter-mobilite-senior-3-roues\/","name":"Swiss 1000 \u2013 Scooter mobilit\u00e9 senior 3 roues | Stelfia","isPartOf":{"@id":"https:\/\/stelfia.com\/#website"},"primaryImageOfPage":{"@id":"https:\/\/stelfia.com\/shop\/vehicules\/mobilite-seniors\/swiss-1000-scooter-mobilite-senior-3-roues\/#primaryimage"},"image":{"@id":"https:\/\/stelfia.com\/shop\/vehicules\/mobilite-seniors\/swiss-1000-scooter-mobilite-senior-3-roues\/#primaryimage"},"thumbnailUrl":"https:\/\/stelfia.com\/wp-content\/uploads\/2026\/03\/001.1-1.jpg","datePublished":"2026-03-26T16:19:45+00:00","dateModified":"2026-04-29T15:21:59+00:00","description":"D\u00e9couvrez le Swiss 1000, scooter \u00e9lectrique 3 roues pour mobilit\u00e9 senior. Stable, confortable et s\u00e9curis\u00e9, id\u00e9al pour les d\u00e9placements du quotidien. Disponible chez Stelfia \u00e0 Renens.","breadcrumb":{"@id":"https:\/\/stelfia.com\/shop\/vehicules\/mobilite-seniors\/swiss-1000-scooter-mobilite-senior-3-roues\/#breadcrumb"},"inLanguage":"en-US","potentialAction":[{"@type":"ReadAction","target":["https:\/\/stelfia.com\/shop\/vehicules\/mobilite-seniors\/swiss-1000-scooter-mobilite-senior-3-roues\/"]}]},{"@type":"ImageObject","inLanguage":"en-US","@id":"https:\/\/stelfia.com\/shop\/vehicules\/mobilite-seniors\/swiss-1000-scooter-mobilite-senior-3-roues\/#primaryimage","url":"https:\/\/stelfia.com\/wp-content\/uploads\/2026\/03\/001.1-1.jpg","contentUrl":"https:\/\/stelfia.com\/wp-content\/uploads\/2026\/03\/001.1-1.jpg","width":823,"height":825,"caption":"Scooter senior 3 roues"},{"@type":"BreadcrumbList","@id":"https:\/\/stelfia.com\/shop\/vehicules\/mobilite-seniors\/swiss-1000-scooter-mobilite-senior-3-roues\/#breadcrumb","itemListElement":[{"@type":"ListItem","position":1,"name":"Accueil","item":"https:\/\/stelfia.com\/"},{"@type":"ListItem","position":2,"name":"Shop","item":"https:\/\/stelfia.com\/shop\/"},{"@type":"ListItem","position":3,"name":"Swiss 1000"}]},{"@type":"WebSite","@id":"https:\/\/stelfia.com\/#website","url":"https:\/\/stelfia.com\/","name":"Electric scooter","description":"Electric scooter in French-speaking Switzerland","publisher":{"@id":"https:\/\/stelfia.com\/#organization"},"potentialAction":[{"@type":"SearchAction","target":{"@type":"EntryPoint","urlTemplate":"https:\/\/stelfia.com\/?s={search_term_string}"},"query-input":{"@type":"PropertyValueSpecification","valueRequired":true,"valueName":"search_term_string"}}],"inLanguage":"en-US"},{"@type":"Organization","@id":"https:\/\/stelfia.com\/#organization","name":"Trottinette \u00e9lectrique lausanne","url":"https:\/\/stelfia.com\/","logo":{"@type":"ImageObject","inLanguage":"en-US","@id":"https:\/\/stelfia.com\/#\/schema\/logo\/image\/","url":"https:\/\/stelfia.com\/wp-content\/uploads\/2023\/02\/logonew-removebg-preview.png","contentUrl":"https:\/\/stelfia.com\/wp-content\/uploads\/2023\/02\/logonew-removebg-preview.png","width":238,"height":100,"caption":"Trottinette \u00e9lectrique lausanne"},"image":{"@id":"https:\/\/stelfia.com\/#\/schema\/logo\/image\/"}}]}},"_links":{"self":[{"href":"https:\/\/stelfia.com\/en\/wp-json\/wp\/v2\/product\/12428","targetHints":{"allow":["GET"]}}],"collection":[{"href":"https:\/\/stelfia.com\/en\/wp-json\/wp\/v2\/product"}],"about":[{"href":"https:\/\/stelfia.com\/en\/wp-json\/wp\/v2\/types\/product"}],"version-history":[{"count":0,"href":"https:\/\/stelfia.com\/en\/wp-json\/wp\/v2\/product\/12428\/revisions"}],"wp:featuredmedia":[{"embeddable":true,"href":"https:\/\/stelfia.com\/en\/wp-json\/wp\/v2\/media\/12429"}],"wp:attachment":[{"href":"https:\/\/stelfia.com\/en\/wp-json\/wp\/v2\/media?parent=12428"}],"wp:term":[{"taxonomy":"product_brand","embeddable":true,"href":"https:\/\/stelfia.com\/en\/wp-json\/wp\/v2\/product_brand?post=12428"},{"taxonomy":"product_cat","embeddable":true,"href":"https:\/\/stelfia.com\/en\/wp-json\/wp\/v2\/product_cat?post=12428"},{"taxonomy":"product_tag","embeddable":true,"href":"https:\/\/stelfia.com\/en\/wp-json\/wp\/v2\/product_tag?post=12428"},{"taxonomy":"permis--de-conduire","embeddable":true,"href":"https:\/\/stelfia.com\/en\/wp-json\/wp\/v2\/permis--de-conduire?post=12428"},{"taxonomy":"vitesse","embeddable":true,"href":"https:\/\/stelfia.com\/en\/wp-json\/wp\/v2\/vitesse?post=12428"},{"taxonomy":"brands","embeddable":true,"href":"https:\/\/stelfia.com\/en\/wp-json\/wp\/v2\/brands?post=12428"},{"taxonomy":"accessoires","embeddable":true,"href":"https:\/\/stelfia.com\/en\/wp-json\/wp\/v2\/accessoires?post=12428"},{"taxonomy":"pieces-detachees","embeddable":true,"href":"https:\/\/stelfia.com\/en\/wp-json\/wp\/v2\/pieces-detachees?post=12428"},{"taxonomy":"trottinette-electrique","embeddable":true,"href":"https:\/\/stelfia.com\/en\/wp-json\/wp\/v2\/trottinette-electrique?post=12428"},{"taxonomy":"velo","embeddable":true,"href":"https:\/\/stelfia.com\/en\/wp-json\/wp\/v2\/velo?post=12428"}],"curies":[{"name":"wp","href":"https:\/\/api.w.org\/{rel}","templated":true}]}}