{"id":12118,"date":"2026-02-11T16:05:42","date_gmt":"2026-02-11T16:05:42","guid":{"rendered":"https:\/\/stelfia.com\/?post_type=product&#038;p=12118"},"modified":"2026-03-25T17:10:34","modified_gmt":"2026-03-25T17:10:34","slug":"silence-s01-scooter-electrique","status":"publish","type":"product","link":"https:\/\/stelfia.com\/en\/shop\/vehicules\/scooter\/silence-s01-scooter-electrique\/","title":{"rendered":"Silence S01"},"content":{"rendered":"<p>Le Silence S01 est un scooter \u00e9lectrique haut de gamme alliant puissance, stabilit\u00e9 et confort pour une utilisation urbaine et p\u00e9riurbaine. Gr\u00e2ce \u00e0 sa batterie amovible sur roulettes et sa grande capacit\u00e9 de rangement, il s\u2019impose comme une r\u00e9f\u00e9rence parmi les scooters \u00e9lectriques A1 en Suisse.<\/p>\n<p>Batterie :\u00a0 \u00a0 \u00a0 \u00a0 \u00a0 \u00a0 \u00a0 \u00a0 \u00a0 \u00a0 \u00a0 \u00a0 5.6kWh, 51V, 108Ah<\/p>\n<p>Moteur :\u00a0 \u00a0 \u00a0 \u00a0 \u00a0 \u00a0 \u00a0 \u00a0 \u00a0 \u00a0 \u00a0 \u00a0 \u00a0Brushless 7 kW (en cr\u00eate 9 kW)<\/p>\n<p>Vitesse max :\u00a0 \u00a0 \u00a0 \u00a0 \u00a0 \u00a0 \u00a0 \u00a0 \u00a0100 km\/h, (0-50 km\/h : 3.9 sec)<\/p>\n<p>Autonomie :\u00a0 \u00a0 \u00a0 \u00a0 \u00a0 \u00a0 \u00a0 \u00a0 100 km (130 km en mode \u00e9co)<\/p>\n<p>Roues :\u00a0 \u00a0 \u00a0 \u00a0 \u00a0 \u00a0 \u00a0 \u00a0 \u00a0 \u00a0 \u00a0 \u00a0 \u00a0\u00a0 Avant: 120\/70-15 \/ Arri\u00e8re: 140\/70-14<\/p>\n<p>Brake: Front and rear (hydraulic) discs<\/p>\n<p>Temps de charge :\u00a0 \u00a0 \u00a0 \u00a05 &#8211; 6 h<\/p>\n<p>Charger socket: Standard 230V<\/p>\n<p>Poids :\u00a0 \u00a0 \u00a0 \u00a0 \u00a0 \u00a0 \u00a0 \u00a0 \u00a0 \u00a0 \u00a0 \u00a0 \u00a0 \u00a0 152 kg (111 kg sans batterie)<\/p>\n<p>Charge max :\u00a0 \u00a0 \u00a0 \u00a0 \u00a0 \u00a0 \u00a0 \u00a0170 kg<\/p>\n<p>Etanch\u00e9it\u00e9 :\u00a0\u00a0\u00a0\u00a0\u00a0\u00a0\u00a0\u00a0\u00a0\u00a0\u00a0\u00a0\u00a0\u00a0\u00a0\u00a0\u00a0\u00a0 Oui<\/p>\n<p>Couleur :\u00a0\u00a0\u00a0\u00a0\u00a0\u00a0\u00a0\u00a0\u00a0\u00a0\u00a0\u00a0\u00a0\u00a0\u00a0\u00a0\u00a0\u00a0\u00a0\u00a0\u00a0\u00a0\u00a0 Noir, blanc<\/p>\n<p>Dimensions :\u00a0 \u00a0 \u00a0 \u00a0 \u00a0 \u00a0 \u00a0 \u00a0 \u00a0 2026 x 722 x 1193 mm<\/p>\n<p>Nombre de place :\u00a0 \u00a0 \u00a0 \u00a0 2<\/p>\n<p>Category: Equivalent 125 cm3<\/p>\n<p>Permis de conduire :\u00a0\u00a0\u00a0\u00a0\u00a0 A1 (16 ans)<\/p>\n<p>\u00c9quipement :\u00a0 \u00a0 \u00a0 \u00a0 \u00a0 \u00a0 \u00a0 \u00a0 \u00a0 Batterie amovible sur roulettes, grand coffre pour 2 casques<\/p>\n<p>\u00c9tat :\u00a0 \u00a0 \u00a0 \u00a0 \u00a0 \u00a0 \u00a0 \u00a0 \u00a0 \u00a0 \u00a0 \u00a0 \u00a0 \u00a0 \u00a0 \u00a0 Neuf<\/p>\n<p>Garantie :\u00a0 \u00a0 \u00a0 \u00a0 \u00a0 \u00a0 \u00a0 \u00a0 \u00a0 \u00a0 \u00a0 \u00a02 ans (un an sur la batterie)<\/p>\n<p>&nbsp;<\/p>\n<p>Approved on Swiss roads<\/p>\n<p>&nbsp;<\/p>\n<h2 data-start=\"455\" data-end=\"507\"><span style=\"font-size: 12pt;\">Silence S01 ou Silence S01+ : quelle diff\u00e9rence ?<\/span><\/h2>\n<p data-start=\"509\" data-end=\"733\"><span style=\"font-size: 12pt;\">Le Silence S01 d\u00e9veloppe une puissance de 7 kW (9 kW en pic) et atteint 100 km\/h.<\/span><br data-start=\"590\" data-end=\"593\" \/><span style=\"font-size: 12pt;\">Il offre d\u00e9j\u00e0 une excellente stabilit\u00e9 gr\u00e2ce \u00e0 son gabarit large, sa batterie amovible sur roulettes et ses deux vraies places confortables.<\/span><\/p>\n<p data-start=\"735\" data-end=\"783\"><span style=\"font-size: 12pt;\">Le Silence S01+ reprend la m\u00eame base mais avec :<\/span><\/p>\n<ul data-start=\"785\" data-end=\"870\">\n<li data-start=\"785\" data-end=\"808\">\n<p data-start=\"787\" data-end=\"808\"><span style=\"font-size: 12pt;\">7,5 kW (11 kW en pic)<\/span><\/p>\n<\/li>\n<li data-start=\"809\" data-end=\"839\">\n<p data-start=\"811\" data-end=\"839\"><span style=\"font-size: 12pt;\">Vitesse maximale de 110 km\/h<\/span><\/p>\n<\/li>\n<li data-start=\"840\" data-end=\"870\">\n<p data-start=\"842\" data-end=\"870\"><span style=\"font-size: 12pt;\">Amortisseur arri\u00e8re r\u00e9glable<\/span><\/p>\n<\/li>\n<\/ul>\n<p data-start=\"872\" data-end=\"1030\"><span style=\"font-size: 12pt;\">\ud83d\udc49 Le S01 est id\u00e9al pour un usage urbain et p\u00e9riurbain confortable.<\/span><br data-start=\"939\" data-end=\"942\" \/><span style=\"font-size: 12pt;\">\ud83d\udc49 Le S01+ s\u2019adresse \u00e0 ceux qui veulent plus de puissance et une conduite plus sportive.<\/span><\/p>\n<p data-start=\"1032\" data-end=\"1065\"><span style=\"font-size: 12pt;\">Disponible chez Stel<\/span><span style=\"font-size: 12pt;\">fia \u00e0 Renens.<\/span><\/p>","protected":false},"excerpt":{"rendered":"<p>Le Silence S01 est un scooter \u00e9lectrique premium homologu\u00e9 A1, capable d\u2019atteindre 100 km\/h. Il se distingue par sa batterie amovible intelligente sur roulettes, son grand coffre pouvant accueillir deux casques, sa stabilit\u00e9 remarquable et ses deux vraies places confortables. Id\u00e9al pour les trajets urbains et p\u00e9riurbains en Suisse.<\/p>","protected":false},"featured_media":12146,"template":"","meta":{"_uf_show_specific_survey":0,"_uf_disable_surveys":false},"product_brand":[],"product_cat":[458],"product_tag":[509,513,510,506,507,511,512,508,505],"permis--de-conduire":[469],"vitesse":[466],"brands":[],"accessoires":[],"pieces-detachees":[],"trottinette-electrique":[],"velo":[],"class_list":{"0":"post-12118","1":"product","2":"type-product","3":"status-publish","4":"has-post-thumbnail","6":"product_cat-scooter","7":"product_tag-batterie-amovible","8":"product_tag-mobilite-electrique-suisse","9":"product_tag-scooter-2-places","10":"product_tag-scooter-electrique-100-kmh","11":"product_tag-scooter-electrique-a1","12":"product_tag-scooter-electrique-premium","13":"product_tag-scooter-electrique-renens","14":"product_tag-scooter-electrique-suisse","15":"product_tag-silence-s01","16":"permis--de-conduire-scooters-avec-permis","17":"vitesse-80-km-h-plaque-blanche","18":"tm-has-options","20":"first","21":"instock","22":"taxable","23":"shipping-taxable","24":"purchasable","25":"product-type-simple"},"yoast_head":"<!-- This site is optimized with the Yoast SEO plugin v25.8 - https:\/\/yoast.com\/wordpress\/plugins\/seo\/ -->\n<title>Silence S01 | Scooter \u00e9lectrique 100 km\/h | Batterie amovible | Stelfia Renens<\/title>\n<meta name=\"description\" content=\"D\u00e9couvrez le Silence S01, scooter \u00e9lectrique puissant 100 km\/h avec batterie amovible sur roulettes, grande autonomie et 2 places confortables. Disponible chez Stelfia \u00e0 Renens.\" \/>\n<meta name=\"robots\" content=\"index, follow, max-snippet:-1, max-image-preview:large, max-video-preview:-1\" \/>\n<link rel=\"canonical\" href=\"https:\/\/stelfia.com\/en\/shop\/vehicules\/scooter\/silence-s01-scooter-electrique\/\" \/>\n<meta property=\"og:locale\" content=\"en_US\" \/>\n<meta property=\"og:type\" content=\"article\" \/>\n<meta property=\"og:title\" content=\"Silence S01 | Scooter \u00e9lectrique 100 km\/h | Batterie amovible | Stelfia Renens\" \/>\n<meta property=\"og:description\" content=\"D\u00e9couvrez le Silence S01, scooter \u00e9lectrique puissant 100 km\/h avec batterie amovible sur roulettes, grande autonomie et 2 places confortables. Disponible chez Stelfia \u00e0 Renens.\" \/>\n<meta property=\"og:url\" content=\"https:\/\/stelfia.com\/en\/shop\/vehicules\/scooter\/silence-s01-scooter-electrique\/\" \/>\n<meta property=\"og:site_name\" content=\"Trottinette \u00e9lectrique\" \/>\n<meta property=\"article:modified_time\" content=\"2026-03-25T17:10:34+00:00\" \/>\n<meta property=\"og:image\" content=\"https:\/\/stelfia.com\/wp-content\/uploads\/2026\/02\/001.1-removebg-preview.png\" \/>\n\t<meta property=\"og:image:width\" content=\"517\" \/>\n\t<meta property=\"og:image:height\" content=\"483\" \/>\n\t<meta property=\"og:image:type\" content=\"image\/png\" \/>\n<meta name=\"twitter:card\" content=\"summary_large_image\" \/>\n<meta name=\"twitter:label1\" content=\"Est. reading time\" \/>\n\t<meta name=\"twitter:data1\" content=\"2 minutes\" \/>\n<script type=\"application\/ld+json\" class=\"yoast-schema-graph\">{\"@context\":\"https:\/\/schema.org\",\"@graph\":[{\"@type\":\"WebPage\",\"@id\":\"https:\/\/stelfia.com\/shop\/vehicules\/scooter\/silence-s01-scooter-electrique\/\",\"url\":\"https:\/\/stelfia.com\/shop\/vehicules\/scooter\/silence-s01-scooter-electrique\/\",\"name\":\"Silence S01 | Scooter \u00e9lectrique 100 km\/h | Batterie amovible | Stelfia Renens\",\"isPartOf\":{\"@id\":\"https:\/\/stelfia.com\/#website\"},\"primaryImageOfPage\":{\"@id\":\"https:\/\/stelfia.com\/shop\/vehicules\/scooter\/silence-s01-scooter-electrique\/#primaryimage\"},\"image\":{\"@id\":\"https:\/\/stelfia.com\/shop\/vehicules\/scooter\/silence-s01-scooter-electrique\/#primaryimage\"},\"thumbnailUrl\":\"https:\/\/stelfia.com\/wp-content\/uploads\/2026\/02\/001.1-removebg-preview.png\",\"datePublished\":\"2026-02-11T16:05:42+00:00\",\"dateModified\":\"2026-03-25T17:10:34+00:00\",\"description\":\"D\u00e9couvrez le Silence S01, scooter \u00e9lectrique puissant 100 km\/h avec batterie amovible sur roulettes, grande autonomie et 2 places confortables. Disponible chez Stelfia \u00e0 Renens.\",\"breadcrumb\":{\"@id\":\"https:\/\/stelfia.com\/shop\/vehicules\/scooter\/silence-s01-scooter-electrique\/#breadcrumb\"},\"inLanguage\":\"en-US\",\"potentialAction\":[{\"@type\":\"ReadAction\",\"target\":[\"https:\/\/stelfia.com\/shop\/vehicules\/scooter\/silence-s01-scooter-electrique\/\"]}]},{\"@type\":\"ImageObject\",\"inLanguage\":\"en-US\",\"@id\":\"https:\/\/stelfia.com\/shop\/vehicules\/scooter\/silence-s01-scooter-electrique\/#primaryimage\",\"url\":\"https:\/\/stelfia.com\/wp-content\/uploads\/2026\/02\/001.1-removebg-preview.png\",\"contentUrl\":\"https:\/\/stelfia.com\/wp-content\/uploads\/2026\/02\/001.1-removebg-preview.png\",\"width\":517,\"height\":483,\"caption\":\"Silence S01 \u2013 puissance et stabilit\u00e9 en version \u00e9lectrique\"},{\"@type\":\"BreadcrumbList\",\"@id\":\"https:\/\/stelfia.com\/shop\/vehicules\/scooter\/silence-s01-scooter-electrique\/#breadcrumb\",\"itemListElement\":[{\"@type\":\"ListItem\",\"position\":1,\"name\":\"Accueil\",\"item\":\"https:\/\/stelfia.com\/\"},{\"@type\":\"ListItem\",\"position\":2,\"name\":\"Shop\",\"item\":\"https:\/\/stelfia.com\/shop\/\"},{\"@type\":\"ListItem\",\"position\":3,\"name\":\"Silence S01\"}]},{\"@type\":\"WebSite\",\"@id\":\"https:\/\/stelfia.com\/#website\",\"url\":\"https:\/\/stelfia.com\/\",\"name\":\"Trottinette \u00e9lectrique\",\"description\":\"Trottinette \u00e9lectrique en Suisse romande\",\"publisher\":{\"@id\":\"https:\/\/stelfia.com\/#organization\"},\"potentialAction\":[{\"@type\":\"SearchAction\",\"target\":{\"@type\":\"EntryPoint\",\"urlTemplate\":\"https:\/\/stelfia.com\/?s={search_term_string}\"},\"query-input\":{\"@type\":\"PropertyValueSpecification\",\"valueRequired\":true,\"valueName\":\"search_term_string\"}}],\"inLanguage\":\"en-US\"},{\"@type\":\"Organization\",\"@id\":\"https:\/\/stelfia.com\/#organization\",\"name\":\"Trottinette \u00e9lectrique lausanne\",\"url\":\"https:\/\/stelfia.com\/\",\"logo\":{\"@type\":\"ImageObject\",\"inLanguage\":\"en-US\",\"@id\":\"https:\/\/stelfia.com\/#\/schema\/logo\/image\/\",\"url\":\"https:\/\/stelfia.com\/wp-content\/uploads\/2023\/02\/logonew-removebg-preview.png\",\"contentUrl\":\"https:\/\/stelfia.com\/wp-content\/uploads\/2023\/02\/logonew-removebg-preview.png\",\"width\":238,\"height\":100,\"caption\":\"Trottinette \u00e9lectrique lausanne\"},\"image\":{\"@id\":\"https:\/\/stelfia.com\/#\/schema\/logo\/image\/\"}}]}<\/script>\n<!-- \/ Yoast SEO plugin. -->","yoast_head_json":{"title":"Silence S01 | Scooter \u00e9lectrique 100 km\/h | Batterie amovible | Stelfia Renens","description":"D\u00e9couvrez le Silence S01, scooter \u00e9lectrique puissant 100 km\/h avec batterie amovible sur roulettes, grande autonomie et 2 places confortables. Disponible chez Stelfia \u00e0 Renens.","robots":{"index":"index","follow":"follow","max-snippet":"max-snippet:-1","max-image-preview":"max-image-preview:large","max-video-preview":"max-video-preview:-1"},"canonical":"https:\/\/stelfia.com\/en\/shop\/vehicules\/scooter\/silence-s01-scooter-electrique\/","og_locale":"en_US","og_type":"article","og_title":"Silence S01 | Scooter \u00e9lectrique 100 km\/h | Batterie amovible | Stelfia Renens","og_description":"D\u00e9couvrez le Silence S01, scooter \u00e9lectrique puissant 100 km\/h avec batterie amovible sur roulettes, grande autonomie et 2 places confortables. Disponible chez Stelfia \u00e0 Renens.","og_url":"https:\/\/stelfia.com\/en\/shop\/vehicules\/scooter\/silence-s01-scooter-electrique\/","og_site_name":"Trottinette \u00e9lectrique","article_modified_time":"2026-03-25T17:10:34+00:00","og_image":[{"width":517,"height":483,"url":"https:\/\/stelfia.com\/wp-content\/uploads\/2026\/02\/001.1-removebg-preview.png","type":"image\/png"}],"twitter_card":"summary_large_image","twitter_misc":{"Est. reading time":"2 minutes"},"schema":{"@context":"https:\/\/schema.org","@graph":[{"@type":"WebPage","@id":"https:\/\/stelfia.com\/shop\/vehicules\/scooter\/silence-s01-scooter-electrique\/","url":"https:\/\/stelfia.com\/shop\/vehicules\/scooter\/silence-s01-scooter-electrique\/","name":"Silence S01 | Scooter \u00e9lectrique 100 km\/h | Batterie amovible | Stelfia Renens","isPartOf":{"@id":"https:\/\/stelfia.com\/#website"},"primaryImageOfPage":{"@id":"https:\/\/stelfia.com\/shop\/vehicules\/scooter\/silence-s01-scooter-electrique\/#primaryimage"},"image":{"@id":"https:\/\/stelfia.com\/shop\/vehicules\/scooter\/silence-s01-scooter-electrique\/#primaryimage"},"thumbnailUrl":"https:\/\/stelfia.com\/wp-content\/uploads\/2026\/02\/001.1-removebg-preview.png","datePublished":"2026-02-11T16:05:42+00:00","dateModified":"2026-03-25T17:10:34+00:00","description":"D\u00e9couvrez le Silence S01, scooter \u00e9lectrique puissant 100 km\/h avec batterie amovible sur roulettes, grande autonomie et 2 places confortables. Disponible chez Stelfia \u00e0 Renens.","breadcrumb":{"@id":"https:\/\/stelfia.com\/shop\/vehicules\/scooter\/silence-s01-scooter-electrique\/#breadcrumb"},"inLanguage":"en-US","potentialAction":[{"@type":"ReadAction","target":["https:\/\/stelfia.com\/shop\/vehicules\/scooter\/silence-s01-scooter-electrique\/"]}]},{"@type":"ImageObject","inLanguage":"en-US","@id":"https:\/\/stelfia.com\/shop\/vehicules\/scooter\/silence-s01-scooter-electrique\/#primaryimage","url":"https:\/\/stelfia.com\/wp-content\/uploads\/2026\/02\/001.1-removebg-preview.png","contentUrl":"https:\/\/stelfia.com\/wp-content\/uploads\/2026\/02\/001.1-removebg-preview.png","width":517,"height":483,"caption":"Silence S01 \u2013 puissance et stabilit\u00e9 en version \u00e9lectrique"},{"@type":"BreadcrumbList","@id":"https:\/\/stelfia.com\/shop\/vehicules\/scooter\/silence-s01-scooter-electrique\/#breadcrumb","itemListElement":[{"@type":"ListItem","position":1,"name":"Accueil","item":"https:\/\/stelfia.com\/"},{"@type":"ListItem","position":2,"name":"Shop","item":"https:\/\/stelfia.com\/shop\/"},{"@type":"ListItem","position":3,"name":"Silence S01"}]},{"@type":"WebSite","@id":"https:\/\/stelfia.com\/#website","url":"https:\/\/stelfia.com\/","name":"Electric scooter","description":"Electric scooter in French-speaking Switzerland","publisher":{"@id":"https:\/\/stelfia.com\/#organization"},"potentialAction":[{"@type":"SearchAction","target":{"@type":"EntryPoint","urlTemplate":"https:\/\/stelfia.com\/?s={search_term_string}"},"query-input":{"@type":"PropertyValueSpecification","valueRequired":true,"valueName":"search_term_string"}}],"inLanguage":"en-US"},{"@type":"Organization","@id":"https:\/\/stelfia.com\/#organization","name":"Trottinette \u00e9lectrique lausanne","url":"https:\/\/stelfia.com\/","logo":{"@type":"ImageObject","inLanguage":"en-US","@id":"https:\/\/stelfia.com\/#\/schema\/logo\/image\/","url":"https:\/\/stelfia.com\/wp-content\/uploads\/2023\/02\/logonew-removebg-preview.png","contentUrl":"https:\/\/stelfia.com\/wp-content\/uploads\/2023\/02\/logonew-removebg-preview.png","width":238,"height":100,"caption":"Trottinette \u00e9lectrique lausanne"},"image":{"@id":"https:\/\/stelfia.com\/#\/schema\/logo\/image\/"}}]}},"_links":{"self":[{"href":"https:\/\/stelfia.com\/en\/wp-json\/wp\/v2\/product\/12118","targetHints":{"allow":["GET"]}}],"collection":[{"href":"https:\/\/stelfia.com\/en\/wp-json\/wp\/v2\/product"}],"about":[{"href":"https:\/\/stelfia.com\/en\/wp-json\/wp\/v2\/types\/product"}],"version-history":[{"count":0,"href":"https:\/\/stelfia.com\/en\/wp-json\/wp\/v2\/product\/12118\/revisions"}],"wp:featuredmedia":[{"embeddable":true,"href":"https:\/\/stelfia.com\/en\/wp-json\/wp\/v2\/media\/12146"}],"wp:attachment":[{"href":"https:\/\/stelfia.com\/en\/wp-json\/wp\/v2\/media?parent=12118"}],"wp:term":[{"taxonomy":"product_brand","embeddable":true,"href":"https:\/\/stelfia.com\/en\/wp-json\/wp\/v2\/product_brand?post=12118"},{"taxonomy":"product_cat","embeddable":true,"href":"https:\/\/stelfia.com\/en\/wp-json\/wp\/v2\/product_cat?post=12118"},{"taxonomy":"product_tag","embeddable":true,"href":"https:\/\/stelfia.com\/en\/wp-json\/wp\/v2\/product_tag?post=12118"},{"taxonomy":"permis--de-conduire","embeddable":true,"href":"https:\/\/stelfia.com\/en\/wp-json\/wp\/v2\/permis--de-conduire?post=12118"},{"taxonomy":"vitesse","embeddable":true,"href":"https:\/\/stelfia.com\/en\/wp-json\/wp\/v2\/vitesse?post=12118"},{"taxonomy":"brands","embeddable":true,"href":"https:\/\/stelfia.com\/en\/wp-json\/wp\/v2\/brands?post=12118"},{"taxonomy":"accessoires","embeddable":true,"href":"https:\/\/stelfia.com\/en\/wp-json\/wp\/v2\/accessoires?post=12118"},{"taxonomy":"pieces-detachees","embeddable":true,"href":"https:\/\/stelfia.com\/en\/wp-json\/wp\/v2\/pieces-detachees?post=12118"},{"taxonomy":"trottinette-electrique","embeddable":true,"href":"https:\/\/stelfia.com\/en\/wp-json\/wp\/v2\/trottinette-electrique?post=12118"},{"taxonomy":"velo","embeddable":true,"href":"https:\/\/stelfia.com\/en\/wp-json\/wp\/v2\/velo?post=12118"}],"curies":[{"name":"wp","href":"https:\/\/api.w.org\/{rel}","templated":true}]}}