{"id":12014,"date":"2026-01-28T19:14:16","date_gmt":"2026-01-28T19:14:16","guid":{"rendered":"https:\/\/stelfia.com\/?post_type=product&#038;p=12014"},"modified":"2026-03-25T17:11:03","modified_gmt":"2026-03-25T17:11:03","slug":"scooter-electrique-niu-nqix-150-45-kmh","status":"publish","type":"product","link":"https:\/\/stelfia.com\/en\/shop\/vehicules\/scooter\/scooter-electrique-niu-nqix-150-45-kmh\/","title":{"rendered":"Niu NQiX 150"},"content":{"rendered":"<p data-start=\"235\" data-end=\"504\">Le scooter \u00e9lectrique Niu NQiX 150 est un \u00e9quivalent 50 cm\u00b3 \u00e9lectrique, homologu\u00e9 pour la Suisse avec plaque jaune. Limit\u00e9 \u00e0 45 km\/h, il offre une solution id\u00e9ale pour les d\u00e9placements urbains et p\u00e9riurbains, sans compromis sur le confort et la fiabilit\u00e9.<\/p>\n<p data-start=\"511\" data-end=\"703\">Gr\u00e2ce \u00e0 sa motorisation efficace, son autonomie g\u00e9n\u00e9reuse et sa qualit\u00e9 de fabrication reconnue, le NQiX 150 combine simplicit\u00e9 d\u2019utilisation, s\u00e9curit\u00e9 et plaisir de conduite au quotidien.<\/p>\n<p>Batterie :\u00a0 \u00a0 \u00a0 \u00a0 \u00a0 \u00a0 \u00a0 \u00a0 \u00a0 \u00a0 \u00a0 \u00a0 72V, 28Ah<\/p>\n<p>Moteur :\u00a0 \u00a0 \u00a0 \u00a0 \u00a0 \u00a0 \u00a0 \u00a0 \u00a0 \u00a0 \u00a0 \u00a0 \u00a0Brushless 2600 W<\/p>\n<p>Couple :\u00a0 \u00a0 \u00a0 \u00a0 \u00a0 \u00a0 \u00a0 \u00a0 \u00a0 \u00a0 \u00a0 \u00a0 150 Nm 10 tr\/min<\/p>\n<p>Maximum speed: 45 km\/h<\/p>\n<p>Autonomie :\u00a0 \u00a0 \u00a0 \u00a0 \u00a0 \u00a0 \u00a0 \u00a0 \u00a0 60 &#8211; 70 km<\/p>\n<p>Roues :\u00a0 \u00a0 \u00a0 \u00a0 \u00a0 \u00a0 \u00a0 \u00a0 \u00a0 \u00a0 \u00a0 \u00a0 \u00a0\u00a0 Avant: 90\/90-14 \/ Arri\u00e8re: 110\/80-14<\/p>\n<p>Frein :\u00a0 \u00a0 \u00a0 \u00a0 \u00a0 \u00a0 \u00a0 \u00a0 \u00a0 \u00a0 \u00a0 \u00a0 \u00a0 \u00a0 \u00a0Disques (hydrauliques) AV et ARR, avec syst\u00e8me ABS<\/p>\n<p>Temps de charge :\u00a0 \u00a0 \u00a0 \u00a03 &#8211; 4 h<\/p>\n<p>Charger socket: Standard 230V<\/p>\n<p>Poids :\u00a0 \u00a0 \u00a0 \u00a0 \u00a0 \u00a0 \u00a0 \u00a0 \u00a0 \u00a0 \u00a0 \u00a0 \u00a0 \u00a0 117 kg<\/p>\n<p>Max load: 150 kg<\/p>\n<p>Etanch\u00e9it\u00e9 :\u00a0\u00a0\u00a0\u00a0\u00a0\u00a0\u00a0\u00a0\u00a0\u00a0\u00a0\u00a0\u00a0\u00a0\u00a0\u00a0\u00a0\u00a0 IPX7<\/p>\n<p>Couleur :\u00a0\u00a0\u00a0\u00a0\u00a0\u00a0\u00a0\u00a0\u00a0\u00a0\u00a0\u00a0\u00a0\u00a0\u00a0\u00a0\u00a0\u00a0\u00a0\u00a0\u00a0\u00a0\u00a0 Noir, blanc, gris<\/p>\n<p>Dimensions :\u00a0 \u00a0 \u00a0 \u00a0 \u00a0 \u00a0 \u00a0 \u00a0 \u00a0 1930 x 745 x 1180 mm<\/p>\n<p>Nombre de place :\u00a0 \u00a0 \u00a0 \u00a0 2<\/p>\n<p>Cat\u00e9gorie :\u00a0\u00a0\u00a0\u00a0\u00a0\u00a0\u00a0\u00a0\u00a0\u00a0\u00a0\u00a0\u00a0\u00a0\u00a0\u00a0\u00a0\u00a0\u00a0\u00a0 Equivalent 50 cm3<\/p>\n<p>Driving license: A1<\/p>\n<p>\u00c9quipement :\u00a0 \u00a0 \u00a0 \u00a0 \u00a0 \u00a0 \u00a0 \u00a0 \u00a0 Batterie amovible, app connect\u00e9, ABS, 5&#8243; Ecran couleur TFT<\/p>\n<p>\u00c9tat :\u00a0 \u00a0 \u00a0 \u00a0 \u00a0 \u00a0 \u00a0 \u00a0 \u00a0 \u00a0 \u00a0 \u00a0 \u00a0 \u00a0 \u00a0 \u00a0 Neuf<\/p>\n<p>Garantie :\u00a0 \u00a0 \u00a0 \u00a0 \u00a0 \u00a0 \u00a0 \u00a0 \u00a0 \u00a0 \u00a0 \u00a02 ans (un an sur la batterie)<\/p>\n<p>&nbsp;<\/p>\n<p>Approved on Swiss roads<\/p>","protected":false},"excerpt":{"rendered":"<p>Le scooter \u00e9lectrique NIU NQiX 150 est un \u00e9quivalent 50 cm\u00b3 \u00e9lectrique, homologu\u00e9 45 km\/h (plaque jaune), id\u00e9al pour la ville et les trajets quotidiens.<\/p>\n<p>Agile, confortable et connect\u00e9, il offre jusqu\u2019\u00e0 70 km d\u2019autonomie, une conduite fluide et un excellent niveau d\u2019\u00e9quipement pour une mobilit\u00e9 urbaine moderne et fiable.<\/p>","protected":false},"featured_media":12018,"template":"","meta":{"_uf_show_specific_survey":0,"_uf_disable_surveys":false},"product_brand":[],"product_cat":[458],"product_tag":[482,476,480,479,484,481,483,475],"permis--de-conduire":[469],"vitesse":[465],"brands":[],"accessoires":[],"pieces-detachees":[],"trottinette-electrique":[],"velo":[],"class_list":{"0":"post-12014","1":"product","2":"type-product","3":"status-publish","4":"has-post-thumbnail","6":"product_cat-scooter","7":"product_tag-equivalent-50-cm3-electrique","8":"product_tag-mobilite-urbaine","9":"product_tag-niu-nqix-150","10":"product_tag-scooter-electrique-45-km-h","11":"product_tag-scooter-electrique-connecte","12":"product_tag-scooter-electrique-plaque-jaune","13":"product_tag-scooter-electrique-ville","14":"product_tag-trajet-domicile-travail","15":"permis--de-conduire-scooters-avec-permis","16":"vitesse-45-km-h-plaque-jaune","17":"tm-has-options","19":"first","20":"instock","21":"taxable","22":"shipping-taxable","23":"purchasable","24":"product-type-simple"},"yoast_head":"<!-- This site is optimized with the Yoast SEO plugin v25.8 - https:\/\/yoast.com\/wordpress\/plugins\/seo\/ -->\n<title>scooter-electrique-niu-nqix-150-45-kmh<\/title>\n<meta name=\"description\" content=\"Scooter \u00e9lectrique NIU NQiX 150 45 km\/h avec plaque jaune, homologu\u00e9 Suisse. Id\u00e9al pour les trajets urbains, disponible chez Stelfia \u00e0 Renens pr\u00e8s de Lausanne.\" \/>\n<meta name=\"robots\" content=\"index, follow, max-snippet:-1, max-image-preview:large, max-video-preview:-1\" \/>\n<link rel=\"canonical\" href=\"https:\/\/stelfia.com\/en\/shop\/vehicules\/scooter\/scooter-electrique-niu-nqix-150-45-kmh\/\" \/>\n<meta property=\"og:locale\" content=\"en_US\" \/>\n<meta property=\"og:type\" content=\"article\" \/>\n<meta property=\"og:title\" content=\"scooter-electrique-niu-nqix-150-45-kmh\" \/>\n<meta property=\"og:description\" content=\"Scooter \u00e9lectrique NIU NQiX 150 45 km\/h avec plaque jaune, homologu\u00e9 Suisse. Id\u00e9al pour les trajets urbains, disponible chez Stelfia \u00e0 Renens pr\u00e8s de Lausanne.\" \/>\n<meta property=\"og:url\" content=\"https:\/\/stelfia.com\/en\/shop\/vehicules\/scooter\/scooter-electrique-niu-nqix-150-45-kmh\/\" \/>\n<meta property=\"og:site_name\" content=\"Trottinette \u00e9lectrique\" \/>\n<meta property=\"article:modified_time\" content=\"2026-03-25T17:11:03+00:00\" \/>\n<meta property=\"og:image\" content=\"https:\/\/stelfia.com\/wp-content\/uploads\/2026\/01\/Blanc-1.jpg\" \/>\n\t<meta property=\"og:image:width\" content=\"1084\" \/>\n\t<meta property=\"og:image:height\" content=\"1031\" \/>\n\t<meta property=\"og:image:type\" content=\"image\/jpeg\" \/>\n<meta name=\"twitter:card\" content=\"summary_large_image\" \/>\n<meta name=\"twitter:label1\" content=\"Est. reading time\" \/>\n\t<meta name=\"twitter:data1\" content=\"2 minutes\" \/>\n<script type=\"application\/ld+json\" class=\"yoast-schema-graph\">{\"@context\":\"https:\/\/schema.org\",\"@graph\":[{\"@type\":\"WebPage\",\"@id\":\"https:\/\/stelfia.com\/shop\/vehicules\/scooter\/scooter-electrique-niu-nqix-150-45-kmh\/\",\"url\":\"https:\/\/stelfia.com\/shop\/vehicules\/scooter\/scooter-electrique-niu-nqix-150-45-kmh\/\",\"name\":\"scooter-electrique-niu-nqix-150-45-kmh\",\"isPartOf\":{\"@id\":\"https:\/\/stelfia.com\/#website\"},\"primaryImageOfPage\":{\"@id\":\"https:\/\/stelfia.com\/shop\/vehicules\/scooter\/scooter-electrique-niu-nqix-150-45-kmh\/#primaryimage\"},\"image\":{\"@id\":\"https:\/\/stelfia.com\/shop\/vehicules\/scooter\/scooter-electrique-niu-nqix-150-45-kmh\/#primaryimage\"},\"thumbnailUrl\":\"https:\/\/stelfia.com\/wp-content\/uploads\/2026\/01\/Blanc-1.jpg\",\"datePublished\":\"2026-01-28T19:14:16+00:00\",\"dateModified\":\"2026-03-25T17:11:03+00:00\",\"description\":\"Scooter \u00e9lectrique NIU NQiX 150 45 km\/h avec plaque jaune, homologu\u00e9 Suisse. Id\u00e9al pour les trajets urbains, disponible chez Stelfia \u00e0 Renens pr\u00e8s de Lausanne.\",\"breadcrumb\":{\"@id\":\"https:\/\/stelfia.com\/shop\/vehicules\/scooter\/scooter-electrique-niu-nqix-150-45-kmh\/#breadcrumb\"},\"inLanguage\":\"en-US\",\"potentialAction\":[{\"@type\":\"ReadAction\",\"target\":[\"https:\/\/stelfia.com\/shop\/vehicules\/scooter\/scooter-electrique-niu-nqix-150-45-kmh\/\"]}]},{\"@type\":\"ImageObject\",\"inLanguage\":\"en-US\",\"@id\":\"https:\/\/stelfia.com\/shop\/vehicules\/scooter\/scooter-electrique-niu-nqix-150-45-kmh\/#primaryimage\",\"url\":\"https:\/\/stelfia.com\/wp-content\/uploads\/2026\/01\/Blanc-1.jpg\",\"contentUrl\":\"https:\/\/stelfia.com\/wp-content\/uploads\/2026\/01\/Blanc-1.jpg\",\"width\":1084,\"height\":1031,\"caption\":\"NIU NQiX 150 blanc, scooter \u00e9lectrique urbain homologu\u00e9 45 km\/h (plaque jaune)\"},{\"@type\":\"BreadcrumbList\",\"@id\":\"https:\/\/stelfia.com\/shop\/vehicules\/scooter\/scooter-electrique-niu-nqix-150-45-kmh\/#breadcrumb\",\"itemListElement\":[{\"@type\":\"ListItem\",\"position\":1,\"name\":\"Accueil\",\"item\":\"https:\/\/stelfia.com\/\"},{\"@type\":\"ListItem\",\"position\":2,\"name\":\"Shop\",\"item\":\"https:\/\/stelfia.com\/shop\/\"},{\"@type\":\"ListItem\",\"position\":3,\"name\":\"Niu NQiX 150\"}]},{\"@type\":\"WebSite\",\"@id\":\"https:\/\/stelfia.com\/#website\",\"url\":\"https:\/\/stelfia.com\/\",\"name\":\"Trottinette \u00e9lectrique\",\"description\":\"Trottinette \u00e9lectrique en Suisse romande\",\"publisher\":{\"@id\":\"https:\/\/stelfia.com\/#organization\"},\"potentialAction\":[{\"@type\":\"SearchAction\",\"target\":{\"@type\":\"EntryPoint\",\"urlTemplate\":\"https:\/\/stelfia.com\/?s={search_term_string}\"},\"query-input\":{\"@type\":\"PropertyValueSpecification\",\"valueRequired\":true,\"valueName\":\"search_term_string\"}}],\"inLanguage\":\"en-US\"},{\"@type\":\"Organization\",\"@id\":\"https:\/\/stelfia.com\/#organization\",\"name\":\"Trottinette \u00e9lectrique lausanne\",\"url\":\"https:\/\/stelfia.com\/\",\"logo\":{\"@type\":\"ImageObject\",\"inLanguage\":\"en-US\",\"@id\":\"https:\/\/stelfia.com\/#\/schema\/logo\/image\/\",\"url\":\"https:\/\/stelfia.com\/wp-content\/uploads\/2023\/02\/logonew-removebg-preview.png\",\"contentUrl\":\"https:\/\/stelfia.com\/wp-content\/uploads\/2023\/02\/logonew-removebg-preview.png\",\"width\":238,\"height\":100,\"caption\":\"Trottinette \u00e9lectrique lausanne\"},\"image\":{\"@id\":\"https:\/\/stelfia.com\/#\/schema\/logo\/image\/\"}}]}<\/script>\n<!-- \/ Yoast SEO plugin. -->","yoast_head_json":{"title":"scooter-electrique-niu-nqix-150-45-kmh","description":"Scooter \u00e9lectrique NIU NQiX 150 45 km\/h avec plaque jaune, homologu\u00e9 Suisse. Id\u00e9al pour les trajets urbains, disponible chez Stelfia \u00e0 Renens pr\u00e8s de Lausanne.","robots":{"index":"index","follow":"follow","max-snippet":"max-snippet:-1","max-image-preview":"max-image-preview:large","max-video-preview":"max-video-preview:-1"},"canonical":"https:\/\/stelfia.com\/en\/shop\/vehicules\/scooter\/scooter-electrique-niu-nqix-150-45-kmh\/","og_locale":"en_US","og_type":"article","og_title":"scooter-electrique-niu-nqix-150-45-kmh","og_description":"Scooter \u00e9lectrique NIU NQiX 150 45 km\/h avec plaque jaune, homologu\u00e9 Suisse. Id\u00e9al pour les trajets urbains, disponible chez Stelfia \u00e0 Renens pr\u00e8s de Lausanne.","og_url":"https:\/\/stelfia.com\/en\/shop\/vehicules\/scooter\/scooter-electrique-niu-nqix-150-45-kmh\/","og_site_name":"Trottinette \u00e9lectrique","article_modified_time":"2026-03-25T17:11:03+00:00","og_image":[{"width":1084,"height":1031,"url":"https:\/\/stelfia.com\/wp-content\/uploads\/2026\/01\/Blanc-1.jpg","type":"image\/jpeg"}],"twitter_card":"summary_large_image","twitter_misc":{"Est. reading time":"2 minutes"},"schema":{"@context":"https:\/\/schema.org","@graph":[{"@type":"WebPage","@id":"https:\/\/stelfia.com\/shop\/vehicules\/scooter\/scooter-electrique-niu-nqix-150-45-kmh\/","url":"https:\/\/stelfia.com\/shop\/vehicules\/scooter\/scooter-electrique-niu-nqix-150-45-kmh\/","name":"scooter-electrique-niu-nqix-150-45-kmh","isPartOf":{"@id":"https:\/\/stelfia.com\/#website"},"primaryImageOfPage":{"@id":"https:\/\/stelfia.com\/shop\/vehicules\/scooter\/scooter-electrique-niu-nqix-150-45-kmh\/#primaryimage"},"image":{"@id":"https:\/\/stelfia.com\/shop\/vehicules\/scooter\/scooter-electrique-niu-nqix-150-45-kmh\/#primaryimage"},"thumbnailUrl":"https:\/\/stelfia.com\/wp-content\/uploads\/2026\/01\/Blanc-1.jpg","datePublished":"2026-01-28T19:14:16+00:00","dateModified":"2026-03-25T17:11:03+00:00","description":"Scooter \u00e9lectrique NIU NQiX 150 45 km\/h avec plaque jaune, homologu\u00e9 Suisse. Id\u00e9al pour les trajets urbains, disponible chez Stelfia \u00e0 Renens pr\u00e8s de Lausanne.","breadcrumb":{"@id":"https:\/\/stelfia.com\/shop\/vehicules\/scooter\/scooter-electrique-niu-nqix-150-45-kmh\/#breadcrumb"},"inLanguage":"en-US","potentialAction":[{"@type":"ReadAction","target":["https:\/\/stelfia.com\/shop\/vehicules\/scooter\/scooter-electrique-niu-nqix-150-45-kmh\/"]}]},{"@type":"ImageObject","inLanguage":"en-US","@id":"https:\/\/stelfia.com\/shop\/vehicules\/scooter\/scooter-electrique-niu-nqix-150-45-kmh\/#primaryimage","url":"https:\/\/stelfia.com\/wp-content\/uploads\/2026\/01\/Blanc-1.jpg","contentUrl":"https:\/\/stelfia.com\/wp-content\/uploads\/2026\/01\/Blanc-1.jpg","width":1084,"height":1031,"caption":"NIU NQiX 150 blanc, scooter \u00e9lectrique urbain homologu\u00e9 45 km\/h (plaque jaune)"},{"@type":"BreadcrumbList","@id":"https:\/\/stelfia.com\/shop\/vehicules\/scooter\/scooter-electrique-niu-nqix-150-45-kmh\/#breadcrumb","itemListElement":[{"@type":"ListItem","position":1,"name":"Accueil","item":"https:\/\/stelfia.com\/"},{"@type":"ListItem","position":2,"name":"Shop","item":"https:\/\/stelfia.com\/shop\/"},{"@type":"ListItem","position":3,"name":"Niu NQiX 150"}]},{"@type":"WebSite","@id":"https:\/\/stelfia.com\/#website","url":"https:\/\/stelfia.com\/","name":"Electric scooter","description":"Electric scooter in French-speaking Switzerland","publisher":{"@id":"https:\/\/stelfia.com\/#organization"},"potentialAction":[{"@type":"SearchAction","target":{"@type":"EntryPoint","urlTemplate":"https:\/\/stelfia.com\/?s={search_term_string}"},"query-input":{"@type":"PropertyValueSpecification","valueRequired":true,"valueName":"search_term_string"}}],"inLanguage":"en-US"},{"@type":"Organization","@id":"https:\/\/stelfia.com\/#organization","name":"Trottinette \u00e9lectrique lausanne","url":"https:\/\/stelfia.com\/","logo":{"@type":"ImageObject","inLanguage":"en-US","@id":"https:\/\/stelfia.com\/#\/schema\/logo\/image\/","url":"https:\/\/stelfia.com\/wp-content\/uploads\/2023\/02\/logonew-removebg-preview.png","contentUrl":"https:\/\/stelfia.com\/wp-content\/uploads\/2023\/02\/logonew-removebg-preview.png","width":238,"height":100,"caption":"Trottinette \u00e9lectrique lausanne"},"image":{"@id":"https:\/\/stelfia.com\/#\/schema\/logo\/image\/"}}]}},"_links":{"self":[{"href":"https:\/\/stelfia.com\/en\/wp-json\/wp\/v2\/product\/12014","targetHints":{"allow":["GET"]}}],"collection":[{"href":"https:\/\/stelfia.com\/en\/wp-json\/wp\/v2\/product"}],"about":[{"href":"https:\/\/stelfia.com\/en\/wp-json\/wp\/v2\/types\/product"}],"version-history":[{"count":0,"href":"https:\/\/stelfia.com\/en\/wp-json\/wp\/v2\/product\/12014\/revisions"}],"wp:featuredmedia":[{"embeddable":true,"href":"https:\/\/stelfia.com\/en\/wp-json\/wp\/v2\/media\/12018"}],"wp:attachment":[{"href":"https:\/\/stelfia.com\/en\/wp-json\/wp\/v2\/media?parent=12014"}],"wp:term":[{"taxonomy":"product_brand","embeddable":true,"href":"https:\/\/stelfia.com\/en\/wp-json\/wp\/v2\/product_brand?post=12014"},{"taxonomy":"product_cat","embeddable":true,"href":"https:\/\/stelfia.com\/en\/wp-json\/wp\/v2\/product_cat?post=12014"},{"taxonomy":"product_tag","embeddable":true,"href":"https:\/\/stelfia.com\/en\/wp-json\/wp\/v2\/product_tag?post=12014"},{"taxonomy":"permis--de-conduire","embeddable":true,"href":"https:\/\/stelfia.com\/en\/wp-json\/wp\/v2\/permis--de-conduire?post=12014"},{"taxonomy":"vitesse","embeddable":true,"href":"https:\/\/stelfia.com\/en\/wp-json\/wp\/v2\/vitesse?post=12014"},{"taxonomy":"brands","embeddable":true,"href":"https:\/\/stelfia.com\/en\/wp-json\/wp\/v2\/brands?post=12014"},{"taxonomy":"accessoires","embeddable":true,"href":"https:\/\/stelfia.com\/en\/wp-json\/wp\/v2\/accessoires?post=12014"},{"taxonomy":"pieces-detachees","embeddable":true,"href":"https:\/\/stelfia.com\/en\/wp-json\/wp\/v2\/pieces-detachees?post=12014"},{"taxonomy":"trottinette-electrique","embeddable":true,"href":"https:\/\/stelfia.com\/en\/wp-json\/wp\/v2\/trottinette-electrique?post=12014"},{"taxonomy":"velo","embeddable":true,"href":"https:\/\/stelfia.com\/en\/wp-json\/wp\/v2\/velo?post=12014"}],"curies":[{"name":"wp","href":"https:\/\/api.w.org\/{rel}","templated":true}]}}