{"id":11982,"date":"2026-01-26T17:38:00","date_gmt":"2026-01-26T17:38:00","guid":{"rendered":"https:\/\/stelfia.com\/?post_type=product&#038;p=11982"},"modified":"2026-03-25T17:11:13","modified_gmt":"2026-03-25T17:11:13","slug":"scooter-electrique-niu-nqix-500-80-kmh","status":"publish","type":"product","link":"https:\/\/stelfia.com\/en\/shop\/vehicules\/scooter\/scooter-electrique-niu-nqix-500-80-kmh\/","title":{"rendered":"Niu NQiX 500"},"content":{"rendered":"<p>Le scooter \u00e9lectrique Niu NQiX 500 est un \u00e9quivalent 125 cm\u00b3 \u00e9lectrique performant, homologu\u00e9 pour la Suisse. Il combine puissance, autonomie et confort pour une utilisation quotidienne ou p\u00e9riurbaine.<\/p>\n<p>Batterie :\u00a0 \u00a0 \u00a0 \u00a0 \u00a0 \u00a0 \u00a0 \u00a0 \u00a0 \u00a0 \u00a0 \u00a0 72V, 2x 28Ah<\/p>\n<p>Moteur :\u00a0 \u00a0 \u00a0 \u00a0 \u00a0 \u00a0 \u00a0 \u00a0 \u00a0 \u00a0 \u00a0 \u00a0 \u00a0Brushless 9000 W<\/p>\n<p>Couple :\u00a0 \u00a0 \u00a0 \u00a0 \u00a0 \u00a0 \u00a0 \u00a0 \u00a0 \u00a0 \u00a0 \u00a0 240 Nm 10 tr\/min<\/p>\n<p>Vitesse max :\u00a0 \u00a0 \u00a0 \u00a0 \u00a0 \u00a0 \u00a0 \u00a0 \u00a0100 km\/h, (0-50 km\/h : 2.8 sec)<\/p>\n<p>Autonomie :\u00a0 \u00a0 \u00a0 \u00a0 \u00a0 \u00a0 \u00a0 \u00a0 \u00a0 90 &#8211; 100 km<\/p>\n<p>Roues :\u00a0 \u00a0 \u00a0 \u00a0 \u00a0 \u00a0 \u00a0 \u00a0 \u00a0 \u00a0 \u00a0 \u00a0 \u00a0\u00a0 Avant: 90\/90-14 \/ Arri\u00e8re: 110\/80-14<\/p>\n<p>Frein :\u00a0 \u00a0 \u00a0 \u00a0 \u00a0 \u00a0 \u00a0 \u00a0 \u00a0 \u00a0 \u00a0 \u00a0 \u00a0 \u00a0 \u00a0Disques (hydrauliques) AV et ARR, avec syst\u00e8me ABS<\/p>\n<p>Temps de charge :\u00a0 \u00a0 \u00a0 \u00a05 &#8211; 6 h<\/p>\n<p>Charger socket: Standard 230V<\/p>\n<p>Poids :\u00a0 \u00a0 \u00a0 \u00a0 \u00a0 \u00a0 \u00a0 \u00a0 \u00a0 \u00a0 \u00a0 \u00a0 \u00a0 \u00a0 128 kg<\/p>\n<p>Max load: 150 kg<\/p>\n<p>Etanch\u00e9it\u00e9 :\u00a0\u00a0\u00a0\u00a0\u00a0\u00a0\u00a0\u00a0\u00a0\u00a0\u00a0\u00a0\u00a0\u00a0\u00a0\u00a0\u00a0\u00a0 IPX7<\/p>\n<p>Couleur :\u00a0\u00a0\u00a0\u00a0\u00a0\u00a0\u00a0\u00a0\u00a0\u00a0\u00a0\u00a0\u00a0\u00a0\u00a0\u00a0\u00a0\u00a0\u00a0\u00a0\u00a0\u00a0\u00a0 Noir, blanc, gris<\/p>\n<p>Dimensions :\u00a0 \u00a0 \u00a0 \u00a0 \u00a0 \u00a0 \u00a0 \u00a0 \u00a0 1930 x 745 x 1180 mm<\/p>\n<p>Nombre de place :\u00a0 \u00a0 \u00a0 \u00a0 2<\/p>\n<p>Category: Equivalent 125 cm3<\/p>\n<p>Driving license: A1<\/p>\n<p>\u00c9quipement :\u00a0 \u00a0 \u00a0 \u00a0 \u00a0 \u00a0 \u00a0 \u00a0 \u00a0 Batteries amovibles, app connect\u00e9, ABS, 5&#8243; Ecran couleur TFT<\/p>\n<p>\u00c9tat :\u00a0 \u00a0 \u00a0 \u00a0 \u00a0 \u00a0 \u00a0 \u00a0 \u00a0 \u00a0 \u00a0 \u00a0 \u00a0 \u00a0 \u00a0 \u00a0 Neuf<\/p>\n<p>Garantie :\u00a0 \u00a0 \u00a0 \u00a0 \u00a0 \u00a0 \u00a0 \u00a0 \u00a0 \u00a0 \u00a0 \u00a02 ans (un an sur la batterie)<\/p>\n<p>&nbsp;<\/p>\n<p>Approved on Swiss roads<\/p>","protected":false},"excerpt":{"rendered":"<p>Scooter \u00e9lectrique NIU NQiX 500 \u2013 \u00e9quivalent 125 cm\u00b3, con\u00e7u pour les performances et le confort au quotidien.<br \/>\n<br data-start=\"1152\" data-end=\"1155\" \/>Dot\u00e9 d\u2019un moteur puissant jusqu\u2019\u00e0 9000 W, de deux batteries lithium 72V et d\u2019une autonomie pouvant atteindre 100 km, il offre une conduite fluide, s\u00e9curis\u00e9e et connect\u00e9e.<br \/>\n<br data-start=\"1339\" data-end=\"1342\" \/>Version plaque blanche \u2013 100 km\/h, conforme \u00e0 la r\u00e9glementation suisse, id\u00e9ale pour les trajets urbains et p\u00e9riurbains.<\/p>","protected":false},"featured_media":11987,"template":"","meta":{"_uf_show_specific_survey":0,"_uf_disable_surveys":false},"product_brand":[],"product_cat":[458],"product_tag":[474,473,476,472,478,307,477,475],"permis--de-conduire":[469],"vitesse":[466],"brands":[],"accessoires":[],"pieces-detachees":[],"trottinette-electrique":[],"velo":[],"class_list":{"0":"post-11982","1":"product","2":"type-product","3":"status-publish","4":"has-post-thumbnail","6":"product_cat-scooter","7":"product_tag-double-batterie","8":"product_tag-equivalent-125-electrique","9":"product_tag-mobilite-urbaine","10":"product_tag-niu-nqix-500","11":"product_tag-scooter-connecte","12":"product_tag-scooter-electrique-80-km-h","13":"product_tag-scooter-haut-de-gamme","14":"product_tag-trajet-domicile-travail","15":"permis--de-conduire-scooters-avec-permis","16":"vitesse-80-km-h-plaque-blanche","17":"tm-has-options","19":"first","20":"instock","21":"taxable","22":"shipping-taxable","23":"purchasable","24":"product-type-simple"},"yoast_head":"<!-- This site is optimized with the Yoast SEO plugin v25.8 - https:\/\/yoast.com\/wordpress\/plugins\/seo\/ -->\n<title>Scooter \u00e9lectrique Niu NQiX 500 80 km\/h | Stelfia Renens<\/title>\n<meta name=\"description\" content=\"Scooter \u00e9lectrique Niu NQiX 500 80 km\/h avec plaque blanche, homologu\u00e9 Suisse. Performance, autonomie et design premium chez Stelfia \u00e0 Renens pr\u00e8s de Lausanne.\" \/>\n<meta name=\"robots\" content=\"index, follow, max-snippet:-1, max-image-preview:large, max-video-preview:-1\" \/>\n<link rel=\"canonical\" href=\"https:\/\/stelfia.com\/en\/shop\/vehicules\/scooter\/scooter-electrique-niu-nqix-500-80-kmh\/\" \/>\n<meta property=\"og:locale\" content=\"en_US\" \/>\n<meta property=\"og:type\" content=\"article\" \/>\n<meta property=\"og:title\" content=\"Scooter \u00e9lectrique Niu NQiX 500 80 km\/h | Stelfia Renens\" \/>\n<meta property=\"og:description\" content=\"Scooter \u00e9lectrique Niu NQiX 500 80 km\/h avec plaque blanche, homologu\u00e9 Suisse. Performance, autonomie et design premium chez Stelfia \u00e0 Renens pr\u00e8s de Lausanne.\" \/>\n<meta property=\"og:url\" content=\"https:\/\/stelfia.com\/en\/shop\/vehicules\/scooter\/scooter-electrique-niu-nqix-500-80-kmh\/\" \/>\n<meta property=\"og:site_name\" content=\"Trottinette \u00e9lectrique\" \/>\n<meta property=\"article:modified_time\" content=\"2026-03-25T17:11:13+00:00\" \/>\n<meta property=\"og:image\" content=\"https:\/\/stelfia.com\/wp-content\/uploads\/2026\/01\/Noir.jpg\" \/>\n\t<meta property=\"og:image:width\" content=\"1134\" \/>\n\t<meta property=\"og:image:height\" content=\"1059\" \/>\n\t<meta property=\"og:image:type\" content=\"image\/jpeg\" \/>\n<meta name=\"twitter:card\" content=\"summary_large_image\" \/>\n<meta name=\"twitter:label1\" content=\"Est. reading time\" \/>\n\t<meta name=\"twitter:data1\" content=\"1 minute\" \/>\n<script type=\"application\/ld+json\" class=\"yoast-schema-graph\">{\"@context\":\"https:\/\/schema.org\",\"@graph\":[{\"@type\":\"WebPage\",\"@id\":\"https:\/\/stelfia.com\/shop\/vehicules\/scooter\/scooter-electrique-niu-nqix-500-80-kmh\/\",\"url\":\"https:\/\/stelfia.com\/shop\/vehicules\/scooter\/scooter-electrique-niu-nqix-500-80-kmh\/\",\"name\":\"Scooter \u00e9lectrique Niu NQiX 500 80 km\/h | Stelfia Renens\",\"isPartOf\":{\"@id\":\"https:\/\/stelfia.com\/#website\"},\"primaryImageOfPage\":{\"@id\":\"https:\/\/stelfia.com\/shop\/vehicules\/scooter\/scooter-electrique-niu-nqix-500-80-kmh\/#primaryimage\"},\"image\":{\"@id\":\"https:\/\/stelfia.com\/shop\/vehicules\/scooter\/scooter-electrique-niu-nqix-500-80-kmh\/#primaryimage\"},\"thumbnailUrl\":\"https:\/\/stelfia.com\/wp-content\/uploads\/2026\/01\/Noir.jpg\",\"datePublished\":\"2026-01-26T17:38:00+00:00\",\"dateModified\":\"2026-03-25T17:11:13+00:00\",\"description\":\"Scooter \u00e9lectrique Niu NQiX 500 80 km\/h avec plaque blanche, homologu\u00e9 Suisse. Performance, autonomie et design premium chez Stelfia \u00e0 Renens pr\u00e8s de Lausanne.\",\"breadcrumb\":{\"@id\":\"https:\/\/stelfia.com\/shop\/vehicules\/scooter\/scooter-electrique-niu-nqix-500-80-kmh\/#breadcrumb\"},\"inLanguage\":\"en-US\",\"potentialAction\":[{\"@type\":\"ReadAction\",\"target\":[\"https:\/\/stelfia.com\/shop\/vehicules\/scooter\/scooter-electrique-niu-nqix-500-80-kmh\/\"]}]},{\"@type\":\"ImageObject\",\"inLanguage\":\"en-US\",\"@id\":\"https:\/\/stelfia.com\/shop\/vehicules\/scooter\/scooter-electrique-niu-nqix-500-80-kmh\/#primaryimage\",\"url\":\"https:\/\/stelfia.com\/wp-content\/uploads\/2026\/01\/Noir.jpg\",\"contentUrl\":\"https:\/\/stelfia.com\/wp-content\/uploads\/2026\/01\/Noir.jpg\",\"width\":1134,\"height\":1059,\"caption\":\"NIU NQiX 500 noir \u2013 version 80 km\/h avec plaque blanche\"},{\"@type\":\"BreadcrumbList\",\"@id\":\"https:\/\/stelfia.com\/shop\/vehicules\/scooter\/scooter-electrique-niu-nqix-500-80-kmh\/#breadcrumb\",\"itemListElement\":[{\"@type\":\"ListItem\",\"position\":1,\"name\":\"Accueil\",\"item\":\"https:\/\/stelfia.com\/\"},{\"@type\":\"ListItem\",\"position\":2,\"name\":\"Shop\",\"item\":\"https:\/\/stelfia.com\/shop\/\"},{\"@type\":\"ListItem\",\"position\":3,\"name\":\"Niu NQiX 500\"}]},{\"@type\":\"WebSite\",\"@id\":\"https:\/\/stelfia.com\/#website\",\"url\":\"https:\/\/stelfia.com\/\",\"name\":\"Trottinette \u00e9lectrique\",\"description\":\"Trottinette \u00e9lectrique en Suisse romande\",\"publisher\":{\"@id\":\"https:\/\/stelfia.com\/#organization\"},\"potentialAction\":[{\"@type\":\"SearchAction\",\"target\":{\"@type\":\"EntryPoint\",\"urlTemplate\":\"https:\/\/stelfia.com\/?s={search_term_string}\"},\"query-input\":{\"@type\":\"PropertyValueSpecification\",\"valueRequired\":true,\"valueName\":\"search_term_string\"}}],\"inLanguage\":\"en-US\"},{\"@type\":\"Organization\",\"@id\":\"https:\/\/stelfia.com\/#organization\",\"name\":\"Trottinette \u00e9lectrique lausanne\",\"url\":\"https:\/\/stelfia.com\/\",\"logo\":{\"@type\":\"ImageObject\",\"inLanguage\":\"en-US\",\"@id\":\"https:\/\/stelfia.com\/#\/schema\/logo\/image\/\",\"url\":\"https:\/\/stelfia.com\/wp-content\/uploads\/2023\/02\/logonew-removebg-preview.png\",\"contentUrl\":\"https:\/\/stelfia.com\/wp-content\/uploads\/2023\/02\/logonew-removebg-preview.png\",\"width\":238,\"height\":100,\"caption\":\"Trottinette \u00e9lectrique lausanne\"},\"image\":{\"@id\":\"https:\/\/stelfia.com\/#\/schema\/logo\/image\/\"}}]}<\/script>\n<!-- \/ Yoast SEO plugin. -->","yoast_head_json":{"title":"Scooter \u00e9lectrique Niu NQiX 500 80 km\/h | Stelfia Renens","description":"Scooter \u00e9lectrique Niu NQiX 500 80 km\/h avec plaque blanche, homologu\u00e9 Suisse. Performance, autonomie et design premium chez Stelfia \u00e0 Renens pr\u00e8s de Lausanne.","robots":{"index":"index","follow":"follow","max-snippet":"max-snippet:-1","max-image-preview":"max-image-preview:large","max-video-preview":"max-video-preview:-1"},"canonical":"https:\/\/stelfia.com\/en\/shop\/vehicules\/scooter\/scooter-electrique-niu-nqix-500-80-kmh\/","og_locale":"en_US","og_type":"article","og_title":"Scooter \u00e9lectrique Niu NQiX 500 80 km\/h | Stelfia Renens","og_description":"Scooter \u00e9lectrique Niu NQiX 500 80 km\/h avec plaque blanche, homologu\u00e9 Suisse. Performance, autonomie et design premium chez Stelfia \u00e0 Renens pr\u00e8s de Lausanne.","og_url":"https:\/\/stelfia.com\/en\/shop\/vehicules\/scooter\/scooter-electrique-niu-nqix-500-80-kmh\/","og_site_name":"Trottinette \u00e9lectrique","article_modified_time":"2026-03-25T17:11:13+00:00","og_image":[{"width":1134,"height":1059,"url":"https:\/\/stelfia.com\/wp-content\/uploads\/2026\/01\/Noir.jpg","type":"image\/jpeg"}],"twitter_card":"summary_large_image","twitter_misc":{"Est. reading time":"1 minute"},"schema":{"@context":"https:\/\/schema.org","@graph":[{"@type":"WebPage","@id":"https:\/\/stelfia.com\/shop\/vehicules\/scooter\/scooter-electrique-niu-nqix-500-80-kmh\/","url":"https:\/\/stelfia.com\/shop\/vehicules\/scooter\/scooter-electrique-niu-nqix-500-80-kmh\/","name":"Scooter \u00e9lectrique Niu NQiX 500 80 km\/h | Stelfia Renens","isPartOf":{"@id":"https:\/\/stelfia.com\/#website"},"primaryImageOfPage":{"@id":"https:\/\/stelfia.com\/shop\/vehicules\/scooter\/scooter-electrique-niu-nqix-500-80-kmh\/#primaryimage"},"image":{"@id":"https:\/\/stelfia.com\/shop\/vehicules\/scooter\/scooter-electrique-niu-nqix-500-80-kmh\/#primaryimage"},"thumbnailUrl":"https:\/\/stelfia.com\/wp-content\/uploads\/2026\/01\/Noir.jpg","datePublished":"2026-01-26T17:38:00+00:00","dateModified":"2026-03-25T17:11:13+00:00","description":"Scooter \u00e9lectrique Niu NQiX 500 80 km\/h avec plaque blanche, homologu\u00e9 Suisse. Performance, autonomie et design premium chez Stelfia \u00e0 Renens pr\u00e8s de Lausanne.","breadcrumb":{"@id":"https:\/\/stelfia.com\/shop\/vehicules\/scooter\/scooter-electrique-niu-nqix-500-80-kmh\/#breadcrumb"},"inLanguage":"en-US","potentialAction":[{"@type":"ReadAction","target":["https:\/\/stelfia.com\/shop\/vehicules\/scooter\/scooter-electrique-niu-nqix-500-80-kmh\/"]}]},{"@type":"ImageObject","inLanguage":"en-US","@id":"https:\/\/stelfia.com\/shop\/vehicules\/scooter\/scooter-electrique-niu-nqix-500-80-kmh\/#primaryimage","url":"https:\/\/stelfia.com\/wp-content\/uploads\/2026\/01\/Noir.jpg","contentUrl":"https:\/\/stelfia.com\/wp-content\/uploads\/2026\/01\/Noir.jpg","width":1134,"height":1059,"caption":"NIU NQiX 500 noir \u2013 version 80 km\/h avec plaque blanche"},{"@type":"BreadcrumbList","@id":"https:\/\/stelfia.com\/shop\/vehicules\/scooter\/scooter-electrique-niu-nqix-500-80-kmh\/#breadcrumb","itemListElement":[{"@type":"ListItem","position":1,"name":"Accueil","item":"https:\/\/stelfia.com\/"},{"@type":"ListItem","position":2,"name":"Shop","item":"https:\/\/stelfia.com\/shop\/"},{"@type":"ListItem","position":3,"name":"Niu NQiX 500"}]},{"@type":"WebSite","@id":"https:\/\/stelfia.com\/#website","url":"https:\/\/stelfia.com\/","name":"Electric scooter","description":"Electric scooter in French-speaking Switzerland","publisher":{"@id":"https:\/\/stelfia.com\/#organization"},"potentialAction":[{"@type":"SearchAction","target":{"@type":"EntryPoint","urlTemplate":"https:\/\/stelfia.com\/?s={search_term_string}"},"query-input":{"@type":"PropertyValueSpecification","valueRequired":true,"valueName":"search_term_string"}}],"inLanguage":"en-US"},{"@type":"Organization","@id":"https:\/\/stelfia.com\/#organization","name":"Trottinette \u00e9lectrique lausanne","url":"https:\/\/stelfia.com\/","logo":{"@type":"ImageObject","inLanguage":"en-US","@id":"https:\/\/stelfia.com\/#\/schema\/logo\/image\/","url":"https:\/\/stelfia.com\/wp-content\/uploads\/2023\/02\/logonew-removebg-preview.png","contentUrl":"https:\/\/stelfia.com\/wp-content\/uploads\/2023\/02\/logonew-removebg-preview.png","width":238,"height":100,"caption":"Trottinette \u00e9lectrique lausanne"},"image":{"@id":"https:\/\/stelfia.com\/#\/schema\/logo\/image\/"}}]}},"_links":{"self":[{"href":"https:\/\/stelfia.com\/en\/wp-json\/wp\/v2\/product\/11982","targetHints":{"allow":["GET"]}}],"collection":[{"href":"https:\/\/stelfia.com\/en\/wp-json\/wp\/v2\/product"}],"about":[{"href":"https:\/\/stelfia.com\/en\/wp-json\/wp\/v2\/types\/product"}],"version-history":[{"count":0,"href":"https:\/\/stelfia.com\/en\/wp-json\/wp\/v2\/product\/11982\/revisions"}],"wp:featuredmedia":[{"embeddable":true,"href":"https:\/\/stelfia.com\/en\/wp-json\/wp\/v2\/media\/11987"}],"wp:attachment":[{"href":"https:\/\/stelfia.com\/en\/wp-json\/wp\/v2\/media?parent=11982"}],"wp:term":[{"taxonomy":"product_brand","embeddable":true,"href":"https:\/\/stelfia.com\/en\/wp-json\/wp\/v2\/product_brand?post=11982"},{"taxonomy":"product_cat","embeddable":true,"href":"https:\/\/stelfia.com\/en\/wp-json\/wp\/v2\/product_cat?post=11982"},{"taxonomy":"product_tag","embeddable":true,"href":"https:\/\/stelfia.com\/en\/wp-json\/wp\/v2\/product_tag?post=11982"},{"taxonomy":"permis--de-conduire","embeddable":true,"href":"https:\/\/stelfia.com\/en\/wp-json\/wp\/v2\/permis--de-conduire?post=11982"},{"taxonomy":"vitesse","embeddable":true,"href":"https:\/\/stelfia.com\/en\/wp-json\/wp\/v2\/vitesse?post=11982"},{"taxonomy":"brands","embeddable":true,"href":"https:\/\/stelfia.com\/en\/wp-json\/wp\/v2\/brands?post=11982"},{"taxonomy":"accessoires","embeddable":true,"href":"https:\/\/stelfia.com\/en\/wp-json\/wp\/v2\/accessoires?post=11982"},{"taxonomy":"pieces-detachees","embeddable":true,"href":"https:\/\/stelfia.com\/en\/wp-json\/wp\/v2\/pieces-detachees?post=11982"},{"taxonomy":"trottinette-electrique","embeddable":true,"href":"https:\/\/stelfia.com\/en\/wp-json\/wp\/v2\/trottinette-electrique?post=11982"},{"taxonomy":"velo","embeddable":true,"href":"https:\/\/stelfia.com\/en\/wp-json\/wp\/v2\/velo?post=11982"}],"curies":[{"name":"wp","href":"https:\/\/api.w.org\/{rel}","templated":true}]}}