{"id":11748,"date":"2025-04-25T09:03:14","date_gmt":"2025-04-25T09:03:14","guid":{"rendered":"https:\/\/stelfia.com\/?post_type=product&#038;p=11748"},"modified":"2026-03-25T17:07:02","modified_gmt":"2026-03-25T17:07:02","slug":"mangosteen-mango-2-0","status":"publish","type":"product","link":"https:\/\/stelfia.com\/en\/shop\/vehicules\/chopper\/mangosteen-mango-2-0\/","title":{"rendered":"Mango 2.0"},"content":{"rendered":"<p>Le Mangosteen Mango 2.0 est un e-chopper compact au style cruiser moderne, id\u00e9al pour les d\u00e9placements urbains avec une position de conduite basse et confortable. Design affirm\u00e9, pneus larges et conduite d\u00e9tendue pour un maximum de plaisir.<\/p>\n<p>Batterie :\u00a0\u00a0\u00a0\u00a0\u00a0\u00a0\u00a0\u00a0\u00a0\u00a0\u00a0\u00a0\u00a0\u00a0\u00a0\u00a0\u00a0\u00a0\u00a0\u00a0\u00a0\u00a0\u00a0 1x 60V, 30 Ah<\/p>\n<p>Motor: Brushless 500 W<\/p>\n<p>Maximum speed: 25 km\/h<\/p>\n<p>Autonomie :\u00a0 \u00a0 \u00a0 \u00a0 \u00a0 \u00a0 \u00a0 \u00a0 \u00a090 km<\/p>\n<p>Roues :\u00a0 \u00a0 \u00a0 \u00a0 \u00a0 \u00a0 \u00a0 \u00a0 \u00a0 \u00a0 \u00a0 \u00a0 \u00a0 19 x 6.5 AV et 18 x 8.5 ARR<\/p>\n<p>Brake: Front and rear (hydraulic) discs<\/p>\n<p>Temps de charge :\u00a0 \u00a0 \u00a0 \u00a0Env. 3 &#8211; 5 h<\/p>\n<p>Charger socket: Standard 230V<\/p>\n<p>Poids :\u00a0 \u00a0 \u00a0 \u00a0 \u00a0 \u00a0 \u00a0 \u00a0 \u00a0 \u00a0 \u00a0 \u00a0 \u00a0 \u00a0 88 kg<\/p>\n<p>Max load: 150 kg<\/p>\n<p>Etanch\u00e9it\u00e9 :\u00a0 \u00a0 \u00a0 \u00a0 \u00a0 \u00a0 \u00a0 \u00a0 \u00a0 \u00a0Oui<\/p>\n<p>Couleur :\u00a0\u00a0\u00a0\u00a0\u00a0\u00a0\u00a0\u00a0\u00a0\u00a0\u00a0\u00a0\u00a0\u00a0\u00a0\u00a0\u00a0\u00a0\u00a0\u00a0\u00a0\u00a0\u00a0 Noir, rouge<\/p>\n<p>Nombre de place :\u00a0 \u00a0 \u00a0 \u00a0 \u00a01<\/p>\n<p>Cat\u00e9gorie :\u00a0\u00a0\u00a0\u00a0\u00a0\u00a0\u00a0\u00a0\u00a0\u00a0\u00a0\u00a0\u00a0\u00a0\u00a0\u00a0\u00a0\u00a0\u00a0\u00a0 Cyclomoteurs l\u00e9gers<\/p>\n<p>Permis de conduire :\u00a0\u00a0\u00a0\u00a0\u00a0 Sans<\/p>\n<p>Condition: New<\/p>\n<p>Warranty: 2 years (one year on the battery)<\/p>\n<p>&nbsp;<\/p>\n<p>Approved on Swiss roads<\/p>","protected":false},"excerpt":{"rendered":"<p>Le Mango 2.0 combine design chopper compact et mobilit\u00e9 \u00e9lectrique moderne.<\/p>\n<p>Position basse, roues larges et style affirm\u00e9 pour rouler en ville avec confort et personnalit\u00e9.<\/p>\n<p><img decoding=\"async\" class=\"wp-image-12079\" src=\"https:\/\/stelfia.com\/wp-content\/uploads\/2025\/04\/Logo-succursale-Renens-400x134.jpg\" alt=\"Succursale E-Motors Schweiz \u00e0 Renens \u2013 scooters et v\u00e9hicules \u00e9lectriques chez Stelfia\" width=\"263\" height=\"88\" srcset=\"https:\/\/stelfia.com\/wp-content\/uploads\/2025\/04\/Logo-succursale-Renens-400x134.jpg 400w, https:\/\/stelfia.com\/wp-content\/uploads\/2025\/04\/Logo-succursale-Renens-1300x434.jpg 1300w, https:\/\/stelfia.com\/wp-content\/uploads\/2025\/04\/Logo-succursale-Renens-768x257.jpg 768w, https:\/\/stelfia.com\/wp-content\/uploads\/2025\/04\/Logo-succursale-Renens-1536x513.jpg 1536w, https:\/\/stelfia.com\/wp-content\/uploads\/2025\/04\/Logo-succursale-Renens-18x6.jpg 18w, https:\/\/stelfia.com\/wp-content\/uploads\/2025\/04\/Logo-succursale-Renens-430x144.jpg 430w, https:\/\/stelfia.com\/wp-content\/uploads\/2025\/04\/Logo-succursale-Renens-700x234.jpg 700w, https:\/\/stelfia.com\/wp-content\/uploads\/2025\/04\/Logo-succursale-Renens-150x50.jpg 150w, https:\/\/stelfia.com\/wp-content\/uploads\/2025\/04\/Logo-succursale-Renens.jpg 1610w\" sizes=\"(max-width: 263px) 100vw, 263px\" \/><\/p>","protected":false},"featured_media":12239,"template":"","meta":{"_uf_show_specific_survey":0,"_uf_disable_surveys":false},"product_brand":[],"product_cat":[459],"product_tag":[527,544,540,456,536,491,125,545,492,443],"permis--de-conduire":[470],"vitesse":[464],"brands":[],"accessoires":[],"pieces-detachees":[],"trottinette-electrique":[],"velo":[],"class_list":{"0":"post-11748","1":"product","2":"type-product","3":"status-publish","4":"has-post-thumbnail","6":"product_cat-chopper","7":"product_tag-chopper-electrique","8":"product_tag-cruiser-electrique","9":"product_tag-e-chopper","10":"product_tag-mango-2-0","11":"product_tag-mangosteen","12":"product_tag-mobilite-electrique","13":"product_tag-renens","14":"product_tag-scooter-design","15":"product_tag-scooter-electrique","16":"product_tag-stelfia","17":"permis--de-conduire-scooters-sans-permis","18":"vitesse-25-km-h-sans-plaque","19":"tm-has-options","21":"first","22":"instock","23":"taxable","24":"shipping-taxable","25":"purchasable","26":"product-type-simple"},"yoast_head":"<!-- This site is optimized with the Yoast SEO plugin v25.8 - https:\/\/yoast.com\/wordpress\/plugins\/seo\/ -->\n<title>Mangosteen Mango 2.0 | E-Chopper \u00e9lectrique style cruiser \u2013 Stelfia<\/title>\n<meta name=\"description\" content=\"D\u00e9couvrez le Mangosteen Mango 2.0, e-chopper \u00e9lectrique au style cruiser moderne. Confort, pneus larges et conduite fluide. Disponible chez Stelfia \u00e0 Renens.\" \/>\n<meta name=\"robots\" content=\"index, follow, max-snippet:-1, max-image-preview:large, max-video-preview:-1\" \/>\n<link rel=\"canonical\" href=\"https:\/\/stelfia.com\/en\/shop\/vehicules\/chopper\/mangosteen-mango-2-0\/\" \/>\n<meta property=\"og:locale\" content=\"en_US\" \/>\n<meta property=\"og:type\" content=\"article\" \/>\n<meta property=\"og:title\" content=\"Mangosteen Mango 2.0 | E-Chopper \u00e9lectrique style cruiser \u2013 Stelfia\" \/>\n<meta property=\"og:description\" content=\"D\u00e9couvrez le Mangosteen Mango 2.0, e-chopper \u00e9lectrique au style cruiser moderne. Confort, pneus larges et conduite fluide. Disponible chez Stelfia \u00e0 Renens.\" \/>\n<meta property=\"og:url\" content=\"https:\/\/stelfia.com\/en\/shop\/vehicules\/chopper\/mangosteen-mango-2-0\/\" \/>\n<meta property=\"og:site_name\" content=\"Trottinette \u00e9lectrique\" \/>\n<meta property=\"article:modified_time\" content=\"2026-03-25T17:07:02+00:00\" \/>\n<meta property=\"og:image\" content=\"https:\/\/stelfia.com\/wp-content\/uploads\/2025\/04\/000.1-6.jpg\" \/>\n\t<meta property=\"og:image:width\" content=\"885\" \/>\n\t<meta property=\"og:image:height\" content=\"887\" \/>\n\t<meta property=\"og:image:type\" content=\"image\/jpeg\" \/>\n<meta name=\"twitter:card\" content=\"summary_large_image\" \/>\n<meta name=\"twitter:label1\" content=\"Est. reading time\" \/>\n\t<meta name=\"twitter:data1\" content=\"1 minute\" \/>\n<script type=\"application\/ld+json\" class=\"yoast-schema-graph\">{\"@context\":\"https:\/\/schema.org\",\"@graph\":[{\"@type\":\"WebPage\",\"@id\":\"https:\/\/stelfia.com\/shop\/vehicules\/chopper\/mangosteen-mango-2-0\/\",\"url\":\"https:\/\/stelfia.com\/shop\/vehicules\/chopper\/mangosteen-mango-2-0\/\",\"name\":\"Mangosteen Mango 2.0 | E-Chopper \u00e9lectrique style cruiser \u2013 Stelfia\",\"isPartOf\":{\"@id\":\"https:\/\/stelfia.com\/#website\"},\"primaryImageOfPage\":{\"@id\":\"https:\/\/stelfia.com\/shop\/vehicules\/chopper\/mangosteen-mango-2-0\/#primaryimage\"},\"image\":{\"@id\":\"https:\/\/stelfia.com\/shop\/vehicules\/chopper\/mangosteen-mango-2-0\/#primaryimage\"},\"thumbnailUrl\":\"https:\/\/stelfia.com\/wp-content\/uploads\/2025\/04\/000.1-6.jpg\",\"datePublished\":\"2025-04-25T09:03:14+00:00\",\"dateModified\":\"2026-03-25T17:07:02+00:00\",\"description\":\"D\u00e9couvrez le Mangosteen Mango 2.0, e-chopper \u00e9lectrique au style cruiser moderne. Confort, pneus larges et conduite fluide. Disponible chez Stelfia \u00e0 Renens.\",\"breadcrumb\":{\"@id\":\"https:\/\/stelfia.com\/shop\/vehicules\/chopper\/mangosteen-mango-2-0\/#breadcrumb\"},\"inLanguage\":\"en-US\",\"potentialAction\":[{\"@type\":\"ReadAction\",\"target\":[\"https:\/\/stelfia.com\/shop\/vehicules\/chopper\/mangosteen-mango-2-0\/\"]}]},{\"@type\":\"ImageObject\",\"inLanguage\":\"en-US\",\"@id\":\"https:\/\/stelfia.com\/shop\/vehicules\/chopper\/mangosteen-mango-2-0\/#primaryimage\",\"url\":\"https:\/\/stelfia.com\/wp-content\/uploads\/2025\/04\/000.1-6.jpg\",\"contentUrl\":\"https:\/\/stelfia.com\/wp-content\/uploads\/2025\/04\/000.1-6.jpg\",\"width\":885,\"height\":887,\"caption\":\"E-chopper Mango 2.0 \u2013 style cruiser compact\"},{\"@type\":\"BreadcrumbList\",\"@id\":\"https:\/\/stelfia.com\/shop\/vehicules\/chopper\/mangosteen-mango-2-0\/#breadcrumb\",\"itemListElement\":[{\"@type\":\"ListItem\",\"position\":1,\"name\":\"Accueil\",\"item\":\"https:\/\/stelfia.com\/\"},{\"@type\":\"ListItem\",\"position\":2,\"name\":\"Shop\",\"item\":\"https:\/\/stelfia.com\/shop\/\"},{\"@type\":\"ListItem\",\"position\":3,\"name\":\"Mango 2.0\"}]},{\"@type\":\"WebSite\",\"@id\":\"https:\/\/stelfia.com\/#website\",\"url\":\"https:\/\/stelfia.com\/\",\"name\":\"Trottinette \u00e9lectrique\",\"description\":\"Trottinette \u00e9lectrique en Suisse romande\",\"publisher\":{\"@id\":\"https:\/\/stelfia.com\/#organization\"},\"potentialAction\":[{\"@type\":\"SearchAction\",\"target\":{\"@type\":\"EntryPoint\",\"urlTemplate\":\"https:\/\/stelfia.com\/?s={search_term_string}\"},\"query-input\":{\"@type\":\"PropertyValueSpecification\",\"valueRequired\":true,\"valueName\":\"search_term_string\"}}],\"inLanguage\":\"en-US\"},{\"@type\":\"Organization\",\"@id\":\"https:\/\/stelfia.com\/#organization\",\"name\":\"Trottinette \u00e9lectrique lausanne\",\"url\":\"https:\/\/stelfia.com\/\",\"logo\":{\"@type\":\"ImageObject\",\"inLanguage\":\"en-US\",\"@id\":\"https:\/\/stelfia.com\/#\/schema\/logo\/image\/\",\"url\":\"https:\/\/stelfia.com\/wp-content\/uploads\/2023\/02\/logonew-removebg-preview.png\",\"contentUrl\":\"https:\/\/stelfia.com\/wp-content\/uploads\/2023\/02\/logonew-removebg-preview.png\",\"width\":238,\"height\":100,\"caption\":\"Trottinette \u00e9lectrique lausanne\"},\"image\":{\"@id\":\"https:\/\/stelfia.com\/#\/schema\/logo\/image\/\"}}]}<\/script>\n<!-- \/ Yoast SEO plugin. -->","yoast_head_json":{"title":"Mangosteen Mango 2.0 | E-Chopper \u00e9lectrique style cruiser \u2013 Stelfia","description":"D\u00e9couvrez le Mangosteen Mango 2.0, e-chopper \u00e9lectrique au style cruiser moderne. Confort, pneus larges et conduite fluide. Disponible chez Stelfia \u00e0 Renens.","robots":{"index":"index","follow":"follow","max-snippet":"max-snippet:-1","max-image-preview":"max-image-preview:large","max-video-preview":"max-video-preview:-1"},"canonical":"https:\/\/stelfia.com\/en\/shop\/vehicules\/chopper\/mangosteen-mango-2-0\/","og_locale":"en_US","og_type":"article","og_title":"Mangosteen Mango 2.0 | E-Chopper \u00e9lectrique style cruiser \u2013 Stelfia","og_description":"D\u00e9couvrez le Mangosteen Mango 2.0, e-chopper \u00e9lectrique au style cruiser moderne. Confort, pneus larges et conduite fluide. Disponible chez Stelfia \u00e0 Renens.","og_url":"https:\/\/stelfia.com\/en\/shop\/vehicules\/chopper\/mangosteen-mango-2-0\/","og_site_name":"Trottinette \u00e9lectrique","article_modified_time":"2026-03-25T17:07:02+00:00","og_image":[{"width":885,"height":887,"url":"https:\/\/stelfia.com\/wp-content\/uploads\/2025\/04\/000.1-6.jpg","type":"image\/jpeg"}],"twitter_card":"summary_large_image","twitter_misc":{"Est. reading time":"1 minute"},"schema":{"@context":"https:\/\/schema.org","@graph":[{"@type":"WebPage","@id":"https:\/\/stelfia.com\/shop\/vehicules\/chopper\/mangosteen-mango-2-0\/","url":"https:\/\/stelfia.com\/shop\/vehicules\/chopper\/mangosteen-mango-2-0\/","name":"Mangosteen Mango 2.0 | E-Chopper \u00e9lectrique style cruiser \u2013 Stelfia","isPartOf":{"@id":"https:\/\/stelfia.com\/#website"},"primaryImageOfPage":{"@id":"https:\/\/stelfia.com\/shop\/vehicules\/chopper\/mangosteen-mango-2-0\/#primaryimage"},"image":{"@id":"https:\/\/stelfia.com\/shop\/vehicules\/chopper\/mangosteen-mango-2-0\/#primaryimage"},"thumbnailUrl":"https:\/\/stelfia.com\/wp-content\/uploads\/2025\/04\/000.1-6.jpg","datePublished":"2025-04-25T09:03:14+00:00","dateModified":"2026-03-25T17:07:02+00:00","description":"D\u00e9couvrez le Mangosteen Mango 2.0, e-chopper \u00e9lectrique au style cruiser moderne. Confort, pneus larges et conduite fluide. Disponible chez Stelfia \u00e0 Renens.","breadcrumb":{"@id":"https:\/\/stelfia.com\/shop\/vehicules\/chopper\/mangosteen-mango-2-0\/#breadcrumb"},"inLanguage":"en-US","potentialAction":[{"@type":"ReadAction","target":["https:\/\/stelfia.com\/shop\/vehicules\/chopper\/mangosteen-mango-2-0\/"]}]},{"@type":"ImageObject","inLanguage":"en-US","@id":"https:\/\/stelfia.com\/shop\/vehicules\/chopper\/mangosteen-mango-2-0\/#primaryimage","url":"https:\/\/stelfia.com\/wp-content\/uploads\/2025\/04\/000.1-6.jpg","contentUrl":"https:\/\/stelfia.com\/wp-content\/uploads\/2025\/04\/000.1-6.jpg","width":885,"height":887,"caption":"E-chopper Mango 2.0 \u2013 style cruiser compact"},{"@type":"BreadcrumbList","@id":"https:\/\/stelfia.com\/shop\/vehicules\/chopper\/mangosteen-mango-2-0\/#breadcrumb","itemListElement":[{"@type":"ListItem","position":1,"name":"Accueil","item":"https:\/\/stelfia.com\/"},{"@type":"ListItem","position":2,"name":"Shop","item":"https:\/\/stelfia.com\/shop\/"},{"@type":"ListItem","position":3,"name":"Mango 2.0"}]},{"@type":"WebSite","@id":"https:\/\/stelfia.com\/#website","url":"https:\/\/stelfia.com\/","name":"Electric scooter","description":"Electric scooter in French-speaking Switzerland","publisher":{"@id":"https:\/\/stelfia.com\/#organization"},"potentialAction":[{"@type":"SearchAction","target":{"@type":"EntryPoint","urlTemplate":"https:\/\/stelfia.com\/?s={search_term_string}"},"query-input":{"@type":"PropertyValueSpecification","valueRequired":true,"valueName":"search_term_string"}}],"inLanguage":"en-US"},{"@type":"Organization","@id":"https:\/\/stelfia.com\/#organization","name":"Trottinette \u00e9lectrique lausanne","url":"https:\/\/stelfia.com\/","logo":{"@type":"ImageObject","inLanguage":"en-US","@id":"https:\/\/stelfia.com\/#\/schema\/logo\/image\/","url":"https:\/\/stelfia.com\/wp-content\/uploads\/2023\/02\/logonew-removebg-preview.png","contentUrl":"https:\/\/stelfia.com\/wp-content\/uploads\/2023\/02\/logonew-removebg-preview.png","width":238,"height":100,"caption":"Trottinette \u00e9lectrique lausanne"},"image":{"@id":"https:\/\/stelfia.com\/#\/schema\/logo\/image\/"}}]}},"_links":{"self":[{"href":"https:\/\/stelfia.com\/en\/wp-json\/wp\/v2\/product\/11748","targetHints":{"allow":["GET"]}}],"collection":[{"href":"https:\/\/stelfia.com\/en\/wp-json\/wp\/v2\/product"}],"about":[{"href":"https:\/\/stelfia.com\/en\/wp-json\/wp\/v2\/types\/product"}],"version-history":[{"count":0,"href":"https:\/\/stelfia.com\/en\/wp-json\/wp\/v2\/product\/11748\/revisions"}],"wp:featuredmedia":[{"embeddable":true,"href":"https:\/\/stelfia.com\/en\/wp-json\/wp\/v2\/media\/12239"}],"wp:attachment":[{"href":"https:\/\/stelfia.com\/en\/wp-json\/wp\/v2\/media?parent=11748"}],"wp:term":[{"taxonomy":"product_brand","embeddable":true,"href":"https:\/\/stelfia.com\/en\/wp-json\/wp\/v2\/product_brand?post=11748"},{"taxonomy":"product_cat","embeddable":true,"href":"https:\/\/stelfia.com\/en\/wp-json\/wp\/v2\/product_cat?post=11748"},{"taxonomy":"product_tag","embeddable":true,"href":"https:\/\/stelfia.com\/en\/wp-json\/wp\/v2\/product_tag?post=11748"},{"taxonomy":"permis--de-conduire","embeddable":true,"href":"https:\/\/stelfia.com\/en\/wp-json\/wp\/v2\/permis--de-conduire?post=11748"},{"taxonomy":"vitesse","embeddable":true,"href":"https:\/\/stelfia.com\/en\/wp-json\/wp\/v2\/vitesse?post=11748"},{"taxonomy":"brands","embeddable":true,"href":"https:\/\/stelfia.com\/en\/wp-json\/wp\/v2\/brands?post=11748"},{"taxonomy":"accessoires","embeddable":true,"href":"https:\/\/stelfia.com\/en\/wp-json\/wp\/v2\/accessoires?post=11748"},{"taxonomy":"pieces-detachees","embeddable":true,"href":"https:\/\/stelfia.com\/en\/wp-json\/wp\/v2\/pieces-detachees?post=11748"},{"taxonomy":"trottinette-electrique","embeddable":true,"href":"https:\/\/stelfia.com\/en\/wp-json\/wp\/v2\/trottinette-electrique?post=11748"},{"taxonomy":"velo","embeddable":true,"href":"https:\/\/stelfia.com\/en\/wp-json\/wp\/v2\/velo?post=11748"}],"curies":[{"name":"wp","href":"https:\/\/api.w.org\/{rel}","templated":true}]}}