{"id":11738,"date":"2025-04-25T08:08:28","date_gmt":"2025-04-25T08:08:28","guid":{"rendered":"https:\/\/stelfia.com\/?post_type=product&#038;p=11738"},"modified":"2026-03-25T17:11:27","modified_gmt":"2026-03-25T17:11:27","slug":"forza-city-go-rs-scooter-electrique","status":"publish","type":"product","link":"https:\/\/stelfia.com\/en\/shop\/vehicules\/scooter\/forza-city-go-rs-scooter-electrique\/","title":{"rendered":"Forza City Go RS"},"content":{"rendered":"<p>Le Forza City Go RS est un scooter \u00e9lectrique urbain pratique et accessible, id\u00e9al pour les d\u00e9placements quotidiens en ville. Compact, moderne et \u00e9conomique, il constitue une excellente solution pour une mobilit\u00e9 \u00e9lectrique simple et efficace.<\/p>\n<p>Batterie :\u00a0\u00a0\u00a0\u00a0\u00a0\u00a0\u00a0\u00a0\u00a0\u00a0\u00a0\u00a0\u00a0\u00a0\u00a0\u00a0\u00a0\u00a0\u00a0\u00a0\u00a0\u00a0\u00a0 1x 48V, 30 Ah<\/p>\n<p>Motor: Brushless 500 W<\/p>\n<p>Vitesse max :\u00a0 \u00a0 \u00a0 \u00a0 \u00a0 \u00a0 \u00a0 \u00a0 \u00a025 km\/h (ou 45 km\/h si homologu\u00e9 en plaque jaune)<\/p>\n<p>Autonomie :\u00a0 \u00a0 \u00a0 \u00a0 \u00a0 \u00a0 \u00a0 \u00a0 \u00a0100 km (mode \u00e9conomie)<\/p>\n<p>Roues :\u00a0 \u00a0 \u00a0 \u00a0 \u00a0 \u00a0 \u00a0 \u00a0 \u00a0 \u00a0 \u00a0 \u00a0 \u00a0 16 x 3.0 AV et ARR<\/p>\n<p>Brake: Front and rear (hydraulic) discs<\/p>\n<p>Charging time: Approx. 3 \u2013 4 hours<\/p>\n<p>Charger socket: Standard 230V<\/p>\n<p>Poids :\u00a0 \u00a0 \u00a0 \u00a0 \u00a0 \u00a0 \u00a0 \u00a0 \u00a0 \u00a0 \u00a0 \u00a0 \u00a0 \u00a0 75 kg<\/p>\n<p>Max load: 130 kg<\/p>\n<p>Etanch\u00e9it\u00e9 :\u00a0 \u00a0 \u00a0 \u00a0 \u00a0 \u00a0 \u00a0 \u00a0 \u00a0 \u00a0Oui<\/p>\n<p>Couleur :\u00a0 \u00a0 \u00a0 \u00a0 \u00a0 \u00a0 \u00a0 \u00a0 \u00a0 \u00a0 \u00a0 \u00a0 Noir, blanc<\/p>\n<p>Nombre de place :\u00a0 \u00a0 \u00a0 \u00a0 \u00a01<\/p>\n<p>Cat\u00e9gorie :\u00a0\u00a0\u00a0\u00a0\u00a0\u00a0\u00a0\u00a0\u00a0\u00a0\u00a0\u00a0\u00a0\u00a0\u00a0\u00a0\u00a0\u00a0\u00a0\u00a0 Cyclomoteurs l\u00e9gers<\/p>\n<p>Permis de conduire :\u00a0\u00a0\u00a0\u00a0\u00a0 Sans (ou permis A1 si homologu\u00e9 en plaque jaune)<\/p>\n<p>\u00c9tat :\u00a0 \u00a0 \u00a0 \u00a0 \u00a0 \u00a0 \u00a0 \u00a0 \u00a0 \u00a0 \u00a0 \u00a0 \u00a0 \u00a0 \u00a0 \u00a0 Neuf<\/p>\n<p>Garantie :\u00a0 \u00a0 \u00a0 \u00a0 \u00a0 \u00a0 \u00a0 \u00a0 \u00a0 \u00a0 \u00a0 \u00a02 ans (un an sur la batterie)<\/p>\n<p>&nbsp;<\/p>\n<p>Approved on Swiss roads<\/p>","protected":false},"excerpt":{"rendered":"<p>Le Forza City Go RS est un scooter \u00e9lectrique id\u00e9al pour les trajets urbains et les petits budgets.<\/p>\n<p>Maniable, moderne et personnalisable, il peut \u00eatre \u00e9quip\u00e9 en option d\u2019un syst\u00e8me CarPlay pour une exp\u00e9rience connect\u00e9e en ville.<\/p>\n<p><img decoding=\"async\" class=\"wp-image-12079\" src=\"https:\/\/stelfia.com\/wp-content\/uploads\/2025\/04\/Logo-succursale-Renens-400x134.jpg\" alt=\"Succursale E-Motors Schweiz \u00e0 Renens \u2013 scooters et v\u00e9hicules \u00e9lectriques chez Stelfia\" width=\"260\" height=\"87\" srcset=\"https:\/\/stelfia.com\/wp-content\/uploads\/2025\/04\/Logo-succursale-Renens-400x134.jpg 400w, https:\/\/stelfia.com\/wp-content\/uploads\/2025\/04\/Logo-succursale-Renens-1300x434.jpg 1300w, https:\/\/stelfia.com\/wp-content\/uploads\/2025\/04\/Logo-succursale-Renens-768x257.jpg 768w, https:\/\/stelfia.com\/wp-content\/uploads\/2025\/04\/Logo-succursale-Renens-1536x513.jpg 1536w, https:\/\/stelfia.com\/wp-content\/uploads\/2025\/04\/Logo-succursale-Renens-18x6.jpg 18w, https:\/\/stelfia.com\/wp-content\/uploads\/2025\/04\/Logo-succursale-Renens-430x144.jpg 430w, https:\/\/stelfia.com\/wp-content\/uploads\/2025\/04\/Logo-succursale-Renens-700x234.jpg 700w, https:\/\/stelfia.com\/wp-content\/uploads\/2025\/04\/Logo-succursale-Renens-150x50.jpg 150w, https:\/\/stelfia.com\/wp-content\/uploads\/2025\/04\/Logo-succursale-Renens.jpg 1610w\" sizes=\"(max-width: 260px) 100vw, 260px\" \/><\/p>","protected":false},"featured_media":12186,"template":"","meta":{"_uf_show_specific_survey":0,"_uf_disable_surveys":false},"product_brand":[],"product_cat":[458],"product_tag":[520,455,476,492,524,525,518,521,512,523],"permis--de-conduire":[469,470],"vitesse":[464,465],"brands":[],"accessoires":[],"pieces-detachees":[],"trottinette-electrique":[],"velo":[],"class_list":{"0":"post-11738","1":"product","2":"type-product","3":"status-publish","4":"has-post-thumbnail","6":"product_cat-scooter","7":"product_tag-e-motors-schweiz","8":"product_tag-forza-city-go-rs","9":"product_tag-mobilite-urbaine","10":"product_tag-scooter-electrique","11":"product_tag-scooter-electrique-budget","12":"product_tag-scooter-electrique-carplay","13":"product_tag-scooter-electrique-economique","14":"product_tag-scooter-electrique-lausanne","15":"product_tag-scooter-electrique-renens","16":"product_tag-scooter-electrique-urbain","17":"permis--de-conduire-scooters-avec-permis","18":"permis--de-conduire-scooters-sans-permis","19":"vitesse-25-km-h-sans-plaque","20":"vitesse-45-km-h-plaque-jaune","21":"tm-has-options","23":"first","24":"instock","25":"sale","26":"taxable","27":"shipping-taxable","28":"purchasable","29":"product-type-simple"},"yoast_head":"<!-- This site is optimized with the Yoast SEO plugin v25.8 - https:\/\/yoast.com\/wordpress\/plugins\/seo\/ -->\n<title>Forza City Go RS | Scooter \u00e9lectrique urbain \u00e0 Renens \u2013 Stelfia<\/title>\n<meta name=\"description\" content=\"D\u00e9couvrez le Forza City Go RS, scooter \u00e9lectrique urbain pratique et \u00e9conomique. Disponible chez Stelfia \u00e0 Renens, avec option CarPlay pour une conduite connect\u00e9e.\" \/>\n<meta name=\"robots\" content=\"index, follow, max-snippet:-1, max-image-preview:large, max-video-preview:-1\" \/>\n<link rel=\"canonical\" href=\"https:\/\/stelfia.com\/en\/shop\/vehicules\/scooter\/forza-city-go-rs-scooter-electrique\/\" \/>\n<meta property=\"og:locale\" content=\"en_US\" \/>\n<meta property=\"og:type\" content=\"article\" \/>\n<meta property=\"og:title\" content=\"Forza City Go RS | Scooter \u00e9lectrique urbain \u00e0 Renens \u2013 Stelfia\" \/>\n<meta property=\"og:description\" content=\"D\u00e9couvrez le Forza City Go RS, scooter \u00e9lectrique urbain pratique et \u00e9conomique. Disponible chez Stelfia \u00e0 Renens, avec option CarPlay pour une conduite connect\u00e9e.\" \/>\n<meta property=\"og:url\" content=\"https:\/\/stelfia.com\/en\/shop\/vehicules\/scooter\/forza-city-go-rs-scooter-electrique\/\" \/>\n<meta property=\"og:site_name\" content=\"Trottinette \u00e9lectrique\" \/>\n<meta property=\"article:modified_time\" content=\"2026-03-25T17:11:27+00:00\" \/>\n<meta property=\"og:image\" content=\"https:\/\/stelfia.com\/wp-content\/uploads\/2025\/04\/000.1-4.jpg\" \/>\n\t<meta property=\"og:image:width\" content=\"903\" \/>\n\t<meta property=\"og:image:height\" content=\"843\" \/>\n\t<meta property=\"og:image:type\" content=\"image\/jpeg\" \/>\n<meta name=\"twitter:card\" content=\"summary_large_image\" \/>\n<meta name=\"twitter:label1\" content=\"Est. reading time\" \/>\n\t<meta name=\"twitter:data1\" content=\"1 minute\" \/>\n<script type=\"application\/ld+json\" class=\"yoast-schema-graph\">{\"@context\":\"https:\/\/schema.org\",\"@graph\":[{\"@type\":\"WebPage\",\"@id\":\"https:\/\/stelfia.com\/shop\/vehicules\/scooter\/forza-city-go-rs-scooter-electrique\/\",\"url\":\"https:\/\/stelfia.com\/shop\/vehicules\/scooter\/forza-city-go-rs-scooter-electrique\/\",\"name\":\"Forza City Go RS | Scooter \u00e9lectrique urbain \u00e0 Renens \u2013 Stelfia\",\"isPartOf\":{\"@id\":\"https:\/\/stelfia.com\/#website\"},\"primaryImageOfPage\":{\"@id\":\"https:\/\/stelfia.com\/shop\/vehicules\/scooter\/forza-city-go-rs-scooter-electrique\/#primaryimage\"},\"image\":{\"@id\":\"https:\/\/stelfia.com\/shop\/vehicules\/scooter\/forza-city-go-rs-scooter-electrique\/#primaryimage\"},\"thumbnailUrl\":\"https:\/\/stelfia.com\/wp-content\/uploads\/2025\/04\/000.1-4.jpg\",\"datePublished\":\"2025-04-25T08:08:28+00:00\",\"dateModified\":\"2026-03-25T17:11:27+00:00\",\"description\":\"D\u00e9couvrez le Forza City Go RS, scooter \u00e9lectrique urbain pratique et \u00e9conomique. Disponible chez Stelfia \u00e0 Renens, avec option CarPlay pour une conduite connect\u00e9e.\",\"breadcrumb\":{\"@id\":\"https:\/\/stelfia.com\/shop\/vehicules\/scooter\/forza-city-go-rs-scooter-electrique\/#breadcrumb\"},\"inLanguage\":\"en-US\",\"potentialAction\":[{\"@type\":\"ReadAction\",\"target\":[\"https:\/\/stelfia.com\/shop\/vehicules\/scooter\/forza-city-go-rs-scooter-electrique\/\"]}]},{\"@type\":\"ImageObject\",\"inLanguage\":\"en-US\",\"@id\":\"https:\/\/stelfia.com\/shop\/vehicules\/scooter\/forza-city-go-rs-scooter-electrique\/#primaryimage\",\"url\":\"https:\/\/stelfia.com\/wp-content\/uploads\/2025\/04\/000.1-4.jpg\",\"contentUrl\":\"https:\/\/stelfia.com\/wp-content\/uploads\/2025\/04\/000.1-4.jpg\",\"width\":903,\"height\":843,\"caption\":\"Forza City Go RS version blanche\"},{\"@type\":\"BreadcrumbList\",\"@id\":\"https:\/\/stelfia.com\/shop\/vehicules\/scooter\/forza-city-go-rs-scooter-electrique\/#breadcrumb\",\"itemListElement\":[{\"@type\":\"ListItem\",\"position\":1,\"name\":\"Accueil\",\"item\":\"https:\/\/stelfia.com\/\"},{\"@type\":\"ListItem\",\"position\":2,\"name\":\"Shop\",\"item\":\"https:\/\/stelfia.com\/shop\/\"},{\"@type\":\"ListItem\",\"position\":3,\"name\":\"Forza City Go RS\"}]},{\"@type\":\"WebSite\",\"@id\":\"https:\/\/stelfia.com\/#website\",\"url\":\"https:\/\/stelfia.com\/\",\"name\":\"Trottinette \u00e9lectrique\",\"description\":\"Trottinette \u00e9lectrique en Suisse romande\",\"publisher\":{\"@id\":\"https:\/\/stelfia.com\/#organization\"},\"potentialAction\":[{\"@type\":\"SearchAction\",\"target\":{\"@type\":\"EntryPoint\",\"urlTemplate\":\"https:\/\/stelfia.com\/?s={search_term_string}\"},\"query-input\":{\"@type\":\"PropertyValueSpecification\",\"valueRequired\":true,\"valueName\":\"search_term_string\"}}],\"inLanguage\":\"en-US\"},{\"@type\":\"Organization\",\"@id\":\"https:\/\/stelfia.com\/#organization\",\"name\":\"Trottinette \u00e9lectrique lausanne\",\"url\":\"https:\/\/stelfia.com\/\",\"logo\":{\"@type\":\"ImageObject\",\"inLanguage\":\"en-US\",\"@id\":\"https:\/\/stelfia.com\/#\/schema\/logo\/image\/\",\"url\":\"https:\/\/stelfia.com\/wp-content\/uploads\/2023\/02\/logonew-removebg-preview.png\",\"contentUrl\":\"https:\/\/stelfia.com\/wp-content\/uploads\/2023\/02\/logonew-removebg-preview.png\",\"width\":238,\"height\":100,\"caption\":\"Trottinette \u00e9lectrique lausanne\"},\"image\":{\"@id\":\"https:\/\/stelfia.com\/#\/schema\/logo\/image\/\"}}]}<\/script>\n<!-- \/ Yoast SEO plugin. -->","yoast_head_json":{"title":"Forza City Go RS | Scooter \u00e9lectrique urbain \u00e0 Renens \u2013 Stelfia","description":"D\u00e9couvrez le Forza City Go RS, scooter \u00e9lectrique urbain pratique et \u00e9conomique. Disponible chez Stelfia \u00e0 Renens, avec option CarPlay pour une conduite connect\u00e9e.","robots":{"index":"index","follow":"follow","max-snippet":"max-snippet:-1","max-image-preview":"max-image-preview:large","max-video-preview":"max-video-preview:-1"},"canonical":"https:\/\/stelfia.com\/en\/shop\/vehicules\/scooter\/forza-city-go-rs-scooter-electrique\/","og_locale":"en_US","og_type":"article","og_title":"Forza City Go RS | Scooter \u00e9lectrique urbain \u00e0 Renens \u2013 Stelfia","og_description":"D\u00e9couvrez le Forza City Go RS, scooter \u00e9lectrique urbain pratique et \u00e9conomique. Disponible chez Stelfia \u00e0 Renens, avec option CarPlay pour une conduite connect\u00e9e.","og_url":"https:\/\/stelfia.com\/en\/shop\/vehicules\/scooter\/forza-city-go-rs-scooter-electrique\/","og_site_name":"Trottinette \u00e9lectrique","article_modified_time":"2026-03-25T17:11:27+00:00","og_image":[{"width":903,"height":843,"url":"https:\/\/stelfia.com\/wp-content\/uploads\/2025\/04\/000.1-4.jpg","type":"image\/jpeg"}],"twitter_card":"summary_large_image","twitter_misc":{"Est. reading time":"1 minute"},"schema":{"@context":"https:\/\/schema.org","@graph":[{"@type":"WebPage","@id":"https:\/\/stelfia.com\/shop\/vehicules\/scooter\/forza-city-go-rs-scooter-electrique\/","url":"https:\/\/stelfia.com\/shop\/vehicules\/scooter\/forza-city-go-rs-scooter-electrique\/","name":"Forza City Go RS | Scooter \u00e9lectrique urbain \u00e0 Renens \u2013 Stelfia","isPartOf":{"@id":"https:\/\/stelfia.com\/#website"},"primaryImageOfPage":{"@id":"https:\/\/stelfia.com\/shop\/vehicules\/scooter\/forza-city-go-rs-scooter-electrique\/#primaryimage"},"image":{"@id":"https:\/\/stelfia.com\/shop\/vehicules\/scooter\/forza-city-go-rs-scooter-electrique\/#primaryimage"},"thumbnailUrl":"https:\/\/stelfia.com\/wp-content\/uploads\/2025\/04\/000.1-4.jpg","datePublished":"2025-04-25T08:08:28+00:00","dateModified":"2026-03-25T17:11:27+00:00","description":"D\u00e9couvrez le Forza City Go RS, scooter \u00e9lectrique urbain pratique et \u00e9conomique. Disponible chez Stelfia \u00e0 Renens, avec option CarPlay pour une conduite connect\u00e9e.","breadcrumb":{"@id":"https:\/\/stelfia.com\/shop\/vehicules\/scooter\/forza-city-go-rs-scooter-electrique\/#breadcrumb"},"inLanguage":"en-US","potentialAction":[{"@type":"ReadAction","target":["https:\/\/stelfia.com\/shop\/vehicules\/scooter\/forza-city-go-rs-scooter-electrique\/"]}]},{"@type":"ImageObject","inLanguage":"en-US","@id":"https:\/\/stelfia.com\/shop\/vehicules\/scooter\/forza-city-go-rs-scooter-electrique\/#primaryimage","url":"https:\/\/stelfia.com\/wp-content\/uploads\/2025\/04\/000.1-4.jpg","contentUrl":"https:\/\/stelfia.com\/wp-content\/uploads\/2025\/04\/000.1-4.jpg","width":903,"height":843,"caption":"Forza City Go RS version blanche"},{"@type":"BreadcrumbList","@id":"https:\/\/stelfia.com\/shop\/vehicules\/scooter\/forza-city-go-rs-scooter-electrique\/#breadcrumb","itemListElement":[{"@type":"ListItem","position":1,"name":"Accueil","item":"https:\/\/stelfia.com\/"},{"@type":"ListItem","position":2,"name":"Shop","item":"https:\/\/stelfia.com\/shop\/"},{"@type":"ListItem","position":3,"name":"Forza City Go RS"}]},{"@type":"WebSite","@id":"https:\/\/stelfia.com\/#website","url":"https:\/\/stelfia.com\/","name":"Electric scooter","description":"Electric scooter in French-speaking Switzerland","publisher":{"@id":"https:\/\/stelfia.com\/#organization"},"potentialAction":[{"@type":"SearchAction","target":{"@type":"EntryPoint","urlTemplate":"https:\/\/stelfia.com\/?s={search_term_string}"},"query-input":{"@type":"PropertyValueSpecification","valueRequired":true,"valueName":"search_term_string"}}],"inLanguage":"en-US"},{"@type":"Organization","@id":"https:\/\/stelfia.com\/#organization","name":"Trottinette \u00e9lectrique lausanne","url":"https:\/\/stelfia.com\/","logo":{"@type":"ImageObject","inLanguage":"en-US","@id":"https:\/\/stelfia.com\/#\/schema\/logo\/image\/","url":"https:\/\/stelfia.com\/wp-content\/uploads\/2023\/02\/logonew-removebg-preview.png","contentUrl":"https:\/\/stelfia.com\/wp-content\/uploads\/2023\/02\/logonew-removebg-preview.png","width":238,"height":100,"caption":"Trottinette \u00e9lectrique lausanne"},"image":{"@id":"https:\/\/stelfia.com\/#\/schema\/logo\/image\/"}}]}},"_links":{"self":[{"href":"https:\/\/stelfia.com\/en\/wp-json\/wp\/v2\/product\/11738","targetHints":{"allow":["GET"]}}],"collection":[{"href":"https:\/\/stelfia.com\/en\/wp-json\/wp\/v2\/product"}],"about":[{"href":"https:\/\/stelfia.com\/en\/wp-json\/wp\/v2\/types\/product"}],"version-history":[{"count":0,"href":"https:\/\/stelfia.com\/en\/wp-json\/wp\/v2\/product\/11738\/revisions"}],"wp:featuredmedia":[{"embeddable":true,"href":"https:\/\/stelfia.com\/en\/wp-json\/wp\/v2\/media\/12186"}],"wp:attachment":[{"href":"https:\/\/stelfia.com\/en\/wp-json\/wp\/v2\/media?parent=11738"}],"wp:term":[{"taxonomy":"product_brand","embeddable":true,"href":"https:\/\/stelfia.com\/en\/wp-json\/wp\/v2\/product_brand?post=11738"},{"taxonomy":"product_cat","embeddable":true,"href":"https:\/\/stelfia.com\/en\/wp-json\/wp\/v2\/product_cat?post=11738"},{"taxonomy":"product_tag","embeddable":true,"href":"https:\/\/stelfia.com\/en\/wp-json\/wp\/v2\/product_tag?post=11738"},{"taxonomy":"permis--de-conduire","embeddable":true,"href":"https:\/\/stelfia.com\/en\/wp-json\/wp\/v2\/permis--de-conduire?post=11738"},{"taxonomy":"vitesse","embeddable":true,"href":"https:\/\/stelfia.com\/en\/wp-json\/wp\/v2\/vitesse?post=11738"},{"taxonomy":"brands","embeddable":true,"href":"https:\/\/stelfia.com\/en\/wp-json\/wp\/v2\/brands?post=11738"},{"taxonomy":"accessoires","embeddable":true,"href":"https:\/\/stelfia.com\/en\/wp-json\/wp\/v2\/accessoires?post=11738"},{"taxonomy":"pieces-detachees","embeddable":true,"href":"https:\/\/stelfia.com\/en\/wp-json\/wp\/v2\/pieces-detachees?post=11738"},{"taxonomy":"trottinette-electrique","embeddable":true,"href":"https:\/\/stelfia.com\/en\/wp-json\/wp\/v2\/trottinette-electrique?post=11738"},{"taxonomy":"velo","embeddable":true,"href":"https:\/\/stelfia.com\/en\/wp-json\/wp\/v2\/velo?post=11738"}],"curies":[{"name":"wp","href":"https:\/\/api.w.org\/{rel}","templated":true}]}}