{"id":11707,"date":"2025-04-24T16:54:35","date_gmt":"2025-04-24T16:54:35","guid":{"rendered":"https:\/\/stelfia.com\/?post_type=product&#038;p=11707"},"modified":"2026-03-25T17:11:52","modified_gmt":"2026-03-25T17:11:52","slug":"scooter-electrique-next-nx1","status":"publish","type":"product","link":"https:\/\/stelfia.com\/en\/shop\/vehicules\/scooter\/scooter-electrique-next-nx1\/","title":{"rendered":"Next NX1"},"content":{"rendered":"<p>Le scooter \u00e9lectrique Next NX1 est un mod\u00e8le compact et agile, id\u00e9al pour la ville, tout en offrant une puissance sup\u00e9rieure gr\u00e2ce \u00e0 sa batterie 60V.<br data-start=\"501\" data-end=\"504\" \/>Facile \u00e0 prendre en main, il combine format r\u00e9duit, bonnes performances et confort de conduite pour les trajets urbains quotidiens.<\/p>\n<p>Batterie :\u00a0 \u00a0 \u00a0 \u00a0 \u00a0 \u00a0 \u00a0 \u00a0 \u00a0 \u00a0 \u00a0 \u00a0 60V, 20 Ah<\/p>\n<p>Motor: Brushless 500 W<\/p>\n<p>Vitesse max :\u00a0 \u00a0 \u00a0 \u00a0 \u00a0 \u00a0 \u00a0 \u00a0 \u00a025 km\/h (ou 45 km\/h si homologu\u00e9 en plaque jaune)<\/p>\n<p>Autonomie :\u00a0 \u00a0 \u00a0 \u00a0 \u00a0 \u00a0 \u00a0 \u00a0 \u00a070 &#8211; 80 km<\/p>\n<p>Roues :\u00a0 \u00a0 \u00a0 \u00a0 \u00a0 \u00a0 \u00a0 \u00a0 \u00a0 \u00a0 \u00a0 \u00a0 \u00a0 16 x 3.0 AV et ARR<\/p>\n<p>Brake: Front and rear (hydraulic) discs<\/p>\n<p>Temps de charge :\u00a0 \u00a0 \u00a0 \u00a0Env. 5h<\/p>\n<p>Charger socket: Standard 230V<\/p>\n<p>Poids :\u00a0 \u00a0 \u00a0 \u00a0 \u00a0 \u00a0 \u00a0 \u00a0 \u00a0 \u00a0 \u00a0 \u00a0 \u00a0 \u00a0 70 kg<\/p>\n<p>Max load: 130 kg<\/p>\n<p>Etanch\u00e9it\u00e9 :\u00a0 \u00a0 \u00a0 \u00a0 \u00a0 \u00a0 \u00a0 \u00a0 \u00a0 \u00a0Oui<\/p>\n<p>Couleur :\u00a0 \u00a0 \u00a0 \u00a0 \u00a0 \u00a0 \u00a0 \u00a0 \u00a0 \u00a0 \u00a0 \u00a0 Noir, gris, blanc, gold<\/p>\n<p>Nombre de place :\u00a0 \u00a0 \u00a0 \u00a0 2<\/p>\n<p>Cat\u00e9gorie :\u00a0\u00a0\u00a0\u00a0\u00a0\u00a0\u00a0\u00a0\u00a0\u00a0\u00a0\u00a0\u00a0\u00a0\u00a0\u00a0\u00a0\u00a0\u00a0\u00a0 Cyclomoteurs l\u00e9gers<\/p>\n<p>Permis de conduire :\u00a0\u00a0\u00a0\u00a0\u00a0 Sans (ou permis A1 si homologu\u00e9 en plaque jaune)<\/p>\n<p>Condition: New<\/p>\n<p>Warranty: 2 years (one year on the battery)<\/p>\n<p>&nbsp;<\/p>\n<p>Approved on Swiss roads<\/p>","protected":false},"excerpt":{"rendered":"<p class=\"\" data-start=\"109\" data-end=\"238\">Compact et maniable, le Next NX1 est un scooter \u00e9lectrique urbain dot\u00e9 d\u2019une batterie 60V offrant de bonnes performances malgr\u00e9 son petit gabarit. Id\u00e9al pour les d\u00e9placements quotidiens en ville.<\/p>\n<p class=\"\" data-start=\"526\" data-end=\"785\">Disponible maintenant sur Stelfia.com<\/p>\n<p><img decoding=\"async\" class=\"wp-image-12079\" src=\"https:\/\/stelfia.com\/wp-content\/uploads\/2025\/04\/Logo-succursale-Renens-400x134.jpg\" alt=\"Succursale E-Motors Schweiz \u00e0 Renens \u2013 scooters et v\u00e9hicules \u00e9lectriques chez Stelfia\" width=\"257\" height=\"86\" srcset=\"https:\/\/stelfia.com\/wp-content\/uploads\/2025\/04\/Logo-succursale-Renens-400x134.jpg 400w, https:\/\/stelfia.com\/wp-content\/uploads\/2025\/04\/Logo-succursale-Renens-1300x434.jpg 1300w, https:\/\/stelfia.com\/wp-content\/uploads\/2025\/04\/Logo-succursale-Renens-768x257.jpg 768w, https:\/\/stelfia.com\/wp-content\/uploads\/2025\/04\/Logo-succursale-Renens-1536x513.jpg 1536w, https:\/\/stelfia.com\/wp-content\/uploads\/2025\/04\/Logo-succursale-Renens-18x6.jpg 18w, https:\/\/stelfia.com\/wp-content\/uploads\/2025\/04\/Logo-succursale-Renens-430x144.jpg 430w, https:\/\/stelfia.com\/wp-content\/uploads\/2025\/04\/Logo-succursale-Renens-700x234.jpg 700w, https:\/\/stelfia.com\/wp-content\/uploads\/2025\/04\/Logo-succursale-Renens-150x50.jpg 150w, https:\/\/stelfia.com\/wp-content\/uploads\/2025\/04\/Logo-succursale-Renens.jpg 1610w\" sizes=\"(max-width: 257px) 100vw, 257px\" \/><\/p>","protected":false},"featured_media":12102,"template":"","meta":{"_uf_show_specific_survey":0,"_uf_disable_surveys":false},"product_brand":[],"product_cat":[458],"product_tag":[503,476,452,125,502,492,504,493,443],"permis--de-conduire":[469,470],"vitesse":[464,465],"brands":[],"accessoires":[],"pieces-detachees":[],"trottinette-electrique":[],"velo":[],"class_list":{"0":"post-11707","1":"product","2":"type-product","3":"status-publish","4":"has-post-thumbnail","6":"product_cat-scooter","7":"product_tag-batterie-60v","8":"product_tag-mobilite-urbaine","9":"product_tag-next-nx1","10":"product_tag-renens","11":"product_tag-scooter-compact","12":"product_tag-scooter-electrique","13":"product_tag-scooter-puissant","14":"product_tag-scooter-sans-permis","15":"product_tag-stelfia","16":"permis--de-conduire-scooters-avec-permis","17":"permis--de-conduire-scooters-sans-permis","18":"vitesse-25-km-h-sans-plaque","19":"vitesse-45-km-h-plaque-jaune","20":"tm-has-options","22":"first","23":"instock","24":"taxable","25":"shipping-taxable","26":"purchasable","27":"product-type-simple"},"yoast_head":"<!-- This site is optimized with the Yoast SEO plugin v25.8 - https:\/\/yoast.com\/wordpress\/plugins\/seo\/ -->\n<title>Scooter \u00e9lectrique Next NX1 \u2013 Compact et puissant 60V | Stelfia<\/title>\n<meta name=\"description\" content=\"Scooter \u00e9lectrique Next NX1 compact et puissant gr\u00e2ce \u00e0 sa batterie 60V. Id\u00e9al pour la ville, maniable et performant. Disponible chez Stelfia \u00e0 Renens.\" \/>\n<meta name=\"robots\" content=\"index, follow, max-snippet:-1, max-image-preview:large, max-video-preview:-1\" \/>\n<link rel=\"canonical\" href=\"https:\/\/stelfia.com\/en\/shop\/vehicules\/scooter\/scooter-electrique-next-nx1\/\" \/>\n<meta property=\"og:locale\" content=\"en_US\" \/>\n<meta property=\"og:type\" content=\"article\" \/>\n<meta property=\"og:title\" content=\"Scooter \u00e9lectrique Next NX1 \u2013 Compact et puissant 60V | Stelfia\" \/>\n<meta property=\"og:description\" content=\"Scooter \u00e9lectrique Next NX1 compact et puissant gr\u00e2ce \u00e0 sa batterie 60V. Id\u00e9al pour la ville, maniable et performant. Disponible chez Stelfia \u00e0 Renens.\" \/>\n<meta property=\"og:url\" content=\"https:\/\/stelfia.com\/en\/shop\/vehicules\/scooter\/scooter-electrique-next-nx1\/\" \/>\n<meta property=\"og:site_name\" content=\"Trottinette \u00e9lectrique\" \/>\n<meta property=\"article:modified_time\" content=\"2026-03-25T17:11:52+00:00\" \/>\n<meta property=\"og:image\" content=\"https:\/\/stelfia.com\/wp-content\/uploads\/2025\/04\/000.1-2.jpg\" \/>\n\t<meta property=\"og:image:width\" content=\"1020\" \/>\n\t<meta property=\"og:image:height\" content=\"952\" \/>\n\t<meta property=\"og:image:type\" content=\"image\/jpeg\" \/>\n<meta name=\"twitter:card\" content=\"summary_large_image\" \/>\n<meta name=\"twitter:label1\" content=\"Est. reading time\" \/>\n\t<meta name=\"twitter:data1\" content=\"1 minute\" \/>\n<script type=\"application\/ld+json\" class=\"yoast-schema-graph\">{\"@context\":\"https:\/\/schema.org\",\"@graph\":[{\"@type\":\"WebPage\",\"@id\":\"https:\/\/stelfia.com\/shop\/vehicules\/scooter\/scooter-electrique-next-nx1\/\",\"url\":\"https:\/\/stelfia.com\/shop\/vehicules\/scooter\/scooter-electrique-next-nx1\/\",\"name\":\"Scooter \u00e9lectrique Next NX1 \u2013 Compact et puissant 60V | Stelfia\",\"isPartOf\":{\"@id\":\"https:\/\/stelfia.com\/#website\"},\"primaryImageOfPage\":{\"@id\":\"https:\/\/stelfia.com\/shop\/vehicules\/scooter\/scooter-electrique-next-nx1\/#primaryimage\"},\"image\":{\"@id\":\"https:\/\/stelfia.com\/shop\/vehicules\/scooter\/scooter-electrique-next-nx1\/#primaryimage\"},\"thumbnailUrl\":\"https:\/\/stelfia.com\/wp-content\/uploads\/2025\/04\/000.1-2.jpg\",\"datePublished\":\"2025-04-24T16:54:35+00:00\",\"dateModified\":\"2026-03-25T17:11:52+00:00\",\"description\":\"Scooter \u00e9lectrique Next NX1 compact et puissant gr\u00e2ce \u00e0 sa batterie 60V. Id\u00e9al pour la ville, maniable et performant. Disponible chez Stelfia \u00e0 Renens.\",\"breadcrumb\":{\"@id\":\"https:\/\/stelfia.com\/shop\/vehicules\/scooter\/scooter-electrique-next-nx1\/#breadcrumb\"},\"inLanguage\":\"en-US\",\"potentialAction\":[{\"@type\":\"ReadAction\",\"target\":[\"https:\/\/stelfia.com\/shop\/vehicules\/scooter\/scooter-electrique-next-nx1\/\"]}]},{\"@type\":\"ImageObject\",\"inLanguage\":\"en-US\",\"@id\":\"https:\/\/stelfia.com\/shop\/vehicules\/scooter\/scooter-electrique-next-nx1\/#primaryimage\",\"url\":\"https:\/\/stelfia.com\/wp-content\/uploads\/2025\/04\/000.1-2.jpg\",\"contentUrl\":\"https:\/\/stelfia.com\/wp-content\/uploads\/2025\/04\/000.1-2.jpg\",\"width\":1020,\"height\":952,\"caption\":\"Next NX1 \u2013 format compact et maniable\"},{\"@type\":\"BreadcrumbList\",\"@id\":\"https:\/\/stelfia.com\/shop\/vehicules\/scooter\/scooter-electrique-next-nx1\/#breadcrumb\",\"itemListElement\":[{\"@type\":\"ListItem\",\"position\":1,\"name\":\"Accueil\",\"item\":\"https:\/\/stelfia.com\/\"},{\"@type\":\"ListItem\",\"position\":2,\"name\":\"Shop\",\"item\":\"https:\/\/stelfia.com\/shop\/\"},{\"@type\":\"ListItem\",\"position\":3,\"name\":\"Next NX1\"}]},{\"@type\":\"WebSite\",\"@id\":\"https:\/\/stelfia.com\/#website\",\"url\":\"https:\/\/stelfia.com\/\",\"name\":\"Trottinette \u00e9lectrique\",\"description\":\"Trottinette \u00e9lectrique en Suisse romande\",\"publisher\":{\"@id\":\"https:\/\/stelfia.com\/#organization\"},\"potentialAction\":[{\"@type\":\"SearchAction\",\"target\":{\"@type\":\"EntryPoint\",\"urlTemplate\":\"https:\/\/stelfia.com\/?s={search_term_string}\"},\"query-input\":{\"@type\":\"PropertyValueSpecification\",\"valueRequired\":true,\"valueName\":\"search_term_string\"}}],\"inLanguage\":\"en-US\"},{\"@type\":\"Organization\",\"@id\":\"https:\/\/stelfia.com\/#organization\",\"name\":\"Trottinette \u00e9lectrique lausanne\",\"url\":\"https:\/\/stelfia.com\/\",\"logo\":{\"@type\":\"ImageObject\",\"inLanguage\":\"en-US\",\"@id\":\"https:\/\/stelfia.com\/#\/schema\/logo\/image\/\",\"url\":\"https:\/\/stelfia.com\/wp-content\/uploads\/2023\/02\/logonew-removebg-preview.png\",\"contentUrl\":\"https:\/\/stelfia.com\/wp-content\/uploads\/2023\/02\/logonew-removebg-preview.png\",\"width\":238,\"height\":100,\"caption\":\"Trottinette \u00e9lectrique lausanne\"},\"image\":{\"@id\":\"https:\/\/stelfia.com\/#\/schema\/logo\/image\/\"}}]}<\/script>\n<!-- \/ Yoast SEO plugin. -->","yoast_head_json":{"title":"Scooter \u00e9lectrique Next NX1 \u2013 Compact et puissant 60V | Stelfia","description":"Scooter \u00e9lectrique Next NX1 compact et puissant gr\u00e2ce \u00e0 sa batterie 60V. Id\u00e9al pour la ville, maniable et performant. Disponible chez Stelfia \u00e0 Renens.","robots":{"index":"index","follow":"follow","max-snippet":"max-snippet:-1","max-image-preview":"max-image-preview:large","max-video-preview":"max-video-preview:-1"},"canonical":"https:\/\/stelfia.com\/en\/shop\/vehicules\/scooter\/scooter-electrique-next-nx1\/","og_locale":"en_US","og_type":"article","og_title":"Scooter \u00e9lectrique Next NX1 \u2013 Compact et puissant 60V | Stelfia","og_description":"Scooter \u00e9lectrique Next NX1 compact et puissant gr\u00e2ce \u00e0 sa batterie 60V. Id\u00e9al pour la ville, maniable et performant. Disponible chez Stelfia \u00e0 Renens.","og_url":"https:\/\/stelfia.com\/en\/shop\/vehicules\/scooter\/scooter-electrique-next-nx1\/","og_site_name":"Trottinette \u00e9lectrique","article_modified_time":"2026-03-25T17:11:52+00:00","og_image":[{"width":1020,"height":952,"url":"https:\/\/stelfia.com\/wp-content\/uploads\/2025\/04\/000.1-2.jpg","type":"image\/jpeg"}],"twitter_card":"summary_large_image","twitter_misc":{"Est. reading time":"1 minute"},"schema":{"@context":"https:\/\/schema.org","@graph":[{"@type":"WebPage","@id":"https:\/\/stelfia.com\/shop\/vehicules\/scooter\/scooter-electrique-next-nx1\/","url":"https:\/\/stelfia.com\/shop\/vehicules\/scooter\/scooter-electrique-next-nx1\/","name":"Scooter \u00e9lectrique Next NX1 \u2013 Compact et puissant 60V | Stelfia","isPartOf":{"@id":"https:\/\/stelfia.com\/#website"},"primaryImageOfPage":{"@id":"https:\/\/stelfia.com\/shop\/vehicules\/scooter\/scooter-electrique-next-nx1\/#primaryimage"},"image":{"@id":"https:\/\/stelfia.com\/shop\/vehicules\/scooter\/scooter-electrique-next-nx1\/#primaryimage"},"thumbnailUrl":"https:\/\/stelfia.com\/wp-content\/uploads\/2025\/04\/000.1-2.jpg","datePublished":"2025-04-24T16:54:35+00:00","dateModified":"2026-03-25T17:11:52+00:00","description":"Scooter \u00e9lectrique Next NX1 compact et puissant gr\u00e2ce \u00e0 sa batterie 60V. Id\u00e9al pour la ville, maniable et performant. Disponible chez Stelfia \u00e0 Renens.","breadcrumb":{"@id":"https:\/\/stelfia.com\/shop\/vehicules\/scooter\/scooter-electrique-next-nx1\/#breadcrumb"},"inLanguage":"en-US","potentialAction":[{"@type":"ReadAction","target":["https:\/\/stelfia.com\/shop\/vehicules\/scooter\/scooter-electrique-next-nx1\/"]}]},{"@type":"ImageObject","inLanguage":"en-US","@id":"https:\/\/stelfia.com\/shop\/vehicules\/scooter\/scooter-electrique-next-nx1\/#primaryimage","url":"https:\/\/stelfia.com\/wp-content\/uploads\/2025\/04\/000.1-2.jpg","contentUrl":"https:\/\/stelfia.com\/wp-content\/uploads\/2025\/04\/000.1-2.jpg","width":1020,"height":952,"caption":"Next NX1 \u2013 format compact et maniable"},{"@type":"BreadcrumbList","@id":"https:\/\/stelfia.com\/shop\/vehicules\/scooter\/scooter-electrique-next-nx1\/#breadcrumb","itemListElement":[{"@type":"ListItem","position":1,"name":"Accueil","item":"https:\/\/stelfia.com\/"},{"@type":"ListItem","position":2,"name":"Shop","item":"https:\/\/stelfia.com\/shop\/"},{"@type":"ListItem","position":3,"name":"Next NX1"}]},{"@type":"WebSite","@id":"https:\/\/stelfia.com\/#website","url":"https:\/\/stelfia.com\/","name":"Electric scooter","description":"Electric scooter in French-speaking Switzerland","publisher":{"@id":"https:\/\/stelfia.com\/#organization"},"potentialAction":[{"@type":"SearchAction","target":{"@type":"EntryPoint","urlTemplate":"https:\/\/stelfia.com\/?s={search_term_string}"},"query-input":{"@type":"PropertyValueSpecification","valueRequired":true,"valueName":"search_term_string"}}],"inLanguage":"en-US"},{"@type":"Organization","@id":"https:\/\/stelfia.com\/#organization","name":"Trottinette \u00e9lectrique lausanne","url":"https:\/\/stelfia.com\/","logo":{"@type":"ImageObject","inLanguage":"en-US","@id":"https:\/\/stelfia.com\/#\/schema\/logo\/image\/","url":"https:\/\/stelfia.com\/wp-content\/uploads\/2023\/02\/logonew-removebg-preview.png","contentUrl":"https:\/\/stelfia.com\/wp-content\/uploads\/2023\/02\/logonew-removebg-preview.png","width":238,"height":100,"caption":"Trottinette \u00e9lectrique lausanne"},"image":{"@id":"https:\/\/stelfia.com\/#\/schema\/logo\/image\/"}}]}},"_links":{"self":[{"href":"https:\/\/stelfia.com\/en\/wp-json\/wp\/v2\/product\/11707","targetHints":{"allow":["GET"]}}],"collection":[{"href":"https:\/\/stelfia.com\/en\/wp-json\/wp\/v2\/product"}],"about":[{"href":"https:\/\/stelfia.com\/en\/wp-json\/wp\/v2\/types\/product"}],"version-history":[{"count":0,"href":"https:\/\/stelfia.com\/en\/wp-json\/wp\/v2\/product\/11707\/revisions"}],"wp:featuredmedia":[{"embeddable":true,"href":"https:\/\/stelfia.com\/en\/wp-json\/wp\/v2\/media\/12102"}],"wp:attachment":[{"href":"https:\/\/stelfia.com\/en\/wp-json\/wp\/v2\/media?parent=11707"}],"wp:term":[{"taxonomy":"product_brand","embeddable":true,"href":"https:\/\/stelfia.com\/en\/wp-json\/wp\/v2\/product_brand?post=11707"},{"taxonomy":"product_cat","embeddable":true,"href":"https:\/\/stelfia.com\/en\/wp-json\/wp\/v2\/product_cat?post=11707"},{"taxonomy":"product_tag","embeddable":true,"href":"https:\/\/stelfia.com\/en\/wp-json\/wp\/v2\/product_tag?post=11707"},{"taxonomy":"permis--de-conduire","embeddable":true,"href":"https:\/\/stelfia.com\/en\/wp-json\/wp\/v2\/permis--de-conduire?post=11707"},{"taxonomy":"vitesse","embeddable":true,"href":"https:\/\/stelfia.com\/en\/wp-json\/wp\/v2\/vitesse?post=11707"},{"taxonomy":"brands","embeddable":true,"href":"https:\/\/stelfia.com\/en\/wp-json\/wp\/v2\/brands?post=11707"},{"taxonomy":"accessoires","embeddable":true,"href":"https:\/\/stelfia.com\/en\/wp-json\/wp\/v2\/accessoires?post=11707"},{"taxonomy":"pieces-detachees","embeddable":true,"href":"https:\/\/stelfia.com\/en\/wp-json\/wp\/v2\/pieces-detachees?post=11707"},{"taxonomy":"trottinette-electrique","embeddable":true,"href":"https:\/\/stelfia.com\/en\/wp-json\/wp\/v2\/trottinette-electrique?post=11707"},{"taxonomy":"velo","embeddable":true,"href":"https:\/\/stelfia.com\/en\/wp-json\/wp\/v2\/velo?post=11707"}],"curies":[{"name":"wp","href":"https:\/\/api.w.org\/{rel}","templated":true}]}}