{"id":11487,"date":"2025-02-19T18:14:31","date_gmt":"2025-02-19T18:14:31","guid":{"rendered":"https:\/\/stelfia.com\/?post_type=product&#038;p=11487"},"modified":"2026-01-15T00:01:01","modified_gmt":"2026-01-15T00:01:01","slug":"vsett-apex-9-swiss-edition","status":"publish","type":"product","link":"https:\/\/stelfia.com\/en\/shop\/vehicules\/trottinette\/vsett-apex-9-swiss-edition\/","title":{"rendered":"VSETT APEX 9+ SWISS EDITION"},"content":{"rendered":"<p>Batterie :\u00a0\u00a0\u00a0\u00a0\u00a0\u00a0\u00a0\u00a0\u00a0\u00a0\u00a0\u00a0\u00a0\u00a0\u00a0\u00a0\u00a0\u00a0\u00a0\u00a0\u00a0\u00a0\u00a0 Lithium-Ion 48V, 19.2AH<\/p>\n<p>Moteur :\u00a0 \u00a0 \u00a0 \u00a0 \u00a0 \u00a0 \u00a0 \u00a0 \u00a0 \u00a0 \u00a0 \u00a0 \u00a0Brushless 2*250W<\/p>\n<p>Max speed: 20 km\/h (possibility of unbridling, max 50 km\/h)<\/p>\n<p>Autonomie :\u00a0 \u00a0 \u00a0 \u00a0 \u00a0 \u00a0 \u00a0 \u00a0 \u00a0 70 km<\/p>\n<p>Roues :\u00a0 \u00a0 \u00a0 \u00a0 \u00a0 \u00a0 \u00a0 \u00a0 \u00a0 \u00a0 \u00a0 \u00a0 \u00a0 8.5&#8243;, gonflables AV et ARR<\/p>\n<p>Frein :\u00a0 \u00a0 \u00a0 \u00a0 \u00a0 \u00a0 \u00a0 \u00a0 \u00a0 \u00a0 \u00a0 \u00a0 \u00a0 \u00a0 \u00a0Hydraulique AV et ARR<\/p>\n<p>Temps de charge :\u00a0 \u00a0 \u00a0 \u00a0Env. 6 &#8211; 10 h<\/p>\n<p>Poids :\u00a0 \u00a0 \u00a0 \u00a0 \u00a0 \u00a0 \u00a0 \u00a0 \u00a0 \u00a0 \u00a0 \u00a0 \u00a0 \u00a0 29kg<\/p>\n<p>Max load: 120 kg<\/p>\n<p>Slopes: Up to 18\u00b0<\/p>\n<p>Etanch\u00e9it\u00e9 :\u00a0\u00a0\u00a0\u00a0\u00a0\u00a0\u00a0\u00a0\u00a0\u00a0\u00a0\u00a0\u00a0\u00a0\u00a0\u00a0\u00a0\u00a0 IPX6<\/p>\n<p>Dimensions :\u00a0 \u00a0 \u00a0 \u00a0 \u00a0 \u00a0 \u00a0 \u00a0 \u00a0 1250x 650x 1295mm<\/p>\n<p>Dimensions pli\u00e9es :\u00a0 \u00a0 \u00a0 \u00a01260x 260x 570 mm<\/p>\n<p>\u00c9quipement :\u00a0 \u00a0 \u00a0 \u00a0 \u00a0 \u00a0 \u00a0 \u00a0 Batterie amovible ,Clignotants AV et ARR , NFC<\/p>\n<p>Warranty: 2 years (one year on the battery)<\/p>\n<p>&nbsp;<\/p>\n<p><img decoding=\"async\" class=\"alignnone size-full wp-image-9333\" src=\"https:\/\/stelfia.com\/wp-content\/uploads\/2023\/02\/Capture-decran-2023-02-07-155823-300x89-1.jpg\" alt=\"\" width=\"300\" height=\"89\" srcset=\"https:\/\/stelfia.com\/wp-content\/uploads\/2023\/02\/Capture-decran-2023-02-07-155823-300x89-1.jpg 300w, https:\/\/stelfia.com\/wp-content\/uploads\/2023\/02\/Capture-decran-2023-02-07-155823-300x89-1-150x45.jpg 150w\" sizes=\"(max-width: 300px) 100vw, 300px\" \/><\/p>\n<p>Approved on Swiss roads<\/p>","protected":false},"excerpt":{"rendered":"<p>La VSETT 9+ APEX se distingue par sa batterie amovible, offrant une grande flexibilit\u00e9 et une autonomie adapt\u00e9e aux longs trajets. Son confort de conduite est optimis\u00e9 gr\u00e2ce \u00e0 une suspension performante. Les freins hydrauliques et l\u2019\u00e9clairage LED assurent une s\u00e9curit\u00e9 maximale en toutes circonstances. Son guidon pliable et son \u00e9cran intuitif facilitent l\u2019utilisation et le transport au quotidien. Id\u00e9ale pour la ville, elle combine praticit\u00e9, autonomie et confort pour une exp\u00e9rience de conduite agr\u00e9able.<\/p>\n<p><strong>Trottinette \u00e9quivalente en stock :\u00a0 \u00a0\u00a0<\/strong><span style=\"font-size: 18pt;\"><a href=\"https:\/\/stelfia.com\/en\/shop\/trottinette-electrique\/mukuta-9-plus\/\">Mukuta 9+ <\/a><\/span><\/p>\n<p>&nbsp;<\/p>","protected":false},"featured_media":11488,"template":"","meta":{"_uf_show_specific_survey":0,"_uf_disable_surveys":false},"product_brand":[],"product_cat":[114],"product_tag":[416,207,417,418],"permis--de-conduire":[],"vitesse":[],"brands":[74],"accessoires":[],"pieces-detachees":[],"trottinette-electrique":[109],"velo":[],"class_list":{"0":"post-11487","1":"product","2":"type-product","3":"status-publish","4":"has-post-thumbnail","6":"product_cat-trottinette","7":"product_tag-apex","8":"product_tag-vsett","9":"product_tag-vsett9","10":"product_tag-vsett9-apex","11":"brands-vsett","12":"trottinette-electrique-neuves","13":"tm-has-options","15":"first","16":"outofstock","17":"taxable","18":"shipping-taxable","19":"purchasable","20":"product-type-simple"},"yoast_head":"<!-- This site is optimized with the Yoast SEO plugin v25.8 - https:\/\/yoast.com\/wordpress\/plugins\/seo\/ -->\n<title>VSETT APEX 9+ SWISS EDITION - Trottinette \u00e9lectrique<\/title>\n<meta name=\"robots\" content=\"index, follow, max-snippet:-1, max-image-preview:large, max-video-preview:-1\" \/>\n<link rel=\"canonical\" href=\"https:\/\/stelfia.com\/en\/shop\/vehicules\/trottinette\/vsett-apex-9-swiss-edition\/\" \/>\n<meta property=\"og:locale\" content=\"en_US\" \/>\n<meta property=\"og:type\" content=\"article\" \/>\n<meta property=\"og:title\" content=\"VSETT APEX 9+ SWISS EDITION - Trottinette \u00e9lectrique\" \/>\n<meta property=\"og:description\" content=\"La VSETT 9+ APEX se distingue par sa batterie amovible, offrant une grande flexibilit\u00e9 et une autonomie adapt\u00e9e aux longs trajets. Son confort de conduite est optimis\u00e9 gr\u00e2ce \u00e0 une suspension performante. Les freins hydrauliques et l\u2019\u00e9clairage LED assurent une s\u00e9curit\u00e9 maximale en toutes circonstances. Son guidon pliable et son \u00e9cran intuitif facilitent l\u2019utilisation et le transport au quotidien. Id\u00e9ale pour la ville, elle combine praticit\u00e9, autonomie et confort pour une exp\u00e9rience de conduite agr\u00e9able.  Trottinette \u00e9quivalente en stock :\u00a0 \u00a0\u00a0Mukuta 9+   &nbsp;\" \/>\n<meta property=\"og:url\" content=\"https:\/\/stelfia.com\/en\/shop\/vehicules\/trottinette\/vsett-apex-9-swiss-edition\/\" \/>\n<meta property=\"og:site_name\" content=\"Trottinette \u00e9lectrique\" \/>\n<meta property=\"article:modified_time\" content=\"2026-01-15T00:01:01+00:00\" \/>\n<meta property=\"og:image\" content=\"https:\/\/stelfia.com\/wp-content\/uploads\/2025\/02\/Nouveau-projet-5.png\" \/>\n\t<meta property=\"og:image:width\" content=\"1000\" \/>\n\t<meta property=\"og:image:height\" content=\"1000\" \/>\n\t<meta property=\"og:image:type\" content=\"image\/png\" \/>\n<meta name=\"twitter:card\" content=\"summary_large_image\" \/>\n<meta name=\"twitter:label1\" content=\"Est. reading time\" \/>\n\t<meta name=\"twitter:data1\" content=\"1 minute\" \/>\n<script type=\"application\/ld+json\" class=\"yoast-schema-graph\">{\"@context\":\"https:\/\/schema.org\",\"@graph\":[{\"@type\":\"WebPage\",\"@id\":\"https:\/\/stelfia.com\/shop\/vehicules\/trottinette\/vsett-apex-9-swiss-edition\/\",\"url\":\"https:\/\/stelfia.com\/shop\/vehicules\/trottinette\/vsett-apex-9-swiss-edition\/\",\"name\":\"VSETT APEX 9+ SWISS EDITION - Trottinette \u00e9lectrique\",\"isPartOf\":{\"@id\":\"https:\/\/stelfia.com\/#website\"},\"primaryImageOfPage\":{\"@id\":\"https:\/\/stelfia.com\/shop\/vehicules\/trottinette\/vsett-apex-9-swiss-edition\/#primaryimage\"},\"image\":{\"@id\":\"https:\/\/stelfia.com\/shop\/vehicules\/trottinette\/vsett-apex-9-swiss-edition\/#primaryimage\"},\"thumbnailUrl\":\"https:\/\/stelfia.com\/wp-content\/uploads\/2025\/02\/Nouveau-projet-5.png\",\"datePublished\":\"2025-02-19T18:14:31+00:00\",\"dateModified\":\"2026-01-15T00:01:01+00:00\",\"breadcrumb\":{\"@id\":\"https:\/\/stelfia.com\/shop\/vehicules\/trottinette\/vsett-apex-9-swiss-edition\/#breadcrumb\"},\"inLanguage\":\"en-US\",\"potentialAction\":[{\"@type\":\"ReadAction\",\"target\":[\"https:\/\/stelfia.com\/shop\/vehicules\/trottinette\/vsett-apex-9-swiss-edition\/\"]}]},{\"@type\":\"ImageObject\",\"inLanguage\":\"en-US\",\"@id\":\"https:\/\/stelfia.com\/shop\/vehicules\/trottinette\/vsett-apex-9-swiss-edition\/#primaryimage\",\"url\":\"https:\/\/stelfia.com\/wp-content\/uploads\/2025\/02\/Nouveau-projet-5.png\",\"contentUrl\":\"https:\/\/stelfia.com\/wp-content\/uploads\/2025\/02\/Nouveau-projet-5.png\",\"width\":1000,\"height\":1000},{\"@type\":\"BreadcrumbList\",\"@id\":\"https:\/\/stelfia.com\/shop\/vehicules\/trottinette\/vsett-apex-9-swiss-edition\/#breadcrumb\",\"itemListElement\":[{\"@type\":\"ListItem\",\"position\":1,\"name\":\"Accueil\",\"item\":\"https:\/\/stelfia.com\/\"},{\"@type\":\"ListItem\",\"position\":2,\"name\":\"Shop\",\"item\":\"https:\/\/stelfia.com\/shop\/\"},{\"@type\":\"ListItem\",\"position\":3,\"name\":\"VSETT APEX 9+ SWISS EDITION\"}]},{\"@type\":\"WebSite\",\"@id\":\"https:\/\/stelfia.com\/#website\",\"url\":\"https:\/\/stelfia.com\/\",\"name\":\"Trottinette \u00e9lectrique\",\"description\":\"Trottinette \u00e9lectrique en Suisse romande\",\"publisher\":{\"@id\":\"https:\/\/stelfia.com\/#organization\"},\"potentialAction\":[{\"@type\":\"SearchAction\",\"target\":{\"@type\":\"EntryPoint\",\"urlTemplate\":\"https:\/\/stelfia.com\/?s={search_term_string}\"},\"query-input\":{\"@type\":\"PropertyValueSpecification\",\"valueRequired\":true,\"valueName\":\"search_term_string\"}}],\"inLanguage\":\"en-US\"},{\"@type\":\"Organization\",\"@id\":\"https:\/\/stelfia.com\/#organization\",\"name\":\"Trottinette \u00e9lectrique lausanne\",\"url\":\"https:\/\/stelfia.com\/\",\"logo\":{\"@type\":\"ImageObject\",\"inLanguage\":\"en-US\",\"@id\":\"https:\/\/stelfia.com\/#\/schema\/logo\/image\/\",\"url\":\"https:\/\/stelfia.com\/wp-content\/uploads\/2023\/02\/logonew-removebg-preview.png\",\"contentUrl\":\"https:\/\/stelfia.com\/wp-content\/uploads\/2023\/02\/logonew-removebg-preview.png\",\"width\":238,\"height\":100,\"caption\":\"Trottinette \u00e9lectrique lausanne\"},\"image\":{\"@id\":\"https:\/\/stelfia.com\/#\/schema\/logo\/image\/\"}}]}<\/script>\n<!-- \/ Yoast SEO plugin. -->","yoast_head_json":{"title":"VSETT APEX 9+ SWISS EDITION - Trottinette \u00e9lectrique","robots":{"index":"index","follow":"follow","max-snippet":"max-snippet:-1","max-image-preview":"max-image-preview:large","max-video-preview":"max-video-preview:-1"},"canonical":"https:\/\/stelfia.com\/en\/shop\/vehicules\/trottinette\/vsett-apex-9-swiss-edition\/","og_locale":"en_US","og_type":"article","og_title":"VSETT APEX 9+ SWISS EDITION - Trottinette \u00e9lectrique","og_description":"La VSETT 9+ APEX se distingue par sa batterie amovible, offrant une grande flexibilit\u00e9 et une autonomie adapt\u00e9e aux longs trajets. Son confort de conduite est optimis\u00e9 gr\u00e2ce \u00e0 une suspension performante. Les freins hydrauliques et l\u2019\u00e9clairage LED assurent une s\u00e9curit\u00e9 maximale en toutes circonstances. Son guidon pliable et son \u00e9cran intuitif facilitent l\u2019utilisation et le transport au quotidien. Id\u00e9ale pour la ville, elle combine praticit\u00e9, autonomie et confort pour une exp\u00e9rience de conduite agr\u00e9able.  Trottinette \u00e9quivalente en stock :\u00a0 \u00a0\u00a0Mukuta 9+   &nbsp;","og_url":"https:\/\/stelfia.com\/en\/shop\/vehicules\/trottinette\/vsett-apex-9-swiss-edition\/","og_site_name":"Trottinette \u00e9lectrique","article_modified_time":"2026-01-15T00:01:01+00:00","og_image":[{"width":1000,"height":1000,"url":"https:\/\/stelfia.com\/wp-content\/uploads\/2025\/02\/Nouveau-projet-5.png","type":"image\/png"}],"twitter_card":"summary_large_image","twitter_misc":{"Est. reading time":"1 minute"},"schema":{"@context":"https:\/\/schema.org","@graph":[{"@type":"WebPage","@id":"https:\/\/stelfia.com\/shop\/vehicules\/trottinette\/vsett-apex-9-swiss-edition\/","url":"https:\/\/stelfia.com\/shop\/vehicules\/trottinette\/vsett-apex-9-swiss-edition\/","name":"VSETT APEX 9+ SWISS EDITION - Trottinette \u00e9lectrique","isPartOf":{"@id":"https:\/\/stelfia.com\/#website"},"primaryImageOfPage":{"@id":"https:\/\/stelfia.com\/shop\/vehicules\/trottinette\/vsett-apex-9-swiss-edition\/#primaryimage"},"image":{"@id":"https:\/\/stelfia.com\/shop\/vehicules\/trottinette\/vsett-apex-9-swiss-edition\/#primaryimage"},"thumbnailUrl":"https:\/\/stelfia.com\/wp-content\/uploads\/2025\/02\/Nouveau-projet-5.png","datePublished":"2025-02-19T18:14:31+00:00","dateModified":"2026-01-15T00:01:01+00:00","breadcrumb":{"@id":"https:\/\/stelfia.com\/shop\/vehicules\/trottinette\/vsett-apex-9-swiss-edition\/#breadcrumb"},"inLanguage":"en-US","potentialAction":[{"@type":"ReadAction","target":["https:\/\/stelfia.com\/shop\/vehicules\/trottinette\/vsett-apex-9-swiss-edition\/"]}]},{"@type":"ImageObject","inLanguage":"en-US","@id":"https:\/\/stelfia.com\/shop\/vehicules\/trottinette\/vsett-apex-9-swiss-edition\/#primaryimage","url":"https:\/\/stelfia.com\/wp-content\/uploads\/2025\/02\/Nouveau-projet-5.png","contentUrl":"https:\/\/stelfia.com\/wp-content\/uploads\/2025\/02\/Nouveau-projet-5.png","width":1000,"height":1000},{"@type":"BreadcrumbList","@id":"https:\/\/stelfia.com\/shop\/vehicules\/trottinette\/vsett-apex-9-swiss-edition\/#breadcrumb","itemListElement":[{"@type":"ListItem","position":1,"name":"Accueil","item":"https:\/\/stelfia.com\/"},{"@type":"ListItem","position":2,"name":"Shop","item":"https:\/\/stelfia.com\/shop\/"},{"@type":"ListItem","position":3,"name":"VSETT APEX 9+ SWISS EDITION"}]},{"@type":"WebSite","@id":"https:\/\/stelfia.com\/#website","url":"https:\/\/stelfia.com\/","name":"Electric scooter","description":"Electric scooter in French-speaking Switzerland","publisher":{"@id":"https:\/\/stelfia.com\/#organization"},"potentialAction":[{"@type":"SearchAction","target":{"@type":"EntryPoint","urlTemplate":"https:\/\/stelfia.com\/?s={search_term_string}"},"query-input":{"@type":"PropertyValueSpecification","valueRequired":true,"valueName":"search_term_string"}}],"inLanguage":"en-US"},{"@type":"Organization","@id":"https:\/\/stelfia.com\/#organization","name":"Trottinette \u00e9lectrique lausanne","url":"https:\/\/stelfia.com\/","logo":{"@type":"ImageObject","inLanguage":"en-US","@id":"https:\/\/stelfia.com\/#\/schema\/logo\/image\/","url":"https:\/\/stelfia.com\/wp-content\/uploads\/2023\/02\/logonew-removebg-preview.png","contentUrl":"https:\/\/stelfia.com\/wp-content\/uploads\/2023\/02\/logonew-removebg-preview.png","width":238,"height":100,"caption":"Trottinette \u00e9lectrique lausanne"},"image":{"@id":"https:\/\/stelfia.com\/#\/schema\/logo\/image\/"}}]}},"_links":{"self":[{"href":"https:\/\/stelfia.com\/en\/wp-json\/wp\/v2\/product\/11487","targetHints":{"allow":["GET"]}}],"collection":[{"href":"https:\/\/stelfia.com\/en\/wp-json\/wp\/v2\/product"}],"about":[{"href":"https:\/\/stelfia.com\/en\/wp-json\/wp\/v2\/types\/product"}],"version-history":[{"count":0,"href":"https:\/\/stelfia.com\/en\/wp-json\/wp\/v2\/product\/11487\/revisions"}],"wp:featuredmedia":[{"embeddable":true,"href":"https:\/\/stelfia.com\/en\/wp-json\/wp\/v2\/media\/11488"}],"wp:attachment":[{"href":"https:\/\/stelfia.com\/en\/wp-json\/wp\/v2\/media?parent=11487"}],"wp:term":[{"taxonomy":"product_brand","embeddable":true,"href":"https:\/\/stelfia.com\/en\/wp-json\/wp\/v2\/product_brand?post=11487"},{"taxonomy":"product_cat","embeddable":true,"href":"https:\/\/stelfia.com\/en\/wp-json\/wp\/v2\/product_cat?post=11487"},{"taxonomy":"product_tag","embeddable":true,"href":"https:\/\/stelfia.com\/en\/wp-json\/wp\/v2\/product_tag?post=11487"},{"taxonomy":"permis--de-conduire","embeddable":true,"href":"https:\/\/stelfia.com\/en\/wp-json\/wp\/v2\/permis--de-conduire?post=11487"},{"taxonomy":"vitesse","embeddable":true,"href":"https:\/\/stelfia.com\/en\/wp-json\/wp\/v2\/vitesse?post=11487"},{"taxonomy":"brands","embeddable":true,"href":"https:\/\/stelfia.com\/en\/wp-json\/wp\/v2\/brands?post=11487"},{"taxonomy":"accessoires","embeddable":true,"href":"https:\/\/stelfia.com\/en\/wp-json\/wp\/v2\/accessoires?post=11487"},{"taxonomy":"pieces-detachees","embeddable":true,"href":"https:\/\/stelfia.com\/en\/wp-json\/wp\/v2\/pieces-detachees?post=11487"},{"taxonomy":"trottinette-electrique","embeddable":true,"href":"https:\/\/stelfia.com\/en\/wp-json\/wp\/v2\/trottinette-electrique?post=11487"},{"taxonomy":"velo","embeddable":true,"href":"https:\/\/stelfia.com\/en\/wp-json\/wp\/v2\/velo?post=11487"}],"curies":[{"name":"wp","href":"https:\/\/api.w.org\/{rel}","templated":true}]}}