{"id":11178,"date":"2024-02-08T10:25:55","date_gmt":"2024-02-08T10:25:55","guid":{"rendered":"https:\/\/stelfia.com\/?post_type=product&#038;p=11178"},"modified":"2024-02-08T10:28:32","modified_gmt":"2024-02-08T10:28:32","slug":"pare-boue-avant-xiaomi-2","status":"publish","type":"product","link":"https:\/\/stelfia.com\/en\/shop\/pieces-et-accessoires\/pare-boue-avant-xiaomi-2\/","title":{"rendered":"Xiaomi front mudguard"},"content":{"rendered":"","protected":false},"excerpt":{"rendered":"<div id=\"tab-description\" class=\"woocommerce-Tabs-panel woocommerce-Tabs-panel--description panel entry-content wc-tab\" role=\"tabpanel\" aria-labelledby=\"tab-title-description\">\n<h2>Description<\/h2>\n<\/div>\n<ul class=\"a-unordered-list a-vertical a-spacing-mini\">\n<li>Front mudguard compatible with models: m365<\/li>\n<li>Please select your color<\/li>\n<\/ul>","protected":false},"featured_media":11165,"template":"","meta":{"_uf_show_specific_survey":0,"_uf_disable_surveys":false},"product_brand":[],"product_cat":[113],"product_tag":[355,357,356,353,142],"permis--de-conduire":[],"vitesse":[],"brands":[73],"accessoires":[],"pieces-detachees":[105],"trottinette-electrique":[],"velo":[],"class_list":{"0":"post-11178","1":"product","2":"type-product","3":"status-publish","4":"has-post-thumbnail","6":"product_cat-pieces-et-accessoires","7":"product_tag-blanc","8":"product_tag-m365","9":"product_tag-noir","10":"product_tag-pare-boue","11":"product_tag-xiaomi","12":"brands-xiaomi","13":"pieces-detachees-chassis","14":"tm-has-options","16":"first","17":"instock","18":"taxable","19":"shipping-taxable","20":"purchasable","21":"product-type-simple"},"yoast_head":"<!-- This site is optimized with the Yoast SEO plugin v25.8 - https:\/\/yoast.com\/wordpress\/plugins\/seo\/ -->\n<title>Pare-boue avant Xiaomi - Trottinette \u00e9lectrique<\/title>\n<meta name=\"robots\" content=\"index, follow, max-snippet:-1, max-image-preview:large, max-video-preview:-1\" \/>\n<link rel=\"canonical\" href=\"https:\/\/stelfia.com\/en\/shop\/pieces-et-accessoires\/pare-boue-avant-xiaomi-2\/\" \/>\n<meta property=\"og:locale\" content=\"en_US\" \/>\n<meta property=\"og:type\" content=\"article\" \/>\n<meta property=\"og:title\" content=\"Pare-boue avant Xiaomi - Trottinette \u00e9lectrique\" \/>\n<meta property=\"og:description\" content=\"Description    Pare boue avant compatible avec les mod\u00e8les : m365  Veuillez s\u00e9lectionner votre couleur\" \/>\n<meta property=\"og:url\" content=\"https:\/\/stelfia.com\/en\/shop\/pieces-et-accessoires\/pare-boue-avant-xiaomi-2\/\" \/>\n<meta property=\"og:site_name\" content=\"Trottinette \u00e9lectrique\" \/>\n<meta property=\"article:modified_time\" content=\"2024-02-08T10:28:32+00:00\" \/>\n<meta property=\"og:image\" content=\"https:\/\/stelfia.com\/wp-content\/uploads\/2024\/02\/New-Front-Mudguard-Fender-Guard-For-Xiaomi-Mijia-M365-Pro-M187-Electric-Scooter-Skateboard-Accessorcies-Black.webp\" \/>\n\t<meta property=\"og:image:width\" content=\"960\" \/>\n\t<meta property=\"og:image:height\" content=\"960\" \/>\n\t<meta property=\"og:image:type\" content=\"image\/webp\" \/>\n<meta name=\"twitter:card\" content=\"summary_large_image\" \/>\n<meta name=\"twitter:label1\" content=\"Est. reading time\" \/>\n\t<meta name=\"twitter:data1\" content=\"1 minute\" \/>\n<script type=\"application\/ld+json\" class=\"yoast-schema-graph\">{\"@context\":\"https:\/\/schema.org\",\"@graph\":[{\"@type\":\"WebPage\",\"@id\":\"https:\/\/stelfia.com\/en\/shop\/pieces-et-accessoires\/pare-boue-avant-xiaomi-2\/\",\"url\":\"https:\/\/stelfia.com\/en\/shop\/pieces-et-accessoires\/pare-boue-avant-xiaomi-2\/\",\"name\":\"Pare-boue avant Xiaomi - Trottinette \u00e9lectrique\",\"isPartOf\":{\"@id\":\"https:\/\/stelfia.com\/#website\"},\"primaryImageOfPage\":{\"@id\":\"https:\/\/stelfia.com\/en\/shop\/pieces-et-accessoires\/pare-boue-avant-xiaomi-2\/#primaryimage\"},\"image\":{\"@id\":\"https:\/\/stelfia.com\/en\/shop\/pieces-et-accessoires\/pare-boue-avant-xiaomi-2\/#primaryimage\"},\"thumbnailUrl\":\"https:\/\/stelfia.com\/wp-content\/uploads\/2024\/02\/New-Front-Mudguard-Fender-Guard-For-Xiaomi-Mijia-M365-Pro-M187-Electric-Scooter-Skateboard-Accessorcies-Black.webp\",\"datePublished\":\"2024-02-08T10:25:55+00:00\",\"dateModified\":\"2024-02-08T10:28:32+00:00\",\"breadcrumb\":{\"@id\":\"https:\/\/stelfia.com\/en\/shop\/pieces-et-accessoires\/pare-boue-avant-xiaomi-2\/#breadcrumb\"},\"inLanguage\":\"en-US\",\"potentialAction\":[{\"@type\":\"ReadAction\",\"target\":[\"https:\/\/stelfia.com\/en\/shop\/pieces-et-accessoires\/pare-boue-avant-xiaomi-2\/\"]}]},{\"@type\":\"ImageObject\",\"inLanguage\":\"en-US\",\"@id\":\"https:\/\/stelfia.com\/en\/shop\/pieces-et-accessoires\/pare-boue-avant-xiaomi-2\/#primaryimage\",\"url\":\"https:\/\/stelfia.com\/wp-content\/uploads\/2024\/02\/New-Front-Mudguard-Fender-Guard-For-Xiaomi-Mijia-M365-Pro-M187-Electric-Scooter-Skateboard-Accessorcies-Black.webp\",\"contentUrl\":\"https:\/\/stelfia.com\/wp-content\/uploads\/2024\/02\/New-Front-Mudguard-Fender-Guard-For-Xiaomi-Mijia-M365-Pro-M187-Electric-Scooter-Skateboard-Accessorcies-Black.webp\",\"width\":960,\"height\":960},{\"@type\":\"BreadcrumbList\",\"@id\":\"https:\/\/stelfia.com\/en\/shop\/pieces-et-accessoires\/pare-boue-avant-xiaomi-2\/#breadcrumb\",\"itemListElement\":[{\"@type\":\"ListItem\",\"position\":1,\"name\":\"Accueil\",\"item\":\"https:\/\/stelfia.com\/\"},{\"@type\":\"ListItem\",\"position\":2,\"name\":\"Shop\",\"item\":\"https:\/\/stelfia.com\/shop\/\"},{\"@type\":\"ListItem\",\"position\":3,\"name\":\"Pare-boue avant Xiaomi\"}]},{\"@type\":\"WebSite\",\"@id\":\"https:\/\/stelfia.com\/#website\",\"url\":\"https:\/\/stelfia.com\/\",\"name\":\"Trottinette \u00e9lectrique\",\"description\":\"Trottinette \u00e9lectrique en Suisse romande\",\"publisher\":{\"@id\":\"https:\/\/stelfia.com\/#organization\"},\"potentialAction\":[{\"@type\":\"SearchAction\",\"target\":{\"@type\":\"EntryPoint\",\"urlTemplate\":\"https:\/\/stelfia.com\/?s={search_term_string}\"},\"query-input\":{\"@type\":\"PropertyValueSpecification\",\"valueRequired\":true,\"valueName\":\"search_term_string\"}}],\"inLanguage\":\"en-US\"},{\"@type\":\"Organization\",\"@id\":\"https:\/\/stelfia.com\/#organization\",\"name\":\"Trottinette \u00e9lectrique lausanne\",\"url\":\"https:\/\/stelfia.com\/\",\"logo\":{\"@type\":\"ImageObject\",\"inLanguage\":\"en-US\",\"@id\":\"https:\/\/stelfia.com\/#\/schema\/logo\/image\/\",\"url\":\"https:\/\/stelfia.com\/wp-content\/uploads\/2023\/02\/logonew-removebg-preview.png\",\"contentUrl\":\"https:\/\/stelfia.com\/wp-content\/uploads\/2023\/02\/logonew-removebg-preview.png\",\"width\":238,\"height\":100,\"caption\":\"Trottinette \u00e9lectrique lausanne\"},\"image\":{\"@id\":\"https:\/\/stelfia.com\/#\/schema\/logo\/image\/\"}}]}<\/script>\n<!-- \/ Yoast SEO plugin. -->","yoast_head_json":{"title":"Pare-boue avant Xiaomi - Trottinette \u00e9lectrique","robots":{"index":"index","follow":"follow","max-snippet":"max-snippet:-1","max-image-preview":"max-image-preview:large","max-video-preview":"max-video-preview:-1"},"canonical":"https:\/\/stelfia.com\/en\/shop\/pieces-et-accessoires\/pare-boue-avant-xiaomi-2\/","og_locale":"en_US","og_type":"article","og_title":"Pare-boue avant Xiaomi - Trottinette \u00e9lectrique","og_description":"Description    Pare boue avant compatible avec les mod\u00e8les : m365  Veuillez s\u00e9lectionner votre couleur","og_url":"https:\/\/stelfia.com\/en\/shop\/pieces-et-accessoires\/pare-boue-avant-xiaomi-2\/","og_site_name":"Trottinette \u00e9lectrique","article_modified_time":"2024-02-08T10:28:32+00:00","og_image":[{"width":960,"height":960,"url":"https:\/\/stelfia.com\/wp-content\/uploads\/2024\/02\/New-Front-Mudguard-Fender-Guard-For-Xiaomi-Mijia-M365-Pro-M187-Electric-Scooter-Skateboard-Accessorcies-Black.webp","type":"image\/webp"}],"twitter_card":"summary_large_image","twitter_misc":{"Est. reading time":"1 minute"},"schema":{"@context":"https:\/\/schema.org","@graph":[{"@type":"WebPage","@id":"https:\/\/stelfia.com\/en\/shop\/pieces-et-accessoires\/pare-boue-avant-xiaomi-2\/","url":"https:\/\/stelfia.com\/en\/shop\/pieces-et-accessoires\/pare-boue-avant-xiaomi-2\/","name":"Pare-boue avant Xiaomi - Trottinette \u00e9lectrique","isPartOf":{"@id":"https:\/\/stelfia.com\/#website"},"primaryImageOfPage":{"@id":"https:\/\/stelfia.com\/en\/shop\/pieces-et-accessoires\/pare-boue-avant-xiaomi-2\/#primaryimage"},"image":{"@id":"https:\/\/stelfia.com\/en\/shop\/pieces-et-accessoires\/pare-boue-avant-xiaomi-2\/#primaryimage"},"thumbnailUrl":"https:\/\/stelfia.com\/wp-content\/uploads\/2024\/02\/New-Front-Mudguard-Fender-Guard-For-Xiaomi-Mijia-M365-Pro-M187-Electric-Scooter-Skateboard-Accessorcies-Black.webp","datePublished":"2024-02-08T10:25:55+00:00","dateModified":"2024-02-08T10:28:32+00:00","breadcrumb":{"@id":"https:\/\/stelfia.com\/en\/shop\/pieces-et-accessoires\/pare-boue-avant-xiaomi-2\/#breadcrumb"},"inLanguage":"en-US","potentialAction":[{"@type":"ReadAction","target":["https:\/\/stelfia.com\/en\/shop\/pieces-et-accessoires\/pare-boue-avant-xiaomi-2\/"]}]},{"@type":"ImageObject","inLanguage":"en-US","@id":"https:\/\/stelfia.com\/en\/shop\/pieces-et-accessoires\/pare-boue-avant-xiaomi-2\/#primaryimage","url":"https:\/\/stelfia.com\/wp-content\/uploads\/2024\/02\/New-Front-Mudguard-Fender-Guard-For-Xiaomi-Mijia-M365-Pro-M187-Electric-Scooter-Skateboard-Accessorcies-Black.webp","contentUrl":"https:\/\/stelfia.com\/wp-content\/uploads\/2024\/02\/New-Front-Mudguard-Fender-Guard-For-Xiaomi-Mijia-M365-Pro-M187-Electric-Scooter-Skateboard-Accessorcies-Black.webp","width":960,"height":960},{"@type":"BreadcrumbList","@id":"https:\/\/stelfia.com\/en\/shop\/pieces-et-accessoires\/pare-boue-avant-xiaomi-2\/#breadcrumb","itemListElement":[{"@type":"ListItem","position":1,"name":"Accueil","item":"https:\/\/stelfia.com\/"},{"@type":"ListItem","position":2,"name":"Shop","item":"https:\/\/stelfia.com\/shop\/"},{"@type":"ListItem","position":3,"name":"Pare-boue avant Xiaomi"}]},{"@type":"WebSite","@id":"https:\/\/stelfia.com\/#website","url":"https:\/\/stelfia.com\/","name":"Electric scooter","description":"Electric scooter in French-speaking Switzerland","publisher":{"@id":"https:\/\/stelfia.com\/#organization"},"potentialAction":[{"@type":"SearchAction","target":{"@type":"EntryPoint","urlTemplate":"https:\/\/stelfia.com\/?s={search_term_string}"},"query-input":{"@type":"PropertyValueSpecification","valueRequired":true,"valueName":"search_term_string"}}],"inLanguage":"en-US"},{"@type":"Organization","@id":"https:\/\/stelfia.com\/#organization","name":"Trottinette \u00e9lectrique lausanne","url":"https:\/\/stelfia.com\/","logo":{"@type":"ImageObject","inLanguage":"en-US","@id":"https:\/\/stelfia.com\/#\/schema\/logo\/image\/","url":"https:\/\/stelfia.com\/wp-content\/uploads\/2023\/02\/logonew-removebg-preview.png","contentUrl":"https:\/\/stelfia.com\/wp-content\/uploads\/2023\/02\/logonew-removebg-preview.png","width":238,"height":100,"caption":"Trottinette \u00e9lectrique lausanne"},"image":{"@id":"https:\/\/stelfia.com\/#\/schema\/logo\/image\/"}}]}},"_links":{"self":[{"href":"https:\/\/stelfia.com\/en\/wp-json\/wp\/v2\/product\/11178","targetHints":{"allow":["GET"]}}],"collection":[{"href":"https:\/\/stelfia.com\/en\/wp-json\/wp\/v2\/product"}],"about":[{"href":"https:\/\/stelfia.com\/en\/wp-json\/wp\/v2\/types\/product"}],"version-history":[{"count":0,"href":"https:\/\/stelfia.com\/en\/wp-json\/wp\/v2\/product\/11178\/revisions"}],"wp:featuredmedia":[{"embeddable":true,"href":"https:\/\/stelfia.com\/en\/wp-json\/wp\/v2\/media\/11165"}],"wp:attachment":[{"href":"https:\/\/stelfia.com\/en\/wp-json\/wp\/v2\/media?parent=11178"}],"wp:term":[{"taxonomy":"product_brand","embeddable":true,"href":"https:\/\/stelfia.com\/en\/wp-json\/wp\/v2\/product_brand?post=11178"},{"taxonomy":"product_cat","embeddable":true,"href":"https:\/\/stelfia.com\/en\/wp-json\/wp\/v2\/product_cat?post=11178"},{"taxonomy":"product_tag","embeddable":true,"href":"https:\/\/stelfia.com\/en\/wp-json\/wp\/v2\/product_tag?post=11178"},{"taxonomy":"permis--de-conduire","embeddable":true,"href":"https:\/\/stelfia.com\/en\/wp-json\/wp\/v2\/permis--de-conduire?post=11178"},{"taxonomy":"vitesse","embeddable":true,"href":"https:\/\/stelfia.com\/en\/wp-json\/wp\/v2\/vitesse?post=11178"},{"taxonomy":"brands","embeddable":true,"href":"https:\/\/stelfia.com\/en\/wp-json\/wp\/v2\/brands?post=11178"},{"taxonomy":"accessoires","embeddable":true,"href":"https:\/\/stelfia.com\/en\/wp-json\/wp\/v2\/accessoires?post=11178"},{"taxonomy":"pieces-detachees","embeddable":true,"href":"https:\/\/stelfia.com\/en\/wp-json\/wp\/v2\/pieces-detachees?post=11178"},{"taxonomy":"trottinette-electrique","embeddable":true,"href":"https:\/\/stelfia.com\/en\/wp-json\/wp\/v2\/trottinette-electrique?post=11178"},{"taxonomy":"velo","embeddable":true,"href":"https:\/\/stelfia.com\/en\/wp-json\/wp\/v2\/velo?post=11178"}],"curies":[{"name":"wp","href":"https:\/\/api.w.org\/{rel}","templated":true}]}}