{"id":11037,"date":"2024-01-30T12:54:40","date_gmt":"2024-01-30T12:54:40","guid":{"rendered":"https:\/\/stelfia.com\/?post_type=product&#038;p=11037"},"modified":"2024-01-30T13:18:55","modified_gmt":"2024-01-30T13:18:55","slug":"jante-arriere-xiaomi","status":"publish","type":"product","link":"https:\/\/stelfia.com\/en\/shop\/pieces-et-accessoires\/jante-arriere-xiaomi\/","title":{"rendered":"Xiaomi rear rim"},"content":{"rendered":"","protected":false},"excerpt":{"rendered":"<div id=\"tab-description\" class=\"woocommerce-Tabs-panel woocommerce-Tabs-panel--description panel entry-content wc-tab\" role=\"tabpanel\" aria-labelledby=\"tab-title-description\">\n<h2>Description<\/h2>\n<h2 class=\"entry-title\">Rear Rim<\/h2>\n<\/div>\n<ul class=\"a-unordered-list a-vertical a-spacing-mini\">\n<li>Rear rim compatible with models: Xiaomi (M365, 1s, Pro, Pro2)<\/li>\n<li>Please select your model<\/li>\n<\/ul>","protected":false},"featured_media":11039,"template":"","meta":{"_uf_show_specific_survey":0,"_uf_disable_surveys":false},"product_brand":[],"product_cat":[113],"product_tag":[393,394,392],"permis--de-conduire":[],"vitesse":[],"brands":[73],"accessoires":[],"pieces-detachees":[105],"trottinette-electrique":[],"velo":[],"class_list":{"0":"post-11037","1":"product","2":"type-product","3":"status-publish","4":"has-post-thumbnail","6":"product_cat-pieces-et-accessoires","7":"product_tag-jante","8":"product_tag-jante-xiaomi","9":"product_tag-roue","10":"brands-xiaomi","11":"pieces-detachees-chassis","12":"tm-has-options","14":"first","15":"instock","16":"taxable","17":"shipping-taxable","18":"purchasable","19":"product-type-simple"},"yoast_head":"<!-- This site is optimized with the Yoast SEO plugin v25.8 - https:\/\/yoast.com\/wordpress\/plugins\/seo\/ -->\n<title>Jante arri\u00e8re Xiaomi - Trottinette \u00e9lectrique<\/title>\n<meta name=\"robots\" content=\"index, follow, max-snippet:-1, max-image-preview:large, max-video-preview:-1\" \/>\n<link rel=\"canonical\" href=\"https:\/\/stelfia.com\/en\/shop\/pieces-et-accessoires\/jante-arriere-xiaomi\/\" \/>\n<meta property=\"og:locale\" content=\"en_US\" \/>\n<meta property=\"og:type\" content=\"article\" \/>\n<meta property=\"og:title\" content=\"Jante arri\u00e8re Xiaomi - Trottinette \u00e9lectrique\" \/>\n<meta property=\"og:description\" content=\"Description Jante Arri\u00e8re    Jante arri\u00e8re compatible avec les mod\u00e8les : Xiaomi (M365 , 1s , Pro , Pro2)  Veuillez s\u00e9lectionner votre mod\u00e8le\" \/>\n<meta property=\"og:url\" content=\"https:\/\/stelfia.com\/en\/shop\/pieces-et-accessoires\/jante-arriere-xiaomi\/\" \/>\n<meta property=\"og:site_name\" content=\"Trottinette \u00e9lectrique\" \/>\n<meta property=\"article:modified_time\" content=\"2024-01-30T13:18:55+00:00\" \/>\n<meta property=\"og:image\" content=\"https:\/\/stelfia.com\/wp-content\/uploads\/2024\/01\/Jante-Xiaomi.webp\" \/>\n\t<meta property=\"og:image:width\" content=\"1600\" \/>\n\t<meta property=\"og:image:height\" content=\"1600\" \/>\n\t<meta property=\"og:image:type\" content=\"image\/webp\" \/>\n<meta name=\"twitter:card\" content=\"summary_large_image\" \/>\n<meta name=\"twitter:label1\" content=\"Est. reading time\" \/>\n\t<meta name=\"twitter:data1\" content=\"1 minute\" \/>\n<script type=\"application\/ld+json\" class=\"yoast-schema-graph\">{\"@context\":\"https:\/\/schema.org\",\"@graph\":[{\"@type\":\"WebPage\",\"@id\":\"https:\/\/stelfia.com\/shop\/pieces-et-accessoires\/jante-arriere-xiaomi\/\",\"url\":\"https:\/\/stelfia.com\/shop\/pieces-et-accessoires\/jante-arriere-xiaomi\/\",\"name\":\"Jante arri\u00e8re Xiaomi - Trottinette \u00e9lectrique\",\"isPartOf\":{\"@id\":\"https:\/\/stelfia.com\/#website\"},\"primaryImageOfPage\":{\"@id\":\"https:\/\/stelfia.com\/shop\/pieces-et-accessoires\/jante-arriere-xiaomi\/#primaryimage\"},\"image\":{\"@id\":\"https:\/\/stelfia.com\/shop\/pieces-et-accessoires\/jante-arriere-xiaomi\/#primaryimage\"},\"thumbnailUrl\":\"https:\/\/stelfia.com\/wp-content\/uploads\/2024\/01\/Jante-Xiaomi.webp\",\"datePublished\":\"2024-01-30T12:54:40+00:00\",\"dateModified\":\"2024-01-30T13:18:55+00:00\",\"breadcrumb\":{\"@id\":\"https:\/\/stelfia.com\/shop\/pieces-et-accessoires\/jante-arriere-xiaomi\/#breadcrumb\"},\"inLanguage\":\"en-US\",\"potentialAction\":[{\"@type\":\"ReadAction\",\"target\":[\"https:\/\/stelfia.com\/shop\/pieces-et-accessoires\/jante-arriere-xiaomi\/\"]}]},{\"@type\":\"ImageObject\",\"inLanguage\":\"en-US\",\"@id\":\"https:\/\/stelfia.com\/shop\/pieces-et-accessoires\/jante-arriere-xiaomi\/#primaryimage\",\"url\":\"https:\/\/stelfia.com\/wp-content\/uploads\/2024\/01\/Jante-Xiaomi.webp\",\"contentUrl\":\"https:\/\/stelfia.com\/wp-content\/uploads\/2024\/01\/Jante-Xiaomi.webp\",\"width\":1600,\"height\":1600},{\"@type\":\"BreadcrumbList\",\"@id\":\"https:\/\/stelfia.com\/shop\/pieces-et-accessoires\/jante-arriere-xiaomi\/#breadcrumb\",\"itemListElement\":[{\"@type\":\"ListItem\",\"position\":1,\"name\":\"Accueil\",\"item\":\"https:\/\/stelfia.com\/\"},{\"@type\":\"ListItem\",\"position\":2,\"name\":\"Shop\",\"item\":\"https:\/\/stelfia.com\/shop\/\"},{\"@type\":\"ListItem\",\"position\":3,\"name\":\"Jante arri\u00e8re Xiaomi\"}]},{\"@type\":\"WebSite\",\"@id\":\"https:\/\/stelfia.com\/#website\",\"url\":\"https:\/\/stelfia.com\/\",\"name\":\"Trottinette \u00e9lectrique\",\"description\":\"Trottinette \u00e9lectrique en Suisse romande\",\"publisher\":{\"@id\":\"https:\/\/stelfia.com\/#organization\"},\"potentialAction\":[{\"@type\":\"SearchAction\",\"target\":{\"@type\":\"EntryPoint\",\"urlTemplate\":\"https:\/\/stelfia.com\/?s={search_term_string}\"},\"query-input\":{\"@type\":\"PropertyValueSpecification\",\"valueRequired\":true,\"valueName\":\"search_term_string\"}}],\"inLanguage\":\"en-US\"},{\"@type\":\"Organization\",\"@id\":\"https:\/\/stelfia.com\/#organization\",\"name\":\"Trottinette \u00e9lectrique lausanne\",\"url\":\"https:\/\/stelfia.com\/\",\"logo\":{\"@type\":\"ImageObject\",\"inLanguage\":\"en-US\",\"@id\":\"https:\/\/stelfia.com\/#\/schema\/logo\/image\/\",\"url\":\"https:\/\/stelfia.com\/wp-content\/uploads\/2023\/02\/logonew-removebg-preview.png\",\"contentUrl\":\"https:\/\/stelfia.com\/wp-content\/uploads\/2023\/02\/logonew-removebg-preview.png\",\"width\":238,\"height\":100,\"caption\":\"Trottinette \u00e9lectrique lausanne\"},\"image\":{\"@id\":\"https:\/\/stelfia.com\/#\/schema\/logo\/image\/\"}}]}<\/script>\n<!-- \/ Yoast SEO plugin. -->","yoast_head_json":{"title":"Jante arri\u00e8re Xiaomi - Trottinette \u00e9lectrique","robots":{"index":"index","follow":"follow","max-snippet":"max-snippet:-1","max-image-preview":"max-image-preview:large","max-video-preview":"max-video-preview:-1"},"canonical":"https:\/\/stelfia.com\/en\/shop\/pieces-et-accessoires\/jante-arriere-xiaomi\/","og_locale":"en_US","og_type":"article","og_title":"Jante arri\u00e8re Xiaomi - Trottinette \u00e9lectrique","og_description":"Description Jante Arri\u00e8re    Jante arri\u00e8re compatible avec les mod\u00e8les : Xiaomi (M365 , 1s , Pro , Pro2)  Veuillez s\u00e9lectionner votre mod\u00e8le","og_url":"https:\/\/stelfia.com\/en\/shop\/pieces-et-accessoires\/jante-arriere-xiaomi\/","og_site_name":"Trottinette \u00e9lectrique","article_modified_time":"2024-01-30T13:18:55+00:00","og_image":[{"width":1600,"height":1600,"url":"https:\/\/stelfia.com\/wp-content\/uploads\/2024\/01\/Jante-Xiaomi.webp","type":"image\/webp"}],"twitter_card":"summary_large_image","twitter_misc":{"Est. reading time":"1 minute"},"schema":{"@context":"https:\/\/schema.org","@graph":[{"@type":"WebPage","@id":"https:\/\/stelfia.com\/shop\/pieces-et-accessoires\/jante-arriere-xiaomi\/","url":"https:\/\/stelfia.com\/shop\/pieces-et-accessoires\/jante-arriere-xiaomi\/","name":"Jante arri\u00e8re Xiaomi - Trottinette \u00e9lectrique","isPartOf":{"@id":"https:\/\/stelfia.com\/#website"},"primaryImageOfPage":{"@id":"https:\/\/stelfia.com\/shop\/pieces-et-accessoires\/jante-arriere-xiaomi\/#primaryimage"},"image":{"@id":"https:\/\/stelfia.com\/shop\/pieces-et-accessoires\/jante-arriere-xiaomi\/#primaryimage"},"thumbnailUrl":"https:\/\/stelfia.com\/wp-content\/uploads\/2024\/01\/Jante-Xiaomi.webp","datePublished":"2024-01-30T12:54:40+00:00","dateModified":"2024-01-30T13:18:55+00:00","breadcrumb":{"@id":"https:\/\/stelfia.com\/shop\/pieces-et-accessoires\/jante-arriere-xiaomi\/#breadcrumb"},"inLanguage":"en-US","potentialAction":[{"@type":"ReadAction","target":["https:\/\/stelfia.com\/shop\/pieces-et-accessoires\/jante-arriere-xiaomi\/"]}]},{"@type":"ImageObject","inLanguage":"en-US","@id":"https:\/\/stelfia.com\/shop\/pieces-et-accessoires\/jante-arriere-xiaomi\/#primaryimage","url":"https:\/\/stelfia.com\/wp-content\/uploads\/2024\/01\/Jante-Xiaomi.webp","contentUrl":"https:\/\/stelfia.com\/wp-content\/uploads\/2024\/01\/Jante-Xiaomi.webp","width":1600,"height":1600},{"@type":"BreadcrumbList","@id":"https:\/\/stelfia.com\/shop\/pieces-et-accessoires\/jante-arriere-xiaomi\/#breadcrumb","itemListElement":[{"@type":"ListItem","position":1,"name":"Accueil","item":"https:\/\/stelfia.com\/"},{"@type":"ListItem","position":2,"name":"Shop","item":"https:\/\/stelfia.com\/shop\/"},{"@type":"ListItem","position":3,"name":"Jante arri\u00e8re Xiaomi"}]},{"@type":"WebSite","@id":"https:\/\/stelfia.com\/#website","url":"https:\/\/stelfia.com\/","name":"Electric scooter","description":"Electric scooter in French-speaking Switzerland","publisher":{"@id":"https:\/\/stelfia.com\/#organization"},"potentialAction":[{"@type":"SearchAction","target":{"@type":"EntryPoint","urlTemplate":"https:\/\/stelfia.com\/?s={search_term_string}"},"query-input":{"@type":"PropertyValueSpecification","valueRequired":true,"valueName":"search_term_string"}}],"inLanguage":"en-US"},{"@type":"Organization","@id":"https:\/\/stelfia.com\/#organization","name":"Trottinette \u00e9lectrique lausanne","url":"https:\/\/stelfia.com\/","logo":{"@type":"ImageObject","inLanguage":"en-US","@id":"https:\/\/stelfia.com\/#\/schema\/logo\/image\/","url":"https:\/\/stelfia.com\/wp-content\/uploads\/2023\/02\/logonew-removebg-preview.png","contentUrl":"https:\/\/stelfia.com\/wp-content\/uploads\/2023\/02\/logonew-removebg-preview.png","width":238,"height":100,"caption":"Trottinette \u00e9lectrique lausanne"},"image":{"@id":"https:\/\/stelfia.com\/#\/schema\/logo\/image\/"}}]}},"_links":{"self":[{"href":"https:\/\/stelfia.com\/en\/wp-json\/wp\/v2\/product\/11037","targetHints":{"allow":["GET"]}}],"collection":[{"href":"https:\/\/stelfia.com\/en\/wp-json\/wp\/v2\/product"}],"about":[{"href":"https:\/\/stelfia.com\/en\/wp-json\/wp\/v2\/types\/product"}],"version-history":[{"count":0,"href":"https:\/\/stelfia.com\/en\/wp-json\/wp\/v2\/product\/11037\/revisions"}],"wp:featuredmedia":[{"embeddable":true,"href":"https:\/\/stelfia.com\/en\/wp-json\/wp\/v2\/media\/11039"}],"wp:attachment":[{"href":"https:\/\/stelfia.com\/en\/wp-json\/wp\/v2\/media?parent=11037"}],"wp:term":[{"taxonomy":"product_brand","embeddable":true,"href":"https:\/\/stelfia.com\/en\/wp-json\/wp\/v2\/product_brand?post=11037"},{"taxonomy":"product_cat","embeddable":true,"href":"https:\/\/stelfia.com\/en\/wp-json\/wp\/v2\/product_cat?post=11037"},{"taxonomy":"product_tag","embeddable":true,"href":"https:\/\/stelfia.com\/en\/wp-json\/wp\/v2\/product_tag?post=11037"},{"taxonomy":"permis--de-conduire","embeddable":true,"href":"https:\/\/stelfia.com\/en\/wp-json\/wp\/v2\/permis--de-conduire?post=11037"},{"taxonomy":"vitesse","embeddable":true,"href":"https:\/\/stelfia.com\/en\/wp-json\/wp\/v2\/vitesse?post=11037"},{"taxonomy":"brands","embeddable":true,"href":"https:\/\/stelfia.com\/en\/wp-json\/wp\/v2\/brands?post=11037"},{"taxonomy":"accessoires","embeddable":true,"href":"https:\/\/stelfia.com\/en\/wp-json\/wp\/v2\/accessoires?post=11037"},{"taxonomy":"pieces-detachees","embeddable":true,"href":"https:\/\/stelfia.com\/en\/wp-json\/wp\/v2\/pieces-detachees?post=11037"},{"taxonomy":"trottinette-electrique","embeddable":true,"href":"https:\/\/stelfia.com\/en\/wp-json\/wp\/v2\/trottinette-electrique?post=11037"},{"taxonomy":"velo","embeddable":true,"href":"https:\/\/stelfia.com\/en\/wp-json\/wp\/v2\/velo?post=11037"}],"curies":[{"name":"wp","href":"https:\/\/api.w.org\/{rel}","templated":true}]}}