{"id":10812,"date":"2023-12-12T15:32:02","date_gmt":"2023-12-12T15:32:02","guid":{"rendered":"https:\/\/stelfia.com\/?post_type=product&#038;p=10812"},"modified":"2023-12-13T08:13:16","modified_gmt":"2023-12-13T08:13:16","slug":"casque-mt-helmets","status":"publish","type":"product","link":"https:\/\/stelfia.com\/en\/shop\/accessories\/casque-mt-helmets\/","title":{"rendered":"MT-Helmets Helmet"},"content":{"rendered":"","protected":false},"excerpt":{"rendered":"<h2>Description<\/h2>\n<p>Explore the ultimate in versatility with the MT-Helmets modular helmet. A perfect combination of comfort and safety, this helmet offers intelligent modularity, allowing you to effortlessly move from full protection to driving freedom with the visor up. Hit the roads with style and functionality.<\/p>","protected":false},"featured_media":10804,"template":"","meta":{"_uf_show_specific_survey":0,"_uf_disable_surveys":false},"product_brand":[],"product_cat":[20],"product_tag":[359,362,361,360],"permis--de-conduire":[],"vitesse":[],"brands":[],"accessoires":[95],"pieces-detachees":[],"trottinette-electrique":[],"velo":[],"class_list":{"0":"post-10812","1":"product","2":"type-product","3":"status-publish","4":"has-post-thumbnail","6":"product_cat-accessories","7":"product_tag-casque","8":"product_tag-helmet","9":"product_tag-mt","10":"product_tag-mt-helmets","11":"accessoires-casques","12":"tm-has-options","14":"first","15":"instock","16":"taxable","17":"shipping-taxable","18":"purchasable","19":"product-type-simple"},"yoast_head":"<!-- This site is optimized with the Yoast SEO plugin v25.8 - https:\/\/yoast.com\/wordpress\/plugins\/seo\/ -->\n<title>Casque MT-Helmets - Trottinette \u00e9lectrique<\/title>\n<meta name=\"robots\" content=\"index, follow, max-snippet:-1, max-image-preview:large, max-video-preview:-1\" \/>\n<link rel=\"canonical\" href=\"https:\/\/stelfia.com\/en\/shop\/accessories\/casque-mt-helmets\/\" \/>\n<meta property=\"og:locale\" content=\"en_US\" \/>\n<meta property=\"og:type\" content=\"article\" \/>\n<meta property=\"og:title\" content=\"Casque MT-Helmets - Trottinette \u00e9lectrique\" \/>\n<meta property=\"og:description\" content=\"Description Explorez le summum de la polyvalence avec le casque modulable de MT-Helmets. Alliance parfaite de confort et de s\u00e9curit\u00e9, ce casque offre une modularit\u00e9 intelligente, vous permettant de passer sans effort d&#039;une protection int\u00e9grale \u00e0 une libert\u00e9 de conduite \u00e0 visi\u00e8re relev\u00e9e. Parcourez les routes avec style et fonctionnalit\u00e9.\" \/>\n<meta property=\"og:url\" content=\"https:\/\/stelfia.com\/en\/shop\/accessories\/casque-mt-helmets\/\" \/>\n<meta property=\"og:site_name\" content=\"Trottinette \u00e9lectrique\" \/>\n<meta property=\"article:modified_time\" content=\"2023-12-13T08:13:16+00:00\" \/>\n<meta property=\"og:image\" content=\"https:\/\/stelfia.com\/wp-content\/uploads\/2023\/12\/rouge-blanc-noir.png\" \/>\n\t<meta property=\"og:image:width\" content=\"1080\" \/>\n\t<meta property=\"og:image:height\" content=\"1080\" \/>\n\t<meta property=\"og:image:type\" content=\"image\/png\" \/>\n<meta name=\"twitter:card\" content=\"summary_large_image\" \/>\n<script type=\"application\/ld+json\" class=\"yoast-schema-graph\">{\"@context\":\"https:\/\/schema.org\",\"@graph\":[{\"@type\":\"WebPage\",\"@id\":\"https:\/\/stelfia.com\/shop\/accessories\/casque-mt-helmets\/\",\"url\":\"https:\/\/stelfia.com\/shop\/accessories\/casque-mt-helmets\/\",\"name\":\"Casque MT-Helmets - Trottinette \u00e9lectrique\",\"isPartOf\":{\"@id\":\"https:\/\/stelfia.com\/#website\"},\"primaryImageOfPage\":{\"@id\":\"https:\/\/stelfia.com\/shop\/accessories\/casque-mt-helmets\/#primaryimage\"},\"image\":{\"@id\":\"https:\/\/stelfia.com\/shop\/accessories\/casque-mt-helmets\/#primaryimage\"},\"thumbnailUrl\":\"https:\/\/stelfia.com\/wp-content\/uploads\/2023\/12\/rouge-blanc-noir.png\",\"datePublished\":\"2023-12-12T15:32:02+00:00\",\"dateModified\":\"2023-12-13T08:13:16+00:00\",\"breadcrumb\":{\"@id\":\"https:\/\/stelfia.com\/shop\/accessories\/casque-mt-helmets\/#breadcrumb\"},\"inLanguage\":\"en-US\",\"potentialAction\":[{\"@type\":\"ReadAction\",\"target\":[\"https:\/\/stelfia.com\/shop\/accessories\/casque-mt-helmets\/\"]}]},{\"@type\":\"ImageObject\",\"inLanguage\":\"en-US\",\"@id\":\"https:\/\/stelfia.com\/shop\/accessories\/casque-mt-helmets\/#primaryimage\",\"url\":\"https:\/\/stelfia.com\/wp-content\/uploads\/2023\/12\/rouge-blanc-noir.png\",\"contentUrl\":\"https:\/\/stelfia.com\/wp-content\/uploads\/2023\/12\/rouge-blanc-noir.png\",\"width\":1080,\"height\":1080},{\"@type\":\"BreadcrumbList\",\"@id\":\"https:\/\/stelfia.com\/shop\/accessories\/casque-mt-helmets\/#breadcrumb\",\"itemListElement\":[{\"@type\":\"ListItem\",\"position\":1,\"name\":\"Accueil\",\"item\":\"https:\/\/stelfia.com\/\"},{\"@type\":\"ListItem\",\"position\":2,\"name\":\"Shop\",\"item\":\"https:\/\/stelfia.com\/shop\/\"},{\"@type\":\"ListItem\",\"position\":3,\"name\":\"Casque MT-Helmets\"}]},{\"@type\":\"WebSite\",\"@id\":\"https:\/\/stelfia.com\/#website\",\"url\":\"https:\/\/stelfia.com\/\",\"name\":\"Trottinette \u00e9lectrique\",\"description\":\"Trottinette \u00e9lectrique en Suisse romande\",\"publisher\":{\"@id\":\"https:\/\/stelfia.com\/#organization\"},\"potentialAction\":[{\"@type\":\"SearchAction\",\"target\":{\"@type\":\"EntryPoint\",\"urlTemplate\":\"https:\/\/stelfia.com\/?s={search_term_string}\"},\"query-input\":{\"@type\":\"PropertyValueSpecification\",\"valueRequired\":true,\"valueName\":\"search_term_string\"}}],\"inLanguage\":\"en-US\"},{\"@type\":\"Organization\",\"@id\":\"https:\/\/stelfia.com\/#organization\",\"name\":\"Trottinette \u00e9lectrique lausanne\",\"url\":\"https:\/\/stelfia.com\/\",\"logo\":{\"@type\":\"ImageObject\",\"inLanguage\":\"en-US\",\"@id\":\"https:\/\/stelfia.com\/#\/schema\/logo\/image\/\",\"url\":\"https:\/\/stelfia.com\/wp-content\/uploads\/2023\/02\/logonew-removebg-preview.png\",\"contentUrl\":\"https:\/\/stelfia.com\/wp-content\/uploads\/2023\/02\/logonew-removebg-preview.png\",\"width\":238,\"height\":100,\"caption\":\"Trottinette \u00e9lectrique lausanne\"},\"image\":{\"@id\":\"https:\/\/stelfia.com\/#\/schema\/logo\/image\/\"}}]}<\/script>\n<!-- \/ Yoast SEO plugin. -->","yoast_head_json":{"title":"Casque MT-Helmets - Trottinette \u00e9lectrique","robots":{"index":"index","follow":"follow","max-snippet":"max-snippet:-1","max-image-preview":"max-image-preview:large","max-video-preview":"max-video-preview:-1"},"canonical":"https:\/\/stelfia.com\/en\/shop\/accessories\/casque-mt-helmets\/","og_locale":"en_US","og_type":"article","og_title":"Casque MT-Helmets - Trottinette \u00e9lectrique","og_description":"Description Explorez le summum de la polyvalence avec le casque modulable de MT-Helmets. Alliance parfaite de confort et de s\u00e9curit\u00e9, ce casque offre une modularit\u00e9 intelligente, vous permettant de passer sans effort d'une protection int\u00e9grale \u00e0 une libert\u00e9 de conduite \u00e0 visi\u00e8re relev\u00e9e. Parcourez les routes avec style et fonctionnalit\u00e9.","og_url":"https:\/\/stelfia.com\/en\/shop\/accessories\/casque-mt-helmets\/","og_site_name":"Trottinette \u00e9lectrique","article_modified_time":"2023-12-13T08:13:16+00:00","og_image":[{"width":1080,"height":1080,"url":"https:\/\/stelfia.com\/wp-content\/uploads\/2023\/12\/rouge-blanc-noir.png","type":"image\/png"}],"twitter_card":"summary_large_image","schema":{"@context":"https:\/\/schema.org","@graph":[{"@type":"WebPage","@id":"https:\/\/stelfia.com\/shop\/accessories\/casque-mt-helmets\/","url":"https:\/\/stelfia.com\/shop\/accessories\/casque-mt-helmets\/","name":"Casque MT-Helmets - Trottinette \u00e9lectrique","isPartOf":{"@id":"https:\/\/stelfia.com\/#website"},"primaryImageOfPage":{"@id":"https:\/\/stelfia.com\/shop\/accessories\/casque-mt-helmets\/#primaryimage"},"image":{"@id":"https:\/\/stelfia.com\/shop\/accessories\/casque-mt-helmets\/#primaryimage"},"thumbnailUrl":"https:\/\/stelfia.com\/wp-content\/uploads\/2023\/12\/rouge-blanc-noir.png","datePublished":"2023-12-12T15:32:02+00:00","dateModified":"2023-12-13T08:13:16+00:00","breadcrumb":{"@id":"https:\/\/stelfia.com\/shop\/accessories\/casque-mt-helmets\/#breadcrumb"},"inLanguage":"en-US","potentialAction":[{"@type":"ReadAction","target":["https:\/\/stelfia.com\/shop\/accessories\/casque-mt-helmets\/"]}]},{"@type":"ImageObject","inLanguage":"en-US","@id":"https:\/\/stelfia.com\/shop\/accessories\/casque-mt-helmets\/#primaryimage","url":"https:\/\/stelfia.com\/wp-content\/uploads\/2023\/12\/rouge-blanc-noir.png","contentUrl":"https:\/\/stelfia.com\/wp-content\/uploads\/2023\/12\/rouge-blanc-noir.png","width":1080,"height":1080},{"@type":"BreadcrumbList","@id":"https:\/\/stelfia.com\/shop\/accessories\/casque-mt-helmets\/#breadcrumb","itemListElement":[{"@type":"ListItem","position":1,"name":"Accueil","item":"https:\/\/stelfia.com\/"},{"@type":"ListItem","position":2,"name":"Shop","item":"https:\/\/stelfia.com\/shop\/"},{"@type":"ListItem","position":3,"name":"Casque MT-Helmets"}]},{"@type":"WebSite","@id":"https:\/\/stelfia.com\/#website","url":"https:\/\/stelfia.com\/","name":"Electric scooter","description":"Electric scooter in French-speaking Switzerland","publisher":{"@id":"https:\/\/stelfia.com\/#organization"},"potentialAction":[{"@type":"SearchAction","target":{"@type":"EntryPoint","urlTemplate":"https:\/\/stelfia.com\/?s={search_term_string}"},"query-input":{"@type":"PropertyValueSpecification","valueRequired":true,"valueName":"search_term_string"}}],"inLanguage":"en-US"},{"@type":"Organization","@id":"https:\/\/stelfia.com\/#organization","name":"Trottinette \u00e9lectrique lausanne","url":"https:\/\/stelfia.com\/","logo":{"@type":"ImageObject","inLanguage":"en-US","@id":"https:\/\/stelfia.com\/#\/schema\/logo\/image\/","url":"https:\/\/stelfia.com\/wp-content\/uploads\/2023\/02\/logonew-removebg-preview.png","contentUrl":"https:\/\/stelfia.com\/wp-content\/uploads\/2023\/02\/logonew-removebg-preview.png","width":238,"height":100,"caption":"Trottinette \u00e9lectrique lausanne"},"image":{"@id":"https:\/\/stelfia.com\/#\/schema\/logo\/image\/"}}]}},"_links":{"self":[{"href":"https:\/\/stelfia.com\/en\/wp-json\/wp\/v2\/product\/10812","targetHints":{"allow":["GET"]}}],"collection":[{"href":"https:\/\/stelfia.com\/en\/wp-json\/wp\/v2\/product"}],"about":[{"href":"https:\/\/stelfia.com\/en\/wp-json\/wp\/v2\/types\/product"}],"version-history":[{"count":0,"href":"https:\/\/stelfia.com\/en\/wp-json\/wp\/v2\/product\/10812\/revisions"}],"wp:featuredmedia":[{"embeddable":true,"href":"https:\/\/stelfia.com\/en\/wp-json\/wp\/v2\/media\/10804"}],"wp:attachment":[{"href":"https:\/\/stelfia.com\/en\/wp-json\/wp\/v2\/media?parent=10812"}],"wp:term":[{"taxonomy":"product_brand","embeddable":true,"href":"https:\/\/stelfia.com\/en\/wp-json\/wp\/v2\/product_brand?post=10812"},{"taxonomy":"product_cat","embeddable":true,"href":"https:\/\/stelfia.com\/en\/wp-json\/wp\/v2\/product_cat?post=10812"},{"taxonomy":"product_tag","embeddable":true,"href":"https:\/\/stelfia.com\/en\/wp-json\/wp\/v2\/product_tag?post=10812"},{"taxonomy":"permis--de-conduire","embeddable":true,"href":"https:\/\/stelfia.com\/en\/wp-json\/wp\/v2\/permis--de-conduire?post=10812"},{"taxonomy":"vitesse","embeddable":true,"href":"https:\/\/stelfia.com\/en\/wp-json\/wp\/v2\/vitesse?post=10812"},{"taxonomy":"brands","embeddable":true,"href":"https:\/\/stelfia.com\/en\/wp-json\/wp\/v2\/brands?post=10812"},{"taxonomy":"accessoires","embeddable":true,"href":"https:\/\/stelfia.com\/en\/wp-json\/wp\/v2\/accessoires?post=10812"},{"taxonomy":"pieces-detachees","embeddable":true,"href":"https:\/\/stelfia.com\/en\/wp-json\/wp\/v2\/pieces-detachees?post=10812"},{"taxonomy":"trottinette-electrique","embeddable":true,"href":"https:\/\/stelfia.com\/en\/wp-json\/wp\/v2\/trottinette-electrique?post=10812"},{"taxonomy":"velo","embeddable":true,"href":"https:\/\/stelfia.com\/en\/wp-json\/wp\/v2\/velo?post=10812"}],"curies":[{"name":"wp","href":"https:\/\/api.w.org\/{rel}","templated":true}]}}