{"id":10238,"date":"2023-05-20T08:50:10","date_gmt":"2023-05-20T08:50:10","guid":{"rendered":"https:\/\/stelfia.com\/?post_type=product&#038;p=10238"},"modified":"2024-02-15T10:17:00","modified_gmt":"2024-02-15T10:17:00","slug":"pneu-10-x-3","status":"publish","type":"product","link":"https:\/\/stelfia.com\/en\/shop\/pieces-et-accessoires\/pneu-10-x-3\/","title":{"rendered":"Tire 10 x 3"},"content":{"rendered":"","protected":false},"excerpt":{"rendered":"<div id=\"tab-description\" class=\"woocommerce-Tabs-panel woocommerce-Tabs-panel--description panel entry-content wc-tab\" role=\"tabpanel\" aria-labelledby=\"tab-title-description\">\n<h2>Description<\/h2>\n<h2 class=\"entry-title\">Tire 10 x 3<\/h2>\n<\/div>\n<p style=\"padding-left: 40px;\">Version 1: (80\/60-6), Chao Yang, 41 psi (2.8 bar)<br \/>\nVersion 2: (80\/65-6), Tuovt, 50 psi (3.4 bar), road version<br \/>\nVersion 3: (80\/65-6), Innova, 50 psi (3.4 bar), semi off-road version<br \/>\nVersion 4: (80\/65-6), Tuovt, 50 psi (3.4 bar), off-road version<br \/>\nVersion 5: (85\/65-6.5), Yuanxing, 30 psi (2.1 bar)<\/p>\n<ul class=\"a-unordered-list a-vertical a-spacing-mini\">\n<li>Tire compatible with models:<\/li>\n<\/ul>\n<p style=\"padding-left: 40px;\">Version 1: Hikerboy Turbo, Off-Road 3 wheels, \u2026<br \/>\nVersion 2: Vsett 10, \u2026<br \/>\nVersion 3: Vsett 10, \u2026<br \/>\nVersion 4: Vsett 10, \u2026<br \/>\nVersion 5: Vmax R40, R55, \u2026<\/p>\n<p>Link for an inner tube: <a href=\"https:\/\/stelfia.com\/en\/produit\/chambre-a-air-10-x-2-5-2\/\">Inner tube 10 x 2.5<\/a><\/p>\n<p>Link for a valve: <a href=\"https:\/\/stelfia.com\/en\/produit\/valve\/\">Valve<\/a><\/p>\n<p>Note: For a Vsett 10, we recommend fitting a <a href=\"https:\/\/stelfia.com\/en\/produit\/chambre-a-air-10-x-2-2-125\/\">Inner tube 10 x 2.125<\/a><\/p>\n<p>&nbsp;<\/p>","protected":false},"featured_media":10239,"template":"","meta":{"_uf_show_specific_survey":0,"_uf_disable_surveys":false},"product_brand":[],"product_cat":[113],"product_tag":[265,266,267,268,261,263,264,262],"permis--de-conduire":[],"vitesse":[],"brands":[82,75,74],"accessoires":[],"pieces-detachees":[99],"trottinette-electrique":[],"velo":[],"class_list":{"0":"post-10238","1":"product","2":"type-product","3":"status-publish","4":"has-post-thumbnail","6":"product_cat-pieces-et-accessoires","7":"product_tag-pneu-10-x-3","8":"product_tag-pneu-80-60-6","9":"product_tag-pneu-80-65-6","10":"product_tag-pneu-85-65-6-5","11":"product_tag-pneu-hikerboy-turbo","12":"product_tag-pneu-vmax-r40","13":"product_tag-pneu-vmax-r55","14":"product_tag-pneu-vsett-10","15":"brands-hikerboy","16":"brands-vmax","17":"brands-vsett","18":"pieces-detachees-pneus-et-chambres-a-air","19":"tm-has-options","21":"first","22":"instock","23":"taxable","24":"shipping-taxable","25":"purchasable","26":"product-type-simple"},"yoast_head":"<!-- This site is optimized with the Yoast SEO plugin v25.8 - https:\/\/yoast.com\/wordpress\/plugins\/seo\/ -->\n<title>Pneu 10 x 3 - Trottinette \u00e9lectrique<\/title>\n<meta name=\"robots\" content=\"index, follow, max-snippet:-1, max-image-preview:large, max-video-preview:-1\" \/>\n<link rel=\"canonical\" href=\"https:\/\/stelfia.com\/en\/shop\/pieces-et-accessoires\/pneu-10-x-3\/\" \/>\n<meta property=\"og:locale\" content=\"en_US\" \/>\n<meta property=\"og:type\" content=\"article\" \/>\n<meta property=\"og:title\" content=\"Pneu 10 x 3 - Trottinette \u00e9lectrique\" \/>\n<meta property=\"og:description\" content=\"Description Pneu 10 x 3  Version 1 :\u00a0 \u00a0 \u00a0 \u00a0 \u00a0 \u00a0 \u00a0 (80\/60-6), Chao Yang, 41 psi (2.8 bar) Version 2 :\u00a0 \u00a0 \u00a0 \u00a0 \u00a0 \u00a0 \u00a0 (80\/65-6), Tuovt, 50 psi (3.4 bar), version route Version 3 :\u00a0 \u00a0 \u00a0 \u00a0 \u00a0 \u00a0 \u00a0 (80\/65-6), Innova, 50 psi (3.4 bar), version semi off-road Version 4 :\u00a0 \u00a0 \u00a0 \u00a0 \u00a0 \u00a0 \u00a0 (80\/65-6), Tuovt, 50 psi (3.4 bar), version off-road Version 5 :\u00a0 \u00a0 \u00a0 \u00a0 \u00a0 \u00a0 \u00a0 (85\/65-6.5), Yuanxing, 30 psi (2.1 bar)    Pneu compatible avec les mod\u00e8les :  Version 1 :\u00a0 \u00a0 \u00a0 \u00a0 \u00a0 \u00a0 \u00a0 Hikerboy Turbo, Off-Road 3 roues, ... Version 2 :\u00a0 \u00a0 \u00a0 \u00a0 \u00a0 \u00a0 \u00a0 Vsett 10, ... Version 3 :\u00a0 \u00a0 \u00a0 \u00a0 \u00a0 \u00a0 \u00a0 Vsett 10, ... Version 4 :\u00a0 \u00a0 \u00a0 \u00a0 \u00a0 \u00a0 \u00a0\u00a0Vsett 10, ... Version 5 :\u00a0 \u00a0 \u00a0 \u00a0 \u00a0 \u00a0 \u00a0 Vmax R40, R55, ... Lien pour une chambre \u00e0 air : Chambre \u00e0 air 10 x 2.5  Lien pour une valve : Valve  Remarque : Pour une Vsett 10, nous recommandons le montage d&#039;une Chambre \u00e0 air 10 x 2.125  &nbsp;\" \/>\n<meta property=\"og:url\" content=\"https:\/\/stelfia.com\/en\/shop\/pieces-et-accessoires\/pneu-10-x-3\/\" \/>\n<meta property=\"og:site_name\" content=\"Trottinette \u00e9lectrique\" \/>\n<meta property=\"article:modified_time\" content=\"2024-02-15T10:17:00+00:00\" \/>\n<meta property=\"og:image\" content=\"https:\/\/stelfia.com\/wp-content\/uploads\/2023\/05\/Sans-titre-Publication-Instagram-Carre-a3.png\" \/>\n\t<meta property=\"og:image:width\" content=\"1080\" \/>\n\t<meta property=\"og:image:height\" content=\"1080\" \/>\n\t<meta property=\"og:image:type\" content=\"image\/png\" \/>\n<meta name=\"twitter:card\" content=\"summary_large_image\" \/>\n<meta name=\"twitter:label1\" content=\"Est. reading time\" \/>\n\t<meta name=\"twitter:data1\" content=\"1 minute\" \/>\n<script type=\"application\/ld+json\" class=\"yoast-schema-graph\">{\"@context\":\"https:\/\/schema.org\",\"@graph\":[{\"@type\":\"WebPage\",\"@id\":\"https:\/\/stelfia.com\/shop\/pieces-et-accessoires\/pneu-10-x-3\/\",\"url\":\"https:\/\/stelfia.com\/shop\/pieces-et-accessoires\/pneu-10-x-3\/\",\"name\":\"Pneu 10 x 3 - Trottinette \u00e9lectrique\",\"isPartOf\":{\"@id\":\"https:\/\/stelfia.com\/#website\"},\"primaryImageOfPage\":{\"@id\":\"https:\/\/stelfia.com\/shop\/pieces-et-accessoires\/pneu-10-x-3\/#primaryimage\"},\"image\":{\"@id\":\"https:\/\/stelfia.com\/shop\/pieces-et-accessoires\/pneu-10-x-3\/#primaryimage\"},\"thumbnailUrl\":\"https:\/\/stelfia.com\/wp-content\/uploads\/2023\/05\/Sans-titre-Publication-Instagram-Carre-a3.png\",\"datePublished\":\"2023-05-20T08:50:10+00:00\",\"dateModified\":\"2024-02-15T10:17:00+00:00\",\"breadcrumb\":{\"@id\":\"https:\/\/stelfia.com\/shop\/pieces-et-accessoires\/pneu-10-x-3\/#breadcrumb\"},\"inLanguage\":\"en-US\",\"potentialAction\":[{\"@type\":\"ReadAction\",\"target\":[\"https:\/\/stelfia.com\/shop\/pieces-et-accessoires\/pneu-10-x-3\/\"]}]},{\"@type\":\"ImageObject\",\"inLanguage\":\"en-US\",\"@id\":\"https:\/\/stelfia.com\/shop\/pieces-et-accessoires\/pneu-10-x-3\/#primaryimage\",\"url\":\"https:\/\/stelfia.com\/wp-content\/uploads\/2023\/05\/Sans-titre-Publication-Instagram-Carre-a3.png\",\"contentUrl\":\"https:\/\/stelfia.com\/wp-content\/uploads\/2023\/05\/Sans-titre-Publication-Instagram-Carre-a3.png\",\"width\":1080,\"height\":1080},{\"@type\":\"BreadcrumbList\",\"@id\":\"https:\/\/stelfia.com\/shop\/pieces-et-accessoires\/pneu-10-x-3\/#breadcrumb\",\"itemListElement\":[{\"@type\":\"ListItem\",\"position\":1,\"name\":\"Accueil\",\"item\":\"https:\/\/stelfia.com\/\"},{\"@type\":\"ListItem\",\"position\":2,\"name\":\"Shop\",\"item\":\"https:\/\/stelfia.com\/shop\/\"},{\"@type\":\"ListItem\",\"position\":3,\"name\":\"Pneu 10 x 3\"}]},{\"@type\":\"WebSite\",\"@id\":\"https:\/\/stelfia.com\/#website\",\"url\":\"https:\/\/stelfia.com\/\",\"name\":\"Trottinette \u00e9lectrique\",\"description\":\"Trottinette \u00e9lectrique en Suisse romande\",\"publisher\":{\"@id\":\"https:\/\/stelfia.com\/#organization\"},\"potentialAction\":[{\"@type\":\"SearchAction\",\"target\":{\"@type\":\"EntryPoint\",\"urlTemplate\":\"https:\/\/stelfia.com\/?s={search_term_string}\"},\"query-input\":{\"@type\":\"PropertyValueSpecification\",\"valueRequired\":true,\"valueName\":\"search_term_string\"}}],\"inLanguage\":\"en-US\"},{\"@type\":\"Organization\",\"@id\":\"https:\/\/stelfia.com\/#organization\",\"name\":\"Trottinette \u00e9lectrique lausanne\",\"url\":\"https:\/\/stelfia.com\/\",\"logo\":{\"@type\":\"ImageObject\",\"inLanguage\":\"en-US\",\"@id\":\"https:\/\/stelfia.com\/#\/schema\/logo\/image\/\",\"url\":\"https:\/\/stelfia.com\/wp-content\/uploads\/2023\/02\/logonew-removebg-preview.png\",\"contentUrl\":\"https:\/\/stelfia.com\/wp-content\/uploads\/2023\/02\/logonew-removebg-preview.png\",\"width\":238,\"height\":100,\"caption\":\"Trottinette \u00e9lectrique lausanne\"},\"image\":{\"@id\":\"https:\/\/stelfia.com\/#\/schema\/logo\/image\/\"}}]}<\/script>\n<!-- \/ Yoast SEO plugin. -->","yoast_head_json":{"title":"Pneu 10 x 3 - Trottinette \u00e9lectrique","robots":{"index":"index","follow":"follow","max-snippet":"max-snippet:-1","max-image-preview":"max-image-preview:large","max-video-preview":"max-video-preview:-1"},"canonical":"https:\/\/stelfia.com\/en\/shop\/pieces-et-accessoires\/pneu-10-x-3\/","og_locale":"en_US","og_type":"article","og_title":"Pneu 10 x 3 - Trottinette \u00e9lectrique","og_description":"Description Pneu 10 x 3  Version 1 :\u00a0 \u00a0 \u00a0 \u00a0 \u00a0 \u00a0 \u00a0 (80\/60-6), Chao Yang, 41 psi (2.8 bar) Version 2 :\u00a0 \u00a0 \u00a0 \u00a0 \u00a0 \u00a0 \u00a0 (80\/65-6), Tuovt, 50 psi (3.4 bar), version route Version 3 :\u00a0 \u00a0 \u00a0 \u00a0 \u00a0 \u00a0 \u00a0 (80\/65-6), Innova, 50 psi (3.4 bar), version semi off-road Version 4 :\u00a0 \u00a0 \u00a0 \u00a0 \u00a0 \u00a0 \u00a0 (80\/65-6), Tuovt, 50 psi (3.4 bar), version off-road Version 5 :\u00a0 \u00a0 \u00a0 \u00a0 \u00a0 \u00a0 \u00a0 (85\/65-6.5), Yuanxing, 30 psi (2.1 bar)    Pneu compatible avec les mod\u00e8les :  Version 1 :\u00a0 \u00a0 \u00a0 \u00a0 \u00a0 \u00a0 \u00a0 Hikerboy Turbo, Off-Road 3 roues, ... Version 2 :\u00a0 \u00a0 \u00a0 \u00a0 \u00a0 \u00a0 \u00a0 Vsett 10, ... Version 3 :\u00a0 \u00a0 \u00a0 \u00a0 \u00a0 \u00a0 \u00a0 Vsett 10, ... Version 4 :\u00a0 \u00a0 \u00a0 \u00a0 \u00a0 \u00a0 \u00a0\u00a0Vsett 10, ... Version 5 :\u00a0 \u00a0 \u00a0 \u00a0 \u00a0 \u00a0 \u00a0 Vmax R40, R55, ... Lien pour une chambre \u00e0 air : Chambre \u00e0 air 10 x 2.5  Lien pour une valve : Valve  Remarque : Pour une Vsett 10, nous recommandons le montage d'une Chambre \u00e0 air 10 x 2.125  &nbsp;","og_url":"https:\/\/stelfia.com\/en\/shop\/pieces-et-accessoires\/pneu-10-x-3\/","og_site_name":"Trottinette \u00e9lectrique","article_modified_time":"2024-02-15T10:17:00+00:00","og_image":[{"width":1080,"height":1080,"url":"https:\/\/stelfia.com\/wp-content\/uploads\/2023\/05\/Sans-titre-Publication-Instagram-Carre-a3.png","type":"image\/png"}],"twitter_card":"summary_large_image","twitter_misc":{"Est. reading time":"1 minute"},"schema":{"@context":"https:\/\/schema.org","@graph":[{"@type":"WebPage","@id":"https:\/\/stelfia.com\/shop\/pieces-et-accessoires\/pneu-10-x-3\/","url":"https:\/\/stelfia.com\/shop\/pieces-et-accessoires\/pneu-10-x-3\/","name":"Pneu 10 x 3 - Trottinette \u00e9lectrique","isPartOf":{"@id":"https:\/\/stelfia.com\/#website"},"primaryImageOfPage":{"@id":"https:\/\/stelfia.com\/shop\/pieces-et-accessoires\/pneu-10-x-3\/#primaryimage"},"image":{"@id":"https:\/\/stelfia.com\/shop\/pieces-et-accessoires\/pneu-10-x-3\/#primaryimage"},"thumbnailUrl":"https:\/\/stelfia.com\/wp-content\/uploads\/2023\/05\/Sans-titre-Publication-Instagram-Carre-a3.png","datePublished":"2023-05-20T08:50:10+00:00","dateModified":"2024-02-15T10:17:00+00:00","breadcrumb":{"@id":"https:\/\/stelfia.com\/shop\/pieces-et-accessoires\/pneu-10-x-3\/#breadcrumb"},"inLanguage":"en-US","potentialAction":[{"@type":"ReadAction","target":["https:\/\/stelfia.com\/shop\/pieces-et-accessoires\/pneu-10-x-3\/"]}]},{"@type":"ImageObject","inLanguage":"en-US","@id":"https:\/\/stelfia.com\/shop\/pieces-et-accessoires\/pneu-10-x-3\/#primaryimage","url":"https:\/\/stelfia.com\/wp-content\/uploads\/2023\/05\/Sans-titre-Publication-Instagram-Carre-a3.png","contentUrl":"https:\/\/stelfia.com\/wp-content\/uploads\/2023\/05\/Sans-titre-Publication-Instagram-Carre-a3.png","width":1080,"height":1080},{"@type":"BreadcrumbList","@id":"https:\/\/stelfia.com\/shop\/pieces-et-accessoires\/pneu-10-x-3\/#breadcrumb","itemListElement":[{"@type":"ListItem","position":1,"name":"Accueil","item":"https:\/\/stelfia.com\/"},{"@type":"ListItem","position":2,"name":"Shop","item":"https:\/\/stelfia.com\/shop\/"},{"@type":"ListItem","position":3,"name":"Pneu 10 x 3"}]},{"@type":"WebSite","@id":"https:\/\/stelfia.com\/#website","url":"https:\/\/stelfia.com\/","name":"Electric scooter","description":"Electric scooter in French-speaking Switzerland","publisher":{"@id":"https:\/\/stelfia.com\/#organization"},"potentialAction":[{"@type":"SearchAction","target":{"@type":"EntryPoint","urlTemplate":"https:\/\/stelfia.com\/?s={search_term_string}"},"query-input":{"@type":"PropertyValueSpecification","valueRequired":true,"valueName":"search_term_string"}}],"inLanguage":"en-US"},{"@type":"Organization","@id":"https:\/\/stelfia.com\/#organization","name":"Trottinette \u00e9lectrique lausanne","url":"https:\/\/stelfia.com\/","logo":{"@type":"ImageObject","inLanguage":"en-US","@id":"https:\/\/stelfia.com\/#\/schema\/logo\/image\/","url":"https:\/\/stelfia.com\/wp-content\/uploads\/2023\/02\/logonew-removebg-preview.png","contentUrl":"https:\/\/stelfia.com\/wp-content\/uploads\/2023\/02\/logonew-removebg-preview.png","width":238,"height":100,"caption":"Trottinette \u00e9lectrique lausanne"},"image":{"@id":"https:\/\/stelfia.com\/#\/schema\/logo\/image\/"}}]}},"_links":{"self":[{"href":"https:\/\/stelfia.com\/en\/wp-json\/wp\/v2\/product\/10238","targetHints":{"allow":["GET"]}}],"collection":[{"href":"https:\/\/stelfia.com\/en\/wp-json\/wp\/v2\/product"}],"about":[{"href":"https:\/\/stelfia.com\/en\/wp-json\/wp\/v2\/types\/product"}],"version-history":[{"count":0,"href":"https:\/\/stelfia.com\/en\/wp-json\/wp\/v2\/product\/10238\/revisions"}],"wp:featuredmedia":[{"embeddable":true,"href":"https:\/\/stelfia.com\/en\/wp-json\/wp\/v2\/media\/10239"}],"wp:attachment":[{"href":"https:\/\/stelfia.com\/en\/wp-json\/wp\/v2\/media?parent=10238"}],"wp:term":[{"taxonomy":"product_brand","embeddable":true,"href":"https:\/\/stelfia.com\/en\/wp-json\/wp\/v2\/product_brand?post=10238"},{"taxonomy":"product_cat","embeddable":true,"href":"https:\/\/stelfia.com\/en\/wp-json\/wp\/v2\/product_cat?post=10238"},{"taxonomy":"product_tag","embeddable":true,"href":"https:\/\/stelfia.com\/en\/wp-json\/wp\/v2\/product_tag?post=10238"},{"taxonomy":"permis--de-conduire","embeddable":true,"href":"https:\/\/stelfia.com\/en\/wp-json\/wp\/v2\/permis--de-conduire?post=10238"},{"taxonomy":"vitesse","embeddable":true,"href":"https:\/\/stelfia.com\/en\/wp-json\/wp\/v2\/vitesse?post=10238"},{"taxonomy":"brands","embeddable":true,"href":"https:\/\/stelfia.com\/en\/wp-json\/wp\/v2\/brands?post=10238"},{"taxonomy":"accessoires","embeddable":true,"href":"https:\/\/stelfia.com\/en\/wp-json\/wp\/v2\/accessoires?post=10238"},{"taxonomy":"pieces-detachees","embeddable":true,"href":"https:\/\/stelfia.com\/en\/wp-json\/wp\/v2\/pieces-detachees?post=10238"},{"taxonomy":"trottinette-electrique","embeddable":true,"href":"https:\/\/stelfia.com\/en\/wp-json\/wp\/v2\/trottinette-electrique?post=10238"},{"taxonomy":"velo","embeddable":true,"href":"https:\/\/stelfia.com\/en\/wp-json\/wp\/v2\/velo?post=10238"}],"curies":[{"name":"wp","href":"https:\/\/api.w.org\/{rel}","templated":true}]}}