{"id":8796,"date":"2023-03-02T14:25:42","date_gmt":"2023-03-02T14:25:42","guid":{"rendered":"https:\/\/stelfia.com\/?page_id=8796"},"modified":"2025-03-13T18:49:08","modified_gmt":"2025-03-13T18:49:08","slug":"in-regards-to","status":"publish","type":"page","link":"https:\/\/stelfia.com\/en\/in-regards-to\/","title":{"rendered":"About Stelfia"},"content":{"rendered":"<div data-elementor-type=\"wp-page\" data-elementor-id=\"8796\" class=\"elementor elementor-8796\" data-elementor-post-type=\"page\">\n\t\t\t\t\t\t<section class=\"wd-negative-gap elementor-section elementor-top-section elementor-element elementor-element-eb295d6 elementor-section-boxed elementor-section-height-default elementor-section-height-default\" data-id=\"eb295d6\" data-element_type=\"section\" data-settings=\"{&quot;jet_parallax_layout_list&quot;:[]}\">\n\t\t\t\t\t\t<div class=\"elementor-container elementor-column-gap-default\">\n\t\t\t\t\t<div class=\"elementor-column elementor-col-100 elementor-top-column elementor-element elementor-element-3aa5791\" data-id=\"3aa5791\" data-element_type=\"column\">\n\t\t\t<div class=\"elementor-widget-wrap\">\n\t\t\t\t\t\t\t<\/div>\n\t\t<\/div>\n\t\t\t\t\t<\/div>\n\t\t<\/section>\n\t\t\t\t<section class=\"wd-negative-gap elementor-section elementor-top-section elementor-element elementor-element-7fefd4ae elementor-section-boxed elementor-section-height-default elementor-section-height-default\" data-id=\"7fefd4ae\" data-element_type=\"section\" data-settings=\"{&quot;jet_parallax_layout_list&quot;:[]}\">\n\t\t\t\t\t\t<div class=\"elementor-container elementor-column-gap-default\">\n\t\t\t\t\t<div class=\"elementor-column elementor-col-100 elementor-top-column elementor-element elementor-element-4b8516f\" data-id=\"4b8516f\" data-element_type=\"column\">\n\t\t\t<div class=\"elementor-widget-wrap elementor-element-populated\">\n\t\t\t\t\t\t<section class=\"wd-negative-gap elementor-section elementor-inner-section elementor-element elementor-element-27b7d757 elementor-section-boxed elementor-section-height-default elementor-section-height-default\" data-id=\"27b7d757\" data-element_type=\"section\" data-settings=\"{&quot;jet_parallax_layout_list&quot;:[]}\">\n\t\t\t\t\t\t<div class=\"elementor-container elementor-column-gap-default\">\n\t\t\t\t\t<div class=\"elementor-column elementor-col-100 elementor-inner-column elementor-element elementor-element-1d74d198\" data-id=\"1d74d198\" data-element_type=\"column\">\n\t\t\t<div class=\"elementor-widget-wrap elementor-element-populated\">\n\t\t\t\t\t\t<div class=\"elementor-element elementor-element-57052a83 elementor-headline--style-highlight elementor-widget elementor-widget-animated-headline\" data-id=\"57052a83\" data-element_type=\"widget\" data-settings=\"{&quot;highlighted_text&quot;:&quot;A PROPOS&quot;,&quot;marker&quot;:&quot;double&quot;,&quot;headline_style&quot;:&quot;highlight&quot;,&quot;loop&quot;:&quot;yes&quot;,&quot;highlight_animation_duration&quot;:1200,&quot;highlight_iteration_delay&quot;:8000}\" data-widget_type=\"animated-headline.default\">\n\t\t\t\t<div class=\"elementor-widget-container\">\n\t\t\t<link rel=\"stylesheet\" href=\"https:\/\/stelfia.com\/wp-content\/plugins\/elementor-pro\/assets\/css\/widget-animated-headline.min.css\">\t\t<h3 class=\"elementor-headline\">\n\t\t\t\t\t<span class=\"elementor-headline-plain-text elementor-headline-text-wrapper\">  <\/span>\n\t\t\t\t<span class=\"elementor-headline-dynamic-wrapper elementor-headline-text-wrapper\">\n\t\t\t\t\t<span class=\"elementor-headline-dynamic-text elementor-headline-text-active\">ABOUT<\/span>\n\t\t\t\t<\/span>\n\t\t\t\t<\/h3>\n\t\t\t\t<\/div>\n\t\t\t\t<\/div>\n\t\t\t\t<div class=\"elementor-element elementor-element-5d7629e3 color-scheme-inherit text-left elementor-widget elementor-widget-text-editor\" data-id=\"5d7629e3\" data-element_type=\"widget\" data-widget_type=\"text-editor.default\">\n\t\t\t\t<div class=\"elementor-widget-container\">\n\t\t\t<style>\/*! elementor - v3.22.0 - 17-06-2024 *\/\n.elementor-widget-text-editor.elementor-drop-cap-view-stacked .elementor-drop-cap{background-color:#69727d;color:#fff}.elementor-widget-text-editor.elementor-drop-cap-view-framed .elementor-drop-cap{color:#69727d;border:3px solid;background-color:transparent}.elementor-widget-text-editor:not(.elementor-drop-cap-view-default) .elementor-drop-cap{margin-top:8px}.elementor-widget-text-editor:not(.elementor-drop-cap-view-default) .elementor-drop-cap-letter{width:1em;height:1em}.elementor-widget-text-editor .elementor-drop-cap{float:left;text-align:center;line-height:1;font-size:50px}.elementor-widget-text-editor .elementor-drop-cap-letter{display:inline-block}<\/style>\t\t\t\t<blockquote><div dir=\"ltr\"><div class=\"x_WordSection1\"><p class=\"x_MsoNormal\" data-olk-copy-source=\"MessageBody\">Entreprise innovante sp\u00e9cialis\u00e9e dans la vente et la r\u00e9paration de trottinettes \u00e9lectriques.<\/p><p class=\"x_MsoNormal\" data-olk-copy-source=\"MessageBody\">L\u2019aventure a d\u00e9but\u00e9 en 2016 dans un petit bureau, avec seulement quelques outils et une table de travail. L\u2019id\u00e9e initiale \u00e9tait de redonner vie aux trottinettes \u00e9lectriques endommag\u00e9es ou d\u00e9fectueuses, puis de les revendre \u00e0 de nouveaux utilisateurs.<\/p><p class=\"x_MsoNormal\">Apr\u00e8s quelques ann\u00e9es, et face \u00e0 notre succ\u00e8s grandissant, une boutique avec showroom et atelier enti\u00e8rement \u00e9quip\u00e9 a vu le jour d\u00e9but 2022 \u00e0 Renens, \u00e0 100 m\u00e8tres de la gare.<\/p><p class=\"x_MsoNormal\">La boutique propose une large gamme de trottinettes \u00e9lectriques, neuves ou d\u2019occasion, adapt\u00e9es aux besoins de tous les types de clients : adolescents, adultes et professionnels.<\/p><p class=\"x_MsoNormal\">Les trottinettes \u00e9lectriques de Stelfia S\u00e0rl sont con\u00e7ues pour \u00eatre pratiques, \u00e9cologiques et durables.<\/p><p class=\"x_MsoNormal\">Elles permettent de d\u00e9couvrir la ville autrement ou simplement de profiter du plaisir d\u2019une balade insolite.<\/p><p class=\"x_MsoNormal\">En plus de la vente et de la possibilit\u00e9 de tester diff\u00e9rents mod\u00e8les, Stelfia propose \u00e9galement un service de location de courte et longue dur\u00e9e.<\/p><p class=\"x_MsoNormal\">Le magasin dispose aussi d\u2019un service de r\u00e9paration et de maintenance afin de garantir la satisfaction des clients et la durabilit\u00e9 des produits.<\/p><p class=\"x_MsoNormal\">Il est vrai qu\u2019il est aujourd\u2019hui difficile de choisir une trottinette \u00e9lectrique parmi toutes celles propos\u00e9es sur le march\u00e9. C\u2019est pourquoi notre \u00e9quipe est \u00e0 votre \u00e9coute pour vous aider \u00e0 faire le bon choix\u2026<\/p><p class=\"x_MsoNormal\">En 2023, Stelfia S\u00e0rl a \u00e9largi sa gamme de produits avec l\u2019arriv\u00e9e des v\u00e9los \u00e9lectriques ainsi que de certains scooters et motos (E-Chopper).<\/p><p class=\"x_MsoNormal\">En 2024, la gamme compl\u00e8te des Mukuta fait son entr\u00e9e, renfor\u00e7ant ainsi notre pr\u00e9sence sur le march\u00e9 de la mobilit\u00e9 douce.<\/p><p class=\"x_MsoNormal\">Cette ann\u00e9e, nous remanions notre syst\u00e8me information et investissons dans un nouvel ERP, afin de mieux vous servir.<\/p><p class=\"x_MsoNormal\">Pour l\u2019avenir, nous souhaitons rester proches de notre client\u00e8le et continuer \u00e0 \u00eatre \u00e0 votre \u00e9coute.<\/p><p class=\"x_MsoNormal\">Nous avons h\u00e2te de vous accueillir dans notre magasin !<\/p><\/div><\/div><\/blockquote>\t\t\t\t\t\t<\/div>\n\t\t\t\t<\/div>\n\t\t\t\t<div class=\"elementor-element elementor-element-0a0fb96 elementor-widget elementor-widget-wd_image_or_svg\" data-id=\"0a0fb96\" data-element_type=\"widget\" data-widget_type=\"wd_image_or_svg.default\">\n\t\t\t\t<div class=\"elementor-widget-container\">\n\t\t\t\n\t\t<div class=\"wd-image text-center\">\n\t\t\t\t\t\t\t\t<img fetchpriority=\"high\" decoding=\"async\" width=\"1182\" height=\"553\" src=\"https:\/\/stelfia.com\/wp-content\/uploads\/2025\/03\/WhatsApp-Image-2025-03-13-a-19.20.45_ca6dd565.jpg\" class=\"attachment-large size-large\" alt=\"\" srcset=\"https:\/\/stelfia.com\/wp-content\/uploads\/2025\/03\/WhatsApp-Image-2025-03-13-a-19.20.45_ca6dd565.jpg 1182w, https:\/\/stelfia.com\/wp-content\/uploads\/2025\/03\/WhatsApp-Image-2025-03-13-a-19.20.45_ca6dd565-400x187.jpg 400w, https:\/\/stelfia.com\/wp-content\/uploads\/2025\/03\/WhatsApp-Image-2025-03-13-a-19.20.45_ca6dd565-768x359.jpg 768w, https:\/\/stelfia.com\/wp-content\/uploads\/2025\/03\/WhatsApp-Image-2025-03-13-a-19.20.45_ca6dd565-18x8.jpg 18w, https:\/\/stelfia.com\/wp-content\/uploads\/2025\/03\/WhatsApp-Image-2025-03-13-a-19.20.45_ca6dd565-430x201.jpg 430w, https:\/\/stelfia.com\/wp-content\/uploads\/2025\/03\/WhatsApp-Image-2025-03-13-a-19.20.45_ca6dd565-700x327.jpg 700w, https:\/\/stelfia.com\/wp-content\/uploads\/2025\/03\/WhatsApp-Image-2025-03-13-a-19.20.45_ca6dd565-150x70.jpg 150w\" sizes=\"(max-width: 1182px) 100vw, 1182px\" \/>\t\t\t\t\t<\/div>\n\n\t\t\t\t<\/div>\n\t\t\t\t<\/div>\n\t\t\t\t\t<\/div>\n\t\t<\/div>\n\t\t\t\t\t<\/div>\n\t\t<\/section>\n\t\t\t\t\t<\/div>\n\t\t<\/div>\n\t\t\t\t\t<\/div>\n\t\t<\/section>\n\t\t\t\t<\/div>","protected":false},"excerpt":{"rendered":"<p>A PROPOS Entreprise innovante sp\u00e9cialis\u00e9e dans la vente et la r\u00e9paration de trottinettes \u00e9lectriques. L\u2019aventure a d\u00e9but\u00e9 en 2016 dans<\/p>","protected":false},"author":2,"featured_media":0,"parent":0,"menu_order":0,"comment_status":"closed","ping_status":"closed","template":"","meta":{"_uf_show_specific_survey":0,"_uf_disable_surveys":false,"footnotes":""},"class_list":["post-8796","page","type-page","status-publish","hentry"],"yoast_head":"<!-- This site is optimized with the Yoast SEO plugin v25.8 - https:\/\/yoast.com\/wordpress\/plugins\/seo\/ -->\n<title>A propos de Stelfia - Trottinette \u00e9lectrique<\/title>\n<meta name=\"robots\" content=\"index, follow, max-snippet:-1, max-image-preview:large, max-video-preview:-1\" \/>\n<link rel=\"canonical\" href=\"https:\/\/stelfia.com\/en\/in-regards-to\/\" \/>\n<meta property=\"og:locale\" content=\"en_US\" \/>\n<meta property=\"og:type\" content=\"article\" \/>\n<meta property=\"og:title\" content=\"A propos de Stelfia - Trottinette \u00e9lectrique\" \/>\n<meta property=\"og:description\" content=\"A PROPOS Entreprise innovante sp\u00e9cialis\u00e9e dans la vente et la r\u00e9paration de trottinettes \u00e9lectriques. L\u2019aventure a d\u00e9but\u00e9 en 2016 dans\" \/>\n<meta property=\"og:url\" content=\"https:\/\/stelfia.com\/en\/in-regards-to\/\" \/>\n<meta property=\"og:site_name\" content=\"Trottinette \u00e9lectrique\" \/>\n<meta property=\"article:modified_time\" content=\"2025-03-13T18:49:08+00:00\" \/>\n<meta property=\"og:image\" content=\"https:\/\/stelfia.com\/wp-content\/uploads\/2025\/03\/WhatsApp-Image-2025-03-13-a-19.20.45_ca6dd565.jpg\" \/>\n<meta name=\"twitter:card\" content=\"summary_large_image\" \/>\n<meta name=\"twitter:label1\" content=\"Est. reading time\" \/>\n\t<meta name=\"twitter:data1\" content=\"1 minute\" \/>\n<script type=\"application\/ld+json\" class=\"yoast-schema-graph\">{\"@context\":\"https:\/\/schema.org\",\"@graph\":[{\"@type\":\"WebPage\",\"@id\":\"https:\/\/stelfia.com\/in-regards-to\/\",\"url\":\"https:\/\/stelfia.com\/in-regards-to\/\",\"name\":\"A propos de Stelfia - Trottinette \u00e9lectrique\",\"isPartOf\":{\"@id\":\"https:\/\/stelfia.com\/#website\"},\"primaryImageOfPage\":{\"@id\":\"https:\/\/stelfia.com\/in-regards-to\/#primaryimage\"},\"image\":{\"@id\":\"https:\/\/stelfia.com\/in-regards-to\/#primaryimage\"},\"thumbnailUrl\":\"https:\/\/stelfia.com\/wp-content\/uploads\/2025\/03\/WhatsApp-Image-2025-03-13-a-19.20.45_ca6dd565.jpg\",\"datePublished\":\"2023-03-02T14:25:42+00:00\",\"dateModified\":\"2025-03-13T18:49:08+00:00\",\"breadcrumb\":{\"@id\":\"https:\/\/stelfia.com\/in-regards-to\/#breadcrumb\"},\"inLanguage\":\"en-US\",\"potentialAction\":[{\"@type\":\"ReadAction\",\"target\":[\"https:\/\/stelfia.com\/in-regards-to\/\"]}]},{\"@type\":\"ImageObject\",\"inLanguage\":\"en-US\",\"@id\":\"https:\/\/stelfia.com\/in-regards-to\/#primaryimage\",\"url\":\"https:\/\/stelfia.com\/wp-content\/uploads\/2025\/03\/WhatsApp-Image-2025-03-13-a-19.20.45_ca6dd565.jpg\",\"contentUrl\":\"https:\/\/stelfia.com\/wp-content\/uploads\/2025\/03\/WhatsApp-Image-2025-03-13-a-19.20.45_ca6dd565.jpg\"},{\"@type\":\"BreadcrumbList\",\"@id\":\"https:\/\/stelfia.com\/in-regards-to\/#breadcrumb\",\"itemListElement\":[{\"@type\":\"ListItem\",\"position\":1,\"name\":\"Accueil\",\"item\":\"https:\/\/stelfia.com\/\"},{\"@type\":\"ListItem\",\"position\":2,\"name\":\"A propos de Stelfia\"}]},{\"@type\":\"WebSite\",\"@id\":\"https:\/\/stelfia.com\/#website\",\"url\":\"https:\/\/stelfia.com\/\",\"name\":\"Trottinette \u00e9lectrique\",\"description\":\"Trottinette \u00e9lectrique en Suisse romande\",\"publisher\":{\"@id\":\"https:\/\/stelfia.com\/#organization\"},\"potentialAction\":[{\"@type\":\"SearchAction\",\"target\":{\"@type\":\"EntryPoint\",\"urlTemplate\":\"https:\/\/stelfia.com\/?s={search_term_string}\"},\"query-input\":{\"@type\":\"PropertyValueSpecification\",\"valueRequired\":true,\"valueName\":\"search_term_string\"}}],\"inLanguage\":\"en-US\"},{\"@type\":\"Organization\",\"@id\":\"https:\/\/stelfia.com\/#organization\",\"name\":\"Trottinette \u00e9lectrique lausanne\",\"url\":\"https:\/\/stelfia.com\/\",\"logo\":{\"@type\":\"ImageObject\",\"inLanguage\":\"en-US\",\"@id\":\"https:\/\/stelfia.com\/#\/schema\/logo\/image\/\",\"url\":\"https:\/\/stelfia.com\/wp-content\/uploads\/2023\/02\/logonew-removebg-preview.png\",\"contentUrl\":\"https:\/\/stelfia.com\/wp-content\/uploads\/2023\/02\/logonew-removebg-preview.png\",\"width\":238,\"height\":100,\"caption\":\"Trottinette \u00e9lectrique lausanne\"},\"image\":{\"@id\":\"https:\/\/stelfia.com\/#\/schema\/logo\/image\/\"}}]}<\/script>\n<!-- \/ Yoast SEO plugin. -->","yoast_head_json":{"title":"A propos de Stelfia - Trottinette \u00e9lectrique","robots":{"index":"index","follow":"follow","max-snippet":"max-snippet:-1","max-image-preview":"max-image-preview:large","max-video-preview":"max-video-preview:-1"},"canonical":"https:\/\/stelfia.com\/en\/in-regards-to\/","og_locale":"en_US","og_type":"article","og_title":"A propos de Stelfia - Trottinette \u00e9lectrique","og_description":"A PROPOS Entreprise innovante sp\u00e9cialis\u00e9e dans la vente et la r\u00e9paration de trottinettes \u00e9lectriques. L\u2019aventure a d\u00e9but\u00e9 en 2016 dans","og_url":"https:\/\/stelfia.com\/en\/in-regards-to\/","og_site_name":"Trottinette \u00e9lectrique","article_modified_time":"2025-03-13T18:49:08+00:00","og_image":[{"url":"https:\/\/stelfia.com\/wp-content\/uploads\/2025\/03\/WhatsApp-Image-2025-03-13-a-19.20.45_ca6dd565.jpg","type":"","width":"","height":""}],"twitter_card":"summary_large_image","twitter_misc":{"Est. reading time":"1 minute"},"schema":{"@context":"https:\/\/schema.org","@graph":[{"@type":"WebPage","@id":"https:\/\/stelfia.com\/in-regards-to\/","url":"https:\/\/stelfia.com\/in-regards-to\/","name":"A propos de Stelfia - Trottinette \u00e9lectrique","isPartOf":{"@id":"https:\/\/stelfia.com\/#website"},"primaryImageOfPage":{"@id":"https:\/\/stelfia.com\/in-regards-to\/#primaryimage"},"image":{"@id":"https:\/\/stelfia.com\/in-regards-to\/#primaryimage"},"thumbnailUrl":"https:\/\/stelfia.com\/wp-content\/uploads\/2025\/03\/WhatsApp-Image-2025-03-13-a-19.20.45_ca6dd565.jpg","datePublished":"2023-03-02T14:25:42+00:00","dateModified":"2025-03-13T18:49:08+00:00","breadcrumb":{"@id":"https:\/\/stelfia.com\/in-regards-to\/#breadcrumb"},"inLanguage":"en-US","potentialAction":[{"@type":"ReadAction","target":["https:\/\/stelfia.com\/in-regards-to\/"]}]},{"@type":"ImageObject","inLanguage":"en-US","@id":"https:\/\/stelfia.com\/in-regards-to\/#primaryimage","url":"https:\/\/stelfia.com\/wp-content\/uploads\/2025\/03\/WhatsApp-Image-2025-03-13-a-19.20.45_ca6dd565.jpg","contentUrl":"https:\/\/stelfia.com\/wp-content\/uploads\/2025\/03\/WhatsApp-Image-2025-03-13-a-19.20.45_ca6dd565.jpg"},{"@type":"BreadcrumbList","@id":"https:\/\/stelfia.com\/in-regards-to\/#breadcrumb","itemListElement":[{"@type":"ListItem","position":1,"name":"Accueil","item":"https:\/\/stelfia.com\/"},{"@type":"ListItem","position":2,"name":"A propos de Stelfia"}]},{"@type":"WebSite","@id":"https:\/\/stelfia.com\/#website","url":"https:\/\/stelfia.com\/","name":"Electric scooter","description":"Electric scooter in French-speaking Switzerland","publisher":{"@id":"https:\/\/stelfia.com\/#organization"},"potentialAction":[{"@type":"SearchAction","target":{"@type":"EntryPoint","urlTemplate":"https:\/\/stelfia.com\/?s={search_term_string}"},"query-input":{"@type":"PropertyValueSpecification","valueRequired":true,"valueName":"search_term_string"}}],"inLanguage":"en-US"},{"@type":"Organization","@id":"https:\/\/stelfia.com\/#organization","name":"Trottinette \u00e9lectrique lausanne","url":"https:\/\/stelfia.com\/","logo":{"@type":"ImageObject","inLanguage":"en-US","@id":"https:\/\/stelfia.com\/#\/schema\/logo\/image\/","url":"https:\/\/stelfia.com\/wp-content\/uploads\/2023\/02\/logonew-removebg-preview.png","contentUrl":"https:\/\/stelfia.com\/wp-content\/uploads\/2023\/02\/logonew-removebg-preview.png","width":238,"height":100,"caption":"Trottinette \u00e9lectrique lausanne"},"image":{"@id":"https:\/\/stelfia.com\/#\/schema\/logo\/image\/"}}]}},"_links":{"self":[{"href":"https:\/\/stelfia.com\/en\/wp-json\/wp\/v2\/pages\/8796","targetHints":{"allow":["GET"]}}],"collection":[{"href":"https:\/\/stelfia.com\/en\/wp-json\/wp\/v2\/pages"}],"about":[{"href":"https:\/\/stelfia.com\/en\/wp-json\/wp\/v2\/types\/page"}],"author":[{"embeddable":true,"href":"https:\/\/stelfia.com\/en\/wp-json\/wp\/v2\/users\/2"}],"replies":[{"embeddable":true,"href":"https:\/\/stelfia.com\/en\/wp-json\/wp\/v2\/comments?post=8796"}],"version-history":[{"count":0,"href":"https:\/\/stelfia.com\/en\/wp-json\/wp\/v2\/pages\/8796\/revisions"}],"wp:attachment":[{"href":"https:\/\/stelfia.com\/en\/wp-json\/wp\/v2\/media?parent=8796"}],"curies":[{"name":"wp","href":"https:\/\/api.w.org\/{rel}","templated":true}]}}