{"id":9441,"date":"2023-03-08T16:02:50","date_gmt":"2023-03-08T16:02:50","guid":{"rendered":"https:\/\/stelfia.com\/?post_type=product&#038;p=9441"},"modified":"2025-03-17T16:08:59","modified_gmt":"2025-03-17T16:08:59","slug":"e-twow-gt-se","status":"publish","type":"product","link":"https:\/\/stelfia.com\/de\/shop\/vehicules\/trottinette\/e-twow-gt-se\/","title":{"rendered":"E-Twow GT SE"},"content":{"rendered":"<p>Batterie: Lithium-Ionen 48 V, 10,5 Ah<\/p>\n<p>Motor: B\u00fcrstenlos 500 W<\/p>\n<p>Max. Geschwindigkeit: 20 km\/h (M\u00f6glichkeit der Entfesselung, max. 45 km\/h, nicht zugelassen)<\/p>\n<p>Autonomie: 40 \u2013 45 km<\/p>\n<p>R\u00e4der: 8\u2033, nicht aufblasbar, vorne und hinten<\/p>\n<p>Bremse: Elektrisch vorne, Trommel hinten<\/p>\n<p>Ladezeit: Ca. 3 \u2013 4 Stunden<\/p>\n<p>Gewicht: 13 kg<\/p>\n<p>Maximale Belastung: 110 kg<\/p>\n<p>Neigung: Bis zu 25\u00b0<\/p>\n<p>Wasserdichtigkeit: IP54<\/p>\n<p>Abmessungen: 1130 x 1167 x 386 mm<\/p>\n<p>Ma\u00dfe gefaltet: 1160 x 330 x 146 mm<\/p>\n<p>Ausstattung: Verschiedene Farben, Bluetooth<\/p>\n<p>Zustand: Neu<\/p>\n<p>Garantie: 2 Jahre (ein Jahr auf die Batterie)<\/p>\n<p>&nbsp;<\/p>\n<p><img decoding=\"async\" class=\"alignnone size-full wp-image-9333\" src=\"https:\/\/stelfia.com\/wp-content\/uploads\/2023\/02\/Capture-decran-2023-02-07-155823-300x89-1.jpg\" alt=\"\" width=\"300\" height=\"89\" srcset=\"https:\/\/stelfia.com\/wp-content\/uploads\/2023\/02\/Capture-decran-2023-02-07-155823-300x89-1.jpg 300w, https:\/\/stelfia.com\/wp-content\/uploads\/2023\/02\/Capture-decran-2023-02-07-155823-300x89-1-150x45.jpg 150w\" sizes=\"(max-width: 300px) 100vw, 300px\" \/><\/p>\n<p>Zugelassen f\u00fcr Schweizer Strassen<\/p>","protected":false},"excerpt":{"rendered":"<p>Benutzen Sie regelm\u00e4\u00dfig \u00f6ffentliche Verkehrsmittel oder das Auto? F\u00fcr die letzte Meile ist der E-Twow Ihr idealer Begleiter.<\/p>\n<p>Sehr leicht, kompakt und diskret, Sie werden immer eine kleine Ecke finden, um es irgendwo zu verstauen.<\/p>\n<p>Im Vergleich zu seiner kleinen Schwester zeichnet sich der GT vor allem durch seine gesteigerte Leistung und Autonomie aus.<\/p>","protected":false},"featured_media":9977,"template":"","meta":{"_uf_show_specific_survey":0,"_uf_disable_surveys":false},"product_brand":[],"product_cat":[114],"product_tag":[202,197,201,200],"permis--de-conduire":[],"vitesse":[],"brands":[84],"accessoires":[],"pieces-detachees":[],"trottinette-electrique":[109],"velo":[],"class_list":{"0":"post-9441","1":"product","2":"type-product","3":"status-publish","4":"has-post-thumbnail","6":"product_cat-trottinette","7":"product_tag-e-twow-gt","8":"product_tag-etwow","9":"product_tag-gt","10":"product_tag-gt-se","11":"brands-e-twow","12":"trottinette-electrique-neuves","13":"tm-has-options","15":"first","16":"instock","17":"taxable","18":"shipping-taxable","19":"purchasable","20":"product-type-simple"},"yoast_head":"<!-- This site is optimized with the Yoast SEO plugin v25.8 - https:\/\/yoast.com\/wordpress\/plugins\/seo\/ -->\n<title>E-Twow GT SE - Trottinette \u00e9lectrique<\/title>\n<meta name=\"robots\" content=\"index, follow, max-snippet:-1, max-image-preview:large, max-video-preview:-1\" \/>\n<link rel=\"canonical\" href=\"https:\/\/stelfia.com\/de\/shop\/vehicules\/trottinette\/e-twow-gt-se\/\" \/>\n<meta property=\"og:locale\" content=\"de_DE\" \/>\n<meta property=\"og:type\" content=\"article\" \/>\n<meta property=\"og:title\" content=\"E-Twow GT SE - Trottinette \u00e9lectrique\" \/>\n<meta property=\"og:description\" content=\"Vous prenez r\u00e9guli\u00e8rement les transports en commun ou la voiture\u00a0? La E-Twow sera votre compagnon id\u00e9al pour parcourir le dernier kilom\u00e8tre.  Tr\u00e8s l\u00e9g\u00e8re, compact et discr\u00e8te, vous trouverez toujours un petit coin pour la ranger quelque part.  Par rapport \u00e0 sa petite s\u0153ur, la GT se diff\u00e9rencie principalement pour sa puissance et son autonomie augment\u00e9s\" \/>\n<meta property=\"og:url\" content=\"https:\/\/stelfia.com\/de\/shop\/vehicules\/trottinette\/e-twow-gt-se\/\" \/>\n<meta property=\"og:site_name\" content=\"Trottinette \u00e9lectrique\" \/>\n<meta property=\"article:modified_time\" content=\"2025-03-17T16:08:59+00:00\" \/>\n<meta property=\"og:image\" content=\"https:\/\/stelfia.com\/wp-content\/uploads\/2023\/03\/Sans-titre-Publication-Instagram-Carre-1.jpg\" \/>\n\t<meta property=\"og:image:width\" content=\"1080\" \/>\n\t<meta property=\"og:image:height\" content=\"1080\" \/>\n\t<meta property=\"og:image:type\" content=\"image\/jpeg\" \/>\n<meta name=\"twitter:card\" content=\"summary_large_image\" \/>\n<meta name=\"twitter:label1\" content=\"Gesch\u00e4tzte Lesezeit\" \/>\n\t<meta name=\"twitter:data1\" content=\"1\u00a0Minute\" \/>\n<script type=\"application\/ld+json\" class=\"yoast-schema-graph\">{\"@context\":\"https:\/\/schema.org\",\"@graph\":[{\"@type\":\"WebPage\",\"@id\":\"https:\/\/stelfia.com\/shop\/vehicules\/trottinette\/e-twow-gt-se\/\",\"url\":\"https:\/\/stelfia.com\/shop\/vehicules\/trottinette\/e-twow-gt-se\/\",\"name\":\"E-Twow GT SE - Trottinette \u00e9lectrique\",\"isPartOf\":{\"@id\":\"https:\/\/stelfia.com\/#website\"},\"primaryImageOfPage\":{\"@id\":\"https:\/\/stelfia.com\/shop\/vehicules\/trottinette\/e-twow-gt-se\/#primaryimage\"},\"image\":{\"@id\":\"https:\/\/stelfia.com\/shop\/vehicules\/trottinette\/e-twow-gt-se\/#primaryimage\"},\"thumbnailUrl\":\"https:\/\/stelfia.com\/wp-content\/uploads\/2023\/03\/Sans-titre-Publication-Instagram-Carre-1.jpg\",\"datePublished\":\"2023-03-08T16:02:50+00:00\",\"dateModified\":\"2025-03-17T16:08:59+00:00\",\"breadcrumb\":{\"@id\":\"https:\/\/stelfia.com\/shop\/vehicules\/trottinette\/e-twow-gt-se\/#breadcrumb\"},\"inLanguage\":\"de\",\"potentialAction\":[{\"@type\":\"ReadAction\",\"target\":[\"https:\/\/stelfia.com\/shop\/vehicules\/trottinette\/e-twow-gt-se\/\"]}]},{\"@type\":\"ImageObject\",\"inLanguage\":\"de\",\"@id\":\"https:\/\/stelfia.com\/shop\/vehicules\/trottinette\/e-twow-gt-se\/#primaryimage\",\"url\":\"https:\/\/stelfia.com\/wp-content\/uploads\/2023\/03\/Sans-titre-Publication-Instagram-Carre-1.jpg\",\"contentUrl\":\"https:\/\/stelfia.com\/wp-content\/uploads\/2023\/03\/Sans-titre-Publication-Instagram-Carre-1.jpg\",\"width\":1080,\"height\":1080},{\"@type\":\"BreadcrumbList\",\"@id\":\"https:\/\/stelfia.com\/shop\/vehicules\/trottinette\/e-twow-gt-se\/#breadcrumb\",\"itemListElement\":[{\"@type\":\"ListItem\",\"position\":1,\"name\":\"Accueil\",\"item\":\"https:\/\/stelfia.com\/\"},{\"@type\":\"ListItem\",\"position\":2,\"name\":\"Shop\",\"item\":\"https:\/\/stelfia.com\/shop\/\"},{\"@type\":\"ListItem\",\"position\":3,\"name\":\"E-Twow GT SE\"}]},{\"@type\":\"WebSite\",\"@id\":\"https:\/\/stelfia.com\/#website\",\"url\":\"https:\/\/stelfia.com\/\",\"name\":\"Trottinette \u00e9lectrique\",\"description\":\"Trottinette \u00e9lectrique en Suisse romande\",\"publisher\":{\"@id\":\"https:\/\/stelfia.com\/#organization\"},\"potentialAction\":[{\"@type\":\"SearchAction\",\"target\":{\"@type\":\"EntryPoint\",\"urlTemplate\":\"https:\/\/stelfia.com\/?s={search_term_string}\"},\"query-input\":{\"@type\":\"PropertyValueSpecification\",\"valueRequired\":true,\"valueName\":\"search_term_string\"}}],\"inLanguage\":\"de\"},{\"@type\":\"Organization\",\"@id\":\"https:\/\/stelfia.com\/#organization\",\"name\":\"Trottinette \u00e9lectrique lausanne\",\"url\":\"https:\/\/stelfia.com\/\",\"logo\":{\"@type\":\"ImageObject\",\"inLanguage\":\"de\",\"@id\":\"https:\/\/stelfia.com\/#\/schema\/logo\/image\/\",\"url\":\"https:\/\/stelfia.com\/wp-content\/uploads\/2023\/02\/logonew-removebg-preview.png\",\"contentUrl\":\"https:\/\/stelfia.com\/wp-content\/uploads\/2023\/02\/logonew-removebg-preview.png\",\"width\":238,\"height\":100,\"caption\":\"Trottinette \u00e9lectrique lausanne\"},\"image\":{\"@id\":\"https:\/\/stelfia.com\/#\/schema\/logo\/image\/\"}}]}<\/script>\n<!-- \/ Yoast SEO plugin. -->","yoast_head_json":{"title":"E-Twow GT SE - Trottinette \u00e9lectrique","robots":{"index":"index","follow":"follow","max-snippet":"max-snippet:-1","max-image-preview":"max-image-preview:large","max-video-preview":"max-video-preview:-1"},"canonical":"https:\/\/stelfia.com\/de\/shop\/vehicules\/trottinette\/e-twow-gt-se\/","og_locale":"de_DE","og_type":"article","og_title":"E-Twow GT SE - Trottinette \u00e9lectrique","og_description":"Vous prenez r\u00e9guli\u00e8rement les transports en commun ou la voiture\u00a0? La E-Twow sera votre compagnon id\u00e9al pour parcourir le dernier kilom\u00e8tre.  Tr\u00e8s l\u00e9g\u00e8re, compact et discr\u00e8te, vous trouverez toujours un petit coin pour la ranger quelque part.  Par rapport \u00e0 sa petite s\u0153ur, la GT se diff\u00e9rencie principalement pour sa puissance et son autonomie augment\u00e9s","og_url":"https:\/\/stelfia.com\/de\/shop\/vehicules\/trottinette\/e-twow-gt-se\/","og_site_name":"Trottinette \u00e9lectrique","article_modified_time":"2025-03-17T16:08:59+00:00","og_image":[{"width":1080,"height":1080,"url":"https:\/\/stelfia.com\/wp-content\/uploads\/2023\/03\/Sans-titre-Publication-Instagram-Carre-1.jpg","type":"image\/jpeg"}],"twitter_card":"summary_large_image","twitter_misc":{"Gesch\u00e4tzte Lesezeit":"1\u00a0Minute"},"schema":{"@context":"https:\/\/schema.org","@graph":[{"@type":"WebPage","@id":"https:\/\/stelfia.com\/shop\/vehicules\/trottinette\/e-twow-gt-se\/","url":"https:\/\/stelfia.com\/shop\/vehicules\/trottinette\/e-twow-gt-se\/","name":"E-Twow GT SE - Trottinette \u00e9lectrique","isPartOf":{"@id":"https:\/\/stelfia.com\/#website"},"primaryImageOfPage":{"@id":"https:\/\/stelfia.com\/shop\/vehicules\/trottinette\/e-twow-gt-se\/#primaryimage"},"image":{"@id":"https:\/\/stelfia.com\/shop\/vehicules\/trottinette\/e-twow-gt-se\/#primaryimage"},"thumbnailUrl":"https:\/\/stelfia.com\/wp-content\/uploads\/2023\/03\/Sans-titre-Publication-Instagram-Carre-1.jpg","datePublished":"2023-03-08T16:02:50+00:00","dateModified":"2025-03-17T16:08:59+00:00","breadcrumb":{"@id":"https:\/\/stelfia.com\/shop\/vehicules\/trottinette\/e-twow-gt-se\/#breadcrumb"},"inLanguage":"de","potentialAction":[{"@type":"ReadAction","target":["https:\/\/stelfia.com\/shop\/vehicules\/trottinette\/e-twow-gt-se\/"]}]},{"@type":"ImageObject","inLanguage":"de","@id":"https:\/\/stelfia.com\/shop\/vehicules\/trottinette\/e-twow-gt-se\/#primaryimage","url":"https:\/\/stelfia.com\/wp-content\/uploads\/2023\/03\/Sans-titre-Publication-Instagram-Carre-1.jpg","contentUrl":"https:\/\/stelfia.com\/wp-content\/uploads\/2023\/03\/Sans-titre-Publication-Instagram-Carre-1.jpg","width":1080,"height":1080},{"@type":"BreadcrumbList","@id":"https:\/\/stelfia.com\/shop\/vehicules\/trottinette\/e-twow-gt-se\/#breadcrumb","itemListElement":[{"@type":"ListItem","position":1,"name":"Accueil","item":"https:\/\/stelfia.com\/"},{"@type":"ListItem","position":2,"name":"Shop","item":"https:\/\/stelfia.com\/shop\/"},{"@type":"ListItem","position":3,"name":"E-Twow GT SE"}]},{"@type":"WebSite","@id":"https:\/\/stelfia.com\/#website","url":"https:\/\/stelfia.com\/","name":"Elektroroller","description":"Trottinette \u00e9lectrique en Suisse romande","publisher":{"@id":"https:\/\/stelfia.com\/#organization"},"potentialAction":[{"@type":"SearchAction","target":{"@type":"EntryPoint","urlTemplate":"https:\/\/stelfia.com\/?s={search_term_string}"},"query-input":{"@type":"PropertyValueSpecification","valueRequired":true,"valueName":"search_term_string"}}],"inLanguage":"de"},{"@type":"Organization","@id":"https:\/\/stelfia.com\/#organization","name":"Trottinette \u00e9lectrique lausanne","url":"https:\/\/stelfia.com\/","logo":{"@type":"ImageObject","inLanguage":"de","@id":"https:\/\/stelfia.com\/#\/schema\/logo\/image\/","url":"https:\/\/stelfia.com\/wp-content\/uploads\/2023\/02\/logonew-removebg-preview.png","contentUrl":"https:\/\/stelfia.com\/wp-content\/uploads\/2023\/02\/logonew-removebg-preview.png","width":238,"height":100,"caption":"Trottinette \u00e9lectrique lausanne"},"image":{"@id":"https:\/\/stelfia.com\/#\/schema\/logo\/image\/"}}]}},"_links":{"self":[{"href":"https:\/\/stelfia.com\/de\/wp-json\/wp\/v2\/product\/9441","targetHints":{"allow":["GET"]}}],"collection":[{"href":"https:\/\/stelfia.com\/de\/wp-json\/wp\/v2\/product"}],"about":[{"href":"https:\/\/stelfia.com\/de\/wp-json\/wp\/v2\/types\/product"}],"version-history":[{"count":0,"href":"https:\/\/stelfia.com\/de\/wp-json\/wp\/v2\/product\/9441\/revisions"}],"wp:featuredmedia":[{"embeddable":true,"href":"https:\/\/stelfia.com\/de\/wp-json\/wp\/v2\/media\/9977"}],"wp:attachment":[{"href":"https:\/\/stelfia.com\/de\/wp-json\/wp\/v2\/media?parent=9441"}],"wp:term":[{"taxonomy":"product_brand","embeddable":true,"href":"https:\/\/stelfia.com\/de\/wp-json\/wp\/v2\/product_brand?post=9441"},{"taxonomy":"product_cat","embeddable":true,"href":"https:\/\/stelfia.com\/de\/wp-json\/wp\/v2\/product_cat?post=9441"},{"taxonomy":"product_tag","embeddable":true,"href":"https:\/\/stelfia.com\/de\/wp-json\/wp\/v2\/product_tag?post=9441"},{"taxonomy":"permis--de-conduire","embeddable":true,"href":"https:\/\/stelfia.com\/de\/wp-json\/wp\/v2\/permis--de-conduire?post=9441"},{"taxonomy":"vitesse","embeddable":true,"href":"https:\/\/stelfia.com\/de\/wp-json\/wp\/v2\/vitesse?post=9441"},{"taxonomy":"brands","embeddable":true,"href":"https:\/\/stelfia.com\/de\/wp-json\/wp\/v2\/brands?post=9441"},{"taxonomy":"accessoires","embeddable":true,"href":"https:\/\/stelfia.com\/de\/wp-json\/wp\/v2\/accessoires?post=9441"},{"taxonomy":"pieces-detachees","embeddable":true,"href":"https:\/\/stelfia.com\/de\/wp-json\/wp\/v2\/pieces-detachees?post=9441"},{"taxonomy":"trottinette-electrique","embeddable":true,"href":"https:\/\/stelfia.com\/de\/wp-json\/wp\/v2\/trottinette-electrique?post=9441"},{"taxonomy":"velo","embeddable":true,"href":"https:\/\/stelfia.com\/de\/wp-json\/wp\/v2\/velo?post=9441"}],"curies":[{"name":"wp","href":"https:\/\/api.w.org\/{rel}","templated":true}]}}