{"id":577,"date":"2022-10-17T14:00:16","date_gmt":"2022-10-17T14:00:16","guid":{"rendered":"https:\/\/stelfia.com\/?post_type=product&#038;p=577"},"modified":"2025-02-20T09:15:58","modified_gmt":"2025-02-20T09:15:58","slug":"meguiars-ultimate-interior-detailer-450-ml-g16216","status":"publish","type":"product","link":"https:\/\/stelfia.com\/de\/shop\/meguiars\/meguiars-ultimate-interior-detailer-450-ml-g16216\/","title":{"rendered":"Meguiar&#039;s Ultimate Interior Detailer 450 ml, G16216"},"content":{"rendered":"","protected":false},"excerpt":{"rendered":"<div id=\"tab-description\" class=\"woocommerce-Tabs-panel woocommerce-Tabs-panel--description panel entry-content wc-tab\" role=\"tabpanel\" aria-labelledby=\"tab-title-description\">\n<h2>Beschreibung<\/h2>\n<p>Der Ultimate Interior Detailer von Meguiar reinigt und bietet gleichzeitig UV-Schutz, damit Ihr Innenraum l\u00e4nger bestaussehend bleibt.<br \/>\nEs entfernt wirksam Flecken und Schmutz von Innenraumelementen aus Kunststoff, Leder und Vinyl (Lenkrad, Navigationssystem, LCD-Bildschirmen, Mittelkonsole, Armaturenbrett, Innent\u00fcren usw.) und hinterl\u00e4sst ein seidenmattes Finish, das wochenlang h\u00e4lt!<\/p>\n<ul>\n<li>Zur Reinigung und zum Schutz der Innenraumelemente! Langanhaltender UV-Schutz<\/li>\n<li>Trocknet schnell und hinterl\u00e4sst ein nicht fettendes Satin-Finish<\/li>\n<li>Reinigt und entstaubt Kunststoff-, Leder- und Vinylgegenst\u00e4nde im Innenraum<\/li>\n<li>473 ml<\/li>\n<\/ul>\n<\/div>","protected":false},"featured_media":8639,"template":"","meta":{"_uf_show_specific_survey":0,"_uf_disable_surveys":false},"product_brand":[],"product_cat":[227],"product_tag":[],"permis--de-conduire":[],"vitesse":[],"brands":[80],"accessoires":[],"pieces-detachees":[],"trottinette-electrique":[],"velo":[],"class_list":{"0":"post-577","1":"product","2":"type-product","3":"status-publish","4":"has-post-thumbnail","6":"product_cat-meguiars","7":"brands-meguiars","8":"tm-no-options","10":"first","11":"instock","12":"taxable","13":"shipping-taxable","14":"purchasable","15":"product-type-simple"},"yoast_head":"<!-- This site is optimized with the Yoast SEO plugin v25.8 - https:\/\/yoast.com\/wordpress\/plugins\/seo\/ -->\n<title>Meguiar\u2019s Ultimate Interior Detailer 450 ml, G16216 - Trottinette \u00e9lectrique<\/title>\n<meta name=\"robots\" content=\"index, follow, max-snippet:-1, max-image-preview:large, max-video-preview:-1\" \/>\n<link rel=\"canonical\" href=\"https:\/\/stelfia.com\/de\/shop\/meguiars\/meguiars-ultimate-interior-detailer-450-ml-g16216\/\" \/>\n<meta property=\"og:locale\" content=\"de_DE\" \/>\n<meta property=\"og:type\" content=\"article\" \/>\n<meta property=\"og:title\" content=\"Meguiar\u2019s Ultimate Interior Detailer 450 ml, G16216 - Trottinette \u00e9lectrique\" \/>\n<meta property=\"og:description\" content=\"Description Meguiar\u2019s Ultimate Interior Detailer nettoie tout en apportant une protection anti-UV afin de conserver un int\u00e9rieur en parfait \u00e9tat, plus longtemps. Il \u00e9limine efficacement traces et salet\u00e9s sur les \u00e9l\u00e9ments de l\u2019habitacle en plastique, cuir, et vinyle (volant, syst\u00e8me de navigation, \u00e9crans LCD, console centrale, tableau de bord, int\u00e9rieur des portes\u2026) et laisse une finition satin\u00e9e qui dure des semaines !   Pour nettoyer et prot\u00e9ger les \u00e9l\u00e9ments de l\u2019habitacle ! Protection anti-UV longue dur\u00e9e  S\u00e8che rapidement et laisse une finition satin\u00e9e non grasse  Nettoie et d\u00e9poussi\u00e8re les \u00e9l\u00e9ments int\u00e9rieurs en plastique, cuir, et vinyle  473ml\" \/>\n<meta property=\"og:url\" content=\"https:\/\/stelfia.com\/de\/shop\/meguiars\/meguiars-ultimate-interior-detailer-450-ml-g16216\/\" \/>\n<meta property=\"og:site_name\" content=\"Trottinette \u00e9lectrique\" \/>\n<meta property=\"article:modified_time\" content=\"2025-02-20T09:15:58+00:00\" \/>\n<meta property=\"og:image\" content=\"https:\/\/stelfia.com\/wp-content\/uploads\/2023\/02\/t7-1.png\" \/>\n\t<meta property=\"og:image:width\" content=\"880\" \/>\n\t<meta property=\"og:image:height\" content=\"880\" \/>\n\t<meta property=\"og:image:type\" content=\"image\/png\" \/>\n<meta name=\"twitter:card\" content=\"summary_large_image\" \/>\n<meta name=\"twitter:label1\" content=\"Gesch\u00e4tzte Lesezeit\" \/>\n\t<meta name=\"twitter:data1\" content=\"1\u00a0Minute\" \/>\n<script type=\"application\/ld+json\" class=\"yoast-schema-graph\">{\"@context\":\"https:\/\/schema.org\",\"@graph\":[{\"@type\":\"WebPage\",\"@id\":\"https:\/\/stelfia.com\/shop\/meguiars\/meguiars-ultimate-interior-detailer-450-ml-g16216\/\",\"url\":\"https:\/\/stelfia.com\/shop\/meguiars\/meguiars-ultimate-interior-detailer-450-ml-g16216\/\",\"name\":\"Meguiar\u2019s Ultimate Interior Detailer 450 ml, G16216 - Trottinette \u00e9lectrique\",\"isPartOf\":{\"@id\":\"https:\/\/stelfia.com\/#website\"},\"primaryImageOfPage\":{\"@id\":\"https:\/\/stelfia.com\/shop\/meguiars\/meguiars-ultimate-interior-detailer-450-ml-g16216\/#primaryimage\"},\"image\":{\"@id\":\"https:\/\/stelfia.com\/shop\/meguiars\/meguiars-ultimate-interior-detailer-450-ml-g16216\/#primaryimage\"},\"thumbnailUrl\":\"https:\/\/stelfia.com\/wp-content\/uploads\/2023\/02\/t7-1.png\",\"datePublished\":\"2022-10-17T14:00:16+00:00\",\"dateModified\":\"2025-02-20T09:15:58+00:00\",\"breadcrumb\":{\"@id\":\"https:\/\/stelfia.com\/shop\/meguiars\/meguiars-ultimate-interior-detailer-450-ml-g16216\/#breadcrumb\"},\"inLanguage\":\"de\",\"potentialAction\":[{\"@type\":\"ReadAction\",\"target\":[\"https:\/\/stelfia.com\/shop\/meguiars\/meguiars-ultimate-interior-detailer-450-ml-g16216\/\"]}]},{\"@type\":\"ImageObject\",\"inLanguage\":\"de\",\"@id\":\"https:\/\/stelfia.com\/shop\/meguiars\/meguiars-ultimate-interior-detailer-450-ml-g16216\/#primaryimage\",\"url\":\"https:\/\/stelfia.com\/wp-content\/uploads\/2023\/02\/t7-1.png\",\"contentUrl\":\"https:\/\/stelfia.com\/wp-content\/uploads\/2023\/02\/t7-1.png\",\"width\":880,\"height\":880},{\"@type\":\"BreadcrumbList\",\"@id\":\"https:\/\/stelfia.com\/shop\/meguiars\/meguiars-ultimate-interior-detailer-450-ml-g16216\/#breadcrumb\",\"itemListElement\":[{\"@type\":\"ListItem\",\"position\":1,\"name\":\"Accueil\",\"item\":\"https:\/\/stelfia.com\/\"},{\"@type\":\"ListItem\",\"position\":2,\"name\":\"Shop\",\"item\":\"https:\/\/stelfia.com\/shop\/\"},{\"@type\":\"ListItem\",\"position\":3,\"name\":\"Meguiar\u2019s Ultimate Interior Detailer 450 ml, G16216\"}]},{\"@type\":\"WebSite\",\"@id\":\"https:\/\/stelfia.com\/#website\",\"url\":\"https:\/\/stelfia.com\/\",\"name\":\"Trottinette \u00e9lectrique\",\"description\":\"Trottinette \u00e9lectrique en Suisse romande\",\"publisher\":{\"@id\":\"https:\/\/stelfia.com\/#organization\"},\"potentialAction\":[{\"@type\":\"SearchAction\",\"target\":{\"@type\":\"EntryPoint\",\"urlTemplate\":\"https:\/\/stelfia.com\/?s={search_term_string}\"},\"query-input\":{\"@type\":\"PropertyValueSpecification\",\"valueRequired\":true,\"valueName\":\"search_term_string\"}}],\"inLanguage\":\"de\"},{\"@type\":\"Organization\",\"@id\":\"https:\/\/stelfia.com\/#organization\",\"name\":\"Trottinette \u00e9lectrique lausanne\",\"url\":\"https:\/\/stelfia.com\/\",\"logo\":{\"@type\":\"ImageObject\",\"inLanguage\":\"de\",\"@id\":\"https:\/\/stelfia.com\/#\/schema\/logo\/image\/\",\"url\":\"https:\/\/stelfia.com\/wp-content\/uploads\/2023\/02\/logonew-removebg-preview.png\",\"contentUrl\":\"https:\/\/stelfia.com\/wp-content\/uploads\/2023\/02\/logonew-removebg-preview.png\",\"width\":238,\"height\":100,\"caption\":\"Trottinette \u00e9lectrique lausanne\"},\"image\":{\"@id\":\"https:\/\/stelfia.com\/#\/schema\/logo\/image\/\"}}]}<\/script>\n<!-- \/ Yoast SEO plugin. -->","yoast_head_json":{"title":"Meguiar\u2019s Ultimate Interior Detailer 450 ml, G16216 - Trottinette \u00e9lectrique","robots":{"index":"index","follow":"follow","max-snippet":"max-snippet:-1","max-image-preview":"max-image-preview:large","max-video-preview":"max-video-preview:-1"},"canonical":"https:\/\/stelfia.com\/de\/shop\/meguiars\/meguiars-ultimate-interior-detailer-450-ml-g16216\/","og_locale":"de_DE","og_type":"article","og_title":"Meguiar\u2019s Ultimate Interior Detailer 450 ml, G16216 - Trottinette \u00e9lectrique","og_description":"Description Meguiar\u2019s Ultimate Interior Detailer nettoie tout en apportant une protection anti-UV afin de conserver un int\u00e9rieur en parfait \u00e9tat, plus longtemps. Il \u00e9limine efficacement traces et salet\u00e9s sur les \u00e9l\u00e9ments de l\u2019habitacle en plastique, cuir, et vinyle (volant, syst\u00e8me de navigation, \u00e9crans LCD, console centrale, tableau de bord, int\u00e9rieur des portes\u2026) et laisse une finition satin\u00e9e qui dure des semaines !   Pour nettoyer et prot\u00e9ger les \u00e9l\u00e9ments de l\u2019habitacle ! Protection anti-UV longue dur\u00e9e  S\u00e8che rapidement et laisse une finition satin\u00e9e non grasse  Nettoie et d\u00e9poussi\u00e8re les \u00e9l\u00e9ments int\u00e9rieurs en plastique, cuir, et vinyle  473ml","og_url":"https:\/\/stelfia.com\/de\/shop\/meguiars\/meguiars-ultimate-interior-detailer-450-ml-g16216\/","og_site_name":"Trottinette \u00e9lectrique","article_modified_time":"2025-02-20T09:15:58+00:00","og_image":[{"width":880,"height":880,"url":"https:\/\/stelfia.com\/wp-content\/uploads\/2023\/02\/t7-1.png","type":"image\/png"}],"twitter_card":"summary_large_image","twitter_misc":{"Gesch\u00e4tzte Lesezeit":"1\u00a0Minute"},"schema":{"@context":"https:\/\/schema.org","@graph":[{"@type":"WebPage","@id":"https:\/\/stelfia.com\/shop\/meguiars\/meguiars-ultimate-interior-detailer-450-ml-g16216\/","url":"https:\/\/stelfia.com\/shop\/meguiars\/meguiars-ultimate-interior-detailer-450-ml-g16216\/","name":"Meguiar\u2019s Ultimate Interior Detailer 450 ml, G16216 - Trottinette \u00e9lectrique","isPartOf":{"@id":"https:\/\/stelfia.com\/#website"},"primaryImageOfPage":{"@id":"https:\/\/stelfia.com\/shop\/meguiars\/meguiars-ultimate-interior-detailer-450-ml-g16216\/#primaryimage"},"image":{"@id":"https:\/\/stelfia.com\/shop\/meguiars\/meguiars-ultimate-interior-detailer-450-ml-g16216\/#primaryimage"},"thumbnailUrl":"https:\/\/stelfia.com\/wp-content\/uploads\/2023\/02\/t7-1.png","datePublished":"2022-10-17T14:00:16+00:00","dateModified":"2025-02-20T09:15:58+00:00","breadcrumb":{"@id":"https:\/\/stelfia.com\/shop\/meguiars\/meguiars-ultimate-interior-detailer-450-ml-g16216\/#breadcrumb"},"inLanguage":"de","potentialAction":[{"@type":"ReadAction","target":["https:\/\/stelfia.com\/shop\/meguiars\/meguiars-ultimate-interior-detailer-450-ml-g16216\/"]}]},{"@type":"ImageObject","inLanguage":"de","@id":"https:\/\/stelfia.com\/shop\/meguiars\/meguiars-ultimate-interior-detailer-450-ml-g16216\/#primaryimage","url":"https:\/\/stelfia.com\/wp-content\/uploads\/2023\/02\/t7-1.png","contentUrl":"https:\/\/stelfia.com\/wp-content\/uploads\/2023\/02\/t7-1.png","width":880,"height":880},{"@type":"BreadcrumbList","@id":"https:\/\/stelfia.com\/shop\/meguiars\/meguiars-ultimate-interior-detailer-450-ml-g16216\/#breadcrumb","itemListElement":[{"@type":"ListItem","position":1,"name":"Accueil","item":"https:\/\/stelfia.com\/"},{"@type":"ListItem","position":2,"name":"Shop","item":"https:\/\/stelfia.com\/shop\/"},{"@type":"ListItem","position":3,"name":"Meguiar\u2019s Ultimate Interior Detailer 450 ml, G16216"}]},{"@type":"WebSite","@id":"https:\/\/stelfia.com\/#website","url":"https:\/\/stelfia.com\/","name":"Elektroroller","description":"Trottinette \u00e9lectrique en Suisse romande","publisher":{"@id":"https:\/\/stelfia.com\/#organization"},"potentialAction":[{"@type":"SearchAction","target":{"@type":"EntryPoint","urlTemplate":"https:\/\/stelfia.com\/?s={search_term_string}"},"query-input":{"@type":"PropertyValueSpecification","valueRequired":true,"valueName":"search_term_string"}}],"inLanguage":"de"},{"@type":"Organization","@id":"https:\/\/stelfia.com\/#organization","name":"Trottinette \u00e9lectrique lausanne","url":"https:\/\/stelfia.com\/","logo":{"@type":"ImageObject","inLanguage":"de","@id":"https:\/\/stelfia.com\/#\/schema\/logo\/image\/","url":"https:\/\/stelfia.com\/wp-content\/uploads\/2023\/02\/logonew-removebg-preview.png","contentUrl":"https:\/\/stelfia.com\/wp-content\/uploads\/2023\/02\/logonew-removebg-preview.png","width":238,"height":100,"caption":"Trottinette \u00e9lectrique lausanne"},"image":{"@id":"https:\/\/stelfia.com\/#\/schema\/logo\/image\/"}}]}},"_links":{"self":[{"href":"https:\/\/stelfia.com\/de\/wp-json\/wp\/v2\/product\/577","targetHints":{"allow":["GET"]}}],"collection":[{"href":"https:\/\/stelfia.com\/de\/wp-json\/wp\/v2\/product"}],"about":[{"href":"https:\/\/stelfia.com\/de\/wp-json\/wp\/v2\/types\/product"}],"version-history":[{"count":0,"href":"https:\/\/stelfia.com\/de\/wp-json\/wp\/v2\/product\/577\/revisions"}],"wp:featuredmedia":[{"embeddable":true,"href":"https:\/\/stelfia.com\/de\/wp-json\/wp\/v2\/media\/8639"}],"wp:attachment":[{"href":"https:\/\/stelfia.com\/de\/wp-json\/wp\/v2\/media?parent=577"}],"wp:term":[{"taxonomy":"product_brand","embeddable":true,"href":"https:\/\/stelfia.com\/de\/wp-json\/wp\/v2\/product_brand?post=577"},{"taxonomy":"product_cat","embeddable":true,"href":"https:\/\/stelfia.com\/de\/wp-json\/wp\/v2\/product_cat?post=577"},{"taxonomy":"product_tag","embeddable":true,"href":"https:\/\/stelfia.com\/de\/wp-json\/wp\/v2\/product_tag?post=577"},{"taxonomy":"permis--de-conduire","embeddable":true,"href":"https:\/\/stelfia.com\/de\/wp-json\/wp\/v2\/permis--de-conduire?post=577"},{"taxonomy":"vitesse","embeddable":true,"href":"https:\/\/stelfia.com\/de\/wp-json\/wp\/v2\/vitesse?post=577"},{"taxonomy":"brands","embeddable":true,"href":"https:\/\/stelfia.com\/de\/wp-json\/wp\/v2\/brands?post=577"},{"taxonomy":"accessoires","embeddable":true,"href":"https:\/\/stelfia.com\/de\/wp-json\/wp\/v2\/accessoires?post=577"},{"taxonomy":"pieces-detachees","embeddable":true,"href":"https:\/\/stelfia.com\/de\/wp-json\/wp\/v2\/pieces-detachees?post=577"},{"taxonomy":"trottinette-electrique","embeddable":true,"href":"https:\/\/stelfia.com\/de\/wp-json\/wp\/v2\/trottinette-electrique?post=577"},{"taxonomy":"velo","embeddable":true,"href":"https:\/\/stelfia.com\/de\/wp-json\/wp\/v2\/velo?post=577"}],"curies":[{"name":"wp","href":"https:\/\/api.w.org\/{rel}","templated":true}]}}