{"id":558,"date":"2022-10-17T13:51:58","date_gmt":"2022-10-17T13:51:58","guid":{"rendered":"https:\/\/stelfia.com\/?post_type=product&#038;p=558"},"modified":"2025-02-20T09:21:09","modified_gmt":"2025-02-20T09:21:09","slug":"meguiars-tampons-applicateurs-2-pieces-w0002","status":"publish","type":"product","link":"https:\/\/stelfia.com\/de\/shop\/meguiars\/meguiars-tampons-applicateurs-2-pieces-w0002\/","title":{"rendered":"Meguiar&#039;s Applikator-Pads 2er-Pack, W0002"},"content":{"rendered":"","protected":false},"excerpt":{"rendered":"<div id=\"tab-description\" class=\"woocommerce-Tabs-panel woocommerce-Tabs-panel--description panel entry-content wc-tab\" role=\"tabpanel\" aria-labelledby=\"tab-title-description\">\n<h2>Beschreibung<\/h2>\n<ul>\n<li>Schaumstoffpad f\u00fcr gleichm\u00e4\u00dfiges Auftragen<\/li>\n<li>Auch zum Auftragen von Produkten auf Leder oder Kunststoff geeignet<\/li>\n<li>Nimmt das Produkt nicht auf, im Gegensatz zu anderen textilen Accessoires wie z. B. T\u00fcchern.<\/li>\n<li>Maschinenwaschbar<\/li>\n<li>Set mit 2 Schaumstoffpolstern<\/li>\n<\/ul>\n<\/div>","protected":false},"featured_media":8627,"template":"","meta":{"_uf_show_specific_survey":0,"_uf_disable_surveys":false},"product_brand":[],"product_cat":[227],"product_tag":[],"permis--de-conduire":[],"vitesse":[],"brands":[80],"accessoires":[],"pieces-detachees":[],"trottinette-electrique":[],"velo":[],"class_list":{"0":"post-558","1":"product","2":"type-product","3":"status-publish","4":"has-post-thumbnail","6":"product_cat-meguiars","7":"brands-meguiars","8":"tm-no-options","10":"first","11":"instock","12":"taxable","13":"shipping-taxable","14":"purchasable","15":"product-type-simple"},"yoast_head":"<!-- This site is optimized with the Yoast SEO plugin v25.8 - https:\/\/yoast.com\/wordpress\/plugins\/seo\/ -->\n<title>Meguiar\u2019s Tampons applicateurs 2 pi\u00e8ces, W0002 - Trottinette \u00e9lectrique<\/title>\n<meta name=\"robots\" content=\"index, follow, max-snippet:-1, max-image-preview:large, max-video-preview:-1\" \/>\n<link rel=\"canonical\" href=\"https:\/\/stelfia.com\/de\/shop\/meguiars\/meguiars-tampons-applicateurs-2-pieces-w0002\/\" \/>\n<meta property=\"og:locale\" content=\"de_DE\" \/>\n<meta property=\"og:type\" content=\"article\" \/>\n<meta property=\"og:title\" content=\"Meguiar\u2019s Tampons applicateurs 2 pi\u00e8ces, W0002 - Trottinette \u00e9lectrique\" \/>\n<meta property=\"og:description\" content=\"Description   Tampon en mousse pour une application uniforme  Egalement recommand\u00e9 pour l\u2019application de produits sur le cuir ou les plastiques  N\u2019absorbe pas le produit au contraire des autres accessoires textiles comme les chiffons..  Lavable en machine  Lot de 2 tampons en mousse\" \/>\n<meta property=\"og:url\" content=\"https:\/\/stelfia.com\/de\/shop\/meguiars\/meguiars-tampons-applicateurs-2-pieces-w0002\/\" \/>\n<meta property=\"og:site_name\" content=\"Trottinette \u00e9lectrique\" \/>\n<meta property=\"article:modified_time\" content=\"2025-02-20T09:21:09+00:00\" \/>\n<meta property=\"og:image\" content=\"https:\/\/stelfia.com\/wp-content\/uploads\/2023\/02\/t1.jpg\" \/>\n\t<meta property=\"og:image:width\" content=\"600\" \/>\n\t<meta property=\"og:image:height\" content=\"600\" \/>\n\t<meta property=\"og:image:type\" content=\"image\/jpeg\" \/>\n<meta name=\"twitter:card\" content=\"summary_large_image\" \/>\n<meta name=\"twitter:label1\" content=\"Gesch\u00e4tzte Lesezeit\" \/>\n\t<meta name=\"twitter:data1\" content=\"1\u00a0Minute\" \/>\n<script type=\"application\/ld+json\" class=\"yoast-schema-graph\">{\"@context\":\"https:\/\/schema.org\",\"@graph\":[{\"@type\":\"WebPage\",\"@id\":\"https:\/\/stelfia.com\/shop\/meguiars\/meguiars-tampons-applicateurs-2-pieces-w0002\/\",\"url\":\"https:\/\/stelfia.com\/shop\/meguiars\/meguiars-tampons-applicateurs-2-pieces-w0002\/\",\"name\":\"Meguiar\u2019s Tampons applicateurs 2 pi\u00e8ces, W0002 - Trottinette \u00e9lectrique\",\"isPartOf\":{\"@id\":\"https:\/\/stelfia.com\/#website\"},\"primaryImageOfPage\":{\"@id\":\"https:\/\/stelfia.com\/shop\/meguiars\/meguiars-tampons-applicateurs-2-pieces-w0002\/#primaryimage\"},\"image\":{\"@id\":\"https:\/\/stelfia.com\/shop\/meguiars\/meguiars-tampons-applicateurs-2-pieces-w0002\/#primaryimage\"},\"thumbnailUrl\":\"https:\/\/stelfia.com\/wp-content\/uploads\/2023\/02\/t1.jpg\",\"datePublished\":\"2022-10-17T13:51:58+00:00\",\"dateModified\":\"2025-02-20T09:21:09+00:00\",\"breadcrumb\":{\"@id\":\"https:\/\/stelfia.com\/shop\/meguiars\/meguiars-tampons-applicateurs-2-pieces-w0002\/#breadcrumb\"},\"inLanguage\":\"de\",\"potentialAction\":[{\"@type\":\"ReadAction\",\"target\":[\"https:\/\/stelfia.com\/shop\/meguiars\/meguiars-tampons-applicateurs-2-pieces-w0002\/\"]}]},{\"@type\":\"ImageObject\",\"inLanguage\":\"de\",\"@id\":\"https:\/\/stelfia.com\/shop\/meguiars\/meguiars-tampons-applicateurs-2-pieces-w0002\/#primaryimage\",\"url\":\"https:\/\/stelfia.com\/wp-content\/uploads\/2023\/02\/t1.jpg\",\"contentUrl\":\"https:\/\/stelfia.com\/wp-content\/uploads\/2023\/02\/t1.jpg\",\"width\":600,\"height\":600},{\"@type\":\"BreadcrumbList\",\"@id\":\"https:\/\/stelfia.com\/shop\/meguiars\/meguiars-tampons-applicateurs-2-pieces-w0002\/#breadcrumb\",\"itemListElement\":[{\"@type\":\"ListItem\",\"position\":1,\"name\":\"Accueil\",\"item\":\"https:\/\/stelfia.com\/\"},{\"@type\":\"ListItem\",\"position\":2,\"name\":\"Shop\",\"item\":\"https:\/\/stelfia.com\/shop\/\"},{\"@type\":\"ListItem\",\"position\":3,\"name\":\"Meguiar\u2019s Tampons applicateurs 2 pi\u00e8ces, W0002\"}]},{\"@type\":\"WebSite\",\"@id\":\"https:\/\/stelfia.com\/#website\",\"url\":\"https:\/\/stelfia.com\/\",\"name\":\"Trottinette \u00e9lectrique\",\"description\":\"Trottinette \u00e9lectrique en Suisse romande\",\"publisher\":{\"@id\":\"https:\/\/stelfia.com\/#organization\"},\"potentialAction\":[{\"@type\":\"SearchAction\",\"target\":{\"@type\":\"EntryPoint\",\"urlTemplate\":\"https:\/\/stelfia.com\/?s={search_term_string}\"},\"query-input\":{\"@type\":\"PropertyValueSpecification\",\"valueRequired\":true,\"valueName\":\"search_term_string\"}}],\"inLanguage\":\"de\"},{\"@type\":\"Organization\",\"@id\":\"https:\/\/stelfia.com\/#organization\",\"name\":\"Trottinette \u00e9lectrique lausanne\",\"url\":\"https:\/\/stelfia.com\/\",\"logo\":{\"@type\":\"ImageObject\",\"inLanguage\":\"de\",\"@id\":\"https:\/\/stelfia.com\/#\/schema\/logo\/image\/\",\"url\":\"https:\/\/stelfia.com\/wp-content\/uploads\/2023\/02\/logonew-removebg-preview.png\",\"contentUrl\":\"https:\/\/stelfia.com\/wp-content\/uploads\/2023\/02\/logonew-removebg-preview.png\",\"width\":238,\"height\":100,\"caption\":\"Trottinette \u00e9lectrique lausanne\"},\"image\":{\"@id\":\"https:\/\/stelfia.com\/#\/schema\/logo\/image\/\"}}]}<\/script>\n<!-- \/ Yoast SEO plugin. -->","yoast_head_json":{"title":"Meguiar\u2019s Tampons applicateurs 2 pi\u00e8ces, W0002 - Trottinette \u00e9lectrique","robots":{"index":"index","follow":"follow","max-snippet":"max-snippet:-1","max-image-preview":"max-image-preview:large","max-video-preview":"max-video-preview:-1"},"canonical":"https:\/\/stelfia.com\/de\/shop\/meguiars\/meguiars-tampons-applicateurs-2-pieces-w0002\/","og_locale":"de_DE","og_type":"article","og_title":"Meguiar\u2019s Tampons applicateurs 2 pi\u00e8ces, W0002 - Trottinette \u00e9lectrique","og_description":"Description   Tampon en mousse pour une application uniforme  Egalement recommand\u00e9 pour l\u2019application de produits sur le cuir ou les plastiques  N\u2019absorbe pas le produit au contraire des autres accessoires textiles comme les chiffons..  Lavable en machine  Lot de 2 tampons en mousse","og_url":"https:\/\/stelfia.com\/de\/shop\/meguiars\/meguiars-tampons-applicateurs-2-pieces-w0002\/","og_site_name":"Trottinette \u00e9lectrique","article_modified_time":"2025-02-20T09:21:09+00:00","og_image":[{"width":600,"height":600,"url":"https:\/\/stelfia.com\/wp-content\/uploads\/2023\/02\/t1.jpg","type":"image\/jpeg"}],"twitter_card":"summary_large_image","twitter_misc":{"Gesch\u00e4tzte Lesezeit":"1\u00a0Minute"},"schema":{"@context":"https:\/\/schema.org","@graph":[{"@type":"WebPage","@id":"https:\/\/stelfia.com\/shop\/meguiars\/meguiars-tampons-applicateurs-2-pieces-w0002\/","url":"https:\/\/stelfia.com\/shop\/meguiars\/meguiars-tampons-applicateurs-2-pieces-w0002\/","name":"Meguiar\u2019s Tampons applicateurs 2 pi\u00e8ces, W0002 - Trottinette \u00e9lectrique","isPartOf":{"@id":"https:\/\/stelfia.com\/#website"},"primaryImageOfPage":{"@id":"https:\/\/stelfia.com\/shop\/meguiars\/meguiars-tampons-applicateurs-2-pieces-w0002\/#primaryimage"},"image":{"@id":"https:\/\/stelfia.com\/shop\/meguiars\/meguiars-tampons-applicateurs-2-pieces-w0002\/#primaryimage"},"thumbnailUrl":"https:\/\/stelfia.com\/wp-content\/uploads\/2023\/02\/t1.jpg","datePublished":"2022-10-17T13:51:58+00:00","dateModified":"2025-02-20T09:21:09+00:00","breadcrumb":{"@id":"https:\/\/stelfia.com\/shop\/meguiars\/meguiars-tampons-applicateurs-2-pieces-w0002\/#breadcrumb"},"inLanguage":"de","potentialAction":[{"@type":"ReadAction","target":["https:\/\/stelfia.com\/shop\/meguiars\/meguiars-tampons-applicateurs-2-pieces-w0002\/"]}]},{"@type":"ImageObject","inLanguage":"de","@id":"https:\/\/stelfia.com\/shop\/meguiars\/meguiars-tampons-applicateurs-2-pieces-w0002\/#primaryimage","url":"https:\/\/stelfia.com\/wp-content\/uploads\/2023\/02\/t1.jpg","contentUrl":"https:\/\/stelfia.com\/wp-content\/uploads\/2023\/02\/t1.jpg","width":600,"height":600},{"@type":"BreadcrumbList","@id":"https:\/\/stelfia.com\/shop\/meguiars\/meguiars-tampons-applicateurs-2-pieces-w0002\/#breadcrumb","itemListElement":[{"@type":"ListItem","position":1,"name":"Accueil","item":"https:\/\/stelfia.com\/"},{"@type":"ListItem","position":2,"name":"Shop","item":"https:\/\/stelfia.com\/shop\/"},{"@type":"ListItem","position":3,"name":"Meguiar\u2019s Tampons applicateurs 2 pi\u00e8ces, W0002"}]},{"@type":"WebSite","@id":"https:\/\/stelfia.com\/#website","url":"https:\/\/stelfia.com\/","name":"Elektroroller","description":"Trottinette \u00e9lectrique en Suisse romande","publisher":{"@id":"https:\/\/stelfia.com\/#organization"},"potentialAction":[{"@type":"SearchAction","target":{"@type":"EntryPoint","urlTemplate":"https:\/\/stelfia.com\/?s={search_term_string}"},"query-input":{"@type":"PropertyValueSpecification","valueRequired":true,"valueName":"search_term_string"}}],"inLanguage":"de"},{"@type":"Organization","@id":"https:\/\/stelfia.com\/#organization","name":"Trottinette \u00e9lectrique lausanne","url":"https:\/\/stelfia.com\/","logo":{"@type":"ImageObject","inLanguage":"de","@id":"https:\/\/stelfia.com\/#\/schema\/logo\/image\/","url":"https:\/\/stelfia.com\/wp-content\/uploads\/2023\/02\/logonew-removebg-preview.png","contentUrl":"https:\/\/stelfia.com\/wp-content\/uploads\/2023\/02\/logonew-removebg-preview.png","width":238,"height":100,"caption":"Trottinette \u00e9lectrique lausanne"},"image":{"@id":"https:\/\/stelfia.com\/#\/schema\/logo\/image\/"}}]}},"_links":{"self":[{"href":"https:\/\/stelfia.com\/de\/wp-json\/wp\/v2\/product\/558","targetHints":{"allow":["GET"]}}],"collection":[{"href":"https:\/\/stelfia.com\/de\/wp-json\/wp\/v2\/product"}],"about":[{"href":"https:\/\/stelfia.com\/de\/wp-json\/wp\/v2\/types\/product"}],"version-history":[{"count":0,"href":"https:\/\/stelfia.com\/de\/wp-json\/wp\/v2\/product\/558\/revisions"}],"wp:featuredmedia":[{"embeddable":true,"href":"https:\/\/stelfia.com\/de\/wp-json\/wp\/v2\/media\/8627"}],"wp:attachment":[{"href":"https:\/\/stelfia.com\/de\/wp-json\/wp\/v2\/media?parent=558"}],"wp:term":[{"taxonomy":"product_brand","embeddable":true,"href":"https:\/\/stelfia.com\/de\/wp-json\/wp\/v2\/product_brand?post=558"},{"taxonomy":"product_cat","embeddable":true,"href":"https:\/\/stelfia.com\/de\/wp-json\/wp\/v2\/product_cat?post=558"},{"taxonomy":"product_tag","embeddable":true,"href":"https:\/\/stelfia.com\/de\/wp-json\/wp\/v2\/product_tag?post=558"},{"taxonomy":"permis--de-conduire","embeddable":true,"href":"https:\/\/stelfia.com\/de\/wp-json\/wp\/v2\/permis--de-conduire?post=558"},{"taxonomy":"vitesse","embeddable":true,"href":"https:\/\/stelfia.com\/de\/wp-json\/wp\/v2\/vitesse?post=558"},{"taxonomy":"brands","embeddable":true,"href":"https:\/\/stelfia.com\/de\/wp-json\/wp\/v2\/brands?post=558"},{"taxonomy":"accessoires","embeddable":true,"href":"https:\/\/stelfia.com\/de\/wp-json\/wp\/v2\/accessoires?post=558"},{"taxonomy":"pieces-detachees","embeddable":true,"href":"https:\/\/stelfia.com\/de\/wp-json\/wp\/v2\/pieces-detachees?post=558"},{"taxonomy":"trottinette-electrique","embeddable":true,"href":"https:\/\/stelfia.com\/de\/wp-json\/wp\/v2\/trottinette-electrique?post=558"},{"taxonomy":"velo","embeddable":true,"href":"https:\/\/stelfia.com\/de\/wp-json\/wp\/v2\/velo?post=558"}],"curies":[{"name":"wp","href":"https:\/\/api.w.org\/{rel}","templated":true}]}}