{"id":513,"date":"2022-10-17T13:15:55","date_gmt":"2022-10-17T13:15:55","guid":{"rendered":"https:\/\/stelfia.com\/?post_type=product&#038;p=513"},"modified":"2026-04-21T20:34:32","modified_gmt":"2026-04-21T20:34:32","slug":"tfr-q6-guidon-electrique-pour-fauteuil-roulant","status":"publish","type":"product","link":"https:\/\/stelfia.com\/de\/shop\/vehicules\/mobilite-seniors\/tfr-q6-guidon-electrique-pour-fauteuil-roulant\/","title":{"rendered":"TFR Q6 guidon \u00e9lectrique pour fauteuil roulant"},"content":{"rendered":"<p>Fonctionnel, l\u00e9ger et facile d\u2019utilisation, ce guidon \u00e9lectrique permet aux personnes \u00e0 mobilit\u00e9 r\u00e9duite de se d\u00e9placer avec plus de praticit\u00e9.<br \/>\nSon syst\u00e8me de fixation permet de s\u2019adapter \u00e0 un grand nombre de fauteuils roulants.<\/p>","protected":false},"excerpt":{"rendered":"<div id=\"tab-description\" class=\"woocommerce-Tabs-panel woocommerce-Tabs-panel--description panel entry-content wc-tab\" role=\"tabpanel\" aria-labelledby=\"tab-title-description\">\n<h2>Beschreibung<\/h2>\n<p>Batterie :\u00a0\u00a0\u00a0\u00a0\u00a0\u00a0\u00a0\u00a0\u00a0\u00a0\u00a0\u00a0\u00a0\u00a0\u00a0\u00a0 Lithium-Ion 36V, 7.5Ah<br \/>\nMoteur :\u00a0\u00a0\u00a0\u00a0\u00a0\u00a0\u00a0\u00a0\u00a0\u00a0\u00a0\u00a0\u00a0\u00a0\u00a0\u00a0\u00a0 Brushless 250 W<br \/>\nVitesse max. :\u00a0\u00a0\u00a0 \u00a0 \u00a0\u00a0 20 km\/h<br \/>\nAutonomie :\u00a0\u00a0\u00a0\u00a0\u00a0\u00a0 \u00a0 \u00a0\u00a0 20-30 km<br \/>\nRoues :\u00a0\u00a0\u00a0\u00a0\u00a0\u00a0\u00a0\u00a0\u00a0\u00a0\u00a0\u00a0\u00a0 \u00a0 \u00a0\u00a0\u00a0\u00a0 8\u201d non gonflable<br \/>\nFrein :\u00a0\u00a0\u00a0\u00a0\u00a0\u00a0\u00a0\u00a0\u00a0\u00a0\u00a0\u00a0\u00a0\u00a0\u00a0\u00a0\u00a0\u00a0\u00a0\u00a0\u00a0\u00a0 Tambour<br \/>\nTemps charge :\u00a0 \u00a0 \u00a0\u00a0 Env. 5-6 h<br \/>\nPoids :\u00a0\u00a0\u00a0\u00a0\u00a0\u00a0\u00a0\u00a0\u00a0\u00a0\u00a0\u00a0\u00a0\u00a0\u00a0\u00a0\u00a0\u00a0\u00a0\u00a0\u00a0 10 kg<br \/>\nCharge max. :\u00a0\u00a0\u00a0\u00a0\u00a0\u00a0\u00a0\u00a0 NA<br \/>\nDimensions :\u00a0\u00a0\u00a0\u00a0 \u00a0 \u00a0\u00a0 Hauteur 600-800 mm, largeur 420 mm<br \/>\n\u00c9quipement :\u00a0\u00a0\u00a0\u00a0\u00a0\u00a0\u00a0\u00a0\u00a0 Fonction marche arri\u00e8re, 3 modes de vitesse, b\u00e9quille, syst\u00e8me pratique de fixation au fauteuil roulant, chargeur<br \/>\n\u00c9tat :\u00a0\u00a0\u00a0\u00a0\u00a0\u00a0\u00a0\u00a0\u00a0\u00a0\u00a0\u00a0\u00a0\u00a0\u00a0\u00a0\u00a0\u00a0\u00a0\u00a0\u00a0\u00a0\u00a0\u00a0 Neuf, garantie une ann\u00e9e<br \/>\nD\u00e9lai :\u00a0\u00a0\u00a0\u00a0\u00a0\u00a0\u00a0\u00a0\u00a0\u00a0\u00a0\u00a0\u00a0\u00a0\u00a0\u00a0\u00a0\u00a0\u00a0\u00a0\u00a0\u00a0 Sur commande, env. 4-6 sem.<br \/>\nFauteuil roulant non compris<\/p>\n<\/div>","protected":false},"featured_media":8592,"template":"","meta":{"_uf_show_specific_survey":0,"_uf_disable_surveys":false},"product_brand":[],"product_cat":[457],"product_tag":[],"permis--de-conduire":[],"vitesse":[],"brands":[],"accessoires":[],"pieces-detachees":[],"trottinette-electrique":[109],"velo":[],"class_list":{"0":"post-513","1":"product","2":"type-product","3":"status-publish","4":"has-post-thumbnail","6":"product_cat-mobilite-seniors","7":"trottinette-electrique-neuves","8":"tm-no-options","10":"first","11":"instock","12":"taxable","13":"shipping-taxable","14":"purchasable","15":"product-type-simple"},"yoast_head":"<!-- This site is optimized with the Yoast SEO plugin v25.8 - https:\/\/yoast.com\/wordpress\/plugins\/seo\/ -->\n<title>TFR Q6 guidon \u00e9lectrique pour fauteuil roulant - Trottinette \u00e9lectrique<\/title>\n<meta name=\"robots\" content=\"index, follow, max-snippet:-1, max-image-preview:large, max-video-preview:-1\" \/>\n<link rel=\"canonical\" href=\"https:\/\/stelfia.com\/de\/shop\/vehicules\/mobilite-seniors\/tfr-q6-guidon-electrique-pour-fauteuil-roulant\/\" \/>\n<meta property=\"og:locale\" content=\"de_DE\" \/>\n<meta property=\"og:type\" content=\"article\" \/>\n<meta property=\"og:title\" content=\"TFR Q6 guidon \u00e9lectrique pour fauteuil roulant - Trottinette \u00e9lectrique\" \/>\n<meta property=\"og:description\" content=\"Description Batterie :\u00a0\u00a0\u00a0\u00a0\u00a0\u00a0\u00a0\u00a0\u00a0\u00a0\u00a0\u00a0\u00a0\u00a0\u00a0\u00a0 Lithium-Ion 36V, 7.5Ah Moteur :\u00a0\u00a0\u00a0\u00a0\u00a0\u00a0\u00a0\u00a0\u00a0\u00a0\u00a0\u00a0\u00a0\u00a0\u00a0\u00a0\u00a0 Brushless 250 W Vitesse max. :\u00a0\u00a0\u00a0 \u00a0 \u00a0\u00a0 20 km\/h Autonomie :\u00a0\u00a0\u00a0\u00a0\u00a0\u00a0 \u00a0 \u00a0\u00a0 20-30 km Roues :\u00a0\u00a0\u00a0\u00a0\u00a0\u00a0\u00a0\u00a0\u00a0\u00a0\u00a0\u00a0\u00a0 \u00a0 \u00a0\u00a0\u00a0\u00a0 8\u201d non gonflable Frein :\u00a0\u00a0\u00a0\u00a0\u00a0\u00a0\u00a0\u00a0\u00a0\u00a0\u00a0\u00a0\u00a0\u00a0\u00a0\u00a0\u00a0\u00a0\u00a0\u00a0\u00a0\u00a0 Tambour Temps charge :\u00a0 \u00a0 \u00a0\u00a0 Env. 5-6 h Poids :\u00a0\u00a0\u00a0\u00a0\u00a0\u00a0\u00a0\u00a0\u00a0\u00a0\u00a0\u00a0\u00a0\u00a0\u00a0\u00a0\u00a0\u00a0\u00a0\u00a0\u00a0 10 kg Charge max. :\u00a0\u00a0\u00a0\u00a0\u00a0\u00a0\u00a0\u00a0 NA Dimensions :\u00a0\u00a0\u00a0\u00a0 \u00a0 \u00a0\u00a0 Hauteur 600-800 mm, largeur 420 mm \u00c9quipement :\u00a0\u00a0\u00a0\u00a0\u00a0\u00a0\u00a0\u00a0\u00a0 Fonction marche arri\u00e8re, 3 modes de vitesse, b\u00e9quille, syst\u00e8me pratique de fixation au fauteuil roulant, chargeur \u00c9tat :\u00a0\u00a0\u00a0\u00a0\u00a0\u00a0\u00a0\u00a0\u00a0\u00a0\u00a0\u00a0\u00a0\u00a0\u00a0\u00a0\u00a0\u00a0\u00a0\u00a0\u00a0\u00a0\u00a0\u00a0 Neuf, garantie une ann\u00e9e D\u00e9lai :\u00a0\u00a0\u00a0\u00a0\u00a0\u00a0\u00a0\u00a0\u00a0\u00a0\u00a0\u00a0\u00a0\u00a0\u00a0\u00a0\u00a0\u00a0\u00a0\u00a0\u00a0\u00a0 Sur commande, env. 4-6 sem. Fauteuil roulant non compris\" \/>\n<meta property=\"og:url\" content=\"https:\/\/stelfia.com\/de\/shop\/vehicules\/mobilite-seniors\/tfr-q6-guidon-electrique-pour-fauteuil-roulant\/\" \/>\n<meta property=\"og:site_name\" content=\"Trottinette \u00e9lectrique\" \/>\n<meta property=\"article:modified_time\" content=\"2026-04-21T20:34:32+00:00\" \/>\n<meta property=\"og:image\" content=\"https:\/\/stelfia.com\/wp-content\/uploads\/2023\/02\/TFR-Q6-guidon-electrique-pour-fauteuil-roulant.png\" \/>\n\t<meta property=\"og:image:width\" content=\"370\" \/>\n\t<meta property=\"og:image:height\" content=\"350\" \/>\n\t<meta property=\"og:image:type\" content=\"image\/png\" \/>\n<meta name=\"twitter:card\" content=\"summary_large_image\" \/>\n<meta name=\"twitter:label1\" content=\"Gesch\u00e4tzte Lesezeit\" \/>\n\t<meta name=\"twitter:data1\" content=\"1\u00a0Minute\" \/>\n<script type=\"application\/ld+json\" class=\"yoast-schema-graph\">{\"@context\":\"https:\/\/schema.org\",\"@graph\":[{\"@type\":\"WebPage\",\"@id\":\"https:\/\/stelfia.com\/shop\/vehicules\/mobilite-seniors\/tfr-q6-guidon-electrique-pour-fauteuil-roulant\/\",\"url\":\"https:\/\/stelfia.com\/shop\/vehicules\/mobilite-seniors\/tfr-q6-guidon-electrique-pour-fauteuil-roulant\/\",\"name\":\"TFR Q6 guidon \u00e9lectrique pour fauteuil roulant - Trottinette \u00e9lectrique\",\"isPartOf\":{\"@id\":\"https:\/\/stelfia.com\/#website\"},\"primaryImageOfPage\":{\"@id\":\"https:\/\/stelfia.com\/shop\/vehicules\/mobilite-seniors\/tfr-q6-guidon-electrique-pour-fauteuil-roulant\/#primaryimage\"},\"image\":{\"@id\":\"https:\/\/stelfia.com\/shop\/vehicules\/mobilite-seniors\/tfr-q6-guidon-electrique-pour-fauteuil-roulant\/#primaryimage\"},\"thumbnailUrl\":\"https:\/\/stelfia.com\/wp-content\/uploads\/2023\/02\/TFR-Q6-guidon-electrique-pour-fauteuil-roulant.png\",\"datePublished\":\"2022-10-17T13:15:55+00:00\",\"dateModified\":\"2026-04-21T20:34:32+00:00\",\"breadcrumb\":{\"@id\":\"https:\/\/stelfia.com\/shop\/vehicules\/mobilite-seniors\/tfr-q6-guidon-electrique-pour-fauteuil-roulant\/#breadcrumb\"},\"inLanguage\":\"de\",\"potentialAction\":[{\"@type\":\"ReadAction\",\"target\":[\"https:\/\/stelfia.com\/shop\/vehicules\/mobilite-seniors\/tfr-q6-guidon-electrique-pour-fauteuil-roulant\/\"]}]},{\"@type\":\"ImageObject\",\"inLanguage\":\"de\",\"@id\":\"https:\/\/stelfia.com\/shop\/vehicules\/mobilite-seniors\/tfr-q6-guidon-electrique-pour-fauteuil-roulant\/#primaryimage\",\"url\":\"https:\/\/stelfia.com\/wp-content\/uploads\/2023\/02\/TFR-Q6-guidon-electrique-pour-fauteuil-roulant.png\",\"contentUrl\":\"https:\/\/stelfia.com\/wp-content\/uploads\/2023\/02\/TFR-Q6-guidon-electrique-pour-fauteuil-roulant.png\",\"width\":370,\"height\":350},{\"@type\":\"BreadcrumbList\",\"@id\":\"https:\/\/stelfia.com\/shop\/vehicules\/mobilite-seniors\/tfr-q6-guidon-electrique-pour-fauteuil-roulant\/#breadcrumb\",\"itemListElement\":[{\"@type\":\"ListItem\",\"position\":1,\"name\":\"Accueil\",\"item\":\"https:\/\/stelfia.com\/\"},{\"@type\":\"ListItem\",\"position\":2,\"name\":\"Shop\",\"item\":\"https:\/\/stelfia.com\/shop\/\"},{\"@type\":\"ListItem\",\"position\":3,\"name\":\"TFR Q6 guidon \u00e9lectrique pour fauteuil roulant\"}]},{\"@type\":\"WebSite\",\"@id\":\"https:\/\/stelfia.com\/#website\",\"url\":\"https:\/\/stelfia.com\/\",\"name\":\"Trottinette \u00e9lectrique\",\"description\":\"Trottinette \u00e9lectrique en Suisse romande\",\"publisher\":{\"@id\":\"https:\/\/stelfia.com\/#organization\"},\"potentialAction\":[{\"@type\":\"SearchAction\",\"target\":{\"@type\":\"EntryPoint\",\"urlTemplate\":\"https:\/\/stelfia.com\/?s={search_term_string}\"},\"query-input\":{\"@type\":\"PropertyValueSpecification\",\"valueRequired\":true,\"valueName\":\"search_term_string\"}}],\"inLanguage\":\"de\"},{\"@type\":\"Organization\",\"@id\":\"https:\/\/stelfia.com\/#organization\",\"name\":\"Trottinette \u00e9lectrique lausanne\",\"url\":\"https:\/\/stelfia.com\/\",\"logo\":{\"@type\":\"ImageObject\",\"inLanguage\":\"de\",\"@id\":\"https:\/\/stelfia.com\/#\/schema\/logo\/image\/\",\"url\":\"https:\/\/stelfia.com\/wp-content\/uploads\/2023\/02\/logonew-removebg-preview.png\",\"contentUrl\":\"https:\/\/stelfia.com\/wp-content\/uploads\/2023\/02\/logonew-removebg-preview.png\",\"width\":238,\"height\":100,\"caption\":\"Trottinette \u00e9lectrique lausanne\"},\"image\":{\"@id\":\"https:\/\/stelfia.com\/#\/schema\/logo\/image\/\"}}]}<\/script>\n<!-- \/ Yoast SEO plugin. -->","yoast_head_json":{"title":"TFR Q6 guidon \u00e9lectrique pour fauteuil roulant - Trottinette \u00e9lectrique","robots":{"index":"index","follow":"follow","max-snippet":"max-snippet:-1","max-image-preview":"max-image-preview:large","max-video-preview":"max-video-preview:-1"},"canonical":"https:\/\/stelfia.com\/de\/shop\/vehicules\/mobilite-seniors\/tfr-q6-guidon-electrique-pour-fauteuil-roulant\/","og_locale":"de_DE","og_type":"article","og_title":"TFR Q6 guidon \u00e9lectrique pour fauteuil roulant - Trottinette \u00e9lectrique","og_description":"Description Batterie :\u00a0\u00a0\u00a0\u00a0\u00a0\u00a0\u00a0\u00a0\u00a0\u00a0\u00a0\u00a0\u00a0\u00a0\u00a0\u00a0 Lithium-Ion 36V, 7.5Ah Moteur :\u00a0\u00a0\u00a0\u00a0\u00a0\u00a0\u00a0\u00a0\u00a0\u00a0\u00a0\u00a0\u00a0\u00a0\u00a0\u00a0\u00a0 Brushless 250 W Vitesse max. :\u00a0\u00a0\u00a0 \u00a0 \u00a0\u00a0 20 km\/h Autonomie :\u00a0\u00a0\u00a0\u00a0\u00a0\u00a0 \u00a0 \u00a0\u00a0 20-30 km Roues :\u00a0\u00a0\u00a0\u00a0\u00a0\u00a0\u00a0\u00a0\u00a0\u00a0\u00a0\u00a0\u00a0 \u00a0 \u00a0\u00a0\u00a0\u00a0 8\u201d non gonflable Frein :\u00a0\u00a0\u00a0\u00a0\u00a0\u00a0\u00a0\u00a0\u00a0\u00a0\u00a0\u00a0\u00a0\u00a0\u00a0\u00a0\u00a0\u00a0\u00a0\u00a0\u00a0\u00a0 Tambour Temps charge :\u00a0 \u00a0 \u00a0\u00a0 Env. 5-6 h Poids :\u00a0\u00a0\u00a0\u00a0\u00a0\u00a0\u00a0\u00a0\u00a0\u00a0\u00a0\u00a0\u00a0\u00a0\u00a0\u00a0\u00a0\u00a0\u00a0\u00a0\u00a0 10 kg Charge max. :\u00a0\u00a0\u00a0\u00a0\u00a0\u00a0\u00a0\u00a0 NA Dimensions :\u00a0\u00a0\u00a0\u00a0 \u00a0 \u00a0\u00a0 Hauteur 600-800 mm, largeur 420 mm \u00c9quipement :\u00a0\u00a0\u00a0\u00a0\u00a0\u00a0\u00a0\u00a0\u00a0 Fonction marche arri\u00e8re, 3 modes de vitesse, b\u00e9quille, syst\u00e8me pratique de fixation au fauteuil roulant, chargeur \u00c9tat :\u00a0\u00a0\u00a0\u00a0\u00a0\u00a0\u00a0\u00a0\u00a0\u00a0\u00a0\u00a0\u00a0\u00a0\u00a0\u00a0\u00a0\u00a0\u00a0\u00a0\u00a0\u00a0\u00a0\u00a0 Neuf, garantie une ann\u00e9e D\u00e9lai :\u00a0\u00a0\u00a0\u00a0\u00a0\u00a0\u00a0\u00a0\u00a0\u00a0\u00a0\u00a0\u00a0\u00a0\u00a0\u00a0\u00a0\u00a0\u00a0\u00a0\u00a0\u00a0 Sur commande, env. 4-6 sem. Fauteuil roulant non compris","og_url":"https:\/\/stelfia.com\/de\/shop\/vehicules\/mobilite-seniors\/tfr-q6-guidon-electrique-pour-fauteuil-roulant\/","og_site_name":"Trottinette \u00e9lectrique","article_modified_time":"2026-04-21T20:34:32+00:00","og_image":[{"width":370,"height":350,"url":"https:\/\/stelfia.com\/wp-content\/uploads\/2023\/02\/TFR-Q6-guidon-electrique-pour-fauteuil-roulant.png","type":"image\/png"}],"twitter_card":"summary_large_image","twitter_misc":{"Gesch\u00e4tzte Lesezeit":"1\u00a0Minute"},"schema":{"@context":"https:\/\/schema.org","@graph":[{"@type":"WebPage","@id":"https:\/\/stelfia.com\/shop\/vehicules\/mobilite-seniors\/tfr-q6-guidon-electrique-pour-fauteuil-roulant\/","url":"https:\/\/stelfia.com\/shop\/vehicules\/mobilite-seniors\/tfr-q6-guidon-electrique-pour-fauteuil-roulant\/","name":"TFR Q6 guidon \u00e9lectrique pour fauteuil roulant - Trottinette \u00e9lectrique","isPartOf":{"@id":"https:\/\/stelfia.com\/#website"},"primaryImageOfPage":{"@id":"https:\/\/stelfia.com\/shop\/vehicules\/mobilite-seniors\/tfr-q6-guidon-electrique-pour-fauteuil-roulant\/#primaryimage"},"image":{"@id":"https:\/\/stelfia.com\/shop\/vehicules\/mobilite-seniors\/tfr-q6-guidon-electrique-pour-fauteuil-roulant\/#primaryimage"},"thumbnailUrl":"https:\/\/stelfia.com\/wp-content\/uploads\/2023\/02\/TFR-Q6-guidon-electrique-pour-fauteuil-roulant.png","datePublished":"2022-10-17T13:15:55+00:00","dateModified":"2026-04-21T20:34:32+00:00","breadcrumb":{"@id":"https:\/\/stelfia.com\/shop\/vehicules\/mobilite-seniors\/tfr-q6-guidon-electrique-pour-fauteuil-roulant\/#breadcrumb"},"inLanguage":"de","potentialAction":[{"@type":"ReadAction","target":["https:\/\/stelfia.com\/shop\/vehicules\/mobilite-seniors\/tfr-q6-guidon-electrique-pour-fauteuil-roulant\/"]}]},{"@type":"ImageObject","inLanguage":"de","@id":"https:\/\/stelfia.com\/shop\/vehicules\/mobilite-seniors\/tfr-q6-guidon-electrique-pour-fauteuil-roulant\/#primaryimage","url":"https:\/\/stelfia.com\/wp-content\/uploads\/2023\/02\/TFR-Q6-guidon-electrique-pour-fauteuil-roulant.png","contentUrl":"https:\/\/stelfia.com\/wp-content\/uploads\/2023\/02\/TFR-Q6-guidon-electrique-pour-fauteuil-roulant.png","width":370,"height":350},{"@type":"BreadcrumbList","@id":"https:\/\/stelfia.com\/shop\/vehicules\/mobilite-seniors\/tfr-q6-guidon-electrique-pour-fauteuil-roulant\/#breadcrumb","itemListElement":[{"@type":"ListItem","position":1,"name":"Accueil","item":"https:\/\/stelfia.com\/"},{"@type":"ListItem","position":2,"name":"Shop","item":"https:\/\/stelfia.com\/shop\/"},{"@type":"ListItem","position":3,"name":"TFR Q6 guidon \u00e9lectrique pour fauteuil roulant"}]},{"@type":"WebSite","@id":"https:\/\/stelfia.com\/#website","url":"https:\/\/stelfia.com\/","name":"Elektroroller","description":"Trottinette \u00e9lectrique en Suisse romande","publisher":{"@id":"https:\/\/stelfia.com\/#organization"},"potentialAction":[{"@type":"SearchAction","target":{"@type":"EntryPoint","urlTemplate":"https:\/\/stelfia.com\/?s={search_term_string}"},"query-input":{"@type":"PropertyValueSpecification","valueRequired":true,"valueName":"search_term_string"}}],"inLanguage":"de"},{"@type":"Organization","@id":"https:\/\/stelfia.com\/#organization","name":"Trottinette \u00e9lectrique lausanne","url":"https:\/\/stelfia.com\/","logo":{"@type":"ImageObject","inLanguage":"de","@id":"https:\/\/stelfia.com\/#\/schema\/logo\/image\/","url":"https:\/\/stelfia.com\/wp-content\/uploads\/2023\/02\/logonew-removebg-preview.png","contentUrl":"https:\/\/stelfia.com\/wp-content\/uploads\/2023\/02\/logonew-removebg-preview.png","width":238,"height":100,"caption":"Trottinette \u00e9lectrique lausanne"},"image":{"@id":"https:\/\/stelfia.com\/#\/schema\/logo\/image\/"}}]}},"_links":{"self":[{"href":"https:\/\/stelfia.com\/de\/wp-json\/wp\/v2\/product\/513","targetHints":{"allow":["GET"]}}],"collection":[{"href":"https:\/\/stelfia.com\/de\/wp-json\/wp\/v2\/product"}],"about":[{"href":"https:\/\/stelfia.com\/de\/wp-json\/wp\/v2\/types\/product"}],"version-history":[{"count":0,"href":"https:\/\/stelfia.com\/de\/wp-json\/wp\/v2\/product\/513\/revisions"}],"wp:featuredmedia":[{"embeddable":true,"href":"https:\/\/stelfia.com\/de\/wp-json\/wp\/v2\/media\/8592"}],"wp:attachment":[{"href":"https:\/\/stelfia.com\/de\/wp-json\/wp\/v2\/media?parent=513"}],"wp:term":[{"taxonomy":"product_brand","embeddable":true,"href":"https:\/\/stelfia.com\/de\/wp-json\/wp\/v2\/product_brand?post=513"},{"taxonomy":"product_cat","embeddable":true,"href":"https:\/\/stelfia.com\/de\/wp-json\/wp\/v2\/product_cat?post=513"},{"taxonomy":"product_tag","embeddable":true,"href":"https:\/\/stelfia.com\/de\/wp-json\/wp\/v2\/product_tag?post=513"},{"taxonomy":"permis--de-conduire","embeddable":true,"href":"https:\/\/stelfia.com\/de\/wp-json\/wp\/v2\/permis--de-conduire?post=513"},{"taxonomy":"vitesse","embeddable":true,"href":"https:\/\/stelfia.com\/de\/wp-json\/wp\/v2\/vitesse?post=513"},{"taxonomy":"brands","embeddable":true,"href":"https:\/\/stelfia.com\/de\/wp-json\/wp\/v2\/brands?post=513"},{"taxonomy":"accessoires","embeddable":true,"href":"https:\/\/stelfia.com\/de\/wp-json\/wp\/v2\/accessoires?post=513"},{"taxonomy":"pieces-detachees","embeddable":true,"href":"https:\/\/stelfia.com\/de\/wp-json\/wp\/v2\/pieces-detachees?post=513"},{"taxonomy":"trottinette-electrique","embeddable":true,"href":"https:\/\/stelfia.com\/de\/wp-json\/wp\/v2\/trottinette-electrique?post=513"},{"taxonomy":"velo","embeddable":true,"href":"https:\/\/stelfia.com\/de\/wp-json\/wp\/v2\/velo?post=513"}],"curies":[{"name":"wp","href":"https:\/\/api.w.org\/{rel}","templated":true}]}}