{"id":407,"date":"2022-10-17T11:20:45","date_gmt":"2022-10-17T11:20:45","guid":{"rendered":"https:\/\/stelfia.com\/?post_type=product&#038;p=407"},"modified":"2026-04-29T16:07:19","modified_gmt":"2026-04-29T16:07:19","slug":"hikerboy-foxtrot-48v","status":"publish","type":"product","link":"https:\/\/stelfia.com\/de\/shop\/vehicules\/trottinette\/hikerboy-foxtrot-48v\/","title":{"rendered":"Hikerboy Foxtrot Plus"},"content":{"rendered":"<p>Batterie: Lithium-Ionen 48 V, 10,4 Ah<\/p>\n<p>Motor: B\u00fcrstenlos 500 W<\/p>\n<p>Max. Geschwindigkeit: 20 km\/h (M\u00f6glichkeit der Entfesselung, max. 35 km\/h, nicht zugelassen)<\/p>\n<p>Autonomie: 45 km<\/p>\n<p>R\u00e4der: 10\u2033, aufblasbar, vorne und hinten, schlauchlos<\/p>\n<p>Bremse: Trommelbremse vorn, Scheibe hinten<\/p>\n<p>Ladezeit: Ca. 5 \u2013 7 Stunden<\/p>\n<p>Gewicht: 20 kg<\/p>\n<p>Maximale Belastung: 120 kg<\/p>\n<p>Neigung: Bis zu 20\u00b0<\/p>\n<p>Wasserdichtigkeit: IP54<\/p>\n<p>Abmessungen: 1180 x 542 x 1232 mm<\/p>\n<p>Ma\u00dfe zusammengeklappt: 1180 x 230 x 529 mm<\/p>\n<p>Ausstattung: Herausnehmbarer Akku, verschiedene Farben, Bluetooth, integrierte Handyhalterung<\/p>\n<p>Zustand: Neu<\/p>\n<p>Garantie: 2 Jahre (ein Jahr auf die Batterie)<\/p>\n<p>&nbsp;<\/p>\n<p><img decoding=\"async\" class=\"alignnone size-full wp-image-9333\" src=\"https:\/\/stelfia.com\/wp-content\/uploads\/2023\/02\/Capture-decran-2023-02-07-155823-300x89-1.jpg\" alt=\"\" width=\"300\" height=\"89\" srcset=\"https:\/\/stelfia.com\/wp-content\/uploads\/2023\/02\/Capture-decran-2023-02-07-155823-300x89-1.jpg 300w, https:\/\/stelfia.com\/wp-content\/uploads\/2023\/02\/Capture-decran-2023-02-07-155823-300x89-1-150x45.jpg 150w\" sizes=\"(max-width: 300px) 100vw, 300px\" \/><\/p>\n<p>Zugelassen f\u00fcr Schweizer Strassen<\/p>","protected":false},"excerpt":{"rendered":"<p>Weichheit und Komfort stehen auf dem Programm!<\/p>\n<p>Mit seiner Vorder- und Hinterradaufh\u00e4ngung, seinen 10-Zoll-Luftreifen und seinem sehr leisen Motor wird das Fahren mit dem Foxtrot auf unseren Stra\u00dfen ein Vergn\u00fcgen sein.<\/p>\n<p>Ausgestattet mit einem in wenigen Sekunden entnehmbaren Akku, kann er entweder am Roller (Akku eingesetzt) oder direkt am Akku aufgeladen werden. F\u00fcr l\u00e4ngere Fahrten kann ggf. ein zweiter Akku (Aufpreis) erh\u00e4ltlich sein.<\/p>","protected":false},"featured_media":9972,"template":"","meta":{"_uf_show_specific_survey":0,"_uf_disable_surveys":false},"product_brand":[],"product_cat":[114],"product_tag":[155,159,158,136],"permis--de-conduire":[],"vitesse":[],"brands":[82],"accessoires":[],"pieces-detachees":[],"trottinette-electrique":[109],"velo":[],"class_list":{"0":"post-407","1":"product","2":"type-product","3":"status-publish","4":"has-post-thumbnail","6":"product_cat-trottinette","7":"product_tag-foxtrot","8":"product_tag-foxtrot-48v","9":"product_tag-foxtrot-plus","10":"product_tag-hikerboy","11":"brands-hikerboy","12":"trottinette-electrique-neuves","13":"tm-has-options","15":"first","16":"instock","17":"taxable","18":"shipping-taxable","19":"purchasable","20":"product-type-simple"},"yoast_head":"<!-- This site is optimized with the Yoast SEO plugin v25.8 - https:\/\/yoast.com\/wordpress\/plugins\/seo\/ -->\n<title>Hikerboy Foxtrot Plus - Trottinette \u00e9lectrique<\/title>\n<meta name=\"robots\" content=\"index, follow, max-snippet:-1, max-image-preview:large, max-video-preview:-1\" \/>\n<link rel=\"canonical\" href=\"https:\/\/stelfia.com\/de\/shop\/vehicules\/trottinette\/hikerboy-foxtrot-48v\/\" \/>\n<meta property=\"og:locale\" content=\"de_DE\" \/>\n<meta property=\"og:type\" content=\"article\" \/>\n<meta property=\"og:title\" content=\"Hikerboy Foxtrot Plus - Trottinette \u00e9lectrique\" \/>\n<meta property=\"og:description\" content=\"Douceur et confort au programme !  Avec ses suspensions avant et arri\u00e8re, ses pneus gonflables de 10&quot; et son moteur tr\u00e8s silencieux, la Foxtrot sera un plaisir \u00e0 conduire sur nos routes.  Equip\u00e9e d\u2019une batterie amovible en quelques secondes, elle peut \u00eatre charg\u00e9e soit sur la trott (batterie en place), soit directement sur la batterie. Pour les trajets plus longs, une deuxi\u00e8me batterie peut \u00eatre disponible (en sus).\" \/>\n<meta property=\"og:url\" content=\"https:\/\/stelfia.com\/de\/shop\/vehicules\/trottinette\/hikerboy-foxtrot-48v\/\" \/>\n<meta property=\"og:site_name\" content=\"Trottinette \u00e9lectrique\" \/>\n<meta property=\"article:modified_time\" content=\"2026-04-29T16:07:19+00:00\" \/>\n<meta property=\"og:image\" content=\"https:\/\/stelfia.com\/wp-content\/uploads\/2022\/10\/Sans-titre-Publication-Instagram-Carre.jpg\" \/>\n\t<meta property=\"og:image:width\" content=\"1080\" \/>\n\t<meta property=\"og:image:height\" content=\"1080\" \/>\n\t<meta property=\"og:image:type\" content=\"image\/jpeg\" \/>\n<meta name=\"twitter:card\" content=\"summary_large_image\" \/>\n<meta name=\"twitter:label1\" content=\"Gesch\u00e4tzte Lesezeit\" \/>\n\t<meta name=\"twitter:data1\" content=\"1\u00a0Minute\" \/>\n<script type=\"application\/ld+json\" class=\"yoast-schema-graph\">{\"@context\":\"https:\/\/schema.org\",\"@graph\":[{\"@type\":\"WebPage\",\"@id\":\"https:\/\/stelfia.com\/shop\/vehicules\/trottinette\/hikerboy-foxtrot-48v\/\",\"url\":\"https:\/\/stelfia.com\/shop\/vehicules\/trottinette\/hikerboy-foxtrot-48v\/\",\"name\":\"Hikerboy Foxtrot Plus - Trottinette \u00e9lectrique\",\"isPartOf\":{\"@id\":\"https:\/\/stelfia.com\/#website\"},\"primaryImageOfPage\":{\"@id\":\"https:\/\/stelfia.com\/shop\/vehicules\/trottinette\/hikerboy-foxtrot-48v\/#primaryimage\"},\"image\":{\"@id\":\"https:\/\/stelfia.com\/shop\/vehicules\/trottinette\/hikerboy-foxtrot-48v\/#primaryimage\"},\"thumbnailUrl\":\"https:\/\/stelfia.com\/wp-content\/uploads\/2022\/10\/Sans-titre-Publication-Instagram-Carre.jpg\",\"datePublished\":\"2022-10-17T11:20:45+00:00\",\"dateModified\":\"2026-04-29T16:07:19+00:00\",\"breadcrumb\":{\"@id\":\"https:\/\/stelfia.com\/shop\/vehicules\/trottinette\/hikerboy-foxtrot-48v\/#breadcrumb\"},\"inLanguage\":\"de\",\"potentialAction\":[{\"@type\":\"ReadAction\",\"target\":[\"https:\/\/stelfia.com\/shop\/vehicules\/trottinette\/hikerboy-foxtrot-48v\/\"]}]},{\"@type\":\"ImageObject\",\"inLanguage\":\"de\",\"@id\":\"https:\/\/stelfia.com\/shop\/vehicules\/trottinette\/hikerboy-foxtrot-48v\/#primaryimage\",\"url\":\"https:\/\/stelfia.com\/wp-content\/uploads\/2022\/10\/Sans-titre-Publication-Instagram-Carre.jpg\",\"contentUrl\":\"https:\/\/stelfia.com\/wp-content\/uploads\/2022\/10\/Sans-titre-Publication-Instagram-Carre.jpg\",\"width\":1080,\"height\":1080},{\"@type\":\"BreadcrumbList\",\"@id\":\"https:\/\/stelfia.com\/shop\/vehicules\/trottinette\/hikerboy-foxtrot-48v\/#breadcrumb\",\"itemListElement\":[{\"@type\":\"ListItem\",\"position\":1,\"name\":\"Accueil\",\"item\":\"https:\/\/stelfia.com\/\"},{\"@type\":\"ListItem\",\"position\":2,\"name\":\"Shop\",\"item\":\"https:\/\/stelfia.com\/shop\/\"},{\"@type\":\"ListItem\",\"position\":3,\"name\":\"Hikerboy Foxtrot Plus\"}]},{\"@type\":\"WebSite\",\"@id\":\"https:\/\/stelfia.com\/#website\",\"url\":\"https:\/\/stelfia.com\/\",\"name\":\"Trottinette \u00e9lectrique\",\"description\":\"Trottinette \u00e9lectrique en Suisse romande\",\"publisher\":{\"@id\":\"https:\/\/stelfia.com\/#organization\"},\"potentialAction\":[{\"@type\":\"SearchAction\",\"target\":{\"@type\":\"EntryPoint\",\"urlTemplate\":\"https:\/\/stelfia.com\/?s={search_term_string}\"},\"query-input\":{\"@type\":\"PropertyValueSpecification\",\"valueRequired\":true,\"valueName\":\"search_term_string\"}}],\"inLanguage\":\"de\"},{\"@type\":\"Organization\",\"@id\":\"https:\/\/stelfia.com\/#organization\",\"name\":\"Trottinette \u00e9lectrique lausanne\",\"url\":\"https:\/\/stelfia.com\/\",\"logo\":{\"@type\":\"ImageObject\",\"inLanguage\":\"de\",\"@id\":\"https:\/\/stelfia.com\/#\/schema\/logo\/image\/\",\"url\":\"https:\/\/stelfia.com\/wp-content\/uploads\/2023\/02\/logonew-removebg-preview.png\",\"contentUrl\":\"https:\/\/stelfia.com\/wp-content\/uploads\/2023\/02\/logonew-removebg-preview.png\",\"width\":238,\"height\":100,\"caption\":\"Trottinette \u00e9lectrique lausanne\"},\"image\":{\"@id\":\"https:\/\/stelfia.com\/#\/schema\/logo\/image\/\"}}]}<\/script>\n<!-- \/ Yoast SEO plugin. -->","yoast_head_json":{"title":"Hikerboy Foxtrot Plus - Trottinette \u00e9lectrique","robots":{"index":"index","follow":"follow","max-snippet":"max-snippet:-1","max-image-preview":"max-image-preview:large","max-video-preview":"max-video-preview:-1"},"canonical":"https:\/\/stelfia.com\/de\/shop\/vehicules\/trottinette\/hikerboy-foxtrot-48v\/","og_locale":"de_DE","og_type":"article","og_title":"Hikerboy Foxtrot Plus - Trottinette \u00e9lectrique","og_description":"Douceur et confort au programme !  Avec ses suspensions avant et arri\u00e8re, ses pneus gonflables de 10\" et son moteur tr\u00e8s silencieux, la Foxtrot sera un plaisir \u00e0 conduire sur nos routes.  Equip\u00e9e d\u2019une batterie amovible en quelques secondes, elle peut \u00eatre charg\u00e9e soit sur la trott (batterie en place), soit directement sur la batterie. Pour les trajets plus longs, une deuxi\u00e8me batterie peut \u00eatre disponible (en sus).","og_url":"https:\/\/stelfia.com\/de\/shop\/vehicules\/trottinette\/hikerboy-foxtrot-48v\/","og_site_name":"Trottinette \u00e9lectrique","article_modified_time":"2026-04-29T16:07:19+00:00","og_image":[{"width":1080,"height":1080,"url":"https:\/\/stelfia.com\/wp-content\/uploads\/2022\/10\/Sans-titre-Publication-Instagram-Carre.jpg","type":"image\/jpeg"}],"twitter_card":"summary_large_image","twitter_misc":{"Gesch\u00e4tzte Lesezeit":"1\u00a0Minute"},"schema":{"@context":"https:\/\/schema.org","@graph":[{"@type":"WebPage","@id":"https:\/\/stelfia.com\/shop\/vehicules\/trottinette\/hikerboy-foxtrot-48v\/","url":"https:\/\/stelfia.com\/shop\/vehicules\/trottinette\/hikerboy-foxtrot-48v\/","name":"Hikerboy Foxtrot Plus - Trottinette \u00e9lectrique","isPartOf":{"@id":"https:\/\/stelfia.com\/#website"},"primaryImageOfPage":{"@id":"https:\/\/stelfia.com\/shop\/vehicules\/trottinette\/hikerboy-foxtrot-48v\/#primaryimage"},"image":{"@id":"https:\/\/stelfia.com\/shop\/vehicules\/trottinette\/hikerboy-foxtrot-48v\/#primaryimage"},"thumbnailUrl":"https:\/\/stelfia.com\/wp-content\/uploads\/2022\/10\/Sans-titre-Publication-Instagram-Carre.jpg","datePublished":"2022-10-17T11:20:45+00:00","dateModified":"2026-04-29T16:07:19+00:00","breadcrumb":{"@id":"https:\/\/stelfia.com\/shop\/vehicules\/trottinette\/hikerboy-foxtrot-48v\/#breadcrumb"},"inLanguage":"de","potentialAction":[{"@type":"ReadAction","target":["https:\/\/stelfia.com\/shop\/vehicules\/trottinette\/hikerboy-foxtrot-48v\/"]}]},{"@type":"ImageObject","inLanguage":"de","@id":"https:\/\/stelfia.com\/shop\/vehicules\/trottinette\/hikerboy-foxtrot-48v\/#primaryimage","url":"https:\/\/stelfia.com\/wp-content\/uploads\/2022\/10\/Sans-titre-Publication-Instagram-Carre.jpg","contentUrl":"https:\/\/stelfia.com\/wp-content\/uploads\/2022\/10\/Sans-titre-Publication-Instagram-Carre.jpg","width":1080,"height":1080},{"@type":"BreadcrumbList","@id":"https:\/\/stelfia.com\/shop\/vehicules\/trottinette\/hikerboy-foxtrot-48v\/#breadcrumb","itemListElement":[{"@type":"ListItem","position":1,"name":"Accueil","item":"https:\/\/stelfia.com\/"},{"@type":"ListItem","position":2,"name":"Shop","item":"https:\/\/stelfia.com\/shop\/"},{"@type":"ListItem","position":3,"name":"Hikerboy Foxtrot Plus"}]},{"@type":"WebSite","@id":"https:\/\/stelfia.com\/#website","url":"https:\/\/stelfia.com\/","name":"Elektroroller","description":"Trottinette \u00e9lectrique en Suisse romande","publisher":{"@id":"https:\/\/stelfia.com\/#organization"},"potentialAction":[{"@type":"SearchAction","target":{"@type":"EntryPoint","urlTemplate":"https:\/\/stelfia.com\/?s={search_term_string}"},"query-input":{"@type":"PropertyValueSpecification","valueRequired":true,"valueName":"search_term_string"}}],"inLanguage":"de"},{"@type":"Organization","@id":"https:\/\/stelfia.com\/#organization","name":"Trottinette \u00e9lectrique lausanne","url":"https:\/\/stelfia.com\/","logo":{"@type":"ImageObject","inLanguage":"de","@id":"https:\/\/stelfia.com\/#\/schema\/logo\/image\/","url":"https:\/\/stelfia.com\/wp-content\/uploads\/2023\/02\/logonew-removebg-preview.png","contentUrl":"https:\/\/stelfia.com\/wp-content\/uploads\/2023\/02\/logonew-removebg-preview.png","width":238,"height":100,"caption":"Trottinette \u00e9lectrique lausanne"},"image":{"@id":"https:\/\/stelfia.com\/#\/schema\/logo\/image\/"}}]}},"_links":{"self":[{"href":"https:\/\/stelfia.com\/de\/wp-json\/wp\/v2\/product\/407","targetHints":{"allow":["GET"]}}],"collection":[{"href":"https:\/\/stelfia.com\/de\/wp-json\/wp\/v2\/product"}],"about":[{"href":"https:\/\/stelfia.com\/de\/wp-json\/wp\/v2\/types\/product"}],"version-history":[{"count":0,"href":"https:\/\/stelfia.com\/de\/wp-json\/wp\/v2\/product\/407\/revisions"}],"wp:featuredmedia":[{"embeddable":true,"href":"https:\/\/stelfia.com\/de\/wp-json\/wp\/v2\/media\/9972"}],"wp:attachment":[{"href":"https:\/\/stelfia.com\/de\/wp-json\/wp\/v2\/media?parent=407"}],"wp:term":[{"taxonomy":"product_brand","embeddable":true,"href":"https:\/\/stelfia.com\/de\/wp-json\/wp\/v2\/product_brand?post=407"},{"taxonomy":"product_cat","embeddable":true,"href":"https:\/\/stelfia.com\/de\/wp-json\/wp\/v2\/product_cat?post=407"},{"taxonomy":"product_tag","embeddable":true,"href":"https:\/\/stelfia.com\/de\/wp-json\/wp\/v2\/product_tag?post=407"},{"taxonomy":"permis--de-conduire","embeddable":true,"href":"https:\/\/stelfia.com\/de\/wp-json\/wp\/v2\/permis--de-conduire?post=407"},{"taxonomy":"vitesse","embeddable":true,"href":"https:\/\/stelfia.com\/de\/wp-json\/wp\/v2\/vitesse?post=407"},{"taxonomy":"brands","embeddable":true,"href":"https:\/\/stelfia.com\/de\/wp-json\/wp\/v2\/brands?post=407"},{"taxonomy":"accessoires","embeddable":true,"href":"https:\/\/stelfia.com\/de\/wp-json\/wp\/v2\/accessoires?post=407"},{"taxonomy":"pieces-detachees","embeddable":true,"href":"https:\/\/stelfia.com\/de\/wp-json\/wp\/v2\/pieces-detachees?post=407"},{"taxonomy":"trottinette-electrique","embeddable":true,"href":"https:\/\/stelfia.com\/de\/wp-json\/wp\/v2\/trottinette-electrique?post=407"},{"taxonomy":"velo","embeddable":true,"href":"https:\/\/stelfia.com\/de\/wp-json\/wp\/v2\/velo?post=407"}],"curies":[{"name":"wp","href":"https:\/\/api.w.org\/{rel}","templated":true}]}}