{"id":1410,"date":"2023-01-24T10:56:10","date_gmt":"2023-01-24T10:56:10","guid":{"rendered":"https:\/\/stelfia.com\/?post_type=product&#038;p=1410"},"modified":"2024-02-15T10:31:51","modified_gmt":"2024-02-15T10:31:51","slug":"chargeur-36v-42v-3a-prise-jack-5-5-2-1-kuickwheel-original","status":"publish","type":"product","link":"https:\/\/stelfia.com\/de\/shop\/pieces-et-accessoires\/chargeur-36v-42v-3a-prise-jack-5-5-2-1-kuickwheel-original\/","title":{"rendered":"Ladeger\u00e4t 36V\/42V 3A, Buchse 5,5\/2,1, Kuickwheel ORIGINAL"},"content":{"rendered":"","protected":false},"excerpt":{"rendered":"<div id=\"tab-description\" class=\"woocommerce-Tabs-panel woocommerce-Tabs-panel--description panel entry-content wc-tab\" role=\"tabpanel\" aria-labelledby=\"tab-title-description\">\n<h2>Beschreibung<\/h2>\n<h2 class=\"entry-title\">36V-42V 3A Ladeger\u00e4t, 5,5\/2,1 Klinkenbuchse<\/h2>\n<\/div>\n<ul class=\"a-unordered-list a-vertical a-spacing-mini\">\n<li>Ausgang 36 V, Gleichstrom 42 V, 3,0 A<\/li>\n<li>Eingang 100 \u2013 240 V Wechselstrom, 50\/60 Hz, max. 3,0 A<\/li>\n<\/ul>\n<ul class=\"a-unordered-list a-vertical a-spacing-mini\">\n<li><span class=\"a-list-item\"><span class=\"\">Hochwertige Materialien<\/span><\/span><\/li>\n<li><span class=\"a-list-item\"><span class=\"\">Ladeanzeige, Rot \ud83d\udd34 -&gt; l\u00e4dt, <\/span>Gr\u00fcn \ud83d\udfe2 -&gt; aufgeladen<\/span><\/li>\n<\/ul>\n<ul class=\"a-unordered-list a-vertical a-spacing-mini\">\n<li>ORIGINAL Kuickwheel S1-C Pro Ladeger\u00e4t<\/li>\n<\/ul>\n<p><span style=\"text-decoration: underline;\">Aufgefallen:<\/span><br \/>\n\u00dcberpr\u00fcfen Sie unbedingt die Nennspannung des Rollers, um Fehler zu vermeiden. Normalerweise befindet sich auf dem Fahrgestell ein Etikett mit diesen Informationen. Im Zweifelsfall k\u00f6nnen Sie uns kontaktieren, indem Sie uns Fotos des Rollers schicken<\/p>","protected":false},"featured_media":10015,"template":"","meta":{"_uf_show_specific_survey":0,"_uf_disable_surveys":false},"product_brand":[],"product_cat":[113],"product_tag":[141,161,153,154],"permis--de-conduire":[],"vitesse":[],"brands":[81],"accessoires":[],"pieces-detachees":[106],"trottinette-electrique":[],"velo":[],"class_list":{"0":"post-1410","1":"product","2":"type-product","3":"status-publish","4":"has-post-thumbnail","6":"product_cat-pieces-et-accessoires","7":"product_tag-chargeur","8":"product_tag-chargeur-36v","9":"product_tag-kuickwheel","10":"product_tag-s1-c-pro","11":"brands-kuickwheel","12":"pieces-detachees-chargeurs","13":"tm-no-options","15":"first","16":"instock","17":"taxable","18":"shipping-taxable","19":"purchasable","20":"product-type-simple"},"yoast_head":"<!-- This site is optimized with the Yoast SEO plugin v25.8 - https:\/\/yoast.com\/wordpress\/plugins\/seo\/ -->\n<title>Chargeur 36V\/42V 3A, prise Jack 5.5\/2.1, Kuickwheel ORIGINAL - Trottinette \u00e9lectrique<\/title>\n<meta name=\"robots\" content=\"index, follow, max-snippet:-1, max-image-preview:large, max-video-preview:-1\" \/>\n<link rel=\"canonical\" href=\"https:\/\/stelfia.com\/de\/shop\/pieces-et-accessoires\/chargeur-36v-42v-3a-prise-jack-5-5-2-1-kuickwheel-original\/\" \/>\n<meta property=\"og:locale\" content=\"de_DE\" \/>\n<meta property=\"og:type\" content=\"article\" \/>\n<meta property=\"og:title\" content=\"Chargeur 36V\/42V 3A, prise Jack 5.5\/2.1, Kuickwheel ORIGINAL - Trottinette \u00e9lectrique\" \/>\n<meta property=\"og:description\" content=\"Description Chargeur 36V-42V 3A, prise Jack 5.5\/2.1    Sortie (Output) 36V, DC 42V, 3.0A  Entr\u00e9e (Input) 100-240VAC, 50\/60Hz, 3.0A max    Mat\u00e9riaux de haute qualit\u00e9  Indicateur de charge, Rouge \ud83d\udd34 -&gt; en charge, Vert \ud83d\udfe2 -&gt; charg\u00e9    Chargeur ORIGINAL Kuickwheel S1-C Pro  Remarque : V\u00e9rifiez bien la tension nominale de la trottinette pour \u00e9viter toute erreur. Normalement une \u00e9tiquette est plac\u00e9e sur le ch\u00e2ssis mentionnant ces infos. En cas de doute, vous pouvez nous contacter en nous envoyant des photos de la trottinette\" \/>\n<meta property=\"og:url\" content=\"https:\/\/stelfia.com\/de\/shop\/pieces-et-accessoires\/chargeur-36v-42v-3a-prise-jack-5-5-2-1-kuickwheel-original\/\" \/>\n<meta property=\"og:site_name\" content=\"Trottinette \u00e9lectrique\" \/>\n<meta property=\"article:modified_time\" content=\"2024-02-15T10:31:51+00:00\" \/>\n<meta property=\"og:image\" content=\"https:\/\/stelfia.com\/wp-content\/uploads\/2023\/01\/Sans-titre-Publication-Instagram-Carre-10.jpg\" \/>\n\t<meta property=\"og:image:width\" content=\"1080\" \/>\n\t<meta property=\"og:image:height\" content=\"1080\" \/>\n\t<meta property=\"og:image:type\" content=\"image\/jpeg\" \/>\n<meta name=\"twitter:card\" content=\"summary_large_image\" \/>\n<meta name=\"twitter:label1\" content=\"Gesch\u00e4tzte Lesezeit\" \/>\n\t<meta name=\"twitter:data1\" content=\"1\u00a0Minute\" \/>\n<script type=\"application\/ld+json\" class=\"yoast-schema-graph\">{\"@context\":\"https:\/\/schema.org\",\"@graph\":[{\"@type\":\"WebPage\",\"@id\":\"https:\/\/stelfia.com\/shop\/pieces-et-accessoires\/chargeur-36v-42v-3a-prise-jack-5-5-2-1-kuickwheel-original\/\",\"url\":\"https:\/\/stelfia.com\/shop\/pieces-et-accessoires\/chargeur-36v-42v-3a-prise-jack-5-5-2-1-kuickwheel-original\/\",\"name\":\"Chargeur 36V\/42V 3A, prise Jack 5.5\/2.1, Kuickwheel ORIGINAL - Trottinette \u00e9lectrique\",\"isPartOf\":{\"@id\":\"https:\/\/stelfia.com\/#website\"},\"primaryImageOfPage\":{\"@id\":\"https:\/\/stelfia.com\/shop\/pieces-et-accessoires\/chargeur-36v-42v-3a-prise-jack-5-5-2-1-kuickwheel-original\/#primaryimage\"},\"image\":{\"@id\":\"https:\/\/stelfia.com\/shop\/pieces-et-accessoires\/chargeur-36v-42v-3a-prise-jack-5-5-2-1-kuickwheel-original\/#primaryimage\"},\"thumbnailUrl\":\"https:\/\/stelfia.com\/wp-content\/uploads\/2023\/01\/Sans-titre-Publication-Instagram-Carre-10.jpg\",\"datePublished\":\"2023-01-24T10:56:10+00:00\",\"dateModified\":\"2024-02-15T10:31:51+00:00\",\"breadcrumb\":{\"@id\":\"https:\/\/stelfia.com\/shop\/pieces-et-accessoires\/chargeur-36v-42v-3a-prise-jack-5-5-2-1-kuickwheel-original\/#breadcrumb\"},\"inLanguage\":\"de\",\"potentialAction\":[{\"@type\":\"ReadAction\",\"target\":[\"https:\/\/stelfia.com\/shop\/pieces-et-accessoires\/chargeur-36v-42v-3a-prise-jack-5-5-2-1-kuickwheel-original\/\"]}]},{\"@type\":\"ImageObject\",\"inLanguage\":\"de\",\"@id\":\"https:\/\/stelfia.com\/shop\/pieces-et-accessoires\/chargeur-36v-42v-3a-prise-jack-5-5-2-1-kuickwheel-original\/#primaryimage\",\"url\":\"https:\/\/stelfia.com\/wp-content\/uploads\/2023\/01\/Sans-titre-Publication-Instagram-Carre-10.jpg\",\"contentUrl\":\"https:\/\/stelfia.com\/wp-content\/uploads\/2023\/01\/Sans-titre-Publication-Instagram-Carre-10.jpg\",\"width\":1080,\"height\":1080},{\"@type\":\"BreadcrumbList\",\"@id\":\"https:\/\/stelfia.com\/shop\/pieces-et-accessoires\/chargeur-36v-42v-3a-prise-jack-5-5-2-1-kuickwheel-original\/#breadcrumb\",\"itemListElement\":[{\"@type\":\"ListItem\",\"position\":1,\"name\":\"Accueil\",\"item\":\"https:\/\/stelfia.com\/\"},{\"@type\":\"ListItem\",\"position\":2,\"name\":\"Shop\",\"item\":\"https:\/\/stelfia.com\/shop\/\"},{\"@type\":\"ListItem\",\"position\":3,\"name\":\"Chargeur 36V\/42V 3A, prise Jack 5.5\/2.1, Kuickwheel ORIGINAL\"}]},{\"@type\":\"WebSite\",\"@id\":\"https:\/\/stelfia.com\/#website\",\"url\":\"https:\/\/stelfia.com\/\",\"name\":\"Trottinette \u00e9lectrique\",\"description\":\"Trottinette \u00e9lectrique en Suisse romande\",\"publisher\":{\"@id\":\"https:\/\/stelfia.com\/#organization\"},\"potentialAction\":[{\"@type\":\"SearchAction\",\"target\":{\"@type\":\"EntryPoint\",\"urlTemplate\":\"https:\/\/stelfia.com\/?s={search_term_string}\"},\"query-input\":{\"@type\":\"PropertyValueSpecification\",\"valueRequired\":true,\"valueName\":\"search_term_string\"}}],\"inLanguage\":\"de\"},{\"@type\":\"Organization\",\"@id\":\"https:\/\/stelfia.com\/#organization\",\"name\":\"Trottinette \u00e9lectrique lausanne\",\"url\":\"https:\/\/stelfia.com\/\",\"logo\":{\"@type\":\"ImageObject\",\"inLanguage\":\"de\",\"@id\":\"https:\/\/stelfia.com\/#\/schema\/logo\/image\/\",\"url\":\"https:\/\/stelfia.com\/wp-content\/uploads\/2023\/02\/logonew-removebg-preview.png\",\"contentUrl\":\"https:\/\/stelfia.com\/wp-content\/uploads\/2023\/02\/logonew-removebg-preview.png\",\"width\":238,\"height\":100,\"caption\":\"Trottinette \u00e9lectrique lausanne\"},\"image\":{\"@id\":\"https:\/\/stelfia.com\/#\/schema\/logo\/image\/\"}}]}<\/script>\n<!-- \/ Yoast SEO plugin. -->","yoast_head_json":{"title":"Chargeur 36V\/42V 3A, prise Jack 5.5\/2.1, Kuickwheel ORIGINAL - Trottinette \u00e9lectrique","robots":{"index":"index","follow":"follow","max-snippet":"max-snippet:-1","max-image-preview":"max-image-preview:large","max-video-preview":"max-video-preview:-1"},"canonical":"https:\/\/stelfia.com\/de\/shop\/pieces-et-accessoires\/chargeur-36v-42v-3a-prise-jack-5-5-2-1-kuickwheel-original\/","og_locale":"de_DE","og_type":"article","og_title":"Chargeur 36V\/42V 3A, prise Jack 5.5\/2.1, Kuickwheel ORIGINAL - Trottinette \u00e9lectrique","og_description":"Description Chargeur 36V-42V 3A, prise Jack 5.5\/2.1    Sortie (Output) 36V, DC 42V, 3.0A  Entr\u00e9e (Input) 100-240VAC, 50\/60Hz, 3.0A max    Mat\u00e9riaux de haute qualit\u00e9  Indicateur de charge, Rouge \ud83d\udd34 -&gt; en charge, Vert \ud83d\udfe2 -&gt; charg\u00e9    Chargeur ORIGINAL Kuickwheel S1-C Pro  Remarque : V\u00e9rifiez bien la tension nominale de la trottinette pour \u00e9viter toute erreur. Normalement une \u00e9tiquette est plac\u00e9e sur le ch\u00e2ssis mentionnant ces infos. En cas de doute, vous pouvez nous contacter en nous envoyant des photos de la trottinette","og_url":"https:\/\/stelfia.com\/de\/shop\/pieces-et-accessoires\/chargeur-36v-42v-3a-prise-jack-5-5-2-1-kuickwheel-original\/","og_site_name":"Trottinette \u00e9lectrique","article_modified_time":"2024-02-15T10:31:51+00:00","og_image":[{"width":1080,"height":1080,"url":"https:\/\/stelfia.com\/wp-content\/uploads\/2023\/01\/Sans-titre-Publication-Instagram-Carre-10.jpg","type":"image\/jpeg"}],"twitter_card":"summary_large_image","twitter_misc":{"Gesch\u00e4tzte Lesezeit":"1\u00a0Minute"},"schema":{"@context":"https:\/\/schema.org","@graph":[{"@type":"WebPage","@id":"https:\/\/stelfia.com\/shop\/pieces-et-accessoires\/chargeur-36v-42v-3a-prise-jack-5-5-2-1-kuickwheel-original\/","url":"https:\/\/stelfia.com\/shop\/pieces-et-accessoires\/chargeur-36v-42v-3a-prise-jack-5-5-2-1-kuickwheel-original\/","name":"Chargeur 36V\/42V 3A, prise Jack 5.5\/2.1, Kuickwheel ORIGINAL - Trottinette \u00e9lectrique","isPartOf":{"@id":"https:\/\/stelfia.com\/#website"},"primaryImageOfPage":{"@id":"https:\/\/stelfia.com\/shop\/pieces-et-accessoires\/chargeur-36v-42v-3a-prise-jack-5-5-2-1-kuickwheel-original\/#primaryimage"},"image":{"@id":"https:\/\/stelfia.com\/shop\/pieces-et-accessoires\/chargeur-36v-42v-3a-prise-jack-5-5-2-1-kuickwheel-original\/#primaryimage"},"thumbnailUrl":"https:\/\/stelfia.com\/wp-content\/uploads\/2023\/01\/Sans-titre-Publication-Instagram-Carre-10.jpg","datePublished":"2023-01-24T10:56:10+00:00","dateModified":"2024-02-15T10:31:51+00:00","breadcrumb":{"@id":"https:\/\/stelfia.com\/shop\/pieces-et-accessoires\/chargeur-36v-42v-3a-prise-jack-5-5-2-1-kuickwheel-original\/#breadcrumb"},"inLanguage":"de","potentialAction":[{"@type":"ReadAction","target":["https:\/\/stelfia.com\/shop\/pieces-et-accessoires\/chargeur-36v-42v-3a-prise-jack-5-5-2-1-kuickwheel-original\/"]}]},{"@type":"ImageObject","inLanguage":"de","@id":"https:\/\/stelfia.com\/shop\/pieces-et-accessoires\/chargeur-36v-42v-3a-prise-jack-5-5-2-1-kuickwheel-original\/#primaryimage","url":"https:\/\/stelfia.com\/wp-content\/uploads\/2023\/01\/Sans-titre-Publication-Instagram-Carre-10.jpg","contentUrl":"https:\/\/stelfia.com\/wp-content\/uploads\/2023\/01\/Sans-titre-Publication-Instagram-Carre-10.jpg","width":1080,"height":1080},{"@type":"BreadcrumbList","@id":"https:\/\/stelfia.com\/shop\/pieces-et-accessoires\/chargeur-36v-42v-3a-prise-jack-5-5-2-1-kuickwheel-original\/#breadcrumb","itemListElement":[{"@type":"ListItem","position":1,"name":"Accueil","item":"https:\/\/stelfia.com\/"},{"@type":"ListItem","position":2,"name":"Shop","item":"https:\/\/stelfia.com\/shop\/"},{"@type":"ListItem","position":3,"name":"Chargeur 36V\/42V 3A, prise Jack 5.5\/2.1, Kuickwheel ORIGINAL"}]},{"@type":"WebSite","@id":"https:\/\/stelfia.com\/#website","url":"https:\/\/stelfia.com\/","name":"Elektroroller","description":"Trottinette \u00e9lectrique en Suisse romande","publisher":{"@id":"https:\/\/stelfia.com\/#organization"},"potentialAction":[{"@type":"SearchAction","target":{"@type":"EntryPoint","urlTemplate":"https:\/\/stelfia.com\/?s={search_term_string}"},"query-input":{"@type":"PropertyValueSpecification","valueRequired":true,"valueName":"search_term_string"}}],"inLanguage":"de"},{"@type":"Organization","@id":"https:\/\/stelfia.com\/#organization","name":"Trottinette \u00e9lectrique lausanne","url":"https:\/\/stelfia.com\/","logo":{"@type":"ImageObject","inLanguage":"de","@id":"https:\/\/stelfia.com\/#\/schema\/logo\/image\/","url":"https:\/\/stelfia.com\/wp-content\/uploads\/2023\/02\/logonew-removebg-preview.png","contentUrl":"https:\/\/stelfia.com\/wp-content\/uploads\/2023\/02\/logonew-removebg-preview.png","width":238,"height":100,"caption":"Trottinette \u00e9lectrique lausanne"},"image":{"@id":"https:\/\/stelfia.com\/#\/schema\/logo\/image\/"}}]}},"_links":{"self":[{"href":"https:\/\/stelfia.com\/de\/wp-json\/wp\/v2\/product\/1410","targetHints":{"allow":["GET"]}}],"collection":[{"href":"https:\/\/stelfia.com\/de\/wp-json\/wp\/v2\/product"}],"about":[{"href":"https:\/\/stelfia.com\/de\/wp-json\/wp\/v2\/types\/product"}],"version-history":[{"count":0,"href":"https:\/\/stelfia.com\/de\/wp-json\/wp\/v2\/product\/1410\/revisions"}],"wp:featuredmedia":[{"embeddable":true,"href":"https:\/\/stelfia.com\/de\/wp-json\/wp\/v2\/media\/10015"}],"wp:attachment":[{"href":"https:\/\/stelfia.com\/de\/wp-json\/wp\/v2\/media?parent=1410"}],"wp:term":[{"taxonomy":"product_brand","embeddable":true,"href":"https:\/\/stelfia.com\/de\/wp-json\/wp\/v2\/product_brand?post=1410"},{"taxonomy":"product_cat","embeddable":true,"href":"https:\/\/stelfia.com\/de\/wp-json\/wp\/v2\/product_cat?post=1410"},{"taxonomy":"product_tag","embeddable":true,"href":"https:\/\/stelfia.com\/de\/wp-json\/wp\/v2\/product_tag?post=1410"},{"taxonomy":"permis--de-conduire","embeddable":true,"href":"https:\/\/stelfia.com\/de\/wp-json\/wp\/v2\/permis--de-conduire?post=1410"},{"taxonomy":"vitesse","embeddable":true,"href":"https:\/\/stelfia.com\/de\/wp-json\/wp\/v2\/vitesse?post=1410"},{"taxonomy":"brands","embeddable":true,"href":"https:\/\/stelfia.com\/de\/wp-json\/wp\/v2\/brands?post=1410"},{"taxonomy":"accessoires","embeddable":true,"href":"https:\/\/stelfia.com\/de\/wp-json\/wp\/v2\/accessoires?post=1410"},{"taxonomy":"pieces-detachees","embeddable":true,"href":"https:\/\/stelfia.com\/de\/wp-json\/wp\/v2\/pieces-detachees?post=1410"},{"taxonomy":"trottinette-electrique","embeddable":true,"href":"https:\/\/stelfia.com\/de\/wp-json\/wp\/v2\/trottinette-electrique?post=1410"},{"taxonomy":"velo","embeddable":true,"href":"https:\/\/stelfia.com\/de\/wp-json\/wp\/v2\/velo?post=1410"}],"curies":[{"name":"wp","href":"https:\/\/api.w.org\/{rel}","templated":true}]}}