{"id":1392,"date":"2023-01-23T18:27:09","date_gmt":"2023-01-23T18:27:09","guid":{"rendered":"https:\/\/stelfia.com\/?post_type=product&#038;p=1392"},"modified":"2024-02-15T10:33:14","modified_gmt":"2024-02-15T10:33:14","slug":"chargeur-60v-67-2v-2a-prise-gx16-3","status":"publish","type":"product","link":"https:\/\/stelfia.com\/de\/shop\/pieces-et-accessoires\/chargeur-60v-67-2v-2a-prise-gx16-3\/","title":{"rendered":"60 V\/67,2 V 2 A Ladeger\u00e4t, GX16-3 Stecker"},"content":{"rendered":"","protected":false},"excerpt":{"rendered":"<div id=\"tab-description\" class=\"woocommerce-Tabs-panel woocommerce-Tabs-panel--description panel entry-content wc-tab\" role=\"tabpanel\" aria-labelledby=\"tab-title-description\">\n<h2>Beschreibung<\/h2>\n<h2 class=\"entry-title\">Ladeger\u00e4t 60V-67,2V 2A, GX16-3 Stecker<\/h2>\n<\/div>\n<ul class=\"a-unordered-list a-vertical a-spacing-mini\">\n<li>Ausgang 60 V, Gleichstrom 67,2 V, 2,0 A<\/li>\n<li>Eingang 100-240 VAC, 50\/60 Hz, 3 A max.<\/li>\n<\/ul>\n<ul class=\"a-unordered-list a-vertical a-spacing-mini\">\n<li><span class=\"a-list-item\"><span class=\"\">Hochwertige Materialien<\/span><\/span><\/li>\n<li><span class=\"a-list-item\"><span class=\"\">Ladeanzeige, Rot \ud83d\udd34 -&gt; l\u00e4dt, <\/span>Gr\u00fcn \ud83d\udfe2 -&gt; aufgeladen<\/span><\/li>\n<\/ul>\n<ul class=\"a-unordered-list a-vertical a-spacing-mini\">\n<li>Ladeger\u00e4t kompatibel mit Vsett 10+ Modellen, \u2026<\/li>\n<\/ul>\n<p><span style=\"text-decoration: underline;\">Aufgefallen:<\/span><br \/>\n\u00dcberpr\u00fcfen Sie unbedingt die Nennspannung des Rollers, um Fehler zu vermeiden. Normalerweise befindet sich auf dem Fahrgestell ein Etikett mit diesen Informationen. Im Zweifelsfall k\u00f6nnen Sie uns kontaktieren, indem Sie uns Fotos des Rollers schicken<\/p>","protected":false},"featured_media":9998,"template":"","meta":{"_uf_show_specific_survey":0,"_uf_disable_surveys":false},"product_brand":[],"product_cat":[113],"product_tag":[141,166,165,144],"permis--de-conduire":[],"vitesse":[],"brands":[74],"accessoires":[],"pieces-detachees":[106],"trottinette-electrique":[],"velo":[],"class_list":{"0":"post-1392","1":"product","2":"type-product","3":"status-publish","4":"has-post-thumbnail","6":"product_cat-pieces-et-accessoires","7":"product_tag-chargeur","8":"product_tag-chargeur-60v","9":"product_tag-chargeur-vsett-10","10":"product_tag-gx16","11":"brands-vsett","12":"pieces-detachees-chargeurs","13":"tm-no-options","15":"first","16":"instock","17":"taxable","18":"shipping-taxable","19":"purchasable","20":"product-type-simple"},"yoast_head":"<!-- This site is optimized with the Yoast SEO plugin v25.8 - https:\/\/yoast.com\/wordpress\/plugins\/seo\/ -->\n<title>Chargeur 60V\/67.2V 2A, prise GX16-3 - Trottinette \u00e9lectrique<\/title>\n<meta name=\"robots\" content=\"index, follow, max-snippet:-1, max-image-preview:large, max-video-preview:-1\" \/>\n<link rel=\"canonical\" href=\"https:\/\/stelfia.com\/de\/shop\/pieces-et-accessoires\/chargeur-60v-67-2v-2a-prise-gx16-3\/\" \/>\n<meta property=\"og:locale\" content=\"de_DE\" \/>\n<meta property=\"og:type\" content=\"article\" \/>\n<meta property=\"og:title\" content=\"Chargeur 60V\/67.2V 2A, prise GX16-3 - Trottinette \u00e9lectrique\" \/>\n<meta property=\"og:description\" content=\"Description Chargeur 60V-67.2V 2A, prise GX16-3    Sortie (Output) 60V, DC 67.2V, 2.0A  Entr\u00e9e (Input) 100-240VAC, 50\/60Hz, 3A max    Mat\u00e9riaux de haute qualit\u00e9  Indicateur de charge, Rouge \ud83d\udd34 -&gt; en charge, Vert \ud83d\udfe2 -&gt; charg\u00e9    Chargeur compatible avec les mod\u00e8les Vsett 10+, ...  Remarque : V\u00e9rifiez bien la tension nominale de la trottinette pour \u00e9viter toute erreur. Normalement une \u00e9tiquette est plac\u00e9e sur le ch\u00e2ssis mentionnant ces infos. En cas de doute, vous pouvez nous contacter en nous envoyant des photos de la trottinette\" \/>\n<meta property=\"og:url\" content=\"https:\/\/stelfia.com\/de\/shop\/pieces-et-accessoires\/chargeur-60v-67-2v-2a-prise-gx16-3\/\" \/>\n<meta property=\"og:site_name\" content=\"Trottinette \u00e9lectrique\" \/>\n<meta property=\"article:modified_time\" content=\"2024-02-15T10:33:14+00:00\" \/>\n<meta property=\"og:image\" content=\"https:\/\/stelfia.com\/wp-content\/uploads\/2022\/10\/Sans-titre-Publication-Instagram-Carre-6.jpg\" \/>\n\t<meta property=\"og:image:width\" content=\"1080\" \/>\n\t<meta property=\"og:image:height\" content=\"1080\" \/>\n\t<meta property=\"og:image:type\" content=\"image\/jpeg\" \/>\n<meta name=\"twitter:card\" content=\"summary_large_image\" \/>\n<meta name=\"twitter:label1\" content=\"Gesch\u00e4tzte Lesezeit\" \/>\n\t<meta name=\"twitter:data1\" content=\"1\u00a0Minute\" \/>\n<script type=\"application\/ld+json\" class=\"yoast-schema-graph\">{\"@context\":\"https:\/\/schema.org\",\"@graph\":[{\"@type\":\"WebPage\",\"@id\":\"https:\/\/stelfia.com\/shop\/pieces-et-accessoires\/chargeur-60v-67-2v-2a-prise-gx16-3\/\",\"url\":\"https:\/\/stelfia.com\/shop\/pieces-et-accessoires\/chargeur-60v-67-2v-2a-prise-gx16-3\/\",\"name\":\"Chargeur 60V\/67.2V 2A, prise GX16-3 - Trottinette \u00e9lectrique\",\"isPartOf\":{\"@id\":\"https:\/\/stelfia.com\/#website\"},\"primaryImageOfPage\":{\"@id\":\"https:\/\/stelfia.com\/shop\/pieces-et-accessoires\/chargeur-60v-67-2v-2a-prise-gx16-3\/#primaryimage\"},\"image\":{\"@id\":\"https:\/\/stelfia.com\/shop\/pieces-et-accessoires\/chargeur-60v-67-2v-2a-prise-gx16-3\/#primaryimage\"},\"thumbnailUrl\":\"https:\/\/stelfia.com\/wp-content\/uploads\/2022\/10\/Sans-titre-Publication-Instagram-Carre-6.jpg\",\"datePublished\":\"2023-01-23T18:27:09+00:00\",\"dateModified\":\"2024-02-15T10:33:14+00:00\",\"breadcrumb\":{\"@id\":\"https:\/\/stelfia.com\/shop\/pieces-et-accessoires\/chargeur-60v-67-2v-2a-prise-gx16-3\/#breadcrumb\"},\"inLanguage\":\"de\",\"potentialAction\":[{\"@type\":\"ReadAction\",\"target\":[\"https:\/\/stelfia.com\/shop\/pieces-et-accessoires\/chargeur-60v-67-2v-2a-prise-gx16-3\/\"]}]},{\"@type\":\"ImageObject\",\"inLanguage\":\"de\",\"@id\":\"https:\/\/stelfia.com\/shop\/pieces-et-accessoires\/chargeur-60v-67-2v-2a-prise-gx16-3\/#primaryimage\",\"url\":\"https:\/\/stelfia.com\/wp-content\/uploads\/2022\/10\/Sans-titre-Publication-Instagram-Carre-6.jpg\",\"contentUrl\":\"https:\/\/stelfia.com\/wp-content\/uploads\/2022\/10\/Sans-titre-Publication-Instagram-Carre-6.jpg\",\"width\":1080,\"height\":1080},{\"@type\":\"BreadcrumbList\",\"@id\":\"https:\/\/stelfia.com\/shop\/pieces-et-accessoires\/chargeur-60v-67-2v-2a-prise-gx16-3\/#breadcrumb\",\"itemListElement\":[{\"@type\":\"ListItem\",\"position\":1,\"name\":\"Accueil\",\"item\":\"https:\/\/stelfia.com\/\"},{\"@type\":\"ListItem\",\"position\":2,\"name\":\"Shop\",\"item\":\"https:\/\/stelfia.com\/shop\/\"},{\"@type\":\"ListItem\",\"position\":3,\"name\":\"Chargeur 60V\/67.2V 2A, prise GX16-3\"}]},{\"@type\":\"WebSite\",\"@id\":\"https:\/\/stelfia.com\/#website\",\"url\":\"https:\/\/stelfia.com\/\",\"name\":\"Trottinette \u00e9lectrique\",\"description\":\"Trottinette \u00e9lectrique en Suisse romande\",\"publisher\":{\"@id\":\"https:\/\/stelfia.com\/#organization\"},\"potentialAction\":[{\"@type\":\"SearchAction\",\"target\":{\"@type\":\"EntryPoint\",\"urlTemplate\":\"https:\/\/stelfia.com\/?s={search_term_string}\"},\"query-input\":{\"@type\":\"PropertyValueSpecification\",\"valueRequired\":true,\"valueName\":\"search_term_string\"}}],\"inLanguage\":\"de\"},{\"@type\":\"Organization\",\"@id\":\"https:\/\/stelfia.com\/#organization\",\"name\":\"Trottinette \u00e9lectrique lausanne\",\"url\":\"https:\/\/stelfia.com\/\",\"logo\":{\"@type\":\"ImageObject\",\"inLanguage\":\"de\",\"@id\":\"https:\/\/stelfia.com\/#\/schema\/logo\/image\/\",\"url\":\"https:\/\/stelfia.com\/wp-content\/uploads\/2023\/02\/logonew-removebg-preview.png\",\"contentUrl\":\"https:\/\/stelfia.com\/wp-content\/uploads\/2023\/02\/logonew-removebg-preview.png\",\"width\":238,\"height\":100,\"caption\":\"Trottinette \u00e9lectrique lausanne\"},\"image\":{\"@id\":\"https:\/\/stelfia.com\/#\/schema\/logo\/image\/\"}}]}<\/script>\n<!-- \/ Yoast SEO plugin. -->","yoast_head_json":{"title":"Chargeur 60V\/67.2V 2A, prise GX16-3 - Trottinette \u00e9lectrique","robots":{"index":"index","follow":"follow","max-snippet":"max-snippet:-1","max-image-preview":"max-image-preview:large","max-video-preview":"max-video-preview:-1"},"canonical":"https:\/\/stelfia.com\/de\/shop\/pieces-et-accessoires\/chargeur-60v-67-2v-2a-prise-gx16-3\/","og_locale":"de_DE","og_type":"article","og_title":"Chargeur 60V\/67.2V 2A, prise GX16-3 - Trottinette \u00e9lectrique","og_description":"Description Chargeur 60V-67.2V 2A, prise GX16-3    Sortie (Output) 60V, DC 67.2V, 2.0A  Entr\u00e9e (Input) 100-240VAC, 50\/60Hz, 3A max    Mat\u00e9riaux de haute qualit\u00e9  Indicateur de charge, Rouge \ud83d\udd34 -&gt; en charge, Vert \ud83d\udfe2 -&gt; charg\u00e9    Chargeur compatible avec les mod\u00e8les Vsett 10+, ...  Remarque : V\u00e9rifiez bien la tension nominale de la trottinette pour \u00e9viter toute erreur. Normalement une \u00e9tiquette est plac\u00e9e sur le ch\u00e2ssis mentionnant ces infos. En cas de doute, vous pouvez nous contacter en nous envoyant des photos de la trottinette","og_url":"https:\/\/stelfia.com\/de\/shop\/pieces-et-accessoires\/chargeur-60v-67-2v-2a-prise-gx16-3\/","og_site_name":"Trottinette \u00e9lectrique","article_modified_time":"2024-02-15T10:33:14+00:00","og_image":[{"width":1080,"height":1080,"url":"https:\/\/stelfia.com\/wp-content\/uploads\/2022\/10\/Sans-titre-Publication-Instagram-Carre-6.jpg","type":"image\/jpeg"}],"twitter_card":"summary_large_image","twitter_misc":{"Gesch\u00e4tzte Lesezeit":"1\u00a0Minute"},"schema":{"@context":"https:\/\/schema.org","@graph":[{"@type":"WebPage","@id":"https:\/\/stelfia.com\/shop\/pieces-et-accessoires\/chargeur-60v-67-2v-2a-prise-gx16-3\/","url":"https:\/\/stelfia.com\/shop\/pieces-et-accessoires\/chargeur-60v-67-2v-2a-prise-gx16-3\/","name":"Chargeur 60V\/67.2V 2A, prise GX16-3 - Trottinette \u00e9lectrique","isPartOf":{"@id":"https:\/\/stelfia.com\/#website"},"primaryImageOfPage":{"@id":"https:\/\/stelfia.com\/shop\/pieces-et-accessoires\/chargeur-60v-67-2v-2a-prise-gx16-3\/#primaryimage"},"image":{"@id":"https:\/\/stelfia.com\/shop\/pieces-et-accessoires\/chargeur-60v-67-2v-2a-prise-gx16-3\/#primaryimage"},"thumbnailUrl":"https:\/\/stelfia.com\/wp-content\/uploads\/2022\/10\/Sans-titre-Publication-Instagram-Carre-6.jpg","datePublished":"2023-01-23T18:27:09+00:00","dateModified":"2024-02-15T10:33:14+00:00","breadcrumb":{"@id":"https:\/\/stelfia.com\/shop\/pieces-et-accessoires\/chargeur-60v-67-2v-2a-prise-gx16-3\/#breadcrumb"},"inLanguage":"de","potentialAction":[{"@type":"ReadAction","target":["https:\/\/stelfia.com\/shop\/pieces-et-accessoires\/chargeur-60v-67-2v-2a-prise-gx16-3\/"]}]},{"@type":"ImageObject","inLanguage":"de","@id":"https:\/\/stelfia.com\/shop\/pieces-et-accessoires\/chargeur-60v-67-2v-2a-prise-gx16-3\/#primaryimage","url":"https:\/\/stelfia.com\/wp-content\/uploads\/2022\/10\/Sans-titre-Publication-Instagram-Carre-6.jpg","contentUrl":"https:\/\/stelfia.com\/wp-content\/uploads\/2022\/10\/Sans-titre-Publication-Instagram-Carre-6.jpg","width":1080,"height":1080},{"@type":"BreadcrumbList","@id":"https:\/\/stelfia.com\/shop\/pieces-et-accessoires\/chargeur-60v-67-2v-2a-prise-gx16-3\/#breadcrumb","itemListElement":[{"@type":"ListItem","position":1,"name":"Accueil","item":"https:\/\/stelfia.com\/"},{"@type":"ListItem","position":2,"name":"Shop","item":"https:\/\/stelfia.com\/shop\/"},{"@type":"ListItem","position":3,"name":"Chargeur 60V\/67.2V 2A, prise GX16-3"}]},{"@type":"WebSite","@id":"https:\/\/stelfia.com\/#website","url":"https:\/\/stelfia.com\/","name":"Elektroroller","description":"Trottinette \u00e9lectrique en Suisse romande","publisher":{"@id":"https:\/\/stelfia.com\/#organization"},"potentialAction":[{"@type":"SearchAction","target":{"@type":"EntryPoint","urlTemplate":"https:\/\/stelfia.com\/?s={search_term_string}"},"query-input":{"@type":"PropertyValueSpecification","valueRequired":true,"valueName":"search_term_string"}}],"inLanguage":"de"},{"@type":"Organization","@id":"https:\/\/stelfia.com\/#organization","name":"Trottinette \u00e9lectrique lausanne","url":"https:\/\/stelfia.com\/","logo":{"@type":"ImageObject","inLanguage":"de","@id":"https:\/\/stelfia.com\/#\/schema\/logo\/image\/","url":"https:\/\/stelfia.com\/wp-content\/uploads\/2023\/02\/logonew-removebg-preview.png","contentUrl":"https:\/\/stelfia.com\/wp-content\/uploads\/2023\/02\/logonew-removebg-preview.png","width":238,"height":100,"caption":"Trottinette \u00e9lectrique lausanne"},"image":{"@id":"https:\/\/stelfia.com\/#\/schema\/logo\/image\/"}}]}},"_links":{"self":[{"href":"https:\/\/stelfia.com\/de\/wp-json\/wp\/v2\/product\/1392","targetHints":{"allow":["GET"]}}],"collection":[{"href":"https:\/\/stelfia.com\/de\/wp-json\/wp\/v2\/product"}],"about":[{"href":"https:\/\/stelfia.com\/de\/wp-json\/wp\/v2\/types\/product"}],"version-history":[{"count":0,"href":"https:\/\/stelfia.com\/de\/wp-json\/wp\/v2\/product\/1392\/revisions"}],"wp:featuredmedia":[{"embeddable":true,"href":"https:\/\/stelfia.com\/de\/wp-json\/wp\/v2\/media\/9998"}],"wp:attachment":[{"href":"https:\/\/stelfia.com\/de\/wp-json\/wp\/v2\/media?parent=1392"}],"wp:term":[{"taxonomy":"product_brand","embeddable":true,"href":"https:\/\/stelfia.com\/de\/wp-json\/wp\/v2\/product_brand?post=1392"},{"taxonomy":"product_cat","embeddable":true,"href":"https:\/\/stelfia.com\/de\/wp-json\/wp\/v2\/product_cat?post=1392"},{"taxonomy":"product_tag","embeddable":true,"href":"https:\/\/stelfia.com\/de\/wp-json\/wp\/v2\/product_tag?post=1392"},{"taxonomy":"permis--de-conduire","embeddable":true,"href":"https:\/\/stelfia.com\/de\/wp-json\/wp\/v2\/permis--de-conduire?post=1392"},{"taxonomy":"vitesse","embeddable":true,"href":"https:\/\/stelfia.com\/de\/wp-json\/wp\/v2\/vitesse?post=1392"},{"taxonomy":"brands","embeddable":true,"href":"https:\/\/stelfia.com\/de\/wp-json\/wp\/v2\/brands?post=1392"},{"taxonomy":"accessoires","embeddable":true,"href":"https:\/\/stelfia.com\/de\/wp-json\/wp\/v2\/accessoires?post=1392"},{"taxonomy":"pieces-detachees","embeddable":true,"href":"https:\/\/stelfia.com\/de\/wp-json\/wp\/v2\/pieces-detachees?post=1392"},{"taxonomy":"trottinette-electrique","embeddable":true,"href":"https:\/\/stelfia.com\/de\/wp-json\/wp\/v2\/trottinette-electrique?post=1392"},{"taxonomy":"velo","embeddable":true,"href":"https:\/\/stelfia.com\/de\/wp-json\/wp\/v2\/velo?post=1392"}],"curies":[{"name":"wp","href":"https:\/\/api.w.org\/{rel}","templated":true}]}}