{"id":1371,"date":"2023-01-23T16:28:26","date_gmt":"2023-01-23T16:28:26","guid":{"rendered":"https:\/\/stelfia.com\/?post_type=product&#038;p=1371"},"modified":"2024-01-25T08:44:01","modified_gmt":"2024-01-25T08:44:01","slug":"chargeur-36v-42v-2a-prise-jack-xiaomi-original","status":"publish","type":"product","link":"https:\/\/stelfia.com\/de\/shop\/pieces-et-accessoires\/chargeur-36v-42v-2a-prise-jack-xiaomi-original\/","title":{"rendered":"Ladeger\u00e4t 36V\/42V 1,7A, Xiaomi Klinkenstecker, ORIGINAL"},"content":{"rendered":"","protected":false},"excerpt":{"rendered":"<div id=\"tab-description\" class=\"woocommerce-Tabs-panel woocommerce-Tabs-panel--description panel entry-content wc-tab\" role=\"tabpanel\" aria-labelledby=\"tab-title-description\">\n<h2>Beschreibung<\/h2>\n<h2 class=\"entry-title\">36V-42V 1,7A Ladeger\u00e4t, Xiaomi Klinkenstecker<\/h2>\n<\/div>\n<ul class=\"a-unordered-list a-vertical a-spacing-mini\">\n<li>Ausgang 36 V, Gleichstrom 42,0 V, 1,7 A<\/li>\n<li>Eingang 100 \u2013 240 V Wechselstrom, 50\/60 Hz, max. 2,0 A<\/li>\n<\/ul>\n<ul class=\"a-unordered-list a-vertical a-spacing-mini\">\n<li><span class=\"a-list-item\"><span class=\"\">Hochwertige Materialien<\/span><\/span><\/li>\n<li><span class=\"a-list-item\"><span class=\"\">Ladeanzeige, Rot \ud83d\udd34 -&gt; l\u00e4dt, <\/span>Gr\u00fcn \ud83d\udfe2 -&gt; aufgeladen<\/span><\/li>\n<\/ul>\n<ul class=\"a-unordered-list a-vertical a-spacing-mini\">\n<li>Ladeger\u00e4t kompatibel mit den Modellen Xiaomi M365, Pro, Essential, 1S, Pro 2, Ninebot ES1, ES2, ES3, ES4, E22, E25, E45.<\/li>\n<\/ul>\n<p><span style=\"text-decoration: underline;\">Aufgefallen:<\/span><br \/>\n\u00dcberpr\u00fcfen Sie unbedingt die Nennspannung des Rollers, um Fehler zu vermeiden. Normalerweise befindet sich auf dem Fahrgestell ein Etikett mit diesen Informationen. Im Zweifelsfall k\u00f6nnen Sie uns kontaktieren, indem Sie uns Fotos des Rollers schicken<\/p>","protected":false},"featured_media":9995,"template":"","meta":{"_uf_show_specific_survey":0,"_uf_disable_surveys":false},"product_brand":[],"product_cat":[113],"product_tag":[141,161,143,171,142,170],"permis--de-conduire":[],"vitesse":[],"brands":[78,73],"accessoires":[],"pieces-detachees":[106],"trottinette-electrique":[],"velo":[],"class_list":{"0":"post-1371","1":"product","2":"type-product","3":"status-publish","4":"has-post-thumbnail","6":"product_cat-pieces-et-accessoires","7":"product_tag-chargeur","8":"product_tag-chargeur-36v","9":"product_tag-ninebot","10":"product_tag-ninebot-es","11":"product_tag-xiaomi","12":"product_tag-xiaomi-pro","13":"brands-ninebot","14":"brands-xiaomi","15":"pieces-detachees-chargeurs","16":"tm-no-options","18":"first","19":"instock","20":"taxable","21":"shipping-taxable","22":"purchasable","23":"product-type-simple"},"yoast_head":"<!-- This site is optimized with the Yoast SEO plugin v25.8 - https:\/\/yoast.com\/wordpress\/plugins\/seo\/ -->\n<title>Chargeur 36V\/42V 1.7A, prise Jack Xiaomi, ORIGINAL - Trottinette \u00e9lectrique<\/title>\n<meta name=\"robots\" content=\"index, follow, max-snippet:-1, max-image-preview:large, max-video-preview:-1\" \/>\n<link rel=\"canonical\" href=\"https:\/\/stelfia.com\/de\/shop\/pieces-et-accessoires\/chargeur-36v-42v-2a-prise-jack-xiaomi-original\/\" \/>\n<meta property=\"og:locale\" content=\"de_DE\" \/>\n<meta property=\"og:type\" content=\"article\" \/>\n<meta property=\"og:title\" content=\"Chargeur 36V\/42V 1.7A, prise Jack Xiaomi, ORIGINAL - Trottinette \u00e9lectrique\" \/>\n<meta property=\"og:description\" content=\"Description Chargeur 36V-42V 1.7A, prise Jack Xiaomi    Sortie (Output) 36V, DC 42.0V, 1.7A  Entr\u00e9e (Input) 100-240VAC, 50\/60Hz, 2.0A max    Mat\u00e9riaux de haute qualit\u00e9  Indicateur de charge, Rouge \ud83d\udd34 -&gt; en charge, Vert \ud83d\udfe2 -&gt; charg\u00e9    Chargeur compatible avec les mod\u00e8les Xiaomi M365, Pro, Essential, 1S, Pro 2, Ninebot ES1, ES2, ES3, ES4, E22, E25, E45.  Remarque : V\u00e9rifiez bien la tension nominale de la trottinette pour \u00e9viter toute erreur. Normalement une \u00e9tiquette est plac\u00e9e sur le ch\u00e2ssis mentionnant ces infos. En cas de doute, vous pouvez nous contacter en nous envoyant des photos de la trottinette\" \/>\n<meta property=\"og:url\" content=\"https:\/\/stelfia.com\/de\/shop\/pieces-et-accessoires\/chargeur-36v-42v-2a-prise-jack-xiaomi-original\/\" \/>\n<meta property=\"og:site_name\" content=\"Trottinette \u00e9lectrique\" \/>\n<meta property=\"article:modified_time\" content=\"2024-01-25T08:44:01+00:00\" \/>\n<meta property=\"og:image\" content=\"https:\/\/stelfia.com\/wp-content\/uploads\/2022\/10\/Sans-titre-Publication-Instagram-Carre-3.jpg\" \/>\n\t<meta property=\"og:image:width\" content=\"1080\" \/>\n\t<meta property=\"og:image:height\" content=\"1080\" \/>\n\t<meta property=\"og:image:type\" content=\"image\/jpeg\" \/>\n<meta name=\"twitter:card\" content=\"summary_large_image\" \/>\n<meta name=\"twitter:label1\" content=\"Gesch\u00e4tzte Lesezeit\" \/>\n\t<meta name=\"twitter:data1\" content=\"1\u00a0Minute\" \/>\n<script type=\"application\/ld+json\" class=\"yoast-schema-graph\">{\"@context\":\"https:\/\/schema.org\",\"@graph\":[{\"@type\":\"WebPage\",\"@id\":\"https:\/\/stelfia.com\/shop\/pieces-et-accessoires\/chargeur-36v-42v-2a-prise-jack-xiaomi-original\/\",\"url\":\"https:\/\/stelfia.com\/shop\/pieces-et-accessoires\/chargeur-36v-42v-2a-prise-jack-xiaomi-original\/\",\"name\":\"Chargeur 36V\/42V 1.7A, prise Jack Xiaomi, ORIGINAL - Trottinette \u00e9lectrique\",\"isPartOf\":{\"@id\":\"https:\/\/stelfia.com\/#website\"},\"primaryImageOfPage\":{\"@id\":\"https:\/\/stelfia.com\/shop\/pieces-et-accessoires\/chargeur-36v-42v-2a-prise-jack-xiaomi-original\/#primaryimage\"},\"image\":{\"@id\":\"https:\/\/stelfia.com\/shop\/pieces-et-accessoires\/chargeur-36v-42v-2a-prise-jack-xiaomi-original\/#primaryimage\"},\"thumbnailUrl\":\"https:\/\/stelfia.com\/wp-content\/uploads\/2022\/10\/Sans-titre-Publication-Instagram-Carre-3.jpg\",\"datePublished\":\"2023-01-23T16:28:26+00:00\",\"dateModified\":\"2024-01-25T08:44:01+00:00\",\"breadcrumb\":{\"@id\":\"https:\/\/stelfia.com\/shop\/pieces-et-accessoires\/chargeur-36v-42v-2a-prise-jack-xiaomi-original\/#breadcrumb\"},\"inLanguage\":\"de\",\"potentialAction\":[{\"@type\":\"ReadAction\",\"target\":[\"https:\/\/stelfia.com\/shop\/pieces-et-accessoires\/chargeur-36v-42v-2a-prise-jack-xiaomi-original\/\"]}]},{\"@type\":\"ImageObject\",\"inLanguage\":\"de\",\"@id\":\"https:\/\/stelfia.com\/shop\/pieces-et-accessoires\/chargeur-36v-42v-2a-prise-jack-xiaomi-original\/#primaryimage\",\"url\":\"https:\/\/stelfia.com\/wp-content\/uploads\/2022\/10\/Sans-titre-Publication-Instagram-Carre-3.jpg\",\"contentUrl\":\"https:\/\/stelfia.com\/wp-content\/uploads\/2022\/10\/Sans-titre-Publication-Instagram-Carre-3.jpg\",\"width\":1080,\"height\":1080},{\"@type\":\"BreadcrumbList\",\"@id\":\"https:\/\/stelfia.com\/shop\/pieces-et-accessoires\/chargeur-36v-42v-2a-prise-jack-xiaomi-original\/#breadcrumb\",\"itemListElement\":[{\"@type\":\"ListItem\",\"position\":1,\"name\":\"Accueil\",\"item\":\"https:\/\/stelfia.com\/\"},{\"@type\":\"ListItem\",\"position\":2,\"name\":\"Shop\",\"item\":\"https:\/\/stelfia.com\/shop\/\"},{\"@type\":\"ListItem\",\"position\":3,\"name\":\"Chargeur 36V\/42V 1.7A, prise Jack Xiaomi, ORIGINAL\"}]},{\"@type\":\"WebSite\",\"@id\":\"https:\/\/stelfia.com\/#website\",\"url\":\"https:\/\/stelfia.com\/\",\"name\":\"Trottinette \u00e9lectrique\",\"description\":\"Trottinette \u00e9lectrique en Suisse romande\",\"publisher\":{\"@id\":\"https:\/\/stelfia.com\/#organization\"},\"potentialAction\":[{\"@type\":\"SearchAction\",\"target\":{\"@type\":\"EntryPoint\",\"urlTemplate\":\"https:\/\/stelfia.com\/?s={search_term_string}\"},\"query-input\":{\"@type\":\"PropertyValueSpecification\",\"valueRequired\":true,\"valueName\":\"search_term_string\"}}],\"inLanguage\":\"de\"},{\"@type\":\"Organization\",\"@id\":\"https:\/\/stelfia.com\/#organization\",\"name\":\"Trottinette \u00e9lectrique lausanne\",\"url\":\"https:\/\/stelfia.com\/\",\"logo\":{\"@type\":\"ImageObject\",\"inLanguage\":\"de\",\"@id\":\"https:\/\/stelfia.com\/#\/schema\/logo\/image\/\",\"url\":\"https:\/\/stelfia.com\/wp-content\/uploads\/2023\/02\/logonew-removebg-preview.png\",\"contentUrl\":\"https:\/\/stelfia.com\/wp-content\/uploads\/2023\/02\/logonew-removebg-preview.png\",\"width\":238,\"height\":100,\"caption\":\"Trottinette \u00e9lectrique lausanne\"},\"image\":{\"@id\":\"https:\/\/stelfia.com\/#\/schema\/logo\/image\/\"}}]}<\/script>\n<!-- \/ Yoast SEO plugin. -->","yoast_head_json":{"title":"Chargeur 36V\/42V 1.7A, prise Jack Xiaomi, ORIGINAL - Trottinette \u00e9lectrique","robots":{"index":"index","follow":"follow","max-snippet":"max-snippet:-1","max-image-preview":"max-image-preview:large","max-video-preview":"max-video-preview:-1"},"canonical":"https:\/\/stelfia.com\/de\/shop\/pieces-et-accessoires\/chargeur-36v-42v-2a-prise-jack-xiaomi-original\/","og_locale":"de_DE","og_type":"article","og_title":"Chargeur 36V\/42V 1.7A, prise Jack Xiaomi, ORIGINAL - Trottinette \u00e9lectrique","og_description":"Description Chargeur 36V-42V 1.7A, prise Jack Xiaomi    Sortie (Output) 36V, DC 42.0V, 1.7A  Entr\u00e9e (Input) 100-240VAC, 50\/60Hz, 2.0A max    Mat\u00e9riaux de haute qualit\u00e9  Indicateur de charge, Rouge \ud83d\udd34 -&gt; en charge, Vert \ud83d\udfe2 -&gt; charg\u00e9    Chargeur compatible avec les mod\u00e8les Xiaomi M365, Pro, Essential, 1S, Pro 2, Ninebot ES1, ES2, ES3, ES4, E22, E25, E45.  Remarque : V\u00e9rifiez bien la tension nominale de la trottinette pour \u00e9viter toute erreur. Normalement une \u00e9tiquette est plac\u00e9e sur le ch\u00e2ssis mentionnant ces infos. En cas de doute, vous pouvez nous contacter en nous envoyant des photos de la trottinette","og_url":"https:\/\/stelfia.com\/de\/shop\/pieces-et-accessoires\/chargeur-36v-42v-2a-prise-jack-xiaomi-original\/","og_site_name":"Trottinette \u00e9lectrique","article_modified_time":"2024-01-25T08:44:01+00:00","og_image":[{"width":1080,"height":1080,"url":"https:\/\/stelfia.com\/wp-content\/uploads\/2022\/10\/Sans-titre-Publication-Instagram-Carre-3.jpg","type":"image\/jpeg"}],"twitter_card":"summary_large_image","twitter_misc":{"Gesch\u00e4tzte Lesezeit":"1\u00a0Minute"},"schema":{"@context":"https:\/\/schema.org","@graph":[{"@type":"WebPage","@id":"https:\/\/stelfia.com\/shop\/pieces-et-accessoires\/chargeur-36v-42v-2a-prise-jack-xiaomi-original\/","url":"https:\/\/stelfia.com\/shop\/pieces-et-accessoires\/chargeur-36v-42v-2a-prise-jack-xiaomi-original\/","name":"Chargeur 36V\/42V 1.7A, prise Jack Xiaomi, ORIGINAL - Trottinette \u00e9lectrique","isPartOf":{"@id":"https:\/\/stelfia.com\/#website"},"primaryImageOfPage":{"@id":"https:\/\/stelfia.com\/shop\/pieces-et-accessoires\/chargeur-36v-42v-2a-prise-jack-xiaomi-original\/#primaryimage"},"image":{"@id":"https:\/\/stelfia.com\/shop\/pieces-et-accessoires\/chargeur-36v-42v-2a-prise-jack-xiaomi-original\/#primaryimage"},"thumbnailUrl":"https:\/\/stelfia.com\/wp-content\/uploads\/2022\/10\/Sans-titre-Publication-Instagram-Carre-3.jpg","datePublished":"2023-01-23T16:28:26+00:00","dateModified":"2024-01-25T08:44:01+00:00","breadcrumb":{"@id":"https:\/\/stelfia.com\/shop\/pieces-et-accessoires\/chargeur-36v-42v-2a-prise-jack-xiaomi-original\/#breadcrumb"},"inLanguage":"de","potentialAction":[{"@type":"ReadAction","target":["https:\/\/stelfia.com\/shop\/pieces-et-accessoires\/chargeur-36v-42v-2a-prise-jack-xiaomi-original\/"]}]},{"@type":"ImageObject","inLanguage":"de","@id":"https:\/\/stelfia.com\/shop\/pieces-et-accessoires\/chargeur-36v-42v-2a-prise-jack-xiaomi-original\/#primaryimage","url":"https:\/\/stelfia.com\/wp-content\/uploads\/2022\/10\/Sans-titre-Publication-Instagram-Carre-3.jpg","contentUrl":"https:\/\/stelfia.com\/wp-content\/uploads\/2022\/10\/Sans-titre-Publication-Instagram-Carre-3.jpg","width":1080,"height":1080},{"@type":"BreadcrumbList","@id":"https:\/\/stelfia.com\/shop\/pieces-et-accessoires\/chargeur-36v-42v-2a-prise-jack-xiaomi-original\/#breadcrumb","itemListElement":[{"@type":"ListItem","position":1,"name":"Accueil","item":"https:\/\/stelfia.com\/"},{"@type":"ListItem","position":2,"name":"Shop","item":"https:\/\/stelfia.com\/shop\/"},{"@type":"ListItem","position":3,"name":"Chargeur 36V\/42V 1.7A, prise Jack Xiaomi, ORIGINAL"}]},{"@type":"WebSite","@id":"https:\/\/stelfia.com\/#website","url":"https:\/\/stelfia.com\/","name":"Elektroroller","description":"Trottinette \u00e9lectrique en Suisse romande","publisher":{"@id":"https:\/\/stelfia.com\/#organization"},"potentialAction":[{"@type":"SearchAction","target":{"@type":"EntryPoint","urlTemplate":"https:\/\/stelfia.com\/?s={search_term_string}"},"query-input":{"@type":"PropertyValueSpecification","valueRequired":true,"valueName":"search_term_string"}}],"inLanguage":"de"},{"@type":"Organization","@id":"https:\/\/stelfia.com\/#organization","name":"Trottinette \u00e9lectrique lausanne","url":"https:\/\/stelfia.com\/","logo":{"@type":"ImageObject","inLanguage":"de","@id":"https:\/\/stelfia.com\/#\/schema\/logo\/image\/","url":"https:\/\/stelfia.com\/wp-content\/uploads\/2023\/02\/logonew-removebg-preview.png","contentUrl":"https:\/\/stelfia.com\/wp-content\/uploads\/2023\/02\/logonew-removebg-preview.png","width":238,"height":100,"caption":"Trottinette \u00e9lectrique lausanne"},"image":{"@id":"https:\/\/stelfia.com\/#\/schema\/logo\/image\/"}}]}},"_links":{"self":[{"href":"https:\/\/stelfia.com\/de\/wp-json\/wp\/v2\/product\/1371","targetHints":{"allow":["GET"]}}],"collection":[{"href":"https:\/\/stelfia.com\/de\/wp-json\/wp\/v2\/product"}],"about":[{"href":"https:\/\/stelfia.com\/de\/wp-json\/wp\/v2\/types\/product"}],"version-history":[{"count":0,"href":"https:\/\/stelfia.com\/de\/wp-json\/wp\/v2\/product\/1371\/revisions"}],"wp:featuredmedia":[{"embeddable":true,"href":"https:\/\/stelfia.com\/de\/wp-json\/wp\/v2\/media\/9995"}],"wp:attachment":[{"href":"https:\/\/stelfia.com\/de\/wp-json\/wp\/v2\/media?parent=1371"}],"wp:term":[{"taxonomy":"product_brand","embeddable":true,"href":"https:\/\/stelfia.com\/de\/wp-json\/wp\/v2\/product_brand?post=1371"},{"taxonomy":"product_cat","embeddable":true,"href":"https:\/\/stelfia.com\/de\/wp-json\/wp\/v2\/product_cat?post=1371"},{"taxonomy":"product_tag","embeddable":true,"href":"https:\/\/stelfia.com\/de\/wp-json\/wp\/v2\/product_tag?post=1371"},{"taxonomy":"permis--de-conduire","embeddable":true,"href":"https:\/\/stelfia.com\/de\/wp-json\/wp\/v2\/permis--de-conduire?post=1371"},{"taxonomy":"vitesse","embeddable":true,"href":"https:\/\/stelfia.com\/de\/wp-json\/wp\/v2\/vitesse?post=1371"},{"taxonomy":"brands","embeddable":true,"href":"https:\/\/stelfia.com\/de\/wp-json\/wp\/v2\/brands?post=1371"},{"taxonomy":"accessoires","embeddable":true,"href":"https:\/\/stelfia.com\/de\/wp-json\/wp\/v2\/accessoires?post=1371"},{"taxonomy":"pieces-detachees","embeddable":true,"href":"https:\/\/stelfia.com\/de\/wp-json\/wp\/v2\/pieces-detachees?post=1371"},{"taxonomy":"trottinette-electrique","embeddable":true,"href":"https:\/\/stelfia.com\/de\/wp-json\/wp\/v2\/trottinette-electrique?post=1371"},{"taxonomy":"velo","embeddable":true,"href":"https:\/\/stelfia.com\/de\/wp-json\/wp\/v2\/velo?post=1371"}],"curies":[{"name":"wp","href":"https:\/\/api.w.org\/{rel}","templated":true}]}}