{"id":12303,"date":"2026-02-23T17:22:13","date_gmt":"2026-02-23T17:22:13","guid":{"rendered":"https:\/\/stelfia.com\/?post_type=product&#038;p=12303"},"modified":"2026-02-23T18:00:54","modified_gmt":"2026-02-23T18:00:54","slug":"vmax-vx2-hub","status":"publish","type":"product","link":"https:\/\/stelfia.com\/de\/shop\/vehicules\/trottinette\/vmax-vx2-hub\/","title":{"rendered":"Vmax VX2 Hub"},"content":{"rendered":"<p>La VMAX VX2 Hub est une trottinette \u00e9lectrique moderne et \u00e9l\u00e9gante offrant une excellente autonomie et un design revisit\u00e9. Id\u00e9ale pour les trajets quotidiens avec un confort optimis\u00e9 et une conduite fluide.<\/p>\n<p>Batterie :\u00a0\u00a0\u00a0\u00a0\u00a0\u00a0\u00a0\u00a0\u00a0\u00a0\u00a0\u00a0\u00a0\u00a0\u00a0\u00a0\u00a0\u00a0\u00a0\u00a0\u00a0\u00a0\u00a0 Lithium 48V, 13Ah<\/p>\n<p>Moteur :\u00a0 \u00a0 \u00a0 \u00a0 \u00a0 \u00a0 \u00a0 \u00a0 \u00a0 \u00a0 \u00a0 \u00a0 \u00a0Brushless 500W<\/p>\n<p>H\u00f6chstgeschwindigkeit: 20 km\/h<\/p>\n<p>Autonomie :\u00a0 \u00a0 \u00a0 \u00a0 \u00a0 \u00a0 \u00a0 \u00a0 \u00a0 70 km<\/p>\n<p>Roues :\u00a0 \u00a0 \u00a0 \u00a0 \u00a0 \u00a0 \u00a0 \u00a0 \u00a0 \u00a0 \u00a0 \u00a0 \u00a0 10&#8243;, gonflables AV et ARR<\/p>\n<p>Frein :\u00a0 \u00a0 \u00a0 \u00a0 \u00a0 \u00a0 \u00a0 \u00a0 \u00a0 \u00a0 \u00a0 \u00a0 \u00a0 \u00a0 Tambour AV et disque + \u00e9lectrique ARR<\/p>\n<p>Temps de charge :\u00a0 \u00a0 \u00a0 \u00a0Env. 3 h<\/p>\n<p>Poids :\u00a0 \u00a0 \u00a0 \u00a0 \u00a0 \u00a0 \u00a0 \u00a0 \u00a0 \u00a0 \u00a0 \u00a0 \u00a0 \u00a0 24.4 kg<\/p>\n<p>Maximale Belastung: 130 kg<\/p>\n<p>Pentes :\u00a0 \u00a0 \u00a0 \u00a0 \u00a0 \u00a0 \u00a0 \u00a0 \u00a0 \u00a0 \u00a0 \u00a0 \u00a0 Jusqu&#8217;\u00e0 35%<\/p>\n<p>Etanch\u00e9it\u00e9 :\u00a0\u00a0\u00a0\u00a0\u00a0\u00a0\u00a0\u00a0\u00a0\u00a0\u00a0\u00a0\u00a0\u00a0\u00a0\u00a0\u00a0\u00a0 IPX6<\/p>\n<p>Dimensions :\u00a0 \u00a0 \u00a0 \u00a0 \u00a0 \u00a0 \u00a0 \u00a0 \u00a0 1278 x 555 x 1148 mm<\/p>\n<p>Dimensions pli\u00e9es :\u00a0 \u00a0 \u00a0 \u00a0535 x 555 x 1148 mm<\/p>\n<p>\u00c9quipement :\u00a0 \u00a0 \u00a0 \u00a0 \u00a0 \u00a0 \u00a0 \u00a0 Clignotants AV et ARR, suspension ARR, \u00e9cran TFT 3,5&#8221;<\/p>\n<p>Garantie: 2 Jahre (ein Jahr auf die Batterie)<\/p>\n<p>&nbsp;<\/p>\n<p><img decoding=\"async\" class=\"alignnone size-full wp-image-9333\" src=\"https:\/\/stelfia.com\/wp-content\/uploads\/2023\/02\/Capture-decran-2023-02-07-155823-300x89-1.jpg\" alt=\"\" width=\"300\" height=\"89\" srcset=\"https:\/\/stelfia.com\/wp-content\/uploads\/2023\/02\/Capture-decran-2023-02-07-155823-300x89-1.jpg 300w, https:\/\/stelfia.com\/wp-content\/uploads\/2023\/02\/Capture-decran-2023-02-07-155823-300x89-1-150x45.jpg 150w\" sizes=\"(max-width: 300px) 100vw, 300px\" \/><\/p>\n<p>Zugelassen f\u00fcr Schweizer Strassen<\/p>","protected":false},"excerpt":{"rendered":"<p>La VMAX VX2 Hub combine autonomie \u00e9tendue, design moderne et confort de conduite.<\/p>\n<p>Une trottinette \u00e9lectrique fiable et \u00e9l\u00e9gante pour les d\u00e9placements urbains quotidiens.<\/p>","protected":false},"featured_media":12304,"template":"","meta":{"_uf_show_specific_survey":0,"_uf_disable_surveys":false},"product_brand":[],"product_cat":[114],"product_tag":[557,556,476,125,443,554,551,552,149,555],"permis--de-conduire":[],"vitesse":[],"brands":[75],"accessoires":[],"pieces-detachees":[],"trottinette-electrique":[109],"velo":[],"class_list":{"0":"post-12303","1":"product","2":"type-product","3":"status-publish","4":"has-post-thumbnail","6":"product_cat-trottinette","7":"product_tag-design-moderne","8":"product_tag-grande-autonomie","9":"product_tag-mobilite-urbaine","10":"product_tag-renens","11":"product_tag-stelfia","12":"product_tag-trottinette-adulte","13":"product_tag-trottinette-electrique","14":"product_tag-trottinette-electrique-suisse","15":"product_tag-vmax","16":"product_tag-vx2-hub","17":"brands-vmax","18":"trottinette-electrique-neuves","19":"tm-has-options","21":"first","22":"instock","23":"taxable","24":"shipping-taxable","25":"purchasable","26":"product-type-simple"},"yoast_head":"<!-- This site is optimized with the Yoast SEO plugin v25.8 - https:\/\/yoast.com\/wordpress\/plugins\/seo\/ -->\n<title>VMAX VX2 Hub | Trottinette \u00e9lectrique grande autonomie \u2013 Stelfia<\/title>\n<meta name=\"description\" content=\"D\u00e9couvrez la VMAX VX2 Hub, trottinette \u00e9lectrique au nouveau design avec grande autonomie. Id\u00e9ale pour les trajets quotidiens en Suisse. Disponible chez Stelfia \u00e0 Renens.\" \/>\n<meta name=\"robots\" content=\"index, follow, max-snippet:-1, max-image-preview:large, max-video-preview:-1\" \/>\n<link rel=\"canonical\" href=\"https:\/\/stelfia.com\/de\/shop\/vehicules\/trottinette\/vmax-vx2-hub\/\" \/>\n<meta property=\"og:locale\" content=\"de_DE\" \/>\n<meta property=\"og:type\" content=\"article\" \/>\n<meta property=\"og:title\" content=\"VMAX VX2 Hub | Trottinette \u00e9lectrique grande autonomie \u2013 Stelfia\" \/>\n<meta property=\"og:description\" content=\"D\u00e9couvrez la VMAX VX2 Hub, trottinette \u00e9lectrique au nouveau design avec grande autonomie. Id\u00e9ale pour les trajets quotidiens en Suisse. Disponible chez Stelfia \u00e0 Renens.\" \/>\n<meta property=\"og:url\" content=\"https:\/\/stelfia.com\/de\/shop\/vehicules\/trottinette\/vmax-vx2-hub\/\" \/>\n<meta property=\"og:site_name\" content=\"Trottinette \u00e9lectrique\" \/>\n<meta property=\"article:modified_time\" content=\"2026-02-23T18:00:54+00:00\" \/>\n<meta property=\"og:image\" content=\"https:\/\/stelfia.com\/wp-content\/uploads\/2026\/02\/001.1-2.jpg\" \/>\n\t<meta property=\"og:image:width\" content=\"882\" \/>\n\t<meta property=\"og:image:height\" content=\"887\" \/>\n\t<meta property=\"og:image:type\" content=\"image\/jpeg\" \/>\n<meta name=\"twitter:card\" content=\"summary_large_image\" \/>\n<meta name=\"twitter:label1\" content=\"Gesch\u00e4tzte Lesezeit\" \/>\n\t<meta name=\"twitter:data1\" content=\"1\u00a0Minute\" \/>\n<script type=\"application\/ld+json\" class=\"yoast-schema-graph\">{\"@context\":\"https:\/\/schema.org\",\"@graph\":[{\"@type\":\"WebPage\",\"@id\":\"https:\/\/stelfia.com\/shop\/vehicules\/trottinette\/vmax-vx2-hub\/\",\"url\":\"https:\/\/stelfia.com\/shop\/vehicules\/trottinette\/vmax-vx2-hub\/\",\"name\":\"VMAX VX2 Hub | Trottinette \u00e9lectrique grande autonomie \u2013 Stelfia\",\"isPartOf\":{\"@id\":\"https:\/\/stelfia.com\/#website\"},\"primaryImageOfPage\":{\"@id\":\"https:\/\/stelfia.com\/shop\/vehicules\/trottinette\/vmax-vx2-hub\/#primaryimage\"},\"image\":{\"@id\":\"https:\/\/stelfia.com\/shop\/vehicules\/trottinette\/vmax-vx2-hub\/#primaryimage\"},\"thumbnailUrl\":\"https:\/\/stelfia.com\/wp-content\/uploads\/2026\/02\/001.1-2.jpg\",\"datePublished\":\"2026-02-23T17:22:13+00:00\",\"dateModified\":\"2026-02-23T18:00:54+00:00\",\"description\":\"D\u00e9couvrez la VMAX VX2 Hub, trottinette \u00e9lectrique au nouveau design avec grande autonomie. Id\u00e9ale pour les trajets quotidiens en Suisse. Disponible chez Stelfia \u00e0 Renens.\",\"breadcrumb\":{\"@id\":\"https:\/\/stelfia.com\/shop\/vehicules\/trottinette\/vmax-vx2-hub\/#breadcrumb\"},\"inLanguage\":\"de\",\"potentialAction\":[{\"@type\":\"ReadAction\",\"target\":[\"https:\/\/stelfia.com\/shop\/vehicules\/trottinette\/vmax-vx2-hub\/\"]}]},{\"@type\":\"ImageObject\",\"inLanguage\":\"de\",\"@id\":\"https:\/\/stelfia.com\/shop\/vehicules\/trottinette\/vmax-vx2-hub\/#primaryimage\",\"url\":\"https:\/\/stelfia.com\/wp-content\/uploads\/2026\/02\/001.1-2.jpg\",\"contentUrl\":\"https:\/\/stelfia.com\/wp-content\/uploads\/2026\/02\/001.1-2.jpg\",\"width\":882,\"height\":887,\"caption\":\"Trottinette \u00e9lectrique VMAX VX2 Hub\"},{\"@type\":\"BreadcrumbList\",\"@id\":\"https:\/\/stelfia.com\/shop\/vehicules\/trottinette\/vmax-vx2-hub\/#breadcrumb\",\"itemListElement\":[{\"@type\":\"ListItem\",\"position\":1,\"name\":\"Accueil\",\"item\":\"https:\/\/stelfia.com\/\"},{\"@type\":\"ListItem\",\"position\":2,\"name\":\"Shop\",\"item\":\"https:\/\/stelfia.com\/shop\/\"},{\"@type\":\"ListItem\",\"position\":3,\"name\":\"Vmax VX2 Hub\"}]},{\"@type\":\"WebSite\",\"@id\":\"https:\/\/stelfia.com\/#website\",\"url\":\"https:\/\/stelfia.com\/\",\"name\":\"Trottinette \u00e9lectrique\",\"description\":\"Trottinette \u00e9lectrique en Suisse romande\",\"publisher\":{\"@id\":\"https:\/\/stelfia.com\/#organization\"},\"potentialAction\":[{\"@type\":\"SearchAction\",\"target\":{\"@type\":\"EntryPoint\",\"urlTemplate\":\"https:\/\/stelfia.com\/?s={search_term_string}\"},\"query-input\":{\"@type\":\"PropertyValueSpecification\",\"valueRequired\":true,\"valueName\":\"search_term_string\"}}],\"inLanguage\":\"de\"},{\"@type\":\"Organization\",\"@id\":\"https:\/\/stelfia.com\/#organization\",\"name\":\"Trottinette \u00e9lectrique lausanne\",\"url\":\"https:\/\/stelfia.com\/\",\"logo\":{\"@type\":\"ImageObject\",\"inLanguage\":\"de\",\"@id\":\"https:\/\/stelfia.com\/#\/schema\/logo\/image\/\",\"url\":\"https:\/\/stelfia.com\/wp-content\/uploads\/2023\/02\/logonew-removebg-preview.png\",\"contentUrl\":\"https:\/\/stelfia.com\/wp-content\/uploads\/2023\/02\/logonew-removebg-preview.png\",\"width\":238,\"height\":100,\"caption\":\"Trottinette \u00e9lectrique lausanne\"},\"image\":{\"@id\":\"https:\/\/stelfia.com\/#\/schema\/logo\/image\/\"}}]}<\/script>\n<!-- \/ Yoast SEO plugin. -->","yoast_head_json":{"title":"VMAX VX2 Hub | Trottinette \u00e9lectrique grande autonomie \u2013 Stelfia","description":"D\u00e9couvrez la VMAX VX2 Hub, trottinette \u00e9lectrique au nouveau design avec grande autonomie. Id\u00e9ale pour les trajets quotidiens en Suisse. Disponible chez Stelfia \u00e0 Renens.","robots":{"index":"index","follow":"follow","max-snippet":"max-snippet:-1","max-image-preview":"max-image-preview:large","max-video-preview":"max-video-preview:-1"},"canonical":"https:\/\/stelfia.com\/de\/shop\/vehicules\/trottinette\/vmax-vx2-hub\/","og_locale":"de_DE","og_type":"article","og_title":"VMAX VX2 Hub | Trottinette \u00e9lectrique grande autonomie \u2013 Stelfia","og_description":"D\u00e9couvrez la VMAX VX2 Hub, trottinette \u00e9lectrique au nouveau design avec grande autonomie. Id\u00e9ale pour les trajets quotidiens en Suisse. Disponible chez Stelfia \u00e0 Renens.","og_url":"https:\/\/stelfia.com\/de\/shop\/vehicules\/trottinette\/vmax-vx2-hub\/","og_site_name":"Trottinette \u00e9lectrique","article_modified_time":"2026-02-23T18:00:54+00:00","og_image":[{"width":882,"height":887,"url":"https:\/\/stelfia.com\/wp-content\/uploads\/2026\/02\/001.1-2.jpg","type":"image\/jpeg"}],"twitter_card":"summary_large_image","twitter_misc":{"Gesch\u00e4tzte Lesezeit":"1\u00a0Minute"},"schema":{"@context":"https:\/\/schema.org","@graph":[{"@type":"WebPage","@id":"https:\/\/stelfia.com\/shop\/vehicules\/trottinette\/vmax-vx2-hub\/","url":"https:\/\/stelfia.com\/shop\/vehicules\/trottinette\/vmax-vx2-hub\/","name":"VMAX VX2 Hub | Trottinette \u00e9lectrique grande autonomie \u2013 Stelfia","isPartOf":{"@id":"https:\/\/stelfia.com\/#website"},"primaryImageOfPage":{"@id":"https:\/\/stelfia.com\/shop\/vehicules\/trottinette\/vmax-vx2-hub\/#primaryimage"},"image":{"@id":"https:\/\/stelfia.com\/shop\/vehicules\/trottinette\/vmax-vx2-hub\/#primaryimage"},"thumbnailUrl":"https:\/\/stelfia.com\/wp-content\/uploads\/2026\/02\/001.1-2.jpg","datePublished":"2026-02-23T17:22:13+00:00","dateModified":"2026-02-23T18:00:54+00:00","description":"D\u00e9couvrez la VMAX VX2 Hub, trottinette \u00e9lectrique au nouveau design avec grande autonomie. Id\u00e9ale pour les trajets quotidiens en Suisse. Disponible chez Stelfia \u00e0 Renens.","breadcrumb":{"@id":"https:\/\/stelfia.com\/shop\/vehicules\/trottinette\/vmax-vx2-hub\/#breadcrumb"},"inLanguage":"de","potentialAction":[{"@type":"ReadAction","target":["https:\/\/stelfia.com\/shop\/vehicules\/trottinette\/vmax-vx2-hub\/"]}]},{"@type":"ImageObject","inLanguage":"de","@id":"https:\/\/stelfia.com\/shop\/vehicules\/trottinette\/vmax-vx2-hub\/#primaryimage","url":"https:\/\/stelfia.com\/wp-content\/uploads\/2026\/02\/001.1-2.jpg","contentUrl":"https:\/\/stelfia.com\/wp-content\/uploads\/2026\/02\/001.1-2.jpg","width":882,"height":887,"caption":"Trottinette \u00e9lectrique VMAX VX2 Hub"},{"@type":"BreadcrumbList","@id":"https:\/\/stelfia.com\/shop\/vehicules\/trottinette\/vmax-vx2-hub\/#breadcrumb","itemListElement":[{"@type":"ListItem","position":1,"name":"Accueil","item":"https:\/\/stelfia.com\/"},{"@type":"ListItem","position":2,"name":"Shop","item":"https:\/\/stelfia.com\/shop\/"},{"@type":"ListItem","position":3,"name":"Vmax VX2 Hub"}]},{"@type":"WebSite","@id":"https:\/\/stelfia.com\/#website","url":"https:\/\/stelfia.com\/","name":"Elektroroller","description":"Trottinette \u00e9lectrique en Suisse romande","publisher":{"@id":"https:\/\/stelfia.com\/#organization"},"potentialAction":[{"@type":"SearchAction","target":{"@type":"EntryPoint","urlTemplate":"https:\/\/stelfia.com\/?s={search_term_string}"},"query-input":{"@type":"PropertyValueSpecification","valueRequired":true,"valueName":"search_term_string"}}],"inLanguage":"de"},{"@type":"Organization","@id":"https:\/\/stelfia.com\/#organization","name":"Trottinette \u00e9lectrique lausanne","url":"https:\/\/stelfia.com\/","logo":{"@type":"ImageObject","inLanguage":"de","@id":"https:\/\/stelfia.com\/#\/schema\/logo\/image\/","url":"https:\/\/stelfia.com\/wp-content\/uploads\/2023\/02\/logonew-removebg-preview.png","contentUrl":"https:\/\/stelfia.com\/wp-content\/uploads\/2023\/02\/logonew-removebg-preview.png","width":238,"height":100,"caption":"Trottinette \u00e9lectrique lausanne"},"image":{"@id":"https:\/\/stelfia.com\/#\/schema\/logo\/image\/"}}]}},"_links":{"self":[{"href":"https:\/\/stelfia.com\/de\/wp-json\/wp\/v2\/product\/12303","targetHints":{"allow":["GET"]}}],"collection":[{"href":"https:\/\/stelfia.com\/de\/wp-json\/wp\/v2\/product"}],"about":[{"href":"https:\/\/stelfia.com\/de\/wp-json\/wp\/v2\/types\/product"}],"version-history":[{"count":0,"href":"https:\/\/stelfia.com\/de\/wp-json\/wp\/v2\/product\/12303\/revisions"}],"wp:featuredmedia":[{"embeddable":true,"href":"https:\/\/stelfia.com\/de\/wp-json\/wp\/v2\/media\/12304"}],"wp:attachment":[{"href":"https:\/\/stelfia.com\/de\/wp-json\/wp\/v2\/media?parent=12303"}],"wp:term":[{"taxonomy":"product_brand","embeddable":true,"href":"https:\/\/stelfia.com\/de\/wp-json\/wp\/v2\/product_brand?post=12303"},{"taxonomy":"product_cat","embeddable":true,"href":"https:\/\/stelfia.com\/de\/wp-json\/wp\/v2\/product_cat?post=12303"},{"taxonomy":"product_tag","embeddable":true,"href":"https:\/\/stelfia.com\/de\/wp-json\/wp\/v2\/product_tag?post=12303"},{"taxonomy":"permis--de-conduire","embeddable":true,"href":"https:\/\/stelfia.com\/de\/wp-json\/wp\/v2\/permis--de-conduire?post=12303"},{"taxonomy":"vitesse","embeddable":true,"href":"https:\/\/stelfia.com\/de\/wp-json\/wp\/v2\/vitesse?post=12303"},{"taxonomy":"brands","embeddable":true,"href":"https:\/\/stelfia.com\/de\/wp-json\/wp\/v2\/brands?post=12303"},{"taxonomy":"accessoires","embeddable":true,"href":"https:\/\/stelfia.com\/de\/wp-json\/wp\/v2\/accessoires?post=12303"},{"taxonomy":"pieces-detachees","embeddable":true,"href":"https:\/\/stelfia.com\/de\/wp-json\/wp\/v2\/pieces-detachees?post=12303"},{"taxonomy":"trottinette-electrique","embeddable":true,"href":"https:\/\/stelfia.com\/de\/wp-json\/wp\/v2\/trottinette-electrique?post=12303"},{"taxonomy":"velo","embeddable":true,"href":"https:\/\/stelfia.com\/de\/wp-json\/wp\/v2\/velo?post=12303"}],"curies":[{"name":"wp","href":"https:\/\/api.w.org\/{rel}","templated":true}]}}