{"id":12147,"date":"2026-02-16T18:47:27","date_gmt":"2026-02-16T18:47:27","guid":{"rendered":"https:\/\/stelfia.com\/?post_type=product&#038;p=12147"},"modified":"2026-03-25T17:10:25","modified_gmt":"2026-03-25T17:10:25","slug":"silence-s01-plus","status":"publish","type":"product","link":"https:\/\/stelfia.com\/de\/shop\/vehicules\/scooter\/silence-s01-plus\/","title":{"rendered":"Silence S01+"},"content":{"rendered":"<p>Le Silence S01+ est la version renforc\u00e9e du S01, offrant plus de puissance et une vitesse maximale sup\u00e9rieure pour une conduite encore plus dynamique. Avec son moteur 7,5 kW et ses suspensions optimis\u00e9es, il s\u2019adresse aux conducteurs recherchant performance et stabilit\u00e9.<\/p>\n<p>Batterie :\u00a0 \u00a0 \u00a0 \u00a0 \u00a0 \u00a0 \u00a0 \u00a0 \u00a0 \u00a0 \u00a0 \u00a0 5.6kWh, 51V, 108Ah<\/p>\n<p>Moteur :\u00a0 \u00a0 \u00a0 \u00a0 \u00a0 \u00a0 \u00a0 \u00a0 \u00a0 \u00a0 \u00a0 \u00a0 \u00a0Brushless 7.5 kW (en cr\u00eate 11 kW)<\/p>\n<p>Vitesse max :\u00a0 \u00a0 \u00a0 \u00a0 \u00a0 \u00a0 \u00a0 \u00a0 \u00a0110 km\/h, (0-50 km\/h : 2.9 sec)<\/p>\n<p>Autonomie :\u00a0 \u00a0 \u00a0 \u00a0 \u00a0 \u00a0 \u00a0 \u00a0 100 km (130 km en mode \u00e9co)<\/p>\n<p>Roues :\u00a0 \u00a0 \u00a0 \u00a0 \u00a0 \u00a0 \u00a0 \u00a0 \u00a0 \u00a0 \u00a0 \u00a0 \u00a0\u00a0 Avant: 120\/70-15 \/ Arri\u00e8re: 140\/70-14<\/p>\n<p>Bremse: Scheiben vorn und hinten (hydraulisch)<\/p>\n<p>Temps de charge :\u00a0 \u00a0 \u00a0 \u00a05 &#8211; 6 h<\/p>\n<p>Ladebuchse: Standard 230V<\/p>\n<p>Poids :\u00a0 \u00a0 \u00a0 \u00a0 \u00a0 \u00a0 \u00a0 \u00a0 \u00a0 \u00a0 \u00a0 \u00a0 \u00a0 \u00a0 152 kg (111 kg sans batterie)<\/p>\n<p>Charge max :\u00a0 \u00a0 \u00a0 \u00a0 \u00a0 \u00a0 \u00a0 \u00a0170 kg<\/p>\n<p>Etanch\u00e9it\u00e9 :\u00a0\u00a0\u00a0\u00a0\u00a0\u00a0\u00a0\u00a0\u00a0\u00a0\u00a0\u00a0\u00a0\u00a0\u00a0\u00a0\u00a0\u00a0 Oui<\/p>\n<p>Couleur :\u00a0 \u00a0 \u00a0 \u00a0 \u00a0 \u00a0 \u00a0 \u00a0 \u00a0 \u00a0 \u00a0 \u00a0 Gris<\/p>\n<p>Dimensions :\u00a0 \u00a0 \u00a0 \u00a0 \u00a0 \u00a0 \u00a0 \u00a0 \u00a0 2026 x 722 x 1193 mm<\/p>\n<p>Nombre de place :\u00a0 \u00a0 \u00a0 \u00a0 2<\/p>\n<p>Kategorie: \u00c4quivalent 125 cm3<\/p>\n<p>Permis de conduire :\u00a0\u00a0\u00a0\u00a0\u00a0 A1 (16 ans)<\/p>\n<p>\u00c9quipement :\u00a0 \u00a0 \u00a0 \u00a0 \u00a0 \u00a0 \u00a0 \u00a0 \u00a0 Batterie amovible sur roulettes, grand coffre pour 2 casques<\/p>\n<p>\u00c9tat :\u00a0 \u00a0 \u00a0 \u00a0 \u00a0 \u00a0 \u00a0 \u00a0 \u00a0 \u00a0 \u00a0 \u00a0 \u00a0 \u00a0 \u00a0 \u00a0 Neuf<\/p>\n<p>Garantie :\u00a0 \u00a0 \u00a0 \u00a0 \u00a0 \u00a0 \u00a0 \u00a0 \u00a0 \u00a0 \u00a0 \u00a02 ans (un an sur la batterie)<\/p>\n<p>&nbsp;<\/p>\n<p>Zugelassen f\u00fcr Schweizer Strassen<\/p>\n<p>&nbsp;<\/p>\n<h2 data-start=\"1104\" data-end=\"1145\"><span style=\"font-size: 12pt;\">Silence S01+ ou S01 : lequel choisir ?<\/span><\/h2>\n<p data-start=\"1147\" data-end=\"1216\"><span style=\"font-size: 12pt;\">Le Silence S01+ est la version la plus performante de la gamme avec :<\/span><\/p>\n<ul data-start=\"1218\" data-end=\"1282\">\n<li data-start=\"1218\" data-end=\"1241\">\n<p data-start=\"1220\" data-end=\"1241\"><span style=\"font-size: 12pt;\">7,5 kW (11 kW en pic)<\/span><\/p>\n<\/li>\n<li data-start=\"1242\" data-end=\"1252\">\n<p data-start=\"1244\" data-end=\"1252\"><span style=\"font-size: 12pt;\">110 km\/h<\/span><\/p>\n<\/li>\n<li data-start=\"1253\" data-end=\"1282\">\n<p data-start=\"1255\" data-end=\"1282\"><span style=\"font-size: 12pt;\">Suspension arri\u00e8re r\u00e9glable<\/span><\/p>\n<\/li>\n<\/ul>\n<p data-start=\"1284\" data-end=\"1408\"><span style=\"font-size: 12pt;\">Compar\u00e9 au Silence S01 (7 kW et 100 km\/h), il offre plus d\u2019acc\u00e9l\u00e9ration et une conduite plus dynamique, tout en conservant :<\/span><\/p>\n<ul data-start=\"1410\" data-end=\"1499\">\n<li data-start=\"1410\" data-end=\"1440\">\n<p data-start=\"1412\" data-end=\"1440\"><span style=\"font-size: 12pt;\">La batterie amovible trolley<\/span><\/p>\n<\/li>\n<li data-start=\"1441\" data-end=\"1470\">\n<p data-start=\"1443\" data-end=\"1470\"><span style=\"font-size: 12pt;\">Le coffre pour deux casques<\/span><\/p>\n<\/li>\n<li data-start=\"1471\" data-end=\"1499\">\n<p data-start=\"1473\" data-end=\"1499\"><span style=\"font-size: 12pt;\">Le confort 2 vraies places<\/span><\/p>\n<\/li>\n<\/ul>\n<p data-start=\"1501\" data-end=\"1596\"><span style=\"font-size: 12pt;\">\ud83d\udc49 Si vous roulez souvent hors ville ou recherchez plus de puissance, le S01+ est le bon choix.<\/span><\/p>","protected":false},"excerpt":{"rendered":"<p>Le Silence S01+ est un scooter \u00e9lectrique puissant \u00e9quivalent 125 cm\u00b3, atteignant 110 km\/h gr\u00e2ce \u00e0 son moteur 7,5 kW.<\/p>\n<p>Stable, confortable et \u00e9quip\u00e9 d\u2019une batterie amovible sur roulettes, il combine performance, autonomie et praticit\u00e9 pour un usage quotidien ou p\u00e9riurbain.<\/p>","protected":false},"featured_media":12121,"template":"","meta":{"_uf_show_specific_survey":0,"_uf_disable_surveys":false},"product_brand":[],"product_cat":[458],"product_tag":[509,516,515,512,508,505,514],"permis--de-conduire":[469],"vitesse":[466],"brands":[],"accessoires":[],"pieces-detachees":[],"trottinette-electrique":[],"velo":[],"class_list":{"0":"post-12147","1":"product","2":"type-product","3":"status-publish","4":"has-post-thumbnail","6":"product_cat-scooter","7":"product_tag-batterie-amovible","8":"product_tag-scooter-125-electrique","9":"product_tag-scooter-electrique-110-kmh","10":"product_tag-scooter-electrique-renens","11":"product_tag-scooter-electrique-suisse","12":"product_tag-silence-s01","13":"product_tag-silence-s01-plus","14":"permis--de-conduire-scooters-avec-permis","15":"vitesse-80-km-h-plaque-blanche","16":"tm-has-options","18":"first","19":"instock","20":"taxable","21":"shipping-taxable","22":"purchasable","23":"product-type-simple"},"yoast_head":"<!-- This site is optimized with the Yoast SEO plugin v25.8 - https:\/\/yoast.com\/wordpress\/plugins\/seo\/ -->\n<title>Silence S01+ \u2013 Scooter \u00e9lectrique 110 km\/h | Stelfia Renens<\/title>\n<meta name=\"description\" content=\"D\u00e9couvrez le Silence S01+ : scooter \u00e9lectrique 110 km\/h, moteur 7.5 kW, batterie amovible sur roulettes et grande stabilit\u00e9. Disponible chez Stelfia \u00e0 Renens.\" \/>\n<meta name=\"robots\" content=\"index, follow, max-snippet:-1, max-image-preview:large, max-video-preview:-1\" \/>\n<link rel=\"canonical\" href=\"https:\/\/stelfia.com\/de\/shop\/vehicules\/scooter\/silence-s01-plus\/\" \/>\n<meta property=\"og:locale\" content=\"de_DE\" \/>\n<meta property=\"og:type\" content=\"article\" \/>\n<meta property=\"og:title\" content=\"Silence S01+ \u2013 Scooter \u00e9lectrique 110 km\/h | Stelfia Renens\" \/>\n<meta property=\"og:description\" content=\"D\u00e9couvrez le Silence S01+ : scooter \u00e9lectrique 110 km\/h, moteur 7.5 kW, batterie amovible sur roulettes et grande stabilit\u00e9. Disponible chez Stelfia \u00e0 Renens.\" \/>\n<meta property=\"og:url\" content=\"https:\/\/stelfia.com\/de\/shop\/vehicules\/scooter\/silence-s01-plus\/\" \/>\n<meta property=\"og:site_name\" content=\"Trottinette \u00e9lectrique\" \/>\n<meta property=\"article:modified_time\" content=\"2026-03-25T17:10:25+00:00\" \/>\n<meta property=\"og:image\" content=\"https:\/\/stelfia.com\/wp-content\/uploads\/2026\/02\/102.1.jpg\" \/>\n\t<meta property=\"og:image:width\" content=\"1025\" \/>\n\t<meta property=\"og:image:height\" content=\"955\" \/>\n\t<meta property=\"og:image:type\" content=\"image\/jpeg\" \/>\n<meta name=\"twitter:card\" content=\"summary_large_image\" \/>\n<meta name=\"twitter:label1\" content=\"Gesch\u00e4tzte Lesezeit\" \/>\n\t<meta name=\"twitter:data1\" content=\"2\u00a0Minuten\" \/>\n<script type=\"application\/ld+json\" class=\"yoast-schema-graph\">{\"@context\":\"https:\/\/schema.org\",\"@graph\":[{\"@type\":\"WebPage\",\"@id\":\"https:\/\/stelfia.com\/shop\/vehicules\/scooter\/silence-s01-plus\/\",\"url\":\"https:\/\/stelfia.com\/shop\/vehicules\/scooter\/silence-s01-plus\/\",\"name\":\"Silence S01+ \u2013 Scooter \u00e9lectrique 110 km\/h | Stelfia Renens\",\"isPartOf\":{\"@id\":\"https:\/\/stelfia.com\/#website\"},\"primaryImageOfPage\":{\"@id\":\"https:\/\/stelfia.com\/shop\/vehicules\/scooter\/silence-s01-plus\/#primaryimage\"},\"image\":{\"@id\":\"https:\/\/stelfia.com\/shop\/vehicules\/scooter\/silence-s01-plus\/#primaryimage\"},\"thumbnailUrl\":\"https:\/\/stelfia.com\/wp-content\/uploads\/2026\/02\/102.1.jpg\",\"datePublished\":\"2026-02-16T18:47:27+00:00\",\"dateModified\":\"2026-03-25T17:10:25+00:00\",\"description\":\"D\u00e9couvrez le Silence S01+ : scooter \u00e9lectrique 110 km\/h, moteur 7.5 kW, batterie amovible sur roulettes et grande stabilit\u00e9. Disponible chez Stelfia \u00e0 Renens.\",\"breadcrumb\":{\"@id\":\"https:\/\/stelfia.com\/shop\/vehicules\/scooter\/silence-s01-plus\/#breadcrumb\"},\"inLanguage\":\"de\",\"potentialAction\":[{\"@type\":\"ReadAction\",\"target\":[\"https:\/\/stelfia.com\/shop\/vehicules\/scooter\/silence-s01-plus\/\"]}]},{\"@type\":\"ImageObject\",\"inLanguage\":\"de\",\"@id\":\"https:\/\/stelfia.com\/shop\/vehicules\/scooter\/silence-s01-plus\/#primaryimage\",\"url\":\"https:\/\/stelfia.com\/wp-content\/uploads\/2026\/02\/102.1.jpg\",\"contentUrl\":\"https:\/\/stelfia.com\/wp-content\/uploads\/2026\/02\/102.1.jpg\",\"width\":1025,\"height\":955,\"caption\":\"Version gris du Silence S01+\"},{\"@type\":\"BreadcrumbList\",\"@id\":\"https:\/\/stelfia.com\/shop\/vehicules\/scooter\/silence-s01-plus\/#breadcrumb\",\"itemListElement\":[{\"@type\":\"ListItem\",\"position\":1,\"name\":\"Accueil\",\"item\":\"https:\/\/stelfia.com\/\"},{\"@type\":\"ListItem\",\"position\":2,\"name\":\"Shop\",\"item\":\"https:\/\/stelfia.com\/shop\/\"},{\"@type\":\"ListItem\",\"position\":3,\"name\":\"Silence S01+\"}]},{\"@type\":\"WebSite\",\"@id\":\"https:\/\/stelfia.com\/#website\",\"url\":\"https:\/\/stelfia.com\/\",\"name\":\"Trottinette \u00e9lectrique\",\"description\":\"Trottinette \u00e9lectrique en Suisse romande\",\"publisher\":{\"@id\":\"https:\/\/stelfia.com\/#organization\"},\"potentialAction\":[{\"@type\":\"SearchAction\",\"target\":{\"@type\":\"EntryPoint\",\"urlTemplate\":\"https:\/\/stelfia.com\/?s={search_term_string}\"},\"query-input\":{\"@type\":\"PropertyValueSpecification\",\"valueRequired\":true,\"valueName\":\"search_term_string\"}}],\"inLanguage\":\"de\"},{\"@type\":\"Organization\",\"@id\":\"https:\/\/stelfia.com\/#organization\",\"name\":\"Trottinette \u00e9lectrique lausanne\",\"url\":\"https:\/\/stelfia.com\/\",\"logo\":{\"@type\":\"ImageObject\",\"inLanguage\":\"de\",\"@id\":\"https:\/\/stelfia.com\/#\/schema\/logo\/image\/\",\"url\":\"https:\/\/stelfia.com\/wp-content\/uploads\/2023\/02\/logonew-removebg-preview.png\",\"contentUrl\":\"https:\/\/stelfia.com\/wp-content\/uploads\/2023\/02\/logonew-removebg-preview.png\",\"width\":238,\"height\":100,\"caption\":\"Trottinette \u00e9lectrique lausanne\"},\"image\":{\"@id\":\"https:\/\/stelfia.com\/#\/schema\/logo\/image\/\"}}]}<\/script>\n<!-- \/ Yoast SEO plugin. -->","yoast_head_json":{"title":"Silence S01+ \u2013 Scooter \u00e9lectrique 110 km\/h | Stelfia Renens","description":"D\u00e9couvrez le Silence S01+ : scooter \u00e9lectrique 110 km\/h, moteur 7.5 kW, batterie amovible sur roulettes et grande stabilit\u00e9. Disponible chez Stelfia \u00e0 Renens.","robots":{"index":"index","follow":"follow","max-snippet":"max-snippet:-1","max-image-preview":"max-image-preview:large","max-video-preview":"max-video-preview:-1"},"canonical":"https:\/\/stelfia.com\/de\/shop\/vehicules\/scooter\/silence-s01-plus\/","og_locale":"de_DE","og_type":"article","og_title":"Silence S01+ \u2013 Scooter \u00e9lectrique 110 km\/h | Stelfia Renens","og_description":"D\u00e9couvrez le Silence S01+ : scooter \u00e9lectrique 110 km\/h, moteur 7.5 kW, batterie amovible sur roulettes et grande stabilit\u00e9. Disponible chez Stelfia \u00e0 Renens.","og_url":"https:\/\/stelfia.com\/de\/shop\/vehicules\/scooter\/silence-s01-plus\/","og_site_name":"Trottinette \u00e9lectrique","article_modified_time":"2026-03-25T17:10:25+00:00","og_image":[{"width":1025,"height":955,"url":"https:\/\/stelfia.com\/wp-content\/uploads\/2026\/02\/102.1.jpg","type":"image\/jpeg"}],"twitter_card":"summary_large_image","twitter_misc":{"Gesch\u00e4tzte Lesezeit":"2\u00a0Minuten"},"schema":{"@context":"https:\/\/schema.org","@graph":[{"@type":"WebPage","@id":"https:\/\/stelfia.com\/shop\/vehicules\/scooter\/silence-s01-plus\/","url":"https:\/\/stelfia.com\/shop\/vehicules\/scooter\/silence-s01-plus\/","name":"Silence S01+ \u2013 Scooter \u00e9lectrique 110 km\/h | Stelfia Renens","isPartOf":{"@id":"https:\/\/stelfia.com\/#website"},"primaryImageOfPage":{"@id":"https:\/\/stelfia.com\/shop\/vehicules\/scooter\/silence-s01-plus\/#primaryimage"},"image":{"@id":"https:\/\/stelfia.com\/shop\/vehicules\/scooter\/silence-s01-plus\/#primaryimage"},"thumbnailUrl":"https:\/\/stelfia.com\/wp-content\/uploads\/2026\/02\/102.1.jpg","datePublished":"2026-02-16T18:47:27+00:00","dateModified":"2026-03-25T17:10:25+00:00","description":"D\u00e9couvrez le Silence S01+ : scooter \u00e9lectrique 110 km\/h, moteur 7.5 kW, batterie amovible sur roulettes et grande stabilit\u00e9. Disponible chez Stelfia \u00e0 Renens.","breadcrumb":{"@id":"https:\/\/stelfia.com\/shop\/vehicules\/scooter\/silence-s01-plus\/#breadcrumb"},"inLanguage":"de","potentialAction":[{"@type":"ReadAction","target":["https:\/\/stelfia.com\/shop\/vehicules\/scooter\/silence-s01-plus\/"]}]},{"@type":"ImageObject","inLanguage":"de","@id":"https:\/\/stelfia.com\/shop\/vehicules\/scooter\/silence-s01-plus\/#primaryimage","url":"https:\/\/stelfia.com\/wp-content\/uploads\/2026\/02\/102.1.jpg","contentUrl":"https:\/\/stelfia.com\/wp-content\/uploads\/2026\/02\/102.1.jpg","width":1025,"height":955,"caption":"Version gris du Silence S01+"},{"@type":"BreadcrumbList","@id":"https:\/\/stelfia.com\/shop\/vehicules\/scooter\/silence-s01-plus\/#breadcrumb","itemListElement":[{"@type":"ListItem","position":1,"name":"Accueil","item":"https:\/\/stelfia.com\/"},{"@type":"ListItem","position":2,"name":"Shop","item":"https:\/\/stelfia.com\/shop\/"},{"@type":"ListItem","position":3,"name":"Silence S01+"}]},{"@type":"WebSite","@id":"https:\/\/stelfia.com\/#website","url":"https:\/\/stelfia.com\/","name":"Elektroroller","description":"Trottinette \u00e9lectrique en Suisse romande","publisher":{"@id":"https:\/\/stelfia.com\/#organization"},"potentialAction":[{"@type":"SearchAction","target":{"@type":"EntryPoint","urlTemplate":"https:\/\/stelfia.com\/?s={search_term_string}"},"query-input":{"@type":"PropertyValueSpecification","valueRequired":true,"valueName":"search_term_string"}}],"inLanguage":"de"},{"@type":"Organization","@id":"https:\/\/stelfia.com\/#organization","name":"Trottinette \u00e9lectrique lausanne","url":"https:\/\/stelfia.com\/","logo":{"@type":"ImageObject","inLanguage":"de","@id":"https:\/\/stelfia.com\/#\/schema\/logo\/image\/","url":"https:\/\/stelfia.com\/wp-content\/uploads\/2023\/02\/logonew-removebg-preview.png","contentUrl":"https:\/\/stelfia.com\/wp-content\/uploads\/2023\/02\/logonew-removebg-preview.png","width":238,"height":100,"caption":"Trottinette \u00e9lectrique lausanne"},"image":{"@id":"https:\/\/stelfia.com\/#\/schema\/logo\/image\/"}}]}},"_links":{"self":[{"href":"https:\/\/stelfia.com\/de\/wp-json\/wp\/v2\/product\/12147","targetHints":{"allow":["GET"]}}],"collection":[{"href":"https:\/\/stelfia.com\/de\/wp-json\/wp\/v2\/product"}],"about":[{"href":"https:\/\/stelfia.com\/de\/wp-json\/wp\/v2\/types\/product"}],"version-history":[{"count":0,"href":"https:\/\/stelfia.com\/de\/wp-json\/wp\/v2\/product\/12147\/revisions"}],"wp:featuredmedia":[{"embeddable":true,"href":"https:\/\/stelfia.com\/de\/wp-json\/wp\/v2\/media\/12121"}],"wp:attachment":[{"href":"https:\/\/stelfia.com\/de\/wp-json\/wp\/v2\/media?parent=12147"}],"wp:term":[{"taxonomy":"product_brand","embeddable":true,"href":"https:\/\/stelfia.com\/de\/wp-json\/wp\/v2\/product_brand?post=12147"},{"taxonomy":"product_cat","embeddable":true,"href":"https:\/\/stelfia.com\/de\/wp-json\/wp\/v2\/product_cat?post=12147"},{"taxonomy":"product_tag","embeddable":true,"href":"https:\/\/stelfia.com\/de\/wp-json\/wp\/v2\/product_tag?post=12147"},{"taxonomy":"permis--de-conduire","embeddable":true,"href":"https:\/\/stelfia.com\/de\/wp-json\/wp\/v2\/permis--de-conduire?post=12147"},{"taxonomy":"vitesse","embeddable":true,"href":"https:\/\/stelfia.com\/de\/wp-json\/wp\/v2\/vitesse?post=12147"},{"taxonomy":"brands","embeddable":true,"href":"https:\/\/stelfia.com\/de\/wp-json\/wp\/v2\/brands?post=12147"},{"taxonomy":"accessoires","embeddable":true,"href":"https:\/\/stelfia.com\/de\/wp-json\/wp\/v2\/accessoires?post=12147"},{"taxonomy":"pieces-detachees","embeddable":true,"href":"https:\/\/stelfia.com\/de\/wp-json\/wp\/v2\/pieces-detachees?post=12147"},{"taxonomy":"trottinette-electrique","embeddable":true,"href":"https:\/\/stelfia.com\/de\/wp-json\/wp\/v2\/trottinette-electrique?post=12147"},{"taxonomy":"velo","embeddable":true,"href":"https:\/\/stelfia.com\/de\/wp-json\/wp\/v2\/velo?post=12147"}],"curies":[{"name":"wp","href":"https:\/\/api.w.org\/{rel}","templated":true}]}}