{"id":11663,"date":"2025-04-23T08:29:48","date_gmt":"2025-04-23T08:29:48","guid":{"rendered":"https:\/\/stelfia.com\/?post_type=product&#038;p=11663"},"modified":"2026-03-25T17:12:20","modified_gmt":"2026-03-25T17:12:20","slug":"scooter-electrique-sky-iii-gts","status":"publish","type":"product","link":"https:\/\/stelfia.com\/de\/shop\/vehicules\/scooter\/scooter-electrique-sky-iii-gts\/","title":{"rendered":"Sky III GTS"},"content":{"rendered":"<p data-start=\"680\" data-end=\"1063\">Le scooter \u00e9lectrique Sky III GTS est une solution id\u00e9ale pour les d\u00e9placements urbains sans permis.<br data-start=\"784\" data-end=\"787\" \/>Homologu\u00e9 \u00e0 25 km\/h, il se conduit sans plaque et sans permis tout en offrant confort, fiabilit\u00e9 et facilit\u00e9 d\u2019utilisation au quotidien. Compact, maniable et \u00e9conomique, le Sky III GTS s\u2019adresse aussi bien aux trajets domicile-travail qu\u2019aux d\u00e9placements en ville.<\/p>\n<p data-start=\"1070\" data-end=\"1237\">Chez Stelfia \u00e0 Renens, nous proposons le Sky III GTS avec conseils personnalis\u00e9s, service apr\u00e8s-vente professionnel et accompagnement sur la r\u00e9glementation suisse.<\/p>\n<p data-start=\"1070\" data-end=\"1237\">Son \u00e9cran connect\u00e9 avec CarPlay permet d\u2019utiliser les fonctions essentielles du smartphone comme la navigation ou les informations de trajet.<\/p>\n<p>Batterie :\u00a0 \u00a0 \u00a0 \u00a0 \u00a0 \u00a0 \u00a0 \u00a0 \u00a0 \u00a0 \u00a0 \u00a0 60V, 30 Ah<\/p>\n<p>Motor: B\u00fcrstenlos 500 W<\/p>\n<p>H\u00f6chstgeschwindigkeit: 25 km\/h<\/p>\n<p>Autonomie :\u00a0 \u00a0 \u00a0 \u00a0 \u00a0 \u00a0 \u00a0 \u00a0 \u00a090 km<\/p>\n<p>Roues :\u00a0 \u00a0 \u00a0 \u00a0 \u00a0 \u00a0 \u00a0 \u00a0 \u00a0 \u00a0 \u00a0 \u00a0 \u00a0 18 x 3.5 AV et ARR<\/p>\n<p>Bremse: Scheiben vorn und hinten (hydraulisch)<\/p>\n<p>Ladezeit: Ca. 3 \u2013 4 Stunden<\/p>\n<p>Ladebuchse: Standard 230V<\/p>\n<p>Poids :\u00a0 \u00a0 \u00a0 \u00a0 \u00a0 \u00a0 \u00a0 \u00a0 \u00a0 \u00a0 \u00a0 \u00a0 \u00a0 \u00a0 80 kg<\/p>\n<p>Maximale Belastung: 130 kg<\/p>\n<p>Etanch\u00e9it\u00e9 :\u00a0 \u00a0 \u00a0 \u00a0 \u00a0 \u00a0 \u00a0 \u00a0 \u00a0 \u00a0Oui<\/p>\n<p>Couleur :\u00a0\u00a0\u00a0\u00a0\u00a0\u00a0\u00a0\u00a0\u00a0\u00a0\u00a0\u00a0\u00a0\u00a0\u00a0\u00a0\u00a0\u00a0\u00a0\u00a0\u00a0\u00a0\u00a0 Noir, blanc et gris<\/p>\n<p>Nombre de place :\u00a0 \u00a0 \u00a0 \u00a0 \u00a02<\/p>\n<p>Cat\u00e9gorie :\u00a0\u00a0\u00a0\u00a0\u00a0\u00a0\u00a0\u00a0\u00a0\u00a0\u00a0\u00a0\u00a0\u00a0\u00a0\u00a0\u00a0\u00a0\u00a0\u00a0 Cyclomoteurs l\u00e9gers<\/p>\n<p>Permis de conduire :\u00a0\u00a0\u00a0\u00a0\u00a0 Sans<\/p>\n<p>Zustand: Neu<\/p>\n<p>Garantie: 2 Jahre (ein Jahr auf die Batterie)<\/p>\n<p>&nbsp;<\/p>\n<p>Zugelassen f\u00fcr Schweizer Strassen<\/p>","protected":false},"excerpt":{"rendered":"<p>Scooter \u00e9lectrique 25 km\/h sans permis, le Sky III GTS est id\u00e9al pour la mobilit\u00e9 urbaine.<\/p>\n<p>Confortable, maniable et \u00e9conomique, il dispose d\u2019un \u00e9cran avec CarPlay permettant de connecter votre smartphone pour une conduite moderne et pratique.<\/p>\n<p><img decoding=\"async\" class=\"alignnone wp-image-12079\" src=\"https:\/\/stelfia.com\/wp-content\/uploads\/2025\/04\/Logo-succursale-Renens-400x134.jpg\" alt=\"\" width=\"257\" height=\"86\" srcset=\"https:\/\/stelfia.com\/wp-content\/uploads\/2025\/04\/Logo-succursale-Renens-400x134.jpg 400w, https:\/\/stelfia.com\/wp-content\/uploads\/2025\/04\/Logo-succursale-Renens-1300x434.jpg 1300w, https:\/\/stelfia.com\/wp-content\/uploads\/2025\/04\/Logo-succursale-Renens-768x257.jpg 768w, https:\/\/stelfia.com\/wp-content\/uploads\/2025\/04\/Logo-succursale-Renens-1536x513.jpg 1536w, https:\/\/stelfia.com\/wp-content\/uploads\/2025\/04\/Logo-succursale-Renens-18x6.jpg 18w, https:\/\/stelfia.com\/wp-content\/uploads\/2025\/04\/Logo-succursale-Renens-430x144.jpg 430w, https:\/\/stelfia.com\/wp-content\/uploads\/2025\/04\/Logo-succursale-Renens-700x234.jpg 700w, https:\/\/stelfia.com\/wp-content\/uploads\/2025\/04\/Logo-succursale-Renens-150x50.jpg 150w, https:\/\/stelfia.com\/wp-content\/uploads\/2025\/04\/Logo-succursale-Renens.jpg 1610w\" sizes=\"(max-width: 257px) 100vw, 257px\" \/><\/p>","protected":false},"featured_media":12063,"template":"","meta":{"_uf_show_specific_survey":0,"_uf_disable_surveys":false},"product_brand":[],"product_cat":[458],"product_tag":[476,494,492,493,447,495],"permis--de-conduire":[470],"vitesse":[464],"brands":[],"accessoires":[],"pieces-detachees":[],"trottinette-electrique":[],"velo":[],"class_list":{"0":"post-11663","1":"product","2":"type-product","3":"status-publish","4":"has-post-thumbnail","6":"product_cat-scooter","7":"product_tag-mobilite-urbaine","8":"product_tag-scooter-25-km-h","9":"product_tag-scooter-electrique","10":"product_tag-scooter-sans-permis","11":"product_tag-sky-iii-gts","12":"product_tag-vehicule-electrique","13":"permis--de-conduire-scooters-sans-permis","14":"vitesse-25-km-h-sans-plaque","15":"tm-has-options","17":"first","18":"instock","19":"taxable","20":"shipping-taxable","21":"purchasable","22":"product-type-simple"},"yoast_head":"<!-- This site is optimized with the Yoast SEO plugin v25.8 - https:\/\/yoast.com\/wordpress\/plugins\/seo\/ -->\n<title>Scooter \u00e9lectrique Sky III GTS \u2013 25 km\/h sans permis | Stelfia<\/title>\n<meta name=\"description\" content=\"Scooter \u00e9lectrique Sky III GTS 25 km\/h sans permis. Id\u00e9al pour la ville, \u00e9conomique et facile \u00e0 conduire. Disponible chez Stelfia \u00e0 Renens.\" \/>\n<meta name=\"robots\" content=\"index, follow, max-snippet:-1, max-image-preview:large, max-video-preview:-1\" \/>\n<link rel=\"canonical\" href=\"https:\/\/stelfia.com\/de\/shop\/vehicules\/scooter\/scooter-electrique-sky-iii-gts\/\" \/>\n<meta property=\"og:locale\" content=\"de_DE\" \/>\n<meta property=\"og:type\" content=\"article\" \/>\n<meta property=\"og:title\" content=\"Scooter \u00e9lectrique Sky III GTS \u2013 25 km\/h sans permis | Stelfia\" \/>\n<meta property=\"og:description\" content=\"Scooter \u00e9lectrique Sky III GTS 25 km\/h sans permis. Id\u00e9al pour la ville, \u00e9conomique et facile \u00e0 conduire. Disponible chez Stelfia \u00e0 Renens.\" \/>\n<meta property=\"og:url\" content=\"https:\/\/stelfia.com\/de\/shop\/vehicules\/scooter\/scooter-electrique-sky-iii-gts\/\" \/>\n<meta property=\"og:site_name\" content=\"Trottinette \u00e9lectrique\" \/>\n<meta property=\"article:modified_time\" content=\"2026-03-25T17:12:20+00:00\" \/>\n<meta property=\"og:image\" content=\"https:\/\/stelfia.com\/wp-content\/uploads\/2025\/04\/000.1.jpg\" \/>\n\t<meta property=\"og:image:width\" content=\"1087\" \/>\n\t<meta property=\"og:image:height\" content=\"1018\" \/>\n\t<meta property=\"og:image:type\" content=\"image\/jpeg\" \/>\n<meta name=\"twitter:card\" content=\"summary_large_image\" \/>\n<meta name=\"twitter:label1\" content=\"Gesch\u00e4tzte Lesezeit\" \/>\n\t<meta name=\"twitter:data1\" content=\"2\u00a0Minuten\" \/>\n<script type=\"application\/ld+json\" class=\"yoast-schema-graph\">{\"@context\":\"https:\/\/schema.org\",\"@graph\":[{\"@type\":\"WebPage\",\"@id\":\"https:\/\/stelfia.com\/shop\/vehicules\/scooter\/scooter-electrique-sky-iii-gts\/\",\"url\":\"https:\/\/stelfia.com\/shop\/vehicules\/scooter\/scooter-electrique-sky-iii-gts\/\",\"name\":\"Scooter \u00e9lectrique Sky III GTS \u2013 25 km\/h sans permis | Stelfia\",\"isPartOf\":{\"@id\":\"https:\/\/stelfia.com\/#website\"},\"primaryImageOfPage\":{\"@id\":\"https:\/\/stelfia.com\/shop\/vehicules\/scooter\/scooter-electrique-sky-iii-gts\/#primaryimage\"},\"image\":{\"@id\":\"https:\/\/stelfia.com\/shop\/vehicules\/scooter\/scooter-electrique-sky-iii-gts\/#primaryimage\"},\"thumbnailUrl\":\"https:\/\/stelfia.com\/wp-content\/uploads\/2025\/04\/000.1.jpg\",\"datePublished\":\"2025-04-23T08:29:48+00:00\",\"dateModified\":\"2026-03-25T17:12:20+00:00\",\"description\":\"Scooter \u00e9lectrique Sky III GTS 25 km\/h sans permis. Id\u00e9al pour la ville, \u00e9conomique et facile \u00e0 conduire. Disponible chez Stelfia \u00e0 Renens.\",\"breadcrumb\":{\"@id\":\"https:\/\/stelfia.com\/shop\/vehicules\/scooter\/scooter-electrique-sky-iii-gts\/#breadcrumb\"},\"inLanguage\":\"de\",\"potentialAction\":[{\"@type\":\"ReadAction\",\"target\":[\"https:\/\/stelfia.com\/shop\/vehicules\/scooter\/scooter-electrique-sky-iii-gts\/\"]}]},{\"@type\":\"ImageObject\",\"inLanguage\":\"de\",\"@id\":\"https:\/\/stelfia.com\/shop\/vehicules\/scooter\/scooter-electrique-sky-iii-gts\/#primaryimage\",\"url\":\"https:\/\/stelfia.com\/wp-content\/uploads\/2025\/04\/000.1.jpg\",\"contentUrl\":\"https:\/\/stelfia.com\/wp-content\/uploads\/2025\/04\/000.1.jpg\",\"width\":1087,\"height\":1018,\"caption\":\"Sky III GTS \u2013 scooter \u00e9lectrique 25 km\/h sans permis\"},{\"@type\":\"BreadcrumbList\",\"@id\":\"https:\/\/stelfia.com\/shop\/vehicules\/scooter\/scooter-electrique-sky-iii-gts\/#breadcrumb\",\"itemListElement\":[{\"@type\":\"ListItem\",\"position\":1,\"name\":\"Accueil\",\"item\":\"https:\/\/stelfia.com\/\"},{\"@type\":\"ListItem\",\"position\":2,\"name\":\"Shop\",\"item\":\"https:\/\/stelfia.com\/shop\/\"},{\"@type\":\"ListItem\",\"position\":3,\"name\":\"Sky III GTS\"}]},{\"@type\":\"WebSite\",\"@id\":\"https:\/\/stelfia.com\/#website\",\"url\":\"https:\/\/stelfia.com\/\",\"name\":\"Trottinette \u00e9lectrique\",\"description\":\"Trottinette \u00e9lectrique en Suisse romande\",\"publisher\":{\"@id\":\"https:\/\/stelfia.com\/#organization\"},\"potentialAction\":[{\"@type\":\"SearchAction\",\"target\":{\"@type\":\"EntryPoint\",\"urlTemplate\":\"https:\/\/stelfia.com\/?s={search_term_string}\"},\"query-input\":{\"@type\":\"PropertyValueSpecification\",\"valueRequired\":true,\"valueName\":\"search_term_string\"}}],\"inLanguage\":\"de\"},{\"@type\":\"Organization\",\"@id\":\"https:\/\/stelfia.com\/#organization\",\"name\":\"Trottinette \u00e9lectrique lausanne\",\"url\":\"https:\/\/stelfia.com\/\",\"logo\":{\"@type\":\"ImageObject\",\"inLanguage\":\"de\",\"@id\":\"https:\/\/stelfia.com\/#\/schema\/logo\/image\/\",\"url\":\"https:\/\/stelfia.com\/wp-content\/uploads\/2023\/02\/logonew-removebg-preview.png\",\"contentUrl\":\"https:\/\/stelfia.com\/wp-content\/uploads\/2023\/02\/logonew-removebg-preview.png\",\"width\":238,\"height\":100,\"caption\":\"Trottinette \u00e9lectrique lausanne\"},\"image\":{\"@id\":\"https:\/\/stelfia.com\/#\/schema\/logo\/image\/\"}}]}<\/script>\n<!-- \/ Yoast SEO plugin. -->","yoast_head_json":{"title":"Scooter \u00e9lectrique Sky III GTS \u2013 25 km\/h sans permis | Stelfia","description":"Scooter \u00e9lectrique Sky III GTS 25 km\/h sans permis. Id\u00e9al pour la ville, \u00e9conomique et facile \u00e0 conduire. Disponible chez Stelfia \u00e0 Renens.","robots":{"index":"index","follow":"follow","max-snippet":"max-snippet:-1","max-image-preview":"max-image-preview:large","max-video-preview":"max-video-preview:-1"},"canonical":"https:\/\/stelfia.com\/de\/shop\/vehicules\/scooter\/scooter-electrique-sky-iii-gts\/","og_locale":"de_DE","og_type":"article","og_title":"Scooter \u00e9lectrique Sky III GTS \u2013 25 km\/h sans permis | Stelfia","og_description":"Scooter \u00e9lectrique Sky III GTS 25 km\/h sans permis. Id\u00e9al pour la ville, \u00e9conomique et facile \u00e0 conduire. Disponible chez Stelfia \u00e0 Renens.","og_url":"https:\/\/stelfia.com\/de\/shop\/vehicules\/scooter\/scooter-electrique-sky-iii-gts\/","og_site_name":"Trottinette \u00e9lectrique","article_modified_time":"2026-03-25T17:12:20+00:00","og_image":[{"width":1087,"height":1018,"url":"https:\/\/stelfia.com\/wp-content\/uploads\/2025\/04\/000.1.jpg","type":"image\/jpeg"}],"twitter_card":"summary_large_image","twitter_misc":{"Gesch\u00e4tzte Lesezeit":"2\u00a0Minuten"},"schema":{"@context":"https:\/\/schema.org","@graph":[{"@type":"WebPage","@id":"https:\/\/stelfia.com\/shop\/vehicules\/scooter\/scooter-electrique-sky-iii-gts\/","url":"https:\/\/stelfia.com\/shop\/vehicules\/scooter\/scooter-electrique-sky-iii-gts\/","name":"Scooter \u00e9lectrique Sky III GTS \u2013 25 km\/h sans permis | Stelfia","isPartOf":{"@id":"https:\/\/stelfia.com\/#website"},"primaryImageOfPage":{"@id":"https:\/\/stelfia.com\/shop\/vehicules\/scooter\/scooter-electrique-sky-iii-gts\/#primaryimage"},"image":{"@id":"https:\/\/stelfia.com\/shop\/vehicules\/scooter\/scooter-electrique-sky-iii-gts\/#primaryimage"},"thumbnailUrl":"https:\/\/stelfia.com\/wp-content\/uploads\/2025\/04\/000.1.jpg","datePublished":"2025-04-23T08:29:48+00:00","dateModified":"2026-03-25T17:12:20+00:00","description":"Scooter \u00e9lectrique Sky III GTS 25 km\/h sans permis. Id\u00e9al pour la ville, \u00e9conomique et facile \u00e0 conduire. Disponible chez Stelfia \u00e0 Renens.","breadcrumb":{"@id":"https:\/\/stelfia.com\/shop\/vehicules\/scooter\/scooter-electrique-sky-iii-gts\/#breadcrumb"},"inLanguage":"de","potentialAction":[{"@type":"ReadAction","target":["https:\/\/stelfia.com\/shop\/vehicules\/scooter\/scooter-electrique-sky-iii-gts\/"]}]},{"@type":"ImageObject","inLanguage":"de","@id":"https:\/\/stelfia.com\/shop\/vehicules\/scooter\/scooter-electrique-sky-iii-gts\/#primaryimage","url":"https:\/\/stelfia.com\/wp-content\/uploads\/2025\/04\/000.1.jpg","contentUrl":"https:\/\/stelfia.com\/wp-content\/uploads\/2025\/04\/000.1.jpg","width":1087,"height":1018,"caption":"Sky III GTS \u2013 scooter \u00e9lectrique 25 km\/h sans permis"},{"@type":"BreadcrumbList","@id":"https:\/\/stelfia.com\/shop\/vehicules\/scooter\/scooter-electrique-sky-iii-gts\/#breadcrumb","itemListElement":[{"@type":"ListItem","position":1,"name":"Accueil","item":"https:\/\/stelfia.com\/"},{"@type":"ListItem","position":2,"name":"Shop","item":"https:\/\/stelfia.com\/shop\/"},{"@type":"ListItem","position":3,"name":"Sky III GTS"}]},{"@type":"WebSite","@id":"https:\/\/stelfia.com\/#website","url":"https:\/\/stelfia.com\/","name":"Elektroroller","description":"Trottinette \u00e9lectrique en Suisse romande","publisher":{"@id":"https:\/\/stelfia.com\/#organization"},"potentialAction":[{"@type":"SearchAction","target":{"@type":"EntryPoint","urlTemplate":"https:\/\/stelfia.com\/?s={search_term_string}"},"query-input":{"@type":"PropertyValueSpecification","valueRequired":true,"valueName":"search_term_string"}}],"inLanguage":"de"},{"@type":"Organization","@id":"https:\/\/stelfia.com\/#organization","name":"Trottinette \u00e9lectrique lausanne","url":"https:\/\/stelfia.com\/","logo":{"@type":"ImageObject","inLanguage":"de","@id":"https:\/\/stelfia.com\/#\/schema\/logo\/image\/","url":"https:\/\/stelfia.com\/wp-content\/uploads\/2023\/02\/logonew-removebg-preview.png","contentUrl":"https:\/\/stelfia.com\/wp-content\/uploads\/2023\/02\/logonew-removebg-preview.png","width":238,"height":100,"caption":"Trottinette \u00e9lectrique lausanne"},"image":{"@id":"https:\/\/stelfia.com\/#\/schema\/logo\/image\/"}}]}},"_links":{"self":[{"href":"https:\/\/stelfia.com\/de\/wp-json\/wp\/v2\/product\/11663","targetHints":{"allow":["GET"]}}],"collection":[{"href":"https:\/\/stelfia.com\/de\/wp-json\/wp\/v2\/product"}],"about":[{"href":"https:\/\/stelfia.com\/de\/wp-json\/wp\/v2\/types\/product"}],"version-history":[{"count":0,"href":"https:\/\/stelfia.com\/de\/wp-json\/wp\/v2\/product\/11663\/revisions"}],"wp:featuredmedia":[{"embeddable":true,"href":"https:\/\/stelfia.com\/de\/wp-json\/wp\/v2\/media\/12063"}],"wp:attachment":[{"href":"https:\/\/stelfia.com\/de\/wp-json\/wp\/v2\/media?parent=11663"}],"wp:term":[{"taxonomy":"product_brand","embeddable":true,"href":"https:\/\/stelfia.com\/de\/wp-json\/wp\/v2\/product_brand?post=11663"},{"taxonomy":"product_cat","embeddable":true,"href":"https:\/\/stelfia.com\/de\/wp-json\/wp\/v2\/product_cat?post=11663"},{"taxonomy":"product_tag","embeddable":true,"href":"https:\/\/stelfia.com\/de\/wp-json\/wp\/v2\/product_tag?post=11663"},{"taxonomy":"permis--de-conduire","embeddable":true,"href":"https:\/\/stelfia.com\/de\/wp-json\/wp\/v2\/permis--de-conduire?post=11663"},{"taxonomy":"vitesse","embeddable":true,"href":"https:\/\/stelfia.com\/de\/wp-json\/wp\/v2\/vitesse?post=11663"},{"taxonomy":"brands","embeddable":true,"href":"https:\/\/stelfia.com\/de\/wp-json\/wp\/v2\/brands?post=11663"},{"taxonomy":"accessoires","embeddable":true,"href":"https:\/\/stelfia.com\/de\/wp-json\/wp\/v2\/accessoires?post=11663"},{"taxonomy":"pieces-detachees","embeddable":true,"href":"https:\/\/stelfia.com\/de\/wp-json\/wp\/v2\/pieces-detachees?post=11663"},{"taxonomy":"trottinette-electrique","embeddable":true,"href":"https:\/\/stelfia.com\/de\/wp-json\/wp\/v2\/trottinette-electrique?post=11663"},{"taxonomy":"velo","embeddable":true,"href":"https:\/\/stelfia.com\/de\/wp-json\/wp\/v2\/velo?post=11663"}],"curies":[{"name":"wp","href":"https:\/\/api.w.org\/{rel}","templated":true}]}}