{"id":11549,"date":"2025-09-10T19:40:56","date_gmt":"2025-09-10T19:40:56","guid":{"rendered":"https:\/\/stelfia.com\/?post_type=product&#038;p=11549"},"modified":"2026-04-08T11:53:42","modified_gmt":"2026-04-08T11:53:42","slug":"super-chopper-occasion","status":"publish","type":"product","link":"https:\/\/stelfia.com\/de\/shop\/accessories\/super-chopper-occasion\/","title":{"rendered":"Mangosteen Super Chopper Occasion &#8211; 45 km\/h"},"content":{"rendered":"<p>Expertis\u00e9e du jour<\/p>\n<p>Mod\u00e8le d\u2019occasion, en tr\u00e8s bon \u00e9tat<br data-start=\"906\" data-end=\"909\" \/>Disponible \u00e0 Renens chez Stelfia.<\/p>\n<p>Batterie :\u00a0\u00a0\u00a0\u00a0\u00a0\u00a0\u00a0\u00a0\u00a0\u00a0\u00a0\u00a0\u00a0\u00a0\u00a0\u00a0\u00a0\u00a0\u00a0\u00a0\u00a0\u00a0\u00a0 Batterie Samsung 60V, 30Ah<\/p>\n<p>Motor: B\u00fcrstenlos 2000 W<\/p>\n<p>Vitesse max :\u00a0 \u00a0 \u00a0 \u00a0 \u00a0 \u00a0 \u00a0 \u00a0 \u00a045 km\/h en plaque jaune<\/p>\n<p>Autonomie :\u00a0 \u00a0 \u00a0 \u00a0 \u00a0 \u00a0 \u00a0 \u00a0 \u00a050 &#8211; 80 km<\/p>\n<p>R\u00e4der: Vorne 130\/70-12 \u2013 Hinten 215\/40-12<\/p>\n<p>Bremse: Scheiben vorn und hinten (hydraulisch)<\/p>\n<p>Temps de charge :\u00a0 \u00a0 \u00a0 \u00a0Env. 5 &#8211; 6 h<\/p>\n<p>Ladebuchse: Standard 230V<\/p>\n<p>Poids :\u00a0 \u00a0 \u00a0 \u00a0 \u00a0 \u00a0 \u00a0 \u00a0 \u00a0 \u00a0 \u00a0 \u00a0 \u00a0 \u00a0 75 kg<\/p>\n<p>Maximale Belastung: 150 kg<\/p>\n<p>Etanch\u00e9it\u00e9 :\u00a0\u00a0\u00a0\u00a0\u00a0\u00a0\u00a0\u00a0\u00a0\u00a0\u00a0\u00a0\u00a0\u00a0\u00a0\u00a0\u00a0\u00a0 Oui<\/p>\n<p>Couleur :\u00a0 \u00a0 \u00a0 \u00a0 \u00a0 \u00a0 \u00a0 \u00a0 \u00a0 \u00a0 \u00a0 \u00a0 Vert<\/p>\n<p>Abmessungen: 2100 x 820 x 1200 mm<\/p>\n<p>Anzahl Pl\u00e4tze: 1<\/p>\n<p>Cat\u00e9gorie :\u00a0\u00a0\u00a0\u00a0\u00a0\u00a0\u00a0\u00a0\u00a0\u00a0\u00a0\u00a0\u00a0\u00a0\u00a0\u00a0\u00a0\u00a0\u00a0\u00a0 Equivalent 125 cm3, plaques jaune si 45km\/h<\/p>\n<p>F\u00fchrerschein: A1<\/p>\n<p>\u00c9quipement :\u00a0 \u00a0 \u00a0 \u00a0 \u00a0 \u00a0 \u00a0 \u00a0 \u00a0Batteries amovibles, peinture custom vert m\u00e9tallis\u00e9, service effectu\u00e9<\/p>\n<p>\u00c9tat :\u00a0\u00a0\u00a0\u00a0\u00a0\u00a0\u00a0\u00a0\u00a0\u00a0\u00a0\u00a0\u00a0\u00a0\u00a0\u00a0\u00a0\u00a0\u00a0\u00a0\u00a0 \u00a0\u00a0\u00a0 \u00a0\u00a0\u00a0\u00a0 En tr\u00e8s bon \u00e9tat<\/p>\n<p>Garantie :\u00a0 \u00a0 \u00a0 \u00a0 \u00a0 \u00a0 \u00a0 \u00a0 \u00a0 \u00a0 \u00a0 1 an (hors batterie)<\/p>","protected":false},"excerpt":{"rendered":"<p>Lernen Sie den Mangosteen E-Chopper kennen, die perfekte Verbindung aus Retro-Stil und moderner Technologie.<\/p>\n<p>Dieses elegant gestaltete Elektrofahrzeug bietet Ihnen dank seines leistungsstarken Elektromotors eine ruhige und ruhige Fahrt. Mit seinem Vintage-Look und den hochmodernen Funktionen ist das Mangosteen die ideale Wahl f\u00fcr Zweirad-Enthusiasten, die ein einzigartiges Fahrerlebnis suchen.<\/p>","protected":false},"featured_media":12287,"template":"","meta":{"_uf_show_specific_survey":0,"_uf_disable_surveys":false},"product_brand":[],"product_cat":[20],"product_tag":[293,292,295],"permis--de-conduire":[],"vitesse":[465],"brands":[],"accessoires":[],"pieces-detachees":[],"trottinette-electrique":[291],"velo":[],"class_list":{"0":"post-11549","1":"product","2":"type-product","3":"status-publish","4":"has-post-thumbnail","6":"product_cat-accessories","7":"product_tag-e-chopper-angry-blake","8":"product_tag-mangosteen-m1ps","9":"product_tag-moto-45-km-h","10":"vitesse-45-km-h-plaque-jaune","11":"trottinette-electrique-occasions","12":"tm-no-options","14":"first","15":"instock","16":"taxable","17":"shipping-taxable","18":"purchasable","19":"product-type-simple"},"yoast_head":"<!-- This site is optimized with the Yoast SEO plugin v25.8 - https:\/\/yoast.com\/wordpress\/plugins\/seo\/ -->\n<title>Super Chopper Occasion | E-Chopper \u00e9lectrique \u2013 Stelfia Renens<\/title>\n<meta name=\"description\" content=\"Super Chopper \u00e9lectrique d\u2019occasion disponible chez Stelfia \u00e0 Renens. E-chopper style cruiser, position basse et look affirm\u00e9. V\u00e9hicule contr\u00f4l\u00e9, faible kilom\u00e9trage.\" \/>\n<meta name=\"robots\" content=\"index, follow, max-snippet:-1, max-image-preview:large, max-video-preview:-1\" \/>\n<link rel=\"canonical\" href=\"https:\/\/stelfia.com\/de\/shop\/accessories\/super-chopper-occasion\/\" \/>\n<meta property=\"og:locale\" content=\"de_DE\" \/>\n<meta property=\"og:type\" content=\"article\" \/>\n<meta property=\"og:title\" content=\"Super Chopper Occasion | E-Chopper \u00e9lectrique \u2013 Stelfia Renens\" \/>\n<meta property=\"og:description\" content=\"Super Chopper \u00e9lectrique d\u2019occasion disponible chez Stelfia \u00e0 Renens. E-chopper style cruiser, position basse et look affirm\u00e9. V\u00e9hicule contr\u00f4l\u00e9, faible kilom\u00e9trage.\" \/>\n<meta property=\"og:url\" content=\"https:\/\/stelfia.com\/de\/shop\/accessories\/super-chopper-occasion\/\" \/>\n<meta property=\"og:site_name\" content=\"Trottinette \u00e9lectrique\" \/>\n<meta property=\"article:modified_time\" content=\"2026-04-08T11:53:42+00:00\" \/>\n<meta property=\"og:image\" content=\"https:\/\/stelfia.com\/wp-content\/uploads\/2025\/09\/002.jpg\" \/>\n\t<meta property=\"og:image:width\" content=\"1069\" \/>\n\t<meta property=\"og:image:height\" content=\"1068\" \/>\n\t<meta property=\"og:image:type\" content=\"image\/jpeg\" \/>\n<meta name=\"twitter:card\" content=\"summary_large_image\" \/>\n<meta name=\"twitter:label1\" content=\"Gesch\u00e4tzte Lesezeit\" \/>\n\t<meta name=\"twitter:data1\" content=\"1\u00a0Minute\" \/>\n<script type=\"application\/ld+json\" class=\"yoast-schema-graph\">{\"@context\":\"https:\/\/schema.org\",\"@graph\":[{\"@type\":\"WebPage\",\"@id\":\"https:\/\/stelfia.com\/shop\/accessories\/super-chopper-occasion\/\",\"url\":\"https:\/\/stelfia.com\/shop\/accessories\/super-chopper-occasion\/\",\"name\":\"Super Chopper Occasion | E-Chopper \u00e9lectrique \u2013 Stelfia Renens\",\"isPartOf\":{\"@id\":\"https:\/\/stelfia.com\/#website\"},\"primaryImageOfPage\":{\"@id\":\"https:\/\/stelfia.com\/shop\/accessories\/super-chopper-occasion\/#primaryimage\"},\"image\":{\"@id\":\"https:\/\/stelfia.com\/shop\/accessories\/super-chopper-occasion\/#primaryimage\"},\"thumbnailUrl\":\"https:\/\/stelfia.com\/wp-content\/uploads\/2025\/09\/002.jpg\",\"datePublished\":\"2025-09-10T19:40:56+00:00\",\"dateModified\":\"2026-04-08T11:53:42+00:00\",\"description\":\"Super Chopper \u00e9lectrique d\u2019occasion disponible chez Stelfia \u00e0 Renens. E-chopper style cruiser, position basse et look affirm\u00e9. V\u00e9hicule contr\u00f4l\u00e9, faible kilom\u00e9trage.\",\"breadcrumb\":{\"@id\":\"https:\/\/stelfia.com\/shop\/accessories\/super-chopper-occasion\/#breadcrumb\"},\"inLanguage\":\"de\",\"potentialAction\":[{\"@type\":\"ReadAction\",\"target\":[\"https:\/\/stelfia.com\/shop\/accessories\/super-chopper-occasion\/\"]}]},{\"@type\":\"ImageObject\",\"inLanguage\":\"de\",\"@id\":\"https:\/\/stelfia.com\/shop\/accessories\/super-chopper-occasion\/#primaryimage\",\"url\":\"https:\/\/stelfia.com\/wp-content\/uploads\/2025\/09\/002.jpg\",\"contentUrl\":\"https:\/\/stelfia.com\/wp-content\/uploads\/2025\/09\/002.jpg\",\"width\":1069,\"height\":1068},{\"@type\":\"BreadcrumbList\",\"@id\":\"https:\/\/stelfia.com\/shop\/accessories\/super-chopper-occasion\/#breadcrumb\",\"itemListElement\":[{\"@type\":\"ListItem\",\"position\":1,\"name\":\"Accueil\",\"item\":\"https:\/\/stelfia.com\/\"},{\"@type\":\"ListItem\",\"position\":2,\"name\":\"Shop\",\"item\":\"https:\/\/stelfia.com\/shop\/\"},{\"@type\":\"ListItem\",\"position\":3,\"name\":\"Mangosteen Super Chopper Occasion &#8211; 45 km\/h\"}]},{\"@type\":\"WebSite\",\"@id\":\"https:\/\/stelfia.com\/#website\",\"url\":\"https:\/\/stelfia.com\/\",\"name\":\"Trottinette \u00e9lectrique\",\"description\":\"Trottinette \u00e9lectrique en Suisse romande\",\"publisher\":{\"@id\":\"https:\/\/stelfia.com\/#organization\"},\"potentialAction\":[{\"@type\":\"SearchAction\",\"target\":{\"@type\":\"EntryPoint\",\"urlTemplate\":\"https:\/\/stelfia.com\/?s={search_term_string}\"},\"query-input\":{\"@type\":\"PropertyValueSpecification\",\"valueRequired\":true,\"valueName\":\"search_term_string\"}}],\"inLanguage\":\"de\"},{\"@type\":\"Organization\",\"@id\":\"https:\/\/stelfia.com\/#organization\",\"name\":\"Trottinette \u00e9lectrique lausanne\",\"url\":\"https:\/\/stelfia.com\/\",\"logo\":{\"@type\":\"ImageObject\",\"inLanguage\":\"de\",\"@id\":\"https:\/\/stelfia.com\/#\/schema\/logo\/image\/\",\"url\":\"https:\/\/stelfia.com\/wp-content\/uploads\/2023\/02\/logonew-removebg-preview.png\",\"contentUrl\":\"https:\/\/stelfia.com\/wp-content\/uploads\/2023\/02\/logonew-removebg-preview.png\",\"width\":238,\"height\":100,\"caption\":\"Trottinette \u00e9lectrique lausanne\"},\"image\":{\"@id\":\"https:\/\/stelfia.com\/#\/schema\/logo\/image\/\"}}]}<\/script>\n<!-- \/ Yoast SEO plugin. -->","yoast_head_json":{"title":"Super Chopper Occasion | E-Chopper \u00e9lectrique \u2013 Stelfia Renens","description":"Super Chopper \u00e9lectrique d\u2019occasion disponible chez Stelfia \u00e0 Renens. E-chopper style cruiser, position basse et look affirm\u00e9. V\u00e9hicule contr\u00f4l\u00e9, faible kilom\u00e9trage.","robots":{"index":"index","follow":"follow","max-snippet":"max-snippet:-1","max-image-preview":"max-image-preview:large","max-video-preview":"max-video-preview:-1"},"canonical":"https:\/\/stelfia.com\/de\/shop\/accessories\/super-chopper-occasion\/","og_locale":"de_DE","og_type":"article","og_title":"Super Chopper Occasion | E-Chopper \u00e9lectrique \u2013 Stelfia Renens","og_description":"Super Chopper \u00e9lectrique d\u2019occasion disponible chez Stelfia \u00e0 Renens. E-chopper style cruiser, position basse et look affirm\u00e9. V\u00e9hicule contr\u00f4l\u00e9, faible kilom\u00e9trage.","og_url":"https:\/\/stelfia.com\/de\/shop\/accessories\/super-chopper-occasion\/","og_site_name":"Trottinette \u00e9lectrique","article_modified_time":"2026-04-08T11:53:42+00:00","og_image":[{"width":1069,"height":1068,"url":"https:\/\/stelfia.com\/wp-content\/uploads\/2025\/09\/002.jpg","type":"image\/jpeg"}],"twitter_card":"summary_large_image","twitter_misc":{"Gesch\u00e4tzte Lesezeit":"1\u00a0Minute"},"schema":{"@context":"https:\/\/schema.org","@graph":[{"@type":"WebPage","@id":"https:\/\/stelfia.com\/shop\/accessories\/super-chopper-occasion\/","url":"https:\/\/stelfia.com\/shop\/accessories\/super-chopper-occasion\/","name":"Super Chopper Occasion | E-Chopper \u00e9lectrique \u2013 Stelfia Renens","isPartOf":{"@id":"https:\/\/stelfia.com\/#website"},"primaryImageOfPage":{"@id":"https:\/\/stelfia.com\/shop\/accessories\/super-chopper-occasion\/#primaryimage"},"image":{"@id":"https:\/\/stelfia.com\/shop\/accessories\/super-chopper-occasion\/#primaryimage"},"thumbnailUrl":"https:\/\/stelfia.com\/wp-content\/uploads\/2025\/09\/002.jpg","datePublished":"2025-09-10T19:40:56+00:00","dateModified":"2026-04-08T11:53:42+00:00","description":"Super Chopper \u00e9lectrique d\u2019occasion disponible chez Stelfia \u00e0 Renens. E-chopper style cruiser, position basse et look affirm\u00e9. V\u00e9hicule contr\u00f4l\u00e9, faible kilom\u00e9trage.","breadcrumb":{"@id":"https:\/\/stelfia.com\/shop\/accessories\/super-chopper-occasion\/#breadcrumb"},"inLanguage":"de","potentialAction":[{"@type":"ReadAction","target":["https:\/\/stelfia.com\/shop\/accessories\/super-chopper-occasion\/"]}]},{"@type":"ImageObject","inLanguage":"de","@id":"https:\/\/stelfia.com\/shop\/accessories\/super-chopper-occasion\/#primaryimage","url":"https:\/\/stelfia.com\/wp-content\/uploads\/2025\/09\/002.jpg","contentUrl":"https:\/\/stelfia.com\/wp-content\/uploads\/2025\/09\/002.jpg","width":1069,"height":1068},{"@type":"BreadcrumbList","@id":"https:\/\/stelfia.com\/shop\/accessories\/super-chopper-occasion\/#breadcrumb","itemListElement":[{"@type":"ListItem","position":1,"name":"Accueil","item":"https:\/\/stelfia.com\/"},{"@type":"ListItem","position":2,"name":"Shop","item":"https:\/\/stelfia.com\/shop\/"},{"@type":"ListItem","position":3,"name":"Mangosteen Super Chopper Occasion &#8211; 45 km\/h"}]},{"@type":"WebSite","@id":"https:\/\/stelfia.com\/#website","url":"https:\/\/stelfia.com\/","name":"Elektroroller","description":"Trottinette \u00e9lectrique en Suisse romande","publisher":{"@id":"https:\/\/stelfia.com\/#organization"},"potentialAction":[{"@type":"SearchAction","target":{"@type":"EntryPoint","urlTemplate":"https:\/\/stelfia.com\/?s={search_term_string}"},"query-input":{"@type":"PropertyValueSpecification","valueRequired":true,"valueName":"search_term_string"}}],"inLanguage":"de"},{"@type":"Organization","@id":"https:\/\/stelfia.com\/#organization","name":"Trottinette \u00e9lectrique lausanne","url":"https:\/\/stelfia.com\/","logo":{"@type":"ImageObject","inLanguage":"de","@id":"https:\/\/stelfia.com\/#\/schema\/logo\/image\/","url":"https:\/\/stelfia.com\/wp-content\/uploads\/2023\/02\/logonew-removebg-preview.png","contentUrl":"https:\/\/stelfia.com\/wp-content\/uploads\/2023\/02\/logonew-removebg-preview.png","width":238,"height":100,"caption":"Trottinette \u00e9lectrique lausanne"},"image":{"@id":"https:\/\/stelfia.com\/#\/schema\/logo\/image\/"}}]}},"_links":{"self":[{"href":"https:\/\/stelfia.com\/de\/wp-json\/wp\/v2\/product\/11549","targetHints":{"allow":["GET"]}}],"collection":[{"href":"https:\/\/stelfia.com\/de\/wp-json\/wp\/v2\/product"}],"about":[{"href":"https:\/\/stelfia.com\/de\/wp-json\/wp\/v2\/types\/product"}],"version-history":[{"count":0,"href":"https:\/\/stelfia.com\/de\/wp-json\/wp\/v2\/product\/11549\/revisions"}],"wp:featuredmedia":[{"embeddable":true,"href":"https:\/\/stelfia.com\/de\/wp-json\/wp\/v2\/media\/12287"}],"wp:attachment":[{"href":"https:\/\/stelfia.com\/de\/wp-json\/wp\/v2\/media?parent=11549"}],"wp:term":[{"taxonomy":"product_brand","embeddable":true,"href":"https:\/\/stelfia.com\/de\/wp-json\/wp\/v2\/product_brand?post=11549"},{"taxonomy":"product_cat","embeddable":true,"href":"https:\/\/stelfia.com\/de\/wp-json\/wp\/v2\/product_cat?post=11549"},{"taxonomy":"product_tag","embeddable":true,"href":"https:\/\/stelfia.com\/de\/wp-json\/wp\/v2\/product_tag?post=11549"},{"taxonomy":"permis--de-conduire","embeddable":true,"href":"https:\/\/stelfia.com\/de\/wp-json\/wp\/v2\/permis--de-conduire?post=11549"},{"taxonomy":"vitesse","embeddable":true,"href":"https:\/\/stelfia.com\/de\/wp-json\/wp\/v2\/vitesse?post=11549"},{"taxonomy":"brands","embeddable":true,"href":"https:\/\/stelfia.com\/de\/wp-json\/wp\/v2\/brands?post=11549"},{"taxonomy":"accessoires","embeddable":true,"href":"https:\/\/stelfia.com\/de\/wp-json\/wp\/v2\/accessoires?post=11549"},{"taxonomy":"pieces-detachees","embeddable":true,"href":"https:\/\/stelfia.com\/de\/wp-json\/wp\/v2\/pieces-detachees?post=11549"},{"taxonomy":"trottinette-electrique","embeddable":true,"href":"https:\/\/stelfia.com\/de\/wp-json\/wp\/v2\/trottinette-electrique?post=11549"},{"taxonomy":"velo","embeddable":true,"href":"https:\/\/stelfia.com\/de\/wp-json\/wp\/v2\/velo?post=11549"}],"curies":[{"name":"wp","href":"https:\/\/api.w.org\/{rel}","templated":true}]}}