{"id":10735,"date":"2023-12-01T14:32:14","date_gmt":"2023-12-01T14:32:14","guid":{"rendered":"https:\/\/stelfia.com\/?post_type=product&#038;p=10735"},"modified":"2025-03-04T13:47:09","modified_gmt":"2025-03-04T13:47:09","slug":"trottinette-electrique-dualtron-thunder-3","status":"publish","type":"product","link":"https:\/\/stelfia.com\/de\/shop\/vehicules\/trottinette\/trottinette-electrique-dualtron-thunder-3\/","title":{"rendered":"Dualtron Thunder 3 72V40AH \u2013 Ausgabe 2024"},"content":{"rendered":"<p>Batterie: Lithium-Ionen-21700 72V 40Ah, LG M50LT<\/p>\n<p>Motor: B\u00fcrstenlos 2x 2500 W<\/p>\n<p>H\u00f6chstgeschwindigkeit: 25 km\/h (M\u00f6glichkeit der Entfesselung, max. 100 km\/h)<\/p>\n<p>Autonomie: Ca. 120 km<\/p>\n<p>R\u00e4der: 11\u2033, aufblasbar, vorne und hinten, schlauchlos\/Pannenschutz-Gel<\/p>\n<p>Bremse: Scheiben (Nutt hydraulisch) vorne und hinten<\/p>\n<p>Ladezeit: Ca. 8 Uhr<\/p>\n<p>Gewicht: 47,3 kg<\/p>\n<p>Maximale Belastung: 120 kg<\/p>\n<p>Neigung: Bis zu 35\u00b0<\/p>\n<p>Wasserdichtigkeit: IP5 Komponente\/IP7 Display<\/p>\n<p>Abmessungen: 1270 x 700 x 1355 mm<\/p>\n<p>Ma\u00dfe zusammengeklappt: 1270 x 320 x 590 mm<\/p>\n<p>Ausstattung: 2 x 72V 50A Controller, Lenkungsd\u00e4mpfer<\/p>\n<p>Zustand: Neu<\/p>\n<p>Garantie: 2 Jahre (ein Jahr auf die Batterie)<\/p>\n<p>&nbsp;<\/p>\n<p><img decoding=\"async\" class=\"alignnone wp-image-9512 size-medium\" src=\"https:\/\/stelfia.com\/wp-content\/uploads\/2023\/03\/Capture-decran-2023-02-07-155841-400x121.jpg\" alt=\"\" width=\"400\" height=\"121\" srcset=\"https:\/\/stelfia.com\/wp-content\/uploads\/2023\/03\/Capture-decran-2023-02-07-155841-400x121.jpg 400w, https:\/\/stelfia.com\/wp-content\/uploads\/2023\/03\/Capture-decran-2023-02-07-155841-430x130.jpg 430w, https:\/\/stelfia.com\/wp-content\/uploads\/2023\/03\/Capture-decran-2023-02-07-155841-150x45.jpg 150w, https:\/\/stelfia.com\/wp-content\/uploads\/2023\/03\/Capture-decran-2023-02-07-155841-700x212.jpg 700w, https:\/\/stelfia.com\/wp-content\/uploads\/2023\/03\/Capture-decran-2023-02-07-155841-768x232.jpg 768w, https:\/\/stelfia.com\/wp-content\/uploads\/2023\/03\/Capture-decran-2023-02-07-155841-860x260.jpg 860w, https:\/\/stelfia.com\/wp-content\/uploads\/2023\/03\/Capture-decran-2023-02-07-155841.jpg 1114w\" sizes=\"(max-width: 400px) 100vw, 400px\" \/><\/p>\n<p>Nicht f\u00fcr Schweizer Strassen zugelassen<\/p>\n<h3 class=\"LC20lb MBeuO DKV0Md\">Lieferzeit muss best\u00e4tigt werden<\/h3>","protected":false},"excerpt":{"rendered":"<p>Der Dualtron Thunder 3 definiert das Erlebnis der Elektromobilit\u00e4t mit der ultimativen Kombination aus Leistung, Technologie und Design neu. Dieser High-End-Elektroroller wurde f\u00fcr Nervenkitzel-Suchende entwickelt und \u00fcberschreitet die Grenzen der Leistung.<\/p>\n<p>Mit fortschrittlichen Funktionen wie Bluetooth-Konnektivit\u00e4t, einem Hochleistungsbremssystem und einem futuristischen Design ist der Dualtron Thunder 3 die perfekte Balance aus Leistung, Eleganz und Innovation und bietet ein elektrisierendes Fahrerlebnis f\u00fcr Liebhaber hochwertiger Elektroroller.<\/p>","protected":false},"featured_media":10736,"template":"","meta":{"_uf_show_specific_survey":0,"_uf_disable_surveys":false},"product_brand":[],"product_cat":[114],"product_tag":[335,214,334,337,336],"permis--de-conduire":[],"vitesse":[],"brands":[85],"accessoires":[],"pieces-detachees":[],"trottinette-electrique":[109],"velo":[],"class_list":{"0":"post-10735","1":"product","2":"type-product","3":"status-publish","4":"has-post-thumbnail","6":"product_cat-trottinette","7":"product_tag-dt3","8":"product_tag-dualtron","9":"product_tag-dualtron-3","10":"product_tag-dualtron-thunder-3","11":"product_tag-thunder","12":"brands-dualtron","13":"trottinette-electrique-neuves","14":"tm-has-options","16":"first","17":"instock","18":"taxable","19":"shipping-taxable","20":"purchasable","21":"product-type-simple"},"yoast_head":"<!-- This site is optimized with the Yoast SEO plugin v25.8 - https:\/\/yoast.com\/wordpress\/plugins\/seo\/ -->\n<title>Dualtron Thunder 3 72V40AH - Edition 2024 - Trottinette \u00e9lectrique<\/title>\n<meta name=\"robots\" content=\"index, follow, max-snippet:-1, max-image-preview:large, max-video-preview:-1\" \/>\n<link rel=\"canonical\" href=\"https:\/\/stelfia.com\/de\/shop\/vehicules\/trottinette\/trottinette-electrique-dualtron-thunder-3\/\" \/>\n<meta property=\"og:locale\" content=\"de_DE\" \/>\n<meta property=\"og:type\" content=\"article\" \/>\n<meta property=\"og:title\" content=\"Dualtron Thunder 3 72V40AH - Edition 2024 - Trottinette \u00e9lectrique\" \/>\n<meta property=\"og:description\" content=\"La Dualtron Thunder 3 red\u00e9finit l&#039;exp\u00e9rience de la mobilit\u00e9 \u00e9lectrique avec une combinaison ultime de puissance, de technologie et de design. Con\u00e7ue pour les amateurs de sensations fortes, cette trottinette \u00e9lectrique haut de gamme repousse les limites de la performance.  Avec des fonctionnalit\u00e9s avanc\u00e9es telles que la connectivit\u00e9 Bluetooth, un syst\u00e8me de freinage haute performance et un design futuriste, la Dualtron Thunder 3 est l&#039;\u00e9quilibre parfait entre puissance, \u00e9l\u00e9gance et innovation, offrant une exp\u00e9rience de conduite \u00e9lectrisante pour les amateurs de trottinettes \u00e9lectriques haut de gamme.\" \/>\n<meta property=\"og:url\" content=\"https:\/\/stelfia.com\/de\/shop\/vehicules\/trottinette\/trottinette-electrique-dualtron-thunder-3\/\" \/>\n<meta property=\"og:site_name\" content=\"Trottinette \u00e9lectrique\" \/>\n<meta property=\"article:modified_time\" content=\"2025-03-04T13:47:09+00:00\" \/>\n<meta property=\"og:image\" content=\"https:\/\/stelfia.com\/wp-content\/uploads\/2023\/12\/AFFICHE-DT3.png\" \/>\n\t<meta property=\"og:image:width\" content=\"1080\" \/>\n\t<meta property=\"og:image:height\" content=\"1080\" \/>\n\t<meta property=\"og:image:type\" content=\"image\/png\" \/>\n<meta name=\"twitter:card\" content=\"summary_large_image\" \/>\n<meta name=\"twitter:label1\" content=\"Gesch\u00e4tzte Lesezeit\" \/>\n\t<meta name=\"twitter:data1\" content=\"1\u00a0Minute\" \/>\n<script type=\"application\/ld+json\" class=\"yoast-schema-graph\">{\"@context\":\"https:\/\/schema.org\",\"@graph\":[{\"@type\":\"WebPage\",\"@id\":\"https:\/\/stelfia.com\/shop\/vehicules\/trottinette\/trottinette-electrique-dualtron-thunder-3\/\",\"url\":\"https:\/\/stelfia.com\/shop\/vehicules\/trottinette\/trottinette-electrique-dualtron-thunder-3\/\",\"name\":\"Dualtron Thunder 3 72V40AH - Edition 2024 - Trottinette \u00e9lectrique\",\"isPartOf\":{\"@id\":\"https:\/\/stelfia.com\/#website\"},\"primaryImageOfPage\":{\"@id\":\"https:\/\/stelfia.com\/shop\/vehicules\/trottinette\/trottinette-electrique-dualtron-thunder-3\/#primaryimage\"},\"image\":{\"@id\":\"https:\/\/stelfia.com\/shop\/vehicules\/trottinette\/trottinette-electrique-dualtron-thunder-3\/#primaryimage\"},\"thumbnailUrl\":\"https:\/\/stelfia.com\/wp-content\/uploads\/2023\/12\/AFFICHE-DT3.png\",\"datePublished\":\"2023-12-01T14:32:14+00:00\",\"dateModified\":\"2025-03-04T13:47:09+00:00\",\"breadcrumb\":{\"@id\":\"https:\/\/stelfia.com\/shop\/vehicules\/trottinette\/trottinette-electrique-dualtron-thunder-3\/#breadcrumb\"},\"inLanguage\":\"de\",\"potentialAction\":[{\"@type\":\"ReadAction\",\"target\":[\"https:\/\/stelfia.com\/shop\/vehicules\/trottinette\/trottinette-electrique-dualtron-thunder-3\/\"]}]},{\"@type\":\"ImageObject\",\"inLanguage\":\"de\",\"@id\":\"https:\/\/stelfia.com\/shop\/vehicules\/trottinette\/trottinette-electrique-dualtron-thunder-3\/#primaryimage\",\"url\":\"https:\/\/stelfia.com\/wp-content\/uploads\/2023\/12\/AFFICHE-DT3.png\",\"contentUrl\":\"https:\/\/stelfia.com\/wp-content\/uploads\/2023\/12\/AFFICHE-DT3.png\",\"width\":1080,\"height\":1080},{\"@type\":\"BreadcrumbList\",\"@id\":\"https:\/\/stelfia.com\/shop\/vehicules\/trottinette\/trottinette-electrique-dualtron-thunder-3\/#breadcrumb\",\"itemListElement\":[{\"@type\":\"ListItem\",\"position\":1,\"name\":\"Accueil\",\"item\":\"https:\/\/stelfia.com\/\"},{\"@type\":\"ListItem\",\"position\":2,\"name\":\"Shop\",\"item\":\"https:\/\/stelfia.com\/shop\/\"},{\"@type\":\"ListItem\",\"position\":3,\"name\":\"Dualtron Thunder 3 72V40AH &#8211; Edition 2024\"}]},{\"@type\":\"WebSite\",\"@id\":\"https:\/\/stelfia.com\/#website\",\"url\":\"https:\/\/stelfia.com\/\",\"name\":\"Trottinette \u00e9lectrique\",\"description\":\"Trottinette \u00e9lectrique en Suisse romande\",\"publisher\":{\"@id\":\"https:\/\/stelfia.com\/#organization\"},\"potentialAction\":[{\"@type\":\"SearchAction\",\"target\":{\"@type\":\"EntryPoint\",\"urlTemplate\":\"https:\/\/stelfia.com\/?s={search_term_string}\"},\"query-input\":{\"@type\":\"PropertyValueSpecification\",\"valueRequired\":true,\"valueName\":\"search_term_string\"}}],\"inLanguage\":\"de\"},{\"@type\":\"Organization\",\"@id\":\"https:\/\/stelfia.com\/#organization\",\"name\":\"Trottinette \u00e9lectrique lausanne\",\"url\":\"https:\/\/stelfia.com\/\",\"logo\":{\"@type\":\"ImageObject\",\"inLanguage\":\"de\",\"@id\":\"https:\/\/stelfia.com\/#\/schema\/logo\/image\/\",\"url\":\"https:\/\/stelfia.com\/wp-content\/uploads\/2023\/02\/logonew-removebg-preview.png\",\"contentUrl\":\"https:\/\/stelfia.com\/wp-content\/uploads\/2023\/02\/logonew-removebg-preview.png\",\"width\":238,\"height\":100,\"caption\":\"Trottinette \u00e9lectrique lausanne\"},\"image\":{\"@id\":\"https:\/\/stelfia.com\/#\/schema\/logo\/image\/\"}}]}<\/script>\n<!-- \/ Yoast SEO plugin. -->","yoast_head_json":{"title":"Dualtron Thunder 3 72V40AH - Edition 2024 - Trottinette \u00e9lectrique","robots":{"index":"index","follow":"follow","max-snippet":"max-snippet:-1","max-image-preview":"max-image-preview:large","max-video-preview":"max-video-preview:-1"},"canonical":"https:\/\/stelfia.com\/de\/shop\/vehicules\/trottinette\/trottinette-electrique-dualtron-thunder-3\/","og_locale":"de_DE","og_type":"article","og_title":"Dualtron Thunder 3 72V40AH - Edition 2024 - Trottinette \u00e9lectrique","og_description":"La Dualtron Thunder 3 red\u00e9finit l'exp\u00e9rience de la mobilit\u00e9 \u00e9lectrique avec une combinaison ultime de puissance, de technologie et de design. Con\u00e7ue pour les amateurs de sensations fortes, cette trottinette \u00e9lectrique haut de gamme repousse les limites de la performance.  Avec des fonctionnalit\u00e9s avanc\u00e9es telles que la connectivit\u00e9 Bluetooth, un syst\u00e8me de freinage haute performance et un design futuriste, la Dualtron Thunder 3 est l'\u00e9quilibre parfait entre puissance, \u00e9l\u00e9gance et innovation, offrant une exp\u00e9rience de conduite \u00e9lectrisante pour les amateurs de trottinettes \u00e9lectriques haut de gamme.","og_url":"https:\/\/stelfia.com\/de\/shop\/vehicules\/trottinette\/trottinette-electrique-dualtron-thunder-3\/","og_site_name":"Trottinette \u00e9lectrique","article_modified_time":"2025-03-04T13:47:09+00:00","og_image":[{"width":1080,"height":1080,"url":"https:\/\/stelfia.com\/wp-content\/uploads\/2023\/12\/AFFICHE-DT3.png","type":"image\/png"}],"twitter_card":"summary_large_image","twitter_misc":{"Gesch\u00e4tzte Lesezeit":"1\u00a0Minute"},"schema":{"@context":"https:\/\/schema.org","@graph":[{"@type":"WebPage","@id":"https:\/\/stelfia.com\/shop\/vehicules\/trottinette\/trottinette-electrique-dualtron-thunder-3\/","url":"https:\/\/stelfia.com\/shop\/vehicules\/trottinette\/trottinette-electrique-dualtron-thunder-3\/","name":"Dualtron Thunder 3 72V40AH - Edition 2024 - Trottinette \u00e9lectrique","isPartOf":{"@id":"https:\/\/stelfia.com\/#website"},"primaryImageOfPage":{"@id":"https:\/\/stelfia.com\/shop\/vehicules\/trottinette\/trottinette-electrique-dualtron-thunder-3\/#primaryimage"},"image":{"@id":"https:\/\/stelfia.com\/shop\/vehicules\/trottinette\/trottinette-electrique-dualtron-thunder-3\/#primaryimage"},"thumbnailUrl":"https:\/\/stelfia.com\/wp-content\/uploads\/2023\/12\/AFFICHE-DT3.png","datePublished":"2023-12-01T14:32:14+00:00","dateModified":"2025-03-04T13:47:09+00:00","breadcrumb":{"@id":"https:\/\/stelfia.com\/shop\/vehicules\/trottinette\/trottinette-electrique-dualtron-thunder-3\/#breadcrumb"},"inLanguage":"de","potentialAction":[{"@type":"ReadAction","target":["https:\/\/stelfia.com\/shop\/vehicules\/trottinette\/trottinette-electrique-dualtron-thunder-3\/"]}]},{"@type":"ImageObject","inLanguage":"de","@id":"https:\/\/stelfia.com\/shop\/vehicules\/trottinette\/trottinette-electrique-dualtron-thunder-3\/#primaryimage","url":"https:\/\/stelfia.com\/wp-content\/uploads\/2023\/12\/AFFICHE-DT3.png","contentUrl":"https:\/\/stelfia.com\/wp-content\/uploads\/2023\/12\/AFFICHE-DT3.png","width":1080,"height":1080},{"@type":"BreadcrumbList","@id":"https:\/\/stelfia.com\/shop\/vehicules\/trottinette\/trottinette-electrique-dualtron-thunder-3\/#breadcrumb","itemListElement":[{"@type":"ListItem","position":1,"name":"Accueil","item":"https:\/\/stelfia.com\/"},{"@type":"ListItem","position":2,"name":"Shop","item":"https:\/\/stelfia.com\/shop\/"},{"@type":"ListItem","position":3,"name":"Dualtron Thunder 3 72V40AH &#8211; Edition 2024"}]},{"@type":"WebSite","@id":"https:\/\/stelfia.com\/#website","url":"https:\/\/stelfia.com\/","name":"Elektroroller","description":"Trottinette \u00e9lectrique en Suisse romande","publisher":{"@id":"https:\/\/stelfia.com\/#organization"},"potentialAction":[{"@type":"SearchAction","target":{"@type":"EntryPoint","urlTemplate":"https:\/\/stelfia.com\/?s={search_term_string}"},"query-input":{"@type":"PropertyValueSpecification","valueRequired":true,"valueName":"search_term_string"}}],"inLanguage":"de"},{"@type":"Organization","@id":"https:\/\/stelfia.com\/#organization","name":"Trottinette \u00e9lectrique lausanne","url":"https:\/\/stelfia.com\/","logo":{"@type":"ImageObject","inLanguage":"de","@id":"https:\/\/stelfia.com\/#\/schema\/logo\/image\/","url":"https:\/\/stelfia.com\/wp-content\/uploads\/2023\/02\/logonew-removebg-preview.png","contentUrl":"https:\/\/stelfia.com\/wp-content\/uploads\/2023\/02\/logonew-removebg-preview.png","width":238,"height":100,"caption":"Trottinette \u00e9lectrique lausanne"},"image":{"@id":"https:\/\/stelfia.com\/#\/schema\/logo\/image\/"}}]}},"_links":{"self":[{"href":"https:\/\/stelfia.com\/de\/wp-json\/wp\/v2\/product\/10735","targetHints":{"allow":["GET"]}}],"collection":[{"href":"https:\/\/stelfia.com\/de\/wp-json\/wp\/v2\/product"}],"about":[{"href":"https:\/\/stelfia.com\/de\/wp-json\/wp\/v2\/types\/product"}],"version-history":[{"count":0,"href":"https:\/\/stelfia.com\/de\/wp-json\/wp\/v2\/product\/10735\/revisions"}],"wp:featuredmedia":[{"embeddable":true,"href":"https:\/\/stelfia.com\/de\/wp-json\/wp\/v2\/media\/10736"}],"wp:attachment":[{"href":"https:\/\/stelfia.com\/de\/wp-json\/wp\/v2\/media?parent=10735"}],"wp:term":[{"taxonomy":"product_brand","embeddable":true,"href":"https:\/\/stelfia.com\/de\/wp-json\/wp\/v2\/product_brand?post=10735"},{"taxonomy":"product_cat","embeddable":true,"href":"https:\/\/stelfia.com\/de\/wp-json\/wp\/v2\/product_cat?post=10735"},{"taxonomy":"product_tag","embeddable":true,"href":"https:\/\/stelfia.com\/de\/wp-json\/wp\/v2\/product_tag?post=10735"},{"taxonomy":"permis--de-conduire","embeddable":true,"href":"https:\/\/stelfia.com\/de\/wp-json\/wp\/v2\/permis--de-conduire?post=10735"},{"taxonomy":"vitesse","embeddable":true,"href":"https:\/\/stelfia.com\/de\/wp-json\/wp\/v2\/vitesse?post=10735"},{"taxonomy":"brands","embeddable":true,"href":"https:\/\/stelfia.com\/de\/wp-json\/wp\/v2\/brands?post=10735"},{"taxonomy":"accessoires","embeddable":true,"href":"https:\/\/stelfia.com\/de\/wp-json\/wp\/v2\/accessoires?post=10735"},{"taxonomy":"pieces-detachees","embeddable":true,"href":"https:\/\/stelfia.com\/de\/wp-json\/wp\/v2\/pieces-detachees?post=10735"},{"taxonomy":"trottinette-electrique","embeddable":true,"href":"https:\/\/stelfia.com\/de\/wp-json\/wp\/v2\/trottinette-electrique?post=10735"},{"taxonomy":"velo","embeddable":true,"href":"https:\/\/stelfia.com\/de\/wp-json\/wp\/v2\/velo?post=10735"}],"curies":[{"name":"wp","href":"https:\/\/api.w.org\/{rel}","templated":true}]}}