{"id":10724,"date":"2023-12-01T11:29:59","date_gmt":"2023-12-01T11:29:59","guid":{"rendered":"https:\/\/stelfia.com\/?post_type=product&#038;p=10724"},"modified":"2024-02-15T09:54:07","modified_gmt":"2024-02-15T09:54:07","slug":"guidon-carbone-720","status":"publish","type":"product","link":"https:\/\/stelfia.com\/de\/shop\/accessories\/guidon-carbone-720\/","title":{"rendered":"Carbon Lenker 720mm"},"content":{"rendered":"","protected":false},"excerpt":{"rendered":"<div id=\"tab-description\" class=\"woocommerce-Tabs-panel woocommerce-Tabs-panel--description panel entry-content wc-tab\" role=\"tabpanel\" aria-labelledby=\"tab-title-description\">\n<h2>Beschreibung<\/h2>\n<p>Der leichte, robuste und \u00e4sthetisch ansprechende 720-mm-Carbon-Lenker ist das perfekte Zubeh\u00f6r f\u00fcr alle, die Wert auf \u00fcberragende Fahrqualit\u00e4t und moderne \u00c4sthetik legen. Bereiten Sie sich auf ein unvergleichliches Fahrerlebnis mit diesem au\u00dfergew\u00f6hnlichen Carbon-Lenker vor.<\/p>\n<\/div>","protected":false},"featured_media":10734,"template":"","meta":{"_uf_show_specific_survey":0,"_uf_disable_surveys":false},"product_brand":[],"product_cat":[20],"product_tag":[332,331,330,333],"permis--de-conduire":[],"vitesse":[],"brands":[],"accessoires":[329],"pieces-detachees":[],"trottinette-electrique":[],"velo":[],"class_list":{"0":"post-10724","1":"product","2":"type-product","3":"status-publish","4":"has-post-thumbnail","6":"product_cat-accessories","7":"product_tag-332","8":"product_tag-carbone","9":"product_tag-guidon","10":"product_tag-guidon-carbone","11":"accessoires-guidon","12":"tm-no-options","14":"first","15":"instock","16":"taxable","17":"shipping-taxable","18":"purchasable","19":"product-type-simple"},"yoast_head":"<!-- This site is optimized with the Yoast SEO plugin v25.8 - https:\/\/yoast.com\/wordpress\/plugins\/seo\/ -->\n<title>Guidon Carbone 720mm - Trottinette \u00e9lectrique<\/title>\n<meta name=\"robots\" content=\"index, follow, max-snippet:-1, max-image-preview:large, max-video-preview:-1\" \/>\n<link rel=\"canonical\" href=\"https:\/\/stelfia.com\/de\/shop\/accessories\/guidon-carbone-720\/\" \/>\n<meta property=\"og:locale\" content=\"de_DE\" \/>\n<meta property=\"og:type\" content=\"article\" \/>\n<meta property=\"og:title\" content=\"Guidon Carbone 720mm - Trottinette \u00e9lectrique\" \/>\n<meta property=\"og:description\" content=\"Description L\u00e9ger, robuste et esth\u00e9tiquement agr\u00e9able, le guidon en carbone de 720 mm est l&#039;accessoire parfait pour ceux qui recherchent une qualit\u00e9 de conduite sup\u00e9rieure et une esth\u00e9tique moderne. Pr\u00e9parez vous \u00e0 vivre une exp\u00e9rience de conduite incomparable avec ce guidon en carbone exceptionnel.\" \/>\n<meta property=\"og:url\" content=\"https:\/\/stelfia.com\/de\/shop\/accessories\/guidon-carbone-720\/\" \/>\n<meta property=\"og:site_name\" content=\"Trottinette \u00e9lectrique\" \/>\n<meta property=\"article:modified_time\" content=\"2024-02-15T09:54:07+00:00\" \/>\n<meta property=\"og:image\" content=\"https:\/\/stelfia.com\/wp-content\/uploads\/2023\/12\/Remade-guidon-carbone.png\" \/>\n\t<meta property=\"og:image:width\" content=\"1080\" \/>\n\t<meta property=\"og:image:height\" content=\"1080\" \/>\n\t<meta property=\"og:image:type\" content=\"image\/png\" \/>\n<meta name=\"twitter:card\" content=\"summary_large_image\" \/>\n<meta name=\"twitter:label1\" content=\"Gesch\u00e4tzte Lesezeit\" \/>\n\t<meta name=\"twitter:data1\" content=\"1\u00a0Minute\" \/>\n<script type=\"application\/ld+json\" class=\"yoast-schema-graph\">{\"@context\":\"https:\/\/schema.org\",\"@graph\":[{\"@type\":\"WebPage\",\"@id\":\"https:\/\/stelfia.com\/shop\/accessories\/guidon-carbone-720\/\",\"url\":\"https:\/\/stelfia.com\/shop\/accessories\/guidon-carbone-720\/\",\"name\":\"Guidon Carbone 720mm - Trottinette \u00e9lectrique\",\"isPartOf\":{\"@id\":\"https:\/\/stelfia.com\/#website\"},\"primaryImageOfPage\":{\"@id\":\"https:\/\/stelfia.com\/shop\/accessories\/guidon-carbone-720\/#primaryimage\"},\"image\":{\"@id\":\"https:\/\/stelfia.com\/shop\/accessories\/guidon-carbone-720\/#primaryimage\"},\"thumbnailUrl\":\"https:\/\/stelfia.com\/wp-content\/uploads\/2023\/12\/Remade-guidon-carbone.png\",\"datePublished\":\"2023-12-01T11:29:59+00:00\",\"dateModified\":\"2024-02-15T09:54:07+00:00\",\"breadcrumb\":{\"@id\":\"https:\/\/stelfia.com\/shop\/accessories\/guidon-carbone-720\/#breadcrumb\"},\"inLanguage\":\"de\",\"potentialAction\":[{\"@type\":\"ReadAction\",\"target\":[\"https:\/\/stelfia.com\/shop\/accessories\/guidon-carbone-720\/\"]}]},{\"@type\":\"ImageObject\",\"inLanguage\":\"de\",\"@id\":\"https:\/\/stelfia.com\/shop\/accessories\/guidon-carbone-720\/#primaryimage\",\"url\":\"https:\/\/stelfia.com\/wp-content\/uploads\/2023\/12\/Remade-guidon-carbone.png\",\"contentUrl\":\"https:\/\/stelfia.com\/wp-content\/uploads\/2023\/12\/Remade-guidon-carbone.png\",\"width\":1080,\"height\":1080},{\"@type\":\"BreadcrumbList\",\"@id\":\"https:\/\/stelfia.com\/shop\/accessories\/guidon-carbone-720\/#breadcrumb\",\"itemListElement\":[{\"@type\":\"ListItem\",\"position\":1,\"name\":\"Accueil\",\"item\":\"https:\/\/stelfia.com\/\"},{\"@type\":\"ListItem\",\"position\":2,\"name\":\"Shop\",\"item\":\"https:\/\/stelfia.com\/shop\/\"},{\"@type\":\"ListItem\",\"position\":3,\"name\":\"Guidon Carbone 720mm\"}]},{\"@type\":\"WebSite\",\"@id\":\"https:\/\/stelfia.com\/#website\",\"url\":\"https:\/\/stelfia.com\/\",\"name\":\"Trottinette \u00e9lectrique\",\"description\":\"Trottinette \u00e9lectrique en Suisse romande\",\"publisher\":{\"@id\":\"https:\/\/stelfia.com\/#organization\"},\"potentialAction\":[{\"@type\":\"SearchAction\",\"target\":{\"@type\":\"EntryPoint\",\"urlTemplate\":\"https:\/\/stelfia.com\/?s={search_term_string}\"},\"query-input\":{\"@type\":\"PropertyValueSpecification\",\"valueRequired\":true,\"valueName\":\"search_term_string\"}}],\"inLanguage\":\"de\"},{\"@type\":\"Organization\",\"@id\":\"https:\/\/stelfia.com\/#organization\",\"name\":\"Trottinette \u00e9lectrique lausanne\",\"url\":\"https:\/\/stelfia.com\/\",\"logo\":{\"@type\":\"ImageObject\",\"inLanguage\":\"de\",\"@id\":\"https:\/\/stelfia.com\/#\/schema\/logo\/image\/\",\"url\":\"https:\/\/stelfia.com\/wp-content\/uploads\/2023\/02\/logonew-removebg-preview.png\",\"contentUrl\":\"https:\/\/stelfia.com\/wp-content\/uploads\/2023\/02\/logonew-removebg-preview.png\",\"width\":238,\"height\":100,\"caption\":\"Trottinette \u00e9lectrique lausanne\"},\"image\":{\"@id\":\"https:\/\/stelfia.com\/#\/schema\/logo\/image\/\"}}]}<\/script>\n<!-- \/ Yoast SEO plugin. -->","yoast_head_json":{"title":"Guidon Carbone 720mm - Trottinette \u00e9lectrique","robots":{"index":"index","follow":"follow","max-snippet":"max-snippet:-1","max-image-preview":"max-image-preview:large","max-video-preview":"max-video-preview:-1"},"canonical":"https:\/\/stelfia.com\/de\/shop\/accessories\/guidon-carbone-720\/","og_locale":"de_DE","og_type":"article","og_title":"Guidon Carbone 720mm - Trottinette \u00e9lectrique","og_description":"Description L\u00e9ger, robuste et esth\u00e9tiquement agr\u00e9able, le guidon en carbone de 720 mm est l'accessoire parfait pour ceux qui recherchent une qualit\u00e9 de conduite sup\u00e9rieure et une esth\u00e9tique moderne. Pr\u00e9parez vous \u00e0 vivre une exp\u00e9rience de conduite incomparable avec ce guidon en carbone exceptionnel.","og_url":"https:\/\/stelfia.com\/de\/shop\/accessories\/guidon-carbone-720\/","og_site_name":"Trottinette \u00e9lectrique","article_modified_time":"2024-02-15T09:54:07+00:00","og_image":[{"width":1080,"height":1080,"url":"https:\/\/stelfia.com\/wp-content\/uploads\/2023\/12\/Remade-guidon-carbone.png","type":"image\/png"}],"twitter_card":"summary_large_image","twitter_misc":{"Gesch\u00e4tzte Lesezeit":"1\u00a0Minute"},"schema":{"@context":"https:\/\/schema.org","@graph":[{"@type":"WebPage","@id":"https:\/\/stelfia.com\/shop\/accessories\/guidon-carbone-720\/","url":"https:\/\/stelfia.com\/shop\/accessories\/guidon-carbone-720\/","name":"Guidon Carbone 720mm - Trottinette \u00e9lectrique","isPartOf":{"@id":"https:\/\/stelfia.com\/#website"},"primaryImageOfPage":{"@id":"https:\/\/stelfia.com\/shop\/accessories\/guidon-carbone-720\/#primaryimage"},"image":{"@id":"https:\/\/stelfia.com\/shop\/accessories\/guidon-carbone-720\/#primaryimage"},"thumbnailUrl":"https:\/\/stelfia.com\/wp-content\/uploads\/2023\/12\/Remade-guidon-carbone.png","datePublished":"2023-12-01T11:29:59+00:00","dateModified":"2024-02-15T09:54:07+00:00","breadcrumb":{"@id":"https:\/\/stelfia.com\/shop\/accessories\/guidon-carbone-720\/#breadcrumb"},"inLanguage":"de","potentialAction":[{"@type":"ReadAction","target":["https:\/\/stelfia.com\/shop\/accessories\/guidon-carbone-720\/"]}]},{"@type":"ImageObject","inLanguage":"de","@id":"https:\/\/stelfia.com\/shop\/accessories\/guidon-carbone-720\/#primaryimage","url":"https:\/\/stelfia.com\/wp-content\/uploads\/2023\/12\/Remade-guidon-carbone.png","contentUrl":"https:\/\/stelfia.com\/wp-content\/uploads\/2023\/12\/Remade-guidon-carbone.png","width":1080,"height":1080},{"@type":"BreadcrumbList","@id":"https:\/\/stelfia.com\/shop\/accessories\/guidon-carbone-720\/#breadcrumb","itemListElement":[{"@type":"ListItem","position":1,"name":"Accueil","item":"https:\/\/stelfia.com\/"},{"@type":"ListItem","position":2,"name":"Shop","item":"https:\/\/stelfia.com\/shop\/"},{"@type":"ListItem","position":3,"name":"Guidon Carbone 720mm"}]},{"@type":"WebSite","@id":"https:\/\/stelfia.com\/#website","url":"https:\/\/stelfia.com\/","name":"Elektroroller","description":"Trottinette \u00e9lectrique en Suisse romande","publisher":{"@id":"https:\/\/stelfia.com\/#organization"},"potentialAction":[{"@type":"SearchAction","target":{"@type":"EntryPoint","urlTemplate":"https:\/\/stelfia.com\/?s={search_term_string}"},"query-input":{"@type":"PropertyValueSpecification","valueRequired":true,"valueName":"search_term_string"}}],"inLanguage":"de"},{"@type":"Organization","@id":"https:\/\/stelfia.com\/#organization","name":"Trottinette \u00e9lectrique lausanne","url":"https:\/\/stelfia.com\/","logo":{"@type":"ImageObject","inLanguage":"de","@id":"https:\/\/stelfia.com\/#\/schema\/logo\/image\/","url":"https:\/\/stelfia.com\/wp-content\/uploads\/2023\/02\/logonew-removebg-preview.png","contentUrl":"https:\/\/stelfia.com\/wp-content\/uploads\/2023\/02\/logonew-removebg-preview.png","width":238,"height":100,"caption":"Trottinette \u00e9lectrique lausanne"},"image":{"@id":"https:\/\/stelfia.com\/#\/schema\/logo\/image\/"}}]}},"_links":{"self":[{"href":"https:\/\/stelfia.com\/de\/wp-json\/wp\/v2\/product\/10724","targetHints":{"allow":["GET"]}}],"collection":[{"href":"https:\/\/stelfia.com\/de\/wp-json\/wp\/v2\/product"}],"about":[{"href":"https:\/\/stelfia.com\/de\/wp-json\/wp\/v2\/types\/product"}],"version-history":[{"count":0,"href":"https:\/\/stelfia.com\/de\/wp-json\/wp\/v2\/product\/10724\/revisions"}],"wp:featuredmedia":[{"embeddable":true,"href":"https:\/\/stelfia.com\/de\/wp-json\/wp\/v2\/media\/10734"}],"wp:attachment":[{"href":"https:\/\/stelfia.com\/de\/wp-json\/wp\/v2\/media?parent=10724"}],"wp:term":[{"taxonomy":"product_brand","embeddable":true,"href":"https:\/\/stelfia.com\/de\/wp-json\/wp\/v2\/product_brand?post=10724"},{"taxonomy":"product_cat","embeddable":true,"href":"https:\/\/stelfia.com\/de\/wp-json\/wp\/v2\/product_cat?post=10724"},{"taxonomy":"product_tag","embeddable":true,"href":"https:\/\/stelfia.com\/de\/wp-json\/wp\/v2\/product_tag?post=10724"},{"taxonomy":"permis--de-conduire","embeddable":true,"href":"https:\/\/stelfia.com\/de\/wp-json\/wp\/v2\/permis--de-conduire?post=10724"},{"taxonomy":"vitesse","embeddable":true,"href":"https:\/\/stelfia.com\/de\/wp-json\/wp\/v2\/vitesse?post=10724"},{"taxonomy":"brands","embeddable":true,"href":"https:\/\/stelfia.com\/de\/wp-json\/wp\/v2\/brands?post=10724"},{"taxonomy":"accessoires","embeddable":true,"href":"https:\/\/stelfia.com\/de\/wp-json\/wp\/v2\/accessoires?post=10724"},{"taxonomy":"pieces-detachees","embeddable":true,"href":"https:\/\/stelfia.com\/de\/wp-json\/wp\/v2\/pieces-detachees?post=10724"},{"taxonomy":"trottinette-electrique","embeddable":true,"href":"https:\/\/stelfia.com\/de\/wp-json\/wp\/v2\/trottinette-electrique?post=10724"},{"taxonomy":"velo","embeddable":true,"href":"https:\/\/stelfia.com\/de\/wp-json\/wp\/v2\/velo?post=10724"}],"curies":[{"name":"wp","href":"https:\/\/api.w.org\/{rel}","templated":true}]}}