{"id":10522,"date":"2023-10-15T13:10:59","date_gmt":"2023-10-15T13:10:59","guid":{"rendered":"https:\/\/stelfia.com\/?post_type=product&#038;p=10522"},"modified":"2026-04-16T16:15:56","modified_gmt":"2026-04-16T16:15:56","slug":"mukuta-8","status":"publish","type":"product","link":"https:\/\/stelfia.com\/de\/shop\/vehicules\/trottinette\/mukuta-8\/","title":{"rendered":"8. Nacht"},"content":{"rendered":"<p>La Mukuta 8 est une trottinette \u00e9lectrique haut de gamme alliant performance, confort et innovation. Dot\u00e9e d\u2019un \u00e9cran couleur et d\u2019une batterie amovible avec verrouillage \u00e9lectronique, elle offre une exp\u00e9rience de conduite moderne et s\u00e9curis\u00e9e.<\/p>\n<p>Batterie: Lithium-Ionen 48 V, 15,6 Ah, herausnehmbar<\/p>\n<p>Motor: B\u00fcrstenlos 500 W<\/p>\n<p>H\u00f6chstgeschwindigkeit: 20 km\/h (M\u00f6glichkeit der Entfesselung, max. 45 km\/h)<\/p>\n<p>Autonomie: Ca. 50 km<\/p>\n<p>R\u00e4der: 8\u2033, nicht aufblasbar (pannensicher), vorne und hinten<\/p>\n<p>Bremse: Scheibenbremse vorn und hinten (Kabel)<\/p>\n<p>Ladezeit: Ca. 6 \u2013 7 Uhr<\/p>\n<p>Gewicht: 24 kg<\/p>\n<p>Maximale Belastung: 120 kg<\/p>\n<p>Neigung: 22\u00b0<\/p>\n<p>Wasserdicht: IP55<\/p>\n<p>Farbe: Schwarz \/ Silber<\/p>\n<p>Abmessungen: 1160 x 660 x 1230 mm<\/p>\n<p>Ma\u00dfe zusammengeklappt: 1160 x 220 x 490 mm<\/p>\n<p>Ausstattung: Herausnehmbarer Akku, zentrales Display, NFC-Karte, Blinker<\/p>\n<p>Zustand: Neu<\/p>\n<p>Garantie: 2 Jahre (ein Jahr auf die Batterie)<\/p>\n<p>&nbsp;<\/p>\n<p><img decoding=\"async\" class=\"alignnone size-full wp-image-9333\" src=\"https:\/\/stelfia.com\/wp-content\/uploads\/2023\/02\/Capture-decran-2023-02-07-155823-300x89-1.jpg\" alt=\"\" width=\"300\" height=\"89\" srcset=\"https:\/\/stelfia.com\/wp-content\/uploads\/2023\/02\/Capture-decran-2023-02-07-155823-300x89-1.jpg 300w, https:\/\/stelfia.com\/wp-content\/uploads\/2023\/02\/Capture-decran-2023-02-07-155823-300x89-1-150x45.jpg 150w\" sizes=\"(max-width: 300px) 100vw, 300px\" \/><\/p>\n<p>Zugelassen auf Schweizer Strassen<\/p>","protected":false},"excerpt":{"rendered":"<p data-start=\"483\" data-end=\"603\"><span style=\"font-size: 12pt;\">Swiss Edition<\/span><\/p>\n<p data-start=\"483\" data-end=\"603\">Explorez la toute nouvelle trottinette \u00e9lectrique Mukuta 8, synonyme de confort, de douceur et d\u2019options in\u00e9gal\u00e9es !<\/p>\n<p data-start=\"605\" data-end=\"904\">Autoris\u00e9e en Suisse, cette cousine de la Vsett red\u00e9finit l\u2019exp\u00e9rience sur deux roues gr\u00e2ce \u00e0 son confort exceptionnel, son \u00e9cran couleur central de nouvelle g\u00e9n\u00e9ration, sa carte NFC et sa batterie amovible avec verrouillage \u00e9lectronique.<\/p>\n<p data-start=\"605\" data-end=\"904\">La s\u00e9duction sur deux roues n\u2019a jamais \u00e9t\u00e9 aussi accessible !<\/p>","protected":false},"featured_media":10524,"template":"","meta":{"_uf_show_specific_survey":0,"_uf_disable_surveys":false},"product_brand":[],"product_cat":[114],"product_tag":[509,603,602,309,311,601],"permis--de-conduire":[],"vitesse":[],"brands":[308],"accessoires":[],"pieces-detachees":[],"trottinette-electrique":[109],"velo":[],"class_list":{"0":"post-10522","1":"product","2":"type-product","3":"status-publish","4":"has-post-thumbnail","6":"product_cat-trottinette","7":"product_tag-batterie-amovible","8":"product_tag-carte-nfc","9":"product_tag-ecran-couleur","10":"product_tag-mukuta","11":"product_tag-mukuta-8","12":"product_tag-trottinette-electrique-haut-de-gamme","13":"brands-mukuta","14":"trottinette-electrique-neuves","15":"tm-has-options","17":"first","18":"instock","19":"sale","20":"taxable","21":"shipping-taxable","22":"purchasable","23":"product-type-simple"},"yoast_head":"<!-- This site is optimized with the Yoast SEO plugin v25.8 - https:\/\/yoast.com\/wordpress\/plugins\/seo\/ -->\n<title>Mukuta 8 | Trottinette \u00e9lectrique haut de gamme avec batterie amovible \u2013 Stelfia<\/title>\n<meta name=\"description\" content=\"D\u00e9couvrez la Mukuta 8, une trottinette \u00e9lectrique haut de gamme \u00e9quip\u00e9e d\u2019un \u00e9cran couleur et d\u2019une batterie amovible s\u00e9curis\u00e9e. Confortable et performante, disponible chez Stelfia \u00e0 Renens, pr\u00e8s de Lausanne.\" \/>\n<meta name=\"robots\" content=\"index, follow, max-snippet:-1, max-image-preview:large, max-video-preview:-1\" \/>\n<link rel=\"canonical\" href=\"https:\/\/stelfia.com\/de\/shop\/vehicules\/trottinette\/mukuta-8\/\" \/>\n<meta property=\"og:locale\" content=\"de_DE\" \/>\n<meta property=\"og:type\" content=\"article\" \/>\n<meta property=\"og:title\" content=\"Mukuta 8 | Trottinette \u00e9lectrique haut de gamme avec batterie amovible \u2013 Stelfia\" \/>\n<meta property=\"og:description\" content=\"D\u00e9couvrez la Mukuta 8, une trottinette \u00e9lectrique haut de gamme \u00e9quip\u00e9e d\u2019un \u00e9cran couleur et d\u2019une batterie amovible s\u00e9curis\u00e9e. Confortable et performante, disponible chez Stelfia \u00e0 Renens, pr\u00e8s de Lausanne.\" \/>\n<meta property=\"og:url\" content=\"https:\/\/stelfia.com\/de\/shop\/vehicules\/trottinette\/mukuta-8\/\" \/>\n<meta property=\"og:site_name\" content=\"Trottinette \u00e9lectrique\" \/>\n<meta property=\"article:modified_time\" content=\"2026-04-16T16:15:56+00:00\" \/>\n<meta property=\"og:image\" content=\"https:\/\/stelfia.com\/wp-content\/uploads\/2023\/10\/Sans-titre-Publication-Instagram-Carre-1.jpg\" \/>\n\t<meta property=\"og:image:width\" content=\"1080\" \/>\n\t<meta property=\"og:image:height\" content=\"1080\" \/>\n\t<meta property=\"og:image:type\" content=\"image\/jpeg\" \/>\n<meta name=\"twitter:card\" content=\"summary_large_image\" \/>\n<meta name=\"twitter:label1\" content=\"Gesch\u00e4tzte Lesezeit\" \/>\n\t<meta name=\"twitter:data1\" content=\"2\u00a0Minuten\" \/>\n<script type=\"application\/ld+json\" class=\"yoast-schema-graph\">{\"@context\":\"https:\/\/schema.org\",\"@graph\":[{\"@type\":\"WebPage\",\"@id\":\"https:\/\/stelfia.com\/shop\/vehicules\/trottinette\/mukuta-8\/\",\"url\":\"https:\/\/stelfia.com\/shop\/vehicules\/trottinette\/mukuta-8\/\",\"name\":\"Mukuta 8 | Trottinette \u00e9lectrique haut de gamme avec batterie amovible \u2013 Stelfia\",\"isPartOf\":{\"@id\":\"https:\/\/stelfia.com\/#website\"},\"primaryImageOfPage\":{\"@id\":\"https:\/\/stelfia.com\/shop\/vehicules\/trottinette\/mukuta-8\/#primaryimage\"},\"image\":{\"@id\":\"https:\/\/stelfia.com\/shop\/vehicules\/trottinette\/mukuta-8\/#primaryimage\"},\"thumbnailUrl\":\"https:\/\/stelfia.com\/wp-content\/uploads\/2023\/10\/Sans-titre-Publication-Instagram-Carre-1.jpg\",\"datePublished\":\"2023-10-15T13:10:59+00:00\",\"dateModified\":\"2026-04-16T16:15:56+00:00\",\"description\":\"D\u00e9couvrez la Mukuta 8, une trottinette \u00e9lectrique haut de gamme \u00e9quip\u00e9e d\u2019un \u00e9cran couleur et d\u2019une batterie amovible s\u00e9curis\u00e9e. Confortable et performante, disponible chez Stelfia \u00e0 Renens, pr\u00e8s de Lausanne.\",\"breadcrumb\":{\"@id\":\"https:\/\/stelfia.com\/shop\/vehicules\/trottinette\/mukuta-8\/#breadcrumb\"},\"inLanguage\":\"de\",\"potentialAction\":[{\"@type\":\"ReadAction\",\"target\":[\"https:\/\/stelfia.com\/shop\/vehicules\/trottinette\/mukuta-8\/\"]}]},{\"@type\":\"ImageObject\",\"inLanguage\":\"de\",\"@id\":\"https:\/\/stelfia.com\/shop\/vehicules\/trottinette\/mukuta-8\/#primaryimage\",\"url\":\"https:\/\/stelfia.com\/wp-content\/uploads\/2023\/10\/Sans-titre-Publication-Instagram-Carre-1.jpg\",\"contentUrl\":\"https:\/\/stelfia.com\/wp-content\/uploads\/2023\/10\/Sans-titre-Publication-Instagram-Carre-1.jpg\",\"width\":1080,\"height\":1080,\"caption\":\"La Mukuta 8, une trottinette \u00e9lectrique performante et innovante.\"},{\"@type\":\"BreadcrumbList\",\"@id\":\"https:\/\/stelfia.com\/shop\/vehicules\/trottinette\/mukuta-8\/#breadcrumb\",\"itemListElement\":[{\"@type\":\"ListItem\",\"position\":1,\"name\":\"Accueil\",\"item\":\"https:\/\/stelfia.com\/\"},{\"@type\":\"ListItem\",\"position\":2,\"name\":\"Shop\",\"item\":\"https:\/\/stelfia.com\/shop\/\"},{\"@type\":\"ListItem\",\"position\":3,\"name\":\"Mukuta 8\"}]},{\"@type\":\"WebSite\",\"@id\":\"https:\/\/stelfia.com\/#website\",\"url\":\"https:\/\/stelfia.com\/\",\"name\":\"Trottinette \u00e9lectrique\",\"description\":\"Trottinette \u00e9lectrique en Suisse romande\",\"publisher\":{\"@id\":\"https:\/\/stelfia.com\/#organization\"},\"potentialAction\":[{\"@type\":\"SearchAction\",\"target\":{\"@type\":\"EntryPoint\",\"urlTemplate\":\"https:\/\/stelfia.com\/?s={search_term_string}\"},\"query-input\":{\"@type\":\"PropertyValueSpecification\",\"valueRequired\":true,\"valueName\":\"search_term_string\"}}],\"inLanguage\":\"de\"},{\"@type\":\"Organization\",\"@id\":\"https:\/\/stelfia.com\/#organization\",\"name\":\"Trottinette \u00e9lectrique lausanne\",\"url\":\"https:\/\/stelfia.com\/\",\"logo\":{\"@type\":\"ImageObject\",\"inLanguage\":\"de\",\"@id\":\"https:\/\/stelfia.com\/#\/schema\/logo\/image\/\",\"url\":\"https:\/\/stelfia.com\/wp-content\/uploads\/2023\/02\/logonew-removebg-preview.png\",\"contentUrl\":\"https:\/\/stelfia.com\/wp-content\/uploads\/2023\/02\/logonew-removebg-preview.png\",\"width\":238,\"height\":100,\"caption\":\"Trottinette \u00e9lectrique lausanne\"},\"image\":{\"@id\":\"https:\/\/stelfia.com\/#\/schema\/logo\/image\/\"}}]}<\/script>\n<!-- \/ Yoast SEO plugin. -->","yoast_head_json":{"title":"Mukuta 8 | Trottinette \u00e9lectrique haut de gamme avec batterie amovible \u2013 Stelfia","description":"D\u00e9couvrez la Mukuta 8, une trottinette \u00e9lectrique haut de gamme \u00e9quip\u00e9e d\u2019un \u00e9cran couleur et d\u2019une batterie amovible s\u00e9curis\u00e9e. Confortable et performante, disponible chez Stelfia \u00e0 Renens, pr\u00e8s de Lausanne.","robots":{"index":"index","follow":"follow","max-snippet":"max-snippet:-1","max-image-preview":"max-image-preview:large","max-video-preview":"max-video-preview:-1"},"canonical":"https:\/\/stelfia.com\/de\/shop\/vehicules\/trottinette\/mukuta-8\/","og_locale":"de_DE","og_type":"article","og_title":"Mukuta 8 | Trottinette \u00e9lectrique haut de gamme avec batterie amovible \u2013 Stelfia","og_description":"D\u00e9couvrez la Mukuta 8, une trottinette \u00e9lectrique haut de gamme \u00e9quip\u00e9e d\u2019un \u00e9cran couleur et d\u2019une batterie amovible s\u00e9curis\u00e9e. Confortable et performante, disponible chez Stelfia \u00e0 Renens, pr\u00e8s de Lausanne.","og_url":"https:\/\/stelfia.com\/de\/shop\/vehicules\/trottinette\/mukuta-8\/","og_site_name":"Trottinette \u00e9lectrique","article_modified_time":"2026-04-16T16:15:56+00:00","og_image":[{"width":1080,"height":1080,"url":"https:\/\/stelfia.com\/wp-content\/uploads\/2023\/10\/Sans-titre-Publication-Instagram-Carre-1.jpg","type":"image\/jpeg"}],"twitter_card":"summary_large_image","twitter_misc":{"Gesch\u00e4tzte Lesezeit":"2\u00a0Minuten"},"schema":{"@context":"https:\/\/schema.org","@graph":[{"@type":"WebPage","@id":"https:\/\/stelfia.com\/shop\/vehicules\/trottinette\/mukuta-8\/","url":"https:\/\/stelfia.com\/shop\/vehicules\/trottinette\/mukuta-8\/","name":"Mukuta 8 | Trottinette \u00e9lectrique haut de gamme avec batterie amovible \u2013 Stelfia","isPartOf":{"@id":"https:\/\/stelfia.com\/#website"},"primaryImageOfPage":{"@id":"https:\/\/stelfia.com\/shop\/vehicules\/trottinette\/mukuta-8\/#primaryimage"},"image":{"@id":"https:\/\/stelfia.com\/shop\/vehicules\/trottinette\/mukuta-8\/#primaryimage"},"thumbnailUrl":"https:\/\/stelfia.com\/wp-content\/uploads\/2023\/10\/Sans-titre-Publication-Instagram-Carre-1.jpg","datePublished":"2023-10-15T13:10:59+00:00","dateModified":"2026-04-16T16:15:56+00:00","description":"D\u00e9couvrez la Mukuta 8, une trottinette \u00e9lectrique haut de gamme \u00e9quip\u00e9e d\u2019un \u00e9cran couleur et d\u2019une batterie amovible s\u00e9curis\u00e9e. Confortable et performante, disponible chez Stelfia \u00e0 Renens, pr\u00e8s de Lausanne.","breadcrumb":{"@id":"https:\/\/stelfia.com\/shop\/vehicules\/trottinette\/mukuta-8\/#breadcrumb"},"inLanguage":"de","potentialAction":[{"@type":"ReadAction","target":["https:\/\/stelfia.com\/shop\/vehicules\/trottinette\/mukuta-8\/"]}]},{"@type":"ImageObject","inLanguage":"de","@id":"https:\/\/stelfia.com\/shop\/vehicules\/trottinette\/mukuta-8\/#primaryimage","url":"https:\/\/stelfia.com\/wp-content\/uploads\/2023\/10\/Sans-titre-Publication-Instagram-Carre-1.jpg","contentUrl":"https:\/\/stelfia.com\/wp-content\/uploads\/2023\/10\/Sans-titre-Publication-Instagram-Carre-1.jpg","width":1080,"height":1080,"caption":"La Mukuta 8, une trottinette \u00e9lectrique performante et innovante."},{"@type":"BreadcrumbList","@id":"https:\/\/stelfia.com\/shop\/vehicules\/trottinette\/mukuta-8\/#breadcrumb","itemListElement":[{"@type":"ListItem","position":1,"name":"Accueil","item":"https:\/\/stelfia.com\/"},{"@type":"ListItem","position":2,"name":"Shop","item":"https:\/\/stelfia.com\/shop\/"},{"@type":"ListItem","position":3,"name":"Mukuta 8"}]},{"@type":"WebSite","@id":"https:\/\/stelfia.com\/#website","url":"https:\/\/stelfia.com\/","name":"Elektroroller","description":"Trottinette \u00e9lectrique en Suisse romande","publisher":{"@id":"https:\/\/stelfia.com\/#organization"},"potentialAction":[{"@type":"SearchAction","target":{"@type":"EntryPoint","urlTemplate":"https:\/\/stelfia.com\/?s={search_term_string}"},"query-input":{"@type":"PropertyValueSpecification","valueRequired":true,"valueName":"search_term_string"}}],"inLanguage":"de"},{"@type":"Organization","@id":"https:\/\/stelfia.com\/#organization","name":"Trottinette \u00e9lectrique lausanne","url":"https:\/\/stelfia.com\/","logo":{"@type":"ImageObject","inLanguage":"de","@id":"https:\/\/stelfia.com\/#\/schema\/logo\/image\/","url":"https:\/\/stelfia.com\/wp-content\/uploads\/2023\/02\/logonew-removebg-preview.png","contentUrl":"https:\/\/stelfia.com\/wp-content\/uploads\/2023\/02\/logonew-removebg-preview.png","width":238,"height":100,"caption":"Trottinette \u00e9lectrique lausanne"},"image":{"@id":"https:\/\/stelfia.com\/#\/schema\/logo\/image\/"}}]}},"_links":{"self":[{"href":"https:\/\/stelfia.com\/de\/wp-json\/wp\/v2\/product\/10522","targetHints":{"allow":["GET"]}}],"collection":[{"href":"https:\/\/stelfia.com\/de\/wp-json\/wp\/v2\/product"}],"about":[{"href":"https:\/\/stelfia.com\/de\/wp-json\/wp\/v2\/types\/product"}],"version-history":[{"count":0,"href":"https:\/\/stelfia.com\/de\/wp-json\/wp\/v2\/product\/10522\/revisions"}],"wp:featuredmedia":[{"embeddable":true,"href":"https:\/\/stelfia.com\/de\/wp-json\/wp\/v2\/media\/10524"}],"wp:attachment":[{"href":"https:\/\/stelfia.com\/de\/wp-json\/wp\/v2\/media?parent=10522"}],"wp:term":[{"taxonomy":"product_brand","embeddable":true,"href":"https:\/\/stelfia.com\/de\/wp-json\/wp\/v2\/product_brand?post=10522"},{"taxonomy":"product_cat","embeddable":true,"href":"https:\/\/stelfia.com\/de\/wp-json\/wp\/v2\/product_cat?post=10522"},{"taxonomy":"product_tag","embeddable":true,"href":"https:\/\/stelfia.com\/de\/wp-json\/wp\/v2\/product_tag?post=10522"},{"taxonomy":"permis--de-conduire","embeddable":true,"href":"https:\/\/stelfia.com\/de\/wp-json\/wp\/v2\/permis--de-conduire?post=10522"},{"taxonomy":"vitesse","embeddable":true,"href":"https:\/\/stelfia.com\/de\/wp-json\/wp\/v2\/vitesse?post=10522"},{"taxonomy":"brands","embeddable":true,"href":"https:\/\/stelfia.com\/de\/wp-json\/wp\/v2\/brands?post=10522"},{"taxonomy":"accessoires","embeddable":true,"href":"https:\/\/stelfia.com\/de\/wp-json\/wp\/v2\/accessoires?post=10522"},{"taxonomy":"pieces-detachees","embeddable":true,"href":"https:\/\/stelfia.com\/de\/wp-json\/wp\/v2\/pieces-detachees?post=10522"},{"taxonomy":"trottinette-electrique","embeddable":true,"href":"https:\/\/stelfia.com\/de\/wp-json\/wp\/v2\/trottinette-electrique?post=10522"},{"taxonomy":"velo","embeddable":true,"href":"https:\/\/stelfia.com\/de\/wp-json\/wp\/v2\/velo?post=10522"}],"curies":[{"name":"wp","href":"https:\/\/api.w.org\/{rel}","templated":true}]}}