{"id":10498,"date":"2023-10-15T11:54:52","date_gmt":"2023-10-15T11:54:52","guid":{"rendered":"https:\/\/stelfia.com\/?post_type=product&#038;p=10498"},"modified":"2026-04-16T16:17:37","modified_gmt":"2026-04-16T16:17:37","slug":"mukuta-9-plus","status":"publish","type":"product","link":"https:\/\/stelfia.com\/de\/shop\/vehicules\/trottinette\/mukuta-9-plus\/","title":{"rendered":"Mukuta 9 Plus"},"content":{"rendered":"<p data-start=\"169\" data-end=\"440\">La Mukuta 9 Plus est une trottinette \u00e9lectrique haut de gamme offrant un \u00e9quilibre parfait entre puissance, confort et innovation. Dot\u00e9e d\u2019une batterie amovible avec verrouillage \u00e9lectronique, elle garantit une exp\u00e9rience de conduite souple, s\u00e9curis\u00e9e et performante.<\/p>\n<p>Batterie: Lithium-Ionen 48 V, 15,6 Ah\/19,2 Ah, herausnehmbar<\/p>\n<p>Motor: B\u00fcrstenlos 2x 250W<\/p>\n<p>H\u00f6chstgeschwindigkeit: 20 km\/h (M\u00f6glichkeit der Entfesselung, max. 45 km\/h)<\/p>\n<p>Autonomie: Ca. 50 km<\/p>\n<p>R\u00e4der: 9\u2033, aufblasbar, vorne und hinten, schlauchlos<\/p>\n<p>Bremse: Scheiben (hydraulisch) vorn und hinten<\/p>\n<p>Ladezeit: Ca. 6 \u2013 7 Uhr<\/p>\n<p>Gewicht: 33,5 kg<\/p>\n<p>Maximale Belastung: 120 kg<\/p>\n<p>Pisten: Ca. 25\u00b0<\/p>\n<p>Wasserdicht: IP55<\/p>\n<p>Farbe: Schwarz \/ Gold<\/p>\n<p>Abmessungen: 1260 x 675 x 1280 mm<\/p>\n<p>Ma\u00dfe zusammengeklappt: 1260 x 210 x 540 mm<\/p>\n<p>Ausstattung: Herausnehmbarer Akku, zentrales Display, NFC-Karte, Blinker<\/p>\n<p>Zustand: Neu<\/p>\n<p>Garantie: 2 Jahre (ein Jahr auf die Batterie)<\/p>\n<p>&nbsp;<\/p>\n<p><img decoding=\"async\" src=\"https:\/\/stelfia.com\/wp-content\/uploads\/2024\/01\/homologuee-1.webp\" \/><\/p>\n<p>Zugelassen f\u00fcr Schweizer Strassen<\/p>","protected":false},"excerpt":{"rendered":"<p class=\"product_title entry-title wd-entities-title\"><span style=\"font-size: 12pt;\">Swiss Edition<\/span><\/p>\n<p>D\u00e9couvrez la Mukuta 9 Plus, une trottinette \u00e9lectrique premium con\u00e7ue pour offrir une conduite souple, confortable et s\u00e9curis\u00e9e.<\/p>\n<p>Sa finition haut de gamme, sa batterie amovible verrouillable \u00e9lectroniquement et ses performances exceptionnelles en font le choix id\u00e9al pour les d\u00e9placements urbains exigeants.<\/p>","protected":false},"featured_media":11325,"template":"","meta":{"_uf_show_specific_survey":0,"_uf_disable_surveys":false},"product_brand":[],"product_cat":[114],"product_tag":[509,604,491,309,310,601],"permis--de-conduire":[],"vitesse":[],"brands":[308],"accessoires":[],"pieces-detachees":[],"trottinette-electrique":[109],"velo":[],"class_list":{"0":"post-10498","1":"product","2":"type-product","3":"status-publish","4":"has-post-thumbnail","6":"product_cat-trottinette","7":"product_tag-batterie-amovible","8":"product_tag-confort-premium","9":"product_tag-mobilite-electrique","10":"product_tag-mukuta","11":"product_tag-mukuta-9-plus","12":"product_tag-trottinette-electrique-haut-de-gamme","13":"brands-mukuta","14":"trottinette-electrique-neuves","15":"tm-has-options","17":"first","18":"instock","19":"taxable","20":"shipping-taxable","21":"purchasable","22":"product-type-simple"},"yoast_head":"<!-- This site is optimized with the Yoast SEO plugin v25.8 - https:\/\/yoast.com\/wordpress\/plugins\/seo\/ -->\n<title>Mukuta 9 Plus | Trottinette \u00e9lectrique haut de gamme \u00e0 batterie amovible \u2013 Stelfia<\/title>\n<meta name=\"description\" content=\"D\u00e9couvrez la Mukuta 9 Plus, une trottinette \u00e9lectrique haut de gamme alliant confort, souplesse et performance. \u00c9quip\u00e9e d\u2019une batterie amovible avec verrouillage \u00e9lectronique, elle est disponible chez Stelfia \u00e0 Renens, pr\u00e8s de Lausanne.\" \/>\n<meta name=\"robots\" content=\"index, follow, max-snippet:-1, max-image-preview:large, max-video-preview:-1\" \/>\n<link rel=\"canonical\" href=\"https:\/\/stelfia.com\/de\/shop\/vehicules\/trottinette\/mukuta-9-plus\/\" \/>\n<meta property=\"og:locale\" content=\"de_DE\" \/>\n<meta property=\"og:type\" content=\"article\" \/>\n<meta property=\"og:title\" content=\"Mukuta 9 Plus | Trottinette \u00e9lectrique haut de gamme \u00e0 batterie amovible \u2013 Stelfia\" \/>\n<meta property=\"og:description\" content=\"D\u00e9couvrez la Mukuta 9 Plus, une trottinette \u00e9lectrique haut de gamme alliant confort, souplesse et performance. \u00c9quip\u00e9e d\u2019une batterie amovible avec verrouillage \u00e9lectronique, elle est disponible chez Stelfia \u00e0 Renens, pr\u00e8s de Lausanne.\" \/>\n<meta property=\"og:url\" content=\"https:\/\/stelfia.com\/de\/shop\/vehicules\/trottinette\/mukuta-9-plus\/\" \/>\n<meta property=\"og:site_name\" content=\"Trottinette \u00e9lectrique\" \/>\n<meta property=\"article:modified_time\" content=\"2026-04-16T16:17:37+00:00\" \/>\n<meta property=\"og:image\" content=\"https:\/\/stelfia.com\/wp-content\/uploads\/2023\/10\/1-1.jpg\" \/>\n\t<meta property=\"og:image:width\" content=\"1000\" \/>\n\t<meta property=\"og:image:height\" content=\"1000\" \/>\n\t<meta property=\"og:image:type\" content=\"image\/jpeg\" \/>\n<meta name=\"twitter:card\" content=\"summary_large_image\" \/>\n<meta name=\"twitter:label1\" content=\"Gesch\u00e4tzte Lesezeit\" \/>\n\t<meta name=\"twitter:data1\" content=\"2\u00a0Minuten\" \/>\n<script type=\"application\/ld+json\" class=\"yoast-schema-graph\">{\"@context\":\"https:\/\/schema.org\",\"@graph\":[{\"@type\":\"WebPage\",\"@id\":\"https:\/\/stelfia.com\/shop\/vehicules\/trottinette\/mukuta-9-plus\/\",\"url\":\"https:\/\/stelfia.com\/shop\/vehicules\/trottinette\/mukuta-9-plus\/\",\"name\":\"Mukuta 9 Plus | Trottinette \u00e9lectrique haut de gamme \u00e0 batterie amovible \u2013 Stelfia\",\"isPartOf\":{\"@id\":\"https:\/\/stelfia.com\/#website\"},\"primaryImageOfPage\":{\"@id\":\"https:\/\/stelfia.com\/shop\/vehicules\/trottinette\/mukuta-9-plus\/#primaryimage\"},\"image\":{\"@id\":\"https:\/\/stelfia.com\/shop\/vehicules\/trottinette\/mukuta-9-plus\/#primaryimage\"},\"thumbnailUrl\":\"https:\/\/stelfia.com\/wp-content\/uploads\/2023\/10\/1-1.jpg\",\"datePublished\":\"2023-10-15T11:54:52+00:00\",\"dateModified\":\"2026-04-16T16:17:37+00:00\",\"description\":\"D\u00e9couvrez la Mukuta 9 Plus, une trottinette \u00e9lectrique haut de gamme alliant confort, souplesse et performance. \u00c9quip\u00e9e d\u2019une batterie amovible avec verrouillage \u00e9lectronique, elle est disponible chez Stelfia \u00e0 Renens, pr\u00e8s de Lausanne.\",\"breadcrumb\":{\"@id\":\"https:\/\/stelfia.com\/shop\/vehicules\/trottinette\/mukuta-9-plus\/#breadcrumb\"},\"inLanguage\":\"de\",\"potentialAction\":[{\"@type\":\"ReadAction\",\"target\":[\"https:\/\/stelfia.com\/shop\/vehicules\/trottinette\/mukuta-9-plus\/\"]}]},{\"@type\":\"ImageObject\",\"inLanguage\":\"de\",\"@id\":\"https:\/\/stelfia.com\/shop\/vehicules\/trottinette\/mukuta-9-plus\/#primaryimage\",\"url\":\"https:\/\/stelfia.com\/wp-content\/uploads\/2023\/10\/1-1.jpg\",\"contentUrl\":\"https:\/\/stelfia.com\/wp-content\/uploads\/2023\/10\/1-1.jpg\",\"width\":1000,\"height\":1000,\"caption\":\"La Mukuta 9 Plus, l\u2019alliance parfaite entre confort, puissance et \u00e9l\u00e9gance.\"},{\"@type\":\"BreadcrumbList\",\"@id\":\"https:\/\/stelfia.com\/shop\/vehicules\/trottinette\/mukuta-9-plus\/#breadcrumb\",\"itemListElement\":[{\"@type\":\"ListItem\",\"position\":1,\"name\":\"Accueil\",\"item\":\"https:\/\/stelfia.com\/\"},{\"@type\":\"ListItem\",\"position\":2,\"name\":\"Shop\",\"item\":\"https:\/\/stelfia.com\/shop\/\"},{\"@type\":\"ListItem\",\"position\":3,\"name\":\"Mukuta 9 Plus\"}]},{\"@type\":\"WebSite\",\"@id\":\"https:\/\/stelfia.com\/#website\",\"url\":\"https:\/\/stelfia.com\/\",\"name\":\"Trottinette \u00e9lectrique\",\"description\":\"Trottinette \u00e9lectrique en Suisse romande\",\"publisher\":{\"@id\":\"https:\/\/stelfia.com\/#organization\"},\"potentialAction\":[{\"@type\":\"SearchAction\",\"target\":{\"@type\":\"EntryPoint\",\"urlTemplate\":\"https:\/\/stelfia.com\/?s={search_term_string}\"},\"query-input\":{\"@type\":\"PropertyValueSpecification\",\"valueRequired\":true,\"valueName\":\"search_term_string\"}}],\"inLanguage\":\"de\"},{\"@type\":\"Organization\",\"@id\":\"https:\/\/stelfia.com\/#organization\",\"name\":\"Trottinette \u00e9lectrique lausanne\",\"url\":\"https:\/\/stelfia.com\/\",\"logo\":{\"@type\":\"ImageObject\",\"inLanguage\":\"de\",\"@id\":\"https:\/\/stelfia.com\/#\/schema\/logo\/image\/\",\"url\":\"https:\/\/stelfia.com\/wp-content\/uploads\/2023\/02\/logonew-removebg-preview.png\",\"contentUrl\":\"https:\/\/stelfia.com\/wp-content\/uploads\/2023\/02\/logonew-removebg-preview.png\",\"width\":238,\"height\":100,\"caption\":\"Trottinette \u00e9lectrique lausanne\"},\"image\":{\"@id\":\"https:\/\/stelfia.com\/#\/schema\/logo\/image\/\"}}]}<\/script>\n<!-- \/ Yoast SEO plugin. -->","yoast_head_json":{"title":"Mukuta 9 Plus | Trottinette \u00e9lectrique haut de gamme \u00e0 batterie amovible \u2013 Stelfia","description":"D\u00e9couvrez la Mukuta 9 Plus, une trottinette \u00e9lectrique haut de gamme alliant confort, souplesse et performance. \u00c9quip\u00e9e d\u2019une batterie amovible avec verrouillage \u00e9lectronique, elle est disponible chez Stelfia \u00e0 Renens, pr\u00e8s de Lausanne.","robots":{"index":"index","follow":"follow","max-snippet":"max-snippet:-1","max-image-preview":"max-image-preview:large","max-video-preview":"max-video-preview:-1"},"canonical":"https:\/\/stelfia.com\/de\/shop\/vehicules\/trottinette\/mukuta-9-plus\/","og_locale":"de_DE","og_type":"article","og_title":"Mukuta 9 Plus | Trottinette \u00e9lectrique haut de gamme \u00e0 batterie amovible \u2013 Stelfia","og_description":"D\u00e9couvrez la Mukuta 9 Plus, une trottinette \u00e9lectrique haut de gamme alliant confort, souplesse et performance. \u00c9quip\u00e9e d\u2019une batterie amovible avec verrouillage \u00e9lectronique, elle est disponible chez Stelfia \u00e0 Renens, pr\u00e8s de Lausanne.","og_url":"https:\/\/stelfia.com\/de\/shop\/vehicules\/trottinette\/mukuta-9-plus\/","og_site_name":"Trottinette \u00e9lectrique","article_modified_time":"2026-04-16T16:17:37+00:00","og_image":[{"width":1000,"height":1000,"url":"https:\/\/stelfia.com\/wp-content\/uploads\/2023\/10\/1-1.jpg","type":"image\/jpeg"}],"twitter_card":"summary_large_image","twitter_misc":{"Gesch\u00e4tzte Lesezeit":"2\u00a0Minuten"},"schema":{"@context":"https:\/\/schema.org","@graph":[{"@type":"WebPage","@id":"https:\/\/stelfia.com\/shop\/vehicules\/trottinette\/mukuta-9-plus\/","url":"https:\/\/stelfia.com\/shop\/vehicules\/trottinette\/mukuta-9-plus\/","name":"Mukuta 9 Plus | Trottinette \u00e9lectrique haut de gamme \u00e0 batterie amovible \u2013 Stelfia","isPartOf":{"@id":"https:\/\/stelfia.com\/#website"},"primaryImageOfPage":{"@id":"https:\/\/stelfia.com\/shop\/vehicules\/trottinette\/mukuta-9-plus\/#primaryimage"},"image":{"@id":"https:\/\/stelfia.com\/shop\/vehicules\/trottinette\/mukuta-9-plus\/#primaryimage"},"thumbnailUrl":"https:\/\/stelfia.com\/wp-content\/uploads\/2023\/10\/1-1.jpg","datePublished":"2023-10-15T11:54:52+00:00","dateModified":"2026-04-16T16:17:37+00:00","description":"D\u00e9couvrez la Mukuta 9 Plus, une trottinette \u00e9lectrique haut de gamme alliant confort, souplesse et performance. \u00c9quip\u00e9e d\u2019une batterie amovible avec verrouillage \u00e9lectronique, elle est disponible chez Stelfia \u00e0 Renens, pr\u00e8s de Lausanne.","breadcrumb":{"@id":"https:\/\/stelfia.com\/shop\/vehicules\/trottinette\/mukuta-9-plus\/#breadcrumb"},"inLanguage":"de","potentialAction":[{"@type":"ReadAction","target":["https:\/\/stelfia.com\/shop\/vehicules\/trottinette\/mukuta-9-plus\/"]}]},{"@type":"ImageObject","inLanguage":"de","@id":"https:\/\/stelfia.com\/shop\/vehicules\/trottinette\/mukuta-9-plus\/#primaryimage","url":"https:\/\/stelfia.com\/wp-content\/uploads\/2023\/10\/1-1.jpg","contentUrl":"https:\/\/stelfia.com\/wp-content\/uploads\/2023\/10\/1-1.jpg","width":1000,"height":1000,"caption":"La Mukuta 9 Plus, l\u2019alliance parfaite entre confort, puissance et \u00e9l\u00e9gance."},{"@type":"BreadcrumbList","@id":"https:\/\/stelfia.com\/shop\/vehicules\/trottinette\/mukuta-9-plus\/#breadcrumb","itemListElement":[{"@type":"ListItem","position":1,"name":"Accueil","item":"https:\/\/stelfia.com\/"},{"@type":"ListItem","position":2,"name":"Shop","item":"https:\/\/stelfia.com\/shop\/"},{"@type":"ListItem","position":3,"name":"Mukuta 9 Plus"}]},{"@type":"WebSite","@id":"https:\/\/stelfia.com\/#website","url":"https:\/\/stelfia.com\/","name":"Elektroroller","description":"Trottinette \u00e9lectrique en Suisse romande","publisher":{"@id":"https:\/\/stelfia.com\/#organization"},"potentialAction":[{"@type":"SearchAction","target":{"@type":"EntryPoint","urlTemplate":"https:\/\/stelfia.com\/?s={search_term_string}"},"query-input":{"@type":"PropertyValueSpecification","valueRequired":true,"valueName":"search_term_string"}}],"inLanguage":"de"},{"@type":"Organization","@id":"https:\/\/stelfia.com\/#organization","name":"Trottinette \u00e9lectrique lausanne","url":"https:\/\/stelfia.com\/","logo":{"@type":"ImageObject","inLanguage":"de","@id":"https:\/\/stelfia.com\/#\/schema\/logo\/image\/","url":"https:\/\/stelfia.com\/wp-content\/uploads\/2023\/02\/logonew-removebg-preview.png","contentUrl":"https:\/\/stelfia.com\/wp-content\/uploads\/2023\/02\/logonew-removebg-preview.png","width":238,"height":100,"caption":"Trottinette \u00e9lectrique lausanne"},"image":{"@id":"https:\/\/stelfia.com\/#\/schema\/logo\/image\/"}}]}},"_links":{"self":[{"href":"https:\/\/stelfia.com\/de\/wp-json\/wp\/v2\/product\/10498","targetHints":{"allow":["GET"]}}],"collection":[{"href":"https:\/\/stelfia.com\/de\/wp-json\/wp\/v2\/product"}],"about":[{"href":"https:\/\/stelfia.com\/de\/wp-json\/wp\/v2\/types\/product"}],"version-history":[{"count":0,"href":"https:\/\/stelfia.com\/de\/wp-json\/wp\/v2\/product\/10498\/revisions"}],"wp:featuredmedia":[{"embeddable":true,"href":"https:\/\/stelfia.com\/de\/wp-json\/wp\/v2\/media\/11325"}],"wp:attachment":[{"href":"https:\/\/stelfia.com\/de\/wp-json\/wp\/v2\/media?parent=10498"}],"wp:term":[{"taxonomy":"product_brand","embeddable":true,"href":"https:\/\/stelfia.com\/de\/wp-json\/wp\/v2\/product_brand?post=10498"},{"taxonomy":"product_cat","embeddable":true,"href":"https:\/\/stelfia.com\/de\/wp-json\/wp\/v2\/product_cat?post=10498"},{"taxonomy":"product_tag","embeddable":true,"href":"https:\/\/stelfia.com\/de\/wp-json\/wp\/v2\/product_tag?post=10498"},{"taxonomy":"permis--de-conduire","embeddable":true,"href":"https:\/\/stelfia.com\/de\/wp-json\/wp\/v2\/permis--de-conduire?post=10498"},{"taxonomy":"vitesse","embeddable":true,"href":"https:\/\/stelfia.com\/de\/wp-json\/wp\/v2\/vitesse?post=10498"},{"taxonomy":"brands","embeddable":true,"href":"https:\/\/stelfia.com\/de\/wp-json\/wp\/v2\/brands?post=10498"},{"taxonomy":"accessoires","embeddable":true,"href":"https:\/\/stelfia.com\/de\/wp-json\/wp\/v2\/accessoires?post=10498"},{"taxonomy":"pieces-detachees","embeddable":true,"href":"https:\/\/stelfia.com\/de\/wp-json\/wp\/v2\/pieces-detachees?post=10498"},{"taxonomy":"trottinette-electrique","embeddable":true,"href":"https:\/\/stelfia.com\/de\/wp-json\/wp\/v2\/trottinette-electrique?post=10498"},{"taxonomy":"velo","embeddable":true,"href":"https:\/\/stelfia.com\/de\/wp-json\/wp\/v2\/velo?post=10498"}],"curies":[{"name":"wp","href":"https:\/\/api.w.org\/{rel}","templated":true}]}}