{"id":10386,"date":"2023-06-04T10:06:10","date_gmt":"2023-06-04T10:06:10","guid":{"rendered":"https:\/\/stelfia.com\/?post_type=product&#038;p=10386"},"modified":"2026-03-25T17:05:54","modified_gmt":"2026-03-25T17:05:54","slug":"mangosteen-m1ps-e-chopper-electrique","status":"publish","type":"product","link":"https:\/\/stelfia.com\/de\/shop\/vehicules\/chopper\/mangosteen-m1ps-e-chopper-electrique\/","title":{"rendered":"Mangostan M1PS"},"content":{"rendered":"<p>Le Mangosteen M1PS est un e-chopper \u00e9lectrique au style unique, offrant une position de conduite basse et une sensation de roulage incomparable. Puissant et confortable, il combine design type custom et mobilit\u00e9 \u00e9lectrique moderne.<\/p>\n<p>Batterie: Samsung 72 V, 40 Ah Batterie<\/p>\n<p>Motor: B\u00fcrstenlos 4000 W<\/p>\n<p>H\u00f6chstgeschwindigkeit: 80 km\/h<\/p>\n<p>Autonomie: 100 km<\/p>\n<p>R\u00e4der: Vorne 130\/70-12 \u2013 Hinten 215\/40-12<\/p>\n<p>Bremse: Scheiben vorn und hinten (hydraulisch)<\/p>\n<p>Ladezeit: Ca. 4 h<\/p>\n<p>Ladebuchse: Standard 230V<\/p>\n<p>Gewicht: 95 kg<\/p>\n<p>Maximale Belastung: 130 kg<\/p>\n<p>Wasserdicht: IPX5<\/p>\n<p>Couleur :\u00a0\u00a0\u00a0\u00a0\u00a0\u00a0\u00a0\u00a0\u00a0\u00a0\u00a0\u00a0\u00a0\u00a0\u00a0\u00a0\u00a0\u00a0\u00a0\u00a0\u00a0\u00a0\u00a0 Noir, bordeaux<\/p>\n<p>Abmessungen: 2100 x 820 x 1200 mm<\/p>\n<p>Anzahl Pl\u00e4tze: 1<\/p>\n<p>Kategorie: \u00c4quivalent 125 cm3<\/p>\n<p>F\u00fchrerschein: A1<\/p>\n<p>\u00c9quipement :\u00a0 \u00a0 \u00a0 \u00a0 \u00a0 \u00a0 \u00a0 \u00a0 \u00a0Batterie amovible<\/p>\n<p>Zustand: Neu<\/p>\n<p>Garantie: 2 Jahre (ein Jahr auf die Batterie)<\/p>\n<p>Zugelassen f\u00fcr Schweizer Strassen<\/p>","protected":false},"excerpt":{"rendered":"<p>Le Mangosteen M1PS est un chopper \u00e9lectrique au look embl\u00e9matique et \u00e0 la position de conduite tr\u00e8s basse.<\/p>\n<p>Son moteur puissant et ses pneus larges offrent une exp\u00e9rience de roulage proche d\u2019un cruiser, avec le silence et la modernit\u00e9 de l\u2019\u00e9lectrique.<\/p>\n<p>Existe \u00e9galement en version 45 km\/h plaque jaune.<\/p>\n<p>Disponible chez Stelfia \u00e0 Renens.<\/p>\n<p><img decoding=\"async\" class=\"wp-image-12079\" src=\"https:\/\/stelfia.com\/wp-content\/uploads\/2025\/04\/Logo-succursale-Renens-400x134.jpg\" alt=\"Succursale E-Motors Schweiz \u00e0 Renens \u2013 scooters et v\u00e9hicules \u00e9lectriques chez Stelfia\" width=\"257\" height=\"86\" srcset=\"https:\/\/stelfia.com\/wp-content\/uploads\/2025\/04\/Logo-succursale-Renens-400x134.jpg 400w, https:\/\/stelfia.com\/wp-content\/uploads\/2025\/04\/Logo-succursale-Renens-1300x434.jpg 1300w, https:\/\/stelfia.com\/wp-content\/uploads\/2025\/04\/Logo-succursale-Renens-768x257.jpg 768w, https:\/\/stelfia.com\/wp-content\/uploads\/2025\/04\/Logo-succursale-Renens-1536x513.jpg 1536w, https:\/\/stelfia.com\/wp-content\/uploads\/2025\/04\/Logo-succursale-Renens-18x6.jpg 18w, https:\/\/stelfia.com\/wp-content\/uploads\/2025\/04\/Logo-succursale-Renens-430x144.jpg 430w, https:\/\/stelfia.com\/wp-content\/uploads\/2025\/04\/Logo-succursale-Renens-700x234.jpg 700w, https:\/\/stelfia.com\/wp-content\/uploads\/2025\/04\/Logo-succursale-Renens-150x50.jpg 150w, https:\/\/stelfia.com\/wp-content\/uploads\/2025\/04\/Logo-succursale-Renens.jpg 1610w\" sizes=\"(max-width: 257px) 100vw, 257px\" \/><\/p>","protected":false},"featured_media":12209,"template":"","meta":{"_uf_show_specific_survey":0,"_uf_disable_surveys":false},"product_brand":[],"product_cat":[459],"product_tag":[527,530,529,528,526,532,531,292],"permis--de-conduire":[469],"vitesse":[466],"brands":[],"accessoires":[],"pieces-detachees":[],"trottinette-electrique":[],"velo":[],"class_list":{"0":"post-10386","1":"product","2":"type-product","3":"status-publish","4":"has-post-thumbnail","6":"product_cat-chopper","7":"product_tag-chopper-electrique","8":"product_tag-chopper-electrique-lausanne","9":"product_tag-chopper-electrique-renens","10":"product_tag-chopper-style-custom","11":"product_tag-e-chopper-electrique","12":"product_tag-e-chopper-suisse","13":"product_tag-fat-tire-electrique","14":"product_tag-mangosteen-m1ps","15":"permis--de-conduire-scooters-avec-permis","16":"vitesse-80-km-h-plaque-blanche","17":"tm-has-options","19":"first","20":"instock","21":"taxable","22":"shipping-taxable","23":"purchasable","24":"product-type-simple"},"yoast_head":"<!-- This site is optimized with the Yoast SEO plugin v25.8 - https:\/\/yoast.com\/wordpress\/plugins\/seo\/ -->\n<title>Mangosteen M1PS | E-Chopper \u00e9lectrique \u2013 Stelfia Renens<\/title>\n<meta name=\"description\" content=\"mangosteen-m1ps-e-chopper-electriqueD\u00e9couvrez le Mangosteen M1PS, e-chopper \u00e9lectrique au style custom unique. Position basse, moteur puissant et sensation de conduite exceptionnelle. Disponible chez Stelfia \u00e0 Renens.\" \/>\n<meta name=\"robots\" content=\"index, follow, max-snippet:-1, max-image-preview:large, max-video-preview:-1\" \/>\n<link rel=\"canonical\" href=\"https:\/\/stelfia.com\/de\/shop\/vehicules\/chopper\/mangosteen-m1ps-e-chopper-electrique\/\" \/>\n<meta property=\"og:locale\" content=\"de_DE\" \/>\n<meta property=\"og:type\" content=\"article\" \/>\n<meta property=\"og:title\" content=\"Mangosteen M1PS | E-Chopper \u00e9lectrique \u2013 Stelfia Renens\" \/>\n<meta property=\"og:description\" content=\"mangosteen-m1ps-e-chopper-electriqueD\u00e9couvrez le Mangosteen M1PS, e-chopper \u00e9lectrique au style custom unique. Position basse, moteur puissant et sensation de conduite exceptionnelle. Disponible chez Stelfia \u00e0 Renens.\" \/>\n<meta property=\"og:url\" content=\"https:\/\/stelfia.com\/de\/shop\/vehicules\/chopper\/mangosteen-m1ps-e-chopper-electrique\/\" \/>\n<meta property=\"og:site_name\" content=\"Trottinette \u00e9lectrique\" \/>\n<meta property=\"article:modified_time\" content=\"2026-03-25T17:05:54+00:00\" \/>\n<meta property=\"og:image\" content=\"https:\/\/stelfia.com\/wp-content\/uploads\/2023\/06\/101.1.jpg\" \/>\n\t<meta property=\"og:image:width\" content=\"889\" \/>\n\t<meta property=\"og:image:height\" content=\"886\" \/>\n\t<meta property=\"og:image:type\" content=\"image\/jpeg\" \/>\n<meta name=\"twitter:card\" content=\"summary_large_image\" \/>\n<meta name=\"twitter:label1\" content=\"Gesch\u00e4tzte Lesezeit\" \/>\n\t<meta name=\"twitter:data1\" content=\"1\u00a0Minute\" \/>\n<script type=\"application\/ld+json\" class=\"yoast-schema-graph\">{\"@context\":\"https:\/\/schema.org\",\"@graph\":[{\"@type\":\"WebPage\",\"@id\":\"https:\/\/stelfia.com\/shop\/vehicules\/chopper\/mangosteen-m1ps-e-chopper-electrique\/\",\"url\":\"https:\/\/stelfia.com\/shop\/vehicules\/chopper\/mangosteen-m1ps-e-chopper-electrique\/\",\"name\":\"Mangosteen M1PS | E-Chopper \u00e9lectrique \u2013 Stelfia Renens\",\"isPartOf\":{\"@id\":\"https:\/\/stelfia.com\/#website\"},\"primaryImageOfPage\":{\"@id\":\"https:\/\/stelfia.com\/shop\/vehicules\/chopper\/mangosteen-m1ps-e-chopper-electrique\/#primaryimage\"},\"image\":{\"@id\":\"https:\/\/stelfia.com\/shop\/vehicules\/chopper\/mangosteen-m1ps-e-chopper-electrique\/#primaryimage\"},\"thumbnailUrl\":\"https:\/\/stelfia.com\/wp-content\/uploads\/2023\/06\/101.1.jpg\",\"datePublished\":\"2023-06-04T10:06:10+00:00\",\"dateModified\":\"2026-03-25T17:05:54+00:00\",\"description\":\"mangosteen-m1ps-e-chopper-electriqueD\u00e9couvrez le Mangosteen M1PS, e-chopper \u00e9lectrique au style custom unique. Position basse, moteur puissant et sensation de conduite exceptionnelle. Disponible chez Stelfia \u00e0 Renens.\",\"breadcrumb\":{\"@id\":\"https:\/\/stelfia.com\/shop\/vehicules\/chopper\/mangosteen-m1ps-e-chopper-electrique\/#breadcrumb\"},\"inLanguage\":\"de\",\"potentialAction\":[{\"@type\":\"ReadAction\",\"target\":[\"https:\/\/stelfia.com\/shop\/vehicules\/chopper\/mangosteen-m1ps-e-chopper-electrique\/\"]}]},{\"@type\":\"ImageObject\",\"inLanguage\":\"de\",\"@id\":\"https:\/\/stelfia.com\/shop\/vehicules\/chopper\/mangosteen-m1ps-e-chopper-electrique\/#primaryimage\",\"url\":\"https:\/\/stelfia.com\/wp-content\/uploads\/2023\/06\/101.1.jpg\",\"contentUrl\":\"https:\/\/stelfia.com\/wp-content\/uploads\/2023\/06\/101.1.jpg\",\"width\":889,\"height\":886,\"caption\":\"Mangosteen M1PS noir \u2013 e-chopper \u00e9lectrique style custom\"},{\"@type\":\"BreadcrumbList\",\"@id\":\"https:\/\/stelfia.com\/shop\/vehicules\/chopper\/mangosteen-m1ps-e-chopper-electrique\/#breadcrumb\",\"itemListElement\":[{\"@type\":\"ListItem\",\"position\":1,\"name\":\"Accueil\",\"item\":\"https:\/\/stelfia.com\/\"},{\"@type\":\"ListItem\",\"position\":2,\"name\":\"Shop\",\"item\":\"https:\/\/stelfia.com\/shop\/\"},{\"@type\":\"ListItem\",\"position\":3,\"name\":\"Mangosteen M1PS\"}]},{\"@type\":\"WebSite\",\"@id\":\"https:\/\/stelfia.com\/#website\",\"url\":\"https:\/\/stelfia.com\/\",\"name\":\"Trottinette \u00e9lectrique\",\"description\":\"Trottinette \u00e9lectrique en Suisse romande\",\"publisher\":{\"@id\":\"https:\/\/stelfia.com\/#organization\"},\"potentialAction\":[{\"@type\":\"SearchAction\",\"target\":{\"@type\":\"EntryPoint\",\"urlTemplate\":\"https:\/\/stelfia.com\/?s={search_term_string}\"},\"query-input\":{\"@type\":\"PropertyValueSpecification\",\"valueRequired\":true,\"valueName\":\"search_term_string\"}}],\"inLanguage\":\"de\"},{\"@type\":\"Organization\",\"@id\":\"https:\/\/stelfia.com\/#organization\",\"name\":\"Trottinette \u00e9lectrique lausanne\",\"url\":\"https:\/\/stelfia.com\/\",\"logo\":{\"@type\":\"ImageObject\",\"inLanguage\":\"de\",\"@id\":\"https:\/\/stelfia.com\/#\/schema\/logo\/image\/\",\"url\":\"https:\/\/stelfia.com\/wp-content\/uploads\/2023\/02\/logonew-removebg-preview.png\",\"contentUrl\":\"https:\/\/stelfia.com\/wp-content\/uploads\/2023\/02\/logonew-removebg-preview.png\",\"width\":238,\"height\":100,\"caption\":\"Trottinette \u00e9lectrique lausanne\"},\"image\":{\"@id\":\"https:\/\/stelfia.com\/#\/schema\/logo\/image\/\"}}]}<\/script>\n<!-- \/ Yoast SEO plugin. -->","yoast_head_json":{"title":"Mangosteen M1PS | E-Chopper \u00e9lectrique \u2013 Stelfia Renens","description":"mangosteen-m1ps-e-chopper-electriqueD\u00e9couvrez le Mangosteen M1PS, e-chopper \u00e9lectrique au style custom unique. Position basse, moteur puissant et sensation de conduite exceptionnelle. Disponible chez Stelfia \u00e0 Renens.","robots":{"index":"index","follow":"follow","max-snippet":"max-snippet:-1","max-image-preview":"max-image-preview:large","max-video-preview":"max-video-preview:-1"},"canonical":"https:\/\/stelfia.com\/de\/shop\/vehicules\/chopper\/mangosteen-m1ps-e-chopper-electrique\/","og_locale":"de_DE","og_type":"article","og_title":"Mangosteen M1PS | E-Chopper \u00e9lectrique \u2013 Stelfia Renens","og_description":"mangosteen-m1ps-e-chopper-electriqueD\u00e9couvrez le Mangosteen M1PS, e-chopper \u00e9lectrique au style custom unique. Position basse, moteur puissant et sensation de conduite exceptionnelle. Disponible chez Stelfia \u00e0 Renens.","og_url":"https:\/\/stelfia.com\/de\/shop\/vehicules\/chopper\/mangosteen-m1ps-e-chopper-electrique\/","og_site_name":"Trottinette \u00e9lectrique","article_modified_time":"2026-03-25T17:05:54+00:00","og_image":[{"width":889,"height":886,"url":"https:\/\/stelfia.com\/wp-content\/uploads\/2023\/06\/101.1.jpg","type":"image\/jpeg"}],"twitter_card":"summary_large_image","twitter_misc":{"Gesch\u00e4tzte Lesezeit":"1\u00a0Minute"},"schema":{"@context":"https:\/\/schema.org","@graph":[{"@type":"WebPage","@id":"https:\/\/stelfia.com\/shop\/vehicules\/chopper\/mangosteen-m1ps-e-chopper-electrique\/","url":"https:\/\/stelfia.com\/shop\/vehicules\/chopper\/mangosteen-m1ps-e-chopper-electrique\/","name":"Mangosteen M1PS | E-Chopper \u00e9lectrique \u2013 Stelfia Renens","isPartOf":{"@id":"https:\/\/stelfia.com\/#website"},"primaryImageOfPage":{"@id":"https:\/\/stelfia.com\/shop\/vehicules\/chopper\/mangosteen-m1ps-e-chopper-electrique\/#primaryimage"},"image":{"@id":"https:\/\/stelfia.com\/shop\/vehicules\/chopper\/mangosteen-m1ps-e-chopper-electrique\/#primaryimage"},"thumbnailUrl":"https:\/\/stelfia.com\/wp-content\/uploads\/2023\/06\/101.1.jpg","datePublished":"2023-06-04T10:06:10+00:00","dateModified":"2026-03-25T17:05:54+00:00","description":"mangosteen-m1ps-e-chopper-electriqueD\u00e9couvrez le Mangosteen M1PS, e-chopper \u00e9lectrique au style custom unique. Position basse, moteur puissant et sensation de conduite exceptionnelle. Disponible chez Stelfia \u00e0 Renens.","breadcrumb":{"@id":"https:\/\/stelfia.com\/shop\/vehicules\/chopper\/mangosteen-m1ps-e-chopper-electrique\/#breadcrumb"},"inLanguage":"de","potentialAction":[{"@type":"ReadAction","target":["https:\/\/stelfia.com\/shop\/vehicules\/chopper\/mangosteen-m1ps-e-chopper-electrique\/"]}]},{"@type":"ImageObject","inLanguage":"de","@id":"https:\/\/stelfia.com\/shop\/vehicules\/chopper\/mangosteen-m1ps-e-chopper-electrique\/#primaryimage","url":"https:\/\/stelfia.com\/wp-content\/uploads\/2023\/06\/101.1.jpg","contentUrl":"https:\/\/stelfia.com\/wp-content\/uploads\/2023\/06\/101.1.jpg","width":889,"height":886,"caption":"Mangosteen M1PS noir \u2013 e-chopper \u00e9lectrique style custom"},{"@type":"BreadcrumbList","@id":"https:\/\/stelfia.com\/shop\/vehicules\/chopper\/mangosteen-m1ps-e-chopper-electrique\/#breadcrumb","itemListElement":[{"@type":"ListItem","position":1,"name":"Accueil","item":"https:\/\/stelfia.com\/"},{"@type":"ListItem","position":2,"name":"Shop","item":"https:\/\/stelfia.com\/shop\/"},{"@type":"ListItem","position":3,"name":"Mangosteen M1PS"}]},{"@type":"WebSite","@id":"https:\/\/stelfia.com\/#website","url":"https:\/\/stelfia.com\/","name":"Elektroroller","description":"Trottinette \u00e9lectrique en Suisse romande","publisher":{"@id":"https:\/\/stelfia.com\/#organization"},"potentialAction":[{"@type":"SearchAction","target":{"@type":"EntryPoint","urlTemplate":"https:\/\/stelfia.com\/?s={search_term_string}"},"query-input":{"@type":"PropertyValueSpecification","valueRequired":true,"valueName":"search_term_string"}}],"inLanguage":"de"},{"@type":"Organization","@id":"https:\/\/stelfia.com\/#organization","name":"Trottinette \u00e9lectrique lausanne","url":"https:\/\/stelfia.com\/","logo":{"@type":"ImageObject","inLanguage":"de","@id":"https:\/\/stelfia.com\/#\/schema\/logo\/image\/","url":"https:\/\/stelfia.com\/wp-content\/uploads\/2023\/02\/logonew-removebg-preview.png","contentUrl":"https:\/\/stelfia.com\/wp-content\/uploads\/2023\/02\/logonew-removebg-preview.png","width":238,"height":100,"caption":"Trottinette \u00e9lectrique lausanne"},"image":{"@id":"https:\/\/stelfia.com\/#\/schema\/logo\/image\/"}}]}},"_links":{"self":[{"href":"https:\/\/stelfia.com\/de\/wp-json\/wp\/v2\/product\/10386","targetHints":{"allow":["GET"]}}],"collection":[{"href":"https:\/\/stelfia.com\/de\/wp-json\/wp\/v2\/product"}],"about":[{"href":"https:\/\/stelfia.com\/de\/wp-json\/wp\/v2\/types\/product"}],"version-history":[{"count":0,"href":"https:\/\/stelfia.com\/de\/wp-json\/wp\/v2\/product\/10386\/revisions"}],"wp:featuredmedia":[{"embeddable":true,"href":"https:\/\/stelfia.com\/de\/wp-json\/wp\/v2\/media\/12209"}],"wp:attachment":[{"href":"https:\/\/stelfia.com\/de\/wp-json\/wp\/v2\/media?parent=10386"}],"wp:term":[{"taxonomy":"product_brand","embeddable":true,"href":"https:\/\/stelfia.com\/de\/wp-json\/wp\/v2\/product_brand?post=10386"},{"taxonomy":"product_cat","embeddable":true,"href":"https:\/\/stelfia.com\/de\/wp-json\/wp\/v2\/product_cat?post=10386"},{"taxonomy":"product_tag","embeddable":true,"href":"https:\/\/stelfia.com\/de\/wp-json\/wp\/v2\/product_tag?post=10386"},{"taxonomy":"permis--de-conduire","embeddable":true,"href":"https:\/\/stelfia.com\/de\/wp-json\/wp\/v2\/permis--de-conduire?post=10386"},{"taxonomy":"vitesse","embeddable":true,"href":"https:\/\/stelfia.com\/de\/wp-json\/wp\/v2\/vitesse?post=10386"},{"taxonomy":"brands","embeddable":true,"href":"https:\/\/stelfia.com\/de\/wp-json\/wp\/v2\/brands?post=10386"},{"taxonomy":"accessoires","embeddable":true,"href":"https:\/\/stelfia.com\/de\/wp-json\/wp\/v2\/accessoires?post=10386"},{"taxonomy":"pieces-detachees","embeddable":true,"href":"https:\/\/stelfia.com\/de\/wp-json\/wp\/v2\/pieces-detachees?post=10386"},{"taxonomy":"trottinette-electrique","embeddable":true,"href":"https:\/\/stelfia.com\/de\/wp-json\/wp\/v2\/trottinette-electrique?post=10386"},{"taxonomy":"velo","embeddable":true,"href":"https:\/\/stelfia.com\/de\/wp-json\/wp\/v2\/velo?post=10386"}],"curies":[{"name":"wp","href":"https:\/\/api.w.org\/{rel}","templated":true}]}}