{"id":10157,"date":"2023-05-07T10:07:29","date_gmt":"2023-05-07T10:07:29","guid":{"rendered":"https:\/\/stelfia.com\/?post_type=product&#038;p=10157"},"modified":"2024-01-25T11:23:11","modified_gmt":"2024-01-25T11:23:11","slug":"chambre-a-air-10-x-2-2-125","status":"publish","type":"product","link":"https:\/\/stelfia.com\/de\/shop\/pieces-et-accessoires\/chambre-a-air-10-x-2-2-125\/","title":{"rendered":"Schlauch 10 x 2 \/ 2.125"},"content":{"rendered":"","protected":false},"excerpt":{"rendered":"<div id=\"tab-description\" class=\"woocommerce-Tabs-panel woocommerce-Tabs-panel--description panel entry-content wc-tab\" role=\"tabpanel\" aria-labelledby=\"tab-title-description\">\n<h2>Beschreibung<\/h2>\n<h2 class=\"entry-title\">Schlauch 10 x 2 oder 10 x 2,125<\/h2>\n<\/div>\n<ul class=\"a-unordered-list a-vertical a-spacing-mini\">\n<li>Ventil der Wahl<\/li>\n<\/ul>\n<ul class=\"a-unordered-list a-vertical a-spacing-mini\">\n<li>Schlauch kompatibel mit Modellen:<\/li>\n<\/ul>\n<p style=\"padding-left: 40px;\">Version 0\u00b0: Vmax R93, \u2026<br \/>\nVersion 45\u00b0: Egret Ten V1 \/ V2 \/ V3, \u2026<br \/>\n90\u00b0-Version: Vsett 10, \u2026<br \/>\nRichtige Version: \u2026<\/p>\n<p><span style=\"text-decoration: underline;\">Aufgefallen:<\/span><br \/>\n\u00dcberpr\u00fcfen Sie den inneren Zustand Ihres Reifens. Wenn Sie mit zu geringem Reifendruck gefahren sind, ist der Reifen wahrscheinlich besch\u00e4digt und sollte ausgetauscht werden.<\/p>\n<p>&nbsp;<\/p>","protected":false},"featured_media":10159,"template":"","meta":{"_uf_show_specific_survey":0,"_uf_disable_surveys":false},"product_brand":[],"product_cat":[113],"product_tag":[232,234,231,233],"permis--de-conduire":[],"vitesse":[],"brands":[83,75,74],"accessoires":[],"pieces-detachees":[99],"trottinette-electrique":[],"velo":[],"class_list":{"0":"post-10157","1":"product","2":"type-product","3":"status-publish","4":"has-post-thumbnail","6":"product_cat-pieces-et-accessoires","7":"product_tag-chambre-a-air-10x2","8":"product_tag-chambre-a-air-10x2-125","9":"product_tag-chambre-a-air-vmax","10":"product_tag-chambre-a-air-vsett-10","11":"brands-egret","12":"brands-vmax","13":"brands-vsett","14":"pieces-detachees-pneus-et-chambres-a-air","15":"tm-has-options","17":"first","18":"instock","19":"taxable","20":"shipping-taxable","21":"purchasable","22":"product-type-simple"},"yoast_head":"<!-- This site is optimized with the Yoast SEO plugin v25.8 - https:\/\/yoast.com\/wordpress\/plugins\/seo\/ -->\n<title>Chambre \u00e0 air 10 x 2 \/ 2.125 - Trottinette \u00e9lectrique<\/title>\n<meta name=\"robots\" content=\"index, follow, max-snippet:-1, max-image-preview:large, max-video-preview:-1\" \/>\n<link rel=\"canonical\" href=\"https:\/\/stelfia.com\/de\/shop\/pieces-et-accessoires\/chambre-a-air-10-x-2-2-125\/\" \/>\n<meta property=\"og:locale\" content=\"de_DE\" \/>\n<meta property=\"og:type\" content=\"article\" \/>\n<meta property=\"og:title\" content=\"Chambre \u00e0 air 10 x 2 \/ 2.125 - Trottinette \u00e9lectrique\" \/>\n<meta property=\"og:description\" content=\"Description Chambre \u00e0 air 10 x 2 ou 10 x 2.125    Valve \u00e0 choix    Chambre \u00e0 air compatible avec les mod\u00e8les :  Version 0\u00b0 :\u00a0 \u00a0 \u00a0 \u00a0 \u00a0 \u00a0Vmax R93, ... Version 45\u00b0 :\u00a0 \u00a0 \u00a0 \u00a0 \u00a0Egret Ten V1 \/ V2 \/ V3, ... Version 90\u00b0 :\u00a0 \u00a0 \u00a0 \u00a0 \u00a0Vsett 10, ... Version droite :\u00a0 \u00a0 \u00a0... Remarque : V\u00e9rifiez l&#039;\u00e9tat int\u00e9rieur de votre pneu. Si vous avez roul\u00e9 sous-gonfl\u00e9, il est probable que le pneu soit endommag\u00e9, il est donc recommand\u00e9 de le remplacer.  &nbsp;\" \/>\n<meta property=\"og:url\" content=\"https:\/\/stelfia.com\/de\/shop\/pieces-et-accessoires\/chambre-a-air-10-x-2-2-125\/\" \/>\n<meta property=\"og:site_name\" content=\"Trottinette \u00e9lectrique\" \/>\n<meta property=\"article:modified_time\" content=\"2024-01-25T11:23:11+00:00\" \/>\n<meta property=\"og:image\" content=\"https:\/\/stelfia.com\/wp-content\/uploads\/2023\/05\/10x2.5.jpg\" \/>\n\t<meta property=\"og:image:width\" content=\"1080\" \/>\n\t<meta property=\"og:image:height\" content=\"1080\" \/>\n\t<meta property=\"og:image:type\" content=\"image\/jpeg\" \/>\n<meta name=\"twitter:card\" content=\"summary_large_image\" \/>\n<meta name=\"twitter:label1\" content=\"Gesch\u00e4tzte Lesezeit\" \/>\n\t<meta name=\"twitter:data1\" content=\"1\u00a0Minute\" \/>\n<script type=\"application\/ld+json\" class=\"yoast-schema-graph\">{\"@context\":\"https:\/\/schema.org\",\"@graph\":[{\"@type\":\"WebPage\",\"@id\":\"https:\/\/stelfia.com\/shop\/pieces-et-accessoires\/chambre-a-air-10-x-2-2-125\/\",\"url\":\"https:\/\/stelfia.com\/shop\/pieces-et-accessoires\/chambre-a-air-10-x-2-2-125\/\",\"name\":\"Chambre \u00e0 air 10 x 2 \/ 2.125 - Trottinette \u00e9lectrique\",\"isPartOf\":{\"@id\":\"https:\/\/stelfia.com\/#website\"},\"primaryImageOfPage\":{\"@id\":\"https:\/\/stelfia.com\/shop\/pieces-et-accessoires\/chambre-a-air-10-x-2-2-125\/#primaryimage\"},\"image\":{\"@id\":\"https:\/\/stelfia.com\/shop\/pieces-et-accessoires\/chambre-a-air-10-x-2-2-125\/#primaryimage\"},\"thumbnailUrl\":\"https:\/\/stelfia.com\/wp-content\/uploads\/2023\/05\/10x2.5.jpg\",\"datePublished\":\"2023-05-07T10:07:29+00:00\",\"dateModified\":\"2024-01-25T11:23:11+00:00\",\"breadcrumb\":{\"@id\":\"https:\/\/stelfia.com\/shop\/pieces-et-accessoires\/chambre-a-air-10-x-2-2-125\/#breadcrumb\"},\"inLanguage\":\"de\",\"potentialAction\":[{\"@type\":\"ReadAction\",\"target\":[\"https:\/\/stelfia.com\/shop\/pieces-et-accessoires\/chambre-a-air-10-x-2-2-125\/\"]}]},{\"@type\":\"ImageObject\",\"inLanguage\":\"de\",\"@id\":\"https:\/\/stelfia.com\/shop\/pieces-et-accessoires\/chambre-a-air-10-x-2-2-125\/#primaryimage\",\"url\":\"https:\/\/stelfia.com\/wp-content\/uploads\/2023\/05\/10x2.5.jpg\",\"contentUrl\":\"https:\/\/stelfia.com\/wp-content\/uploads\/2023\/05\/10x2.5.jpg\",\"width\":1080,\"height\":1080},{\"@type\":\"BreadcrumbList\",\"@id\":\"https:\/\/stelfia.com\/shop\/pieces-et-accessoires\/chambre-a-air-10-x-2-2-125\/#breadcrumb\",\"itemListElement\":[{\"@type\":\"ListItem\",\"position\":1,\"name\":\"Accueil\",\"item\":\"https:\/\/stelfia.com\/\"},{\"@type\":\"ListItem\",\"position\":2,\"name\":\"Shop\",\"item\":\"https:\/\/stelfia.com\/shop\/\"},{\"@type\":\"ListItem\",\"position\":3,\"name\":\"Chambre \u00e0 air 10 x 2 \/ 2.125\"}]},{\"@type\":\"WebSite\",\"@id\":\"https:\/\/stelfia.com\/#website\",\"url\":\"https:\/\/stelfia.com\/\",\"name\":\"Trottinette \u00e9lectrique\",\"description\":\"Trottinette \u00e9lectrique en Suisse romande\",\"publisher\":{\"@id\":\"https:\/\/stelfia.com\/#organization\"},\"potentialAction\":[{\"@type\":\"SearchAction\",\"target\":{\"@type\":\"EntryPoint\",\"urlTemplate\":\"https:\/\/stelfia.com\/?s={search_term_string}\"},\"query-input\":{\"@type\":\"PropertyValueSpecification\",\"valueRequired\":true,\"valueName\":\"search_term_string\"}}],\"inLanguage\":\"de\"},{\"@type\":\"Organization\",\"@id\":\"https:\/\/stelfia.com\/#organization\",\"name\":\"Trottinette \u00e9lectrique lausanne\",\"url\":\"https:\/\/stelfia.com\/\",\"logo\":{\"@type\":\"ImageObject\",\"inLanguage\":\"de\",\"@id\":\"https:\/\/stelfia.com\/#\/schema\/logo\/image\/\",\"url\":\"https:\/\/stelfia.com\/wp-content\/uploads\/2023\/02\/logonew-removebg-preview.png\",\"contentUrl\":\"https:\/\/stelfia.com\/wp-content\/uploads\/2023\/02\/logonew-removebg-preview.png\",\"width\":238,\"height\":100,\"caption\":\"Trottinette \u00e9lectrique lausanne\"},\"image\":{\"@id\":\"https:\/\/stelfia.com\/#\/schema\/logo\/image\/\"}}]}<\/script>\n<!-- \/ Yoast SEO plugin. -->","yoast_head_json":{"title":"Chambre \u00e0 air 10 x 2 \/ 2.125 - Trottinette \u00e9lectrique","robots":{"index":"index","follow":"follow","max-snippet":"max-snippet:-1","max-image-preview":"max-image-preview:large","max-video-preview":"max-video-preview:-1"},"canonical":"https:\/\/stelfia.com\/de\/shop\/pieces-et-accessoires\/chambre-a-air-10-x-2-2-125\/","og_locale":"de_DE","og_type":"article","og_title":"Chambre \u00e0 air 10 x 2 \/ 2.125 - Trottinette \u00e9lectrique","og_description":"Description Chambre \u00e0 air 10 x 2 ou 10 x 2.125    Valve \u00e0 choix    Chambre \u00e0 air compatible avec les mod\u00e8les :  Version 0\u00b0 :\u00a0 \u00a0 \u00a0 \u00a0 \u00a0 \u00a0Vmax R93, ... Version 45\u00b0 :\u00a0 \u00a0 \u00a0 \u00a0 \u00a0Egret Ten V1 \/ V2 \/ V3, ... Version 90\u00b0 :\u00a0 \u00a0 \u00a0 \u00a0 \u00a0Vsett 10, ... Version droite :\u00a0 \u00a0 \u00a0... Remarque : V\u00e9rifiez l'\u00e9tat int\u00e9rieur de votre pneu. Si vous avez roul\u00e9 sous-gonfl\u00e9, il est probable que le pneu soit endommag\u00e9, il est donc recommand\u00e9 de le remplacer.  &nbsp;","og_url":"https:\/\/stelfia.com\/de\/shop\/pieces-et-accessoires\/chambre-a-air-10-x-2-2-125\/","og_site_name":"Trottinette \u00e9lectrique","article_modified_time":"2024-01-25T11:23:11+00:00","og_image":[{"width":1080,"height":1080,"url":"https:\/\/stelfia.com\/wp-content\/uploads\/2023\/05\/10x2.5.jpg","type":"image\/jpeg"}],"twitter_card":"summary_large_image","twitter_misc":{"Gesch\u00e4tzte Lesezeit":"1\u00a0Minute"},"schema":{"@context":"https:\/\/schema.org","@graph":[{"@type":"WebPage","@id":"https:\/\/stelfia.com\/shop\/pieces-et-accessoires\/chambre-a-air-10-x-2-2-125\/","url":"https:\/\/stelfia.com\/shop\/pieces-et-accessoires\/chambre-a-air-10-x-2-2-125\/","name":"Chambre \u00e0 air 10 x 2 \/ 2.125 - Trottinette \u00e9lectrique","isPartOf":{"@id":"https:\/\/stelfia.com\/#website"},"primaryImageOfPage":{"@id":"https:\/\/stelfia.com\/shop\/pieces-et-accessoires\/chambre-a-air-10-x-2-2-125\/#primaryimage"},"image":{"@id":"https:\/\/stelfia.com\/shop\/pieces-et-accessoires\/chambre-a-air-10-x-2-2-125\/#primaryimage"},"thumbnailUrl":"https:\/\/stelfia.com\/wp-content\/uploads\/2023\/05\/10x2.5.jpg","datePublished":"2023-05-07T10:07:29+00:00","dateModified":"2024-01-25T11:23:11+00:00","breadcrumb":{"@id":"https:\/\/stelfia.com\/shop\/pieces-et-accessoires\/chambre-a-air-10-x-2-2-125\/#breadcrumb"},"inLanguage":"de","potentialAction":[{"@type":"ReadAction","target":["https:\/\/stelfia.com\/shop\/pieces-et-accessoires\/chambre-a-air-10-x-2-2-125\/"]}]},{"@type":"ImageObject","inLanguage":"de","@id":"https:\/\/stelfia.com\/shop\/pieces-et-accessoires\/chambre-a-air-10-x-2-2-125\/#primaryimage","url":"https:\/\/stelfia.com\/wp-content\/uploads\/2023\/05\/10x2.5.jpg","contentUrl":"https:\/\/stelfia.com\/wp-content\/uploads\/2023\/05\/10x2.5.jpg","width":1080,"height":1080},{"@type":"BreadcrumbList","@id":"https:\/\/stelfia.com\/shop\/pieces-et-accessoires\/chambre-a-air-10-x-2-2-125\/#breadcrumb","itemListElement":[{"@type":"ListItem","position":1,"name":"Accueil","item":"https:\/\/stelfia.com\/"},{"@type":"ListItem","position":2,"name":"Shop","item":"https:\/\/stelfia.com\/shop\/"},{"@type":"ListItem","position":3,"name":"Chambre \u00e0 air 10 x 2 \/ 2.125"}]},{"@type":"WebSite","@id":"https:\/\/stelfia.com\/#website","url":"https:\/\/stelfia.com\/","name":"Elektroroller","description":"Trottinette \u00e9lectrique en Suisse romande","publisher":{"@id":"https:\/\/stelfia.com\/#organization"},"potentialAction":[{"@type":"SearchAction","target":{"@type":"EntryPoint","urlTemplate":"https:\/\/stelfia.com\/?s={search_term_string}"},"query-input":{"@type":"PropertyValueSpecification","valueRequired":true,"valueName":"search_term_string"}}],"inLanguage":"de"},{"@type":"Organization","@id":"https:\/\/stelfia.com\/#organization","name":"Trottinette \u00e9lectrique lausanne","url":"https:\/\/stelfia.com\/","logo":{"@type":"ImageObject","inLanguage":"de","@id":"https:\/\/stelfia.com\/#\/schema\/logo\/image\/","url":"https:\/\/stelfia.com\/wp-content\/uploads\/2023\/02\/logonew-removebg-preview.png","contentUrl":"https:\/\/stelfia.com\/wp-content\/uploads\/2023\/02\/logonew-removebg-preview.png","width":238,"height":100,"caption":"Trottinette \u00e9lectrique lausanne"},"image":{"@id":"https:\/\/stelfia.com\/#\/schema\/logo\/image\/"}}]}},"_links":{"self":[{"href":"https:\/\/stelfia.com\/de\/wp-json\/wp\/v2\/product\/10157","targetHints":{"allow":["GET"]}}],"collection":[{"href":"https:\/\/stelfia.com\/de\/wp-json\/wp\/v2\/product"}],"about":[{"href":"https:\/\/stelfia.com\/de\/wp-json\/wp\/v2\/types\/product"}],"version-history":[{"count":0,"href":"https:\/\/stelfia.com\/de\/wp-json\/wp\/v2\/product\/10157\/revisions"}],"wp:featuredmedia":[{"embeddable":true,"href":"https:\/\/stelfia.com\/de\/wp-json\/wp\/v2\/media\/10159"}],"wp:attachment":[{"href":"https:\/\/stelfia.com\/de\/wp-json\/wp\/v2\/media?parent=10157"}],"wp:term":[{"taxonomy":"product_brand","embeddable":true,"href":"https:\/\/stelfia.com\/de\/wp-json\/wp\/v2\/product_brand?post=10157"},{"taxonomy":"product_cat","embeddable":true,"href":"https:\/\/stelfia.com\/de\/wp-json\/wp\/v2\/product_cat?post=10157"},{"taxonomy":"product_tag","embeddable":true,"href":"https:\/\/stelfia.com\/de\/wp-json\/wp\/v2\/product_tag?post=10157"},{"taxonomy":"permis--de-conduire","embeddable":true,"href":"https:\/\/stelfia.com\/de\/wp-json\/wp\/v2\/permis--de-conduire?post=10157"},{"taxonomy":"vitesse","embeddable":true,"href":"https:\/\/stelfia.com\/de\/wp-json\/wp\/v2\/vitesse?post=10157"},{"taxonomy":"brands","embeddable":true,"href":"https:\/\/stelfia.com\/de\/wp-json\/wp\/v2\/brands?post=10157"},{"taxonomy":"accessoires","embeddable":true,"href":"https:\/\/stelfia.com\/de\/wp-json\/wp\/v2\/accessoires?post=10157"},{"taxonomy":"pieces-detachees","embeddable":true,"href":"https:\/\/stelfia.com\/de\/wp-json\/wp\/v2\/pieces-detachees?post=10157"},{"taxonomy":"trottinette-electrique","embeddable":true,"href":"https:\/\/stelfia.com\/de\/wp-json\/wp\/v2\/trottinette-electrique?post=10157"},{"taxonomy":"velo","embeddable":true,"href":"https:\/\/stelfia.com\/de\/wp-json\/wp\/v2\/velo?post=10157"}],"curies":[{"name":"wp","href":"https:\/\/api.w.org\/{rel}","templated":true}]}}