{"id":8806,"date":"2023-03-02T14:39:52","date_gmt":"2023-03-02T14:39:52","guid":{"rendered":"https:\/\/stelfia.com\/?page_id=8806"},"modified":"2025-02-20T14:34:49","modified_gmt":"2025-02-20T14:34:49","slug":"duree-de-location","status":"publish","type":"page","link":"https:\/\/stelfia.com\/de\/duree-de-location\/","title":{"rendered":"Mietzeitraum"},"content":{"rendered":"<div data-elementor-type=\"wp-page\" data-elementor-id=\"8806\" class=\"elementor elementor-8806\" data-elementor-post-type=\"page\">\n\t\t\t\t\t\t<section class=\"wd-negative-gap elementor-section elementor-top-section elementor-element elementor-element-8f727d9 elementor-section-boxed elementor-section-height-default elementor-section-height-default\" data-id=\"8f727d9\" data-element_type=\"section\" data-settings=\"{&quot;jet_parallax_layout_list&quot;:[]}\">\n\t\t\t\t\t\t<div class=\"elementor-container elementor-column-gap-default\">\n\t\t\t\t\t<div class=\"elementor-column elementor-col-100 elementor-top-column elementor-element elementor-element-fa4cfcb\" data-id=\"fa4cfcb\" data-element_type=\"column\">\n\t\t\t<div class=\"elementor-widget-wrap elementor-element-populated\">\n\t\t\t\t\t\t<div class=\"elementor-element elementor-element-a5aa5db elementor-widget elementor-widget-html\" data-id=\"a5aa5db\" data-element_type=\"widget\" data-widget_type=\"html.default\">\n\t\t\t\t<div class=\"elementor-widget-container\">\n\t\t\t<div class=\"container\">\n<h2 style=\"text-align: center;color: black\">Mietdauer und Preis<\/h2>\n<div class=\"table-responsive\">\n<table class=\"table table-bordered text-center\" style=\"background: linear-gradient(to bottom right, #ffffff, #6FE8DC)\">\n<thead>\n<tr style=\"background-color: #000000;color: #ffffff\">\n<th class=\"text-center\"><span style=\"color: #ffffff\">Dauer<\/span><\/th>\n<th class=\"text-center\"><span style=\"color: #ffffff\">Preis<\/span><\/th>\n<\/tr>\n<\/thead>\n<tbody>\n<tr>\n<td>Ein Tag<\/td>\n<td>35 CHF<\/td>\n<\/tr>\n<tr>\n<td>Ein Wochenende<\/td>\n<td>55 CHF<\/td>\n<\/tr>\n<tr>\n<td>Eine Woche<\/td>\n<td>95 CHF<\/td>\n<\/tr>\n<tr>\n<td>Zwei Wochen<\/td>\n<td>135 CHF<\/td>\n<\/tr>\n<tr>\n<td>Ein Monat<\/td>\n<td>165 CHF<\/td>\n<\/tr>\n<tr>\n<td>Zwei Monate<\/td>\n<td>225 CHF<\/td>\n<\/tr>\n<\/tbody>\n<\/table>\n<\/div>\n<\/div>\t\t<\/div>\n\t\t\t\t<\/div>\n\t\t\t\t\t<\/div>\n\t\t<\/div>\n\t\t\t\t\t<\/div>\n\t\t<\/section>\n\t\t\t\t<section class=\"wd-negative-gap elementor-section elementor-top-section elementor-element elementor-element-511281a elementor-section-full_width elementor-section-height-default elementor-section-height-default\" data-id=\"511281a\" data-element_type=\"section\" data-settings=\"{&quot;jet_parallax_layout_list&quot;:[]}\">\n\t\t\t\t\t\t<div class=\"elementor-container elementor-column-gap-default\">\n\t\t\t\t\t<div class=\"elementor-column elementor-col-100 elementor-top-column elementor-element elementor-element-dfd9930\" data-id=\"dfd9930\" data-element_type=\"column\">\n\t\t\t<div class=\"elementor-widget-wrap elementor-element-populated\">\n\t\t\t\t\t\t<div class=\"elementor-element elementor-element-f440bcb elementor-widget__width-initial color-scheme-inherit text-left elementor-widget elementor-widget-text-editor\" data-id=\"f440bcb\" data-element_type=\"widget\" data-widget_type=\"text-editor.default\">\n\t\t\t\t<div class=\"elementor-widget-container\">\n\t\t\t<style>\/*! elementor - v3.22.0 - 17-06-2024 *\/\n.elementor-widget-text-editor.elementor-drop-cap-view-stacked .elementor-drop-cap{background-color:#69727d;color:#fff}.elementor-widget-text-editor.elementor-drop-cap-view-framed .elementor-drop-cap{color:#69727d;border:3px solid;background-color:transparent}.elementor-widget-text-editor:not(.elementor-drop-cap-view-default) .elementor-drop-cap{margin-top:8px}.elementor-widget-text-editor:not(.elementor-drop-cap-view-default) .elementor-drop-cap-letter{width:1em;height:1em}.elementor-widget-text-editor .elementor-drop-cap{float:left;text-align:center;line-height:1;font-size:50px}.elementor-widget-text-editor .elementor-drop-cap-letter{display:inline-block}<\/style>\t\t\t\t<p><span style=\"font-size: 12pt\"><strong><span style=\"color: #000000\">Caution<\/span><span style=\"color: #000000\"> de location : <span style=\"color: #40e0d0\">300.- CHF<\/span><\/span><\/strong><\/span><\/p><p><span style=\"font-size: 12pt\"><strong><span style=\"color: #000000\">Helmverleih: <span style=\"color: #40e0d0\">15.- CHF<\/span><\/span><\/strong><\/span><\/p><p><span style=\"font-size: 12pt\"><strong><span style=\"color: #000000\">Mod\u00e8les disponibles : Kuickwheel S-1C Pro\u00a0<\/span><\/strong><\/span><\/p><p><span style=\"font-size: 12pt\"><span style=\"color: #000000\">Le forfais inclut<b> 800km par mois.<\/b> Tout km suppl\u00e9mentaire sera factur\u00e9 \u00e0 raison de 0.03 CHF par km.\u00a0<\/span><\/span><\/p><p><span style=\"font-size: 12pt\"><strong><span style=\"color: #000000\">Die zum Verleih angebotenen Roller sind f\u00fcr den Stra\u00dfenverkehr zugelassen; Z\u00f6gern Sie nicht, uns zu kontaktieren, um Ihr Exemplar zu reservieren!<\/span><\/strong><\/span><\/p><p>Sie m\u00f6chten einen kleinen Spaziergang machen oder brauchen dringend ein Fortbewegungsmittel? Sie z\u00f6gern mit dem Kauf, wenn Sie das Fahrzeug auf lange Sicht einfach nicht ben\u00f6tigen? Dann entscheiden Sie sich lieber f\u00fcr die Miete!<\/p><p><span style=\"font-size: 12pt\"><strong><span style=\"color: #000000\">\u00a0<\/span><\/strong><\/span><\/p><p>\u00a0<\/p>\t\t\t\t\t\t<\/div>\n\t\t\t\t<\/div>\n\t\t\t\t\t<\/div>\n\t\t<\/div>\n\t\t\t\t\t<\/div>\n\t\t<\/section>\n\t\t\t\t<\/div>","protected":false},"excerpt":{"rendered":"<p>Dur\u00e9e et prix de location Dur\u00e9e Prix Un jour 35 CHF Un weekend 55 CHF Une semaine 95 CHF Deux<\/p>","protected":false},"author":2,"featured_media":0,"parent":0,"menu_order":0,"comment_status":"closed","ping_status":"closed","template":"","meta":{"_uf_show_specific_survey":0,"_uf_disable_surveys":false,"footnotes":""},"class_list":["post-8806","page","type-page","status-publish","hentry"],"yoast_head":"<!-- This site is optimized with the Yoast SEO plugin v25.8 - https:\/\/yoast.com\/wordpress\/plugins\/seo\/ -->\n<title>Dur\u00e9e de location - Trottinette \u00e9lectrique<\/title>\n<meta name=\"robots\" content=\"index, follow, max-snippet:-1, max-image-preview:large, max-video-preview:-1\" \/>\n<link rel=\"canonical\" href=\"https:\/\/stelfia.com\/de\/duree-de-location\/\" \/>\n<meta property=\"og:locale\" content=\"de_DE\" \/>\n<meta property=\"og:type\" content=\"article\" \/>\n<meta property=\"og:title\" content=\"Dur\u00e9e de location - Trottinette \u00e9lectrique\" \/>\n<meta property=\"og:description\" content=\"Dur\u00e9e et prix de location Dur\u00e9e Prix Un jour 35 CHF Un weekend 55 CHF Une semaine 95 CHF Deux\" \/>\n<meta property=\"og:url\" content=\"https:\/\/stelfia.com\/de\/duree-de-location\/\" \/>\n<meta property=\"og:site_name\" content=\"Trottinette \u00e9lectrique\" \/>\n<meta property=\"article:modified_time\" content=\"2025-02-20T14:34:49+00:00\" \/>\n<meta name=\"twitter:card\" content=\"summary_large_image\" \/>\n<meta name=\"twitter:label1\" content=\"Gesch\u00e4tzte Lesezeit\" \/>\n\t<meta name=\"twitter:data1\" content=\"1\u00a0Minute\" \/>\n<script type=\"application\/ld+json\" class=\"yoast-schema-graph\">{\"@context\":\"https:\/\/schema.org\",\"@graph\":[{\"@type\":\"WebPage\",\"@id\":\"https:\/\/stelfia.com\/duree-de-location\/\",\"url\":\"https:\/\/stelfia.com\/duree-de-location\/\",\"name\":\"Dur\u00e9e de location - Trottinette \u00e9lectrique\",\"isPartOf\":{\"@id\":\"https:\/\/stelfia.com\/#website\"},\"datePublished\":\"2023-03-02T14:39:52+00:00\",\"dateModified\":\"2025-02-20T14:34:49+00:00\",\"breadcrumb\":{\"@id\":\"https:\/\/stelfia.com\/duree-de-location\/#breadcrumb\"},\"inLanguage\":\"de\",\"potentialAction\":[{\"@type\":\"ReadAction\",\"target\":[\"https:\/\/stelfia.com\/duree-de-location\/\"]}]},{\"@type\":\"BreadcrumbList\",\"@id\":\"https:\/\/stelfia.com\/duree-de-location\/#breadcrumb\",\"itemListElement\":[{\"@type\":\"ListItem\",\"position\":1,\"name\":\"Accueil\",\"item\":\"https:\/\/stelfia.com\/\"},{\"@type\":\"ListItem\",\"position\":2,\"name\":\"Dur\u00e9e de location\"}]},{\"@type\":\"WebSite\",\"@id\":\"https:\/\/stelfia.com\/#website\",\"url\":\"https:\/\/stelfia.com\/\",\"name\":\"Trottinette \u00e9lectrique\",\"description\":\"Trottinette \u00e9lectrique en Suisse romande\",\"publisher\":{\"@id\":\"https:\/\/stelfia.com\/#organization\"},\"potentialAction\":[{\"@type\":\"SearchAction\",\"target\":{\"@type\":\"EntryPoint\",\"urlTemplate\":\"https:\/\/stelfia.com\/?s={search_term_string}\"},\"query-input\":{\"@type\":\"PropertyValueSpecification\",\"valueRequired\":true,\"valueName\":\"search_term_string\"}}],\"inLanguage\":\"de\"},{\"@type\":\"Organization\",\"@id\":\"https:\/\/stelfia.com\/#organization\",\"name\":\"Trottinette \u00e9lectrique lausanne\",\"url\":\"https:\/\/stelfia.com\/\",\"logo\":{\"@type\":\"ImageObject\",\"inLanguage\":\"de\",\"@id\":\"https:\/\/stelfia.com\/#\/schema\/logo\/image\/\",\"url\":\"https:\/\/stelfia.com\/wp-content\/uploads\/2023\/02\/logonew-removebg-preview.png\",\"contentUrl\":\"https:\/\/stelfia.com\/wp-content\/uploads\/2023\/02\/logonew-removebg-preview.png\",\"width\":238,\"height\":100,\"caption\":\"Trottinette \u00e9lectrique lausanne\"},\"image\":{\"@id\":\"https:\/\/stelfia.com\/#\/schema\/logo\/image\/\"}}]}<\/script>\n<!-- \/ Yoast SEO plugin. -->","yoast_head_json":{"title":"Dur\u00e9e de location - Trottinette \u00e9lectrique","robots":{"index":"index","follow":"follow","max-snippet":"max-snippet:-1","max-image-preview":"max-image-preview:large","max-video-preview":"max-video-preview:-1"},"canonical":"https:\/\/stelfia.com\/de\/duree-de-location\/","og_locale":"de_DE","og_type":"article","og_title":"Dur\u00e9e de location - Trottinette \u00e9lectrique","og_description":"Dur\u00e9e et prix de location Dur\u00e9e Prix Un jour 35 CHF Un weekend 55 CHF Une semaine 95 CHF Deux","og_url":"https:\/\/stelfia.com\/de\/duree-de-location\/","og_site_name":"Trottinette \u00e9lectrique","article_modified_time":"2025-02-20T14:34:49+00:00","twitter_card":"summary_large_image","twitter_misc":{"Gesch\u00e4tzte Lesezeit":"1\u00a0Minute"},"schema":{"@context":"https:\/\/schema.org","@graph":[{"@type":"WebPage","@id":"https:\/\/stelfia.com\/duree-de-location\/","url":"https:\/\/stelfia.com\/duree-de-location\/","name":"Dur\u00e9e de location - Trottinette \u00e9lectrique","isPartOf":{"@id":"https:\/\/stelfia.com\/#website"},"datePublished":"2023-03-02T14:39:52+00:00","dateModified":"2025-02-20T14:34:49+00:00","breadcrumb":{"@id":"https:\/\/stelfia.com\/duree-de-location\/#breadcrumb"},"inLanguage":"de","potentialAction":[{"@type":"ReadAction","target":["https:\/\/stelfia.com\/duree-de-location\/"]}]},{"@type":"BreadcrumbList","@id":"https:\/\/stelfia.com\/duree-de-location\/#breadcrumb","itemListElement":[{"@type":"ListItem","position":1,"name":"Accueil","item":"https:\/\/stelfia.com\/"},{"@type":"ListItem","position":2,"name":"Dur\u00e9e de location"}]},{"@type":"WebSite","@id":"https:\/\/stelfia.com\/#website","url":"https:\/\/stelfia.com\/","name":"Elektroroller","description":"Trottinette \u00e9lectrique en Suisse romande","publisher":{"@id":"https:\/\/stelfia.com\/#organization"},"potentialAction":[{"@type":"SearchAction","target":{"@type":"EntryPoint","urlTemplate":"https:\/\/stelfia.com\/?s={search_term_string}"},"query-input":{"@type":"PropertyValueSpecification","valueRequired":true,"valueName":"search_term_string"}}],"inLanguage":"de"},{"@type":"Organization","@id":"https:\/\/stelfia.com\/#organization","name":"Trottinette \u00e9lectrique lausanne","url":"https:\/\/stelfia.com\/","logo":{"@type":"ImageObject","inLanguage":"de","@id":"https:\/\/stelfia.com\/#\/schema\/logo\/image\/","url":"https:\/\/stelfia.com\/wp-content\/uploads\/2023\/02\/logonew-removebg-preview.png","contentUrl":"https:\/\/stelfia.com\/wp-content\/uploads\/2023\/02\/logonew-removebg-preview.png","width":238,"height":100,"caption":"Trottinette \u00e9lectrique lausanne"},"image":{"@id":"https:\/\/stelfia.com\/#\/schema\/logo\/image\/"}}]}},"_links":{"self":[{"href":"https:\/\/stelfia.com\/de\/wp-json\/wp\/v2\/pages\/8806","targetHints":{"allow":["GET"]}}],"collection":[{"href":"https:\/\/stelfia.com\/de\/wp-json\/wp\/v2\/pages"}],"about":[{"href":"https:\/\/stelfia.com\/de\/wp-json\/wp\/v2\/types\/page"}],"author":[{"embeddable":true,"href":"https:\/\/stelfia.com\/de\/wp-json\/wp\/v2\/users\/2"}],"replies":[{"embeddable":true,"href":"https:\/\/stelfia.com\/de\/wp-json\/wp\/v2\/comments?post=8806"}],"version-history":[{"count":0,"href":"https:\/\/stelfia.com\/de\/wp-json\/wp\/v2\/pages\/8806\/revisions"}],"wp:attachment":[{"href":"https:\/\/stelfia.com\/de\/wp-json\/wp\/v2\/media?parent=8806"}],"curies":[{"name":"wp","href":"https:\/\/api.w.org\/{rel}","templated":true}]}}